{"id":6463,"date":"2020-04-25T14:43:56","date_gmt":"2020-04-25T12:43:56","guid":{"rendered":"https:\/\/isve.com\/?page_id=6463"},"modified":"2025-04-08T15:52:31","modified_gmt":"2025-04-08T13:52:31","slug":"trituratore","status":"publish","type":"page","link":"https:\/\/isve.com\/it\/riciclaggio-industriale\/trituratore\/","title":{"rendered":"Trituratore ISVE"},"content":{"rendered":"<h2><strong>Trituratore industriale a 2 e 4 alberi<\/strong><\/h2>\n<p>Il <strong>trituratore<\/strong> ISVE \u00e8 una macchina studiata per triturare tutti i tipi di rifiuti sia urbani che industriali, come ad esempio plastiche, carta e cartone, legno ed imballaggi, gusci e noccioli di frutta, sfridi di pelle e cuoio, cortecce, lattine, copertoni, ramaglie, ecc.<\/p>\n<p>I modelli di <strong>trituratore<\/strong> vanno dal pi\u00f9 piccolo e semplice (5,5 kW) a quello con bocca di carico di maggiori dimensioni e pi\u00f9 alte prestazioni, con potenza installata fino a 200 kW. La sezione del sito &#8220;videogallery&#8221; \u00e8 a dimostrazione visiva di questa versatilit\u00e0.<\/p>\n<p>&nbsp;<\/p>\n<p><img fetchpriority=\"high\" decoding=\"async\" class=\"alignnone size-full wp-image-512\" src=\"https:\/\/isve.com\/wp-content\/uploads\/trituratori_2_alberi.jpg\" alt=\"trituratore\" width=\"1400\" height=\"972\" srcset=\"https:\/\/isve.com\/wp-content\/uploads\/trituratori_2_alberi.jpg 1400w, https:\/\/isve.com\/wp-content\/uploads\/trituratori_2_alberi-600x417.jpg 600w, https:\/\/isve.com\/wp-content\/uploads\/trituratori_2_alberi-768x533.jpg 768w, https:\/\/isve.com\/wp-content\/uploads\/trituratori_2_alberi-1024x711.jpg 1024w\" sizes=\"(max-width: 1400px) 100vw, 1400px\" \/><\/p>\n<h2><strong><a title=\"trituratore\" href=\"https:\/\/isve.comfunzionamento-e-caratteristiche-del-trituratore-bialbero\/\">Trituratore a 2 alberi<\/a><\/strong><\/h2>\n<p>Il <strong>trituratore pesante a 2 alberi<\/strong> con caricamento a tramoggia \u00e8 dotato di alta coppia di taglio a bassa velocit\u00e0 di rotazione per minore assorbimento di energia e maggiore silenziosit\u00e0.<\/p>\n<p>Il gruppo di macinazione del trituratore \u00e8 progettato per la massima produttivit\u00e0 e regolarit\u00e0 di funzionamento, con utensili in acciaio altamente legato antiusura di elevato spessore. Se sottoposta a carichi eccessivi il trituratore effettua automaticamente l\u2019inversione temporanea del movimento delle lame per prevenire sovraccarichi. Controllo elettronico a mezzo PLC. Vasta gamma di accessori per agevolare le operazioni di carico e scarico.<\/p>\n<p>La macchina \u00e8 composta da un <strong>trituratore a due alberi<\/strong> a lame rotanti ed a pettini distanziatori.<\/p>\n<p>Una volta introdotto il materiale in tramoggia ed avviato l\u2019impianto, il trituratore provvede alla presa ed al taglio grossolano dello scarto. Grazie all\u2019elevata coppia disponibile ed alle diverse conformazioni del gruppo frese, si possono triturare corpi di materiale diverso. Tutto il processo \u00e8 regolato in automatico da un PLC di controllo, programmabile dall\u2019apposito frontalino con display presente sul quadro elettrico.<\/p>\n<p><a title=\"trituratore\" href=\"https:\/\/isve.comfunzionamento-e-caratteristiche-del-trituratore-bialbero\/\">SCOPRI DI PIU&#8217;<\/a><\/p>\n<p>&nbsp;<\/p>\n<hr>\n<h2><img decoding=\"async\" class=\"alignnone size-full wp-image-666\" src=\"https:\/\/isve.com\/wp-content\/uploads\/trituratori_4_alberi.jpg\" alt=\"trituratore\" width=\"1400\" height=\"972\" srcset=\"https:\/\/isve.com\/wp-content\/uploads\/trituratori_4_alberi.jpg 1400w, https:\/\/isve.com\/wp-content\/uploads\/trituratori_4_alberi-600x417.jpg 600w, https:\/\/isve.com\/wp-content\/uploads\/trituratori_4_alberi-768x533.jpg 768w, https:\/\/isve.com\/wp-content\/uploads\/trituratori_4_alberi-1024x711.jpg 1024w\" sizes=\"(max-width: 1400px) 100vw, 1400px\" \/><\/h2>\n<h2><strong><a title=\"trituratore\" href=\"https:\/\/isve.comfunzionamento-e-caratteristiche-del-trituratore-a-4-alberi\/\">Trituratore a 4 alberi per scarti ingombranti<\/a><\/strong><\/h2>\n<p>Il <strong>trituratore<\/strong> ISVE a 4 alberi \u00e8 adatto alle piccole e medie aziende, permette di ridurre i volumi degli scarti di lavorazione per il riutilizzo o per lo smaltimento, con minimo assorbimento di potenza, poca rumorosit\u00e0 ed alta affidabilit\u00e0. Dotato di PLC di controllo per regolarne il funzionamento, \u00e8 accessoriabile con griglia intercambiabile per determinare la pezzatura finale del macinato. Pu\u00f2 operare con materie plastiche, cartone, legna, imballaggi, sfridi di pelle e cuoio, cortecce, lattine, ramaglie ed altro. La manutenzione \u00e8 eseguibile direttamente dall\u2019utente con dotazione di chiavi specifiche e manuale tecnico.<\/p>\n<p>Il tradizionale <strong>trituratore industriale a 4 alberi<\/strong> \u00e8 la linea classica di macchine per la macinazione proposta da I.S.V.E. da pi\u00f9 di 10 anni.<\/p>\n<p>Pu\u00f2 essere utilizzato per ridurre i volumi degli scarti della lavorazione di: materie plastiche ingombranti (bidoni, cassette, paraurti,ecc.), cartone, legna, imballaggi, gusci e noccioli di frutta, sfridi di pelle e cuoio, cortecce, lattine in alluminio e ferro, copertoni di autovettura, ramaglie, ed altro.<\/p>\n<p><a title=\"trituratore\" href=\"https:\/\/isve.comfunzionamento-e-caratteristiche-del-trituratore-a-4-alberi\/\">SCOPRI DI PIU&#8217;<\/a><\/p>\n<p>&nbsp;<\/p>\n<hr>\n<p><a title=\"trituratore\" href=\"https:\/\/isve.comisve-group\/\">Scopri ISVE GROUP<\/a><\/p>\n","protected":false},"excerpt":{"rendered":"<p>Trituratore industriale a 2 e 4 alberi Il trituratore ISVE \u00e8 una macchina studiata per triturare tutti i tipi di rifiuti sia urbani che industriali, come ad esempio plastiche, carta e cartone, legno ed imballaggi, gusci e noccioli di frutta, sfridi di pelle e cuoio, cortecce, lattine, copertoni, ramaglie, ecc. I modelli di trituratore vanno&hellip;<\/p>\n","protected":false},"author":1,"featured_media":0,"parent":13384,"menu_order":563,"comment_status":"closed","ping_status":"closed","template":"","meta":{"_acf_changed":false,"footnotes":""},"tags":[3455],"impaginazione":[],"divisione":[3689],"categorie_modelli":[],"class_list":["post-6463","page","type-page","status-publish","hentry","tag-trituratore","divisione-isve-recycling","description-off"],"acf":[],"yoast_head":"<!-- This site is optimized with the Yoast SEO plugin v27.4 - https:\/\/yoast.com\/product\/yoast-seo-wordpress\/ -->\n<title>Trituratore - Trituratore industriale - ISVE RECYCLING<\/title>\n<meta name=\"description\" content=\"Il trituratore ISVE \u00e8 studiato per triturare tutti i tipi di rifiuti urbani e industriali, come plastiche, carta e cartone, legno ed imballaggi...\" \/>\n<meta name=\"robots\" content=\"index, follow, max-snippet:-1, max-image-preview:large, max-video-preview:-1\" \/>\n<link rel=\"canonical\" href=\"https:\/\/isve.com\/it\/riciclaggio-industriale\/trituratore\/\" \/>\n<meta property=\"og:locale\" content=\"it_IT\" \/>\n<meta property=\"og:type\" content=\"article\" \/>\n<meta property=\"og:title\" content=\"Trituratore - Trituratore industriale - ISVE RECYCLING\" \/>\n<meta property=\"og:description\" content=\"Il trituratore ISVE \u00e8 studiato per triturare tutti i tipi di rifiuti urbani e industriali, come plastiche, carta e cartone, legno ed imballaggi...\" \/>\n<meta property=\"og:url\" content=\"https:\/\/isve.com\/it\/riciclaggio-industriale\/trituratore\/\" \/>\n<meta property=\"og:site_name\" content=\"ISVE SpA - Trattamento legno - Riciclaggio - Macinatori Trituratori\" \/>\n<meta property=\"article:modified_time\" content=\"2025-04-08T13:52:31+00:00\" \/>\n<meta property=\"og:image\" content=\"https:\/\/isve.com\/wp-content\/uploads\/trituratori_2_alberi.jpg\" \/>\n<meta name=\"twitter:card\" content=\"summary_large_image\" \/>\n<meta name=\"twitter:label1\" content=\"Tempo di lettura stimato\" \/>\n\t<meta name=\"twitter:data1\" content=\"2 minuti\" \/>\n<script type=\"application\/ld+json\" class=\"yoast-schema-graph\">{\"@context\":\"https:\\\/\\\/schema.org\",\"@graph\":[{\"@type\":\"WebPage\",\"@id\":\"https:\\\/\\\/isve.com\\\/it\\\/riciclaggio-industriale\\\/trituratore\\\/\",\"url\":\"https:\\\/\\\/isve.com\\\/it\\\/riciclaggio-industriale\\\/trituratore\\\/\",\"name\":\"Trituratore - Trituratore industriale - ISVE RECYCLING\",\"isPartOf\":{\"@id\":\"https:\\\/\\\/isve.com\\\/it\\\/#website\"},\"primaryImageOfPage\":{\"@id\":\"https:\\\/\\\/isve.com\\\/it\\\/riciclaggio-industriale\\\/trituratore\\\/#primaryimage\"},\"image\":{\"@id\":\"https:\\\/\\\/isve.com\\\/it\\\/riciclaggio-industriale\\\/trituratore\\\/#primaryimage\"},\"thumbnailUrl\":\"https:\\\/\\\/isve.com\\\/wp-content\\\/uploads\\\/trituratori_2_alberi.jpg\",\"datePublished\":\"2020-04-25T12:43:56+00:00\",\"dateModified\":\"2025-04-08T13:52:31+00:00\",\"description\":\"Il trituratore ISVE \u00e8 studiato per triturare tutti i tipi di rifiuti urbani e industriali, come plastiche, carta e cartone, legno ed imballaggi...\",\"breadcrumb\":{\"@id\":\"https:\\\/\\\/isve.com\\\/it\\\/riciclaggio-industriale\\\/trituratore\\\/#breadcrumb\"},\"inLanguage\":\"it-IT\",\"potentialAction\":[{\"@type\":\"ReadAction\",\"target\":[\"https:\\\/\\\/isve.com\\\/it\\\/riciclaggio-industriale\\\/trituratore\\\/\"]}]},{\"@type\":\"ImageObject\",\"inLanguage\":\"it-IT\",\"@id\":\"https:\\\/\\\/isve.com\\\/it\\\/riciclaggio-industriale\\\/trituratore\\\/#primaryimage\",\"url\":\"https:\\\/\\\/isve.com\\\/wp-content\\\/uploads\\\/trituratori_2_alberi.jpg\",\"contentUrl\":\"https:\\\/\\\/isve.com\\\/wp-content\\\/uploads\\\/trituratori_2_alberi.jpg\"},{\"@type\":\"BreadcrumbList\",\"@id\":\"https:\\\/\\\/isve.com\\\/it\\\/riciclaggio-industriale\\\/trituratore\\\/#breadcrumb\",\"itemListElement\":[{\"@type\":\"ListItem\",\"position\":1,\"name\":\"Home\",\"item\":\"https:\\\/\\\/isve.com\\\/it\\\/\"},{\"@type\":\"ListItem\",\"position\":2,\"name\":\"Recycling Equipment\",\"item\":\"https:\\\/\\\/isve.com\\\/it\\\/riciclaggio-industriale\\\/\"},{\"@type\":\"ListItem\",\"position\":3,\"name\":\"Trituratore ISVE\"}]},{\"@type\":\"WebSite\",\"@id\":\"https:\\\/\\\/isve.com\\\/it\\\/#website\",\"url\":\"https:\\\/\\\/isve.com\\\/it\\\/\",\"name\":\"ISVE S.p.A.\",\"description\":\"Sistemi per trattamento del legno e triturazione macinazione granulazione\",\"publisher\":{\"@id\":\"https:\\\/\\\/isve.com\\\/it\\\/#organization\"},\"potentialAction\":[{\"@type\":\"SearchAction\",\"target\":{\"@type\":\"EntryPoint\",\"urlTemplate\":\"https:\\\/\\\/isve.com\\\/it\\\/?s={search_term_string}\"},\"query-input\":{\"@type\":\"PropertyValueSpecification\",\"valueRequired\":true,\"valueName\":\"search_term_string\"}}],\"inLanguage\":\"it-IT\"},{\"@type\":\"Organization\",\"@id\":\"https:\\\/\\\/isve.com\\\/it\\\/#organization\",\"name\":\"ISVE S.p.A.\",\"url\":\"https:\\\/\\\/isve.com\\\/it\\\/\",\"logo\":{\"@type\":\"ImageObject\",\"inLanguage\":\"it-IT\",\"@id\":\"https:\\\/\\\/isve.com\\\/it\\\/#\\\/schema\\\/logo\\\/image\\\/\",\"url\":\"https:\\\/\\\/isve.com\\\/wp-content\\\/uploads\\\/2026\\\/01\\\/logo-isve-spa.png\",\"contentUrl\":\"https:\\\/\\\/isve.com\\\/wp-content\\\/uploads\\\/2026\\\/01\\\/logo-isve-spa.png\",\"width\":600,\"height\":173,\"caption\":\"ISVE S.p.A.\"},\"image\":{\"@id\":\"https:\\\/\\\/isve.com\\\/it\\\/#\\\/schema\\\/logo\\\/image\\\/\"},\"sameAs\":[\"https:\\\/\\\/www.linkedin.com\\\/company\\\/69445471\",\"https:\\\/\\\/www.youtube.com\\\/@isves.p.a.8894\"]}]}<\/script>\n<!-- \/ Yoast SEO plugin. -->","yoast_head_json":{"title":"Trituratore - Trituratore industriale - ISVE RECYCLING","description":"Il trituratore ISVE \u00e8 studiato per triturare tutti i tipi di rifiuti urbani e industriali, come plastiche, carta e cartone, legno ed imballaggi...","robots":{"index":"index","follow":"follow","max-snippet":"max-snippet:-1","max-image-preview":"max-image-preview:large","max-video-preview":"max-video-preview:-1"},"canonical":"https:\/\/isve.com\/it\/riciclaggio-industriale\/trituratore\/","og_locale":"it_IT","og_type":"article","og_title":"Trituratore - Trituratore industriale - ISVE RECYCLING","og_description":"Il trituratore ISVE \u00e8 studiato per triturare tutti i tipi di rifiuti urbani e industriali, come plastiche, carta e cartone, legno ed imballaggi...","og_url":"https:\/\/isve.com\/it\/riciclaggio-industriale\/trituratore\/","og_site_name":"ISVE SpA - Trattamento legno - Riciclaggio - Macinatori Trituratori","article_modified_time":"2025-04-08T13:52:31+00:00","og_image":[{"url":"https:\/\/isve.com\/wp-content\/uploads\/trituratori_2_alberi.jpg","type":"","width":"","height":""}],"twitter_card":"summary_large_image","twitter_misc":{"Tempo di lettura stimato":"2 minuti"},"schema":{"@context":"https:\/\/schema.org","@graph":[{"@type":"WebPage","@id":"https:\/\/isve.com\/it\/riciclaggio-industriale\/trituratore\/","url":"https:\/\/isve.com\/it\/riciclaggio-industriale\/trituratore\/","name":"Trituratore - Trituratore industriale - ISVE RECYCLING","isPartOf":{"@id":"https:\/\/isve.com\/it\/#website"},"primaryImageOfPage":{"@id":"https:\/\/isve.com\/it\/riciclaggio-industriale\/trituratore\/#primaryimage"},"image":{"@id":"https:\/\/isve.com\/it\/riciclaggio-industriale\/trituratore\/#primaryimage"},"thumbnailUrl":"https:\/\/isve.com\/wp-content\/uploads\/trituratori_2_alberi.jpg","datePublished":"2020-04-25T12:43:56+00:00","dateModified":"2025-04-08T13:52:31+00:00","description":"Il trituratore ISVE \u00e8 studiato per triturare tutti i tipi di rifiuti urbani e industriali, come plastiche, carta e cartone, legno ed imballaggi...","breadcrumb":{"@id":"https:\/\/isve.com\/it\/riciclaggio-industriale\/trituratore\/#breadcrumb"},"inLanguage":"it-IT","potentialAction":[{"@type":"ReadAction","target":["https:\/\/isve.com\/it\/riciclaggio-industriale\/trituratore\/"]}]},{"@type":"ImageObject","inLanguage":"it-IT","@id":"https:\/\/isve.com\/it\/riciclaggio-industriale\/trituratore\/#primaryimage","url":"https:\/\/isve.com\/wp-content\/uploads\/trituratori_2_alberi.jpg","contentUrl":"https:\/\/isve.com\/wp-content\/uploads\/trituratori_2_alberi.jpg"},{"@type":"BreadcrumbList","@id":"https:\/\/isve.com\/it\/riciclaggio-industriale\/trituratore\/#breadcrumb","itemListElement":[{"@type":"ListItem","position":1,"name":"Home","item":"https:\/\/isve.com\/it\/"},{"@type":"ListItem","position":2,"name":"Recycling Equipment","item":"https:\/\/isve.com\/it\/riciclaggio-industriale\/"},{"@type":"ListItem","position":3,"name":"Trituratore ISVE"}]},{"@type":"WebSite","@id":"https:\/\/isve.com\/it\/#website","url":"https:\/\/isve.com\/it\/","name":"ISVE S.p.A.","description":"Sistemi per trattamento del legno e triturazione macinazione granulazione","publisher":{"@id":"https:\/\/isve.com\/it\/#organization"},"potentialAction":[{"@type":"SearchAction","target":{"@type":"EntryPoint","urlTemplate":"https:\/\/isve.com\/it\/?s={search_term_string}"},"query-input":{"@type":"PropertyValueSpecification","valueRequired":true,"valueName":"search_term_string"}}],"inLanguage":"it-IT"},{"@type":"Organization","@id":"https:\/\/isve.com\/it\/#organization","name":"ISVE S.p.A.","url":"https:\/\/isve.com\/it\/","logo":{"@type":"ImageObject","inLanguage":"it-IT","@id":"https:\/\/isve.com\/it\/#\/schema\/logo\/image\/","url":"https:\/\/isve.com\/wp-content\/uploads\/2026\/01\/logo-isve-spa.png","contentUrl":"https:\/\/isve.com\/wp-content\/uploads\/2026\/01\/logo-isve-spa.png","width":600,"height":173,"caption":"ISVE S.p.A."},"image":{"@id":"https:\/\/isve.com\/it\/#\/schema\/logo\/image\/"},"sameAs":["https:\/\/www.linkedin.com\/company\/69445471","https:\/\/www.youtube.com\/@isves.p.a.8894"]}]}},"_links":{"self":[{"href":"https:\/\/isve.com\/it\/wp-json\/wp\/v2\/pages\/6463","targetHints":{"allow":["GET"]}}],"collection":[{"href":"https:\/\/isve.com\/it\/wp-json\/wp\/v2\/pages"}],"about":[{"href":"https:\/\/isve.com\/it\/wp-json\/wp\/v2\/types\/page"}],"author":[{"embeddable":true,"href":"https:\/\/isve.com\/it\/wp-json\/wp\/v2\/users\/1"}],"replies":[{"embeddable":true,"href":"https:\/\/isve.com\/it\/wp-json\/wp\/v2\/comments?post=6463"}],"version-history":[{"count":0,"href":"https:\/\/isve.com\/it\/wp-json\/wp\/v2\/pages\/6463\/revisions"}],"up":[{"embeddable":true,"href":"https:\/\/isve.com\/it\/wp-json\/wp\/v2\/pages\/13384"}],"wp:attachment":[{"href":"https:\/\/isve.com\/it\/wp-json\/wp\/v2\/media?parent=6463"}],"wp:term":[{"taxonomy":"post_tag","embeddable":true,"href":"https:\/\/isve.com\/it\/wp-json\/wp\/v2\/tags?post=6463"},{"taxonomy":"impaginazione","embeddable":true,"href":"https:\/\/isve.com\/it\/wp-json\/wp\/v2\/impaginazione?post=6463"},{"taxonomy":"divisione","embeddable":true,"href":"https:\/\/isve.com\/it\/wp-json\/wp\/v2\/divisione?post=6463"},{"taxonomy":"categorie_modelli","embeddable":true,"href":"https:\/\/isve.com\/it\/wp-json\/wp\/v2\/categorie_modelli?post=6463"}],"curies":[{"name":"wp","href":"https:\/\/api.w.org\/{rel}","templated":true}]}}