{"id":1891,"date":"2019-10-09T10:30:57","date_gmt":"2019-10-09T08:30:57","guid":{"rendered":"https:\/\/isve.com\/?page_id=1891"},"modified":"2025-04-09T16:06:12","modified_gmt":"2025-04-09T14:06:12","slug":"tritadocumenti","status":"publish","type":"page","link":"https:\/\/isve.com\/it\/riciclaggio-industriale\/impianti-di-triturazione\/tritadocumenti\/","title":{"rendered":"Tritadocumenti"},"content":{"rendered":"<h2><strong>Macinazione fine della documentazione cartacea: l&#8217;impianto Tritadocumenti.<\/strong><\/h2>\n<p><img decoding=\"async\" class=\"size-full wp-image-1903 alignright\" src=\"https:\/\/isve.com\/wp-content\/uploads\/impianti_macinazione_documenti.jpg\" alt=\"\" width=\"167\" height=\"160\" \/>Nella sua gamma di sistemi Combinati Isve ha realizzato una versione speciale dedicata alla <strong>macinazione di documentazione cartacea<\/strong>.<\/p>\n<p>L&#8217; <strong>impianto tritadocumenti<\/strong> \u00e8 caratterizzato dalla possibilit\u00e0 di garantire facilmente <strong>tutte le 5 tipologie DIN<\/strong> di distruzione, dalla pi\u00f9 grossolana alla pi\u00f9 fine, con delle semplicissime regolazioni. Dal punto di vista dell\u2019utilizzatore, baster\u00e0 caricare la tramoggia ed avviare l\u2019impianto (si possono rovesciare nell\u2019unit\u00e0 di carico <strong>interi scatoloni<\/strong>).<\/p>\n<h2>Macinazione carta<\/h2>\n<p><img decoding=\"async\" class=\"size-full wp-image-1899 alignright\" src=\"https:\/\/isve.com\/wp-content\/uploads\/impianti_tritadocumenti_macinazione_carta.jpg\" alt=\"\" width=\"213\" height=\"160\" \/>La macchina distruggidocumenti provvede alla prima macinazione della carta, riducendone la pezzatura a circa 3-4 cm.<br \/>\nI documenti premacinati sono scaricati in un mulino a lame ad alta velocit\u00e0 per il taglio finale.<br \/>\nFra trituratore e mulino pu\u00f2 essere inserita una piastra magnetica per evitare che l\u2019introduzione accidentale di materiale ferroso danneggi il raffinatore.<\/p>\n<p>Il \u201ccoriandolo\u201d ottenuto da questo processo di taglio \u00e8 aspirato ed insaccato da un elettroventilatore carrellato.<\/p>\n<p>L\u2019emissione di polveri in ambiente \u00e8 ridottissima grazie all\u2019applicazione di particolari cartucce in poliestere applicate sopra il ciclone (rilascio inferiore allo 0,5% per polveri di granulometria compresa tra i 0,2 e 2 micron). L\u2019efficienza della filtrazione \u00e8 garantita da due scuotitori che agendo sulle pieghe del filtro, ne compiono la pulizia scaricando il particolato direttamente nei sacchi di raccolta.<\/p>\n<p>Tutte le funzioni dell\u2019impianto tritadocumenti sono regolate da PLC.<\/p>\n<p>La produttivit\u00e0 del COMBI 50\/66D-GR300 \u00e8 pari a circa 150-250 kg\/h di documentazione cartacea anche rilegata in grossi spessori.<\/p>\n<h2>DESCRIZIONE:<\/h2>\n<p><img decoding=\"async\" class=\"size-full wp-image-1895 alignright\" src=\"https:\/\/isve.com\/wp-content\/uploads\/impianti_tritadocumenti_descrizione.jpg\" alt=\"\" width=\"222\" height=\"192\" \/><\/p>\n<ol>\n<li>Unit\u00e0 di carico<\/li>\n<li>Gruppo trituratore<\/li>\n<li>Box insonorizzato per raffinatore (78-80 dB)<\/li>\n<li>Aspiratore silenziato (80dB)<\/li>\n<li>Box cartucce filtranti autopulenti<\/li>\n<li>Sacchi di raccolta<\/li>\n<\/ol>\n","protected":false},"excerpt":{"rendered":"<p>Macinazione fine della documentazione cartacea: l&#8217;impianto Tritadocumenti. Nella sua gamma di sistemi Combinati Isve ha realizzato una versione speciale dedicata alla macinazione di documentazione cartacea. L&#8217; impianto tritadocumenti \u00e8 caratterizzato dalla possibilit\u00e0 di garantire facilmente tutte le 5 tipologie DIN di distruzione, dalla pi\u00f9 grossolana alla pi\u00f9 fine, con delle semplicissime regolazioni. Dal punto di&hellip;<\/p>\n","protected":false},"author":1,"featured_media":1908,"parent":1885,"menu_order":189,"comment_status":"closed","ping_status":"closed","template":"","meta":{"_acf_changed":false,"footnotes":""},"tags":[435,411,392,407,394,398,393,408,395,388,387,413,410,434,437,436,412,409,439],"impaginazione":[3692],"divisione":[3689],"categorie_modelli":[3699],"class_list":["post-1891","page","type-page","status-publish","has-post-thumbnail","hentry","tag-deferizzazione-carta","tag-granulatori-con-nastri-trasportatori","tag-impianti-completi","tag-impianti-di-macinatori-e-granulatori","tag-impianti-di-macinazione","tag-impianti-di-raffinazione","tag-impianti-di-recupero","tag-impianti-di-trituratori-e-granulatori","tag-impianti-di-triturazione","tag-linee-dedicate","tag-linee-di-lavorazione","tag-macinatore-con-nastro-trasportatore","tag-macinatori-con-nastri-trasportatori","tag-macinazione-carta","tag-macinazione-contenitori","tag-raffinazione-carta","tag-trituratore-con-nastro-trasportatore","tag-trituratori-con-nastri-trasportatori","tag-triturazione-contenitori","impaginazione-modello-prodotto","divisione-isve-recycling","categorie_modelli-impianti-di-triturazione","description-off"],"acf":[],"yoast_head":"<!-- This site is optimized with the Yoast SEO plugin v27.4 - https:\/\/yoast.com\/product\/yoast-seo-wordpress\/ -->\n<title>Tritadocumenti - ISVE SpA - Trattamento legno - Riciclaggio - Macinatori Trituratori<\/title>\n<meta name=\"robots\" content=\"index, follow, max-snippet:-1, max-image-preview:large, max-video-preview:-1\" \/>\n<link rel=\"canonical\" href=\"https:\/\/isve.com\/it\/riciclaggio-industriale\/impianti-di-triturazione\/tritadocumenti\/\" \/>\n<meta property=\"og:locale\" content=\"it_IT\" \/>\n<meta property=\"og:type\" content=\"article\" \/>\n<meta property=\"og:title\" content=\"Tritadocumenti - ISVE SpA - Trattamento legno - Riciclaggio - Macinatori Trituratori\" \/>\n<meta property=\"og:description\" content=\"Macinazione fine della documentazione cartacea: l&#8217;impianto Tritadocumenti. Nella sua gamma di sistemi Combinati Isve ha realizzato una versione speciale dedicata alla macinazione di documentazione cartacea. L&#8217; impianto tritadocumenti \u00e8 caratterizzato dalla possibilit\u00e0 di garantire facilmente tutte le 5 tipologie DIN di distruzione, dalla pi\u00f9 grossolana alla pi\u00f9 fine, con delle semplicissime regolazioni. Dal punto di&hellip;\" \/>\n<meta property=\"og:url\" content=\"https:\/\/isve.com\/it\/riciclaggio-industriale\/impianti-di-triturazione\/tritadocumenti\/\" \/>\n<meta property=\"og:site_name\" content=\"ISVE SpA - Trattamento legno - Riciclaggio - Macinatori Trituratori\" \/>\n<meta property=\"article:modified_time\" content=\"2025-04-09T14:06:12+00:00\" \/>\n<meta property=\"og:image\" content=\"https:\/\/isve.com\/wp-content\/uploads\/impianti_tritadocumenti.jpg\" \/>\n\t<meta property=\"og:image:width\" content=\"1600\" \/>\n\t<meta property=\"og:image:height\" content=\"649\" \/>\n\t<meta property=\"og:image:type\" content=\"image\/jpeg\" \/>\n<meta name=\"twitter:card\" content=\"summary_large_image\" \/>\n<meta name=\"twitter:label1\" content=\"Tempo di lettura stimato\" \/>\n\t<meta name=\"twitter:data1\" content=\"1 minuto\" \/>\n<script type=\"application\/ld+json\" class=\"yoast-schema-graph\">{\"@context\":\"https:\\\/\\\/schema.org\",\"@graph\":[{\"@type\":\"WebPage\",\"@id\":\"https:\\\/\\\/isve.com\\\/it\\\/riciclaggio-industriale\\\/impianti-di-triturazione\\\/tritadocumenti\\\/\",\"url\":\"https:\\\/\\\/isve.com\\\/it\\\/riciclaggio-industriale\\\/impianti-di-triturazione\\\/tritadocumenti\\\/\",\"name\":\"Tritadocumenti - ISVE SpA - Trattamento legno - Riciclaggio - Macinatori Trituratori\",\"isPartOf\":{\"@id\":\"https:\\\/\\\/isve.com\\\/it\\\/#website\"},\"primaryImageOfPage\":{\"@id\":\"https:\\\/\\\/isve.com\\\/it\\\/riciclaggio-industriale\\\/impianti-di-triturazione\\\/tritadocumenti\\\/#primaryimage\"},\"image\":{\"@id\":\"https:\\\/\\\/isve.com\\\/it\\\/riciclaggio-industriale\\\/impianti-di-triturazione\\\/tritadocumenti\\\/#primaryimage\"},\"thumbnailUrl\":\"https:\\\/\\\/isve.com\\\/wp-content\\\/uploads\\\/impianti_tritadocumenti.jpg\",\"datePublished\":\"2019-10-09T08:30:57+00:00\",\"dateModified\":\"2025-04-09T14:06:12+00:00\",\"breadcrumb\":{\"@id\":\"https:\\\/\\\/isve.com\\\/it\\\/riciclaggio-industriale\\\/impianti-di-triturazione\\\/tritadocumenti\\\/#breadcrumb\"},\"inLanguage\":\"it-IT\",\"potentialAction\":[{\"@type\":\"ReadAction\",\"target\":[\"https:\\\/\\\/isve.com\\\/it\\\/riciclaggio-industriale\\\/impianti-di-triturazione\\\/tritadocumenti\\\/\"]}]},{\"@type\":\"ImageObject\",\"inLanguage\":\"it-IT\",\"@id\":\"https:\\\/\\\/isve.com\\\/it\\\/riciclaggio-industriale\\\/impianti-di-triturazione\\\/tritadocumenti\\\/#primaryimage\",\"url\":\"https:\\\/\\\/isve.com\\\/wp-content\\\/uploads\\\/impianti_tritadocumenti.jpg\",\"contentUrl\":\"https:\\\/\\\/isve.com\\\/wp-content\\\/uploads\\\/impianti_tritadocumenti.jpg\",\"width\":1600,\"height\":649},{\"@type\":\"BreadcrumbList\",\"@id\":\"https:\\\/\\\/isve.com\\\/it\\\/riciclaggio-industriale\\\/impianti-di-triturazione\\\/tritadocumenti\\\/#breadcrumb\",\"itemListElement\":[{\"@type\":\"ListItem\",\"position\":1,\"name\":\"Home\",\"item\":\"https:\\\/\\\/isve.com\\\/it\\\/\"},{\"@type\":\"ListItem\",\"position\":2,\"name\":\"Recycling Equipment\",\"item\":\"https:\\\/\\\/isve.com\\\/it\\\/riciclaggio-industriale\\\/\"},{\"@type\":\"ListItem\",\"position\":3,\"name\":\"Impianti di triturazione ISVE &#8211; Linee dedicate\",\"item\":\"https:\\\/\\\/isve.com\\\/it\\\/riciclaggio-industriale\\\/impianti-di-triturazione\\\/\"},{\"@type\":\"ListItem\",\"position\":4,\"name\":\"Tritadocumenti\"}]},{\"@type\":\"WebSite\",\"@id\":\"https:\\\/\\\/isve.com\\\/it\\\/#website\",\"url\":\"https:\\\/\\\/isve.com\\\/it\\\/\",\"name\":\"ISVE S.p.A.\",\"description\":\"Sistemi per trattamento del legno e triturazione macinazione granulazione\",\"publisher\":{\"@id\":\"https:\\\/\\\/isve.com\\\/it\\\/#organization\"},\"potentialAction\":[{\"@type\":\"SearchAction\",\"target\":{\"@type\":\"EntryPoint\",\"urlTemplate\":\"https:\\\/\\\/isve.com\\\/it\\\/?s={search_term_string}\"},\"query-input\":{\"@type\":\"PropertyValueSpecification\",\"valueRequired\":true,\"valueName\":\"search_term_string\"}}],\"inLanguage\":\"it-IT\"},{\"@type\":\"Organization\",\"@id\":\"https:\\\/\\\/isve.com\\\/it\\\/#organization\",\"name\":\"ISVE S.p.A.\",\"url\":\"https:\\\/\\\/isve.com\\\/it\\\/\",\"logo\":{\"@type\":\"ImageObject\",\"inLanguage\":\"it-IT\",\"@id\":\"https:\\\/\\\/isve.com\\\/it\\\/#\\\/schema\\\/logo\\\/image\\\/\",\"url\":\"https:\\\/\\\/isve.com\\\/wp-content\\\/uploads\\\/2026\\\/01\\\/logo-isve-spa.png\",\"contentUrl\":\"https:\\\/\\\/isve.com\\\/wp-content\\\/uploads\\\/2026\\\/01\\\/logo-isve-spa.png\",\"width\":600,\"height\":173,\"caption\":\"ISVE S.p.A.\"},\"image\":{\"@id\":\"https:\\\/\\\/isve.com\\\/it\\\/#\\\/schema\\\/logo\\\/image\\\/\"},\"sameAs\":[\"https:\\\/\\\/www.linkedin.com\\\/company\\\/69445471\",\"https:\\\/\\\/www.youtube.com\\\/@isves.p.a.8894\"]}]}<\/script>\n<!-- \/ Yoast SEO plugin. -->","yoast_head_json":{"title":"Tritadocumenti - ISVE SpA - Trattamento legno - Riciclaggio - Macinatori Trituratori","robots":{"index":"index","follow":"follow","max-snippet":"max-snippet:-1","max-image-preview":"max-image-preview:large","max-video-preview":"max-video-preview:-1"},"canonical":"https:\/\/isve.com\/it\/riciclaggio-industriale\/impianti-di-triturazione\/tritadocumenti\/","og_locale":"it_IT","og_type":"article","og_title":"Tritadocumenti - ISVE SpA - Trattamento legno - Riciclaggio - Macinatori Trituratori","og_description":"Macinazione fine della documentazione cartacea: l&#8217;impianto Tritadocumenti. Nella sua gamma di sistemi Combinati Isve ha realizzato una versione speciale dedicata alla macinazione di documentazione cartacea. L&#8217; impianto tritadocumenti \u00e8 caratterizzato dalla possibilit\u00e0 di garantire facilmente tutte le 5 tipologie DIN di distruzione, dalla pi\u00f9 grossolana alla pi\u00f9 fine, con delle semplicissime regolazioni. Dal punto di&hellip;","og_url":"https:\/\/isve.com\/it\/riciclaggio-industriale\/impianti-di-triturazione\/tritadocumenti\/","og_site_name":"ISVE SpA - Trattamento legno - Riciclaggio - Macinatori Trituratori","article_modified_time":"2025-04-09T14:06:12+00:00","og_image":[{"width":1600,"height":649,"url":"https:\/\/isve.com\/wp-content\/uploads\/impianti_tritadocumenti.jpg","type":"image\/jpeg"}],"twitter_card":"summary_large_image","twitter_misc":{"Tempo di lettura stimato":"1 minuto"},"schema":{"@context":"https:\/\/schema.org","@graph":[{"@type":"WebPage","@id":"https:\/\/isve.com\/it\/riciclaggio-industriale\/impianti-di-triturazione\/tritadocumenti\/","url":"https:\/\/isve.com\/it\/riciclaggio-industriale\/impianti-di-triturazione\/tritadocumenti\/","name":"Tritadocumenti - ISVE SpA - Trattamento legno - Riciclaggio - Macinatori Trituratori","isPartOf":{"@id":"https:\/\/isve.com\/it\/#website"},"primaryImageOfPage":{"@id":"https:\/\/isve.com\/it\/riciclaggio-industriale\/impianti-di-triturazione\/tritadocumenti\/#primaryimage"},"image":{"@id":"https:\/\/isve.com\/it\/riciclaggio-industriale\/impianti-di-triturazione\/tritadocumenti\/#primaryimage"},"thumbnailUrl":"https:\/\/isve.com\/wp-content\/uploads\/impianti_tritadocumenti.jpg","datePublished":"2019-10-09T08:30:57+00:00","dateModified":"2025-04-09T14:06:12+00:00","breadcrumb":{"@id":"https:\/\/isve.com\/it\/riciclaggio-industriale\/impianti-di-triturazione\/tritadocumenti\/#breadcrumb"},"inLanguage":"it-IT","potentialAction":[{"@type":"ReadAction","target":["https:\/\/isve.com\/it\/riciclaggio-industriale\/impianti-di-triturazione\/tritadocumenti\/"]}]},{"@type":"ImageObject","inLanguage":"it-IT","@id":"https:\/\/isve.com\/it\/riciclaggio-industriale\/impianti-di-triturazione\/tritadocumenti\/#primaryimage","url":"https:\/\/isve.com\/wp-content\/uploads\/impianti_tritadocumenti.jpg","contentUrl":"https:\/\/isve.com\/wp-content\/uploads\/impianti_tritadocumenti.jpg","width":1600,"height":649},{"@type":"BreadcrumbList","@id":"https:\/\/isve.com\/it\/riciclaggio-industriale\/impianti-di-triturazione\/tritadocumenti\/#breadcrumb","itemListElement":[{"@type":"ListItem","position":1,"name":"Home","item":"https:\/\/isve.com\/it\/"},{"@type":"ListItem","position":2,"name":"Recycling Equipment","item":"https:\/\/isve.com\/it\/riciclaggio-industriale\/"},{"@type":"ListItem","position":3,"name":"Impianti di triturazione ISVE &#8211; Linee dedicate","item":"https:\/\/isve.com\/it\/riciclaggio-industriale\/impianti-di-triturazione\/"},{"@type":"ListItem","position":4,"name":"Tritadocumenti"}]},{"@type":"WebSite","@id":"https:\/\/isve.com\/it\/#website","url":"https:\/\/isve.com\/it\/","name":"ISVE S.p.A.","description":"Sistemi per trattamento del legno e triturazione macinazione granulazione","publisher":{"@id":"https:\/\/isve.com\/it\/#organization"},"potentialAction":[{"@type":"SearchAction","target":{"@type":"EntryPoint","urlTemplate":"https:\/\/isve.com\/it\/?s={search_term_string}"},"query-input":{"@type":"PropertyValueSpecification","valueRequired":true,"valueName":"search_term_string"}}],"inLanguage":"it-IT"},{"@type":"Organization","@id":"https:\/\/isve.com\/it\/#organization","name":"ISVE S.p.A.","url":"https:\/\/isve.com\/it\/","logo":{"@type":"ImageObject","inLanguage":"it-IT","@id":"https:\/\/isve.com\/it\/#\/schema\/logo\/image\/","url":"https:\/\/isve.com\/wp-content\/uploads\/2026\/01\/logo-isve-spa.png","contentUrl":"https:\/\/isve.com\/wp-content\/uploads\/2026\/01\/logo-isve-spa.png","width":600,"height":173,"caption":"ISVE S.p.A."},"image":{"@id":"https:\/\/isve.com\/it\/#\/schema\/logo\/image\/"},"sameAs":["https:\/\/www.linkedin.com\/company\/69445471","https:\/\/www.youtube.com\/@isves.p.a.8894"]}]}},"_links":{"self":[{"href":"https:\/\/isve.com\/it\/wp-json\/wp\/v2\/pages\/1891","targetHints":{"allow":["GET"]}}],"collection":[{"href":"https:\/\/isve.com\/it\/wp-json\/wp\/v2\/pages"}],"about":[{"href":"https:\/\/isve.com\/it\/wp-json\/wp\/v2\/types\/page"}],"author":[{"embeddable":true,"href":"https:\/\/isve.com\/it\/wp-json\/wp\/v2\/users\/1"}],"replies":[{"embeddable":true,"href":"https:\/\/isve.com\/it\/wp-json\/wp\/v2\/comments?post=1891"}],"version-history":[{"count":0,"href":"https:\/\/isve.com\/it\/wp-json\/wp\/v2\/pages\/1891\/revisions"}],"up":[{"embeddable":true,"href":"https:\/\/isve.com\/it\/wp-json\/wp\/v2\/pages\/1885"}],"wp:featuredmedia":[{"embeddable":true,"href":"https:\/\/isve.com\/it\/wp-json\/wp\/v2\/media\/1908"}],"wp:attachment":[{"href":"https:\/\/isve.com\/it\/wp-json\/wp\/v2\/media?parent=1891"}],"wp:term":[{"taxonomy":"post_tag","embeddable":true,"href":"https:\/\/isve.com\/it\/wp-json\/wp\/v2\/tags?post=1891"},{"taxonomy":"impaginazione","embeddable":true,"href":"https:\/\/isve.com\/it\/wp-json\/wp\/v2\/impaginazione?post=1891"},{"taxonomy":"divisione","embeddable":true,"href":"https:\/\/isve.com\/it\/wp-json\/wp\/v2\/divisione?post=1891"},{"taxonomy":"categorie_modelli","embeddable":true,"href":"https:\/\/isve.com\/it\/wp-json\/wp\/v2\/categorie_modelli?post=1891"}],"curies":[{"name":"wp","href":"https:\/\/api.w.org\/{rel}","templated":true}]}}