{"id":16533,"date":"2020-04-29T11:56:06","date_gmt":"2020-04-29T09:56:06","guid":{"rendered":"https:\/\/isve.com\/trituratori-trituratore-isve\/"},"modified":"2025-05-09T14:51:50","modified_gmt":"2025-05-09T12:51:50","slug":"trituratori-trituratore-isve","status":"publish","type":"page","link":"https:\/\/isve.com\/it\/trituratori-trituratore-isve\/","title":{"rendered":"Trituratori &#8211; Trituratore ISVE"},"content":{"rendered":"<h2><strong>SISTEMI PER TRITURAZIONE &#8211; TRITURATORI &#8211; TRITURATORE ISVE<\/strong><\/h2>\n<h3>La pi\u00f9 ampia gamma di trituratori, macinatori e mulini granulatori presente sul mercato.<\/h3>\n<p><strong>Progettazione e produzione di macchine per la triturazione<\/strong><\/p>\n<p>L&#8217;azienda I.S.V.E progetta e costruisce macchine e impianti per la triturazione, come macinatori monoalbero, trituratori quadrialbero e bialbero, sistemi Combinati e granulatori personalizzabili secondo le esigenze della clientela. I suoi impianti sono ormai da tempo diffusi in tutti i Paesi europei ed anche in numerosi Paesi extraeuropei.<\/p>\n<h2><strong>Trituratori industriali a 2 e 4 alberi<\/strong><\/h2>\n<p>Macchine studiate per triturare tutti i tipi di rifiuti sia urbani che industriali, come ad esempio plastiche, carta e cartone, legno ed imballaggi, gusci e noccioli di frutta, sfridi di pelle e cuoio, cortecce, lattine, copertoni, ramaglie, ecc. I <strong>trituratori industriali<\/strong> vanno dal pi\u00f9 piccolo e semplice (5,5 kW) a quello con bocca di carico di maggiori dimensioni e pi\u00f9 alte prestazioni, con potenza installata fino a 200 kW. La sezione del sito &#8220;videogallery&#8221; \u00e8 a dimostrazione visiva di questa versatilit\u00e0.<\/p>\n<p><a title=\"trituratori industriali - trituratore\" href=\"https:\/\/isve.comisve-recycling\/\">SCOPRI TUTTO<\/a><\/p>\n","protected":false},"excerpt":{"rendered":"<p>SISTEMI PER TRITURAZIONE &#8211; TRITURATORI &#8211; TRITURATORE ISVE La pi\u00f9 ampia gamma di trituratori, macinatori e mulini granulatori presente sul mercato. Progettazione e produzione di macchine per la triturazione L&#8217;azienda I.S.V.E progetta e costruisce macchine e impianti per la triturazione, come macinatori monoalbero, trituratori quadrialbero e bialbero, sistemi Combinati e granulatori personalizzabili secondo le esigenze&hellip;<\/p>\n","protected":false},"author":1,"featured_media":2214,"parent":0,"menu_order":341,"comment_status":"closed","ping_status":"closed","template":"","meta":{"_acf_changed":false,"footnotes":""},"tags":[3455,3766,3479,3767],"impaginazione":[],"divisione":[3688],"categorie_modelli":[],"class_list":["post-16533","page","type-page","status-publish","has-post-thumbnail","hentry","tag-trituratore","tag-trituratore-industriale","tag-trituratori","tag-trituratori-industriali","divisione-isve-group","description-off"],"acf":[],"yoast_head":"<!-- This site is optimized with the Yoast SEO plugin v27.4 - https:\/\/yoast.com\/product\/yoast-seo-wordpress\/ -->\n<title>Trituratori - Trituratore ISVE - ISVE SpA - Trattamento legno - Riciclaggio - Macinatori Trituratori<\/title>\n<meta name=\"robots\" content=\"index, follow, max-snippet:-1, max-image-preview:large, max-video-preview:-1\" \/>\n<link rel=\"canonical\" href=\"https:\/\/isve.com\/it\/trituratori-trituratore-isve\/\" \/>\n<meta property=\"og:locale\" content=\"it_IT\" \/>\n<meta property=\"og:type\" content=\"article\" \/>\n<meta property=\"og:title\" content=\"Trituratori - Trituratore ISVE - ISVE SpA - Trattamento legno - Riciclaggio - Macinatori Trituratori\" \/>\n<meta property=\"og:description\" content=\"SISTEMI PER TRITURAZIONE &#8211; TRITURATORI &#8211; TRITURATORE ISVE La pi\u00f9 ampia gamma di trituratori, macinatori e mulini granulatori presente sul mercato. Progettazione e produzione di macchine per la triturazione L&#8217;azienda I.S.V.E progetta e costruisce macchine e impianti per la triturazione, come macinatori monoalbero, trituratori quadrialbero e bialbero, sistemi Combinati e granulatori personalizzabili secondo le esigenze&hellip;\" \/>\n<meta property=\"og:url\" content=\"https:\/\/isve.com\/it\/trituratori-trituratore-isve\/\" \/>\n<meta property=\"og:site_name\" content=\"ISVE SpA - Trattamento legno - Riciclaggio - Macinatori Trituratori\" \/>\n<meta property=\"article:modified_time\" content=\"2025-05-09T12:51:50+00:00\" \/>\n<meta property=\"og:image\" content=\"https:\/\/isve.com\/wp-content\/uploads\/sistemi-triturazione.jpg\" \/>\n\t<meta property=\"og:image:width\" content=\"1600\" \/>\n\t<meta property=\"og:image:height\" content=\"914\" \/>\n\t<meta property=\"og:image:type\" content=\"image\/jpeg\" \/>\n<meta name=\"twitter:card\" content=\"summary_large_image\" \/>\n<meta name=\"twitter:label1\" content=\"Tempo di lettura stimato\" \/>\n\t<meta name=\"twitter:data1\" content=\"1 minuto\" \/>\n<script type=\"application\/ld+json\" class=\"yoast-schema-graph\">{\"@context\":\"https:\\\/\\\/schema.org\",\"@graph\":[{\"@type\":\"WebPage\",\"@id\":\"https:\\\/\\\/isve.com\\\/it\\\/trituratori-trituratore-isve\\\/\",\"url\":\"https:\\\/\\\/isve.com\\\/it\\\/trituratori-trituratore-isve\\\/\",\"name\":\"Trituratori - Trituratore ISVE - ISVE SpA - Trattamento legno - Riciclaggio - Macinatori Trituratori\",\"isPartOf\":{\"@id\":\"https:\\\/\\\/isve.com\\\/it\\\/#website\"},\"primaryImageOfPage\":{\"@id\":\"https:\\\/\\\/isve.com\\\/it\\\/trituratori-trituratore-isve\\\/#primaryimage\"},\"image\":{\"@id\":\"https:\\\/\\\/isve.com\\\/it\\\/trituratori-trituratore-isve\\\/#primaryimage\"},\"thumbnailUrl\":\"https:\\\/\\\/isve.com\\\/wp-content\\\/uploads\\\/sistemi-triturazione.jpg\",\"datePublished\":\"2020-04-29T09:56:06+00:00\",\"dateModified\":\"2025-05-09T12:51:50+00:00\",\"breadcrumb\":{\"@id\":\"https:\\\/\\\/isve.com\\\/it\\\/trituratori-trituratore-isve\\\/#breadcrumb\"},\"inLanguage\":\"it-IT\",\"potentialAction\":[{\"@type\":\"ReadAction\",\"target\":[\"https:\\\/\\\/isve.com\\\/it\\\/trituratori-trituratore-isve\\\/\"]}]},{\"@type\":\"ImageObject\",\"inLanguage\":\"it-IT\",\"@id\":\"https:\\\/\\\/isve.com\\\/it\\\/trituratori-trituratore-isve\\\/#primaryimage\",\"url\":\"https:\\\/\\\/isve.com\\\/wp-content\\\/uploads\\\/sistemi-triturazione.jpg\",\"contentUrl\":\"https:\\\/\\\/isve.com\\\/wp-content\\\/uploads\\\/sistemi-triturazione.jpg\",\"width\":1600,\"height\":914},{\"@type\":\"BreadcrumbList\",\"@id\":\"https:\\\/\\\/isve.com\\\/it\\\/trituratori-trituratore-isve\\\/#breadcrumb\",\"itemListElement\":[{\"@type\":\"ListItem\",\"position\":1,\"name\":\"Home\",\"item\":\"https:\\\/\\\/isve.com\\\/it\\\/\"},{\"@type\":\"ListItem\",\"position\":2,\"name\":\"Trituratori &#8211; Trituratore ISVE\"}]},{\"@type\":\"WebSite\",\"@id\":\"https:\\\/\\\/isve.com\\\/it\\\/#website\",\"url\":\"https:\\\/\\\/isve.com\\\/it\\\/\",\"name\":\"ISVE S.p.A.\",\"description\":\"Sistemi per trattamento del legno e triturazione macinazione granulazione\",\"publisher\":{\"@id\":\"https:\\\/\\\/isve.com\\\/it\\\/#organization\"},\"potentialAction\":[{\"@type\":\"SearchAction\",\"target\":{\"@type\":\"EntryPoint\",\"urlTemplate\":\"https:\\\/\\\/isve.com\\\/it\\\/?s={search_term_string}\"},\"query-input\":{\"@type\":\"PropertyValueSpecification\",\"valueRequired\":true,\"valueName\":\"search_term_string\"}}],\"inLanguage\":\"it-IT\"},{\"@type\":\"Organization\",\"@id\":\"https:\\\/\\\/isve.com\\\/it\\\/#organization\",\"name\":\"ISVE S.p.A.\",\"url\":\"https:\\\/\\\/isve.com\\\/it\\\/\",\"logo\":{\"@type\":\"ImageObject\",\"inLanguage\":\"it-IT\",\"@id\":\"https:\\\/\\\/isve.com\\\/it\\\/#\\\/schema\\\/logo\\\/image\\\/\",\"url\":\"https:\\\/\\\/isve.com\\\/wp-content\\\/uploads\\\/2026\\\/01\\\/logo-isve-spa.png\",\"contentUrl\":\"https:\\\/\\\/isve.com\\\/wp-content\\\/uploads\\\/2026\\\/01\\\/logo-isve-spa.png\",\"width\":600,\"height\":173,\"caption\":\"ISVE S.p.A.\"},\"image\":{\"@id\":\"https:\\\/\\\/isve.com\\\/it\\\/#\\\/schema\\\/logo\\\/image\\\/\"},\"sameAs\":[\"https:\\\/\\\/www.linkedin.com\\\/company\\\/69445471\",\"https:\\\/\\\/www.youtube.com\\\/@isves.p.a.8894\"]}]}<\/script>\n<!-- \/ Yoast SEO plugin. -->","yoast_head_json":{"title":"Trituratori - Trituratore ISVE - ISVE SpA - Trattamento legno - Riciclaggio - Macinatori Trituratori","robots":{"index":"index","follow":"follow","max-snippet":"max-snippet:-1","max-image-preview":"max-image-preview:large","max-video-preview":"max-video-preview:-1"},"canonical":"https:\/\/isve.com\/it\/trituratori-trituratore-isve\/","og_locale":"it_IT","og_type":"article","og_title":"Trituratori - Trituratore ISVE - ISVE SpA - Trattamento legno - Riciclaggio - Macinatori Trituratori","og_description":"SISTEMI PER TRITURAZIONE &#8211; TRITURATORI &#8211; TRITURATORE ISVE La pi\u00f9 ampia gamma di trituratori, macinatori e mulini granulatori presente sul mercato. Progettazione e produzione di macchine per la triturazione L&#8217;azienda I.S.V.E progetta e costruisce macchine e impianti per la triturazione, come macinatori monoalbero, trituratori quadrialbero e bialbero, sistemi Combinati e granulatori personalizzabili secondo le esigenze&hellip;","og_url":"https:\/\/isve.com\/it\/trituratori-trituratore-isve\/","og_site_name":"ISVE SpA - Trattamento legno - Riciclaggio - Macinatori Trituratori","article_modified_time":"2025-05-09T12:51:50+00:00","og_image":[{"width":1600,"height":914,"url":"https:\/\/isve.com\/wp-content\/uploads\/sistemi-triturazione.jpg","type":"image\/jpeg"}],"twitter_card":"summary_large_image","twitter_misc":{"Tempo di lettura stimato":"1 minuto"},"schema":{"@context":"https:\/\/schema.org","@graph":[{"@type":"WebPage","@id":"https:\/\/isve.com\/it\/trituratori-trituratore-isve\/","url":"https:\/\/isve.com\/it\/trituratori-trituratore-isve\/","name":"Trituratori - Trituratore ISVE - ISVE SpA - Trattamento legno - Riciclaggio - Macinatori Trituratori","isPartOf":{"@id":"https:\/\/isve.com\/it\/#website"},"primaryImageOfPage":{"@id":"https:\/\/isve.com\/it\/trituratori-trituratore-isve\/#primaryimage"},"image":{"@id":"https:\/\/isve.com\/it\/trituratori-trituratore-isve\/#primaryimage"},"thumbnailUrl":"https:\/\/isve.com\/wp-content\/uploads\/sistemi-triturazione.jpg","datePublished":"2020-04-29T09:56:06+00:00","dateModified":"2025-05-09T12:51:50+00:00","breadcrumb":{"@id":"https:\/\/isve.com\/it\/trituratori-trituratore-isve\/#breadcrumb"},"inLanguage":"it-IT","potentialAction":[{"@type":"ReadAction","target":["https:\/\/isve.com\/it\/trituratori-trituratore-isve\/"]}]},{"@type":"ImageObject","inLanguage":"it-IT","@id":"https:\/\/isve.com\/it\/trituratori-trituratore-isve\/#primaryimage","url":"https:\/\/isve.com\/wp-content\/uploads\/sistemi-triturazione.jpg","contentUrl":"https:\/\/isve.com\/wp-content\/uploads\/sistemi-triturazione.jpg","width":1600,"height":914},{"@type":"BreadcrumbList","@id":"https:\/\/isve.com\/it\/trituratori-trituratore-isve\/#breadcrumb","itemListElement":[{"@type":"ListItem","position":1,"name":"Home","item":"https:\/\/isve.com\/it\/"},{"@type":"ListItem","position":2,"name":"Trituratori &#8211; Trituratore ISVE"}]},{"@type":"WebSite","@id":"https:\/\/isve.com\/it\/#website","url":"https:\/\/isve.com\/it\/","name":"ISVE S.p.A.","description":"Sistemi per trattamento del legno e triturazione macinazione granulazione","publisher":{"@id":"https:\/\/isve.com\/it\/#organization"},"potentialAction":[{"@type":"SearchAction","target":{"@type":"EntryPoint","urlTemplate":"https:\/\/isve.com\/it\/?s={search_term_string}"},"query-input":{"@type":"PropertyValueSpecification","valueRequired":true,"valueName":"search_term_string"}}],"inLanguage":"it-IT"},{"@type":"Organization","@id":"https:\/\/isve.com\/it\/#organization","name":"ISVE S.p.A.","url":"https:\/\/isve.com\/it\/","logo":{"@type":"ImageObject","inLanguage":"it-IT","@id":"https:\/\/isve.com\/it\/#\/schema\/logo\/image\/","url":"https:\/\/isve.com\/wp-content\/uploads\/2026\/01\/logo-isve-spa.png","contentUrl":"https:\/\/isve.com\/wp-content\/uploads\/2026\/01\/logo-isve-spa.png","width":600,"height":173,"caption":"ISVE S.p.A."},"image":{"@id":"https:\/\/isve.com\/it\/#\/schema\/logo\/image\/"},"sameAs":["https:\/\/www.linkedin.com\/company\/69445471","https:\/\/www.youtube.com\/@isves.p.a.8894"]}]}},"_links":{"self":[{"href":"https:\/\/isve.com\/it\/wp-json\/wp\/v2\/pages\/16533","targetHints":{"allow":["GET"]}}],"collection":[{"href":"https:\/\/isve.com\/it\/wp-json\/wp\/v2\/pages"}],"about":[{"href":"https:\/\/isve.com\/it\/wp-json\/wp\/v2\/types\/page"}],"author":[{"embeddable":true,"href":"https:\/\/isve.com\/it\/wp-json\/wp\/v2\/users\/1"}],"replies":[{"embeddable":true,"href":"https:\/\/isve.com\/it\/wp-json\/wp\/v2\/comments?post=16533"}],"version-history":[{"count":0,"href":"https:\/\/isve.com\/it\/wp-json\/wp\/v2\/pages\/16533\/revisions"}],"wp:featuredmedia":[{"embeddable":true,"href":"https:\/\/isve.com\/it\/wp-json\/wp\/v2\/media\/2214"}],"wp:attachment":[{"href":"https:\/\/isve.com\/it\/wp-json\/wp\/v2\/media?parent=16533"}],"wp:term":[{"taxonomy":"post_tag","embeddable":true,"href":"https:\/\/isve.com\/it\/wp-json\/wp\/v2\/tags?post=16533"},{"taxonomy":"impaginazione","embeddable":true,"href":"https:\/\/isve.com\/it\/wp-json\/wp\/v2\/impaginazione?post=16533"},{"taxonomy":"divisione","embeddable":true,"href":"https:\/\/isve.com\/it\/wp-json\/wp\/v2\/divisione?post=16533"},{"taxonomy":"categorie_modelli","embeddable":true,"href":"https:\/\/isve.com\/it\/wp-json\/wp\/v2\/categorie_modelli?post=16533"}],"curies":[{"name":"wp","href":"https:\/\/api.w.org\/{rel}","templated":true}]}}