{"id":14644,"date":"2019-12-19T10:25:23","date_gmt":"2019-12-19T09:25:23","guid":{"rendered":"https:\/\/isve.com\/movimentatori-per-tavole-e-cataste-di-legname-photogallery\/"},"modified":"2025-09-07T12:39:12","modified_gmt":"2025-09-07T10:39:12","slug":"movimentatori-per-tavole-e-cataste-di-legname-photogallery","status":"publish","type":"page","link":"https:\/\/isve.com\/it\/trattamento-legno\/movimentatori-per-tavole-e-cataste-di-legname-photogallery\/","title":{"rendered":"Movimentatori per tavole e cataste di legname &#8211; Photogallery"},"content":{"rendered":"<h3>Con i\u00a0<strong>movimentatori per legno a ventosa<\/strong>\u00a0ISVE \u00e8 possibile movimentare in modo rapido e sicuro <strong>tavole<\/strong> ed altri elementi in legno.<\/h3>\n<p>Questi impianti di movimentazione sfruttano la tecnologia del <strong>vuoto<\/strong> per assicurare una <strong>migliore aderenza<\/strong> del <strong>gruppo a ventosa<\/strong> sulla superficie del legno, anche la pi\u00f9 irregolare. Ulteriore punto di forza dei movimentatori per legno \u00e8 la possibilit\u00e0 che i bracci e il sistema di sollevamento siano <strong>filoguidati<\/strong> o <strong>radiocomandati<\/strong> per un controllo perfetto di tutte le operazioni di<strong>\u00a0movimentazione del legname<\/strong>.<\/p>\n<p>&nbsp;<\/p>\n<p><iframe title=\"HANDLING SYSTEM by ISVE WOOD\" width=\"1200\" height=\"675\" src=\"https:\/\/www.youtube.com\/embed\/0zcRcuvygRw?feature=oembed\" frameborder=\"0\" allow=\"accelerometer; autoplay; clipboard-write; encrypted-media; gyroscope; picture-in-picture; web-share\" referrerpolicy=\"strict-origin-when-cross-origin\" allowfullscreen><\/iframe><\/p>\n<p>&nbsp;<\/p>\n\n\t\t<style>\n\t\t\t#gallery-1 {\n\t\t\t\tmargin: auto;\n\t\t\t}\n\t\t\t#gallery-1 .gallery-item {\n\t\t\t\tfloat: left;\n\t\t\t\tmargin-top: 10px;\n\t\t\t\ttext-align: center;\n\t\t\t\twidth: 33%;\n\t\t\t}\n\t\t\t#gallery-1 img {\n\t\t\t\tborder: 2px solid #cfcfcf;\n\t\t\t}\n\t\t\t#gallery-1 .gallery-caption {\n\t\t\t\tmargin-left: 0;\n\t\t\t}\n\t\t\t\/* see gallery_shortcode() in wp-includes\/media.php *\/\n\t\t<\/style>\n\t\t<div id='gallery-1' class='gallery galleryid-14644 gallery-columns-3 gallery-size-thumbnail'><dl class='gallery-item'>\n\t\t\t<dt class='gallery-icon landscape'>\n\t\t\t\t<a href='https:\/\/isve.com\/it\/trattamento-legno\/movimentatori-a-depressione-con-ventose-per-legname\/attachment\/movimentatore-hs2\/'><img decoding=\"async\" width=\"150\" height=\"150\" src=\"https:\/\/isve.com\/wp-content\/uploads\/2025\/09\/movimentatore-hs2-150x150.jpg\" class=\"attachment-thumbnail size-thumbnail\" alt=\"\" \/><\/a>\n\t\t\t<\/dt><\/dl><dl class='gallery-item'>\n\t\t\t<dt class='gallery-icon landscape'>\n\t\t\t\t<a href='https:\/\/isve.com\/it\/trattamento-legno\/movimentatori-a-depressione-con-ventose-per-legname\/attachment\/movimentatore-hs1\/'><img decoding=\"async\" width=\"150\" height=\"150\" src=\"https:\/\/isve.com\/wp-content\/uploads\/2025\/09\/movimentatore-hs1-150x150.jpg\" class=\"attachment-thumbnail size-thumbnail\" alt=\"\" \/><\/a>\n\t\t\t<\/dt><\/dl><dl class='gallery-item'>\n\t\t\t<dt class='gallery-icon landscape'>\n\t\t\t\t<a href='https:\/\/isve.com\/it\/movimentatori-legno-img02-1\/'><img decoding=\"async\" width=\"150\" height=\"150\" src=\"https:\/\/isve.com\/wp-content\/uploads\/2025\/04\/movimentatori-legno-img02-1-150x150.jpg\" class=\"attachment-thumbnail size-thumbnail\" alt=\"\" srcset=\"https:\/\/isve.com\/wp-content\/uploads\/2025\/04\/movimentatori-legno-img02-1-150x150.jpg 150w, https:\/\/isve.com\/wp-content\/uploads\/2025\/04\/movimentatori-legno-img02-1-1000x1000.jpg 1000w, https:\/\/isve.com\/wp-content\/uploads\/2025\/04\/movimentatori-legno-img02-1-200x200.jpg 200w\" sizes=\"(max-width: 150px) 100vw, 150px\" \/><\/a>\n\t\t\t<\/dt><\/dl><br style=\"clear: both\" \/><dl class='gallery-item'>\n\t\t\t<dt class='gallery-icon landscape'>\n\t\t\t\t<a href='https:\/\/isve.com\/it\/2018-movimentatore-pbm-8-200-03\/'><img loading=\"lazy\" decoding=\"async\" width=\"150\" height=\"150\" src=\"https:\/\/isve.com\/wp-content\/uploads\/2025\/04\/2018-movimentatore-pbm-8-200-03-150x150.jpg\" class=\"attachment-thumbnail size-thumbnail\" alt=\"\" srcset=\"https:\/\/isve.com\/wp-content\/uploads\/2025\/04\/2018-movimentatore-pbm-8-200-03-150x150.jpg 150w, https:\/\/isve.com\/wp-content\/uploads\/2025\/04\/2018-movimentatore-pbm-8-200-03-1000x1000.jpg 1000w, https:\/\/isve.com\/wp-content\/uploads\/2025\/04\/2018-movimentatore-pbm-8-200-03-200x200.jpg 200w\" sizes=\"(max-width: 150px) 100vw, 150px\" \/><\/a>\n\t\t\t<\/dt><\/dl><dl class='gallery-item'>\n\t\t\t<dt class='gallery-icon landscape'>\n\t\t\t\t<a href='https:\/\/isve.com\/it\/2018-movimentatore-pbm-8-200\/'><img loading=\"lazy\" decoding=\"async\" width=\"150\" height=\"150\" src=\"https:\/\/isve.com\/wp-content\/uploads\/2025\/04\/2018-movimentatore-pbm-8-200-150x150.jpg\" class=\"attachment-thumbnail size-thumbnail\" alt=\"\" srcset=\"https:\/\/isve.com\/wp-content\/uploads\/2025\/04\/2018-movimentatore-pbm-8-200-150x150.jpg 150w, https:\/\/isve.com\/wp-content\/uploads\/2025\/04\/2018-movimentatore-pbm-8-200-1000x1000.jpg 1000w, https:\/\/isve.com\/wp-content\/uploads\/2025\/04\/2018-movimentatore-pbm-8-200-200x200.jpg 200w\" sizes=\"(max-width: 150px) 100vw, 150px\" \/><\/a>\n\t\t\t<\/dt><\/dl><dl class='gallery-item'>\n\t\t\t<dt class='gallery-icon landscape'>\n\t\t\t\t<a href='https:\/\/isve.com\/it\/2018-movimentatore-pbm-8-200-02\/'><img loading=\"lazy\" decoding=\"async\" width=\"150\" height=\"150\" src=\"https:\/\/isve.com\/wp-content\/uploads\/2025\/04\/2018-movimentatore-pbm-8-200-02-150x150.jpg\" class=\"attachment-thumbnail size-thumbnail\" alt=\"\" srcset=\"https:\/\/isve.com\/wp-content\/uploads\/2025\/04\/2018-movimentatore-pbm-8-200-02-150x150.jpg 150w, https:\/\/isve.com\/wp-content\/uploads\/2025\/04\/2018-movimentatore-pbm-8-200-02-1000x1000.jpg 1000w, https:\/\/isve.com\/wp-content\/uploads\/2025\/04\/2018-movimentatore-pbm-8-200-02-200x200.jpg 200w\" sizes=\"(max-width: 150px) 100vw, 150px\" \/><\/a>\n\t\t\t<\/dt><\/dl><br style=\"clear: both\" \/><dl class='gallery-item'>\n\t\t\t<dt class='gallery-icon portrait'>\n\t\t\t\t<a href='https:\/\/isve.com\/it\/movimentatori-legno-img01-1\/'><img loading=\"lazy\" decoding=\"async\" width=\"150\" height=\"150\" src=\"https:\/\/isve.com\/wp-content\/uploads\/2025\/04\/movimentatori-legno-img01-1-150x150.jpg\" class=\"attachment-thumbnail size-thumbnail\" alt=\"\" srcset=\"https:\/\/isve.com\/wp-content\/uploads\/2025\/04\/movimentatori-legno-img01-1-150x150.jpg 150w, https:\/\/isve.com\/wp-content\/uploads\/2025\/04\/movimentatori-legno-img01-1-200x200.jpg 200w\" sizes=\"(max-width: 150px) 100vw, 150px\" \/><\/a>\n\t\t\t<\/dt><\/dl><dl class='gallery-item'>\n\t\t\t<dt class='gallery-icon landscape'>\n\t\t\t\t<a href='https:\/\/isve.com\/it\/2018-movimentatore-pbm-8-200-04\/'><img loading=\"lazy\" decoding=\"async\" width=\"150\" height=\"150\" src=\"https:\/\/isve.com\/wp-content\/uploads\/2025\/04\/2018-movimentatore-pbm-8-200-04-150x150.jpg\" class=\"attachment-thumbnail size-thumbnail\" alt=\"\" srcset=\"https:\/\/isve.com\/wp-content\/uploads\/2025\/04\/2018-movimentatore-pbm-8-200-04-150x150.jpg 150w, https:\/\/isve.com\/wp-content\/uploads\/2025\/04\/2018-movimentatore-pbm-8-200-04-1000x1000.jpg 1000w, https:\/\/isve.com\/wp-content\/uploads\/2025\/04\/2018-movimentatore-pbm-8-200-04-200x200.jpg 200w\" sizes=\"(max-width: 150px) 100vw, 150px\" \/><\/a>\n\t\t\t<\/dt><\/dl><dl class='gallery-item'>\n\t\t\t<dt class='gallery-icon landscape'>\n\t\t\t\t<a href='https:\/\/isve.com\/it\/movimentatori-legno-img03\/'><img loading=\"lazy\" decoding=\"async\" width=\"150\" height=\"150\" src=\"https:\/\/isve.com\/wp-content\/uploads\/2025\/04\/movimentatori-legno-img03-150x150.jpg\" class=\"attachment-thumbnail size-thumbnail\" alt=\"\" srcset=\"https:\/\/isve.com\/wp-content\/uploads\/2025\/04\/movimentatori-legno-img03-150x150.jpg 150w, https:\/\/isve.com\/wp-content\/uploads\/2025\/04\/movimentatori-legno-img03-200x200.jpg 200w\" sizes=\"(max-width: 150px) 100vw, 150px\" \/><\/a>\n\t\t\t<\/dt><\/dl><br style=\"clear: both\" \/><dl class='gallery-item'>\n\t\t\t<dt class='gallery-icon landscape'>\n\t\t\t\t<a href='https:\/\/isve.com\/it\/trattamento-legno\/movimentatori-a-depressione-con-ventose-per-legname\/attachment\/movimentatore-hs3\/'><img loading=\"lazy\" decoding=\"async\" width=\"150\" height=\"150\" src=\"https:\/\/isve.com\/wp-content\/uploads\/2025\/09\/movimentatore-hs3-150x150.jpg\" class=\"attachment-thumbnail size-thumbnail\" alt=\"\" \/><\/a>\n\t\t\t<\/dt><\/dl><dl class='gallery-item'>\n\t\t\t<dt class='gallery-icon landscape'>\n\t\t\t\t<a href='https:\/\/isve.com\/it\/movimentatore-1\/'><img loading=\"lazy\" decoding=\"async\" width=\"150\" height=\"150\" src=\"https:\/\/isve.com\/wp-content\/uploads\/2025\/04\/movimentatore-1-150x150.jpg\" class=\"attachment-thumbnail size-thumbnail\" alt=\"\" \/><\/a>\n\t\t\t<\/dt><\/dl><dl class='gallery-item'>\n\t\t\t<dt class='gallery-icon portrait'>\n\t\t\t\t<a href='https:\/\/isve.com\/it\/movimentatori-automatici-1-1\/'><img loading=\"lazy\" decoding=\"async\" width=\"150\" height=\"150\" src=\"https:\/\/isve.com\/wp-content\/uploads\/2025\/04\/movimentatori-automatici-1-1-150x150.jpg\" class=\"attachment-thumbnail size-thumbnail\" alt=\"\" \/><\/a>\n\t\t\t<\/dt><\/dl><br style=\"clear: both\" \/><dl class='gallery-item'>\n\t\t\t<dt class='gallery-icon landscape'>\n\t\t\t\t<a href='https:\/\/isve.com\/it\/movimentatore-a-ponte-1\/'><img loading=\"lazy\" decoding=\"async\" width=\"150\" height=\"150\" src=\"https:\/\/isve.com\/wp-content\/uploads\/2025\/04\/movimentatore-a-ponte-1-150x150.jpg\" class=\"attachment-thumbnail size-thumbnail\" alt=\"\" srcset=\"https:\/\/isve.com\/wp-content\/uploads\/2025\/04\/movimentatore-a-ponte-1-150x150.jpg 150w, https:\/\/isve.com\/wp-content\/uploads\/2025\/04\/movimentatore-a-ponte-1-200x200.jpg 200w\" sizes=\"(max-width: 150px) 100vw, 150px\" \/><\/a>\n\t\t\t<\/dt><\/dl>\n\t\t\t<br style='clear: both' \/>\n\t\t<\/div>\n\n","protected":false},"excerpt":{"rendered":"<p>Con i\u00a0movimentatori per legno a ventosa\u00a0ISVE \u00e8 possibile movimentare in modo rapido e sicuro tavole ed altri elementi in legno. Questi impianti di movimentazione sfruttano la tecnologia del vuoto per assicurare una migliore aderenza del gruppo a ventosa sulla superficie del legno, anche la pi\u00f9 irregolare. Ulteriore punto di forza dei movimentatori per legno \u00e8&hellip;<\/p>\n","protected":false},"author":1,"featured_media":0,"parent":15959,"menu_order":360,"comment_status":"closed","ping_status":"closed","template":"","meta":{"_acf_changed":false,"footnotes":""},"tags":[],"impaginazione":[],"divisione":[3690],"categorie_modelli":[],"class_list":["post-14644","page","type-page","status-publish","hentry","divisione-isve-wood","description-off"],"acf":[],"yoast_head":"<!-- This site is optimized with the Yoast SEO plugin v27.4 - https:\/\/yoast.com\/product\/yoast-seo-wordpress\/ -->\n<title>Movimentatori per tavole e cataste di legname - Photogallery - ISVE SpA - Trattamento legno - Riciclaggio - Macinatori Trituratori<\/title>\n<meta name=\"robots\" content=\"index, follow, max-snippet:-1, max-image-preview:large, max-video-preview:-1\" \/>\n<link rel=\"canonical\" href=\"https:\/\/isve.com\/it\/trattamento-legno\/movimentatori-per-tavole-e-cataste-di-legname-photogallery\/\" \/>\n<meta property=\"og:locale\" content=\"it_IT\" \/>\n<meta property=\"og:type\" content=\"article\" \/>\n<meta property=\"og:title\" content=\"Movimentatori per tavole e cataste di legname - Photogallery - ISVE SpA - Trattamento legno - Riciclaggio - Macinatori Trituratori\" \/>\n<meta property=\"og:description\" content=\"Con i\u00a0movimentatori per legno a ventosa\u00a0ISVE \u00e8 possibile movimentare in modo rapido e sicuro tavole ed altri elementi in legno. Questi impianti di movimentazione sfruttano la tecnologia del vuoto per assicurare una migliore aderenza del gruppo a ventosa sulla superficie del legno, anche la pi\u00f9 irregolare. Ulteriore punto di forza dei movimentatori per legno \u00e8&hellip;\" \/>\n<meta property=\"og:url\" content=\"https:\/\/isve.com\/it\/trattamento-legno\/movimentatori-per-tavole-e-cataste-di-legname-photogallery\/\" \/>\n<meta property=\"og:site_name\" content=\"ISVE SpA - Trattamento legno - Riciclaggio - Macinatori Trituratori\" \/>\n<meta property=\"article:modified_time\" content=\"2025-09-07T10:39:12+00:00\" \/>\n<meta property=\"og:image\" content=\"https:\/\/isve.com\/wp-content\/uploads\/2025\/09\/movimentatore-hs2-600x338.jpg\" \/>\n<meta name=\"twitter:card\" content=\"summary_large_image\" \/>\n<script type=\"application\/ld+json\" class=\"yoast-schema-graph\">{\"@context\":\"https:\\\/\\\/schema.org\",\"@graph\":[{\"@type\":\"WebPage\",\"@id\":\"https:\\\/\\\/isve.com\\\/it\\\/trattamento-legno\\\/movimentatori-per-tavole-e-cataste-di-legname-photogallery\\\/\",\"url\":\"https:\\\/\\\/isve.com\\\/it\\\/trattamento-legno\\\/movimentatori-per-tavole-e-cataste-di-legname-photogallery\\\/\",\"name\":\"Movimentatori per tavole e cataste di legname - Photogallery - ISVE SpA - Trattamento legno - Riciclaggio - Macinatori Trituratori\",\"isPartOf\":{\"@id\":\"https:\\\/\\\/isve.com\\\/it\\\/#website\"},\"datePublished\":\"2019-12-19T09:25:23+00:00\",\"dateModified\":\"2025-09-07T10:39:12+00:00\",\"breadcrumb\":{\"@id\":\"https:\\\/\\\/isve.com\\\/it\\\/trattamento-legno\\\/movimentatori-per-tavole-e-cataste-di-legname-photogallery\\\/#breadcrumb\"},\"inLanguage\":\"it-IT\",\"potentialAction\":[{\"@type\":\"ReadAction\",\"target\":[\"https:\\\/\\\/isve.com\\\/it\\\/trattamento-legno\\\/movimentatori-per-tavole-e-cataste-di-legname-photogallery\\\/\"]}]},{\"@type\":\"BreadcrumbList\",\"@id\":\"https:\\\/\\\/isve.com\\\/it\\\/trattamento-legno\\\/movimentatori-per-tavole-e-cataste-di-legname-photogallery\\\/#breadcrumb\",\"itemListElement\":[{\"@type\":\"ListItem\",\"position\":1,\"name\":\"Home\",\"item\":\"https:\\\/\\\/isve.com\\\/it\\\/\"},{\"@type\":\"ListItem\",\"position\":2,\"name\":\"Wood Treatment\",\"item\":\"https:\\\/\\\/isve.com\\\/it\\\/trattamento-legno\\\/\"},{\"@type\":\"ListItem\",\"position\":3,\"name\":\"Movimentatori per tavole e cataste di legname &#8211; Photogallery\"}]},{\"@type\":\"WebSite\",\"@id\":\"https:\\\/\\\/isve.com\\\/it\\\/#website\",\"url\":\"https:\\\/\\\/isve.com\\\/it\\\/\",\"name\":\"ISVE S.p.A.\",\"description\":\"Sistemi per trattamento del legno e triturazione macinazione granulazione\",\"publisher\":{\"@id\":\"https:\\\/\\\/isve.com\\\/it\\\/#organization\"},\"potentialAction\":[{\"@type\":\"SearchAction\",\"target\":{\"@type\":\"EntryPoint\",\"urlTemplate\":\"https:\\\/\\\/isve.com\\\/it\\\/?s={search_term_string}\"},\"query-input\":{\"@type\":\"PropertyValueSpecification\",\"valueRequired\":true,\"valueName\":\"search_term_string\"}}],\"inLanguage\":\"it-IT\"},{\"@type\":\"Organization\",\"@id\":\"https:\\\/\\\/isve.com\\\/it\\\/#organization\",\"name\":\"ISVE S.p.A.\",\"url\":\"https:\\\/\\\/isve.com\\\/it\\\/\",\"logo\":{\"@type\":\"ImageObject\",\"inLanguage\":\"it-IT\",\"@id\":\"https:\\\/\\\/isve.com\\\/it\\\/#\\\/schema\\\/logo\\\/image\\\/\",\"url\":\"https:\\\/\\\/isve.com\\\/wp-content\\\/uploads\\\/2026\\\/01\\\/logo-isve-spa.png\",\"contentUrl\":\"https:\\\/\\\/isve.com\\\/wp-content\\\/uploads\\\/2026\\\/01\\\/logo-isve-spa.png\",\"width\":600,\"height\":173,\"caption\":\"ISVE S.p.A.\"},\"image\":{\"@id\":\"https:\\\/\\\/isve.com\\\/it\\\/#\\\/schema\\\/logo\\\/image\\\/\"},\"sameAs\":[\"https:\\\/\\\/www.linkedin.com\\\/company\\\/69445471\",\"https:\\\/\\\/www.youtube.com\\\/@isves.p.a.8894\"]}]}<\/script>\n<!-- \/ Yoast SEO plugin. -->","yoast_head_json":{"title":"Movimentatori per tavole e cataste di legname - Photogallery - ISVE SpA - Trattamento legno - Riciclaggio - Macinatori Trituratori","robots":{"index":"index","follow":"follow","max-snippet":"max-snippet:-1","max-image-preview":"max-image-preview:large","max-video-preview":"max-video-preview:-1"},"canonical":"https:\/\/isve.com\/it\/trattamento-legno\/movimentatori-per-tavole-e-cataste-di-legname-photogallery\/","og_locale":"it_IT","og_type":"article","og_title":"Movimentatori per tavole e cataste di legname - Photogallery - ISVE SpA - Trattamento legno - Riciclaggio - Macinatori Trituratori","og_description":"Con i\u00a0movimentatori per legno a ventosa\u00a0ISVE \u00e8 possibile movimentare in modo rapido e sicuro tavole ed altri elementi in legno. Questi impianti di movimentazione sfruttano la tecnologia del vuoto per assicurare una migliore aderenza del gruppo a ventosa sulla superficie del legno, anche la pi\u00f9 irregolare. Ulteriore punto di forza dei movimentatori per legno \u00e8&hellip;","og_url":"https:\/\/isve.com\/it\/trattamento-legno\/movimentatori-per-tavole-e-cataste-di-legname-photogallery\/","og_site_name":"ISVE SpA - Trattamento legno - Riciclaggio - Macinatori Trituratori","article_modified_time":"2025-09-07T10:39:12+00:00","og_image":[{"url":"https:\/\/isve.com\/wp-content\/uploads\/2025\/09\/movimentatore-hs2-600x338.jpg","type":"","width":"","height":""}],"twitter_card":"summary_large_image","schema":{"@context":"https:\/\/schema.org","@graph":[{"@type":"WebPage","@id":"https:\/\/isve.com\/it\/trattamento-legno\/movimentatori-per-tavole-e-cataste-di-legname-photogallery\/","url":"https:\/\/isve.com\/it\/trattamento-legno\/movimentatori-per-tavole-e-cataste-di-legname-photogallery\/","name":"Movimentatori per tavole e cataste di legname - Photogallery - ISVE SpA - Trattamento legno - Riciclaggio - Macinatori Trituratori","isPartOf":{"@id":"https:\/\/isve.com\/it\/#website"},"datePublished":"2019-12-19T09:25:23+00:00","dateModified":"2025-09-07T10:39:12+00:00","breadcrumb":{"@id":"https:\/\/isve.com\/it\/trattamento-legno\/movimentatori-per-tavole-e-cataste-di-legname-photogallery\/#breadcrumb"},"inLanguage":"it-IT","potentialAction":[{"@type":"ReadAction","target":["https:\/\/isve.com\/it\/trattamento-legno\/movimentatori-per-tavole-e-cataste-di-legname-photogallery\/"]}]},{"@type":"BreadcrumbList","@id":"https:\/\/isve.com\/it\/trattamento-legno\/movimentatori-per-tavole-e-cataste-di-legname-photogallery\/#breadcrumb","itemListElement":[{"@type":"ListItem","position":1,"name":"Home","item":"https:\/\/isve.com\/it\/"},{"@type":"ListItem","position":2,"name":"Wood Treatment","item":"https:\/\/isve.com\/it\/trattamento-legno\/"},{"@type":"ListItem","position":3,"name":"Movimentatori per tavole e cataste di legname &#8211; Photogallery"}]},{"@type":"WebSite","@id":"https:\/\/isve.com\/it\/#website","url":"https:\/\/isve.com\/it\/","name":"ISVE S.p.A.","description":"Sistemi per trattamento del legno e triturazione macinazione granulazione","publisher":{"@id":"https:\/\/isve.com\/it\/#organization"},"potentialAction":[{"@type":"SearchAction","target":{"@type":"EntryPoint","urlTemplate":"https:\/\/isve.com\/it\/?s={search_term_string}"},"query-input":{"@type":"PropertyValueSpecification","valueRequired":true,"valueName":"search_term_string"}}],"inLanguage":"it-IT"},{"@type":"Organization","@id":"https:\/\/isve.com\/it\/#organization","name":"ISVE S.p.A.","url":"https:\/\/isve.com\/it\/","logo":{"@type":"ImageObject","inLanguage":"it-IT","@id":"https:\/\/isve.com\/it\/#\/schema\/logo\/image\/","url":"https:\/\/isve.com\/wp-content\/uploads\/2026\/01\/logo-isve-spa.png","contentUrl":"https:\/\/isve.com\/wp-content\/uploads\/2026\/01\/logo-isve-spa.png","width":600,"height":173,"caption":"ISVE S.p.A."},"image":{"@id":"https:\/\/isve.com\/it\/#\/schema\/logo\/image\/"},"sameAs":["https:\/\/www.linkedin.com\/company\/69445471","https:\/\/www.youtube.com\/@isves.p.a.8894"]}]}},"_links":{"self":[{"href":"https:\/\/isve.com\/it\/wp-json\/wp\/v2\/pages\/14644","targetHints":{"allow":["GET"]}}],"collection":[{"href":"https:\/\/isve.com\/it\/wp-json\/wp\/v2\/pages"}],"about":[{"href":"https:\/\/isve.com\/it\/wp-json\/wp\/v2\/types\/page"}],"author":[{"embeddable":true,"href":"https:\/\/isve.com\/it\/wp-json\/wp\/v2\/users\/1"}],"replies":[{"embeddable":true,"href":"https:\/\/isve.com\/it\/wp-json\/wp\/v2\/comments?post=14644"}],"version-history":[{"count":3,"href":"https:\/\/isve.com\/it\/wp-json\/wp\/v2\/pages\/14644\/revisions"}],"predecessor-version":[{"id":26469,"href":"https:\/\/isve.com\/it\/wp-json\/wp\/v2\/pages\/14644\/revisions\/26469"}],"up":[{"embeddable":true,"href":"https:\/\/isve.com\/it\/wp-json\/wp\/v2\/pages\/15959"}],"wp:attachment":[{"href":"https:\/\/isve.com\/it\/wp-json\/wp\/v2\/media?parent=14644"}],"wp:term":[{"taxonomy":"post_tag","embeddable":true,"href":"https:\/\/isve.com\/it\/wp-json\/wp\/v2\/tags?post=14644"},{"taxonomy":"impaginazione","embeddable":true,"href":"https:\/\/isve.com\/it\/wp-json\/wp\/v2\/impaginazione?post=14644"},{"taxonomy":"divisione","embeddable":true,"href":"https:\/\/isve.com\/it\/wp-json\/wp\/v2\/divisione?post=14644"},{"taxonomy":"categorie_modelli","embeddable":true,"href":"https:\/\/isve.com\/it\/wp-json\/wp\/v2\/categorie_modelli?post=14644"}],"curies":[{"name":"wp","href":"https:\/\/api.w.org\/{rel}","templated":true}]}}