{"id":14606,"date":"2019-12-18T16:09:36","date_gmt":"2019-12-18T15:09:36","guid":{"rendered":"https:\/\/isve.com\/i-nemici-del-legno\/"},"modified":"2025-04-14T19:32:30","modified_gmt":"2025-04-14T17:32:30","slug":"i-nemici-del-legno","status":"publish","type":"page","link":"https:\/\/isve.com\/it\/trattamento-legno\/i-nemici-del-legno\/","title":{"rendered":"I nemici del legno"},"content":{"rendered":"<h2><strong>Gli agenti distruttori del legno:<br \/>\nfunghi, insetti xilofagi saprofiti ed invertebrati marini<\/strong><\/h2>\n<p>Gli agenti distruttori che producono maggiori danni al legno sono i <strong>funghi<\/strong>, gli <strong>insetti xilofagi saprofiti<\/strong> e gli <strong>invertebrati marini<\/strong>.<\/p>\n<p>La tecnologia applicata alle autoclavi prodotte dalla ISVE si prefigge l\u2019obiettivo di ostacolare l\u2019azione di questi organismi.<\/p>\n<hr \/>\n<h2><strong>I Funghi<\/strong><\/h2>\n<p>I funghi sono degli organismi vegetali inferiori privi di clorofilla, che si nutrono a spese di materiali organici gi\u00e0 elaborati.\u00a0Questi materiali possono essere residui di organismi un tempo viventi (ed allora i Funghi sono detti Saprofiti) oppure parte integrante di organismi in attivit\u00e0 vitale (nel qual caso i Funghi sono Parassiti).\u00a0L\u2019importanza dei funghi nel campo del <strong>legname<\/strong> \u00e8 particolarmente notevole per i fenomeni di <strong>distruzione<\/strong> e di disorganizzazione del corpo legnoso che essi provocano.<\/p>\n<p>&nbsp;<\/p>\n<h3><strong><em>Funghi da carie del legno<\/em><\/strong><\/h3>\n<p>Per lo sviluppo di questi funghi \u00e8 <strong>necessaria una umidit\u00e0 del legno superiore al 20%<\/strong>.<\/p>\n<ul>\n<li><strong>Funghi Basidiomiceti da carie<\/strong>: sono funghi che quando attaccano la cellulosa provocano una diminuzione delle dimensioni del legno, accompagnata da una fessurazione in prismi o cubetti privi di consistenza tanto da poter essere schiacciati con le dita. L\u2019area di sviluppo del fungo assume colore bruno, da cui deriva il nome di carie bruna o distruttiva.<br \/>\nSe l\u2019attacco dei basidiomiceti non si limita alla cellulosa ma coinvolge anche la lignina, il legno assume un colore pi\u00f9 chiaro di quello del materiale sano e si riduce addirittura ad una massa fibrosa biancastra (carie bianca o carie corrosiva).<\/li>\n<li><strong>Funghi Deuteromiceti da carie soffice<\/strong>: funghi che provocano un tipo di carie caratterizzata da rammollimento superficiale del legno, per quanto possano provocare carie in profondit\u00e0. Questi funghi richiedono una umidit\u00e0 del legno pi\u00f9 elevata rispetto a quella necessaria ai basidiomiceti. Sono di particolare importanza per il legno che si tr\u00a0ovi a contatto con il terreno o in acqua.<\/li>\n<\/ul>\n<p>&nbsp;<\/p>\n<p><img fetchpriority=\"high\" decoding=\"async\" class=\"wp-image-5075 aligncenter\" src=\"https:\/\/isve.com\/wp-content\/uploads\/funghi-nemici-del-legno.jpg\" alt=\"\" width=\"349\" height=\"313\" \/><\/p>\n<p style=\"text-align: center;\"><em>Sviluppo del fungo della marcescenza (macchie scure)<br \/>\ndenominata &#8220;carie soffice&#8221; che a poco a poco distrugger\u00e0<br \/>\nla struttura del legno rendendolo simile ad una spugna friabile.<\/em><\/p>\n<p>&nbsp;<\/p>\n<h3><strong><em>Funghi da colorazione<\/em><\/strong><\/h3>\n<p>Causano l\u2019azzurramento e muffa sul legno in opera. Questi funghi possono destare preoccupazioni soltanto dal punto di vista estetico, provocando in alcuni casi la degradazione dei rivestimenti decorativi.<\/p>\n<ul>\n<li><strong>Funghi dell\u2019azzurramento<\/strong>: provocano una colorazione permanente da blu a nero di intensit\u00e0 e profondit\u00e0 variabile, soprattutto nell\u2019alburno di certi legni. L\u2019attacco di questi funghi non incide sulle propriet\u00e0 meccaniche del legno, ma pu\u00f2 aumentarne il grado di permeabilit\u00e0.<\/li>\n<\/ul>\n<p>&nbsp;<\/p>\n<p><img decoding=\"async\" class=\"wp-image-5079 aligncenter\" src=\"https:\/\/isve.com\/wp-content\/uploads\/funghi-nemici-del-legno-2.jpg\" alt=\"\" width=\"349\" height=\"320\" \/><\/p>\n<p style=\"text-align: center;\"><em>Azione del fungo blu che durante lo sviluppo<br \/>\nriesce a\u00a0<\/em><em>sfondare il film di vernice e sbucare all&#8217;esterno<\/em><\/p>\n<p>&nbsp;<\/p>\n<ul>\n<li><strong>Muffe<\/strong>: funghi che si presentano come macchie di vario colore sulla superficie del legno umido e che si possono manifestare soltanto quando l\u2019umidit\u00e0 sulla superficie del legno \u00e8 maggiore del 20%. Tale condizione si verifica in presenza di una elevata umidit\u00e0 relativa o alla condensazione del vapore acqueo. L\u2019attacco delle muffe non influisce significativamente sulle propriet\u00e0 meccaniche del legno ma ne rende l\u2019aspetto indesiderabile o inaccettabile. Questi funghi non sono specifici del legno e possono comparire su qualsiasi materiale avente una elevata umidit\u00e0.<\/li>\n<\/ul>\n<hr \/>\n<p>&nbsp;<\/p>\n<h2><strong>Gli insetti xilofagi saprofiti<\/strong><\/h2>\n<h3><strong><em>I Coleotteri<\/em><\/strong><\/h3>\n<p>Insetti che volano e depongono le uova nei pori e nelle fenditure del legno. I danni maggiori sono provocati dalle larve che scavano delle gallerie nell\u2019interno del materiale in opera.<br \/>\nSono presenti in tutta Europa, ma il rischio di attacco varia in misura notevole a seconda dell\u2019area geografica.<br \/>\nI pi\u00f9 importanti sono Hylotrupes bajulus, Anobium punctatum e Lyctus brunneus. Esistono moltri altri insetti di minor importanza che distruggono il legno; fra essi, per esempio, Hesperophanes e Xestobium rufovillosum.<\/p>\n<ul>\n<li><strong>Hylotrupes bajulus<\/strong>\u00a0(Capricorno delle case): \u00e8 senza dubbio uno dei maggiori nemici del legno in opera, specialmente di Conifere, ed i danni provocati dalle larve sono estremamente gravi.<br \/>\n\u00c8 presente fino ad un\u2019altitudine di circa 2.000 m, di minor importanza nel nord, nord-ovest dell\u2019Europa.<br \/>\nLa vitalit\u00e0 di questo insetto dipende dalla temperatura e dall\u2019umidit\u00e0 dell\u2019aria. Il periodo di incubazione delle uova pu\u00f2 essere di 5-9 giorni con temperatura di 31,5 \u00b0C e umidit\u00e0 del 90-95% oppure di 48 giorni con temperatura di 16,6 \u00b0C e umidit\u00e0 ambientale del 18% (condiziona quest\u2019ultima assai sfavorevole).<br \/>\nLe larve scavano gallerie piene di rossume prevalentemente nell\u2019alburno provocando gravi danni strutturali al legno che pu\u00f2 perdere del tutto la sua struttura e la sua consistenza.<\/li>\n<\/ul>\n<p>&nbsp;<\/p>\n<p><img decoding=\"async\" class=\"size-medium wp-image-5083 aligncenter\" src=\"https:\/\/isve.com\/wp-content\/uploads\/insetti-nemici-del-legno-600x219.jpg\" alt=\"\" width=\"600\" height=\"219\" \/><\/p>\n<p>&nbsp;<\/p>\n<ul>\n<li><strong>Anobium punctatum<\/strong>\u00a0(Tarlo dei mobili): \u00e8 particolarmente diffuso nelle zone a clima marittimo e ovunque prevalgano condizioni di elevata umidit\u00e0. L\u2019attacco avviene di preferenza su legno abbattuto o gi\u00e0 in opera indifferentemente di conifera o di latifoglia, coinvolgendo l\u2019alburno ed il durame. Le larve sono responsabili di scavare delle gallerie con rossura grossolana mescolata ad escrementi. Anche se molto attaccato il legno non perde completamente la sua resistenza e la struttura \u00e8 sempre riconoscibile.<\/li>\n<\/ul>\n<p>&nbsp;<\/p>\n<p><img loading=\"lazy\" decoding=\"async\" class=\"size-medium wp-image-5087 aligncenter\" src=\"https:\/\/isve.com\/wp-content\/uploads\/insetti-nemici-del-legno-2-600x246.jpg\" alt=\"\" width=\"600\" height=\"246\" \/><\/p>\n<p>&nbsp;<\/p>\n<ul>\n<li><strong>Xestobium rufovillosum\u00a0<\/strong>(Orologio della morte): attacca di preferenza il legno abbattuto o gi\u00e0 in opera, ma comunque sufficientemente umido, di Latifoglie varie (Querce, Olmo, Noce, Ontano, Pioppi) oppure su vecchie capitozze deperenti di Salice. I danni dello Xestobium sono analoghi a quelli dell\u2019Anobium. Di importanza significativa per i legni utilizzati nelle strutture in vecchie costruzioni nella maggior parte d\u2019Europa.<\/li>\n<li><strong>Lyctus brunneus<\/strong> (Lyctus): ha ricevuto nel passato scarsa attenzione, ma i danni che causa sul legname in opera per infissi e mobili appaiono attualmente molto gravi. La larva, che si sviluppa in maniera ottimale con umidit\u00e0 del legno elevata, attacca tutte le Latifoglie nostrane a legno tenero e con grossi vasi, nonch\u00e9 l\u2019alburno delle specie dure, particolarmente delle Querce. Le sole specie che sembrano immuni sono il Pioppo, il Faggio e la Betulla, mentre gli Eucalipti risultano essere attaccati. Se l\u2019infestazione \u00e8 particolarmente forte la massa intera del legno si trasforma in un ammasso unico di rossura compressa nella quale non \u00e8 nemmeno pi\u00f9 riconoscibile la struttura dei tessuti. Il Lyctus brunneus \u00e8 la specie pi\u00f9 diffusa in Italia.<\/li>\n<\/ul>\n<p><img loading=\"lazy\" decoding=\"async\" class=\"size-medium wp-image-5091 aligncenter\" src=\"https:\/\/isve.com\/wp-content\/uploads\/insetti-nemici-del-legno-3-600x270.jpg\" alt=\"\" width=\"600\" height=\"270\" \/><\/p>\n<p>&nbsp;<\/p>\n<ul>\n<li><strong>Hesperophanes<\/strong>\u00a0sp.p.: specie diffusa nell\u2019Europa Centrale e meridionale. I legni pi\u00f9 colpiti sono quelli di Cerro, Robinia, Faggio, Pioppo, Noce e Castagno. Le femmine depongono le uova di preferenza nelle fessure e nelle anfrattuosit\u00e0 del legno in opera come travature dei tetti, mobili, pavimenti in legno ed ogni genere di infissi. I danni causati dalle larve possono essere molto gravi perch\u00e9 coinvolgono irreparabilmente la struttura e la resistenza meccanica del pezzo. Risulta infine assai difficile diagnosticarne la presenza.<\/li>\n<\/ul>\n<h3><strong><em>Isotteri (Termiti)<\/em><\/strong><\/h3>\n<p>Insetti sociali suddivisi in varie famiglie. Le specie pi\u00f9 pericolose per gli edifici sono quelle sotterranee, principalmente Reticulitermes lucifugus e il Reticulitermes santonensis.\u00a0In Europa le termiti sono presenti soltanto in certe aree geografiche limitate; la presenza \u00e8 accertata in Italia in tutta la parte peninsulare e nelle isole. In tali zone, l\u2019uso di prodotti preservanti del legno nella lotta contro le termiti \u00e8 integrato dall\u2019adozione di altre misure di protezione prese, per esempio per pavimenti, per fondamenta e per pareti.\u00a0L\u2019estrema pericolosit\u00e0 dell\u2019attacco dipende dal fatto che, poich\u00e9 la loro attivit\u00e0 rifugge assolutamente la luce, nulla si percepisce ad una sommaria ispezione in quanto la superficie esterna dei pezzi di legno \u00e8 sempre accuratamente rispettata cosicch\u00e9 l\u2019allarme (sempre tardivo) \u00e8 dato dal crollo di qualche trave o dallo sfondamento di qualche infisso quando l\u2019infestazione ormai \u00e8 pienamente in atto.<\/p>\n<hr \/>\n<p>&nbsp;<\/p>\n<h2><strong>Gli invertebrati marini<\/strong><\/h2>\n<h3><em>Organismi marini<\/em><\/h3>\n<p>Termine applicato essenzialmente a invertebrati marini quali Limnoria sp.p. e Teredo sp.p., che richiedono un certo grado di salinit\u00e0 dell\u2019acqua e che scavano nel legno gallerie e cavit\u00e0 estese.\u00a0Questi organismi possono danneggiare gravemente sia le strutture fisse che quelle galleggianti.<\/p>\n<p>&nbsp;<\/p>\n<hr \/>\n<h3>Bibliografia<\/h3>\n<ul>\n<li><strong>G. GIORDANO\u00a0<\/strong>\u2013\u00a0<strong>TECNOLOGIA DEL LEGNO<\/strong>\u00a0\u2013 UTET<\/li>\n<li><strong>CEN<\/strong>\u00a0(Comitato Europeo di Normalizzazione) &#8211;\u00a0NORMA EUROPEA EN 335<\/li>\n<\/ul>\n<p>Dati, caratteristiche ed illustrazioni sono puramente indicativi.<br \/>\nI.S.V.E. Srl si riserva di apportare le modifiche che riterr\u00e0 pi\u00f9 opportune.<\/p>\n","protected":false},"excerpt":{"rendered":"<p>Gli agenti distruttori del legno: funghi, insetti xilofagi saprofiti ed invertebrati marini Gli agenti distruttori che producono maggiori danni al legno sono i funghi, gli insetti xilofagi saprofiti e gli invertebrati marini. La tecnologia applicata alle autoclavi prodotte dalla ISVE si prefigge l\u2019obiettivo di ostacolare l\u2019azione di questi organismi. I Funghi I funghi sono degli&hellip;<\/p>\n","protected":false},"author":1,"featured_media":14607,"parent":15959,"menu_order":335,"comment_status":"closed","ping_status":"closed","template":"","meta":{"_acf_changed":false,"footnotes":""},"tags":[],"impaginazione":[],"divisione":[3690],"categorie_modelli":[],"class_list":["post-14606","page","type-page","status-publish","has-post-thumbnail","hentry","divisione-isve-wood","description-off"],"acf":[],"yoast_head":"<!-- This site is optimized with the Yoast SEO plugin v27.4 - https:\/\/yoast.com\/product\/yoast-seo-wordpress\/ -->\n<title>I nemici del legno - ISVE SpA - Trattamento legno - Riciclaggio - Macinatori Trituratori<\/title>\n<meta name=\"robots\" content=\"index, follow, max-snippet:-1, max-image-preview:large, max-video-preview:-1\" \/>\n<link rel=\"canonical\" href=\"https:\/\/isve.com\/it\/trattamento-legno\/i-nemici-del-legno\/\" \/>\n<meta property=\"og:locale\" content=\"it_IT\" \/>\n<meta property=\"og:type\" content=\"article\" \/>\n<meta property=\"og:title\" content=\"I nemici del legno - ISVE SpA - Trattamento legno - Riciclaggio - Macinatori Trituratori\" \/>\n<meta property=\"og:description\" content=\"Gli agenti distruttori del legno: funghi, insetti xilofagi saprofiti ed invertebrati marini Gli agenti distruttori che producono maggiori danni al legno sono i funghi, gli insetti xilofagi saprofiti e gli invertebrati marini. La tecnologia applicata alle autoclavi prodotte dalla ISVE si prefigge l\u2019obiettivo di ostacolare l\u2019azione di questi organismi. I Funghi I funghi sono degli&hellip;\" \/>\n<meta property=\"og:url\" content=\"https:\/\/isve.com\/it\/trattamento-legno\/i-nemici-del-legno\/\" \/>\n<meta property=\"og:site_name\" content=\"ISVE SpA - Trattamento legno - Riciclaggio - Macinatori Trituratori\" \/>\n<meta property=\"article:modified_time\" content=\"2025-04-14T17:32:30+00:00\" \/>\n<meta property=\"og:image\" content=\"https:\/\/isve.com\/wp-content\/uploads\/impr\/gn\/impregnatori_serie-imp-pg_larga.jpg\" \/>\n\t<meta property=\"og:image:width\" content=\"1400\" \/>\n\t<meta property=\"og:image:height\" content=\"494\" \/>\n\t<meta property=\"og:image:type\" content=\"image\/jpeg\" \/>\n<meta name=\"twitter:card\" content=\"summary_large_image\" \/>\n<meta name=\"twitter:label1\" content=\"Tempo di lettura stimato\" \/>\n\t<meta name=\"twitter:data1\" content=\"6 minuti\" \/>\n<script type=\"application\/ld+json\" class=\"yoast-schema-graph\">{\"@context\":\"https:\\\/\\\/schema.org\",\"@graph\":[{\"@type\":\"WebPage\",\"@id\":\"https:\\\/\\\/isve.com\\\/it\\\/trattamento-legno\\\/i-nemici-del-legno\\\/\",\"url\":\"https:\\\/\\\/isve.com\\\/it\\\/trattamento-legno\\\/i-nemici-del-legno\\\/\",\"name\":\"I nemici del legno - ISVE SpA - Trattamento legno - Riciclaggio - Macinatori Trituratori\",\"isPartOf\":{\"@id\":\"https:\\\/\\\/isve.com\\\/it\\\/#website\"},\"primaryImageOfPage\":{\"@id\":\"https:\\\/\\\/isve.com\\\/it\\\/trattamento-legno\\\/i-nemici-del-legno\\\/#primaryimage\"},\"image\":{\"@id\":\"https:\\\/\\\/isve.com\\\/it\\\/trattamento-legno\\\/i-nemici-del-legno\\\/#primaryimage\"},\"thumbnailUrl\":\"https:\\\/\\\/isve.com\\\/wp-content\\\/uploads\\\/impr\\\/gn\\\/impregnatori_serie-imp-pg_larga.jpg\",\"datePublished\":\"2019-12-18T15:09:36+00:00\",\"dateModified\":\"2025-04-14T17:32:30+00:00\",\"breadcrumb\":{\"@id\":\"https:\\\/\\\/isve.com\\\/it\\\/trattamento-legno\\\/i-nemici-del-legno\\\/#breadcrumb\"},\"inLanguage\":\"it-IT\",\"potentialAction\":[{\"@type\":\"ReadAction\",\"target\":[\"https:\\\/\\\/isve.com\\\/it\\\/trattamento-legno\\\/i-nemici-del-legno\\\/\"]}]},{\"@type\":\"ImageObject\",\"inLanguage\":\"it-IT\",\"@id\":\"https:\\\/\\\/isve.com\\\/it\\\/trattamento-legno\\\/i-nemici-del-legno\\\/#primaryimage\",\"url\":\"https:\\\/\\\/isve.com\\\/wp-content\\\/uploads\\\/impr\\\/gn\\\/impregnatori_serie-imp-pg_larga.jpg\",\"contentUrl\":\"https:\\\/\\\/isve.com\\\/wp-content\\\/uploads\\\/impr\\\/gn\\\/impregnatori_serie-imp-pg_larga.jpg\",\"width\":1400,\"height\":494},{\"@type\":\"BreadcrumbList\",\"@id\":\"https:\\\/\\\/isve.com\\\/it\\\/trattamento-legno\\\/i-nemici-del-legno\\\/#breadcrumb\",\"itemListElement\":[{\"@type\":\"ListItem\",\"position\":1,\"name\":\"Home\",\"item\":\"https:\\\/\\\/isve.com\\\/it\\\/\"},{\"@type\":\"ListItem\",\"position\":2,\"name\":\"Wood Treatment\",\"item\":\"https:\\\/\\\/isve.com\\\/it\\\/trattamento-legno\\\/\"},{\"@type\":\"ListItem\",\"position\":3,\"name\":\"I nemici del legno\"}]},{\"@type\":\"WebSite\",\"@id\":\"https:\\\/\\\/isve.com\\\/it\\\/#website\",\"url\":\"https:\\\/\\\/isve.com\\\/it\\\/\",\"name\":\"ISVE S.p.A.\",\"description\":\"Sistemi per trattamento del legno e triturazione macinazione granulazione\",\"publisher\":{\"@id\":\"https:\\\/\\\/isve.com\\\/it\\\/#organization\"},\"potentialAction\":[{\"@type\":\"SearchAction\",\"target\":{\"@type\":\"EntryPoint\",\"urlTemplate\":\"https:\\\/\\\/isve.com\\\/it\\\/?s={search_term_string}\"},\"query-input\":{\"@type\":\"PropertyValueSpecification\",\"valueRequired\":true,\"valueName\":\"search_term_string\"}}],\"inLanguage\":\"it-IT\"},{\"@type\":\"Organization\",\"@id\":\"https:\\\/\\\/isve.com\\\/it\\\/#organization\",\"name\":\"ISVE S.p.A.\",\"url\":\"https:\\\/\\\/isve.com\\\/it\\\/\",\"logo\":{\"@type\":\"ImageObject\",\"inLanguage\":\"it-IT\",\"@id\":\"https:\\\/\\\/isve.com\\\/it\\\/#\\\/schema\\\/logo\\\/image\\\/\",\"url\":\"https:\\\/\\\/isve.com\\\/wp-content\\\/uploads\\\/2026\\\/01\\\/logo-isve-spa.png\",\"contentUrl\":\"https:\\\/\\\/isve.com\\\/wp-content\\\/uploads\\\/2026\\\/01\\\/logo-isve-spa.png\",\"width\":600,\"height\":173,\"caption\":\"ISVE S.p.A.\"},\"image\":{\"@id\":\"https:\\\/\\\/isve.com\\\/it\\\/#\\\/schema\\\/logo\\\/image\\\/\"},\"sameAs\":[\"https:\\\/\\\/www.linkedin.com\\\/company\\\/69445471\",\"https:\\\/\\\/www.youtube.com\\\/@isves.p.a.8894\"]}]}<\/script>\n<!-- \/ Yoast SEO plugin. -->","yoast_head_json":{"title":"I nemici del legno - ISVE SpA - Trattamento legno - Riciclaggio - Macinatori Trituratori","robots":{"index":"index","follow":"follow","max-snippet":"max-snippet:-1","max-image-preview":"max-image-preview:large","max-video-preview":"max-video-preview:-1"},"canonical":"https:\/\/isve.com\/it\/trattamento-legno\/i-nemici-del-legno\/","og_locale":"it_IT","og_type":"article","og_title":"I nemici del legno - ISVE SpA - Trattamento legno - Riciclaggio - Macinatori Trituratori","og_description":"Gli agenti distruttori del legno: funghi, insetti xilofagi saprofiti ed invertebrati marini Gli agenti distruttori che producono maggiori danni al legno sono i funghi, gli insetti xilofagi saprofiti e gli invertebrati marini. La tecnologia applicata alle autoclavi prodotte dalla ISVE si prefigge l\u2019obiettivo di ostacolare l\u2019azione di questi organismi. I Funghi I funghi sono degli&hellip;","og_url":"https:\/\/isve.com\/it\/trattamento-legno\/i-nemici-del-legno\/","og_site_name":"ISVE SpA - Trattamento legno - Riciclaggio - Macinatori Trituratori","article_modified_time":"2025-04-14T17:32:30+00:00","og_image":[{"width":1400,"height":494,"url":"https:\/\/isve.com\/wp-content\/uploads\/impr\/gn\/impregnatori_serie-imp-pg_larga.jpg","type":"image\/jpeg"}],"twitter_card":"summary_large_image","twitter_misc":{"Tempo di lettura stimato":"6 minuti"},"schema":{"@context":"https:\/\/schema.org","@graph":[{"@type":"WebPage","@id":"https:\/\/isve.com\/it\/trattamento-legno\/i-nemici-del-legno\/","url":"https:\/\/isve.com\/it\/trattamento-legno\/i-nemici-del-legno\/","name":"I nemici del legno - ISVE SpA - Trattamento legno - Riciclaggio - Macinatori Trituratori","isPartOf":{"@id":"https:\/\/isve.com\/it\/#website"},"primaryImageOfPage":{"@id":"https:\/\/isve.com\/it\/trattamento-legno\/i-nemici-del-legno\/#primaryimage"},"image":{"@id":"https:\/\/isve.com\/it\/trattamento-legno\/i-nemici-del-legno\/#primaryimage"},"thumbnailUrl":"https:\/\/isve.com\/wp-content\/uploads\/impr\/gn\/impregnatori_serie-imp-pg_larga.jpg","datePublished":"2019-12-18T15:09:36+00:00","dateModified":"2025-04-14T17:32:30+00:00","breadcrumb":{"@id":"https:\/\/isve.com\/it\/trattamento-legno\/i-nemici-del-legno\/#breadcrumb"},"inLanguage":"it-IT","potentialAction":[{"@type":"ReadAction","target":["https:\/\/isve.com\/it\/trattamento-legno\/i-nemici-del-legno\/"]}]},{"@type":"ImageObject","inLanguage":"it-IT","@id":"https:\/\/isve.com\/it\/trattamento-legno\/i-nemici-del-legno\/#primaryimage","url":"https:\/\/isve.com\/wp-content\/uploads\/impr\/gn\/impregnatori_serie-imp-pg_larga.jpg","contentUrl":"https:\/\/isve.com\/wp-content\/uploads\/impr\/gn\/impregnatori_serie-imp-pg_larga.jpg","width":1400,"height":494},{"@type":"BreadcrumbList","@id":"https:\/\/isve.com\/it\/trattamento-legno\/i-nemici-del-legno\/#breadcrumb","itemListElement":[{"@type":"ListItem","position":1,"name":"Home","item":"https:\/\/isve.com\/it\/"},{"@type":"ListItem","position":2,"name":"Wood Treatment","item":"https:\/\/isve.com\/it\/trattamento-legno\/"},{"@type":"ListItem","position":3,"name":"I nemici del legno"}]},{"@type":"WebSite","@id":"https:\/\/isve.com\/it\/#website","url":"https:\/\/isve.com\/it\/","name":"ISVE S.p.A.","description":"Sistemi per trattamento del legno e triturazione macinazione granulazione","publisher":{"@id":"https:\/\/isve.com\/it\/#organization"},"potentialAction":[{"@type":"SearchAction","target":{"@type":"EntryPoint","urlTemplate":"https:\/\/isve.com\/it\/?s={search_term_string}"},"query-input":{"@type":"PropertyValueSpecification","valueRequired":true,"valueName":"search_term_string"}}],"inLanguage":"it-IT"},{"@type":"Organization","@id":"https:\/\/isve.com\/it\/#organization","name":"ISVE S.p.A.","url":"https:\/\/isve.com\/it\/","logo":{"@type":"ImageObject","inLanguage":"it-IT","@id":"https:\/\/isve.com\/it\/#\/schema\/logo\/image\/","url":"https:\/\/isve.com\/wp-content\/uploads\/2026\/01\/logo-isve-spa.png","contentUrl":"https:\/\/isve.com\/wp-content\/uploads\/2026\/01\/logo-isve-spa.png","width":600,"height":173,"caption":"ISVE S.p.A."},"image":{"@id":"https:\/\/isve.com\/it\/#\/schema\/logo\/image\/"},"sameAs":["https:\/\/www.linkedin.com\/company\/69445471","https:\/\/www.youtube.com\/@isves.p.a.8894"]}]}},"_links":{"self":[{"href":"https:\/\/isve.com\/it\/wp-json\/wp\/v2\/pages\/14606","targetHints":{"allow":["GET"]}}],"collection":[{"href":"https:\/\/isve.com\/it\/wp-json\/wp\/v2\/pages"}],"about":[{"href":"https:\/\/isve.com\/it\/wp-json\/wp\/v2\/types\/page"}],"author":[{"embeddable":true,"href":"https:\/\/isve.com\/it\/wp-json\/wp\/v2\/users\/1"}],"replies":[{"embeddable":true,"href":"https:\/\/isve.com\/it\/wp-json\/wp\/v2\/comments?post=14606"}],"version-history":[{"count":0,"href":"https:\/\/isve.com\/it\/wp-json\/wp\/v2\/pages\/14606\/revisions"}],"up":[{"embeddable":true,"href":"https:\/\/isve.com\/it\/wp-json\/wp\/v2\/pages\/15959"}],"wp:featuredmedia":[{"embeddable":true,"href":"https:\/\/isve.com\/it\/wp-json\/wp\/v2\/media\/14607"}],"wp:attachment":[{"href":"https:\/\/isve.com\/it\/wp-json\/wp\/v2\/media?parent=14606"}],"wp:term":[{"taxonomy":"post_tag","embeddable":true,"href":"https:\/\/isve.com\/it\/wp-json\/wp\/v2\/tags?post=14606"},{"taxonomy":"impaginazione","embeddable":true,"href":"https:\/\/isve.com\/it\/wp-json\/wp\/v2\/impaginazione?post=14606"},{"taxonomy":"divisione","embeddable":true,"href":"https:\/\/isve.com\/it\/wp-json\/wp\/v2\/divisione?post=14606"},{"taxonomy":"categorie_modelli","embeddable":true,"href":"https:\/\/isve.com\/it\/wp-json\/wp\/v2\/categorie_modelli?post=14606"}],"curies":[{"name":"wp","href":"https:\/\/api.w.org\/{rel}","templated":true}]}}