{"id":14581,"date":"2019-12-18T11:57:39","date_gmt":"2019-12-18T10:57:39","guid":{"rendered":"https:\/\/isve.com\/impregnazione-a-vuoto-del-legno-stato-della-tecnica\/"},"modified":"2025-04-14T19:31:24","modified_gmt":"2025-04-14T17:31:24","slug":"impregnazione-a-vuoto-del-legno-stato-della-tecnica","status":"publish","type":"page","link":"https:\/\/isve.com\/it\/trattamento-legno\/impregnazione-a-vuoto-del-legno-stato-della-tecnica\/","title":{"rendered":"Impregnazione a vuoto del legno: stato della tecnica"},"content":{"rendered":"<h3><strong>Gli impianti d&#8217;impregnazione a vuoto del legno lavorano con limitate quantit\u00e0 di soluzione impregnante.<\/strong><\/h3>\n<p>L\u2019impregnazione in autoclave durante la sua prima fase di sviluppo, intendeva conferire caratteristiche di <strong>durabilit\u00e0<\/strong> e <strong>protezione<\/strong> del legno lavorato.\u00a0Con le crescenti aspettative del mercato e con la maggiore richiesta di elevati standard qualitativi, si \u00e8 affermata la necessit\u00e0 di conferire <strong>caratteristiche estetiche<\/strong> al legno, come la colorazione, la correzione di possibili difetti ed irregolarit\u00e0 e l\u2019esaltazione della &#8220;vena&#8221; tipica di ciascuna essenza.<\/p>\n<p>La verniciatura applicata a grandi spessori e senza possibilit\u00e0 di far respirare il legno, con il tempo \u00e8 stata modificata grazie alla realizzazione di <strong>pellicole fini<\/strong> e <strong>lacche<\/strong>.\u00a0Questi prodotti, oltre ad essere pi\u00f9 <strong>convenienti<\/strong>, rendono molto apprezzabili le superfici trattate sotto il profilo estetico e tattile.\u00a0Tuttavia fin dalle prime operazioni di lavorazione, la minor protezione si ripercuote su un importantissimo fattore: <strong>la durata<\/strong>.<\/p>\n<hr \/>\n<h3><strong>Proposta ISVE<\/strong><\/h3>\n<p>La realizzazione degli <strong>impianti di impregnazione a vuoto mod. IMP-PG<\/strong>, studiati per poter lavorare con <strong>limitate quantit\u00e0 di soluzione impregnante<\/strong> immobilizzata nell\u2019impianto, ha reso possibile <strong>prima<\/strong> l\u2019applicazione di <strong>impregnanti<\/strong> incolori o colorati e <strong>poi <\/strong>vernici di<strong> fondo<\/strong> e <strong>finitura<\/strong>.<\/p>\n<p>L\u2019impianto, <strong>ermeticamente chiuso<\/strong> e a ciclo automatico <strong>elimina<\/strong> la necessit\u00e0 di:<\/p>\n<p>a) utilizzare personale specializzato.<br \/>\nb) adottare costose attrezzature per il trattamento e filtrazione dei residui della verniciatura.<br \/>\nc) consumare pi\u00f9 prodotto verniciante del necessario.<br \/>\nd) effettuare gravosi controlli per garantire un valore di qualit\u00e0 costante.<\/p>\n<p>Inoltre <strong>garantisce<\/strong>:<\/p>\n<ol>\n<li>Di utilizzare nello stesso impianto un\u2019ampia gamma di prodotti impregnanti per la protezione o la cura contro il tarlo, le termiti, i funghi, ecc., per legni sottoposti alle classi di rischio 1, 2 e 3.<\/li>\n<li>Protezione perfettamente omogenea contro i raggi solari.<\/li>\n<li>Protezione contro l\u2019umidit\u00e0 e l\u2019acqua: l\u2019applicazione perfettamente omogenea impermeabilizza fino all\u2019ultimo microporo e rende il legno idrofobo.<\/li>\n<li>Processo innovatore di verniciatura, che permette un\u2019applicazione perfettamente omogenea e una totale penetrazione della resina nei giunti, fessure e zone deboli che con altri processi non vengono protetti.<\/li>\n<li>Le caratteristiche di fissazione riguardanti l\u2019applicazione del prodotto verniciante in assenza di aria con l\u2019applicazione del doppio vuoto (vac-vac) permettono la sua penetrazione anche nelle porosit\u00e0 pi\u00f9 piccole, ottenendo una durabilit\u00e0 3 o 4 volte superiore alla verniciatura convenzionale.<\/li>\n<li>Massima tenuta tra finitura e fondo<\/li>\n<li>Notevole riduzione del tempo di preparazione delle superfici dopo l\u2019applicazione del fondo grazie al ridottissimo fenomeno del &#8220;sollevamento del pelo&#8221;<\/li>\n<li>Recupero di tutto il prodotto non applicato sui pezzi.<\/li>\n<li>Non si verifica alcuno scarto.<\/li>\n<\/ol>\n","protected":false},"excerpt":{"rendered":"<p>Gli impianti d&#8217;impregnazione a vuoto del legno lavorano con limitate quantit\u00e0 di soluzione impregnante. L\u2019impregnazione in autoclave durante la sua prima fase di sviluppo, intendeva conferire caratteristiche di durabilit\u00e0 e protezione del legno lavorato.\u00a0Con le crescenti aspettative del mercato e con la maggiore richiesta di elevati standard qualitativi, si \u00e8 affermata la necessit\u00e0 di conferire&hellip;<\/p>\n","protected":false},"author":1,"featured_media":14582,"parent":15959,"menu_order":315,"comment_status":"closed","ping_status":"closed","template":"","meta":{"_acf_changed":false,"footnotes":""},"tags":[],"impaginazione":[],"divisione":[3690],"categorie_modelli":[],"class_list":["post-14581","page","type-page","status-publish","has-post-thumbnail","hentry","divisione-isve-wood","description-off"],"acf":[],"yoast_head":"<!-- This site is optimized with the Yoast SEO plugin v27.4 - https:\/\/yoast.com\/product\/yoast-seo-wordpress\/ -->\n<title>Impregnazione a vuoto del legno: stato della tecnica - ISVE SpA - Trattamento legno - Riciclaggio - Macinatori Trituratori<\/title>\n<meta name=\"robots\" content=\"index, follow, max-snippet:-1, max-image-preview:large, max-video-preview:-1\" \/>\n<link rel=\"canonical\" href=\"https:\/\/isve.com\/it\/trattamento-legno\/impregnazione-a-vuoto-del-legno-stato-della-tecnica\/\" \/>\n<meta property=\"og:locale\" content=\"it_IT\" \/>\n<meta property=\"og:type\" content=\"article\" \/>\n<meta property=\"og:title\" content=\"Impregnazione a vuoto del legno: stato della tecnica - ISVE SpA - Trattamento legno - Riciclaggio - Macinatori Trituratori\" \/>\n<meta property=\"og:description\" content=\"Gli impianti d&#8217;impregnazione a vuoto del legno lavorano con limitate quantit\u00e0 di soluzione impregnante. L\u2019impregnazione in autoclave durante la sua prima fase di sviluppo, intendeva conferire caratteristiche di durabilit\u00e0 e protezione del legno lavorato.\u00a0Con le crescenti aspettative del mercato e con la maggiore richiesta di elevati standard qualitativi, si \u00e8 affermata la necessit\u00e0 di conferire&hellip;\" \/>\n<meta property=\"og:url\" content=\"https:\/\/isve.com\/it\/trattamento-legno\/impregnazione-a-vuoto-del-legno-stato-della-tecnica\/\" \/>\n<meta property=\"og:site_name\" content=\"ISVE SpA - Trattamento legno - Riciclaggio - Macinatori Trituratori\" \/>\n<meta property=\"article:modified_time\" content=\"2025-04-14T17:31:24+00:00\" \/>\n<meta property=\"og:image\" content=\"https:\/\/isve.com\/wp-content\/uploads\/impr\/gn\/impregnatori_serie-imp-pg_larga3.jpg\" \/>\n\t<meta property=\"og:image:width\" content=\"1400\" \/>\n\t<meta property=\"og:image:height\" content=\"638\" \/>\n\t<meta property=\"og:image:type\" content=\"image\/jpeg\" \/>\n<meta name=\"twitter:card\" content=\"summary_large_image\" \/>\n<meta name=\"twitter:label1\" content=\"Tempo di lettura stimato\" \/>\n\t<meta name=\"twitter:data1\" content=\"2 minuti\" \/>\n<script type=\"application\/ld+json\" class=\"yoast-schema-graph\">{\"@context\":\"https:\\\/\\\/schema.org\",\"@graph\":[{\"@type\":\"WebPage\",\"@id\":\"https:\\\/\\\/isve.com\\\/it\\\/trattamento-legno\\\/impregnazione-a-vuoto-del-legno-stato-della-tecnica\\\/\",\"url\":\"https:\\\/\\\/isve.com\\\/it\\\/trattamento-legno\\\/impregnazione-a-vuoto-del-legno-stato-della-tecnica\\\/\",\"name\":\"Impregnazione a vuoto del legno: stato della tecnica - ISVE SpA - Trattamento legno - Riciclaggio - Macinatori Trituratori\",\"isPartOf\":{\"@id\":\"https:\\\/\\\/isve.com\\\/it\\\/#website\"},\"primaryImageOfPage\":{\"@id\":\"https:\\\/\\\/isve.com\\\/it\\\/trattamento-legno\\\/impregnazione-a-vuoto-del-legno-stato-della-tecnica\\\/#primaryimage\"},\"image\":{\"@id\":\"https:\\\/\\\/isve.com\\\/it\\\/trattamento-legno\\\/impregnazione-a-vuoto-del-legno-stato-della-tecnica\\\/#primaryimage\"},\"thumbnailUrl\":\"https:\\\/\\\/isve.com\\\/wp-content\\\/uploads\\\/impr\\\/gn\\\/impregnatori_serie-imp-pg_larga3.jpg\",\"datePublished\":\"2019-12-18T10:57:39+00:00\",\"dateModified\":\"2025-04-14T17:31:24+00:00\",\"breadcrumb\":{\"@id\":\"https:\\\/\\\/isve.com\\\/it\\\/trattamento-legno\\\/impregnazione-a-vuoto-del-legno-stato-della-tecnica\\\/#breadcrumb\"},\"inLanguage\":\"it-IT\",\"potentialAction\":[{\"@type\":\"ReadAction\",\"target\":[\"https:\\\/\\\/isve.com\\\/it\\\/trattamento-legno\\\/impregnazione-a-vuoto-del-legno-stato-della-tecnica\\\/\"]}]},{\"@type\":\"ImageObject\",\"inLanguage\":\"it-IT\",\"@id\":\"https:\\\/\\\/isve.com\\\/it\\\/trattamento-legno\\\/impregnazione-a-vuoto-del-legno-stato-della-tecnica\\\/#primaryimage\",\"url\":\"https:\\\/\\\/isve.com\\\/wp-content\\\/uploads\\\/impr\\\/gn\\\/impregnatori_serie-imp-pg_larga3.jpg\",\"contentUrl\":\"https:\\\/\\\/isve.com\\\/wp-content\\\/uploads\\\/impr\\\/gn\\\/impregnatori_serie-imp-pg_larga3.jpg\",\"width\":1400,\"height\":638},{\"@type\":\"BreadcrumbList\",\"@id\":\"https:\\\/\\\/isve.com\\\/it\\\/trattamento-legno\\\/impregnazione-a-vuoto-del-legno-stato-della-tecnica\\\/#breadcrumb\",\"itemListElement\":[{\"@type\":\"ListItem\",\"position\":1,\"name\":\"Home\",\"item\":\"https:\\\/\\\/isve.com\\\/it\\\/\"},{\"@type\":\"ListItem\",\"position\":2,\"name\":\"Wood Treatment\",\"item\":\"https:\\\/\\\/isve.com\\\/it\\\/trattamento-legno\\\/\"},{\"@type\":\"ListItem\",\"position\":3,\"name\":\"Impregnazione a vuoto del legno: stato della tecnica\"}]},{\"@type\":\"WebSite\",\"@id\":\"https:\\\/\\\/isve.com\\\/it\\\/#website\",\"url\":\"https:\\\/\\\/isve.com\\\/it\\\/\",\"name\":\"ISVE S.p.A.\",\"description\":\"Sistemi per trattamento del legno e triturazione macinazione granulazione\",\"publisher\":{\"@id\":\"https:\\\/\\\/isve.com\\\/it\\\/#organization\"},\"potentialAction\":[{\"@type\":\"SearchAction\",\"target\":{\"@type\":\"EntryPoint\",\"urlTemplate\":\"https:\\\/\\\/isve.com\\\/it\\\/?s={search_term_string}\"},\"query-input\":{\"@type\":\"PropertyValueSpecification\",\"valueRequired\":true,\"valueName\":\"search_term_string\"}}],\"inLanguage\":\"it-IT\"},{\"@type\":\"Organization\",\"@id\":\"https:\\\/\\\/isve.com\\\/it\\\/#organization\",\"name\":\"ISVE S.p.A.\",\"url\":\"https:\\\/\\\/isve.com\\\/it\\\/\",\"logo\":{\"@type\":\"ImageObject\",\"inLanguage\":\"it-IT\",\"@id\":\"https:\\\/\\\/isve.com\\\/it\\\/#\\\/schema\\\/logo\\\/image\\\/\",\"url\":\"https:\\\/\\\/isve.com\\\/wp-content\\\/uploads\\\/2026\\\/01\\\/logo-isve-spa.png\",\"contentUrl\":\"https:\\\/\\\/isve.com\\\/wp-content\\\/uploads\\\/2026\\\/01\\\/logo-isve-spa.png\",\"width\":600,\"height\":173,\"caption\":\"ISVE S.p.A.\"},\"image\":{\"@id\":\"https:\\\/\\\/isve.com\\\/it\\\/#\\\/schema\\\/logo\\\/image\\\/\"},\"sameAs\":[\"https:\\\/\\\/www.linkedin.com\\\/company\\\/69445471\",\"https:\\\/\\\/www.youtube.com\\\/@isves.p.a.8894\"]}]}<\/script>\n<!-- \/ Yoast SEO plugin. -->","yoast_head_json":{"title":"Impregnazione a vuoto del legno: stato della tecnica - ISVE SpA - Trattamento legno - Riciclaggio - Macinatori Trituratori","robots":{"index":"index","follow":"follow","max-snippet":"max-snippet:-1","max-image-preview":"max-image-preview:large","max-video-preview":"max-video-preview:-1"},"canonical":"https:\/\/isve.com\/it\/trattamento-legno\/impregnazione-a-vuoto-del-legno-stato-della-tecnica\/","og_locale":"it_IT","og_type":"article","og_title":"Impregnazione a vuoto del legno: stato della tecnica - ISVE SpA - Trattamento legno - Riciclaggio - Macinatori Trituratori","og_description":"Gli impianti d&#8217;impregnazione a vuoto del legno lavorano con limitate quantit\u00e0 di soluzione impregnante. L\u2019impregnazione in autoclave durante la sua prima fase di sviluppo, intendeva conferire caratteristiche di durabilit\u00e0 e protezione del legno lavorato.\u00a0Con le crescenti aspettative del mercato e con la maggiore richiesta di elevati standard qualitativi, si \u00e8 affermata la necessit\u00e0 di conferire&hellip;","og_url":"https:\/\/isve.com\/it\/trattamento-legno\/impregnazione-a-vuoto-del-legno-stato-della-tecnica\/","og_site_name":"ISVE SpA - Trattamento legno - Riciclaggio - Macinatori Trituratori","article_modified_time":"2025-04-14T17:31:24+00:00","og_image":[{"width":1400,"height":638,"url":"https:\/\/isve.com\/wp-content\/uploads\/impr\/gn\/impregnatori_serie-imp-pg_larga3.jpg","type":"image\/jpeg"}],"twitter_card":"summary_large_image","twitter_misc":{"Tempo di lettura stimato":"2 minuti"},"schema":{"@context":"https:\/\/schema.org","@graph":[{"@type":"WebPage","@id":"https:\/\/isve.com\/it\/trattamento-legno\/impregnazione-a-vuoto-del-legno-stato-della-tecnica\/","url":"https:\/\/isve.com\/it\/trattamento-legno\/impregnazione-a-vuoto-del-legno-stato-della-tecnica\/","name":"Impregnazione a vuoto del legno: stato della tecnica - ISVE SpA - Trattamento legno - Riciclaggio - Macinatori Trituratori","isPartOf":{"@id":"https:\/\/isve.com\/it\/#website"},"primaryImageOfPage":{"@id":"https:\/\/isve.com\/it\/trattamento-legno\/impregnazione-a-vuoto-del-legno-stato-della-tecnica\/#primaryimage"},"image":{"@id":"https:\/\/isve.com\/it\/trattamento-legno\/impregnazione-a-vuoto-del-legno-stato-della-tecnica\/#primaryimage"},"thumbnailUrl":"https:\/\/isve.com\/wp-content\/uploads\/impr\/gn\/impregnatori_serie-imp-pg_larga3.jpg","datePublished":"2019-12-18T10:57:39+00:00","dateModified":"2025-04-14T17:31:24+00:00","breadcrumb":{"@id":"https:\/\/isve.com\/it\/trattamento-legno\/impregnazione-a-vuoto-del-legno-stato-della-tecnica\/#breadcrumb"},"inLanguage":"it-IT","potentialAction":[{"@type":"ReadAction","target":["https:\/\/isve.com\/it\/trattamento-legno\/impregnazione-a-vuoto-del-legno-stato-della-tecnica\/"]}]},{"@type":"ImageObject","inLanguage":"it-IT","@id":"https:\/\/isve.com\/it\/trattamento-legno\/impregnazione-a-vuoto-del-legno-stato-della-tecnica\/#primaryimage","url":"https:\/\/isve.com\/wp-content\/uploads\/impr\/gn\/impregnatori_serie-imp-pg_larga3.jpg","contentUrl":"https:\/\/isve.com\/wp-content\/uploads\/impr\/gn\/impregnatori_serie-imp-pg_larga3.jpg","width":1400,"height":638},{"@type":"BreadcrumbList","@id":"https:\/\/isve.com\/it\/trattamento-legno\/impregnazione-a-vuoto-del-legno-stato-della-tecnica\/#breadcrumb","itemListElement":[{"@type":"ListItem","position":1,"name":"Home","item":"https:\/\/isve.com\/it\/"},{"@type":"ListItem","position":2,"name":"Wood Treatment","item":"https:\/\/isve.com\/it\/trattamento-legno\/"},{"@type":"ListItem","position":3,"name":"Impregnazione a vuoto del legno: stato della tecnica"}]},{"@type":"WebSite","@id":"https:\/\/isve.com\/it\/#website","url":"https:\/\/isve.com\/it\/","name":"ISVE S.p.A.","description":"Sistemi per trattamento del legno e triturazione macinazione granulazione","publisher":{"@id":"https:\/\/isve.com\/it\/#organization"},"potentialAction":[{"@type":"SearchAction","target":{"@type":"EntryPoint","urlTemplate":"https:\/\/isve.com\/it\/?s={search_term_string}"},"query-input":{"@type":"PropertyValueSpecification","valueRequired":true,"valueName":"search_term_string"}}],"inLanguage":"it-IT"},{"@type":"Organization","@id":"https:\/\/isve.com\/it\/#organization","name":"ISVE S.p.A.","url":"https:\/\/isve.com\/it\/","logo":{"@type":"ImageObject","inLanguage":"it-IT","@id":"https:\/\/isve.com\/it\/#\/schema\/logo\/image\/","url":"https:\/\/isve.com\/wp-content\/uploads\/2026\/01\/logo-isve-spa.png","contentUrl":"https:\/\/isve.com\/wp-content\/uploads\/2026\/01\/logo-isve-spa.png","width":600,"height":173,"caption":"ISVE S.p.A."},"image":{"@id":"https:\/\/isve.com\/it\/#\/schema\/logo\/image\/"},"sameAs":["https:\/\/www.linkedin.com\/company\/69445471","https:\/\/www.youtube.com\/@isves.p.a.8894"]}]}},"_links":{"self":[{"href":"https:\/\/isve.com\/it\/wp-json\/wp\/v2\/pages\/14581","targetHints":{"allow":["GET"]}}],"collection":[{"href":"https:\/\/isve.com\/it\/wp-json\/wp\/v2\/pages"}],"about":[{"href":"https:\/\/isve.com\/it\/wp-json\/wp\/v2\/types\/page"}],"author":[{"embeddable":true,"href":"https:\/\/isve.com\/it\/wp-json\/wp\/v2\/users\/1"}],"replies":[{"embeddable":true,"href":"https:\/\/isve.com\/it\/wp-json\/wp\/v2\/comments?post=14581"}],"version-history":[{"count":0,"href":"https:\/\/isve.com\/it\/wp-json\/wp\/v2\/pages\/14581\/revisions"}],"up":[{"embeddable":true,"href":"https:\/\/isve.com\/it\/wp-json\/wp\/v2\/pages\/15959"}],"wp:featuredmedia":[{"embeddable":true,"href":"https:\/\/isve.com\/it\/wp-json\/wp\/v2\/media\/14582"}],"wp:attachment":[{"href":"https:\/\/isve.com\/it\/wp-json\/wp\/v2\/media?parent=14581"}],"wp:term":[{"taxonomy":"post_tag","embeddable":true,"href":"https:\/\/isve.com\/it\/wp-json\/wp\/v2\/tags?post=14581"},{"taxonomy":"impaginazione","embeddable":true,"href":"https:\/\/isve.com\/it\/wp-json\/wp\/v2\/impaginazione?post=14581"},{"taxonomy":"divisione","embeddable":true,"href":"https:\/\/isve.com\/it\/wp-json\/wp\/v2\/divisione?post=14581"},{"taxonomy":"categorie_modelli","embeddable":true,"href":"https:\/\/isve.com\/it\/wp-json\/wp\/v2\/categorie_modelli?post=14581"}],"curies":[{"name":"wp","href":"https:\/\/api.w.org\/{rel}","templated":true}]}}