{"id":14544,"date":"2019-12-17T15:52:13","date_gmt":"2019-12-17T14:52:13","guid":{"rendered":"https:\/\/isve.com\/impregnatori-legno-imp-pg\/"},"modified":"2025-09-05T12:28:48","modified_gmt":"2025-09-05T10:28:48","slug":"impregnatori-legno-imp-pg","status":"publish","type":"page","link":"https:\/\/isve.com\/it\/trattamento-legno\/impregnatori-legno-imp-pg\/","title":{"rendered":"Impregnatori legno IMP-PG"},"content":{"rendered":"<h3><strong>Impregnatori a doppio vuoto IMP-PG<\/strong><\/h3>\n<p><strong>Il sistema d&#8217;impregnazione e verniciatura del legno in autoclave:<br \/>\nElevato assorbimento e penetrazione del prodotto<\/strong><\/p>\n<p>L\u2019impianto si compone di un\u2019<strong>autoclave<\/strong> (<strong>1<\/strong>) di grosso spessore atta a sopportare una depressione massima di 400 mmHg o di 700 mmHg.<\/p>\n<p>Gli elementi da trattare si caricano in modo opportuno su un <strong>telaio mobile<\/strong> (<strong>18<\/strong>) provvisto di carro, che viene introdotto nell\u2019autoclave tramite rotaie fissate all\u2019interno nella parte inferiore e superiore.<\/p>\n<p>Sul fondo dell\u2019autoclave \u00e8 presente il <strong>deposito<\/strong> (<strong>2<\/strong>) in cui vengono versati 70-100 litri di soluzione impregnante o vernice.<\/p>\n<p>Per mezzo di una <strong>pompa<\/strong> (<strong>4<\/strong>) il prodotto viene inviato ad una serie di <strong>bocchette<\/strong> (<strong>7<\/strong>) nebulizzatrici distribuite a stella in un <strong>carrello<\/strong> (<strong>6<\/strong>) che si muove per tutta la lunghezza dell\u2019autoclave con moto orizzontale alternato.<\/p>\n<p><img fetchpriority=\"high\" decoding=\"async\" class=\"wp-image-4825 size-full aligncenter\" src=\"https:\/\/isve.com\/wp-content\/uploads\/impregnatori-imp-pg-descrizione.png\" alt=\"\" width=\"752\" height=\"524\" \/><\/p>\n<p>Un ciclo di trattamento standard della durata di circa 20-30 minuti, prevede:<\/p>\n<ol>\n<li>Una fase di <strong>vuoto iniziale<\/strong> per ottenere l\u2019evacuazione dell\u2019aria dai pori del legno.<\/li>\n<li>Un <strong>trattamento<\/strong> dei pezzi, con impregnante o vernice finemente nebulizzata. L\u2019impianto in questa fase pu\u00f2 lavorare sia mantenendo il vuoto costante che facendo entrare l\u2019aria per aiutare il prodotto a penetrare in profondit\u00e0 nel legno.<\/li>\n<li>Una <strong>serie di ricambi d\u2019aria<\/strong> all\u2019interno dell\u2019autoclave per facilitare lo sgocciolamento, l\u2019essiccazione e la passivazione dei pezzi trattati.<\/li>\n<\/ol>\n<p>Questo trattamento garantisce:<\/p>\n<ul>\n<li><strong>Quando si utilizzano impregnanti<\/strong>: un assorbimento \/ penetrazione 3-6 mm. nella parte bianca.<\/li>\n<li><strong>Quando si utilizzano vernici di fondo\/finitura<\/strong>: un\u2019elevatissima penetrazione e aderenza della vernice alla superficie interna dei pori del legno, risultato che si pu\u00f2 ottenere solo grazie all\u2019azione del vuoto.<\/li>\n<\/ul>\n<p>L\u2019<strong>eccezionale aderenza e penetrazione della vernice di fondo<\/strong> \u00e8 l\u2019unica garanzia per una perfetta e duratura resistenza alla mano di finitura, sia che venga applicata con lo stesso impianto o con altre tecniche.<\/p>\n<p>&nbsp;<\/p>\n<p><img decoding=\"async\" class=\"size-full wp-image-4829 aligncenter\" src=\"https:\/\/isve.com\/wp-content\/uploads\/impregnatori-imp-pg-descrizione2.png\" alt=\"\" width=\"932\" height=\"336\" \/><\/p>\n<p>&nbsp;<\/p>\n<blockquote><p><strong>Garanzia del risultato.<br \/>\n<\/strong>Grazie al funzionamento completamente automatico della macchina, si esclude qualsiasi possibile errore umano.<\/p>\n<p><strong>Il massimo rispetto per l\u2019ambiente di lavoro<\/strong>.<br \/>\nLa pompa a vuoto, che aspira l\u2019aria contenuta nell\u2019autoclave \u00e8 di tipo ad anello liquido, cio\u00e8 utilizza acqua a circuito chiuso.<\/p><\/blockquote>\n<p>Il sistema di impregnazione e verniciatura funziona in un autoclave perfettamente ermetica che <strong>impedisce la fuoriuscita di qualsiasi tipo di odore<\/strong>. Una volta terminato il processo, il prodotto pu\u00f2 essere interamente recuperato rinviandolo al deposito corrispondente.<\/p>\n<p>L\u2019acqua utilizzata per il lavaggio dell\u2019aria aspirata, sar\u00e0 continuamente riciclata e periodicamente dovr\u00e0 essere scaricata e cambiata. La stessa pu\u00f2 contenere durante il prosciugamento sostanze inquinanti costituite sostanzialmente da prodotti chimici dei prodotti vernicianti.<\/p>\n<p>Le autoclavi sono costruite in funzione della dimensione dei pezzi da trattare.\u00a0I pezzi escono dall\u2019autoclave perfettamente sgocciolati, trattati o verniciati.<\/p>\n","protected":false},"excerpt":{"rendered":"<p>Impregnatori a doppio vuoto IMP-PG Il sistema d&#8217;impregnazione e verniciatura del legno in autoclave: Elevato assorbimento e penetrazione del prodotto L\u2019impianto si compone di un\u2019autoclave (1) di grosso spessore atta a sopportare una depressione massima di 400 mmHg o di 700 mmHg. Gli elementi da trattare si caricano in modo opportuno su un telaio mobile&hellip;<\/p>\n","protected":false},"author":1,"featured_media":14545,"parent":15959,"menu_order":312,"comment_status":"closed","ping_status":"closed","template":"","meta":{"_acf_changed":false,"footnotes":""},"tags":[],"impaginazione":[3692],"divisione":[3690],"categorie_modelli":[3725],"class_list":["post-14544","page","type-page","status-publish","has-post-thumbnail","hentry","impaginazione-modello-prodotto","divisione-isve-wood","categorie_modelli-impregnatori-legno-imp-pg","description-off"],"acf":[],"yoast_head":"<!-- This site is optimized with the Yoast SEO plugin v27.4 - https:\/\/yoast.com\/product\/yoast-seo-wordpress\/ -->\n<title>Impregnatori legno IMP-PG - ISVE SpA - Trattamento legno - Riciclaggio - Macinatori Trituratori<\/title>\n<meta name=\"robots\" content=\"index, follow, max-snippet:-1, max-image-preview:large, max-video-preview:-1\" \/>\n<link rel=\"canonical\" href=\"https:\/\/isve.com\/it\/trattamento-legno\/impregnatori-legno-imp-pg\/\" \/>\n<meta property=\"og:locale\" content=\"it_IT\" \/>\n<meta property=\"og:type\" content=\"article\" \/>\n<meta property=\"og:title\" content=\"Impregnatori legno IMP-PG - ISVE SpA - Trattamento legno - Riciclaggio - Macinatori Trituratori\" \/>\n<meta property=\"og:description\" content=\"Impregnatori a doppio vuoto IMP-PG Il sistema d&#8217;impregnazione e verniciatura del legno in autoclave: Elevato assorbimento e penetrazione del prodotto L\u2019impianto si compone di un\u2019autoclave (1) di grosso spessore atta a sopportare una depressione massima di 400 mmHg o di 700 mmHg. Gli elementi da trattare si caricano in modo opportuno su un telaio mobile&hellip;\" \/>\n<meta property=\"og:url\" content=\"https:\/\/isve.com\/it\/trattamento-legno\/impregnatori-legno-imp-pg\/\" \/>\n<meta property=\"og:site_name\" content=\"ISVE SpA - Trattamento legno - Riciclaggio - Macinatori Trituratori\" \/>\n<meta property=\"article:modified_time\" content=\"2025-09-05T10:28:48+00:00\" \/>\n<meta property=\"og:image\" content=\"https:\/\/isve.com\/wp-content\/uploads\/IMP-\/G_\/IMP-PG_lato_1.jpg\" \/>\n\t<meta property=\"og:image:width\" content=\"1920\" \/>\n\t<meta property=\"og:image:height\" content=\"607\" \/>\n\t<meta property=\"og:image:type\" content=\"image\/jpeg\" \/>\n<meta name=\"twitter:card\" content=\"summary_large_image\" \/>\n<meta name=\"twitter:label1\" content=\"Tempo di lettura stimato\" \/>\n\t<meta name=\"twitter:data1\" content=\"2 minuti\" \/>\n<script type=\"application\/ld+json\" class=\"yoast-schema-graph\">{\"@context\":\"https:\\\/\\\/schema.org\",\"@graph\":[{\"@type\":\"WebPage\",\"@id\":\"https:\\\/\\\/isve.com\\\/it\\\/trattamento-legno\\\/impregnatori-legno-imp-pg\\\/\",\"url\":\"https:\\\/\\\/isve.com\\\/it\\\/trattamento-legno\\\/impregnatori-legno-imp-pg\\\/\",\"name\":\"Impregnatori legno IMP-PG - ISVE SpA - Trattamento legno - Riciclaggio - Macinatori Trituratori\",\"isPartOf\":{\"@id\":\"https:\\\/\\\/isve.com\\\/it\\\/#website\"},\"primaryImageOfPage\":{\"@id\":\"https:\\\/\\\/isve.com\\\/it\\\/trattamento-legno\\\/impregnatori-legno-imp-pg\\\/#primaryimage\"},\"image\":{\"@id\":\"https:\\\/\\\/isve.com\\\/it\\\/trattamento-legno\\\/impregnatori-legno-imp-pg\\\/#primaryimage\"},\"thumbnailUrl\":\"https:\\\/\\\/isve.com\\\/wp-content\\\/uploads\\\/IMP-\\\/G_\\\/IMP-PG_lato_1.jpg\",\"datePublished\":\"2019-12-17T14:52:13+00:00\",\"dateModified\":\"2025-09-05T10:28:48+00:00\",\"breadcrumb\":{\"@id\":\"https:\\\/\\\/isve.com\\\/it\\\/trattamento-legno\\\/impregnatori-legno-imp-pg\\\/#breadcrumb\"},\"inLanguage\":\"it-IT\",\"potentialAction\":[{\"@type\":\"ReadAction\",\"target\":[\"https:\\\/\\\/isve.com\\\/it\\\/trattamento-legno\\\/impregnatori-legno-imp-pg\\\/\"]}]},{\"@type\":\"ImageObject\",\"inLanguage\":\"it-IT\",\"@id\":\"https:\\\/\\\/isve.com\\\/it\\\/trattamento-legno\\\/impregnatori-legno-imp-pg\\\/#primaryimage\",\"url\":\"https:\\\/\\\/isve.com\\\/wp-content\\\/uploads\\\/IMP-\\\/G_\\\/IMP-PG_lato_1.jpg\",\"contentUrl\":\"https:\\\/\\\/isve.com\\\/wp-content\\\/uploads\\\/IMP-\\\/G_\\\/IMP-PG_lato_1.jpg\",\"width\":1920,\"height\":607},{\"@type\":\"BreadcrumbList\",\"@id\":\"https:\\\/\\\/isve.com\\\/it\\\/trattamento-legno\\\/impregnatori-legno-imp-pg\\\/#breadcrumb\",\"itemListElement\":[{\"@type\":\"ListItem\",\"position\":1,\"name\":\"Home\",\"item\":\"https:\\\/\\\/isve.com\\\/it\\\/\"},{\"@type\":\"ListItem\",\"position\":2,\"name\":\"Wood Treatment\",\"item\":\"https:\\\/\\\/isve.com\\\/it\\\/trattamento-legno\\\/\"},{\"@type\":\"ListItem\",\"position\":3,\"name\":\"Impregnatori legno IMP-PG\"}]},{\"@type\":\"WebSite\",\"@id\":\"https:\\\/\\\/isve.com\\\/it\\\/#website\",\"url\":\"https:\\\/\\\/isve.com\\\/it\\\/\",\"name\":\"ISVE S.p.A.\",\"description\":\"Sistemi per trattamento del legno e triturazione macinazione granulazione\",\"publisher\":{\"@id\":\"https:\\\/\\\/isve.com\\\/it\\\/#organization\"},\"potentialAction\":[{\"@type\":\"SearchAction\",\"target\":{\"@type\":\"EntryPoint\",\"urlTemplate\":\"https:\\\/\\\/isve.com\\\/it\\\/?s={search_term_string}\"},\"query-input\":{\"@type\":\"PropertyValueSpecification\",\"valueRequired\":true,\"valueName\":\"search_term_string\"}}],\"inLanguage\":\"it-IT\"},{\"@type\":\"Organization\",\"@id\":\"https:\\\/\\\/isve.com\\\/it\\\/#organization\",\"name\":\"ISVE S.p.A.\",\"url\":\"https:\\\/\\\/isve.com\\\/it\\\/\",\"logo\":{\"@type\":\"ImageObject\",\"inLanguage\":\"it-IT\",\"@id\":\"https:\\\/\\\/isve.com\\\/it\\\/#\\\/schema\\\/logo\\\/image\\\/\",\"url\":\"https:\\\/\\\/isve.com\\\/wp-content\\\/uploads\\\/2026\\\/01\\\/logo-isve-spa.png\",\"contentUrl\":\"https:\\\/\\\/isve.com\\\/wp-content\\\/uploads\\\/2026\\\/01\\\/logo-isve-spa.png\",\"width\":600,\"height\":173,\"caption\":\"ISVE S.p.A.\"},\"image\":{\"@id\":\"https:\\\/\\\/isve.com\\\/it\\\/#\\\/schema\\\/logo\\\/image\\\/\"},\"sameAs\":[\"https:\\\/\\\/www.linkedin.com\\\/company\\\/69445471\",\"https:\\\/\\\/www.youtube.com\\\/@isves.p.a.8894\"]}]}<\/script>\n<!-- \/ Yoast SEO plugin. -->","yoast_head_json":{"title":"Impregnatori legno IMP-PG - ISVE SpA - Trattamento legno - Riciclaggio - Macinatori Trituratori","robots":{"index":"index","follow":"follow","max-snippet":"max-snippet:-1","max-image-preview":"max-image-preview:large","max-video-preview":"max-video-preview:-1"},"canonical":"https:\/\/isve.com\/it\/trattamento-legno\/impregnatori-legno-imp-pg\/","og_locale":"it_IT","og_type":"article","og_title":"Impregnatori legno IMP-PG - ISVE SpA - Trattamento legno - Riciclaggio - Macinatori Trituratori","og_description":"Impregnatori a doppio vuoto IMP-PG Il sistema d&#8217;impregnazione e verniciatura del legno in autoclave: Elevato assorbimento e penetrazione del prodotto L\u2019impianto si compone di un\u2019autoclave (1) di grosso spessore atta a sopportare una depressione massima di 400 mmHg o di 700 mmHg. Gli elementi da trattare si caricano in modo opportuno su un telaio mobile&hellip;","og_url":"https:\/\/isve.com\/it\/trattamento-legno\/impregnatori-legno-imp-pg\/","og_site_name":"ISVE SpA - Trattamento legno - Riciclaggio - Macinatori Trituratori","article_modified_time":"2025-09-05T10:28:48+00:00","og_image":[{"width":1920,"height":607,"url":"https:\/\/isve.com\/wp-content\/uploads\/IMP-\/G_\/IMP-PG_lato_1.jpg","type":"image\/jpeg"}],"twitter_card":"summary_large_image","twitter_misc":{"Tempo di lettura stimato":"2 minuti"},"schema":{"@context":"https:\/\/schema.org","@graph":[{"@type":"WebPage","@id":"https:\/\/isve.com\/it\/trattamento-legno\/impregnatori-legno-imp-pg\/","url":"https:\/\/isve.com\/it\/trattamento-legno\/impregnatori-legno-imp-pg\/","name":"Impregnatori legno IMP-PG - ISVE SpA - Trattamento legno - Riciclaggio - Macinatori Trituratori","isPartOf":{"@id":"https:\/\/isve.com\/it\/#website"},"primaryImageOfPage":{"@id":"https:\/\/isve.com\/it\/trattamento-legno\/impregnatori-legno-imp-pg\/#primaryimage"},"image":{"@id":"https:\/\/isve.com\/it\/trattamento-legno\/impregnatori-legno-imp-pg\/#primaryimage"},"thumbnailUrl":"https:\/\/isve.com\/wp-content\/uploads\/IMP-\/G_\/IMP-PG_lato_1.jpg","datePublished":"2019-12-17T14:52:13+00:00","dateModified":"2025-09-05T10:28:48+00:00","breadcrumb":{"@id":"https:\/\/isve.com\/it\/trattamento-legno\/impregnatori-legno-imp-pg\/#breadcrumb"},"inLanguage":"it-IT","potentialAction":[{"@type":"ReadAction","target":["https:\/\/isve.com\/it\/trattamento-legno\/impregnatori-legno-imp-pg\/"]}]},{"@type":"ImageObject","inLanguage":"it-IT","@id":"https:\/\/isve.com\/it\/trattamento-legno\/impregnatori-legno-imp-pg\/#primaryimage","url":"https:\/\/isve.com\/wp-content\/uploads\/IMP-\/G_\/IMP-PG_lato_1.jpg","contentUrl":"https:\/\/isve.com\/wp-content\/uploads\/IMP-\/G_\/IMP-PG_lato_1.jpg","width":1920,"height":607},{"@type":"BreadcrumbList","@id":"https:\/\/isve.com\/it\/trattamento-legno\/impregnatori-legno-imp-pg\/#breadcrumb","itemListElement":[{"@type":"ListItem","position":1,"name":"Home","item":"https:\/\/isve.com\/it\/"},{"@type":"ListItem","position":2,"name":"Wood Treatment","item":"https:\/\/isve.com\/it\/trattamento-legno\/"},{"@type":"ListItem","position":3,"name":"Impregnatori legno IMP-PG"}]},{"@type":"WebSite","@id":"https:\/\/isve.com\/it\/#website","url":"https:\/\/isve.com\/it\/","name":"ISVE S.p.A.","description":"Sistemi per trattamento del legno e triturazione macinazione granulazione","publisher":{"@id":"https:\/\/isve.com\/it\/#organization"},"potentialAction":[{"@type":"SearchAction","target":{"@type":"EntryPoint","urlTemplate":"https:\/\/isve.com\/it\/?s={search_term_string}"},"query-input":{"@type":"PropertyValueSpecification","valueRequired":true,"valueName":"search_term_string"}}],"inLanguage":"it-IT"},{"@type":"Organization","@id":"https:\/\/isve.com\/it\/#organization","name":"ISVE S.p.A.","url":"https:\/\/isve.com\/it\/","logo":{"@type":"ImageObject","inLanguage":"it-IT","@id":"https:\/\/isve.com\/it\/#\/schema\/logo\/image\/","url":"https:\/\/isve.com\/wp-content\/uploads\/2026\/01\/logo-isve-spa.png","contentUrl":"https:\/\/isve.com\/wp-content\/uploads\/2026\/01\/logo-isve-spa.png","width":600,"height":173,"caption":"ISVE S.p.A."},"image":{"@id":"https:\/\/isve.com\/it\/#\/schema\/logo\/image\/"},"sameAs":["https:\/\/www.linkedin.com\/company\/69445471","https:\/\/www.youtube.com\/@isves.p.a.8894"]}]}},"_links":{"self":[{"href":"https:\/\/isve.com\/it\/wp-json\/wp\/v2\/pages\/14544","targetHints":{"allow":["GET"]}}],"collection":[{"href":"https:\/\/isve.com\/it\/wp-json\/wp\/v2\/pages"}],"about":[{"href":"https:\/\/isve.com\/it\/wp-json\/wp\/v2\/types\/page"}],"author":[{"embeddable":true,"href":"https:\/\/isve.com\/it\/wp-json\/wp\/v2\/users\/1"}],"replies":[{"embeddable":true,"href":"https:\/\/isve.com\/it\/wp-json\/wp\/v2\/comments?post=14544"}],"version-history":[{"count":0,"href":"https:\/\/isve.com\/it\/wp-json\/wp\/v2\/pages\/14544\/revisions"}],"up":[{"embeddable":true,"href":"https:\/\/isve.com\/it\/wp-json\/wp\/v2\/pages\/15959"}],"wp:featuredmedia":[{"embeddable":true,"href":"https:\/\/isve.com\/it\/wp-json\/wp\/v2\/media\/14545"}],"wp:attachment":[{"href":"https:\/\/isve.com\/it\/wp-json\/wp\/v2\/media?parent=14544"}],"wp:term":[{"taxonomy":"post_tag","embeddable":true,"href":"https:\/\/isve.com\/it\/wp-json\/wp\/v2\/tags?post=14544"},{"taxonomy":"impaginazione","embeddable":true,"href":"https:\/\/isve.com\/it\/wp-json\/wp\/v2\/impaginazione?post=14544"},{"taxonomy":"divisione","embeddable":true,"href":"https:\/\/isve.com\/it\/wp-json\/wp\/v2\/divisione?post=14544"},{"taxonomy":"categorie_modelli","embeddable":true,"href":"https:\/\/isve.com\/it\/wp-json\/wp\/v2\/categorie_modelli?post=14544"}],"curies":[{"name":"wp","href":"https:\/\/api.w.org\/{rel}","templated":true}]}}