{"id":14501,"date":"2019-12-16T16:05:49","date_gmt":"2019-12-16T15:05:49","guid":{"rendered":"https:\/\/isve.com\/impregnatori-legno-imp-pg-introduzione\/"},"modified":"2026-02-03T11:24:43","modified_gmt":"2026-02-03T10:24:43","slug":"impregnatori-legno-imp-pg-introduzione","status":"publish","type":"page","link":"https:\/\/isve.com\/it\/trattamento-legno\/impregnatori-legno-imp-pg-introduzione\/","title":{"rendered":"Impregnatori a doppio vuoto IMP-PG: introduzione"},"content":{"rendered":"<h2><strong>Preservare il legno da agenti atmosferici e biologici come funghi, insetti e batteri.<\/strong><\/h2>\n<h3>Impregnatori a doppio vuoto IMP-PG:<br \/>\nideali per telai di finestre, griglie, persiane, porte o elementi sciolti.<\/h3>\n<p>Gli impianti di <strong>impregnazione legno sottovuoto<\/strong> IMP-PG di ISVE sono stati progettati con lo scopo preciso di <strong>preservare il legno<\/strong> dall\u2019attacco di <strong>agenti atmosferici e biologici<\/strong> come <strong>funghi<\/strong>, <strong>insetti<\/strong> e <strong>batteri<\/strong>.<\/p>\n<p>Questi impianti di impregnazione permettono infatti l\u2019applicazione ottimale di <strong>trattamenti protettivi specifici<\/strong>, scelti in base all\u2019essenza legnosa e alla classe di rischio. Il tutto senza stravolgere naturali caratteristiche delle diverse essenze legnose.<\/p>\n<p>La possibilit\u00e0 d\u2019impiegare <strong>impregnanti all\u2019acqua<\/strong> e la <strong>nebulizzazione<\/strong> del prodotto in un\u2019<strong>autoclave chiusa ermeticamente<\/strong> significano inoltre totale rispetto per l\u2019<strong>ambiente<\/strong>.<\/p>\n<p>Trattamenti <strong>CLASSE RISCHIO fino a 3<\/strong>.<br \/>\nTrattamenti <strong>ignifughi<\/strong>.<\/p>\n<p>&nbsp;<\/p>\n<p><img fetchpriority=\"high\" decoding=\"async\" class=\"alignnone wp-image-4800 size-large\" src=\"https:\/\/isve.com\/wp-content\/uploads\/impregnatori_serie-imp-pg_larga-1024x361.jpg\" alt=\"\" width=\"1024\" height=\"361\" \/><\/p>\n<p>&nbsp;<\/p>\n<h2><strong>Come funzionano gli impianti IMP-PG<\/strong><\/h2>\n<p>I pezzi da trattare vengono appesi ad un telaio mobile ed introdotti nell&#8217;autoclave, che esegue il procedimento in una sequenza automatica consistente in:<\/p>\n<ul>\n<li>una fase di vuoto iniziale per disareare i vasi del legno<\/li>\n<li>una successiva fase di immissione del prodotto impregnante, che viene nebulizzato con ugelli opportunamente disposti all&#8217;interno dell&#8217;autoclave<\/li>\n<li>una fase finale di stabilizzazione della pressione atmosferica<\/li>\n<\/ul>\n<p>Il procedimento pu\u00f2 essere programmato in modo da ottenere un&#8217;impregnazione pi\u00f9 o meno profonda secondo le necessit\u00e0 qualitative.\u00a0In linea di massima si possono eseguire 2\/3 cicli ora.\u00a0L&#8217;immobilizzo di prodotto impregnane \u00e8 molto esiguo (60-70 litri).<\/p>\n<h3><img decoding=\"async\" class=\"aligncenter wp-image-4526 size-large\" src=\"https:\/\/isve.com\/wp-content\/uploads\/impregnatori_img_imppg-1024x387.jpg\" alt=\"\" width=\"1024\" height=\"387\" \/><\/h3>\n<p>&nbsp;<\/p>\n<h2><strong>I vantaggi degli impianti IMP-PG<\/strong><\/h2>\n<p>L&#8217;utilizzo dell&#8217;<strong>impregnazione sottovuoto<\/strong>\u00a0di\u00a0<strong>semilavorati in legno\u00a0<\/strong>consente:<\/p>\n<ul>\n<li>una effettiva penetrazione del prodotto impregnante nei pezzi trattati, specie nelle zone di testa del legno e all&#8217;interno di fori o cavit\u00e0 dove \u00e8 pi\u00f9 necessaria la protezione,<\/li>\n<li>un ottimo ancoraggio del prodotto sulla superficie legnosa,<\/li>\n<li>assenza di esalazioni nocive,<\/li>\n<li>assenza di evaporazione dei solventi che compongono il prodotto impregnante,<\/li>\n<li>sensibile risparmio di prodotti impregnanti e vernici<\/li>\n<li>l&#8217;utilizzo, nello stesso impianto, di un\u2019ampia gamma di prodotti impregnanti per la protezione o la cura contro il tarlo, le termiti, i funghi, ecc., per legni sottoposti alle classi di rischio 1, 2 e 3.<\/li>\n<li>protezione omogenea del legno contro i raggi solari<\/li>\n<li>protezione totale contro l\u2019umidit\u00e0 e l\u2019acqua<\/li>\n<li>applicazione omogenea delle vernici e totale penetrazione della resina nei giunti, fessure e zone deboli (non protette con altri processi)<\/li>\n<li>perfetta penetrazione del prodotto verniciante anche nelle porosit\u00e0 pi\u00f9 piccole tramite l&#8217;applicazione del doppio vuoto (vac-vac). Ci\u00f2 permette una durabilit\u00e0 dei lavorati di gran lunga superiore ai sistemi tradizionali<\/li>\n<li>massima tenuta tra finitura e fondo<\/li>\n<li>notevole riduzione del tempo di preparazione delle superfici dopo l\u2019applicazione del fondo grazie al ridottissimo fenomeno del \u201csollevamento del pelo\u201d<\/li>\n<li>recupero di tutto il prodotto non applicato sui pezzi<\/li>\n<li>assenza di scarti di lavorazione.<\/li>\n<\/ul>\n<p>Questi impregnatori legno, <strong>ermeticamente chiusi<\/strong> e a ciclo automatico, eliminano inoltre la necessit\u00e0 di:<\/p>\n<ul>\n<li>utilizzare personale specializzato<\/li>\n<li>adottare costose attrezzature per il trattamento e filtrazione dei residui della verniciatura<\/li>\n<li>consumare pi\u00f9 prodotto verniciante del necessario<\/li>\n<li>effettuare gravosi controlli per garantire un valore di qualit\u00e0 costante<\/li>\n<\/ul>\n<hr \/>\n<h3><strong>Politecnico di Madrid &#8211; Protezione certificata autoclavi IMP-PG<br \/>\n<\/strong><strong>Classi di rischio I &#8211; II &#8211; III<\/strong><\/h3>\n\n\t\t<style>\n\t\t\t#gallery-1 {\n\t\t\t\tmargin: auto;\n\t\t\t}\n\t\t\t#gallery-1 .gallery-item {\n\t\t\t\tfloat: left;\n\t\t\t\tmargin-top: 10px;\n\t\t\t\ttext-align: center;\n\t\t\t\twidth: 50%;\n\t\t\t}\n\t\t\t#gallery-1 img {\n\t\t\t\tborder: 2px solid #cfcfcf;\n\t\t\t}\n\t\t\t#gallery-1 .gallery-caption {\n\t\t\t\tmargin-left: 0;\n\t\t\t}\n\t\t\t\/* see gallery_shortcode() in wp-includes\/media.php *\/\n\t\t<\/style>\n\t\t<div id='gallery-1' class='gallery galleryid-14501 gallery-columns-2 gallery-size-large'><dl class='gallery-item'>\n\t\t\t<dt class='gallery-icon portrait'>\n\t\t\t\t<a href='https:\/\/isve.com\/it\/impregnatori-imp-pg-certificazione-classi-di-rischio-a\/'><img decoding=\"async\" width=\"588\" height=\"852\" src=\"https:\/\/isve.com\/wp-content\/uploads\/2025\/04\/impregnatori-imp-pg-certificazione-classi-di-rischio-a.jpg\" class=\"attachment-large size-large\" alt=\"\" srcset=\"https:\/\/isve.com\/wp-content\/uploads\/2025\/04\/impregnatori-imp-pg-certificazione-classi-di-rischio-a.jpg 588w, https:\/\/isve.com\/wp-content\/uploads\/2025\/04\/impregnatori-imp-pg-certificazione-classi-di-rischio-a-414x600.jpg 414w\" sizes=\"(max-width: 588px) 100vw, 588px\" \/><\/a>\n\t\t\t<\/dt><\/dl><dl class='gallery-item'>\n\t\t\t<dt class='gallery-icon portrait'>\n\t\t\t\t<a href='https:\/\/isve.com\/it\/impregnatori-imp-pg-certificazione-classi-di-rischio-b\/'><img loading=\"lazy\" decoding=\"async\" width=\"588\" height=\"852\" src=\"https:\/\/isve.com\/wp-content\/uploads\/2025\/04\/impregnatori-imp-pg-certificazione-classi-di-rischio-b.jpg\" class=\"attachment-large size-large\" alt=\"\" srcset=\"https:\/\/isve.com\/wp-content\/uploads\/2025\/04\/impregnatori-imp-pg-certificazione-classi-di-rischio-b.jpg 588w, https:\/\/isve.com\/wp-content\/uploads\/2025\/04\/impregnatori-imp-pg-certificazione-classi-di-rischio-b-414x600.jpg 414w\" sizes=\"(max-width: 588px) 100vw, 588px\" \/><\/a>\n\t\t\t<\/dt><\/dl><br style=\"clear: both\" \/>\n\t\t<\/div>\n\n<p><img loading=\"lazy\" decoding=\"async\" class=\"alignnone wp-image-5014 size-large\" src=\"https:\/\/isve.com\/wp-content\/uploads\/impregnatori_serie-imp-pg_larga2-1024x473.jpg\" alt=\"\" width=\"1024\" height=\"473\" \/><\/p>\n<hr \/>\n<p><a class=\"btn btn-lg btn-block pulsante-giallo\" href=\"\/it\/trattamento-legno\/impregnatori-legno-imp-pg\/\">VEDI TUTTI I MODELLI<\/a><\/p>\n","protected":false},"excerpt":{"rendered":"<p>Preservare il legno da agenti atmosferici e biologici come funghi, insetti e batteri. Impregnatori a doppio vuoto IMP-PG: ideali per telai di finestre, griglie, persiane, porte o elementi sciolti. Gli impianti di impregnazione legno sottovuoto IMP-PG di ISVE sono stati progettati con lo scopo preciso di preservare il legno dall\u2019attacco di agenti atmosferici e biologici&hellip;<\/p>\n","protected":false},"author":1,"featured_media":14502,"parent":15959,"menu_order":309,"comment_status":"closed","ping_status":"closed","template":"","meta":{"_acf_changed":false,"footnotes":""},"tags":[],"impaginazione":[],"divisione":[3690],"categorie_modelli":[],"class_list":["post-14501","page","type-page","status-publish","has-post-thumbnail","hentry","divisione-isve-wood","description-off"],"acf":[],"yoast_head":"<!-- This site is optimized with the Yoast SEO plugin v27.4 - https:\/\/yoast.com\/product\/yoast-seo-wordpress\/ -->\n<title>Impregnatori a doppio vuoto IMP-PG: introduzione - ISVE SpA - Trattamento legno - Riciclaggio - Macinatori Trituratori<\/title>\n<meta name=\"robots\" content=\"index, follow, max-snippet:-1, max-image-preview:large, max-video-preview:-1\" \/>\n<link rel=\"canonical\" href=\"https:\/\/isve.com\/it\/trattamento-legno\/impregnatori-legno-imp-pg-introduzione\/\" \/>\n<meta property=\"og:locale\" content=\"it_IT\" \/>\n<meta property=\"og:type\" content=\"article\" \/>\n<meta property=\"og:title\" content=\"Impregnatori a doppio vuoto IMP-PG: introduzione - ISVE SpA - Trattamento legno - Riciclaggio - Macinatori Trituratori\" \/>\n<meta property=\"og:description\" content=\"Preservare il legno da agenti atmosferici e biologici come funghi, insetti e batteri. Impregnatori a doppio vuoto IMP-PG: ideali per telai di finestre, griglie, persiane, porte o elementi sciolti. Gli impianti di impregnazione legno sottovuoto IMP-PG di ISVE sono stati progettati con lo scopo preciso di preservare il legno dall\u2019attacco di agenti atmosferici e biologici&hellip;\" \/>\n<meta property=\"og:url\" content=\"https:\/\/isve.com\/it\/trattamento-legno\/impregnatori-legno-imp-pg-introduzione\/\" \/>\n<meta property=\"og:site_name\" content=\"ISVE SpA - Trattamento legno - Riciclaggio - Macinatori Trituratori\" \/>\n<meta property=\"article:modified_time\" content=\"2026-02-03T10:24:43+00:00\" \/>\n<meta property=\"og:image\" content=\"https:\/\/isve.com\/wp-content\/uploads\/impr\/gn\/impregnatori_serie_imp-pg.jpg\" \/>\n\t<meta property=\"og:image:width\" content=\"1400\" \/>\n\t<meta property=\"og:image:height\" content=\"972\" \/>\n\t<meta property=\"og:image:type\" content=\"image\/jpeg\" \/>\n<meta name=\"twitter:card\" content=\"summary_large_image\" \/>\n<meta name=\"twitter:label1\" content=\"Tempo di lettura stimato\" \/>\n\t<meta name=\"twitter:data1\" content=\"3 minuti\" \/>\n<script type=\"application\/ld+json\" class=\"yoast-schema-graph\">{\"@context\":\"https:\\\/\\\/schema.org\",\"@graph\":[{\"@type\":\"WebPage\",\"@id\":\"https:\\\/\\\/isve.com\\\/it\\\/trattamento-legno\\\/impregnatori-legno-imp-pg-introduzione\\\/\",\"url\":\"https:\\\/\\\/isve.com\\\/it\\\/trattamento-legno\\\/impregnatori-legno-imp-pg-introduzione\\\/\",\"name\":\"Impregnatori a doppio vuoto IMP-PG: introduzione - ISVE SpA - Trattamento legno - Riciclaggio - Macinatori Trituratori\",\"isPartOf\":{\"@id\":\"https:\\\/\\\/isve.com\\\/it\\\/#website\"},\"primaryImageOfPage\":{\"@id\":\"https:\\\/\\\/isve.com\\\/it\\\/trattamento-legno\\\/impregnatori-legno-imp-pg-introduzione\\\/#primaryimage\"},\"image\":{\"@id\":\"https:\\\/\\\/isve.com\\\/it\\\/trattamento-legno\\\/impregnatori-legno-imp-pg-introduzione\\\/#primaryimage\"},\"thumbnailUrl\":\"https:\\\/\\\/isve.com\\\/wp-content\\\/uploads\\\/impr\\\/gn\\\/impregnatori_serie_imp-pg.jpg\",\"datePublished\":\"2019-12-16T15:05:49+00:00\",\"dateModified\":\"2026-02-03T10:24:43+00:00\",\"breadcrumb\":{\"@id\":\"https:\\\/\\\/isve.com\\\/it\\\/trattamento-legno\\\/impregnatori-legno-imp-pg-introduzione\\\/#breadcrumb\"},\"inLanguage\":\"it-IT\",\"potentialAction\":[{\"@type\":\"ReadAction\",\"target\":[\"https:\\\/\\\/isve.com\\\/it\\\/trattamento-legno\\\/impregnatori-legno-imp-pg-introduzione\\\/\"]}]},{\"@type\":\"ImageObject\",\"inLanguage\":\"it-IT\",\"@id\":\"https:\\\/\\\/isve.com\\\/it\\\/trattamento-legno\\\/impregnatori-legno-imp-pg-introduzione\\\/#primaryimage\",\"url\":\"https:\\\/\\\/isve.com\\\/wp-content\\\/uploads\\\/impr\\\/gn\\\/impregnatori_serie_imp-pg.jpg\",\"contentUrl\":\"https:\\\/\\\/isve.com\\\/wp-content\\\/uploads\\\/impr\\\/gn\\\/impregnatori_serie_imp-pg.jpg\",\"width\":1400,\"height\":972},{\"@type\":\"BreadcrumbList\",\"@id\":\"https:\\\/\\\/isve.com\\\/it\\\/trattamento-legno\\\/impregnatori-legno-imp-pg-introduzione\\\/#breadcrumb\",\"itemListElement\":[{\"@type\":\"ListItem\",\"position\":1,\"name\":\"Home\",\"item\":\"https:\\\/\\\/isve.com\\\/it\\\/\"},{\"@type\":\"ListItem\",\"position\":2,\"name\":\"Wood Treatment\",\"item\":\"https:\\\/\\\/isve.com\\\/it\\\/trattamento-legno\\\/\"},{\"@type\":\"ListItem\",\"position\":3,\"name\":\"Impregnatori a doppio vuoto IMP-PG: introduzione\"}]},{\"@type\":\"WebSite\",\"@id\":\"https:\\\/\\\/isve.com\\\/it\\\/#website\",\"url\":\"https:\\\/\\\/isve.com\\\/it\\\/\",\"name\":\"ISVE S.p.A.\",\"description\":\"Sistemi per trattamento del legno e triturazione macinazione granulazione\",\"publisher\":{\"@id\":\"https:\\\/\\\/isve.com\\\/it\\\/#organization\"},\"potentialAction\":[{\"@type\":\"SearchAction\",\"target\":{\"@type\":\"EntryPoint\",\"urlTemplate\":\"https:\\\/\\\/isve.com\\\/it\\\/?s={search_term_string}\"},\"query-input\":{\"@type\":\"PropertyValueSpecification\",\"valueRequired\":true,\"valueName\":\"search_term_string\"}}],\"inLanguage\":\"it-IT\"},{\"@type\":\"Organization\",\"@id\":\"https:\\\/\\\/isve.com\\\/it\\\/#organization\",\"name\":\"ISVE S.p.A.\",\"url\":\"https:\\\/\\\/isve.com\\\/it\\\/\",\"logo\":{\"@type\":\"ImageObject\",\"inLanguage\":\"it-IT\",\"@id\":\"https:\\\/\\\/isve.com\\\/it\\\/#\\\/schema\\\/logo\\\/image\\\/\",\"url\":\"https:\\\/\\\/isve.com\\\/wp-content\\\/uploads\\\/2026\\\/01\\\/logo-isve-spa.png\",\"contentUrl\":\"https:\\\/\\\/isve.com\\\/wp-content\\\/uploads\\\/2026\\\/01\\\/logo-isve-spa.png\",\"width\":600,\"height\":173,\"caption\":\"ISVE S.p.A.\"},\"image\":{\"@id\":\"https:\\\/\\\/isve.com\\\/it\\\/#\\\/schema\\\/logo\\\/image\\\/\"},\"sameAs\":[\"https:\\\/\\\/www.linkedin.com\\\/company\\\/69445471\",\"https:\\\/\\\/www.youtube.com\\\/@isves.p.a.8894\"]}]}<\/script>\n<!-- \/ Yoast SEO plugin. -->","yoast_head_json":{"title":"Impregnatori a doppio vuoto IMP-PG: introduzione - ISVE SpA - Trattamento legno - Riciclaggio - Macinatori Trituratori","robots":{"index":"index","follow":"follow","max-snippet":"max-snippet:-1","max-image-preview":"max-image-preview:large","max-video-preview":"max-video-preview:-1"},"canonical":"https:\/\/isve.com\/it\/trattamento-legno\/impregnatori-legno-imp-pg-introduzione\/","og_locale":"it_IT","og_type":"article","og_title":"Impregnatori a doppio vuoto IMP-PG: introduzione - ISVE SpA - Trattamento legno - Riciclaggio - Macinatori Trituratori","og_description":"Preservare il legno da agenti atmosferici e biologici come funghi, insetti e batteri. Impregnatori a doppio vuoto IMP-PG: ideali per telai di finestre, griglie, persiane, porte o elementi sciolti. Gli impianti di impregnazione legno sottovuoto IMP-PG di ISVE sono stati progettati con lo scopo preciso di preservare il legno dall\u2019attacco di agenti atmosferici e biologici&hellip;","og_url":"https:\/\/isve.com\/it\/trattamento-legno\/impregnatori-legno-imp-pg-introduzione\/","og_site_name":"ISVE SpA - Trattamento legno - Riciclaggio - Macinatori Trituratori","article_modified_time":"2026-02-03T10:24:43+00:00","og_image":[{"width":1400,"height":972,"url":"https:\/\/isve.com\/wp-content\/uploads\/impr\/gn\/impregnatori_serie_imp-pg.jpg","type":"image\/jpeg"}],"twitter_card":"summary_large_image","twitter_misc":{"Tempo di lettura stimato":"3 minuti"},"schema":{"@context":"https:\/\/schema.org","@graph":[{"@type":"WebPage","@id":"https:\/\/isve.com\/it\/trattamento-legno\/impregnatori-legno-imp-pg-introduzione\/","url":"https:\/\/isve.com\/it\/trattamento-legno\/impregnatori-legno-imp-pg-introduzione\/","name":"Impregnatori a doppio vuoto IMP-PG: introduzione - ISVE SpA - Trattamento legno - Riciclaggio - Macinatori Trituratori","isPartOf":{"@id":"https:\/\/isve.com\/it\/#website"},"primaryImageOfPage":{"@id":"https:\/\/isve.com\/it\/trattamento-legno\/impregnatori-legno-imp-pg-introduzione\/#primaryimage"},"image":{"@id":"https:\/\/isve.com\/it\/trattamento-legno\/impregnatori-legno-imp-pg-introduzione\/#primaryimage"},"thumbnailUrl":"https:\/\/isve.com\/wp-content\/uploads\/impr\/gn\/impregnatori_serie_imp-pg.jpg","datePublished":"2019-12-16T15:05:49+00:00","dateModified":"2026-02-03T10:24:43+00:00","breadcrumb":{"@id":"https:\/\/isve.com\/it\/trattamento-legno\/impregnatori-legno-imp-pg-introduzione\/#breadcrumb"},"inLanguage":"it-IT","potentialAction":[{"@type":"ReadAction","target":["https:\/\/isve.com\/it\/trattamento-legno\/impregnatori-legno-imp-pg-introduzione\/"]}]},{"@type":"ImageObject","inLanguage":"it-IT","@id":"https:\/\/isve.com\/it\/trattamento-legno\/impregnatori-legno-imp-pg-introduzione\/#primaryimage","url":"https:\/\/isve.com\/wp-content\/uploads\/impr\/gn\/impregnatori_serie_imp-pg.jpg","contentUrl":"https:\/\/isve.com\/wp-content\/uploads\/impr\/gn\/impregnatori_serie_imp-pg.jpg","width":1400,"height":972},{"@type":"BreadcrumbList","@id":"https:\/\/isve.com\/it\/trattamento-legno\/impregnatori-legno-imp-pg-introduzione\/#breadcrumb","itemListElement":[{"@type":"ListItem","position":1,"name":"Home","item":"https:\/\/isve.com\/it\/"},{"@type":"ListItem","position":2,"name":"Wood Treatment","item":"https:\/\/isve.com\/it\/trattamento-legno\/"},{"@type":"ListItem","position":3,"name":"Impregnatori a doppio vuoto IMP-PG: introduzione"}]},{"@type":"WebSite","@id":"https:\/\/isve.com\/it\/#website","url":"https:\/\/isve.com\/it\/","name":"ISVE S.p.A.","description":"Sistemi per trattamento del legno e triturazione macinazione granulazione","publisher":{"@id":"https:\/\/isve.com\/it\/#organization"},"potentialAction":[{"@type":"SearchAction","target":{"@type":"EntryPoint","urlTemplate":"https:\/\/isve.com\/it\/?s={search_term_string}"},"query-input":{"@type":"PropertyValueSpecification","valueRequired":true,"valueName":"search_term_string"}}],"inLanguage":"it-IT"},{"@type":"Organization","@id":"https:\/\/isve.com\/it\/#organization","name":"ISVE S.p.A.","url":"https:\/\/isve.com\/it\/","logo":{"@type":"ImageObject","inLanguage":"it-IT","@id":"https:\/\/isve.com\/it\/#\/schema\/logo\/image\/","url":"https:\/\/isve.com\/wp-content\/uploads\/2026\/01\/logo-isve-spa.png","contentUrl":"https:\/\/isve.com\/wp-content\/uploads\/2026\/01\/logo-isve-spa.png","width":600,"height":173,"caption":"ISVE S.p.A."},"image":{"@id":"https:\/\/isve.com\/it\/#\/schema\/logo\/image\/"},"sameAs":["https:\/\/www.linkedin.com\/company\/69445471","https:\/\/www.youtube.com\/@isves.p.a.8894"]}]}},"_links":{"self":[{"href":"https:\/\/isve.com\/it\/wp-json\/wp\/v2\/pages\/14501","targetHints":{"allow":["GET"]}}],"collection":[{"href":"https:\/\/isve.com\/it\/wp-json\/wp\/v2\/pages"}],"about":[{"href":"https:\/\/isve.com\/it\/wp-json\/wp\/v2\/types\/page"}],"author":[{"embeddable":true,"href":"https:\/\/isve.com\/it\/wp-json\/wp\/v2\/users\/1"}],"replies":[{"embeddable":true,"href":"https:\/\/isve.com\/it\/wp-json\/wp\/v2\/comments?post=14501"}],"version-history":[{"count":1,"href":"https:\/\/isve.com\/it\/wp-json\/wp\/v2\/pages\/14501\/revisions"}],"predecessor-version":[{"id":27727,"href":"https:\/\/isve.com\/it\/wp-json\/wp\/v2\/pages\/14501\/revisions\/27727"}],"up":[{"embeddable":true,"href":"https:\/\/isve.com\/it\/wp-json\/wp\/v2\/pages\/15959"}],"wp:featuredmedia":[{"embeddable":true,"href":"https:\/\/isve.com\/it\/wp-json\/wp\/v2\/media\/14502"}],"wp:attachment":[{"href":"https:\/\/isve.com\/it\/wp-json\/wp\/v2\/media?parent=14501"}],"wp:term":[{"taxonomy":"post_tag","embeddable":true,"href":"https:\/\/isve.com\/it\/wp-json\/wp\/v2\/tags?post=14501"},{"taxonomy":"impaginazione","embeddable":true,"href":"https:\/\/isve.com\/it\/wp-json\/wp\/v2\/impaginazione?post=14501"},{"taxonomy":"divisione","embeddable":true,"href":"https:\/\/isve.com\/it\/wp-json\/wp\/v2\/divisione?post=14501"},{"taxonomy":"categorie_modelli","embeddable":true,"href":"https:\/\/isve.com\/it\/wp-json\/wp\/v2\/categorie_modelli?post=14501"}],"curies":[{"name":"wp","href":"https:\/\/api.w.org\/{rel}","templated":true}]}}