{"id":14494,"date":"2019-12-15T15:42:17","date_gmt":"2019-12-15T14:42:17","guid":{"rendered":"https:\/\/isve.com\/impregnatori-legno-imp-vp-introduzione\/"},"modified":"2026-05-05T09:38:45","modified_gmt":"2026-05-05T07:38:45","slug":"impregnatori-legno-imp-vp-introduzione","status":"publish","type":"page","link":"https:\/\/isve.com\/it\/trattamento-legno\/impregnatori-legno-imp-vp-introduzione\/","title":{"rendered":"Impregnatori sottovuoto pressione IMP-VP: introduzione"},"content":{"rendered":"<h2><strong>Impregnazione del legno in autoclave con il sistema del vuoto pressione<\/strong><strong>.<\/strong><\/h2>\n<p>La gente ama ed apprezza vivere e lavorare in ambienti decorati e rivestiti in <strong>legno<\/strong>, apprezza il suo calore e l\u2019espressione unica di naturale bellezza non paragonabile a nessun altro materiale di origine minerale o sintetica.<\/p>\n<p>Queste qualit\u00e0 sono tuttavia penalizzate da un unico fattore: <strong>la durata<\/strong>.<br \/>\nIl legno viene infatti <strong>attaccato<\/strong> pi\u00f9 o meno rapidamente da <strong>agenti atmosferici<\/strong> e <strong>biologici<\/strong> come\u00a0funghi, insetti e batteri.<br \/>\nDa qui la necessit\u00e0 di applicare ai semilavorati in legno <strong>specifici trattamenti<\/strong> in grado di incrementarne la naturale resistenza.<\/p>\n<p>Gli <strong>impianti di impregnazione <\/strong>ISVE offrono all&#8217;imprenditore la possibilit\u00e0 di sfruttare questo mercato in continua crescita, con<strong>\u00a0impianti di impregnazione<\/strong>\u00a0pensati espressamente per il <strong>legno<\/strong>, di collaudata qualit\u00e0 progettuale e costruttiva che garantiscono un elevata durata dei legni trattati.<\/p>\n<p>&nbsp;<\/p>\n<p><iframe title=\"ISVE WOOD TREATMENT PLANT\" width=\"1200\" height=\"675\" src=\"https:\/\/www.youtube.com\/embed\/cs7xsS30d4g?start=17&#038;feature=oembed\" frameborder=\"0\" allow=\"accelerometer; autoplay; clipboard-write; encrypted-media; gyroscope; picture-in-picture; web-share\" referrerpolicy=\"strict-origin-when-cross-origin\" allowfullscreen><\/iframe><\/p>\n<p>&nbsp;<\/p>\n<p><img fetchpriority=\"high\" decoding=\"async\" class=\"alignnone size-large wp-image-4558\" src=\"https:\/\/isve.com\/wp-content\/uploads\/impregnatori_serie-imp-vp_larga-1024x372.jpg\" alt=\"\" width=\"1024\" height=\"372\" \/><\/p>\n<p>&nbsp;<\/p>\n<h2><strong>Impregnatori sottovuoto pressione serie IMP-VP:<br \/>\nelevata produttivit\u00e0 e bassi costi d&#8217;esercizio<\/strong><\/h2>\n<p>Impianti per <strong>impregnazione del legno<\/strong> per ottenere la <strong>massima penetrazione<\/strong> dei principi attivi in profondit\u00e0 (<strong>CLASSE 4-5<\/strong>).<br \/>\nCostruzione con <strong>materiali di alta qualit\u00e0<\/strong> che ne garantiscono una <strong>durata elevata nel tempo<\/strong> (abbiamo IMP-VP funzionanti con pi\u00f9 di 40 anni!).<\/p>\n<p>L\u2019impianto \u00e8 costituito da un\u2019autoclave dove viene inserito il legno da trattare. Dopo una prima fase di vuoto, la soluzione impregnante viene prelevata da un serbatoio e spinta a pressione all\u2019interno del legno. La combinazione del <strong>vuoto<\/strong> iniziale con la fase ad <strong>alta pressione<\/strong> garantisce la massima penetrazione dei principi attivi.<\/p>\n<p>&nbsp;<\/p>\n<p><img decoding=\"async\" class=\"alignnone size-large wp-image-4563\" src=\"https:\/\/isve.com\/wp-content\/uploads\/impregnatori_serie-imp-vp_larga2-1024x364.jpg\" alt=\"\" width=\"1024\" height=\"364\" \/><\/p>\n<h2><\/h2>\n<h2><strong>Impregnatori IMP-VP: quando utilizzarli<\/strong><\/h2>\n<p>L\u2019impiego dell\u2019<strong>impregnatore vuoto-pressione IMP-VP<\/strong>\u00a0\u00e8 consigliabile per il trattamento di tutti quei prodotti in legno che, per il loro impiego, sono esposti per periodi pi\u00f9 o meno lunghi alle condizioni climatiche esterne. Prodotti come:<\/p>\n<ul>\n<li>mobili da giardino<\/li>\n<li>spazzole<\/li>\n<li>recinzioni<\/li>\n<li>elementi prefabbricati per l\u2019edilizia<\/li>\n<li>pianali per autocarri<\/li>\n<li>pavimenti<\/li>\n<li>arredamenti navali<\/li>\n<li>palerie per agricoltura<\/li>\n<li>imballaggi.<\/li>\n<\/ul>\n<p>Analogamente \u00e8 indispensabile il\u00a0<strong>trattamento del legno<\/strong>\u00a0con insetticidi di tutti quelle essenze esotiche e non che, pur essendo utilizzati solo all\u2019interno, sono soggette all&#8217;azione deteriorante di tarli od \u00a0altri xilofagi similari.<\/p>\n<p>I prodotti che possono essere impiegati negli<strong>\u00a0impianti di impregnazione<\/strong>\u00a0IMP-VP sono:<\/p>\n<ul>\n<li><strong>IMPREGNANTI a base solvente<\/strong>\u00a0con azione protettiva di sterminio per muffe, insetti, batteri;<\/li>\n<li><strong>IMPREGNANTI a base di sali disciolti in acqua<\/strong>\u00a0con azione protettiva e di sterminio per muffe, insetti, batteri;<\/li>\n<li><strong>IMPREGNANTI ignifughi\u00a0<\/strong>a base di sali disciolti in acqua con contemporanea azione protettiva.<\/li>\n<\/ul>\n<p>&nbsp;<\/p>\n<p><img decoding=\"async\" class=\"wp-image-6357 size-medium aligncenter\" src=\"https:\/\/isve.com\/wp-content\/uploads\/IMG00848-20120504-1454-1-600x450.jpg\" alt=\"\" width=\"600\" height=\"450\" \/><\/p>\n<p>&nbsp;<\/p>\n<h2><strong>Vantaggi del sistema IMP-VP<\/strong><\/h2>\n<h3>Investire negli impregnatori sottovuoto ISVE conviene!<\/h3>\n<p>Dotarsi di impregnatori sottovuoto ISVE rappresenta un buon investimento per vari motivi.\u00a0Ve ne elenchiamo i principali:<\/p>\n<ul>\n<li><strong>Investimento di capitale ridotto<\/strong><br \/>\nPochi investimenti nel settore dell\u2019industria del legno si avvicinano al rapporto capitale investito per migliaia di m3 di legno trattato all\u2019anno come un impianto IMP-VP<\/li>\n<li><strong>Basso costo del lavoro<\/strong><\/li>\n<li>Un solo addetto per turno \u00e8 sufficiente per manovrare, scaricare, caricare un impianto, purch\u00e9 disponga di un mezzo meccanico per movimentare le cataste di legno.<\/li>\n<li><strong>Mercato ampio in continua espansione\u00a0<\/strong><br \/>\n\u00c8 sufficiente valutare la voce doganale relativa alle importazioni di materiale trattato per valutare lo spazio di mercato disponibile.<\/li>\n<li><strong>Bassi costi di manutenzione\u00a0<\/strong><br \/>\nAvendo l\u2019avvertenza di mantenere pulito l\u2019impianto, i costi di manutenzione sono assai bassi essendoci pochi organi in movimento.<\/li>\n<li><strong>Rapido smercio<\/strong><br \/>\nNon solo il materiale pu\u00f2 essere trattato con una umidit\u00e0 del 30%, ma dopo soli pochi giorni dal trattamento pu\u00f2 essere utilizzato e maneggiato senza problemi.<\/li>\n<li><strong>Facilit\u00e0 di adattarsi al mercato\u00a0<\/strong><br \/>\nGrazie alla poca manodopera richiesta \u00e8 facile fronteggiare le variazioni di produzione senza gravi conseguenze.<\/li>\n<li><strong>Non viene imposto alcun contratto per i prodotti impregnanti<\/strong><br \/>\nLa ISVE opera nel settore dell\u2019impiantistica e non vende prodotti impregnanti. Il cliente \u00e8 quindi libero di approvvigionarsi sul mercato senza alcuna imposizione.<\/li>\n<li><strong>Nessun pericolo di rovinare il materiale\u00a0<\/strong><br \/>\nGli impianti IMP-VP\u00a0ISVE\u00a0vengono forniti corredati di un quadro elettrico dotato di microprocessore (Vacutronic system) che riduce al minimo la possibilit\u00e0 di un\u2019errata manovra.\u00a0Il collegamento ad un comune PC permette di visualizzare e stampare tutte le fasi del ciclo per la certificazione RAL.<\/li>\n<\/ul>\n<p><a class=\"btn btn-lg btn-block pulsante-giallo\" href=\"\/it\/trattamento-legno\/impregnatori-legno-imp-vp\/\">VEDI TUTTI I MODELLI<\/a><\/p>\n","protected":false},"excerpt":{"rendered":"<p>Impregnazione del legno in autoclave con il sistema del vuoto pressione. La gente ama ed apprezza vivere e lavorare in ambienti decorati e rivestiti in legno, apprezza il suo calore e l\u2019espressione unica di naturale bellezza non paragonabile a nessun altro materiale di origine minerale o sintetica. Queste qualit\u00e0 sono tuttavia penalizzate da un unico&hellip;<\/p>\n","protected":false},"author":1,"featured_media":14495,"parent":15959,"menu_order":292,"comment_status":"closed","ping_status":"closed","template":"","meta":{"_acf_changed":false,"footnotes":""},"tags":[],"impaginazione":[],"divisione":[3690],"categorie_modelli":[],"class_list":["post-14494","page","type-page","status-publish","has-post-thumbnail","hentry","divisione-isve-wood","description-off"],"acf":[],"yoast_head":"<!-- This site is optimized with the Yoast SEO plugin v27.4 - https:\/\/yoast.com\/product\/yoast-seo-wordpress\/ -->\n<title>Impregnatori sottovuoto pressione IMP-VP: introduzione - ISVE SpA - Trattamento legno - Riciclaggio - Macinatori Trituratori<\/title>\n<meta name=\"robots\" content=\"index, follow, max-snippet:-1, max-image-preview:large, max-video-preview:-1\" \/>\n<link rel=\"canonical\" href=\"https:\/\/isve.com\/it\/trattamento-legno\/impregnatori-legno-imp-vp-introduzione\/\" \/>\n<meta property=\"og:locale\" content=\"it_IT\" \/>\n<meta property=\"og:type\" content=\"article\" \/>\n<meta property=\"og:title\" content=\"Impregnatori sottovuoto pressione IMP-VP: introduzione - ISVE SpA - Trattamento legno - Riciclaggio - Macinatori Trituratori\" \/>\n<meta property=\"og:description\" content=\"Impregnazione del legno in autoclave con il sistema del vuoto pressione. La gente ama ed apprezza vivere e lavorare in ambienti decorati e rivestiti in legno, apprezza il suo calore e l\u2019espressione unica di naturale bellezza non paragonabile a nessun altro materiale di origine minerale o sintetica. Queste qualit\u00e0 sono tuttavia penalizzate da un unico&hellip;\" \/>\n<meta property=\"og:url\" content=\"https:\/\/isve.com\/it\/trattamento-legno\/impregnatori-legno-imp-vp-introduzione\/\" \/>\n<meta property=\"og:site_name\" content=\"ISVE SpA - Trattamento legno - Riciclaggio - Macinatori Trituratori\" \/>\n<meta property=\"article:modified_time\" content=\"2026-05-05T07:38:45+00:00\" \/>\n<meta property=\"og:image\" content=\"https:\/\/isve.com\/wp-content\/uploads\/impr\/gn\/impregnatori_serie_imp-vp.jpg\" \/>\n\t<meta property=\"og:image:width\" content=\"1400\" \/>\n\t<meta property=\"og:image:height\" content=\"972\" \/>\n\t<meta property=\"og:image:type\" content=\"image\/jpeg\" \/>\n<meta name=\"twitter:card\" content=\"summary_large_image\" \/>\n<meta name=\"twitter:label1\" content=\"Tempo di lettura stimato\" \/>\n\t<meta name=\"twitter:data1\" content=\"3 minuti\" \/>\n<script type=\"application\/ld+json\" class=\"yoast-schema-graph\">{\"@context\":\"https:\\\/\\\/schema.org\",\"@graph\":[{\"@type\":\"WebPage\",\"@id\":\"https:\\\/\\\/isve.com\\\/it\\\/trattamento-legno\\\/impregnatori-legno-imp-vp-introduzione\\\/\",\"url\":\"https:\\\/\\\/isve.com\\\/it\\\/trattamento-legno\\\/impregnatori-legno-imp-vp-introduzione\\\/\",\"name\":\"Impregnatori sottovuoto pressione IMP-VP: introduzione - ISVE SpA - Trattamento legno - Riciclaggio - Macinatori Trituratori\",\"isPartOf\":{\"@id\":\"https:\\\/\\\/isve.com\\\/it\\\/#website\"},\"primaryImageOfPage\":{\"@id\":\"https:\\\/\\\/isve.com\\\/it\\\/trattamento-legno\\\/impregnatori-legno-imp-vp-introduzione\\\/#primaryimage\"},\"image\":{\"@id\":\"https:\\\/\\\/isve.com\\\/it\\\/trattamento-legno\\\/impregnatori-legno-imp-vp-introduzione\\\/#primaryimage\"},\"thumbnailUrl\":\"https:\\\/\\\/isve.com\\\/wp-content\\\/uploads\\\/impr\\\/gn\\\/impregnatori_serie_imp-vp.jpg\",\"datePublished\":\"2019-12-15T14:42:17+00:00\",\"dateModified\":\"2026-05-05T07:38:45+00:00\",\"breadcrumb\":{\"@id\":\"https:\\\/\\\/isve.com\\\/it\\\/trattamento-legno\\\/impregnatori-legno-imp-vp-introduzione\\\/#breadcrumb\"},\"inLanguage\":\"it-IT\",\"potentialAction\":[{\"@type\":\"ReadAction\",\"target\":[\"https:\\\/\\\/isve.com\\\/it\\\/trattamento-legno\\\/impregnatori-legno-imp-vp-introduzione\\\/\"]}]},{\"@type\":\"ImageObject\",\"inLanguage\":\"it-IT\",\"@id\":\"https:\\\/\\\/isve.com\\\/it\\\/trattamento-legno\\\/impregnatori-legno-imp-vp-introduzione\\\/#primaryimage\",\"url\":\"https:\\\/\\\/isve.com\\\/wp-content\\\/uploads\\\/impr\\\/gn\\\/impregnatori_serie_imp-vp.jpg\",\"contentUrl\":\"https:\\\/\\\/isve.com\\\/wp-content\\\/uploads\\\/impr\\\/gn\\\/impregnatori_serie_imp-vp.jpg\",\"width\":1400,\"height\":972},{\"@type\":\"BreadcrumbList\",\"@id\":\"https:\\\/\\\/isve.com\\\/it\\\/trattamento-legno\\\/impregnatori-legno-imp-vp-introduzione\\\/#breadcrumb\",\"itemListElement\":[{\"@type\":\"ListItem\",\"position\":1,\"name\":\"Home\",\"item\":\"https:\\\/\\\/isve.com\\\/it\\\/\"},{\"@type\":\"ListItem\",\"position\":2,\"name\":\"Wood Treatment\",\"item\":\"https:\\\/\\\/isve.com\\\/it\\\/trattamento-legno\\\/\"},{\"@type\":\"ListItem\",\"position\":3,\"name\":\"Impregnatori sottovuoto pressione IMP-VP: introduzione\"}]},{\"@type\":\"WebSite\",\"@id\":\"https:\\\/\\\/isve.com\\\/it\\\/#website\",\"url\":\"https:\\\/\\\/isve.com\\\/it\\\/\",\"name\":\"ISVE S.p.A.\",\"description\":\"Sistemi per trattamento del legno e triturazione macinazione granulazione\",\"publisher\":{\"@id\":\"https:\\\/\\\/isve.com\\\/it\\\/#organization\"},\"potentialAction\":[{\"@type\":\"SearchAction\",\"target\":{\"@type\":\"EntryPoint\",\"urlTemplate\":\"https:\\\/\\\/isve.com\\\/it\\\/?s={search_term_string}\"},\"query-input\":{\"@type\":\"PropertyValueSpecification\",\"valueRequired\":true,\"valueName\":\"search_term_string\"}}],\"inLanguage\":\"it-IT\"},{\"@type\":\"Organization\",\"@id\":\"https:\\\/\\\/isve.com\\\/it\\\/#organization\",\"name\":\"ISVE S.p.A.\",\"url\":\"https:\\\/\\\/isve.com\\\/it\\\/\",\"logo\":{\"@type\":\"ImageObject\",\"inLanguage\":\"it-IT\",\"@id\":\"https:\\\/\\\/isve.com\\\/it\\\/#\\\/schema\\\/logo\\\/image\\\/\",\"url\":\"https:\\\/\\\/isve.com\\\/wp-content\\\/uploads\\\/2026\\\/01\\\/logo-isve-spa.png\",\"contentUrl\":\"https:\\\/\\\/isve.com\\\/wp-content\\\/uploads\\\/2026\\\/01\\\/logo-isve-spa.png\",\"width\":600,\"height\":173,\"caption\":\"ISVE S.p.A.\"},\"image\":{\"@id\":\"https:\\\/\\\/isve.com\\\/it\\\/#\\\/schema\\\/logo\\\/image\\\/\"},\"sameAs\":[\"https:\\\/\\\/www.linkedin.com\\\/company\\\/69445471\",\"https:\\\/\\\/www.youtube.com\\\/@isves.p.a.8894\"]}]}<\/script>\n<!-- \/ Yoast SEO plugin. -->","yoast_head_json":{"title":"Impregnatori sottovuoto pressione IMP-VP: introduzione - ISVE SpA - Trattamento legno - Riciclaggio - Macinatori Trituratori","robots":{"index":"index","follow":"follow","max-snippet":"max-snippet:-1","max-image-preview":"max-image-preview:large","max-video-preview":"max-video-preview:-1"},"canonical":"https:\/\/isve.com\/it\/trattamento-legno\/impregnatori-legno-imp-vp-introduzione\/","og_locale":"it_IT","og_type":"article","og_title":"Impregnatori sottovuoto pressione IMP-VP: introduzione - ISVE SpA - Trattamento legno - Riciclaggio - Macinatori Trituratori","og_description":"Impregnazione del legno in autoclave con il sistema del vuoto pressione. La gente ama ed apprezza vivere e lavorare in ambienti decorati e rivestiti in legno, apprezza il suo calore e l\u2019espressione unica di naturale bellezza non paragonabile a nessun altro materiale di origine minerale o sintetica. Queste qualit\u00e0 sono tuttavia penalizzate da un unico&hellip;","og_url":"https:\/\/isve.com\/it\/trattamento-legno\/impregnatori-legno-imp-vp-introduzione\/","og_site_name":"ISVE SpA - Trattamento legno - Riciclaggio - Macinatori Trituratori","article_modified_time":"2026-05-05T07:38:45+00:00","og_image":[{"width":1400,"height":972,"url":"https:\/\/isve.com\/wp-content\/uploads\/impr\/gn\/impregnatori_serie_imp-vp.jpg","type":"image\/jpeg"}],"twitter_card":"summary_large_image","twitter_misc":{"Tempo di lettura stimato":"3 minuti"},"schema":{"@context":"https:\/\/schema.org","@graph":[{"@type":"WebPage","@id":"https:\/\/isve.com\/it\/trattamento-legno\/impregnatori-legno-imp-vp-introduzione\/","url":"https:\/\/isve.com\/it\/trattamento-legno\/impregnatori-legno-imp-vp-introduzione\/","name":"Impregnatori sottovuoto pressione IMP-VP: introduzione - ISVE SpA - Trattamento legno - Riciclaggio - Macinatori Trituratori","isPartOf":{"@id":"https:\/\/isve.com\/it\/#website"},"primaryImageOfPage":{"@id":"https:\/\/isve.com\/it\/trattamento-legno\/impregnatori-legno-imp-vp-introduzione\/#primaryimage"},"image":{"@id":"https:\/\/isve.com\/it\/trattamento-legno\/impregnatori-legno-imp-vp-introduzione\/#primaryimage"},"thumbnailUrl":"https:\/\/isve.com\/wp-content\/uploads\/impr\/gn\/impregnatori_serie_imp-vp.jpg","datePublished":"2019-12-15T14:42:17+00:00","dateModified":"2026-05-05T07:38:45+00:00","breadcrumb":{"@id":"https:\/\/isve.com\/it\/trattamento-legno\/impregnatori-legno-imp-vp-introduzione\/#breadcrumb"},"inLanguage":"it-IT","potentialAction":[{"@type":"ReadAction","target":["https:\/\/isve.com\/it\/trattamento-legno\/impregnatori-legno-imp-vp-introduzione\/"]}]},{"@type":"ImageObject","inLanguage":"it-IT","@id":"https:\/\/isve.com\/it\/trattamento-legno\/impregnatori-legno-imp-vp-introduzione\/#primaryimage","url":"https:\/\/isve.com\/wp-content\/uploads\/impr\/gn\/impregnatori_serie_imp-vp.jpg","contentUrl":"https:\/\/isve.com\/wp-content\/uploads\/impr\/gn\/impregnatori_serie_imp-vp.jpg","width":1400,"height":972},{"@type":"BreadcrumbList","@id":"https:\/\/isve.com\/it\/trattamento-legno\/impregnatori-legno-imp-vp-introduzione\/#breadcrumb","itemListElement":[{"@type":"ListItem","position":1,"name":"Home","item":"https:\/\/isve.com\/it\/"},{"@type":"ListItem","position":2,"name":"Wood Treatment","item":"https:\/\/isve.com\/it\/trattamento-legno\/"},{"@type":"ListItem","position":3,"name":"Impregnatori sottovuoto pressione IMP-VP: introduzione"}]},{"@type":"WebSite","@id":"https:\/\/isve.com\/it\/#website","url":"https:\/\/isve.com\/it\/","name":"ISVE S.p.A.","description":"Sistemi per trattamento del legno e triturazione macinazione granulazione","publisher":{"@id":"https:\/\/isve.com\/it\/#organization"},"potentialAction":[{"@type":"SearchAction","target":{"@type":"EntryPoint","urlTemplate":"https:\/\/isve.com\/it\/?s={search_term_string}"},"query-input":{"@type":"PropertyValueSpecification","valueRequired":true,"valueName":"search_term_string"}}],"inLanguage":"it-IT"},{"@type":"Organization","@id":"https:\/\/isve.com\/it\/#organization","name":"ISVE S.p.A.","url":"https:\/\/isve.com\/it\/","logo":{"@type":"ImageObject","inLanguage":"it-IT","@id":"https:\/\/isve.com\/it\/#\/schema\/logo\/image\/","url":"https:\/\/isve.com\/wp-content\/uploads\/2026\/01\/logo-isve-spa.png","contentUrl":"https:\/\/isve.com\/wp-content\/uploads\/2026\/01\/logo-isve-spa.png","width":600,"height":173,"caption":"ISVE S.p.A."},"image":{"@id":"https:\/\/isve.com\/it\/#\/schema\/logo\/image\/"},"sameAs":["https:\/\/www.linkedin.com\/company\/69445471","https:\/\/www.youtube.com\/@isves.p.a.8894"]}]}},"_links":{"self":[{"href":"https:\/\/isve.com\/it\/wp-json\/wp\/v2\/pages\/14494","targetHints":{"allow":["GET"]}}],"collection":[{"href":"https:\/\/isve.com\/it\/wp-json\/wp\/v2\/pages"}],"about":[{"href":"https:\/\/isve.com\/it\/wp-json\/wp\/v2\/types\/page"}],"author":[{"embeddable":true,"href":"https:\/\/isve.com\/it\/wp-json\/wp\/v2\/users\/1"}],"replies":[{"embeddable":true,"href":"https:\/\/isve.com\/it\/wp-json\/wp\/v2\/comments?post=14494"}],"version-history":[{"count":2,"href":"https:\/\/isve.com\/it\/wp-json\/wp\/v2\/pages\/14494\/revisions"}],"predecessor-version":[{"id":29752,"href":"https:\/\/isve.com\/it\/wp-json\/wp\/v2\/pages\/14494\/revisions\/29752"}],"up":[{"embeddable":true,"href":"https:\/\/isve.com\/it\/wp-json\/wp\/v2\/pages\/15959"}],"wp:featuredmedia":[{"embeddable":true,"href":"https:\/\/isve.com\/it\/wp-json\/wp\/v2\/media\/14495"}],"wp:attachment":[{"href":"https:\/\/isve.com\/it\/wp-json\/wp\/v2\/media?parent=14494"}],"wp:term":[{"taxonomy":"post_tag","embeddable":true,"href":"https:\/\/isve.com\/it\/wp-json\/wp\/v2\/tags?post=14494"},{"taxonomy":"impaginazione","embeddable":true,"href":"https:\/\/isve.com\/it\/wp-json\/wp\/v2\/impaginazione?post=14494"},{"taxonomy":"divisione","embeddable":true,"href":"https:\/\/isve.com\/it\/wp-json\/wp\/v2\/divisione?post=14494"},{"taxonomy":"categorie_modelli","embeddable":true,"href":"https:\/\/isve.com\/it\/wp-json\/wp\/v2\/categorie_modelli?post=14494"}],"curies":[{"name":"wp","href":"https:\/\/api.w.org\/{rel}","templated":true}]}}