{"id":14446,"date":"2019-12-14T10:54:38","date_gmt":"2019-12-14T09:54:38","guid":{"rendered":"https:\/\/isve.com\/essiccatoi-legno-em-introduzione\/"},"modified":"2026-02-03T11:21:08","modified_gmt":"2026-02-03T10:21:08","slug":"essiccatoi-legno-em-introduzione","status":"publish","type":"page","link":"https:\/\/isve.com\/it\/trattamento-legno\/essiccatoi-legno-em-introduzione\/","title":{"rendered":"Essiccatoi serie EM: introduzione"},"content":{"rendered":"<h2><strong>Essiccatoi serie EM: essiccazione rapida del legno.<\/strong><\/h2>\n<p>Le moderne tecnologie applicate nei laboratori di lavorazione del legno hanno consentito di ottimizzare l\u2019utilizzazione ed i tempi di lavorazione ed <strong>essiccazione<\/strong> dei <strong>semilavorati in legno<\/strong>.<br \/>\nTuttavia cercare di guadagnare 0,5 mm sullo spessore di una tavola, o 1 mt. al secondo sulla velocit\u00e0 di una macchina operatrice senza rivolgere la medesima attenzione alla &#8220;<strong>non qualit\u00e0<\/strong>&#8221; dell\u2019operazione di <strong>essiccazione<\/strong>, pu\u00f2 causare <strong>perdite di rendimento del 5-10%<\/strong> alle macchine anzidette.<\/p>\n<p>L\u2019<strong>essiccatoio<\/strong> deve dunque essere considerato come una <strong>macchina di produzione<\/strong>, a garanzia di un <strong>risparmio reale sulla materia prima<\/strong> e sulla <strong>qualit\u00e0 del prodotto finito<\/strong>.<\/p>\n<p>&nbsp;<\/p>\n<h3><strong>Essiccatoio a vuoto continuo\/discontinuo per tavole:<\/strong><strong> dimensioni contenute, elevata produttivit\u00e0.<\/strong><\/h3>\n<p>Gli <strong>essiccatoi ISVE serie EM<\/strong> sono indicati per l\u2019<strong>essiccazione di tavole di legno\u00a0<\/strong>delle pi\u00f9 disparate essenze<strong>.<\/strong><\/p>\n<p>Sono noti\u00a0anche come\u00a0<strong>impianti di essiccazione a &#8220;vuoto continuo\/discontinuo&#8221;<\/strong> perch\u00e9 la fase del vuoto pu\u00f2 essere interrotta da cicli di aria calda e umida che permette un rapido riscaldamento del legno.<\/p>\n<p>Negli impianti EM la catasta \u00e8 composta da <strong>tavole opportunamente listellate<\/strong> che vengono posizionate sul pianale del carrello di carico dell\u2019autoclave. Una volta chiuso l\u2019impianto ed impostati i parametri sul computer di controllo, il <strong>ciclo d\u2019essiccazione<\/strong> pu\u00f2 avere inizio.<\/p>\n<p>&nbsp;<\/p>\n<h3>Perch\u00e9<strong> scegliere un essiccatore EM?<\/strong><\/h3>\n<p>Le <strong>dimensioni contenute degli essiccatori EM<\/strong> rispetto alla loro produttivit\u00e0 consentono un notevole risparmio in termini di spazio ed una facile ubicazione dell\u2019autoclave nell\u2019interno dell\u2019azienda, senza dover effettuare particolari opere murarie o d\u2019allacciamento.<\/p>\n<p>I <strong>materiali di qualit\u00e0<\/strong> impiegati nella costruzione dell\u2019autoclave, come l\u2019acciaio inox e l\u2019alluminio, garantiscono la durata contro la corrosione, mentre la scelta della componentistica proveniente da primarie aziende italiane ed estere permette il raggiungimento di un\u2019elevata affidabilit\u00e0.<\/p>\n<p>Queste caratteristiche, comuni a tutti gli essiccatoi ISVE, si riflettono sull\u2019elevata qualit\u00e0 d\u2019essiccazione realizzata in tempi brevi e con costi di esercizio estremamente contenuti.<\/p>\n<table border=\"1\">\n<tbody>\n<tr>\n<td><\/td>\n<td style=\"text-align: center;\">FROM<\/td>\n<td style=\"text-align: center;\">\u00a0TO<\/td>\n<\/tr>\n<tr>\n<td>Stack sizes m3<\/td>\n<td style=\"text-align: center;\">2<\/td>\n<td style=\"text-align: center;\">75<\/td>\n<\/tr>\n<tr>\n<td>Internal lenght m.<\/td>\n<td style=\"text-align: center;\">5<\/td>\n<td style=\"text-align: center;\">18<\/td>\n<\/tr>\n<tr>\n<td>Power kW<\/td>\n<td style=\"text-align: center;\">10<\/td>\n<td style=\"text-align: center;\">65<\/td>\n<\/tr>\n<tr>\n<td>Weight Kg<\/td>\n<td>1.100<\/td>\n<td>15.200<\/td>\n<\/tr>\n<\/tbody>\n<\/table>\n<p><a class=\"btn btn-lg btn-block pulsante-giallo\" href=\"\/it\/trattamento-legno\/essiccatoi-legno-em\/\">VEDI TUTTI I MODELLI<\/a><\/p>\n<hr \/>\n<p><img fetchpriority=\"high\" decoding=\"async\" class=\"wp-image-6016 size-medium aligncenter\" src=\"https:\/\/isve.com\/wp-content\/uploads\/EM8V-funzionamento3D-600x355.jpg\" alt=\"\" width=\"600\" height=\"355\" \/><\/p>\n<p>&nbsp;<\/p>\n<p style=\"text-align: left;\"><strong>Sistema di diffusione del calore negli essiccatoi serie EM &#8211; layout dell&#8217;impianto<\/strong><\/p>\n<ol>\n<li>Quadro elettrico<\/li>\n<li>Resistenze di riscaldamento<\/li>\n<li>Spazio carico catasta legno<\/li>\n<li>Ventilatori a doppio flusso<\/li>\n<li>Turbolenze<\/li>\n<li>Sonde temperatura, umidit\u00e0 legno e umidit\u00e0 ambiente<\/li>\n<li>Carrello motorizzato di carico<\/li>\n<li>Condensatori<\/li>\n<\/ol>\n<h3><strong>Impianti EM: come funzionano<\/strong><\/h3>\n<p>In una prima fase nell\u2019<strong>autoclave di essiccazione\u00a0<\/strong>viene fatta circolare <strong>aria calda<\/strong> caratterizzata da un <strong>elevato tasso di umidit\u00e0<\/strong>. All\u2019inizio del ciclo \u00e8 importante aumentare gradualmente la temperatura del legno evitando che inizi l\u2019essiccazione della parte pi\u00f9 superficiale delle tavole.\u00a0L\u2019<strong>elevato valore di umidit\u00e0<\/strong>, controllato elettronicamente a mezzo di sonde, impedisce che si generino <strong>pericolose tensioni<\/strong> lungo la sezione del legno.<\/p>\n<p>Una volta innalzata la temperatura della catasta ai livelli desiderati, la pompa del vuoto provvede ad <strong>evacuare tutta l\u2019aria<\/strong> dall\u2019autoclave. Raggiunto il valore di vuoto stabilito, il calore assimilato dal legno fa<strong> evaporare l\u2019acqua<\/strong> dalle tavole provocandone l\u2019essiccazione.<\/p>\n<p>Queste fasi, riassunte in maniera molto semplice, <strong>si ripetono pi\u00f9 volte<\/strong> nell\u2019ambito del processo, coniugando in maniera ottimale l\u2019utilizzo dell\u2019aria calda ed umida con il <strong>vuoto<\/strong>, elemento indispensabile per un&#8217;<strong>essiccazione veloce e di qualit\u00e0<\/strong>.<\/p>\n<p><img decoding=\"async\" class=\"wp-image-6009 size-medium aligncenter\" src=\"https:\/\/isve.com\/wp-content\/uploads\/EM8V-Scont_WEB-600x235.jpg\" alt=\"\" width=\"600\" height=\"235\" \/><\/p>\n<p style=\"text-align: center;\"><strong>Carrello di carico con catasta di tavole listellate pronte per il carico in autoclave<\/strong><\/p>\n<p>&nbsp;<\/p>\n<hr \/>\n<h3><strong>Come scegliere il modello EM pi\u00f9 idoneo alle proprie esigenze<\/strong><\/h3>\n<p>Come scegliere un <strong>essiccatoio sottovuoto EM<\/strong>, ma soprattutto come dimensionarlo in base alle proprie esigenze?<\/p>\n<p>I parametri principali da prendere in considerazione sono i seguenti:<\/p>\n<ul>\n<li>quantitativo in mc di legname da essiccare per unit\u00e0 di tempo;<\/li>\n<li>essenza legnosa (pino, abete, rovere, ecc.)<\/li>\n<li>spessore espresso in mm del semilavorato;<\/li>\n<li>umidit\u00e0 iniziale.<\/li>\n<\/ul>\n<p>Dal grafico si possono avere alcune indicazioni sui <strong>tempi di essiccazione in base all\u2019umidit\u00e0 iniziale ed allo spessore del legno<\/strong>.<\/p>\n\n\t\t<style>\n\t\t\t#gallery-1 {\n\t\t\t\tmargin: auto;\n\t\t\t}\n\t\t\t#gallery-1 .gallery-item {\n\t\t\t\tfloat: left;\n\t\t\t\tmargin-top: 10px;\n\t\t\t\ttext-align: center;\n\t\t\t\twidth: 100%;\n\t\t\t}\n\t\t\t#gallery-1 img {\n\t\t\t\tborder: 2px solid #cfcfcf;\n\t\t\t}\n\t\t\t#gallery-1 .gallery-caption {\n\t\t\t\tmargin-left: 0;\n\t\t\t}\n\t\t\t\/* see gallery_shortcode() in wp-includes\/media.php *\/\n\t\t<\/style>\n\t\t<div id='gallery-1' class='gallery galleryid-14446 gallery-columns-1 gallery-size-large'><dl class='gallery-item'>\n\t\t\t<dt class='gallery-icon landscape'>\n\t\t\t\t<a href='https:\/\/isve.com\/it\/tempi-di-essiccazione-em\/'><img decoding=\"async\" width=\"1024\" height=\"350\" src=\"https:\/\/isve.com\/wp-content\/uploads\/2025\/04\/tempi-di-essiccazione-em-1024x350.png\" class=\"attachment-large size-large\" alt=\"\" srcset=\"https:\/\/isve.com\/wp-content\/uploads\/2025\/04\/tempi-di-essiccazione-em-1024x350.png 1024w, https:\/\/isve.com\/wp-content\/uploads\/2025\/04\/tempi-di-essiccazione-em-600x205.png 600w, https:\/\/isve.com\/wp-content\/uploads\/2025\/04\/tempi-di-essiccazione-em-768x263.png 768w, https:\/\/isve.com\/wp-content\/uploads\/2025\/04\/tempi-di-essiccazione-em-1536x526.png 1536w, https:\/\/isve.com\/wp-content\/uploads\/2025\/04\/tempi-di-essiccazione-em-1000x342.png 1000w, https:\/\/isve.com\/wp-content\/uploads\/2025\/04\/tempi-di-essiccazione-em.png 1920w\" sizes=\"(max-width: 1024px) 100vw, 1024px\" \/><\/a>\n\t\t\t<\/dt><\/dl><br style=\"clear: both\" \/>\n\t\t<\/div>\n\n<p>Collimando l\u2019umidit\u00e0 iniziale del semilavorato con la retta dello spessore e scendendo fino ad incrociare le linee grigio-bianche delle diverse essenze legnose, si arriver\u00e0 a determinare la durata espressa in giorni del processo d\u2019essiccazione.<\/p>\n<p>Da questo risultato \u00e8 facile intuire come la <strong>riduzione dei tempi d\u2019essiccazione <\/strong>offerte dagli essiccatori EMV di ISVE\u00a0consenta di lavorare anche con impianti di capienza contenuta rispetto al volume complessivo del prodotto essiccato.<\/p>\n<p>&nbsp;<\/p>\n<h3>I vantaggi degli impianti EM sono chiaramente molteplici:<\/h3>\n<ul>\n<li>risparmio di spazio<\/li>\n<li>pi\u00f9 facile inserimento del processo d\u2019essiccazione nella logistica aziendale.<\/li>\n<li>facile ricollocazione a seguito di un eventuale riassetto delle linee di lavorazione dell\u2019azienda, grazie alle caratteristiche monolitiche degli essiccatoi.<\/li>\n<\/ul>\n<p>Qualit\u00e0 dell\u2019essiccazione e qualit\u00e0 progettuale si rispecchiano quindi negli essiccatoi ISVE serie EM nella semplicit\u00e0 d\u2019uso e nel facile inserimento nel ciclo produttivo aziendale.<\/p>\n<p><img loading=\"lazy\" decoding=\"async\" class=\"wp-image-4325 size-medium aligncenter\" src=\"https:\/\/isve.com\/wp-content\/uploads\/isve-EMV-Spagna-600x398.jpg\" alt=\"\" width=\"600\" height=\"398\" \/><\/p>\n<hr \/>\n<h2><strong>Il vuoto: il segreto della qualit\u00e0 dell&#8217;essiccazione ISVE<\/strong><\/h2>\n<h3>La tecnologia del vuoto per una migliore essiccazione del legno<\/h3>\n<p>La<strong> tecnologia del vuoto<\/strong> utilizzata da ISVE per i propri impianti di essiccazione, garantisce risultati \u00a0decisamente superiori rispetto agli essiccatoi tradizionali, garantendo processi di essiccazione pi\u00f9 veloci, rese maggiori anche su tavole di elevato spessore, bassi costi di esercizio e manutenzione.<\/p>\n<p>&nbsp;<\/p>\n<p><img loading=\"lazy\" decoding=\"async\" class=\"wp-image-4241 size-full aligncenter\" src=\"https:\/\/isve.com\/wp-content\/uploads\/essicazione-sottovuoto_IT.gif\" alt=\"\" width=\"927\" height=\"354\" \/><\/p>\n<h3><\/h3>\n<h3>Gli impianti di essiccazione tradizionali<\/h3>\n<p>L\u2019<strong>essiccazione del legname<\/strong> ottenuta attraverso l\u2019esposizione all&#8217;aria aperta oppure in essiccatoi tradizionali, avviene sempre in base ai seguenti processi:<\/p>\n<ul>\n<li>asportazione dell\u2019acqua dalla superficie delle tavole di legno attraverso correnti d\u2019aria calda (FASE 1);<\/li>\n<li>migrazione dell\u2019umidit\u00e0 dal centro delle tavole pi\u00f9 umido verso la superficie pi\u00f9 secca (FASE 2).<\/li>\n<\/ul>\n<p>Se i due processi non avvengono in perfetta sintonia \u00e8 facile che si generino delle tensioni anomale (FASE 3) che provocano la deformazione e la fessurazione del legname.\u00a0L\u2019affidabilit\u00e0 di un sistema d\u2019essiccazione tradizionale \u00e8 quindi legata alla necessit\u00e0 di procedere in tempi abbastanza lunghi, per non creare facili squilibri di umidit\u00e0 nell\u2019ambito della sezione da essiccare.\u00a0Questo procedimento risulta tuttavia valido per abbattere l\u2019elevato contenuto d\u2019acqua del legno verde.<\/p>\n<p>&nbsp;<\/p>\n<h3>Gli impianti di essiccazione sottovuoto ISVE<\/h3>\n<p>L\u2019<strong>essiccazione<\/strong>\u00a0<strong>sottovuoto<\/strong>\u00a0del <strong>legno<\/strong> permette lo sfruttamento di due principi fisici naturali:<\/p>\n<ol>\n<li>la riduzione di pressione (creazione del vuoto) determina la trasformazione dell\u2019acqua contenuta nel legno in vapore a basse temperature (45\u00b0C a \u2013700 mm Hg);<\/li>\n<li>il vapore d\u2019acqua si muove sempre dalle zone calde verso quelle fredde.<\/li>\n<\/ol>\n<p>Il primo principio garantisce una rapida rimozione del vapore acqueo a partire dal centro della massa legnosa ed una drastica riduzione dei fabbisogni di energia termica, essendo l\u2019operazione eseguita a basse temperature.\u00a0Il secondo principio permette di controllare e regolare, istante per istante, la quantit\u00e0 di umidit\u00e0 che viene asportata dal legno operando sulla temperatura dei condensatori.\u00a0La sinergia dei due processi consente l\u2019abbattimento dell\u2019umidit\u00e0 del legno in maniera uniforme e senza stress per la struttura.<\/p>\n<p>Considerando l\u2019alta tecnologia applicata a queste macchine e la possibilit\u00e0 di regolare con precisione ciascuna fase del processo, l\u2019<strong>essiccazione sottovuoto<\/strong> si presta molto bene per stabilizzare definitivamente il contenuto percentuale di umidit\u00e0 del legno.\u00a0Questo risultato \u00e8 di impareggiabile valore soprattutto nelle successive fasi di finitura ed assemblaggio del semilavorato.<\/p>\n<p>Nel caso di legni che presentano sacche di resina, l\u2019essiccazione sottovuoto garantisce infine la completa evaporazione di solventi vegetali, provocando conseguentemente una cristallizzazione irreversibile della resina stessa.<\/p>\n<p><img loading=\"lazy\" decoding=\"async\" class=\"wp-image-4305 size-medium aligncenter\" src=\"https:\/\/isve.com\/wp-content\/uploads\/isve-EM12V-Toscana-600x451.jpg\" alt=\"\" width=\"600\" height=\"451\" \/><\/p>\n<hr \/>\n<p><a class=\"btn btn-lg btn-block pulsante-giallo\" href=\"\/it\/trattamento-legno\/essiccatoi-legno-em\/\">VEDI TUTTI I MODELLI<\/a><\/p>\n","protected":false},"excerpt":{"rendered":"<p>Essiccatoi serie EM: essiccazione rapida del legno. Le moderne tecnologie applicate nei laboratori di lavorazione del legno hanno consentito di ottimizzare l\u2019utilizzazione ed i tempi di lavorazione ed essiccazione dei semilavorati in legno. Tuttavia cercare di guadagnare 0,5 mm sullo spessore di una tavola, o 1 mt. al secondo sulla velocit\u00e0 di una macchina operatrice&hellip;<\/p>\n","protected":false},"author":1,"featured_media":14447,"parent":15959,"menu_order":263,"comment_status":"closed","ping_status":"closed","template":"","meta":{"_acf_changed":false,"footnotes":""},"tags":[],"impaginazione":[],"divisione":[3690],"categorie_modelli":[],"class_list":["post-14446","page","type-page","status-publish","has-post-thumbnail","hentry","divisione-isve-wood","description-off"],"acf":[],"yoast_head":"<!-- This site is optimized with the Yoast SEO plugin v27.4 - https:\/\/yoast.com\/product\/yoast-seo-wordpress\/ -->\n<title>Essiccatoi serie EM: introduzione - ISVE SpA - Trattamento legno - Riciclaggio - Macinatori Trituratori<\/title>\n<meta name=\"robots\" content=\"index, follow, max-snippet:-1, max-image-preview:large, max-video-preview:-1\" \/>\n<link rel=\"canonical\" href=\"https:\/\/isve.com\/it\/trattamento-legno\/essiccatoi-legno-em-introduzione\/\" \/>\n<meta property=\"og:locale\" content=\"it_IT\" \/>\n<meta property=\"og:type\" content=\"article\" \/>\n<meta property=\"og:title\" content=\"Essiccatoi serie EM: introduzione - ISVE SpA - Trattamento legno - Riciclaggio - Macinatori Trituratori\" \/>\n<meta property=\"og:description\" content=\"Essiccatoi serie EM: essiccazione rapida del legno. Le moderne tecnologie applicate nei laboratori di lavorazione del legno hanno consentito di ottimizzare l\u2019utilizzazione ed i tempi di lavorazione ed essiccazione dei semilavorati in legno. Tuttavia cercare di guadagnare 0,5 mm sullo spessore di una tavola, o 1 mt. al secondo sulla velocit\u00e0 di una macchina operatrice&hellip;\" \/>\n<meta property=\"og:url\" content=\"https:\/\/isve.com\/it\/trattamento-legno\/essiccatoi-legno-em-introduzione\/\" \/>\n<meta property=\"og:site_name\" content=\"ISVE SpA - Trattamento legno - Riciclaggio - Macinatori Trituratori\" \/>\n<meta property=\"article:modified_time\" content=\"2026-02-03T10:21:08+00:00\" \/>\n<meta property=\"og:image\" content=\"https:\/\/isve.com\/wp-content\/uploads\/EM_8\/1.\/EM_8_1.jpg\" \/>\n\t<meta property=\"og:image:width\" content=\"1920\" \/>\n\t<meta property=\"og:image:height\" content=\"549\" \/>\n\t<meta property=\"og:image:type\" content=\"image\/jpeg\" \/>\n<meta name=\"twitter:card\" content=\"summary_large_image\" \/>\n<meta name=\"twitter:label1\" content=\"Tempo di lettura stimato\" \/>\n\t<meta name=\"twitter:data1\" content=\"6 minuti\" \/>\n<script type=\"application\/ld+json\" class=\"yoast-schema-graph\">{\"@context\":\"https:\\\/\\\/schema.org\",\"@graph\":[{\"@type\":\"WebPage\",\"@id\":\"https:\\\/\\\/isve.com\\\/it\\\/trattamento-legno\\\/essiccatoi-legno-em-introduzione\\\/\",\"url\":\"https:\\\/\\\/isve.com\\\/it\\\/trattamento-legno\\\/essiccatoi-legno-em-introduzione\\\/\",\"name\":\"Essiccatoi serie EM: introduzione - ISVE SpA - Trattamento legno - Riciclaggio - Macinatori Trituratori\",\"isPartOf\":{\"@id\":\"https:\\\/\\\/isve.com\\\/it\\\/#website\"},\"primaryImageOfPage\":{\"@id\":\"https:\\\/\\\/isve.com\\\/it\\\/trattamento-legno\\\/essiccatoi-legno-em-introduzione\\\/#primaryimage\"},\"image\":{\"@id\":\"https:\\\/\\\/isve.com\\\/it\\\/trattamento-legno\\\/essiccatoi-legno-em-introduzione\\\/#primaryimage\"},\"thumbnailUrl\":\"https:\\\/\\\/isve.com\\\/wp-content\\\/uploads\\\/EM_8\\\/1.\\\/EM_8_1.jpg\",\"datePublished\":\"2019-12-14T09:54:38+00:00\",\"dateModified\":\"2026-02-03T10:21:08+00:00\",\"breadcrumb\":{\"@id\":\"https:\\\/\\\/isve.com\\\/it\\\/trattamento-legno\\\/essiccatoi-legno-em-introduzione\\\/#breadcrumb\"},\"inLanguage\":\"it-IT\",\"potentialAction\":[{\"@type\":\"ReadAction\",\"target\":[\"https:\\\/\\\/isve.com\\\/it\\\/trattamento-legno\\\/essiccatoi-legno-em-introduzione\\\/\"]}]},{\"@type\":\"ImageObject\",\"inLanguage\":\"it-IT\",\"@id\":\"https:\\\/\\\/isve.com\\\/it\\\/trattamento-legno\\\/essiccatoi-legno-em-introduzione\\\/#primaryimage\",\"url\":\"https:\\\/\\\/isve.com\\\/wp-content\\\/uploads\\\/EM_8\\\/1.\\\/EM_8_1.jpg\",\"contentUrl\":\"https:\\\/\\\/isve.com\\\/wp-content\\\/uploads\\\/EM_8\\\/1.\\\/EM_8_1.jpg\",\"width\":1920,\"height\":549},{\"@type\":\"BreadcrumbList\",\"@id\":\"https:\\\/\\\/isve.com\\\/it\\\/trattamento-legno\\\/essiccatoi-legno-em-introduzione\\\/#breadcrumb\",\"itemListElement\":[{\"@type\":\"ListItem\",\"position\":1,\"name\":\"Home\",\"item\":\"https:\\\/\\\/isve.com\\\/it\\\/\"},{\"@type\":\"ListItem\",\"position\":2,\"name\":\"Wood Treatment\",\"item\":\"https:\\\/\\\/isve.com\\\/it\\\/trattamento-legno\\\/\"},{\"@type\":\"ListItem\",\"position\":3,\"name\":\"Essiccatoi serie EM: introduzione\"}]},{\"@type\":\"WebSite\",\"@id\":\"https:\\\/\\\/isve.com\\\/it\\\/#website\",\"url\":\"https:\\\/\\\/isve.com\\\/it\\\/\",\"name\":\"ISVE S.p.A.\",\"description\":\"Sistemi per trattamento del legno e triturazione macinazione granulazione\",\"publisher\":{\"@id\":\"https:\\\/\\\/isve.com\\\/it\\\/#organization\"},\"potentialAction\":[{\"@type\":\"SearchAction\",\"target\":{\"@type\":\"EntryPoint\",\"urlTemplate\":\"https:\\\/\\\/isve.com\\\/it\\\/?s={search_term_string}\"},\"query-input\":{\"@type\":\"PropertyValueSpecification\",\"valueRequired\":true,\"valueName\":\"search_term_string\"}}],\"inLanguage\":\"it-IT\"},{\"@type\":\"Organization\",\"@id\":\"https:\\\/\\\/isve.com\\\/it\\\/#organization\",\"name\":\"ISVE S.p.A.\",\"url\":\"https:\\\/\\\/isve.com\\\/it\\\/\",\"logo\":{\"@type\":\"ImageObject\",\"inLanguage\":\"it-IT\",\"@id\":\"https:\\\/\\\/isve.com\\\/it\\\/#\\\/schema\\\/logo\\\/image\\\/\",\"url\":\"https:\\\/\\\/isve.com\\\/wp-content\\\/uploads\\\/2026\\\/01\\\/logo-isve-spa.png\",\"contentUrl\":\"https:\\\/\\\/isve.com\\\/wp-content\\\/uploads\\\/2026\\\/01\\\/logo-isve-spa.png\",\"width\":600,\"height\":173,\"caption\":\"ISVE S.p.A.\"},\"image\":{\"@id\":\"https:\\\/\\\/isve.com\\\/it\\\/#\\\/schema\\\/logo\\\/image\\\/\"},\"sameAs\":[\"https:\\\/\\\/www.linkedin.com\\\/company\\\/69445471\",\"https:\\\/\\\/www.youtube.com\\\/@isves.p.a.8894\"]}]}<\/script>\n<!-- \/ Yoast SEO plugin. -->","yoast_head_json":{"title":"Essiccatoi serie EM: introduzione - ISVE SpA - Trattamento legno - Riciclaggio - Macinatori Trituratori","robots":{"index":"index","follow":"follow","max-snippet":"max-snippet:-1","max-image-preview":"max-image-preview:large","max-video-preview":"max-video-preview:-1"},"canonical":"https:\/\/isve.com\/it\/trattamento-legno\/essiccatoi-legno-em-introduzione\/","og_locale":"it_IT","og_type":"article","og_title":"Essiccatoi serie EM: introduzione - ISVE SpA - Trattamento legno - Riciclaggio - Macinatori Trituratori","og_description":"Essiccatoi serie EM: essiccazione rapida del legno. Le moderne tecnologie applicate nei laboratori di lavorazione del legno hanno consentito di ottimizzare l\u2019utilizzazione ed i tempi di lavorazione ed essiccazione dei semilavorati in legno. Tuttavia cercare di guadagnare 0,5 mm sullo spessore di una tavola, o 1 mt. al secondo sulla velocit\u00e0 di una macchina operatrice&hellip;","og_url":"https:\/\/isve.com\/it\/trattamento-legno\/essiccatoi-legno-em-introduzione\/","og_site_name":"ISVE SpA - Trattamento legno - Riciclaggio - Macinatori Trituratori","article_modified_time":"2026-02-03T10:21:08+00:00","og_image":[{"width":1920,"height":549,"url":"https:\/\/isve.com\/wp-content\/uploads\/EM_8\/1.\/EM_8_1.jpg","type":"image\/jpeg"}],"twitter_card":"summary_large_image","twitter_misc":{"Tempo di lettura stimato":"6 minuti"},"schema":{"@context":"https:\/\/schema.org","@graph":[{"@type":"WebPage","@id":"https:\/\/isve.com\/it\/trattamento-legno\/essiccatoi-legno-em-introduzione\/","url":"https:\/\/isve.com\/it\/trattamento-legno\/essiccatoi-legno-em-introduzione\/","name":"Essiccatoi serie EM: introduzione - ISVE SpA - Trattamento legno - Riciclaggio - Macinatori Trituratori","isPartOf":{"@id":"https:\/\/isve.com\/it\/#website"},"primaryImageOfPage":{"@id":"https:\/\/isve.com\/it\/trattamento-legno\/essiccatoi-legno-em-introduzione\/#primaryimage"},"image":{"@id":"https:\/\/isve.com\/it\/trattamento-legno\/essiccatoi-legno-em-introduzione\/#primaryimage"},"thumbnailUrl":"https:\/\/isve.com\/wp-content\/uploads\/EM_8\/1.\/EM_8_1.jpg","datePublished":"2019-12-14T09:54:38+00:00","dateModified":"2026-02-03T10:21:08+00:00","breadcrumb":{"@id":"https:\/\/isve.com\/it\/trattamento-legno\/essiccatoi-legno-em-introduzione\/#breadcrumb"},"inLanguage":"it-IT","potentialAction":[{"@type":"ReadAction","target":["https:\/\/isve.com\/it\/trattamento-legno\/essiccatoi-legno-em-introduzione\/"]}]},{"@type":"ImageObject","inLanguage":"it-IT","@id":"https:\/\/isve.com\/it\/trattamento-legno\/essiccatoi-legno-em-introduzione\/#primaryimage","url":"https:\/\/isve.com\/wp-content\/uploads\/EM_8\/1.\/EM_8_1.jpg","contentUrl":"https:\/\/isve.com\/wp-content\/uploads\/EM_8\/1.\/EM_8_1.jpg","width":1920,"height":549},{"@type":"BreadcrumbList","@id":"https:\/\/isve.com\/it\/trattamento-legno\/essiccatoi-legno-em-introduzione\/#breadcrumb","itemListElement":[{"@type":"ListItem","position":1,"name":"Home","item":"https:\/\/isve.com\/it\/"},{"@type":"ListItem","position":2,"name":"Wood Treatment","item":"https:\/\/isve.com\/it\/trattamento-legno\/"},{"@type":"ListItem","position":3,"name":"Essiccatoi serie EM: introduzione"}]},{"@type":"WebSite","@id":"https:\/\/isve.com\/it\/#website","url":"https:\/\/isve.com\/it\/","name":"ISVE S.p.A.","description":"Sistemi per trattamento del legno e triturazione macinazione granulazione","publisher":{"@id":"https:\/\/isve.com\/it\/#organization"},"potentialAction":[{"@type":"SearchAction","target":{"@type":"EntryPoint","urlTemplate":"https:\/\/isve.com\/it\/?s={search_term_string}"},"query-input":{"@type":"PropertyValueSpecification","valueRequired":true,"valueName":"search_term_string"}}],"inLanguage":"it-IT"},{"@type":"Organization","@id":"https:\/\/isve.com\/it\/#organization","name":"ISVE S.p.A.","url":"https:\/\/isve.com\/it\/","logo":{"@type":"ImageObject","inLanguage":"it-IT","@id":"https:\/\/isve.com\/it\/#\/schema\/logo\/image\/","url":"https:\/\/isve.com\/wp-content\/uploads\/2026\/01\/logo-isve-spa.png","contentUrl":"https:\/\/isve.com\/wp-content\/uploads\/2026\/01\/logo-isve-spa.png","width":600,"height":173,"caption":"ISVE S.p.A."},"image":{"@id":"https:\/\/isve.com\/it\/#\/schema\/logo\/image\/"},"sameAs":["https:\/\/www.linkedin.com\/company\/69445471","https:\/\/www.youtube.com\/@isves.p.a.8894"]}]}},"_links":{"self":[{"href":"https:\/\/isve.com\/it\/wp-json\/wp\/v2\/pages\/14446","targetHints":{"allow":["GET"]}}],"collection":[{"href":"https:\/\/isve.com\/it\/wp-json\/wp\/v2\/pages"}],"about":[{"href":"https:\/\/isve.com\/it\/wp-json\/wp\/v2\/types\/page"}],"author":[{"embeddable":true,"href":"https:\/\/isve.com\/it\/wp-json\/wp\/v2\/users\/1"}],"replies":[{"embeddable":true,"href":"https:\/\/isve.com\/it\/wp-json\/wp\/v2\/comments?post=14446"}],"version-history":[{"count":1,"href":"https:\/\/isve.com\/it\/wp-json\/wp\/v2\/pages\/14446\/revisions"}],"predecessor-version":[{"id":27724,"href":"https:\/\/isve.com\/it\/wp-json\/wp\/v2\/pages\/14446\/revisions\/27724"}],"up":[{"embeddable":true,"href":"https:\/\/isve.com\/it\/wp-json\/wp\/v2\/pages\/15959"}],"wp:featuredmedia":[{"embeddable":true,"href":"https:\/\/isve.com\/it\/wp-json\/wp\/v2\/media\/14447"}],"wp:attachment":[{"href":"https:\/\/isve.com\/it\/wp-json\/wp\/v2\/media?parent=14446"}],"wp:term":[{"taxonomy":"post_tag","embeddable":true,"href":"https:\/\/isve.com\/it\/wp-json\/wp\/v2\/tags?post=14446"},{"taxonomy":"impaginazione","embeddable":true,"href":"https:\/\/isve.com\/it\/wp-json\/wp\/v2\/impaginazione?post=14446"},{"taxonomy":"divisione","embeddable":true,"href":"https:\/\/isve.com\/it\/wp-json\/wp\/v2\/divisione?post=14446"},{"taxonomy":"categorie_modelli","embeddable":true,"href":"https:\/\/isve.com\/it\/wp-json\/wp\/v2\/categorie_modelli?post=14446"}],"curies":[{"name":"wp","href":"https:\/\/api.w.org\/{rel}","templated":true}]}}