{"id":9322,"date":"2022-04-11T17:07:54","date_gmt":"2022-04-11T15:07:54","guid":{"rendered":"https:\/\/isve.com\/?page_id=9322"},"modified":"2024-02-15T14:56:26","modified_gmt":"2024-02-15T13:56:26","slug":"broyeurs-a-4-arbres-modele-140-100","status":"publish","type":"page","link":"https:\/\/isve.com\/fr\/broyeurs-industriels\/broyeurs-a-4-arbres\/broyeurs-a-4-arbres-modele-140-100\/","title":{"rendered":"Broyeurs \u00e0 4 arbres: Mod\u00e8le 140-100S"},"content":{"rendered":"<h2 class=\"titoletto\"><strong>Caract\u00e9ristiques principales:<\/strong><\/h2>\n<ul>\n<li><span class=\"etichetta\">Bouche de chargement:<\/span> 1000&#215;1400<\/li>\n<li><span class=\"etichetta\">Puissance install\u00e9e:<\/span> 44 KW (22 kW+22 kW)&nbsp;\u2013 60 HP (30 + 30 HP)<\/li>\n<li><span class=\"etichetta\">transmission:<\/span>&nbsp;par engrenages<\/li>\n<li><span class=\"etichetta\">n\u00b0 arbres couteaux:<\/span>&nbsp;2<\/li>\n<li><span class=\"etichetta\">n\u00b0 couteaux tremp\u00e9s:<\/span> 35<\/li>\n<li><span class=\"etichetta\">n\u00b0 arbres introducteurs:<\/span>&nbsp;2<\/li>\n<li><span class=\"etichetta\">n\u00b0 disques introducteurs:<\/span> 305<\/li>\n<li><span class=\"etichetta\">n\u00b0 de tours couteaux\/min (env.):<\/span>&nbsp;18<\/li>\n<li><span class=\"etichetta\">production:<\/span> 2-3,5 t\/heure<\/li>\n<li><span class=\"etichetta\">\u00e9quipement de s\u00e9curit\u00e9:<\/span>&nbsp;bouton d&#8217;arr\u00eat d&#8217;urgence, contact de fermeture de la tr\u00e9mie<\/li>\n<li><strong>ex\u00e9cution aux normes CE<\/strong><\/li>\n<\/ul>\n<h2 class=\"titoletto\"><strong>Accessoires sur demande:<\/strong><\/h2>\n<ul>\n<li>Tr\u00e9mie interchangeable.<\/li>\n<li>Grille interchangeable.<\/li>\n<li>Base sur mesure.<\/li>\n<\/ul>\n<h2 class=\"titoletto\"><strong>Notice d\u2019utilisation:<\/strong><\/h2>\n<p>Machine polyvalente de moyennes dimensions, adapt\u00e9e pour le broyage de diff\u00e9rent type de d\u00e9chet m\u00eame mat\u00e9riaux volumineux. &nbsp;Peut \u00eatre&nbsp; plac\u00e9e &nbsp;en cours de&nbsp; fabrication pour un fonctionnement &nbsp;en continu. Conseill\u00e9e pour le broyage de morceaux de bois m\u00eame de grandes dimensions, chiffons, palettes, chiffons, mati\u00e8res plastiques, pneus, papier, carton, emballages, rubans de poly\u00e9thyl\u00e8ne, films plastiques, bouteilles en PET, bidons de boite m\u00e9tallique, tapisserie, pare-chocs, toile cir\u00e9e, malles, documentation de papier, d\u00e9chets plastiques, masselotte de commence et fin extrusion, etc.<\/p>\n<h2 class=\"titoletto\"><strong>Caract\u00e9ristiques du d\u00e9chiqueteur:<\/strong><\/h2>\n<ul>\n<li>Ch\u00e2ssis en t\u00f4le d&#8217;acier \u00e9lectrosoud\u00e9 de forte \u00e9paisseur;<\/li>\n<li>Logement des roulements \u00e0 aiguilles avec syst\u00e8me de protection contre les poussi\u00e8res et les liquides;<\/li>\n<li>Plaques lat\u00e9raux anti-usure avec interstice de s\u00e9paration de la chambre de coupe des brides porte- roulements;<\/li>\n<li>Arbres de forte \u00e9paisseur pourvus de 35 couteaux en acier sp\u00e9cial anti-usure et 35 disques introducteurs pour faciliter la saisie des pi\u00e8ces volumineuses;<\/li>\n<li>Epaisseur outils: 40 mm;<\/li>\n<li>Disposition d\u00e9gressive des dents fraise pour une meilleure prise et progression de coupe;<\/li>\n<li>2 r\u00e9ducteurs \u00e9picyclo\u00efdaux avec axes de rotation parall\u00e8les \u00e0 l&#8217;axe des couteaux;<\/li>\n<li>2 moteurs multi-tension, multi-fr\u00e9quence de primaire maison nationale de 22 kW avec classe d&#8217;efficacit\u00e9 PREMIUM (IE3);<\/li>\n<li>Syst\u00e8me de transmission \u00e0 bain d&#8217;huile avec engrenages et pignons en acier;<\/li>\n<li>Barre de protection pour les moteurs \u00e9lectriques du broyeur;<\/li>\n<li>Chambre de d\u00e9coupe aux dimensions 1400&#215;1000 mm;<\/li>\n<li>Tr\u00e9mie en t\u00f4le \u00e9lectrosoud\u00e9e pour chargement par le haut;<\/li>\n<li>B\u00e2ti pourvu de n\u00b0 3 grilles de protection avec portillon en fa\u00e7ade \u00e9quip\u00e9 d&#8217;un microcontact de s\u00e9curit\u00e9&nbsp;;<\/li>\n<li>Poids env. 6,5 t.<\/li>\n<\/ul>\n<h2 class=\"titoletto\"><strong>Caract\u00e9ristique du syst\u00e8me de contr\u00f4le:<\/strong><\/h2>\n<ul>\n<li>Tableau \u00e9lectrique aux normes CE, \u00e9quip\u00e9 d\u2019un limiteur de couple qui inverse le mouvement du poussoir en cas de surcharge du d\u00e9chiqueteur.<\/li>\n<li>PLC SIEMENS S7-1200 pour le contr\u00f4le de tous les p\u00e9riph\u00e9riques de l\u2019installation.<\/li>\n<li>Ecran tactile SIMATIC SIEMENS pour le r\u00e9glage des tous les param\u00e8tres de la machine.<\/li>\n<li>Software pr\u00e9par\u00e9 pour la commande des syst\u00e8mes de chargement, du raffineur et de l\u2019installation d\u2019aspiration.<\/li>\n<li>Fonctions de contr\u00f4le de s\u00e9curit\u00e9 pour l\u2019arr\u00eat de l\u2019installation.<\/li>\n<li>ISVE MAINTENANCE PROGRAME: programme des entretiens signal\u00e9 sur l\u2019\u00e9cran tactile.<\/li>\n<li>La production de mati\u00e8re broy\u00e9e varie en fonction de la typologie de pi\u00e8ces \u00e0 broyer et de la granulom\u00e9trie souhait\u00e9e. En g\u00e9n\u00e9ral, on peut tables sur une production de 1,5-3 t\/heure.<\/li>\n<li>ex\u00e9cution aux normes CE<\/li>\n<\/ul>\n","protected":false},"excerpt":{"rendered":"<p>Caract\u00e9ristiques principales: Bouche de chargement: 1000&#215;1400 Puissance install\u00e9e: 44 KW (22 kW+22 kW)&nbsp;\u2013 60 HP (30 + 30 HP) transmission:&nbsp;par engrenages n\u00b0 arbres couteaux:&nbsp;2 n\u00b0 couteaux tremp\u00e9s: 35 n\u00b0 arbres introducteurs:&nbsp;2 n\u00b0 disques introducteurs: 305 n\u00b0 de tours couteaux\/min (env.):&nbsp;18 production: 2-3,5 t\/heure \u00e9quipement de s\u00e9curit\u00e9:&nbsp;bouton d&#8217;arr\u00eat d&#8217;urgence, contact de fermeture de la tr\u00e9mie ex\u00e9cution&hellip;<\/p>\n","protected":false},"author":103,"featured_media":10707,"parent":3812,"menu_order":374,"comment_status":"closed","ping_status":"closed","template":"","meta":{"_acf_changed":false,"footnotes":""},"tags":[],"impaginazione":[3692],"divisione":[3689],"categorie_modelli":[3696],"class_list":["post-9322","page","type-page","status-publish","has-post-thumbnail","hentry","impaginazione-modello-prodotto","divisione-isve-recycling","categorie_modelli-trituratori-4-alberi","description-off"],"acf":[],"yoast_head":"<!-- This site is optimized with the Yoast SEO plugin v27.4 - https:\/\/yoast.com\/product\/yoast-seo-wordpress\/ -->\n<title>Broyeurs \u00e0 4 arbres: Mod\u00e8le 140-100S - ISVE SpA - Traitement du bois - Recyclage - Broyeurs Granulateurs<\/title>\n<meta name=\"robots\" content=\"index, follow, max-snippet:-1, max-image-preview:large, max-video-preview:-1\" \/>\n<link rel=\"canonical\" href=\"https:\/\/isve.com\/fr\/broyeurs-industriels\/broyeurs-a-4-arbres\/broyeurs-a-4-arbres-modele-140-100\/\" \/>\n<meta property=\"og:locale\" content=\"fr_FR\" \/>\n<meta property=\"og:type\" content=\"article\" \/>\n<meta property=\"og:title\" content=\"Broyeurs \u00e0 4 arbres: Mod\u00e8le 140-100S - ISVE SpA - Traitement du bois - Recyclage - Broyeurs Granulateurs\" \/>\n<meta property=\"og:description\" content=\"Caract\u00e9ristiques principales: Bouche de chargement: 1000&#215;1400 Puissance install\u00e9e: 44 KW (22 kW+22 kW)&nbsp;\u2013 60 HP (30 + 30 HP) transmission:&nbsp;par engrenages n\u00b0 arbres couteaux:&nbsp;2 n\u00b0 couteaux tremp\u00e9s: 35 n\u00b0 arbres introducteurs:&nbsp;2 n\u00b0 disques introducteurs: 305 n\u00b0 de tours couteaux\/min (env.):&nbsp;18 production: 2-3,5 t\/heure \u00e9quipement de s\u00e9curit\u00e9:&nbsp;bouton d&#8217;arr\u00eat d&#8217;urgence, contact de fermeture de la tr\u00e9mie ex\u00e9cution&hellip;\" \/>\n<meta property=\"og:url\" content=\"https:\/\/isve.com\/fr\/broyeurs-industriels\/broyeurs-a-4-arbres\/broyeurs-a-4-arbres-modele-140-100\/\" \/>\n<meta property=\"og:site_name\" content=\"ISVE SpA - Traitement du bois - Recyclage - Broyeurs Granulateurs\" \/>\n<meta property=\"article:modified_time\" content=\"2024-02-15T13:56:26+00:00\" \/>\n<meta property=\"og:image\" content=\"https:\/\/isve.com\/wp-content\/uploads\/2023\/06\/140100s-1.jpg\" \/>\n\t<meta property=\"og:image:width\" content=\"1822\" \/>\n\t<meta property=\"og:image:height\" content=\"796\" \/>\n\t<meta property=\"og:image:type\" content=\"image\/jpeg\" \/>\n<meta name=\"twitter:card\" content=\"summary_large_image\" \/>\n<meta name=\"twitter:label1\" content=\"Dur\u00e9e de lecture estim\u00e9e\" \/>\n\t<meta name=\"twitter:data1\" content=\"3 minutes\" \/>\n<script type=\"application\/ld+json\" class=\"yoast-schema-graph\">{\"@context\":\"https:\\\/\\\/schema.org\",\"@graph\":[{\"@type\":\"WebPage\",\"@id\":\"https:\\\/\\\/isve.com\\\/fr\\\/broyeurs-industriels\\\/broyeurs-a-4-arbres\\\/broyeurs-a-4-arbres-modele-140-100\\\/\",\"url\":\"https:\\\/\\\/isve.com\\\/fr\\\/broyeurs-industriels\\\/broyeurs-a-4-arbres\\\/broyeurs-a-4-arbres-modele-140-100\\\/\",\"name\":\"Broyeurs \u00e0 4 arbres: Mod\u00e8le 140-100S - ISVE SpA - Traitement du bois - Recyclage - Broyeurs Granulateurs\",\"isPartOf\":{\"@id\":\"https:\\\/\\\/isve.com\\\/fr\\\/#website\"},\"primaryImageOfPage\":{\"@id\":\"https:\\\/\\\/isve.com\\\/fr\\\/broyeurs-industriels\\\/broyeurs-a-4-arbres\\\/broyeurs-a-4-arbres-modele-140-100\\\/#primaryimage\"},\"image\":{\"@id\":\"https:\\\/\\\/isve.com\\\/fr\\\/broyeurs-industriels\\\/broyeurs-a-4-arbres\\\/broyeurs-a-4-arbres-modele-140-100\\\/#primaryimage\"},\"thumbnailUrl\":\"https:\\\/\\\/isve.com\\\/wp-content\\\/uploads\\\/2023\\\/06\\\/140100s-1.jpg\",\"datePublished\":\"2022-04-11T15:07:54+00:00\",\"dateModified\":\"2024-02-15T13:56:26+00:00\",\"breadcrumb\":{\"@id\":\"https:\\\/\\\/isve.com\\\/fr\\\/broyeurs-industriels\\\/broyeurs-a-4-arbres\\\/broyeurs-a-4-arbres-modele-140-100\\\/#breadcrumb\"},\"inLanguage\":\"fr-FR\",\"potentialAction\":[{\"@type\":\"ReadAction\",\"target\":[\"https:\\\/\\\/isve.com\\\/fr\\\/broyeurs-industriels\\\/broyeurs-a-4-arbres\\\/broyeurs-a-4-arbres-modele-140-100\\\/\"]}]},{\"@type\":\"ImageObject\",\"inLanguage\":\"fr-FR\",\"@id\":\"https:\\\/\\\/isve.com\\\/fr\\\/broyeurs-industriels\\\/broyeurs-a-4-arbres\\\/broyeurs-a-4-arbres-modele-140-100\\\/#primaryimage\",\"url\":\"https:\\\/\\\/isve.com\\\/wp-content\\\/uploads\\\/2023\\\/06\\\/140100s-1.jpg\",\"contentUrl\":\"https:\\\/\\\/isve.com\\\/wp-content\\\/uploads\\\/2023\\\/06\\\/140100s-1.jpg\",\"width\":1822,\"height\":796,\"caption\":\"140100S\"},{\"@type\":\"BreadcrumbList\",\"@id\":\"https:\\\/\\\/isve.com\\\/fr\\\/broyeurs-industriels\\\/broyeurs-a-4-arbres\\\/broyeurs-a-4-arbres-modele-140-100\\\/#breadcrumb\",\"itemListElement\":[{\"@type\":\"ListItem\",\"position\":1,\"name\":\"Home\",\"item\":\"https:\\\/\\\/isve.com\\\/fr\\\/\"},{\"@type\":\"ListItem\",\"position\":2,\"name\":\"Produits Recycling\",\"item\":\"https:\\\/\\\/isve.com\\\/fr\\\/broyeurs-industriels\\\/\"},{\"@type\":\"ListItem\",\"position\":3,\"name\":\"Mod\u00e8les &#8211; Broyeurs industriels \u00e0 4 arbres\",\"item\":\"https:\\\/\\\/isve.com\\\/fr\\\/broyeurs-industriels\\\/broyeurs-a-4-arbres\\\/\"},{\"@type\":\"ListItem\",\"position\":4,\"name\":\"Broyeurs \u00e0 4 arbres: Mod\u00e8le 140-100S\"}]},{\"@type\":\"WebSite\",\"@id\":\"https:\\\/\\\/isve.com\\\/fr\\\/#website\",\"url\":\"https:\\\/\\\/isve.com\\\/fr\\\/\",\"name\":\"ISVE S.p.A.\",\"description\":\"Syst\u00e8mes de traitement du bois et pour dechiquetage broyage granulation\",\"publisher\":{\"@id\":\"https:\\\/\\\/isve.com\\\/fr\\\/#organization\"},\"potentialAction\":[{\"@type\":\"SearchAction\",\"target\":{\"@type\":\"EntryPoint\",\"urlTemplate\":\"https:\\\/\\\/isve.com\\\/fr\\\/?s={search_term_string}\"},\"query-input\":{\"@type\":\"PropertyValueSpecification\",\"valueRequired\":true,\"valueName\":\"search_term_string\"}}],\"inLanguage\":\"fr-FR\"},{\"@type\":\"Organization\",\"@id\":\"https:\\\/\\\/isve.com\\\/fr\\\/#organization\",\"name\":\"ISVE S.p.A.\",\"url\":\"https:\\\/\\\/isve.com\\\/fr\\\/\",\"logo\":{\"@type\":\"ImageObject\",\"inLanguage\":\"fr-FR\",\"@id\":\"https:\\\/\\\/isve.com\\\/fr\\\/#\\\/schema\\\/logo\\\/image\\\/\",\"url\":\"https:\\\/\\\/isve.com\\\/wp-content\\\/uploads\\\/2026\\\/01\\\/logo-isve-spa.png\",\"contentUrl\":\"https:\\\/\\\/isve.com\\\/wp-content\\\/uploads\\\/2026\\\/01\\\/logo-isve-spa.png\",\"width\":600,\"height\":173,\"caption\":\"ISVE S.p.A.\"},\"image\":{\"@id\":\"https:\\\/\\\/isve.com\\\/fr\\\/#\\\/schema\\\/logo\\\/image\\\/\"},\"sameAs\":[\"https:\\\/\\\/www.linkedin.com\\\/company\\\/69445471\",\"https:\\\/\\\/www.youtube.com\\\/@isves.p.a.8894\"]}]}<\/script>\n<!-- \/ Yoast SEO plugin. -->","yoast_head_json":{"title":"Broyeurs \u00e0 4 arbres: Mod\u00e8le 140-100S - ISVE SpA - Traitement du bois - Recyclage - Broyeurs Granulateurs","robots":{"index":"index","follow":"follow","max-snippet":"max-snippet:-1","max-image-preview":"max-image-preview:large","max-video-preview":"max-video-preview:-1"},"canonical":"https:\/\/isve.com\/fr\/broyeurs-industriels\/broyeurs-a-4-arbres\/broyeurs-a-4-arbres-modele-140-100\/","og_locale":"fr_FR","og_type":"article","og_title":"Broyeurs \u00e0 4 arbres: Mod\u00e8le 140-100S - ISVE SpA - Traitement du bois - Recyclage - Broyeurs Granulateurs","og_description":"Caract\u00e9ristiques principales: Bouche de chargement: 1000&#215;1400 Puissance install\u00e9e: 44 KW (22 kW+22 kW)&nbsp;\u2013 60 HP (30 + 30 HP) transmission:&nbsp;par engrenages n\u00b0 arbres couteaux:&nbsp;2 n\u00b0 couteaux tremp\u00e9s: 35 n\u00b0 arbres introducteurs:&nbsp;2 n\u00b0 disques introducteurs: 305 n\u00b0 de tours couteaux\/min (env.):&nbsp;18 production: 2-3,5 t\/heure \u00e9quipement de s\u00e9curit\u00e9:&nbsp;bouton d&#8217;arr\u00eat d&#8217;urgence, contact de fermeture de la tr\u00e9mie ex\u00e9cution&hellip;","og_url":"https:\/\/isve.com\/fr\/broyeurs-industriels\/broyeurs-a-4-arbres\/broyeurs-a-4-arbres-modele-140-100\/","og_site_name":"ISVE SpA - Traitement du bois - Recyclage - Broyeurs Granulateurs","article_modified_time":"2024-02-15T13:56:26+00:00","og_image":[{"width":1822,"height":796,"url":"https:\/\/isve.com\/wp-content\/uploads\/2023\/06\/140100s-1.jpg","type":"image\/jpeg"}],"twitter_card":"summary_large_image","twitter_misc":{"Dur\u00e9e de lecture estim\u00e9e":"3 minutes"},"schema":{"@context":"https:\/\/schema.org","@graph":[{"@type":"WebPage","@id":"https:\/\/isve.com\/fr\/broyeurs-industriels\/broyeurs-a-4-arbres\/broyeurs-a-4-arbres-modele-140-100\/","url":"https:\/\/isve.com\/fr\/broyeurs-industriels\/broyeurs-a-4-arbres\/broyeurs-a-4-arbres-modele-140-100\/","name":"Broyeurs \u00e0 4 arbres: Mod\u00e8le 140-100S - ISVE SpA - Traitement du bois - Recyclage - Broyeurs Granulateurs","isPartOf":{"@id":"https:\/\/isve.com\/fr\/#website"},"primaryImageOfPage":{"@id":"https:\/\/isve.com\/fr\/broyeurs-industriels\/broyeurs-a-4-arbres\/broyeurs-a-4-arbres-modele-140-100\/#primaryimage"},"image":{"@id":"https:\/\/isve.com\/fr\/broyeurs-industriels\/broyeurs-a-4-arbres\/broyeurs-a-4-arbres-modele-140-100\/#primaryimage"},"thumbnailUrl":"https:\/\/isve.com\/wp-content\/uploads\/2023\/06\/140100s-1.jpg","datePublished":"2022-04-11T15:07:54+00:00","dateModified":"2024-02-15T13:56:26+00:00","breadcrumb":{"@id":"https:\/\/isve.com\/fr\/broyeurs-industriels\/broyeurs-a-4-arbres\/broyeurs-a-4-arbres-modele-140-100\/#breadcrumb"},"inLanguage":"fr-FR","potentialAction":[{"@type":"ReadAction","target":["https:\/\/isve.com\/fr\/broyeurs-industriels\/broyeurs-a-4-arbres\/broyeurs-a-4-arbres-modele-140-100\/"]}]},{"@type":"ImageObject","inLanguage":"fr-FR","@id":"https:\/\/isve.com\/fr\/broyeurs-industriels\/broyeurs-a-4-arbres\/broyeurs-a-4-arbres-modele-140-100\/#primaryimage","url":"https:\/\/isve.com\/wp-content\/uploads\/2023\/06\/140100s-1.jpg","contentUrl":"https:\/\/isve.com\/wp-content\/uploads\/2023\/06\/140100s-1.jpg","width":1822,"height":796,"caption":"140100S"},{"@type":"BreadcrumbList","@id":"https:\/\/isve.com\/fr\/broyeurs-industriels\/broyeurs-a-4-arbres\/broyeurs-a-4-arbres-modele-140-100\/#breadcrumb","itemListElement":[{"@type":"ListItem","position":1,"name":"Home","item":"https:\/\/isve.com\/fr\/"},{"@type":"ListItem","position":2,"name":"Produits Recycling","item":"https:\/\/isve.com\/fr\/broyeurs-industriels\/"},{"@type":"ListItem","position":3,"name":"Mod\u00e8les &#8211; Broyeurs industriels \u00e0 4 arbres","item":"https:\/\/isve.com\/fr\/broyeurs-industriels\/broyeurs-a-4-arbres\/"},{"@type":"ListItem","position":4,"name":"Broyeurs \u00e0 4 arbres: Mod\u00e8le 140-100S"}]},{"@type":"WebSite","@id":"https:\/\/isve.com\/fr\/#website","url":"https:\/\/isve.com\/fr\/","name":"ISVE S.p.A.","description":"Syst\u00e8mes de traitement du bois et pour dechiquetage broyage granulation","publisher":{"@id":"https:\/\/isve.com\/fr\/#organization"},"potentialAction":[{"@type":"SearchAction","target":{"@type":"EntryPoint","urlTemplate":"https:\/\/isve.com\/fr\/?s={search_term_string}"},"query-input":{"@type":"PropertyValueSpecification","valueRequired":true,"valueName":"search_term_string"}}],"inLanguage":"fr-FR"},{"@type":"Organization","@id":"https:\/\/isve.com\/fr\/#organization","name":"ISVE S.p.A.","url":"https:\/\/isve.com\/fr\/","logo":{"@type":"ImageObject","inLanguage":"fr-FR","@id":"https:\/\/isve.com\/fr\/#\/schema\/logo\/image\/","url":"https:\/\/isve.com\/wp-content\/uploads\/2026\/01\/logo-isve-spa.png","contentUrl":"https:\/\/isve.com\/wp-content\/uploads\/2026\/01\/logo-isve-spa.png","width":600,"height":173,"caption":"ISVE S.p.A."},"image":{"@id":"https:\/\/isve.com\/fr\/#\/schema\/logo\/image\/"},"sameAs":["https:\/\/www.linkedin.com\/company\/69445471","https:\/\/www.youtube.com\/@isves.p.a.8894"]}]}},"_links":{"self":[{"href":"https:\/\/isve.com\/fr\/wp-json\/wp\/v2\/pages\/9322","targetHints":{"allow":["GET"]}}],"collection":[{"href":"https:\/\/isve.com\/fr\/wp-json\/wp\/v2\/pages"}],"about":[{"href":"https:\/\/isve.com\/fr\/wp-json\/wp\/v2\/types\/page"}],"author":[{"embeddable":true,"href":"https:\/\/isve.com\/fr\/wp-json\/wp\/v2\/users\/103"}],"replies":[{"embeddable":true,"href":"https:\/\/isve.com\/fr\/wp-json\/wp\/v2\/comments?post=9322"}],"version-history":[{"count":0,"href":"https:\/\/isve.com\/fr\/wp-json\/wp\/v2\/pages\/9322\/revisions"}],"up":[{"embeddable":true,"href":"https:\/\/isve.com\/fr\/wp-json\/wp\/v2\/pages\/3812"}],"wp:featuredmedia":[{"embeddable":true,"href":"https:\/\/isve.com\/fr\/wp-json\/wp\/v2\/media\/10707"}],"wp:attachment":[{"href":"https:\/\/isve.com\/fr\/wp-json\/wp\/v2\/media?parent=9322"}],"wp:term":[{"taxonomy":"post_tag","embeddable":true,"href":"https:\/\/isve.com\/fr\/wp-json\/wp\/v2\/tags?post=9322"},{"taxonomy":"impaginazione","embeddable":true,"href":"https:\/\/isve.com\/fr\/wp-json\/wp\/v2\/impaginazione?post=9322"},{"taxonomy":"divisione","embeddable":true,"href":"https:\/\/isve.com\/fr\/wp-json\/wp\/v2\/divisione?post=9322"},{"taxonomy":"categorie_modelli","embeddable":true,"href":"https:\/\/isve.com\/fr\/wp-json\/wp\/v2\/categorie_modelli?post=9322"}],"curies":[{"name":"wp","href":"https:\/\/api.w.org\/{rel}","templated":true}]}}