{"id":4728,"date":"2019-10-10T17:21:28","date_gmt":"2019-10-10T15:21:28","guid":{"rendered":"https:\/\/isve.com\/isve-server-connection\/"},"modified":"2026-02-05T11:31:27","modified_gmt":"2026-02-05T10:31:27","slug":"isve-server-connection","status":"publish","type":"page","link":"https:\/\/isve.com\/fr\/equipements-traitement-bois\/isve-server-connection\/","title":{"rendered":"ISVE Server Connection"},"content":{"rendered":"\t\t<div data-elementor-type=\"wp-page\" data-elementor-id=\"4728\" class=\"elementor elementor-4728 elementor-2291\" data-elementor-post-type=\"page\">\n\t\t\t\t\t\t<section class=\"elementor-section elementor-top-section elementor-element elementor-element-16cf07f elementor-section-full_width elementor-section-height-default elementor-section-height-default\" data-id=\"16cf07f\" data-element_type=\"section\" data-e-type=\"section\" data-settings=\"{&quot;background_background&quot;:&quot;classic&quot;}\">\n\t\t\t\t\t\t<div class=\"elementor-container elementor-column-gap-default\">\n\t\t\t\t\t<div class=\"elementor-column elementor-col-100 elementor-top-column elementor-element elementor-element-10594b2\" data-id=\"10594b2\" data-element_type=\"column\" data-e-type=\"column\">\n\t\t\t<div class=\"elementor-widget-wrap elementor-element-populated\">\n\t\t\t\t\t\t<div class=\"elementor-element elementor-element-f7874c2 elementor-widget elementor-widget-heading\" data-id=\"f7874c2\" data-element_type=\"widget\" data-e-type=\"widget\" data-widget_type=\"heading.default\">\n\t\t\t\t<div class=\"elementor-widget-container\">\n\t\t\t\t\t<h2 class=\"elementor-heading-title elementor-size-default\">ASSISTANCE EN LIGNE<\/h2>\t\t\t\t<\/div>\n\t\t\t\t<\/div>\n\t\t\t\t<div class=\"elementor-element elementor-element-357cc00 elementor-widget-divider--view-line elementor-invisible elementor-widget elementor-widget-divider\" data-id=\"357cc00\" data-element_type=\"widget\" data-e-type=\"widget\" data-settings=\"{&quot;_animation&quot;:&quot;zoomIn&quot;}\" data-widget_type=\"divider.default\">\n\t\t\t\t<div class=\"elementor-widget-container\">\n\t\t\t\t\t\t\t<div class=\"elementor-divider\">\n\t\t\t<span class=\"elementor-divider-separator\">\n\t\t\t\t\t\t<\/span>\n\t\t<\/div>\n\t\t\t\t\t\t<\/div>\n\t\t\t\t<\/div>\n\t\t\t\t<div class=\"elementor-element elementor-element-a205c7e elementor-widget elementor-widget-heading\" data-id=\"a205c7e\" data-element_type=\"widget\" data-e-type=\"widget\" data-widget_type=\"heading.default\">\n\t\t\t\t<div class=\"elementor-widget-container\">\n\t\t\t\t\t<h6 class=\"elementor-heading-title elementor-size-default\">Assistance, mises \u00e0 jour et am\u00e9liorations de l'automatisation via une connexion r\u00e9seau.<\/h6>\t\t\t\t<\/div>\n\t\t\t\t<\/div>\n\t\t\t\t\t<\/div>\n\t\t<\/div>\n\t\t\t\t\t<\/div>\n\t\t<\/section>\n\t\t\t\t<section class=\"elementor-section elementor-top-section elementor-element elementor-element-bf6c844 elementor-section-boxed elementor-section-height-default elementor-section-height-default\" data-id=\"bf6c844\" data-element_type=\"section\" data-e-type=\"section\">\n\t\t\t\t\t\t<div class=\"elementor-container elementor-column-gap-wider\">\n\t\t\t\t\t<div class=\"elementor-column elementor-col-33 elementor-top-column elementor-element elementor-element-c893966 elementor-invisible\" data-id=\"c893966\" data-element_type=\"column\" data-e-type=\"column\" data-settings=\"{&quot;animation&quot;:&quot;fadeInLeft&quot;}\">\n\t\t\t<div class=\"elementor-widget-wrap elementor-element-populated\">\n\t\t\t\t\t\t<div class=\"elementor-element elementor-element-65712d3 elementor-widget elementor-widget-heading\" data-id=\"65712d3\" data-element_type=\"widget\" data-e-type=\"widget\" data-widget_type=\"heading.default\">\n\t\t\t\t<div class=\"elementor-widget-container\">\n\t\t\t\t\t<h3 class=\"elementor-heading-title elementor-size-default\">ISVE: conception, production, assistance par connexion r\u00e9seau<\/h3>\t\t\t\t<\/div>\n\t\t\t\t<\/div>\n\t\t\t\t<div class=\"elementor-element elementor-element-a934b1b elementor-widget elementor-widget-spacer\" data-id=\"a934b1b\" data-element_type=\"widget\" data-e-type=\"widget\" data-widget_type=\"spacer.default\">\n\t\t\t\t<div class=\"elementor-widget-container\">\n\t\t\t\t\t\t\t<div class=\"elementor-spacer\">\n\t\t\t<div class=\"elementor-spacer-inner\"><\/div>\n\t\t<\/div>\n\t\t\t\t\t\t<\/div>\n\t\t\t\t<\/div>\n\t\t\t\t<div class=\"elementor-element elementor-element-218afd7 elementor-widget elementor-widget-text-editor\" data-id=\"218afd7\" data-element_type=\"widget\" data-e-type=\"widget\" data-widget_type=\"text-editor.default\">\n\t\t\t\t<div class=\"elementor-widget-container\">\n\t\t\t\t\t\t\t\t\t<p>En phase de pr\u00e9vente, nous sommes en mesure d&#8217;assister le client en garantissant des solutions rapides \u00e0 ses demandes. En phase de post-vente, gr\u00e2ce aux technologies de t\u00e9l\u00e9commande les plus modernes, nous sommes en mesure de suivre nos syst\u00e8mes en temps r\u00e9el partout dans le monde. Des mises \u00e0 jour et des am\u00e9liorations de l&#8217;automatisation peuvent \u00eatre publi\u00e9es en gardant les machines toujours \u00e0 jour.<\/p>\t\t\t\t\t\t\t\t<\/div>\n\t\t\t\t<\/div>\n\t\t\t\t\t<\/div>\n\t\t<\/div>\n\t\t\t\t<div class=\"elementor-column elementor-col-66 elementor-top-column elementor-element elementor-element-9051b29 elementor-invisible\" data-id=\"9051b29\" data-element_type=\"column\" data-e-type=\"column\" data-settings=\"{&quot;animation&quot;:&quot;fadeInRight&quot;}\">\n\t\t\t<div class=\"elementor-widget-wrap elementor-element-populated\">\n\t\t\t\t\t\t<div class=\"elementor-element elementor-element-9032b10 elementor-widget elementor-widget-image\" data-id=\"9032b10\" data-element_type=\"widget\" data-e-type=\"widget\" data-widget_type=\"image.default\">\n\t\t\t\t<div class=\"elementor-widget-container\">\n\t\t\t\t\t\t\t\t\t\t\t\t\t\t\t<img fetchpriority=\"high\" decoding=\"async\" width=\"1816\" height=\"781\" src=\"https:\/\/isve.com\/wp-content\/uploads\/isve-wood-server-connection-bg.jpg\" class=\"attachment-full size-full wp-image-21233\" alt=\"\" srcset=\"https:\/\/isve.com\/wp-content\/uploads\/isve-wood-server-connection-bg.jpg 1816w, https:\/\/isve.com\/wp-content\/uploads\/isve-wood-server-connection-bg-600x258.jpg 600w, https:\/\/isve.com\/wp-content\/uploads\/isve-wood-server-connection-bg-1024x440.jpg 1024w, https:\/\/isve.com\/wp-content\/uploads\/isve-wood-server-connection-bg-768x330.jpg 768w, https:\/\/isve.com\/wp-content\/uploads\/isve-wood-server-connection-bg-1536x661.jpg 1536w\" sizes=\"(max-width: 1816px) 100vw, 1816px\" \/>\t\t\t\t\t\t\t\t\t\t\t\t\t\t\t<\/div>\n\t\t\t\t<\/div>\n\t\t\t\t\t<\/div>\n\t\t<\/div>\n\t\t\t\t\t<\/div>\n\t\t<\/section>\n\t\t\t\t<section class=\"elementor-section elementor-top-section elementor-element elementor-element-236dbe3 elementor-section-boxed elementor-section-height-default elementor-section-height-default\" data-id=\"236dbe3\" data-element_type=\"section\" data-e-type=\"section\" data-settings=\"{&quot;background_background&quot;:&quot;classic&quot;}\">\n\t\t\t\t\t\t\t<div class=\"elementor-background-overlay\"><\/div>\n\t\t\t\t\t\t\t<div class=\"elementor-container elementor-column-gap-default\">\n\t\t\t\t\t<div class=\"elementor-column elementor-col-100 elementor-top-column elementor-element elementor-element-b89a8cc\" data-id=\"b89a8cc\" data-element_type=\"column\" data-e-type=\"column\">\n\t\t\t<div class=\"elementor-widget-wrap elementor-element-populated\">\n\t\t\t\t\t\t<div class=\"elementor-element elementor-element-06d2eb4 elementor-invisible elementor-widget elementor-widget-image\" data-id=\"06d2eb4\" data-element_type=\"widget\" data-e-type=\"widget\" data-settings=\"{&quot;_animation&quot;:&quot;zoomIn&quot;}\" data-widget_type=\"image.default\">\n\t\t\t\t<div class=\"elementor-widget-container\">\n\t\t\t\t\t\t\t\t\t\t\t\t\t\t\t<img decoding=\"async\" width=\"900\" height=\"929\" src=\"https:\/\/isve.com\/wp-content\/uploads\/isve-wood-server-connection.jpg\" class=\"attachment-full size-full wp-image-21237\" alt=\"\" srcset=\"https:\/\/isve.com\/wp-content\/uploads\/isve-wood-server-connection.jpg 900w, https:\/\/isve.com\/wp-content\/uploads\/isve-wood-server-connection-581x600.jpg 581w, https:\/\/isve.com\/wp-content\/uploads\/isve-wood-server-connection-768x793.jpg 768w\" sizes=\"(max-width: 900px) 100vw, 900px\" \/>\t\t\t\t\t\t\t\t\t\t\t\t\t\t\t<\/div>\n\t\t\t\t<\/div>\n\t\t\t\t\t<\/div>\n\t\t<\/div>\n\t\t\t\t\t<\/div>\n\t\t<\/section>\n\t\t\t\t<\/div>\n\t\t","protected":false},"excerpt":{"rendered":"<p>ASSISTANCE EN LIGNE Assistance, mises \u00e0 jour et am\u00e9liorations de l&#8217;automatisation via une connexion r\u00e9seau. ISVE: conception, production, assistance par connexion r\u00e9seau En phase de pr\u00e9vente, nous sommes en mesure d&#8217;assister le client en garantissant des solutions rapides \u00e0 ses demandes. En phase de post-vente, gr\u00e2ce aux technologies de t\u00e9l\u00e9commande les plus modernes, nous sommes&hellip;<\/p>\n","protected":false},"author":1,"featured_media":0,"parent":15965,"menu_order":371,"comment_status":"closed","ping_status":"closed","template":"","meta":{"_acf_changed":false,"footnotes":""},"tags":[],"impaginazione":[3686],"divisione":[3690],"categorie_modelli":[],"class_list":["post-4728","page","type-page","status-publish","hentry","impaginazione-pagina-larga","divisione-isve-wood"],"acf":[],"yoast_head":"<!-- This site is optimized with the Yoast SEO plugin v27.4 - https:\/\/yoast.com\/product\/yoast-seo-wordpress\/ -->\n<title>ISVE Server Connection - ISVE SpA - Traitement du bois - Recyclage - Broyeurs Granulateurs<\/title>\n<meta name=\"robots\" content=\"index, follow, max-snippet:-1, max-image-preview:large, max-video-preview:-1\" \/>\n<link rel=\"canonical\" href=\"https:\/\/isve.com\/fr\/equipements-traitement-bois\/isve-server-connection\/\" \/>\n<meta property=\"og:locale\" content=\"fr_FR\" \/>\n<meta property=\"og:type\" content=\"article\" \/>\n<meta property=\"og:title\" content=\"ISVE Server Connection - ISVE SpA - Traitement du bois - Recyclage - Broyeurs Granulateurs\" \/>\n<meta property=\"og:description\" content=\"ASSISTANCE EN LIGNE Assistance, mises \u00e0 jour et am\u00e9liorations de l&#8217;automatisation via une connexion r\u00e9seau. ISVE: conception, production, assistance par connexion r\u00e9seau En phase de pr\u00e9vente, nous sommes en mesure d&#8217;assister le client en garantissant des solutions rapides \u00e0 ses demandes. En phase de post-vente, gr\u00e2ce aux technologies de t\u00e9l\u00e9commande les plus modernes, nous sommes&hellip;\" \/>\n<meta property=\"og:url\" content=\"https:\/\/isve.com\/fr\/equipements-traitement-bois\/isve-server-connection\/\" \/>\n<meta property=\"og:site_name\" content=\"ISVE SpA - Traitement du bois - Recyclage - Broyeurs Granulateurs\" \/>\n<meta property=\"article:modified_time\" content=\"2026-02-05T10:31:27+00:00\" \/>\n<meta property=\"og:image\" content=\"https:\/\/isve.webintest.it\/wp-content\/uploads\/isve-wood-server-connection-bg.jpg\" \/>\n<meta name=\"twitter:card\" content=\"summary_large_image\" \/>\n<script type=\"application\/ld+json\" class=\"yoast-schema-graph\">{\"@context\":\"https:\\\/\\\/schema.org\",\"@graph\":[{\"@type\":\"WebPage\",\"@id\":\"https:\\\/\\\/isve.com\\\/fr\\\/equipements-traitement-bois\\\/isve-server-connection\\\/\",\"url\":\"https:\\\/\\\/isve.com\\\/fr\\\/equipements-traitement-bois\\\/isve-server-connection\\\/\",\"name\":\"ISVE Server Connection - ISVE SpA - Traitement du bois - Recyclage - Broyeurs Granulateurs\",\"isPartOf\":{\"@id\":\"https:\\\/\\\/isve.com\\\/fr\\\/#website\"},\"primaryImageOfPage\":{\"@id\":\"https:\\\/\\\/isve.com\\\/fr\\\/equipements-traitement-bois\\\/isve-server-connection\\\/#primaryimage\"},\"image\":{\"@id\":\"https:\\\/\\\/isve.com\\\/fr\\\/equipements-traitement-bois\\\/isve-server-connection\\\/#primaryimage\"},\"thumbnailUrl\":\"https:\\\/\\\/isve.com\\\/wp-content\\\/uploads\\\/isve-wood-server-connection-bg.jpg\",\"datePublished\":\"2019-10-10T15:21:28+00:00\",\"dateModified\":\"2026-02-05T10:31:27+00:00\",\"breadcrumb\":{\"@id\":\"https:\\\/\\\/isve.com\\\/fr\\\/equipements-traitement-bois\\\/isve-server-connection\\\/#breadcrumb\"},\"inLanguage\":\"fr-FR\",\"potentialAction\":[{\"@type\":\"ReadAction\",\"target\":[\"https:\\\/\\\/isve.com\\\/fr\\\/equipements-traitement-bois\\\/isve-server-connection\\\/\"]}]},{\"@type\":\"ImageObject\",\"inLanguage\":\"fr-FR\",\"@id\":\"https:\\\/\\\/isve.com\\\/fr\\\/equipements-traitement-bois\\\/isve-server-connection\\\/#primaryimage\",\"url\":\"https:\\\/\\\/isve.com\\\/wp-content\\\/uploads\\\/isve-wood-server-connection-bg.jpg\",\"contentUrl\":\"https:\\\/\\\/isve.com\\\/wp-content\\\/uploads\\\/isve-wood-server-connection-bg.jpg\"},{\"@type\":\"BreadcrumbList\",\"@id\":\"https:\\\/\\\/isve.com\\\/fr\\\/equipements-traitement-bois\\\/isve-server-connection\\\/#breadcrumb\",\"itemListElement\":[{\"@type\":\"ListItem\",\"position\":1,\"name\":\"Home\",\"item\":\"https:\\\/\\\/isve.com\\\/fr\\\/\"},{\"@type\":\"ListItem\",\"position\":2,\"name\":\"Produits Wood\",\"item\":\"https:\\\/\\\/isve.com\\\/fr\\\/equipements-traitement-bois\\\/\"},{\"@type\":\"ListItem\",\"position\":3,\"name\":\"ISVE Server Connection\"}]},{\"@type\":\"WebSite\",\"@id\":\"https:\\\/\\\/isve.com\\\/fr\\\/#website\",\"url\":\"https:\\\/\\\/isve.com\\\/fr\\\/\",\"name\":\"ISVE S.p.A.\",\"description\":\"Syst\u00e8mes de traitement du bois et pour dechiquetage broyage granulation\",\"publisher\":{\"@id\":\"https:\\\/\\\/isve.com\\\/fr\\\/#organization\"},\"potentialAction\":[{\"@type\":\"SearchAction\",\"target\":{\"@type\":\"EntryPoint\",\"urlTemplate\":\"https:\\\/\\\/isve.com\\\/fr\\\/?s={search_term_string}\"},\"query-input\":{\"@type\":\"PropertyValueSpecification\",\"valueRequired\":true,\"valueName\":\"search_term_string\"}}],\"inLanguage\":\"fr-FR\"},{\"@type\":\"Organization\",\"@id\":\"https:\\\/\\\/isve.com\\\/fr\\\/#organization\",\"name\":\"ISVE S.p.A.\",\"url\":\"https:\\\/\\\/isve.com\\\/fr\\\/\",\"logo\":{\"@type\":\"ImageObject\",\"inLanguage\":\"fr-FR\",\"@id\":\"https:\\\/\\\/isve.com\\\/fr\\\/#\\\/schema\\\/logo\\\/image\\\/\",\"url\":\"https:\\\/\\\/isve.com\\\/wp-content\\\/uploads\\\/2026\\\/01\\\/logo-isve-spa.png\",\"contentUrl\":\"https:\\\/\\\/isve.com\\\/wp-content\\\/uploads\\\/2026\\\/01\\\/logo-isve-spa.png\",\"width\":600,\"height\":173,\"caption\":\"ISVE S.p.A.\"},\"image\":{\"@id\":\"https:\\\/\\\/isve.com\\\/fr\\\/#\\\/schema\\\/logo\\\/image\\\/\"},\"sameAs\":[\"https:\\\/\\\/www.linkedin.com\\\/company\\\/69445471\",\"https:\\\/\\\/www.youtube.com\\\/@isves.p.a.8894\"]}]}<\/script>\n<!-- \/ Yoast SEO plugin. -->","yoast_head_json":{"title":"ISVE Server Connection - ISVE SpA - Traitement du bois - Recyclage - Broyeurs Granulateurs","robots":{"index":"index","follow":"follow","max-snippet":"max-snippet:-1","max-image-preview":"max-image-preview:large","max-video-preview":"max-video-preview:-1"},"canonical":"https:\/\/isve.com\/fr\/equipements-traitement-bois\/isve-server-connection\/","og_locale":"fr_FR","og_type":"article","og_title":"ISVE Server Connection - ISVE SpA - Traitement du bois - Recyclage - Broyeurs Granulateurs","og_description":"ASSISTANCE EN LIGNE Assistance, mises \u00e0 jour et am\u00e9liorations de l&#8217;automatisation via une connexion r\u00e9seau. ISVE: conception, production, assistance par connexion r\u00e9seau En phase de pr\u00e9vente, nous sommes en mesure d&#8217;assister le client en garantissant des solutions rapides \u00e0 ses demandes. En phase de post-vente, gr\u00e2ce aux technologies de t\u00e9l\u00e9commande les plus modernes, nous sommes&hellip;","og_url":"https:\/\/isve.com\/fr\/equipements-traitement-bois\/isve-server-connection\/","og_site_name":"ISVE SpA - Traitement du bois - Recyclage - Broyeurs Granulateurs","article_modified_time":"2026-02-05T10:31:27+00:00","og_image":[{"url":"https:\/\/isve.webintest.it\/wp-content\/uploads\/isve-wood-server-connection-bg.jpg","type":"","width":"","height":""}],"twitter_card":"summary_large_image","schema":{"@context":"https:\/\/schema.org","@graph":[{"@type":"WebPage","@id":"https:\/\/isve.com\/fr\/equipements-traitement-bois\/isve-server-connection\/","url":"https:\/\/isve.com\/fr\/equipements-traitement-bois\/isve-server-connection\/","name":"ISVE Server Connection - ISVE SpA - Traitement du bois - Recyclage - Broyeurs Granulateurs","isPartOf":{"@id":"https:\/\/isve.com\/fr\/#website"},"primaryImageOfPage":{"@id":"https:\/\/isve.com\/fr\/equipements-traitement-bois\/isve-server-connection\/#primaryimage"},"image":{"@id":"https:\/\/isve.com\/fr\/equipements-traitement-bois\/isve-server-connection\/#primaryimage"},"thumbnailUrl":"https:\/\/isve.com\/wp-content\/uploads\/isve-wood-server-connection-bg.jpg","datePublished":"2019-10-10T15:21:28+00:00","dateModified":"2026-02-05T10:31:27+00:00","breadcrumb":{"@id":"https:\/\/isve.com\/fr\/equipements-traitement-bois\/isve-server-connection\/#breadcrumb"},"inLanguage":"fr-FR","potentialAction":[{"@type":"ReadAction","target":["https:\/\/isve.com\/fr\/equipements-traitement-bois\/isve-server-connection\/"]}]},{"@type":"ImageObject","inLanguage":"fr-FR","@id":"https:\/\/isve.com\/fr\/equipements-traitement-bois\/isve-server-connection\/#primaryimage","url":"https:\/\/isve.com\/wp-content\/uploads\/isve-wood-server-connection-bg.jpg","contentUrl":"https:\/\/isve.com\/wp-content\/uploads\/isve-wood-server-connection-bg.jpg"},{"@type":"BreadcrumbList","@id":"https:\/\/isve.com\/fr\/equipements-traitement-bois\/isve-server-connection\/#breadcrumb","itemListElement":[{"@type":"ListItem","position":1,"name":"Home","item":"https:\/\/isve.com\/fr\/"},{"@type":"ListItem","position":2,"name":"Produits Wood","item":"https:\/\/isve.com\/fr\/equipements-traitement-bois\/"},{"@type":"ListItem","position":3,"name":"ISVE Server Connection"}]},{"@type":"WebSite","@id":"https:\/\/isve.com\/fr\/#website","url":"https:\/\/isve.com\/fr\/","name":"ISVE S.p.A.","description":"Syst\u00e8mes de traitement du bois et pour dechiquetage broyage granulation","publisher":{"@id":"https:\/\/isve.com\/fr\/#organization"},"potentialAction":[{"@type":"SearchAction","target":{"@type":"EntryPoint","urlTemplate":"https:\/\/isve.com\/fr\/?s={search_term_string}"},"query-input":{"@type":"PropertyValueSpecification","valueRequired":true,"valueName":"search_term_string"}}],"inLanguage":"fr-FR"},{"@type":"Organization","@id":"https:\/\/isve.com\/fr\/#organization","name":"ISVE S.p.A.","url":"https:\/\/isve.com\/fr\/","logo":{"@type":"ImageObject","inLanguage":"fr-FR","@id":"https:\/\/isve.com\/fr\/#\/schema\/logo\/image\/","url":"https:\/\/isve.com\/wp-content\/uploads\/2026\/01\/logo-isve-spa.png","contentUrl":"https:\/\/isve.com\/wp-content\/uploads\/2026\/01\/logo-isve-spa.png","width":600,"height":173,"caption":"ISVE S.p.A."},"image":{"@id":"https:\/\/isve.com\/fr\/#\/schema\/logo\/image\/"},"sameAs":["https:\/\/www.linkedin.com\/company\/69445471","https:\/\/www.youtube.com\/@isves.p.a.8894"]}]}},"_links":{"self":[{"href":"https:\/\/isve.com\/fr\/wp-json\/wp\/v2\/pages\/4728","targetHints":{"allow":["GET"]}}],"collection":[{"href":"https:\/\/isve.com\/fr\/wp-json\/wp\/v2\/pages"}],"about":[{"href":"https:\/\/isve.com\/fr\/wp-json\/wp\/v2\/types\/page"}],"author":[{"embeddable":true,"href":"https:\/\/isve.com\/fr\/wp-json\/wp\/v2\/users\/1"}],"replies":[{"embeddable":true,"href":"https:\/\/isve.com\/fr\/wp-json\/wp\/v2\/comments?post=4728"}],"version-history":[{"count":3,"href":"https:\/\/isve.com\/fr\/wp-json\/wp\/v2\/pages\/4728\/revisions"}],"predecessor-version":[{"id":28103,"href":"https:\/\/isve.com\/fr\/wp-json\/wp\/v2\/pages\/4728\/revisions\/28103"}],"up":[{"embeddable":true,"href":"https:\/\/isve.com\/fr\/wp-json\/wp\/v2\/pages\/15965"}],"wp:attachment":[{"href":"https:\/\/isve.com\/fr\/wp-json\/wp\/v2\/media?parent=4728"}],"wp:term":[{"taxonomy":"post_tag","embeddable":true,"href":"https:\/\/isve.com\/fr\/wp-json\/wp\/v2\/tags?post=4728"},{"taxonomy":"impaginazione","embeddable":true,"href":"https:\/\/isve.com\/fr\/wp-json\/wp\/v2\/impaginazione?post=4728"},{"taxonomy":"divisione","embeddable":true,"href":"https:\/\/isve.com\/fr\/wp-json\/wp\/v2\/divisione?post=4728"},{"taxonomy":"categorie_modelli","embeddable":true,"href":"https:\/\/isve.com\/fr\/wp-json\/wp\/v2\/categorie_modelli?post=4728"}],"curies":[{"name":"wp","href":"https:\/\/api.w.org\/{rel}","templated":true}]}}