{"id":4287,"date":"2019-09-04T11:34:44","date_gmt":"2019-09-04T09:34:44","guid":{"rendered":"https:\/\/isve.com\/?page_id=4287"},"modified":"2025-05-03T11:40:34","modified_gmt":"2025-05-03T09:40:34","slug":"broyeurs-a-2-arbres","status":"publish","type":"page","link":"https:\/\/isve.com\/fr\/broyeurs-industriels\/broyeurs-a-2-arbres\/","title":{"rendered":"Mod\u00e8les &#8211; Broyeur \u00e0 2 arbres"},"content":{"rendered":"\t\t<div data-elementor-type=\"wp-page\" data-elementor-id=\"4287\" class=\"elementor elementor-4287 elementor-508\" data-elementor-post-type=\"page\">\n\t\t\t\t\t\t<section class=\"elementor-section elementor-top-section elementor-element elementor-element-61d5bef elementor-section-boxed elementor-section-height-default elementor-section-height-default\" data-id=\"61d5bef\" data-element_type=\"section\" data-e-type=\"section\">\n\t\t\t\t\t\t<div class=\"elementor-container elementor-column-gap-default\">\n\t\t\t\t\t<div class=\"elementor-column elementor-col-100 elementor-top-column elementor-element elementor-element-1ce7319\" data-id=\"1ce7319\" data-element_type=\"column\" data-e-type=\"column\">\n\t\t\t<div class=\"elementor-widget-wrap elementor-element-populated\">\n\t\t\t\t\t\t<div class=\"elementor-element elementor-element-2cd2c71 elementor-widget elementor-widget-heading\" data-id=\"2cd2c71\" data-element_type=\"widget\" data-e-type=\"widget\" data-widget_type=\"heading.default\">\n\t\t\t\t<div class=\"elementor-widget-container\">\n\t\t\t\t\t<h2 class=\"elementor-heading-title elementor-size-default\">Mod\u00e8les - Broyeur \u00e0 2 arbres ISVE<\/h2>\t\t\t\t<\/div>\n\t\t\t\t<\/div>\n\t\t\t\t<div class=\"elementor-element elementor-element-55b2bfe elementor-widget elementor-widget-spacer\" data-id=\"55b2bfe\" data-element_type=\"widget\" data-e-type=\"widget\" data-widget_type=\"spacer.default\">\n\t\t\t\t<div class=\"elementor-widget-container\">\n\t\t\t\t\t\t\t<div class=\"elementor-spacer\">\n\t\t\t<div class=\"elementor-spacer-inner\"><\/div>\n\t\t<\/div>\n\t\t\t\t\t\t<\/div>\n\t\t\t\t<\/div>\n\t\t\t\t<div class=\"elementor-element elementor-element-a626596 elementor-grid-1 elementor-grid-tablet-1 elementor-posts--thumbnail-left elementor-grid-mobile-1 elementor-widget elementor-widget-posts\" data-id=\"a626596\" data-element_type=\"widget\" data-e-type=\"widget\" data-settings=\"{&quot;classic_columns&quot;:&quot;1&quot;,&quot;classic_columns_tablet&quot;:&quot;1&quot;,&quot;classic_columns_mobile&quot;:&quot;1&quot;,&quot;classic_row_gap&quot;:{&quot;unit&quot;:&quot;px&quot;,&quot;size&quot;:35,&quot;sizes&quot;:[]},&quot;classic_row_gap_tablet&quot;:{&quot;unit&quot;:&quot;px&quot;,&quot;size&quot;:&quot;&quot;,&quot;sizes&quot;:[]},&quot;classic_row_gap_mobile&quot;:{&quot;unit&quot;:&quot;px&quot;,&quot;size&quot;:&quot;&quot;,&quot;sizes&quot;:[]}}\" data-widget_type=\"posts.classic\">\n\t\t\t\t<div class=\"elementor-widget-container\">\n\t\t\t\t\t\t\t<div class=\"elementor-posts-container elementor-posts elementor-posts--skin-classic elementor-grid\" role=\"list\">\n\t\t\t\t<article class=\"elementor-post elementor-grid-item post-3785 page type-page status-publish has-post-thumbnail hentry tag-blocs-en-plastique-dechiquetants tag-chiffons-dechiquetants tag-cuir-dechiquete-fr tag-dechiquetage-de-bois tag-dechiquetage-de-morceaux-de-bois tag-dechiquetage-de-pneus-fr tag-dechiquetage-du-bois tag-dechiquetage-en-carton-2 tag-dechiqueter-les-films-plastiques tag-emballage-de-dechiquetage-fr tag-papier-dechiquete tag-rubans-de-polyethylene-dechiquetant impaginazione-modello-prodotto divisione-isve-recycling categorie_modelli-trituratori-2-alberi description-off\" role=\"listitem\">\n\t\t\t\t<a class=\"elementor-post__thumbnail__link\" href=\"https:\/\/isve.com\/fr\/broyeurs-industriels\/broyeurs-a-2-arbres\/broyeurs-a-2-arbres-modele-b-8070s\/\" tabindex=\"-1\" >\n\t\t\t<div class=\"elementor-post__thumbnail\"><img fetchpriority=\"high\" decoding=\"async\" width=\"1024\" height=\"447\" src=\"https:\/\/isve.com\/wp-content\/uploads\/2023\/06\/b80-70s-1024x447.jpg\" class=\"attachment-large size-large wp-image-10524\" alt=\"B80-70S\" srcset=\"https:\/\/isve.com\/wp-content\/uploads\/2023\/06\/b80-70s-1024x447.jpg 1024w, https:\/\/isve.com\/wp-content\/uploads\/2023\/06\/b80-70s-600x262.jpg 600w, https:\/\/isve.com\/wp-content\/uploads\/2023\/06\/b80-70s-768x335.jpg 768w, https:\/\/isve.com\/wp-content\/uploads\/2023\/06\/b80-70s-1536x670.jpg 1536w, https:\/\/isve.com\/wp-content\/uploads\/2023\/06\/b80-70s.jpg 1675w\" sizes=\"(max-width: 1024px) 100vw, 1024px\" \/><\/div>\n\t\t<\/a>\n\t\t\t\t<div class=\"elementor-post__text\">\n\t\t\t\t<h3 class=\"elementor-post__title\">\n\t\t\t<a href=\"https:\/\/isve.com\/fr\/broyeurs-industriels\/broyeurs-a-2-arbres\/broyeurs-a-2-arbres-modele-b-8070s\/\" >\n\t\t\t\tBroyeurs \u00e0 2 arbres: Mod\u00e8le B-80\/70S\t\t\t<\/a>\n\t\t<\/h3>\n\t\t\t\t<div class=\"elementor-post__excerpt\">\n\t\t\t<p>Caract\u00e9ristiques principales: Bouche de chargement: 800 x 750 mm puissance install\u00e9e: 30 kW + 30 kW. transmission:&nbsp;\u00e0 engrenages, par r\u00e9ducteurs \u00e0 bain d&#8217;huile n\u00b0 d&#8217;arbres porte-couteaux:&nbsp;2 n\u00b0 de couteaux tremp\u00e9s : 16 epaisseur de couteaux: 50 mm n\u00b0 peignes espaceurs: 16 n. moyen tours fraises\/min.: 11 \u00e9quipements de s\u00e9curit\u00e9:&nbsp;arr\u00eat d\u2019urgence, syst\u00e8me d\u2019inversion en cas de surcharge. ex\u00e9cution conforme aux normes CE Accessoires sur demande: tr\u00e9mie interchangeable ; tapis transporteuse de chargement et deschargement ; base sur mesure. Notice d\u2019utilisation: Machine polyvalente, adapt\u00e9e au broyage de nombreux d\u00e9chets et autres mat\u00e9riaux. Elle peut \u00eatre ins\u00e9r\u00e9e dans une ligne pour un fonctionnement en continu. Recommand\u00e9 pour le broyage de copeaux de bois, chiffons, blocs de plastique, peaux, pneus, papier, carton, emballages, bandes<\/p>\n\t\t<\/div>\n\t\t\n\t\t<a class=\"elementor-post__read-more\" href=\"https:\/\/isve.com\/fr\/broyeurs-industriels\/broyeurs-a-2-arbres\/broyeurs-a-2-arbres-modele-b-8070s\/\" aria-label=\"Read more about Broyeurs \u00e0 2 arbres: Mod\u00e8le B-80\/70S\" tabindex=\"-1\" >\n\t\t\tPlus \u00bb\t\t<\/a>\n\n\t\t\t\t<\/div>\n\t\t\t\t<\/article>\n\t\t\t\t<article class=\"elementor-post elementor-grid-item post-3772 page type-page status-publish has-post-thumbnail hentry tag-blocs-en-plastique-dechiquetants tag-chiffons-dechiquetants tag-cuir-dechiquete-fr tag-dechiquetage-de-bois tag-dechiquetage-de-morceaux-de-bois tag-dechiquetage-de-pneus-fr tag-dechiquetage-du-bois tag-dechiquetage-en-carton-2 tag-dechiqueter-les-films-plastiques tag-emballage-de-dechiquetage-fr tag-papier-dechiquete tag-rubans-de-polyethylene-dechiquetant impaginazione-modello-prodotto divisione-isve-recycling categorie_modelli-trituratori-2-alberi description-off\" role=\"listitem\">\n\t\t\t\t<a class=\"elementor-post__thumbnail__link\" href=\"https:\/\/isve.com\/fr\/broyeurs-industriels\/broyeurs-a-2-arbres\/broyeurs-a-2-arbres-modele-b-12070s\/\" tabindex=\"-1\" >\n\t\t\t<div class=\"elementor-post__thumbnail\"><img decoding=\"async\" width=\"1024\" height=\"453\" src=\"https:\/\/isve.com\/wp-content\/uploads\/2023\/06\/b120-70s-1024x453.jpg\" class=\"attachment-large size-large wp-image-10545\" alt=\"B120-70S\" srcset=\"https:\/\/isve.com\/wp-content\/uploads\/2023\/06\/b120-70s-1024x453.jpg 1024w, https:\/\/isve.com\/wp-content\/uploads\/2023\/06\/b120-70s-600x265.jpg 600w, https:\/\/isve.com\/wp-content\/uploads\/2023\/06\/b120-70s-768x339.jpg 768w, https:\/\/isve.com\/wp-content\/uploads\/2023\/06\/b120-70s-1536x679.jpg 1536w, https:\/\/isve.com\/wp-content\/uploads\/2023\/06\/b120-70s.jpg 1679w\" sizes=\"(max-width: 1024px) 100vw, 1024px\" \/><\/div>\n\t\t<\/a>\n\t\t\t\t<div class=\"elementor-post__text\">\n\t\t\t\t<h3 class=\"elementor-post__title\">\n\t\t\t<a href=\"https:\/\/isve.com\/fr\/broyeurs-industriels\/broyeurs-a-2-arbres\/broyeurs-a-2-arbres-modele-b-12070s\/\" >\n\t\t\t\tBroyeurs \u00e0 2 arbres: Mod\u00e8le B-120\/70S\t\t\t<\/a>\n\t\t<\/h3>\n\t\t\t\t<div class=\"elementor-post__excerpt\">\n\t\t\t<p>Caract\u00e9ristiques principales: Bouche de chargement: 1200 x 750 mm puissance install\u00e9e: 45 kW + 45 kW. transmission:&nbsp;\u00e0 engrenages, par r\u00e9ducteurs \u00e0 bain d&#8217;huile n\u00b0 d&#8217;arbres porte-couteaux:&nbsp;2 n\u00b0 de couteaux tremp\u00e9s : 24 epaisseur de coteaux: 50 mm n\u00b0 peignes espaceurs: 24 n. moyen tours fraises\/min.: 11 \u00e9quipements de s\u00e9curit\u00e9:&nbsp;arr\u00eat d\u2019urgence, syst\u00e8me d\u2019inversion en cas de surcharge. ex\u00e9cution conforme aux normes CE Accessoires sur demande: tremie interchangeable ; bande transporteuse de chargement et deschargement ; base sur mesure. Notice d\u2019utilisation: Machine polyvalente, adapt\u00e9e au broyage de nombreux d\u00e9chets et autres mat\u00e9riaux. Elle peut \u00eatre ins\u00e9r\u00e9e dans une ligne pour un fonctionnement en continu. Recommand\u00e9 pour le broyage de copeaux de bois, chiffons, blocs de plastique, peaux, pneus, papier, carton, emballages, bandes<\/p>\n\t\t<\/div>\n\t\t\n\t\t<a class=\"elementor-post__read-more\" href=\"https:\/\/isve.com\/fr\/broyeurs-industriels\/broyeurs-a-2-arbres\/broyeurs-a-2-arbres-modele-b-12070s\/\" aria-label=\"Read more about Broyeurs \u00e0 2 arbres: Mod\u00e8le B-120\/70S\" tabindex=\"-1\" >\n\t\t\tPlus \u00bb\t\t<\/a>\n\n\t\t\t\t<\/div>\n\t\t\t\t<\/article>\n\t\t\t\t<article class=\"elementor-post elementor-grid-item post-3778 page type-page status-publish has-post-thumbnail hentry impaginazione-modello-prodotto divisione-isve-recycling categorie_modelli-trituratori-2-alberi description-off\" role=\"listitem\">\n\t\t\t\t<a class=\"elementor-post__thumbnail__link\" href=\"https:\/\/isve.com\/fr\/broyeurs-industriels\/broyeurs-a-2-arbres\/broyeurs-a-2-arbres-modele-b-140100s\/\" tabindex=\"-1\" >\n\t\t\t<div class=\"elementor-post__thumbnail\"><img decoding=\"async\" width=\"1024\" height=\"445\" src=\"https:\/\/isve.com\/wp-content\/uploads\/2023\/06\/b120-100s-1024x445.jpg\" class=\"attachment-large size-large wp-image-10559\" alt=\"B120-100S\" srcset=\"https:\/\/isve.com\/wp-content\/uploads\/2023\/06\/b120-100s-1024x445.jpg 1024w, https:\/\/isve.com\/wp-content\/uploads\/2023\/06\/b120-100s-600x261.jpg 600w, https:\/\/isve.com\/wp-content\/uploads\/2023\/06\/b120-100s-768x334.jpg 768w, https:\/\/isve.com\/wp-content\/uploads\/2023\/06\/b120-100s-1536x668.jpg 1536w, https:\/\/isve.com\/wp-content\/uploads\/2023\/06\/b120-100s.jpg 1847w\" sizes=\"(max-width: 1024px) 100vw, 1024px\" \/><\/div>\n\t\t<\/a>\n\t\t\t\t<div class=\"elementor-post__text\">\n\t\t\t\t<h3 class=\"elementor-post__title\">\n\t\t\t<a href=\"https:\/\/isve.com\/fr\/broyeurs-industriels\/broyeurs-a-2-arbres\/broyeurs-a-2-arbres-modele-b-140100s\/\" >\n\t\t\t\tBroyeurs \u00e0 2 arbres: Mod\u00e8le B-140\/100S\t\t\t<\/a>\n\t\t<\/h3>\n\t\t\t\t<div class=\"elementor-post__excerpt\">\n\t\t\t<p>Caract\u00e9ristiques principales: Bouche de chargement: 1400 x 1000 mm puissance install\u00e9e: 55 kW + 55 kW. transmission:&nbsp;\u00e0 engrenages, par r\u00e9ducteurs \u00e0 bain d&#8217;huile n\u00b0 d&#8217;arbres porte-couteaux:&nbsp;2 n\u00b0 de couteaux tremp\u00e9s: 28 epaisseur de coteaux: 50 mm n\u00b0 peignes espaceurs: 28 n. moyen tours fraises\/min.: 10-15 \u00e9quipements de s\u00e9curit\u00e9:&nbsp;arr\u00eat d\u2019urgence, syst\u00e8me d\u2019inversion en cas de surcharge. ex\u00e9cution conforme aux normes CE Accessoires sur demande: tremie interchangeable ; tapis transporteuse de chargement et deschargement ; base sur mesure. Notice d\u2019utilisation: Machine polyvalente, adapt\u00e9e au broyage de nombreux d\u00e9chets et autres mat\u00e9riaux. Elle peut \u00eatre ins\u00e9r\u00e9e dans une ligne pour un fonctionnement en continu. Recommand\u00e9 pour le broyage de copeaux de bois, chiffons, blocs de plastique, peaux, pneus, papier, carton, emballages, bandes de<\/p>\n\t\t<\/div>\n\t\t\n\t\t<a class=\"elementor-post__read-more\" href=\"https:\/\/isve.com\/fr\/broyeurs-industriels\/broyeurs-a-2-arbres\/broyeurs-a-2-arbres-modele-b-140100s\/\" aria-label=\"Read more about Broyeurs \u00e0 2 arbres: Mod\u00e8le B-140\/100S\" tabindex=\"-1\" >\n\t\t\tPlus \u00bb\t\t<\/a>\n\n\t\t\t\t<\/div>\n\t\t\t\t<\/article>\n\t\t\t\t<\/div>\n\t\t\n\t\t\t\t\t\t<\/div>\n\t\t\t\t<\/div>\n\t\t\t\t\t<\/div>\n\t\t<\/div>\n\t\t\t\t\t<\/div>\n\t\t<\/section>\n\t\t\t\t<\/div>\n\t\t","protected":false},"excerpt":{"rendered":"<p>Mod\u00e8les &#8211; Broyeur \u00e0 2 arbres ISVE<\/p>\n","protected":false},"author":1,"featured_media":717,"parent":13660,"menu_order":380,"comment_status":"closed","ping_status":"closed","template":"","meta":{"_acf_changed":false,"footnotes":""},"tags":[],"impaginazione":[],"divisione":[3689],"categorie_modelli":[],"class_list":["post-4287","page","type-page","status-publish","has-post-thumbnail","hentry","divisione-isve-recycling","description-off"],"acf":[],"yoast_head":"<!-- This site is optimized with the Yoast SEO plugin v27.4 - https:\/\/yoast.com\/product\/yoast-seo-wordpress\/ -->\n<title>Mod\u00e8les - Broyeur \u00e0 2 arbres - ISVE SpA - Traitement du bois - Recyclage - Broyeurs Granulateurs<\/title>\n<meta name=\"robots\" content=\"index, follow, max-snippet:-1, max-image-preview:large, max-video-preview:-1\" \/>\n<link rel=\"canonical\" href=\"https:\/\/isve.com\/fr\/broyeurs-industriels\/broyeurs-a-2-arbres\/\" \/>\n<meta property=\"og:locale\" content=\"fr_FR\" \/>\n<meta property=\"og:type\" content=\"article\" \/>\n<meta property=\"og:title\" content=\"Mod\u00e8les - Broyeur \u00e0 2 arbres - ISVE SpA - Traitement du bois - Recyclage - Broyeurs Granulateurs\" \/>\n<meta property=\"og:description\" content=\"Mod\u00e8les &#8211; Broyeur \u00e0 2 arbres ISVE\" \/>\n<meta property=\"og:url\" content=\"https:\/\/isve.com\/fr\/broyeurs-industriels\/broyeurs-a-2-arbres\/\" \/>\n<meta property=\"og:site_name\" content=\"ISVE SpA - Traitement du bois - Recyclage - Broyeurs Granulateurs\" \/>\n<meta property=\"article:modified_time\" content=\"2025-05-03T09:40:34+00:00\" \/>\n<meta property=\"og:image\" content=\"https:\/\/isve.com\/wp-content\/uploads\/trituratori_2_alberi_larga.jpg\" \/>\n\t<meta property=\"og:image:width\" content=\"1256\" \/>\n\t<meta property=\"og:image:height\" content=\"523\" \/>\n\t<meta property=\"og:image:type\" content=\"image\/jpeg\" \/>\n<meta name=\"twitter:card\" content=\"summary_large_image\" \/>\n<script type=\"application\/ld+json\" class=\"yoast-schema-graph\">{\"@context\":\"https:\\\/\\\/schema.org\",\"@graph\":[{\"@type\":\"WebPage\",\"@id\":\"https:\\\/\\\/isve.com\\\/fr\\\/broyeurs-industriels\\\/broyeurs-a-2-arbres\\\/\",\"url\":\"https:\\\/\\\/isve.com\\\/fr\\\/broyeurs-industriels\\\/broyeurs-a-2-arbres\\\/\",\"name\":\"Mod\u00e8les - Broyeur \u00e0 2 arbres - ISVE SpA - Traitement du bois - Recyclage - Broyeurs Granulateurs\",\"isPartOf\":{\"@id\":\"https:\\\/\\\/isve.com\\\/fr\\\/#website\"},\"primaryImageOfPage\":{\"@id\":\"https:\\\/\\\/isve.com\\\/fr\\\/broyeurs-industriels\\\/broyeurs-a-2-arbres\\\/#primaryimage\"},\"image\":{\"@id\":\"https:\\\/\\\/isve.com\\\/fr\\\/broyeurs-industriels\\\/broyeurs-a-2-arbres\\\/#primaryimage\"},\"thumbnailUrl\":\"https:\\\/\\\/isve.com\\\/wp-content\\\/uploads\\\/trituratori_2_alberi_larga.jpg\",\"datePublished\":\"2019-09-04T09:34:44+00:00\",\"dateModified\":\"2025-05-03T09:40:34+00:00\",\"breadcrumb\":{\"@id\":\"https:\\\/\\\/isve.com\\\/fr\\\/broyeurs-industriels\\\/broyeurs-a-2-arbres\\\/#breadcrumb\"},\"inLanguage\":\"fr-FR\",\"potentialAction\":[{\"@type\":\"ReadAction\",\"target\":[\"https:\\\/\\\/isve.com\\\/fr\\\/broyeurs-industriels\\\/broyeurs-a-2-arbres\\\/\"]}]},{\"@type\":\"ImageObject\",\"inLanguage\":\"fr-FR\",\"@id\":\"https:\\\/\\\/isve.com\\\/fr\\\/broyeurs-industriels\\\/broyeurs-a-2-arbres\\\/#primaryimage\",\"url\":\"https:\\\/\\\/isve.com\\\/wp-content\\\/uploads\\\/trituratori_2_alberi_larga.jpg\",\"contentUrl\":\"https:\\\/\\\/isve.com\\\/wp-content\\\/uploads\\\/trituratori_2_alberi_larga.jpg\",\"width\":1256,\"height\":523},{\"@type\":\"BreadcrumbList\",\"@id\":\"https:\\\/\\\/isve.com\\\/fr\\\/broyeurs-industriels\\\/broyeurs-a-2-arbres\\\/#breadcrumb\",\"itemListElement\":[{\"@type\":\"ListItem\",\"position\":1,\"name\":\"Home\",\"item\":\"https:\\\/\\\/isve.com\\\/fr\\\/\"},{\"@type\":\"ListItem\",\"position\":2,\"name\":\"Produits Recycling\",\"item\":\"https:\\\/\\\/isve.com\\\/fr\\\/broyeurs-industriels\\\/\"},{\"@type\":\"ListItem\",\"position\":3,\"name\":\"Mod\u00e8les &#8211; Broyeur \u00e0 2 arbres\"}]},{\"@type\":\"WebSite\",\"@id\":\"https:\\\/\\\/isve.com\\\/fr\\\/#website\",\"url\":\"https:\\\/\\\/isve.com\\\/fr\\\/\",\"name\":\"ISVE S.p.A.\",\"description\":\"Syst\u00e8mes de traitement du bois et pour dechiquetage broyage granulation\",\"publisher\":{\"@id\":\"https:\\\/\\\/isve.com\\\/fr\\\/#organization\"},\"potentialAction\":[{\"@type\":\"SearchAction\",\"target\":{\"@type\":\"EntryPoint\",\"urlTemplate\":\"https:\\\/\\\/isve.com\\\/fr\\\/?s={search_term_string}\"},\"query-input\":{\"@type\":\"PropertyValueSpecification\",\"valueRequired\":true,\"valueName\":\"search_term_string\"}}],\"inLanguage\":\"fr-FR\"},{\"@type\":\"Organization\",\"@id\":\"https:\\\/\\\/isve.com\\\/fr\\\/#organization\",\"name\":\"ISVE S.p.A.\",\"url\":\"https:\\\/\\\/isve.com\\\/fr\\\/\",\"logo\":{\"@type\":\"ImageObject\",\"inLanguage\":\"fr-FR\",\"@id\":\"https:\\\/\\\/isve.com\\\/fr\\\/#\\\/schema\\\/logo\\\/image\\\/\",\"url\":\"https:\\\/\\\/isve.com\\\/wp-content\\\/uploads\\\/2026\\\/01\\\/logo-isve-spa.png\",\"contentUrl\":\"https:\\\/\\\/isve.com\\\/wp-content\\\/uploads\\\/2026\\\/01\\\/logo-isve-spa.png\",\"width\":600,\"height\":173,\"caption\":\"ISVE S.p.A.\"},\"image\":{\"@id\":\"https:\\\/\\\/isve.com\\\/fr\\\/#\\\/schema\\\/logo\\\/image\\\/\"},\"sameAs\":[\"https:\\\/\\\/www.linkedin.com\\\/company\\\/69445471\",\"https:\\\/\\\/www.youtube.com\\\/@isves.p.a.8894\"]}]}<\/script>\n<!-- \/ Yoast SEO plugin. -->","yoast_head_json":{"title":"Mod\u00e8les - Broyeur \u00e0 2 arbres - ISVE SpA - Traitement du bois - Recyclage - Broyeurs Granulateurs","robots":{"index":"index","follow":"follow","max-snippet":"max-snippet:-1","max-image-preview":"max-image-preview:large","max-video-preview":"max-video-preview:-1"},"canonical":"https:\/\/isve.com\/fr\/broyeurs-industriels\/broyeurs-a-2-arbres\/","og_locale":"fr_FR","og_type":"article","og_title":"Mod\u00e8les - Broyeur \u00e0 2 arbres - ISVE SpA - Traitement du bois - Recyclage - Broyeurs Granulateurs","og_description":"Mod\u00e8les &#8211; Broyeur \u00e0 2 arbres ISVE","og_url":"https:\/\/isve.com\/fr\/broyeurs-industriels\/broyeurs-a-2-arbres\/","og_site_name":"ISVE SpA - Traitement du bois - Recyclage - Broyeurs Granulateurs","article_modified_time":"2025-05-03T09:40:34+00:00","og_image":[{"width":1256,"height":523,"url":"https:\/\/isve.com\/wp-content\/uploads\/trituratori_2_alberi_larga.jpg","type":"image\/jpeg"}],"twitter_card":"summary_large_image","schema":{"@context":"https:\/\/schema.org","@graph":[{"@type":"WebPage","@id":"https:\/\/isve.com\/fr\/broyeurs-industriels\/broyeurs-a-2-arbres\/","url":"https:\/\/isve.com\/fr\/broyeurs-industriels\/broyeurs-a-2-arbres\/","name":"Mod\u00e8les - Broyeur \u00e0 2 arbres - ISVE SpA - Traitement du bois - Recyclage - Broyeurs Granulateurs","isPartOf":{"@id":"https:\/\/isve.com\/fr\/#website"},"primaryImageOfPage":{"@id":"https:\/\/isve.com\/fr\/broyeurs-industriels\/broyeurs-a-2-arbres\/#primaryimage"},"image":{"@id":"https:\/\/isve.com\/fr\/broyeurs-industriels\/broyeurs-a-2-arbres\/#primaryimage"},"thumbnailUrl":"https:\/\/isve.com\/wp-content\/uploads\/trituratori_2_alberi_larga.jpg","datePublished":"2019-09-04T09:34:44+00:00","dateModified":"2025-05-03T09:40:34+00:00","breadcrumb":{"@id":"https:\/\/isve.com\/fr\/broyeurs-industriels\/broyeurs-a-2-arbres\/#breadcrumb"},"inLanguage":"fr-FR","potentialAction":[{"@type":"ReadAction","target":["https:\/\/isve.com\/fr\/broyeurs-industriels\/broyeurs-a-2-arbres\/"]}]},{"@type":"ImageObject","inLanguage":"fr-FR","@id":"https:\/\/isve.com\/fr\/broyeurs-industriels\/broyeurs-a-2-arbres\/#primaryimage","url":"https:\/\/isve.com\/wp-content\/uploads\/trituratori_2_alberi_larga.jpg","contentUrl":"https:\/\/isve.com\/wp-content\/uploads\/trituratori_2_alberi_larga.jpg","width":1256,"height":523},{"@type":"BreadcrumbList","@id":"https:\/\/isve.com\/fr\/broyeurs-industriels\/broyeurs-a-2-arbres\/#breadcrumb","itemListElement":[{"@type":"ListItem","position":1,"name":"Home","item":"https:\/\/isve.com\/fr\/"},{"@type":"ListItem","position":2,"name":"Produits Recycling","item":"https:\/\/isve.com\/fr\/broyeurs-industriels\/"},{"@type":"ListItem","position":3,"name":"Mod\u00e8les &#8211; Broyeur \u00e0 2 arbres"}]},{"@type":"WebSite","@id":"https:\/\/isve.com\/fr\/#website","url":"https:\/\/isve.com\/fr\/","name":"ISVE S.p.A.","description":"Syst\u00e8mes de traitement du bois et pour dechiquetage broyage granulation","publisher":{"@id":"https:\/\/isve.com\/fr\/#organization"},"potentialAction":[{"@type":"SearchAction","target":{"@type":"EntryPoint","urlTemplate":"https:\/\/isve.com\/fr\/?s={search_term_string}"},"query-input":{"@type":"PropertyValueSpecification","valueRequired":true,"valueName":"search_term_string"}}],"inLanguage":"fr-FR"},{"@type":"Organization","@id":"https:\/\/isve.com\/fr\/#organization","name":"ISVE S.p.A.","url":"https:\/\/isve.com\/fr\/","logo":{"@type":"ImageObject","inLanguage":"fr-FR","@id":"https:\/\/isve.com\/fr\/#\/schema\/logo\/image\/","url":"https:\/\/isve.com\/wp-content\/uploads\/2026\/01\/logo-isve-spa.png","contentUrl":"https:\/\/isve.com\/wp-content\/uploads\/2026\/01\/logo-isve-spa.png","width":600,"height":173,"caption":"ISVE S.p.A."},"image":{"@id":"https:\/\/isve.com\/fr\/#\/schema\/logo\/image\/"},"sameAs":["https:\/\/www.linkedin.com\/company\/69445471","https:\/\/www.youtube.com\/@isves.p.a.8894"]}]}},"_links":{"self":[{"href":"https:\/\/isve.com\/fr\/wp-json\/wp\/v2\/pages\/4287","targetHints":{"allow":["GET"]}}],"collection":[{"href":"https:\/\/isve.com\/fr\/wp-json\/wp\/v2\/pages"}],"about":[{"href":"https:\/\/isve.com\/fr\/wp-json\/wp\/v2\/types\/page"}],"author":[{"embeddable":true,"href":"https:\/\/isve.com\/fr\/wp-json\/wp\/v2\/users\/1"}],"replies":[{"embeddable":true,"href":"https:\/\/isve.com\/fr\/wp-json\/wp\/v2\/comments?post=4287"}],"version-history":[{"count":0,"href":"https:\/\/isve.com\/fr\/wp-json\/wp\/v2\/pages\/4287\/revisions"}],"up":[{"embeddable":true,"href":"https:\/\/isve.com\/fr\/wp-json\/wp\/v2\/pages\/13660"}],"wp:featuredmedia":[{"embeddable":true,"href":"https:\/\/isve.com\/fr\/wp-json\/wp\/v2\/media\/717"}],"wp:attachment":[{"href":"https:\/\/isve.com\/fr\/wp-json\/wp\/v2\/media?parent=4287"}],"wp:term":[{"taxonomy":"post_tag","embeddable":true,"href":"https:\/\/isve.com\/fr\/wp-json\/wp\/v2\/tags?post=4287"},{"taxonomy":"impaginazione","embeddable":true,"href":"https:\/\/isve.com\/fr\/wp-json\/wp\/v2\/impaginazione?post=4287"},{"taxonomy":"divisione","embeddable":true,"href":"https:\/\/isve.com\/fr\/wp-json\/wp\/v2\/divisione?post=4287"},{"taxonomy":"categorie_modelli","embeddable":true,"href":"https:\/\/isve.com\/fr\/wp-json\/wp\/v2\/categorie_modelli?post=4287"}],"curies":[{"name":"wp","href":"https:\/\/api.w.org\/{rel}","templated":true}]}}