{"id":4042,"date":"2019-10-09T10:30:57","date_gmt":"2019-10-09T08:30:57","guid":{"rendered":"https:\/\/isve.com\/?page_id=4042"},"modified":"2020-03-13T12:30:56","modified_gmt":"2020-03-13T11:30:56","slug":"broyeur-de-documents","status":"publish","type":"page","link":"https:\/\/isve.com\/fr\/broyeurs-industriels\/installations-de-broyage-isve\/broyeur-de-documents\/","title":{"rendered":"Broyeur de documents"},"content":{"rendered":"<h2><strong>Installation de broyage de documents en papier.<\/strong><\/h2>\n<p><img decoding=\"async\" class=\"size-full wp-image-1903 alignright\" src=\"https:\/\/isve.com\/wp-content\/uploads\/impianti_macinazione_documenti.jpg\" alt=\"\" width=\"167\" height=\"160\" \/>Dans sa gamme de syst\u00e8mes Combin\u00e9s, ISVE a r\u00e9alis\u00e9 une version sp\u00e9ciale destin\u00e9e au <strong>broyage de documents en papier<\/strong>.<\/p>\n<p>L&#8217;installation de broyage de documents est caract\u00e9ris\u00e9 par la possibilit\u00e9 d&#8217;assurer facilement <strong>les 5 types DIN de destruction<\/strong>, de la plus grossi\u00e8re \u00e0 la plus fine, par des r\u00e9glages extr\u00eamement simples.<br \/>\nDu point de vue de l&#8217;utilisateur, il suffira de charger la tr\u00e9mie et de mettre en marche l&#8217;appareil (il est possible de d\u00e9verser dans l&#8217;unit\u00e9 de chargement <strong>des cartons entiers<\/strong>).<\/p>\n<h2>Meulage du papier<\/h2>\n<p><img decoding=\"async\" class=\"size-full wp-image-1899 alignright\" src=\"https:\/\/isve.com\/wp-content\/uploads\/impianti_tritadocumenti_macinazione_carta.jpg\" alt=\"\" width=\"213\" height=\"160\" \/><\/p>\n<p>Le broyeur de documents effectue une premi\u00e8re trituration du papier et le r\u00e9duit en morceaux de 3-4 cm.<br \/>\nLes documents ainsi pr\u00e9par\u00e9s sont d\u00e9charg\u00e9s dans un moulin \u00e0 lames \u00e0 grande vitesse pour le hachage final.<\/p>\n<p>Il est possible de pr\u00e9voir entre le broyeur et le moulin une plaque magn\u00e9tique destin\u00e9e \u00e0 \u00e9viter l&#8217;introduction accidentelle de mat\u00e9riel ferreux qui endommagerait l&#8217;affineur.<\/p>\n<p>Les d\u00e9bris obtenus \u00e0 l&#8217;issue de ce proc\u00e9d\u00e9 de coupe sont aspir\u00e9s et ensach\u00e9s par un \u00e9lectroventilateur mont\u00e9 sur chariot.<br \/>\nL&#8217;\u00e9mission de poussi\u00e8res dans l&#8217;atmosph\u00e8re est extr\u00eamement r\u00e9duite gr\u00e2ce \u00e0 l&#8217;application de cartouches sp\u00e9ciales en polyester pr\u00e9vues au-dessus du cyclone (\u00e9mission inf\u00e9rieure \u00e0 0,5% pour poussi\u00e8res de taille comprise entre 0,2 et 2 microns).<br \/>\nL&#8217;efficacit\u00e9 du filtrage est assur\u00e9e par deux secoueurs qui agissent sur les plis du filtre afin de le nettoyer en \u00e9vacuant les particules directement dans les sacs pr\u00e9vus \u00e0 cet effet.<\/p>\n<p>Toutes les fonctions de l&#8217;installation de broyage de documents sont r\u00e9gl\u00e9es \u00e0 travers un contr\u00f4leur \u00e0 logique programmable.<br \/>\nLa productivit\u00e9 du COMBI 50\/66D-GR300 est d&#8217;environ 150-250 kg\/h de documentation papier, m\u00eame reli\u00e9e en grandes \u00e9paisseurs.<\/p>\n<h2>DESCRIPTION:<\/h2>\n<p><img decoding=\"async\" class=\"size-full wp-image-1895 alignright\" src=\"https:\/\/isve.com\/wp-content\/uploads\/impianti_tritadocumenti_descrizione.jpg\" alt=\"\" width=\"222\" height=\"192\" \/><\/p>\n<ol>\n<li>Unit\u00e9 de chargement<\/li>\n<li>Groupe broyeur<\/li>\n<li>Bo\u00eetier insonoris\u00e9 pour affineur (78-80 dB)<\/li>\n<li>Aspirateur avec silencieux (80 dB)<\/li>\n<li>Bo\u00eete cartouches filtrantes auto-nettoyantes<\/li>\n<li>Sacs de r\u00e9colte<\/li>\n<\/ol>\n","protected":false},"excerpt":{"rendered":"<p>Installation de broyage de documents en papier. Dans sa gamme de syst\u00e8mes Combin\u00e9s, ISVE a r\u00e9alis\u00e9 une version sp\u00e9ciale destin\u00e9e au broyage de documents en papier. L&#8217;installation de broyage de documents est caract\u00e9ris\u00e9 par la possibilit\u00e9 d&#8217;assurer facilement les 5 types DIN de destruction, de la plus grossi\u00e8re \u00e0 la plus fine, par des r\u00e9glages&hellip;<\/p>\n","protected":false},"author":1,"featured_media":1910,"parent":4022,"menu_order":189,"comment_status":"closed","ping_status":"closed","template":"","meta":{"_acf_changed":false,"footnotes":""},"tags":[3358,1907,1843,2057,3357,1680,2212,3406,1742,1677,1678,1896,1892,2210,1679,1846,3402,1721,1841],"impaginazione":[3692],"divisione":[3689],"categorie_modelli":[3699],"class_list":["post-4042","page","type-page","status-publish","has-post-thumbnail","hentry","tag-broyeur-de-convoyeur-fr","tag-broyeur-de-convoyeur","tag-broyeur-et-granulateurs","tag-broyeurs-avec-des-tapis-roulants","tag-broyeurs-avec-tapis-roulants","tag-broyeurs-et-granulateurs","tag-conteneurs-de-broyage","tag-conteneurs-de-dechiquetage","tag-granulateurs-avec-tapis-roulants","tag-implants-complets","tag-installations-de-recuperation","tag-lignes-de-traitement","tag-lignes-dediees","tag-papier-de-broyage","tag-plantes-de-broyage","tag-plantes-dechiquetees","tag-raffinage-du-papier","tag-report-du-papier","tag-usines-de-raffinage","impaginazione-modello-prodotto","divisione-isve-recycling","categorie_modelli-impianti-di-triturazione","description-off"],"acf":[],"yoast_head":"<!-- This site is optimized with the Yoast SEO plugin v27.4 - https:\/\/yoast.com\/product\/yoast-seo-wordpress\/ -->\n<title>Broyeur de documents - ISVE SpA - Traitement du bois - Recyclage - Broyeurs Granulateurs<\/title>\n<meta name=\"robots\" content=\"index, follow, max-snippet:-1, max-image-preview:large, max-video-preview:-1\" \/>\n<link rel=\"canonical\" href=\"https:\/\/isve.com\/fr\/broyeurs-industriels\/installations-de-broyage-isve\/broyeur-de-documents\/\" \/>\n<meta property=\"og:locale\" content=\"fr_FR\" \/>\n<meta property=\"og:type\" content=\"article\" \/>\n<meta property=\"og:title\" content=\"Broyeur de documents - ISVE SpA - Traitement du bois - Recyclage - Broyeurs Granulateurs\" \/>\n<meta property=\"og:description\" content=\"Installation de broyage de documents en papier. Dans sa gamme de syst\u00e8mes Combin\u00e9s, ISVE a r\u00e9alis\u00e9 une version sp\u00e9ciale destin\u00e9e au broyage de documents en papier. L&#8217;installation de broyage de documents est caract\u00e9ris\u00e9 par la possibilit\u00e9 d&#8217;assurer facilement les 5 types DIN de destruction, de la plus grossi\u00e8re \u00e0 la plus fine, par des r\u00e9glages&hellip;\" \/>\n<meta property=\"og:url\" content=\"https:\/\/isve.com\/fr\/broyeurs-industriels\/installations-de-broyage-isve\/broyeur-de-documents\/\" \/>\n<meta property=\"og:site_name\" content=\"ISVE SpA - Traitement du bois - Recyclage - Broyeurs Granulateurs\" \/>\n<meta property=\"article:modified_time\" content=\"2020-03-13T11:30:56+00:00\" \/>\n<meta property=\"og:image\" content=\"https:\/\/isve.com\/wp-content\/uploads\/impianti_tritadocumenti.jpg\" \/>\n\t<meta property=\"og:image:width\" content=\"1600\" \/>\n\t<meta property=\"og:image:height\" content=\"649\" \/>\n\t<meta property=\"og:image:type\" content=\"image\/jpeg\" \/>\n<meta name=\"twitter:card\" content=\"summary_large_image\" \/>\n<meta name=\"twitter:label1\" content=\"Dur\u00e9e de lecture estim\u00e9e\" \/>\n\t<meta name=\"twitter:data1\" content=\"2 minutes\" \/>\n<script type=\"application\/ld+json\" class=\"yoast-schema-graph\">{\"@context\":\"https:\\\/\\\/schema.org\",\"@graph\":[{\"@type\":\"WebPage\",\"@id\":\"https:\\\/\\\/isve.com\\\/fr\\\/broyeurs-industriels\\\/installations-de-broyage-isve\\\/broyeur-de-documents\\\/\",\"url\":\"https:\\\/\\\/isve.com\\\/fr\\\/broyeurs-industriels\\\/installations-de-broyage-isve\\\/broyeur-de-documents\\\/\",\"name\":\"Broyeur de documents - ISVE SpA - Traitement du bois - Recyclage - Broyeurs Granulateurs\",\"isPartOf\":{\"@id\":\"https:\\\/\\\/isve.com\\\/fr\\\/#website\"},\"primaryImageOfPage\":{\"@id\":\"https:\\\/\\\/isve.com\\\/fr\\\/broyeurs-industriels\\\/installations-de-broyage-isve\\\/broyeur-de-documents\\\/#primaryimage\"},\"image\":{\"@id\":\"https:\\\/\\\/isve.com\\\/fr\\\/broyeurs-industriels\\\/installations-de-broyage-isve\\\/broyeur-de-documents\\\/#primaryimage\"},\"thumbnailUrl\":\"https:\\\/\\\/isve.com\\\/wp-content\\\/uploads\\\/impianti_tritadocumenti.jpg\",\"datePublished\":\"2019-10-09T08:30:57+00:00\",\"dateModified\":\"2020-03-13T11:30:56+00:00\",\"breadcrumb\":{\"@id\":\"https:\\\/\\\/isve.com\\\/fr\\\/broyeurs-industriels\\\/installations-de-broyage-isve\\\/broyeur-de-documents\\\/#breadcrumb\"},\"inLanguage\":\"fr-FR\",\"potentialAction\":[{\"@type\":\"ReadAction\",\"target\":[\"https:\\\/\\\/isve.com\\\/fr\\\/broyeurs-industriels\\\/installations-de-broyage-isve\\\/broyeur-de-documents\\\/\"]}]},{\"@type\":\"ImageObject\",\"inLanguage\":\"fr-FR\",\"@id\":\"https:\\\/\\\/isve.com\\\/fr\\\/broyeurs-industriels\\\/installations-de-broyage-isve\\\/broyeur-de-documents\\\/#primaryimage\",\"url\":\"https:\\\/\\\/isve.com\\\/wp-content\\\/uploads\\\/impianti_tritadocumenti.jpg\",\"contentUrl\":\"https:\\\/\\\/isve.com\\\/wp-content\\\/uploads\\\/impianti_tritadocumenti.jpg\",\"width\":1600,\"height\":649},{\"@type\":\"BreadcrumbList\",\"@id\":\"https:\\\/\\\/isve.com\\\/fr\\\/broyeurs-industriels\\\/installations-de-broyage-isve\\\/broyeur-de-documents\\\/#breadcrumb\",\"itemListElement\":[{\"@type\":\"ListItem\",\"position\":1,\"name\":\"Home\",\"item\":\"https:\\\/\\\/isve.com\\\/fr\\\/\"},{\"@type\":\"ListItem\",\"position\":2,\"name\":\"Produits Recycling\",\"item\":\"https:\\\/\\\/isve.com\\\/fr\\\/broyeurs-industriels\\\/\"},{\"@type\":\"ListItem\",\"position\":3,\"name\":\"Installations de broyage ISVE\",\"item\":\"https:\\\/\\\/isve.com\\\/fr\\\/broyeurs-industriels\\\/installations-de-broyage-isve\\\/\"},{\"@type\":\"ListItem\",\"position\":4,\"name\":\"Broyeur de documents\"}]},{\"@type\":\"WebSite\",\"@id\":\"https:\\\/\\\/isve.com\\\/fr\\\/#website\",\"url\":\"https:\\\/\\\/isve.com\\\/fr\\\/\",\"name\":\"ISVE S.p.A.\",\"description\":\"Syst\u00e8mes de traitement du bois et pour dechiquetage broyage granulation\",\"publisher\":{\"@id\":\"https:\\\/\\\/isve.com\\\/fr\\\/#organization\"},\"potentialAction\":[{\"@type\":\"SearchAction\",\"target\":{\"@type\":\"EntryPoint\",\"urlTemplate\":\"https:\\\/\\\/isve.com\\\/fr\\\/?s={search_term_string}\"},\"query-input\":{\"@type\":\"PropertyValueSpecification\",\"valueRequired\":true,\"valueName\":\"search_term_string\"}}],\"inLanguage\":\"fr-FR\"},{\"@type\":\"Organization\",\"@id\":\"https:\\\/\\\/isve.com\\\/fr\\\/#organization\",\"name\":\"ISVE S.p.A.\",\"url\":\"https:\\\/\\\/isve.com\\\/fr\\\/\",\"logo\":{\"@type\":\"ImageObject\",\"inLanguage\":\"fr-FR\",\"@id\":\"https:\\\/\\\/isve.com\\\/fr\\\/#\\\/schema\\\/logo\\\/image\\\/\",\"url\":\"https:\\\/\\\/isve.com\\\/wp-content\\\/uploads\\\/2026\\\/01\\\/logo-isve-spa.png\",\"contentUrl\":\"https:\\\/\\\/isve.com\\\/wp-content\\\/uploads\\\/2026\\\/01\\\/logo-isve-spa.png\",\"width\":600,\"height\":173,\"caption\":\"ISVE S.p.A.\"},\"image\":{\"@id\":\"https:\\\/\\\/isve.com\\\/fr\\\/#\\\/schema\\\/logo\\\/image\\\/\"},\"sameAs\":[\"https:\\\/\\\/www.linkedin.com\\\/company\\\/69445471\",\"https:\\\/\\\/www.youtube.com\\\/@isves.p.a.8894\"]}]}<\/script>\n<!-- \/ Yoast SEO plugin. -->","yoast_head_json":{"title":"Broyeur de documents - ISVE SpA - Traitement du bois - Recyclage - Broyeurs Granulateurs","robots":{"index":"index","follow":"follow","max-snippet":"max-snippet:-1","max-image-preview":"max-image-preview:large","max-video-preview":"max-video-preview:-1"},"canonical":"https:\/\/isve.com\/fr\/broyeurs-industriels\/installations-de-broyage-isve\/broyeur-de-documents\/","og_locale":"fr_FR","og_type":"article","og_title":"Broyeur de documents - ISVE SpA - Traitement du bois - Recyclage - Broyeurs Granulateurs","og_description":"Installation de broyage de documents en papier. Dans sa gamme de syst\u00e8mes Combin\u00e9s, ISVE a r\u00e9alis\u00e9 une version sp\u00e9ciale destin\u00e9e au broyage de documents en papier. L&#8217;installation de broyage de documents est caract\u00e9ris\u00e9 par la possibilit\u00e9 d&#8217;assurer facilement les 5 types DIN de destruction, de la plus grossi\u00e8re \u00e0 la plus fine, par des r\u00e9glages&hellip;","og_url":"https:\/\/isve.com\/fr\/broyeurs-industriels\/installations-de-broyage-isve\/broyeur-de-documents\/","og_site_name":"ISVE SpA - Traitement du bois - Recyclage - Broyeurs Granulateurs","article_modified_time":"2020-03-13T11:30:56+00:00","og_image":[{"width":1600,"height":649,"url":"https:\/\/isve.com\/wp-content\/uploads\/impianti_tritadocumenti.jpg","type":"image\/jpeg"}],"twitter_card":"summary_large_image","twitter_misc":{"Dur\u00e9e de lecture estim\u00e9e":"2 minutes"},"schema":{"@context":"https:\/\/schema.org","@graph":[{"@type":"WebPage","@id":"https:\/\/isve.com\/fr\/broyeurs-industriels\/installations-de-broyage-isve\/broyeur-de-documents\/","url":"https:\/\/isve.com\/fr\/broyeurs-industriels\/installations-de-broyage-isve\/broyeur-de-documents\/","name":"Broyeur de documents - ISVE SpA - Traitement du bois - Recyclage - Broyeurs Granulateurs","isPartOf":{"@id":"https:\/\/isve.com\/fr\/#website"},"primaryImageOfPage":{"@id":"https:\/\/isve.com\/fr\/broyeurs-industriels\/installations-de-broyage-isve\/broyeur-de-documents\/#primaryimage"},"image":{"@id":"https:\/\/isve.com\/fr\/broyeurs-industriels\/installations-de-broyage-isve\/broyeur-de-documents\/#primaryimage"},"thumbnailUrl":"https:\/\/isve.com\/wp-content\/uploads\/impianti_tritadocumenti.jpg","datePublished":"2019-10-09T08:30:57+00:00","dateModified":"2020-03-13T11:30:56+00:00","breadcrumb":{"@id":"https:\/\/isve.com\/fr\/broyeurs-industriels\/installations-de-broyage-isve\/broyeur-de-documents\/#breadcrumb"},"inLanguage":"fr-FR","potentialAction":[{"@type":"ReadAction","target":["https:\/\/isve.com\/fr\/broyeurs-industriels\/installations-de-broyage-isve\/broyeur-de-documents\/"]}]},{"@type":"ImageObject","inLanguage":"fr-FR","@id":"https:\/\/isve.com\/fr\/broyeurs-industriels\/installations-de-broyage-isve\/broyeur-de-documents\/#primaryimage","url":"https:\/\/isve.com\/wp-content\/uploads\/impianti_tritadocumenti.jpg","contentUrl":"https:\/\/isve.com\/wp-content\/uploads\/impianti_tritadocumenti.jpg","width":1600,"height":649},{"@type":"BreadcrumbList","@id":"https:\/\/isve.com\/fr\/broyeurs-industriels\/installations-de-broyage-isve\/broyeur-de-documents\/#breadcrumb","itemListElement":[{"@type":"ListItem","position":1,"name":"Home","item":"https:\/\/isve.com\/fr\/"},{"@type":"ListItem","position":2,"name":"Produits Recycling","item":"https:\/\/isve.com\/fr\/broyeurs-industriels\/"},{"@type":"ListItem","position":3,"name":"Installations de broyage ISVE","item":"https:\/\/isve.com\/fr\/broyeurs-industriels\/installations-de-broyage-isve\/"},{"@type":"ListItem","position":4,"name":"Broyeur de documents"}]},{"@type":"WebSite","@id":"https:\/\/isve.com\/fr\/#website","url":"https:\/\/isve.com\/fr\/","name":"ISVE S.p.A.","description":"Syst\u00e8mes de traitement du bois et pour dechiquetage broyage granulation","publisher":{"@id":"https:\/\/isve.com\/fr\/#organization"},"potentialAction":[{"@type":"SearchAction","target":{"@type":"EntryPoint","urlTemplate":"https:\/\/isve.com\/fr\/?s={search_term_string}"},"query-input":{"@type":"PropertyValueSpecification","valueRequired":true,"valueName":"search_term_string"}}],"inLanguage":"fr-FR"},{"@type":"Organization","@id":"https:\/\/isve.com\/fr\/#organization","name":"ISVE S.p.A.","url":"https:\/\/isve.com\/fr\/","logo":{"@type":"ImageObject","inLanguage":"fr-FR","@id":"https:\/\/isve.com\/fr\/#\/schema\/logo\/image\/","url":"https:\/\/isve.com\/wp-content\/uploads\/2026\/01\/logo-isve-spa.png","contentUrl":"https:\/\/isve.com\/wp-content\/uploads\/2026\/01\/logo-isve-spa.png","width":600,"height":173,"caption":"ISVE S.p.A."},"image":{"@id":"https:\/\/isve.com\/fr\/#\/schema\/logo\/image\/"},"sameAs":["https:\/\/www.linkedin.com\/company\/69445471","https:\/\/www.youtube.com\/@isves.p.a.8894"]}]}},"_links":{"self":[{"href":"https:\/\/isve.com\/fr\/wp-json\/wp\/v2\/pages\/4042","targetHints":{"allow":["GET"]}}],"collection":[{"href":"https:\/\/isve.com\/fr\/wp-json\/wp\/v2\/pages"}],"about":[{"href":"https:\/\/isve.com\/fr\/wp-json\/wp\/v2\/types\/page"}],"author":[{"embeddable":true,"href":"https:\/\/isve.com\/fr\/wp-json\/wp\/v2\/users\/1"}],"replies":[{"embeddable":true,"href":"https:\/\/isve.com\/fr\/wp-json\/wp\/v2\/comments?post=4042"}],"version-history":[{"count":0,"href":"https:\/\/isve.com\/fr\/wp-json\/wp\/v2\/pages\/4042\/revisions"}],"up":[{"embeddable":true,"href":"https:\/\/isve.com\/fr\/wp-json\/wp\/v2\/pages\/4022"}],"wp:featuredmedia":[{"embeddable":true,"href":"https:\/\/isve.com\/fr\/wp-json\/wp\/v2\/media\/1910"}],"wp:attachment":[{"href":"https:\/\/isve.com\/fr\/wp-json\/wp\/v2\/media?parent=4042"}],"wp:term":[{"taxonomy":"post_tag","embeddable":true,"href":"https:\/\/isve.com\/fr\/wp-json\/wp\/v2\/tags?post=4042"},{"taxonomy":"impaginazione","embeddable":true,"href":"https:\/\/isve.com\/fr\/wp-json\/wp\/v2\/impaginazione?post=4042"},{"taxonomy":"divisione","embeddable":true,"href":"https:\/\/isve.com\/fr\/wp-json\/wp\/v2\/divisione?post=4042"},{"taxonomy":"categorie_modelli","embeddable":true,"href":"https:\/\/isve.com\/fr\/wp-json\/wp\/v2\/categorie_modelli?post=4042"}],"curies":[{"name":"wp","href":"https:\/\/api.w.org\/{rel}","templated":true}]}}