{"id":4029,"date":"2019-10-09T11:17:11","date_gmt":"2019-10-09T09:17:11","guid":{"rendered":"https:\/\/isve.com\/?page_id=4029"},"modified":"2020-03-13T14:46:53","modified_gmt":"2020-03-13T13:46:53","slug":"ligne-pour-pare-chocs","status":"publish","type":"page","link":"https:\/\/isve.com\/fr\/broyeurs-industriels\/installations-de-broyage-isve\/ligne-pour-pare-chocs\/","title":{"rendered":"Ligne pour pare-chocs"},"content":{"rendered":"<h2><strong>Ligne de broyage pour pare-chocs<\/strong><\/h2>\n<p>La ligne de broyage pour pare-chocs de ISVE a \u00e9t\u00e9 con\u00e7ue pour satisfaire les exigences des PME qui ressentent le besoin d&#8217;une installation compl\u00e8te et fonctionnelle avec un co\u00fbt d&#8217;investissement contenu. Ce r\u00e9sultat a \u00e9t\u00e9 obtenu par la gestion automatique de tous les composants de l&#8217;installation, par PLC.<\/p>\n<p>Les pare-chocs sont charg\u00e9s dans la tr\u00e9mie du d\u00e9chiqueteur \u00e0 quatre arbres 100100S, qui effectue un broyage \u00e0 une granulom\u00e9trie de 30X30mm. Le d\u00e9ferrisateur au n\u00e9odyme, reli\u00e9 au d\u00e9chiqueteur au moyen d&#8217;un convoyeur, <strong>s\u00e9pare les \u00e9ventuels m\u00e9taux ferreux de la mati\u00e8re plastique<\/strong> qui est amen\u00e9e et granul\u00e9e par un moulin C40100-5K Cumberland.<\/p>\n<p>Les broyats de 10mm sont aspir\u00e9s, d\u00e9poussier\u00e9s et convoy\u00e9s automatiquement dans un big-bag de ramassage. Toutes les machines sont g\u00e9r\u00e9es de fa\u00e7on automatique, par un contr\u00f4le des puissances absorb\u00e9es par le d\u00e9chiqueteur et le moulin en vue d&#8217;un fonctionnement de l&#8217;installation optimis\u00e9. La productivit\u00e9 de la ligne est d&#8217;environ 900 kg\/h.<\/p>\n","protected":false},"excerpt":{"rendered":"<p>Ligne de broyage pour pare-chocs La ligne de broyage pour pare-chocs de ISVE a \u00e9t\u00e9 con\u00e7ue pour satisfaire les exigences des PME qui ressentent le besoin d&#8217;une installation compl\u00e8te et fonctionnelle avec un co\u00fbt d&#8217;investissement contenu. Ce r\u00e9sultat a \u00e9t\u00e9 obtenu par la gestion automatique de tous les composants de l&#8217;installation, par PLC. Les pare-chocs&hellip;<\/p>\n","protected":false},"author":1,"featured_media":1949,"parent":4022,"menu_order":261,"comment_status":"closed","ping_status":"closed","template":"","meta":{"_acf_changed":false,"footnotes":""},"tags":[1907,3358,2028,2034,2036,2038,1843,2025,3433,3434,2057,3357,2174,2179,2183,3431,2185,3429,1680,2171,3427,3428,2177,3436,3424,3430,1677,1873,1678,1896,1892,2384,2386,3422,3426,3421,3425,3437,3423,3435,1679,1846,3432,1841,2031,3438],"impaginazione":[3692],"divisione":[3689],"categorie_modelli":[3699],"class_list":["post-4029","page","type-page","status-publish","has-post-thumbnail","hentry","tag-broyeur-de-convoyeur","tag-broyeur-de-convoyeur-fr","tag-broyeur-de-pare-chocs-de-voiture","tag-broyeur-de-pare-chocs-de-voiture-en-plastique","tag-broyeur-de-pare-chocs-en-fer","tag-broyeur-de-pare-chocs-en-plastique","tag-broyeur-et-granulateurs","tag-broyeur-pare-chocs-fr","tag-broyeur-pare-chocs-fr-3","tag-broyeur-pare-chocs-de-voiture","tag-broyeurs-avec-des-tapis-roulants","tag-broyeurs-avec-tapis-roulants","tag-broyeurs-de-pare-chocs-de-voiture","tag-broyeurs-de-pare-chocs-de-voiture-en-plastique","tag-broyeurs-de-pare-chocs-en-fer","tag-broyeurs-de-pare-chocs-en-fer-fr","tag-broyeurs-de-pare-chocs-en-plastique","tag-broyeurs-en-plastique-pare-chocs","tag-broyeurs-et-granulateurs","tag-broyeurs-pare-chocs-fr","tag-broyeurs-pare-chocs-fr-4","tag-broyeurs-pare-chocs-de-voiture","tag-bumper-grinders-voiture-en-fer","tag-dechiqueter-la-voiture-en-plastique-pare-chocs","tag-dechiqueter-les-pare-chocs-de-voiture-en-plastique","tag-dechiqueteuses-pare-chocs-de-voiture-en-plastique","tag-implants-complets","tag-installations-delimination","tag-installations-de-recuperation","tag-lignes-de-traitement","tag-lignes-dediees","tag-pare-chocs-de-broyage","tag-pare-chocs-de-voiture-de-broyage-fr","tag-pare-chocs-de-voiture-dechiquetant-fr","tag-pare-chocs-de-voiture-en-fer-dechiquete","tag-pare-chocs-dechiquetant-fr","tag-pare-chocs-en-fer-dechiquete","tag-pare-chocs-en-fer-dechiquete-fr","tag-pare-chocs-en-plastique-dechiquetant","tag-pare-chocs-en-plastique-dechiquete","tag-plantes-de-broyage","tag-plantes-dechiquetees","tag-shredders-car-iron-pare-chocs","tag-usines-de-raffinage","tag-voiture-en-fer-pare-chocs-de-broyeur","tag-voiture-en-fer-pare-chocs-de-dechiqueteuse","impaginazione-modello-prodotto","divisione-isve-recycling","categorie_modelli-impianti-di-triturazione","description-off"],"acf":[],"yoast_head":"<!-- This site is optimized with the Yoast SEO plugin v27.4 - https:\/\/yoast.com\/product\/yoast-seo-wordpress\/ -->\n<title>Ligne pour pare-chocs - ISVE SpA - Traitement du bois - Recyclage - Broyeurs Granulateurs<\/title>\n<meta name=\"robots\" content=\"index, follow, max-snippet:-1, max-image-preview:large, max-video-preview:-1\" \/>\n<link rel=\"canonical\" href=\"https:\/\/isve.com\/fr\/broyeurs-industriels\/installations-de-broyage-isve\/ligne-pour-pare-chocs\/\" \/>\n<meta property=\"og:locale\" content=\"fr_FR\" \/>\n<meta property=\"og:type\" content=\"article\" \/>\n<meta property=\"og:title\" content=\"Ligne pour pare-chocs - ISVE SpA - Traitement du bois - Recyclage - Broyeurs Granulateurs\" \/>\n<meta property=\"og:description\" content=\"Ligne de broyage pour pare-chocs La ligne de broyage pour pare-chocs de ISVE a \u00e9t\u00e9 con\u00e7ue pour satisfaire les exigences des PME qui ressentent le besoin d&#8217;une installation compl\u00e8te et fonctionnelle avec un co\u00fbt d&#8217;investissement contenu. Ce r\u00e9sultat a \u00e9t\u00e9 obtenu par la gestion automatique de tous les composants de l&#8217;installation, par PLC. Les pare-chocs&hellip;\" \/>\n<meta property=\"og:url\" content=\"https:\/\/isve.com\/fr\/broyeurs-industriels\/installations-de-broyage-isve\/ligne-pour-pare-chocs\/\" \/>\n<meta property=\"og:site_name\" content=\"ISVE SpA - Traitement du bois - Recyclage - Broyeurs Granulateurs\" \/>\n<meta property=\"article:modified_time\" content=\"2020-03-13T13:46:53+00:00\" \/>\n<meta property=\"og:image\" content=\"https:\/\/isve.com\/wp-content\/uploads\/impianti_triturazione_paraurti.jpg\" \/>\n\t<meta property=\"og:image:width\" content=\"1920\" \/>\n\t<meta property=\"og:image:height\" content=\"1080\" \/>\n\t<meta property=\"og:image:type\" content=\"image\/jpeg\" \/>\n<meta name=\"twitter:card\" content=\"summary_large_image\" \/>\n<meta name=\"twitter:label1\" content=\"Dur\u00e9e de lecture estim\u00e9e\" \/>\n\t<meta name=\"twitter:data1\" content=\"1 minute\" \/>\n<script type=\"application\/ld+json\" class=\"yoast-schema-graph\">{\"@context\":\"https:\\\/\\\/schema.org\",\"@graph\":[{\"@type\":\"WebPage\",\"@id\":\"https:\\\/\\\/isve.com\\\/fr\\\/broyeurs-industriels\\\/installations-de-broyage-isve\\\/ligne-pour-pare-chocs\\\/\",\"url\":\"https:\\\/\\\/isve.com\\\/fr\\\/broyeurs-industriels\\\/installations-de-broyage-isve\\\/ligne-pour-pare-chocs\\\/\",\"name\":\"Ligne pour pare-chocs - ISVE SpA - Traitement du bois - Recyclage - Broyeurs Granulateurs\",\"isPartOf\":{\"@id\":\"https:\\\/\\\/isve.com\\\/fr\\\/#website\"},\"primaryImageOfPage\":{\"@id\":\"https:\\\/\\\/isve.com\\\/fr\\\/broyeurs-industriels\\\/installations-de-broyage-isve\\\/ligne-pour-pare-chocs\\\/#primaryimage\"},\"image\":{\"@id\":\"https:\\\/\\\/isve.com\\\/fr\\\/broyeurs-industriels\\\/installations-de-broyage-isve\\\/ligne-pour-pare-chocs\\\/#primaryimage\"},\"thumbnailUrl\":\"https:\\\/\\\/isve.com\\\/wp-content\\\/uploads\\\/impianti_triturazione_paraurti.jpg\",\"datePublished\":\"2019-10-09T09:17:11+00:00\",\"dateModified\":\"2020-03-13T13:46:53+00:00\",\"breadcrumb\":{\"@id\":\"https:\\\/\\\/isve.com\\\/fr\\\/broyeurs-industriels\\\/installations-de-broyage-isve\\\/ligne-pour-pare-chocs\\\/#breadcrumb\"},\"inLanguage\":\"fr-FR\",\"potentialAction\":[{\"@type\":\"ReadAction\",\"target\":[\"https:\\\/\\\/isve.com\\\/fr\\\/broyeurs-industriels\\\/installations-de-broyage-isve\\\/ligne-pour-pare-chocs\\\/\"]}]},{\"@type\":\"ImageObject\",\"inLanguage\":\"fr-FR\",\"@id\":\"https:\\\/\\\/isve.com\\\/fr\\\/broyeurs-industriels\\\/installations-de-broyage-isve\\\/ligne-pour-pare-chocs\\\/#primaryimage\",\"url\":\"https:\\\/\\\/isve.com\\\/wp-content\\\/uploads\\\/impianti_triturazione_paraurti.jpg\",\"contentUrl\":\"https:\\\/\\\/isve.com\\\/wp-content\\\/uploads\\\/impianti_triturazione_paraurti.jpg\",\"width\":1920,\"height\":1080},{\"@type\":\"BreadcrumbList\",\"@id\":\"https:\\\/\\\/isve.com\\\/fr\\\/broyeurs-industriels\\\/installations-de-broyage-isve\\\/ligne-pour-pare-chocs\\\/#breadcrumb\",\"itemListElement\":[{\"@type\":\"ListItem\",\"position\":1,\"name\":\"Home\",\"item\":\"https:\\\/\\\/isve.com\\\/fr\\\/\"},{\"@type\":\"ListItem\",\"position\":2,\"name\":\"Produits Recycling\",\"item\":\"https:\\\/\\\/isve.com\\\/fr\\\/broyeurs-industriels\\\/\"},{\"@type\":\"ListItem\",\"position\":3,\"name\":\"Installations de broyage ISVE\",\"item\":\"https:\\\/\\\/isve.com\\\/fr\\\/broyeurs-industriels\\\/installations-de-broyage-isve\\\/\"},{\"@type\":\"ListItem\",\"position\":4,\"name\":\"Ligne pour pare-chocs\"}]},{\"@type\":\"WebSite\",\"@id\":\"https:\\\/\\\/isve.com\\\/fr\\\/#website\",\"url\":\"https:\\\/\\\/isve.com\\\/fr\\\/\",\"name\":\"ISVE S.p.A.\",\"description\":\"Syst\u00e8mes de traitement du bois et pour dechiquetage broyage granulation\",\"publisher\":{\"@id\":\"https:\\\/\\\/isve.com\\\/fr\\\/#organization\"},\"potentialAction\":[{\"@type\":\"SearchAction\",\"target\":{\"@type\":\"EntryPoint\",\"urlTemplate\":\"https:\\\/\\\/isve.com\\\/fr\\\/?s={search_term_string}\"},\"query-input\":{\"@type\":\"PropertyValueSpecification\",\"valueRequired\":true,\"valueName\":\"search_term_string\"}}],\"inLanguage\":\"fr-FR\"},{\"@type\":\"Organization\",\"@id\":\"https:\\\/\\\/isve.com\\\/fr\\\/#organization\",\"name\":\"ISVE S.p.A.\",\"url\":\"https:\\\/\\\/isve.com\\\/fr\\\/\",\"logo\":{\"@type\":\"ImageObject\",\"inLanguage\":\"fr-FR\",\"@id\":\"https:\\\/\\\/isve.com\\\/fr\\\/#\\\/schema\\\/logo\\\/image\\\/\",\"url\":\"https:\\\/\\\/isve.com\\\/wp-content\\\/uploads\\\/2026\\\/01\\\/logo-isve-spa.png\",\"contentUrl\":\"https:\\\/\\\/isve.com\\\/wp-content\\\/uploads\\\/2026\\\/01\\\/logo-isve-spa.png\",\"width\":600,\"height\":173,\"caption\":\"ISVE S.p.A.\"},\"image\":{\"@id\":\"https:\\\/\\\/isve.com\\\/fr\\\/#\\\/schema\\\/logo\\\/image\\\/\"},\"sameAs\":[\"https:\\\/\\\/www.linkedin.com\\\/company\\\/69445471\",\"https:\\\/\\\/www.youtube.com\\\/@isves.p.a.8894\"]}]}<\/script>\n<!-- \/ Yoast SEO plugin. -->","yoast_head_json":{"title":"Ligne pour pare-chocs - ISVE SpA - Traitement du bois - Recyclage - Broyeurs Granulateurs","robots":{"index":"index","follow":"follow","max-snippet":"max-snippet:-1","max-image-preview":"max-image-preview:large","max-video-preview":"max-video-preview:-1"},"canonical":"https:\/\/isve.com\/fr\/broyeurs-industriels\/installations-de-broyage-isve\/ligne-pour-pare-chocs\/","og_locale":"fr_FR","og_type":"article","og_title":"Ligne pour pare-chocs - ISVE SpA - Traitement du bois - Recyclage - Broyeurs Granulateurs","og_description":"Ligne de broyage pour pare-chocs La ligne de broyage pour pare-chocs de ISVE a \u00e9t\u00e9 con\u00e7ue pour satisfaire les exigences des PME qui ressentent le besoin d&#8217;une installation compl\u00e8te et fonctionnelle avec un co\u00fbt d&#8217;investissement contenu. Ce r\u00e9sultat a \u00e9t\u00e9 obtenu par la gestion automatique de tous les composants de l&#8217;installation, par PLC. Les pare-chocs&hellip;","og_url":"https:\/\/isve.com\/fr\/broyeurs-industriels\/installations-de-broyage-isve\/ligne-pour-pare-chocs\/","og_site_name":"ISVE SpA - Traitement du bois - Recyclage - Broyeurs Granulateurs","article_modified_time":"2020-03-13T13:46:53+00:00","og_image":[{"width":1920,"height":1080,"url":"https:\/\/isve.com\/wp-content\/uploads\/impianti_triturazione_paraurti.jpg","type":"image\/jpeg"}],"twitter_card":"summary_large_image","twitter_misc":{"Dur\u00e9e de lecture estim\u00e9e":"1 minute"},"schema":{"@context":"https:\/\/schema.org","@graph":[{"@type":"WebPage","@id":"https:\/\/isve.com\/fr\/broyeurs-industriels\/installations-de-broyage-isve\/ligne-pour-pare-chocs\/","url":"https:\/\/isve.com\/fr\/broyeurs-industriels\/installations-de-broyage-isve\/ligne-pour-pare-chocs\/","name":"Ligne pour pare-chocs - ISVE SpA - Traitement du bois - Recyclage - Broyeurs Granulateurs","isPartOf":{"@id":"https:\/\/isve.com\/fr\/#website"},"primaryImageOfPage":{"@id":"https:\/\/isve.com\/fr\/broyeurs-industriels\/installations-de-broyage-isve\/ligne-pour-pare-chocs\/#primaryimage"},"image":{"@id":"https:\/\/isve.com\/fr\/broyeurs-industriels\/installations-de-broyage-isve\/ligne-pour-pare-chocs\/#primaryimage"},"thumbnailUrl":"https:\/\/isve.com\/wp-content\/uploads\/impianti_triturazione_paraurti.jpg","datePublished":"2019-10-09T09:17:11+00:00","dateModified":"2020-03-13T13:46:53+00:00","breadcrumb":{"@id":"https:\/\/isve.com\/fr\/broyeurs-industriels\/installations-de-broyage-isve\/ligne-pour-pare-chocs\/#breadcrumb"},"inLanguage":"fr-FR","potentialAction":[{"@type":"ReadAction","target":["https:\/\/isve.com\/fr\/broyeurs-industriels\/installations-de-broyage-isve\/ligne-pour-pare-chocs\/"]}]},{"@type":"ImageObject","inLanguage":"fr-FR","@id":"https:\/\/isve.com\/fr\/broyeurs-industriels\/installations-de-broyage-isve\/ligne-pour-pare-chocs\/#primaryimage","url":"https:\/\/isve.com\/wp-content\/uploads\/impianti_triturazione_paraurti.jpg","contentUrl":"https:\/\/isve.com\/wp-content\/uploads\/impianti_triturazione_paraurti.jpg","width":1920,"height":1080},{"@type":"BreadcrumbList","@id":"https:\/\/isve.com\/fr\/broyeurs-industriels\/installations-de-broyage-isve\/ligne-pour-pare-chocs\/#breadcrumb","itemListElement":[{"@type":"ListItem","position":1,"name":"Home","item":"https:\/\/isve.com\/fr\/"},{"@type":"ListItem","position":2,"name":"Produits Recycling","item":"https:\/\/isve.com\/fr\/broyeurs-industriels\/"},{"@type":"ListItem","position":3,"name":"Installations de broyage ISVE","item":"https:\/\/isve.com\/fr\/broyeurs-industriels\/installations-de-broyage-isve\/"},{"@type":"ListItem","position":4,"name":"Ligne pour pare-chocs"}]},{"@type":"WebSite","@id":"https:\/\/isve.com\/fr\/#website","url":"https:\/\/isve.com\/fr\/","name":"ISVE S.p.A.","description":"Syst\u00e8mes de traitement du bois et pour dechiquetage broyage granulation","publisher":{"@id":"https:\/\/isve.com\/fr\/#organization"},"potentialAction":[{"@type":"SearchAction","target":{"@type":"EntryPoint","urlTemplate":"https:\/\/isve.com\/fr\/?s={search_term_string}"},"query-input":{"@type":"PropertyValueSpecification","valueRequired":true,"valueName":"search_term_string"}}],"inLanguage":"fr-FR"},{"@type":"Organization","@id":"https:\/\/isve.com\/fr\/#organization","name":"ISVE S.p.A.","url":"https:\/\/isve.com\/fr\/","logo":{"@type":"ImageObject","inLanguage":"fr-FR","@id":"https:\/\/isve.com\/fr\/#\/schema\/logo\/image\/","url":"https:\/\/isve.com\/wp-content\/uploads\/2026\/01\/logo-isve-spa.png","contentUrl":"https:\/\/isve.com\/wp-content\/uploads\/2026\/01\/logo-isve-spa.png","width":600,"height":173,"caption":"ISVE S.p.A."},"image":{"@id":"https:\/\/isve.com\/fr\/#\/schema\/logo\/image\/"},"sameAs":["https:\/\/www.linkedin.com\/company\/69445471","https:\/\/www.youtube.com\/@isves.p.a.8894"]}]}},"_links":{"self":[{"href":"https:\/\/isve.com\/fr\/wp-json\/wp\/v2\/pages\/4029","targetHints":{"allow":["GET"]}}],"collection":[{"href":"https:\/\/isve.com\/fr\/wp-json\/wp\/v2\/pages"}],"about":[{"href":"https:\/\/isve.com\/fr\/wp-json\/wp\/v2\/types\/page"}],"author":[{"embeddable":true,"href":"https:\/\/isve.com\/fr\/wp-json\/wp\/v2\/users\/1"}],"replies":[{"embeddable":true,"href":"https:\/\/isve.com\/fr\/wp-json\/wp\/v2\/comments?post=4029"}],"version-history":[{"count":0,"href":"https:\/\/isve.com\/fr\/wp-json\/wp\/v2\/pages\/4029\/revisions"}],"up":[{"embeddable":true,"href":"https:\/\/isve.com\/fr\/wp-json\/wp\/v2\/pages\/4022"}],"wp:featuredmedia":[{"embeddable":true,"href":"https:\/\/isve.com\/fr\/wp-json\/wp\/v2\/media\/1949"}],"wp:attachment":[{"href":"https:\/\/isve.com\/fr\/wp-json\/wp\/v2\/media?parent=4029"}],"wp:term":[{"taxonomy":"post_tag","embeddable":true,"href":"https:\/\/isve.com\/fr\/wp-json\/wp\/v2\/tags?post=4029"},{"taxonomy":"impaginazione","embeddable":true,"href":"https:\/\/isve.com\/fr\/wp-json\/wp\/v2\/impaginazione?post=4029"},{"taxonomy":"divisione","embeddable":true,"href":"https:\/\/isve.com\/fr\/wp-json\/wp\/v2\/divisione?post=4029"},{"taxonomy":"categorie_modelli","embeddable":true,"href":"https:\/\/isve.com\/fr\/wp-json\/wp\/v2\/categorie_modelli?post=4029"}],"curies":[{"name":"wp","href":"https:\/\/api.w.org\/{rel}","templated":true}]}}