{"id":3986,"date":"2019-10-09T09:12:40","date_gmt":"2019-10-09T07:12:40","guid":{"rendered":"https:\/\/isve.com\/?page_id=3986"},"modified":"2020-03-23T11:35:05","modified_gmt":"2020-03-23T10:35:05","slug":"granulateur-a-lame-modele-c-2545","status":"publish","type":"page","link":"https:\/\/isve.com\/fr\/broyeurs-industriels\/granulateurs-a-lame\/granulateur-a-lame-modele-c-2545\/","title":{"rendered":"Granulateur \u00e0 lame: Mod\u00e8le C-2545"},"content":{"rendered":"<h3>BROYEUR \u00c0 GRANUL\u00c9S MOD\u00c8LE C2545<\/h3>\n<p><img decoding=\"async\" class=\"alignnone size-full wp-image-1558 alignleft\" style=\"display: block; margin-left: auto; margin-right: auto;\" src=\"https:\/\/isve.com\/wp-content\/uploads\/cumberland-logo.gif\" alt=\"\" width=\"128\" height=\"37\" \/><br style=\"text-align: center;\" \/><strong style=\"text-align: center;\">Cumberland inside<\/strong><\/p>\n<p>&nbsp;<\/p>\n<p>INSONORIS\u00c9 avec une BO\u00ceTE DE CHARGE de 300&#215;450 mm et un ROTOR DE DIAM\u00c8TRE de 250 mm.<\/p>\n<hr \/>\n<p><strong>Caract\u00e9ristiques<\/strong><br \/>\nGranulateur \u00e0 lames mod\u00e8le C-2545<\/p>\n<p><strong>Tr\u00e9mie<\/strong><br \/>\nTr\u00e9mie de chargement avant compl\u00e8tement insonoris\u00e9e. Volets en polyur\u00e9thane n\u00b02 pour r\u00e9duire les fuites de bruit et \u00e9viter le retour de mati\u00e8re de la chambre de coupe. Syst\u00e8me de basculement manuel servo-assist\u00e9, \u00e9quip\u00e9 d&#8217;un amortisseur \u00e0 gaz.<\/p>\n<p><strong>Chambre de coupe<\/strong><br \/>\nChambre de coupe enti\u00e8rement constitu\u00e9e de pi\u00e8ces fix\u00e9es par des boulons et des goupilles, pour une restauration rapide de tous les \u00e9l\u00e9ments de construction. Support de palier \u00e0 l&#8217;ext\u00e9rieur de la chambre de coupe pour \u00e9viter toute contamination par la poussi\u00e8re et les liquides. Nr. 2 pales fixes r\u00e9versibles, mont\u00e9es sur deux si\u00e8ges avec dispositif de compensation d&#8217;usure. Toutes les surfaces internes de la chambre de coupe sont soigneusement usin\u00e9es avec un haut degr\u00e9 de finition pour faciliter les op\u00e9rations de nettoyage. Syst\u00e8me de r\u00e9glage frontal des lames fixes &#8220;EasyAccess Cumberland&#8221;.<\/p>\n<p><strong>Rotor<\/strong><br \/>\nRotor ouvert \u00e0 refroidissement automatique avec un axe central parfaitement \u00e9quilibr\u00e9, \u00e9quip\u00e9 de supports de pales rotatives \u00e9paisses. Syst\u00e8me de double angle de coupe avec &#8220;effet de ciseaux&#8221; pour une plus grande efficacit\u00e9, moins de bruit et une moindre consommation d&#8217;\u00e9nergie. Le rotor est mont\u00e9 c\u00f4te \u00e0 c\u00f4te avec deux disques rotatifs, pour \u00e9viter que des mat\u00e9riaux filamenteux ne s&#8217;enroulent autour de l&#8217;axe du porte-lame. Ce syst\u00e8me, gr\u00e2ce \u00e0 des ailettes internes sp\u00e9ciales, assure \u00e9galement le refroidissement des parois lat\u00e9rales et des roulements.<\/p>\n<p><strong>Logement de la lame<\/strong><br \/>\nLe rotor et le carter des 3 pales rotatives sont en acier \u00e0 haute teneur en chrome et en carbone, suivi d&#8217;un traitement exclusif CUMBERLAND pour assurer une haute r\u00e9sistance \u00e0 l&#8217;abrasion. Les pales rotatives sont boulonn\u00e9es avec des vis \u00e0 haute r\u00e9sistance et sont fabriqu\u00e9es en K110 (58 HRC).<\/p>\n<p><strong>Grille<\/strong><br \/>\nSupport de grille articul\u00e9 \u00e0 l&#8217;arri\u00e8re pour faciliter le nettoyage et l&#8217;entretien. Grille r\u00e9versible disponible en diff\u00e9rentes tailles.<\/p>\n<p><strong>Cadre de base<\/strong><br \/>\nSocle de la machine en acier de forte \u00e9paisseur avec supports de la chambre de coupe en mat\u00e9riau anti-vibratoire. Porte d&#8217;acc\u00e8s et carter du groupe moteur en mat\u00e9riau isolant et insonorisant.<\/p>\n<p><strong>D\u00e9chargement<\/strong><br \/>\nTiroir collecteur pour le raccordement au syst\u00e8me d&#8217;aspiration, \u00e9quip\u00e9 de guides lat\u00e9raux pour faciliter le montage et le nettoyage.<\/p>\n<p><strong>Moteur<\/strong><br \/>\nMoteur 7,5 KW TEFC IP55 \u00e0 courant alternatif mont\u00e9 sur une glissi\u00e8re r\u00e9glable pour la tension de la courroie ;<\/p>\n<p><strong>Pi\u00e8ces d&#8217;entra\u00eenement<\/strong><br \/>\nRotor entra\u00een\u00e9 par un volant \u00e0 poulie \u00e0 haute inertie. Transmission du moteur au moyen de courroies en &#8220;V&#8221; Pr\u00e9par\u00e9 pour l&#8217;application d&#8217;un deuxi\u00e8me volant d&#8217;inertie. Vitesse de rotation du rotor : 450 tr\/min.<\/p>\n<p><strong>S\u00e9curit\u00e9<\/strong><br \/>\nUn capteur de mouvement v\u00e9rifie que le rotor est parfaitement immobile avant de donner son accord pour ouvrir la porte de service. Bouton d&#8217;urgence frontal et micro de s\u00e9curit\u00e9. Au niveau du panneau de contr\u00f4le, un relais sp\u00e9cial v\u00e9rifie que tous les syst\u00e8mes de s\u00e9curit\u00e9 fonctionnent correctement. Une cl\u00e9 de pivot permet de verrouiller le rotor dans la position la plus pratique pour changer les pales en rotation.<\/p>\n<p><strong>Panneau \u00e9lectrique<\/strong><br \/>\nPanneau de contr\u00f4le enti\u00e8rement IP 55 avec tous les composants pour le fonctionnement et la bonne marche du broyeur. D\u00e9marrage \u00e9toile-triangle, panneau de commande basse tension. Alimentation \u00e9lectrique 380V- 3 phases &#8211; 50 Hz.<\/p>\n<p><strong>Pr\u00e9vention des accidents<\/strong><br \/>\nLa machine est \u00e9quip\u00e9e d&#8217;autocollants de pr\u00e9vention des accidents et est accompagn\u00e9e d&#8217;un manuel d&#8217;utilisation et d&#8217;entretien. Ex\u00e9cution conforme aux normes CE.<\/p>\n<p><strong>Estimation de la production<\/strong><br \/>\n150-250 kg\/h en fonction des mat\u00e9riaux et du diam\u00e8tre de la grille d&#8217;\u00e9vacuation.<\/p>\n","protected":false},"excerpt":{"rendered":"<p>BROYEUR \u00c0 GRANUL\u00c9S MOD\u00c8LE C2545 Cumberland inside &nbsp; INSONORIS\u00c9 avec une BO\u00ceTE DE CHARGE de 300&#215;450 mm et un ROTOR DE DIAM\u00c8TRE de 250 mm. Caract\u00e9ristiques Granulateur \u00e0 lames mod\u00e8le C-2545 Tr\u00e9mie Tr\u00e9mie de chargement avant compl\u00e8tement insonoris\u00e9e. Volets en polyur\u00e9thane n\u00b02 pour r\u00e9duire les fuites de bruit et \u00e9viter le retour de mati\u00e8re de&hellip;<\/p>\n","protected":false},"author":1,"featured_media":1773,"parent":3980,"menu_order":189,"comment_status":"closed","ping_status":"closed","template":"","meta":{"_acf_changed":false,"footnotes":""},"tags":[],"impaginazione":[3692],"divisione":[3689],"categorie_modelli":[3698],"class_list":["post-3986","page","type-page","status-publish","has-post-thumbnail","hentry","impaginazione-modello-prodotto","divisione-isve-recycling","categorie_modelli-granulatori-serie-gr","description-off"],"acf":[],"yoast_head":"<!-- This site is optimized with the Yoast SEO plugin v27.4 - https:\/\/yoast.com\/product\/yoast-seo-wordpress\/ -->\n<title>Granulateur \u00e0 lame: Mod\u00e8le C-2545 - ISVE SpA - Traitement du bois - Recyclage - Broyeurs Granulateurs<\/title>\n<meta name=\"robots\" content=\"index, follow, max-snippet:-1, max-image-preview:large, max-video-preview:-1\" \/>\n<link rel=\"canonical\" href=\"https:\/\/isve.com\/fr\/broyeurs-industriels\/granulateurs-a-lame\/granulateur-a-lame-modele-c-2545\/\" \/>\n<meta property=\"og:locale\" content=\"fr_FR\" \/>\n<meta property=\"og:type\" content=\"article\" \/>\n<meta property=\"og:title\" content=\"Granulateur \u00e0 lame: Mod\u00e8le C-2545 - ISVE SpA - Traitement du bois - Recyclage - Broyeurs Granulateurs\" \/>\n<meta property=\"og:description\" content=\"BROYEUR \u00c0 GRANUL\u00c9S MOD\u00c8LE C2545 Cumberland inside &nbsp; INSONORIS\u00c9 avec une BO\u00ceTE DE CHARGE de 300&#215;450 mm et un ROTOR DE DIAM\u00c8TRE de 250 mm. Caract\u00e9ristiques Granulateur \u00e0 lames mod\u00e8le C-2545 Tr\u00e9mie Tr\u00e9mie de chargement avant compl\u00e8tement insonoris\u00e9e. Volets en polyur\u00e9thane n\u00b02 pour r\u00e9duire les fuites de bruit et \u00e9viter le retour de mati\u00e8re de&hellip;\" \/>\n<meta property=\"og:url\" content=\"https:\/\/isve.com\/fr\/broyeurs-industriels\/granulateurs-a-lame\/granulateur-a-lame-modele-c-2545\/\" \/>\n<meta property=\"og:site_name\" content=\"ISVE SpA - Traitement du bois - Recyclage - Broyeurs Granulateurs\" \/>\n<meta property=\"article:modified_time\" content=\"2020-03-23T10:35:05+00:00\" \/>\n<meta property=\"og:image\" content=\"https:\/\/isve.com\/wp-content\/uploads\/granulatore-gr-2545.jpg\" \/>\n\t<meta property=\"og:image:width\" content=\"600\" \/>\n\t<meta property=\"og:image:height\" content=\"300\" \/>\n\t<meta property=\"og:image:type\" content=\"image\/jpeg\" \/>\n<meta name=\"twitter:card\" content=\"summary_large_image\" \/>\n<meta name=\"twitter:label1\" content=\"Dur\u00e9e de lecture estim\u00e9e\" \/>\n\t<meta name=\"twitter:data1\" content=\"3 minutes\" \/>\n<script type=\"application\/ld+json\" class=\"yoast-schema-graph\">{\"@context\":\"https:\\\/\\\/schema.org\",\"@graph\":[{\"@type\":\"WebPage\",\"@id\":\"https:\\\/\\\/isve.com\\\/fr\\\/broyeurs-industriels\\\/granulateurs-a-lame\\\/granulateur-a-lame-modele-c-2545\\\/\",\"url\":\"https:\\\/\\\/isve.com\\\/fr\\\/broyeurs-industriels\\\/granulateurs-a-lame\\\/granulateur-a-lame-modele-c-2545\\\/\",\"name\":\"Granulateur \u00e0 lame: Mod\u00e8le C-2545 - ISVE SpA - Traitement du bois - Recyclage - Broyeurs Granulateurs\",\"isPartOf\":{\"@id\":\"https:\\\/\\\/isve.com\\\/fr\\\/#website\"},\"primaryImageOfPage\":{\"@id\":\"https:\\\/\\\/isve.com\\\/fr\\\/broyeurs-industriels\\\/granulateurs-a-lame\\\/granulateur-a-lame-modele-c-2545\\\/#primaryimage\"},\"image\":{\"@id\":\"https:\\\/\\\/isve.com\\\/fr\\\/broyeurs-industriels\\\/granulateurs-a-lame\\\/granulateur-a-lame-modele-c-2545\\\/#primaryimage\"},\"thumbnailUrl\":\"https:\\\/\\\/isve.com\\\/wp-content\\\/uploads\\\/granulatore-gr-2545.jpg\",\"datePublished\":\"2019-10-09T07:12:40+00:00\",\"dateModified\":\"2020-03-23T10:35:05+00:00\",\"breadcrumb\":{\"@id\":\"https:\\\/\\\/isve.com\\\/fr\\\/broyeurs-industriels\\\/granulateurs-a-lame\\\/granulateur-a-lame-modele-c-2545\\\/#breadcrumb\"},\"inLanguage\":\"fr-FR\",\"potentialAction\":[{\"@type\":\"ReadAction\",\"target\":[\"https:\\\/\\\/isve.com\\\/fr\\\/broyeurs-industriels\\\/granulateurs-a-lame\\\/granulateur-a-lame-modele-c-2545\\\/\"]}]},{\"@type\":\"ImageObject\",\"inLanguage\":\"fr-FR\",\"@id\":\"https:\\\/\\\/isve.com\\\/fr\\\/broyeurs-industriels\\\/granulateurs-a-lame\\\/granulateur-a-lame-modele-c-2545\\\/#primaryimage\",\"url\":\"https:\\\/\\\/isve.com\\\/wp-content\\\/uploads\\\/granulatore-gr-2545.jpg\",\"contentUrl\":\"https:\\\/\\\/isve.com\\\/wp-content\\\/uploads\\\/granulatore-gr-2545.jpg\",\"width\":600,\"height\":300},{\"@type\":\"BreadcrumbList\",\"@id\":\"https:\\\/\\\/isve.com\\\/fr\\\/broyeurs-industriels\\\/granulateurs-a-lame\\\/granulateur-a-lame-modele-c-2545\\\/#breadcrumb\",\"itemListElement\":[{\"@type\":\"ListItem\",\"position\":1,\"name\":\"Home\",\"item\":\"https:\\\/\\\/isve.com\\\/fr\\\/\"},{\"@type\":\"ListItem\",\"position\":2,\"name\":\"Produits Recycling\",\"item\":\"https:\\\/\\\/isve.com\\\/fr\\\/broyeurs-industriels\\\/\"},{\"@type\":\"ListItem\",\"position\":3,\"name\":\"Mod\u00e8les \u2013 Granulateurs \u00e0 lame s\u00e9rie GR\",\"item\":\"https:\\\/\\\/isve.com\\\/fr\\\/broyeurs-industriels\\\/granulateurs-a-lame\\\/\"},{\"@type\":\"ListItem\",\"position\":4,\"name\":\"Granulateur \u00e0 lame: Mod\u00e8le C-2545\"}]},{\"@type\":\"WebSite\",\"@id\":\"https:\\\/\\\/isve.com\\\/fr\\\/#website\",\"url\":\"https:\\\/\\\/isve.com\\\/fr\\\/\",\"name\":\"ISVE S.p.A.\",\"description\":\"Syst\u00e8mes de traitement du bois et pour dechiquetage broyage granulation\",\"publisher\":{\"@id\":\"https:\\\/\\\/isve.com\\\/fr\\\/#organization\"},\"potentialAction\":[{\"@type\":\"SearchAction\",\"target\":{\"@type\":\"EntryPoint\",\"urlTemplate\":\"https:\\\/\\\/isve.com\\\/fr\\\/?s={search_term_string}\"},\"query-input\":{\"@type\":\"PropertyValueSpecification\",\"valueRequired\":true,\"valueName\":\"search_term_string\"}}],\"inLanguage\":\"fr-FR\"},{\"@type\":\"Organization\",\"@id\":\"https:\\\/\\\/isve.com\\\/fr\\\/#organization\",\"name\":\"ISVE S.p.A.\",\"url\":\"https:\\\/\\\/isve.com\\\/fr\\\/\",\"logo\":{\"@type\":\"ImageObject\",\"inLanguage\":\"fr-FR\",\"@id\":\"https:\\\/\\\/isve.com\\\/fr\\\/#\\\/schema\\\/logo\\\/image\\\/\",\"url\":\"https:\\\/\\\/isve.com\\\/wp-content\\\/uploads\\\/2026\\\/01\\\/logo-isve-spa.png\",\"contentUrl\":\"https:\\\/\\\/isve.com\\\/wp-content\\\/uploads\\\/2026\\\/01\\\/logo-isve-spa.png\",\"width\":600,\"height\":173,\"caption\":\"ISVE S.p.A.\"},\"image\":{\"@id\":\"https:\\\/\\\/isve.com\\\/fr\\\/#\\\/schema\\\/logo\\\/image\\\/\"},\"sameAs\":[\"https:\\\/\\\/www.linkedin.com\\\/company\\\/69445471\",\"https:\\\/\\\/www.youtube.com\\\/@isves.p.a.8894\"]}]}<\/script>\n<!-- \/ Yoast SEO plugin. -->","yoast_head_json":{"title":"Granulateur \u00e0 lame: Mod\u00e8le C-2545 - ISVE SpA - Traitement du bois - Recyclage - Broyeurs Granulateurs","robots":{"index":"index","follow":"follow","max-snippet":"max-snippet:-1","max-image-preview":"max-image-preview:large","max-video-preview":"max-video-preview:-1"},"canonical":"https:\/\/isve.com\/fr\/broyeurs-industriels\/granulateurs-a-lame\/granulateur-a-lame-modele-c-2545\/","og_locale":"fr_FR","og_type":"article","og_title":"Granulateur \u00e0 lame: Mod\u00e8le C-2545 - ISVE SpA - Traitement du bois - Recyclage - Broyeurs Granulateurs","og_description":"BROYEUR \u00c0 GRANUL\u00c9S MOD\u00c8LE C2545 Cumberland inside &nbsp; INSONORIS\u00c9 avec une BO\u00ceTE DE CHARGE de 300&#215;450 mm et un ROTOR DE DIAM\u00c8TRE de 250 mm. Caract\u00e9ristiques Granulateur \u00e0 lames mod\u00e8le C-2545 Tr\u00e9mie Tr\u00e9mie de chargement avant compl\u00e8tement insonoris\u00e9e. Volets en polyur\u00e9thane n\u00b02 pour r\u00e9duire les fuites de bruit et \u00e9viter le retour de mati\u00e8re de&hellip;","og_url":"https:\/\/isve.com\/fr\/broyeurs-industriels\/granulateurs-a-lame\/granulateur-a-lame-modele-c-2545\/","og_site_name":"ISVE SpA - Traitement du bois - Recyclage - Broyeurs Granulateurs","article_modified_time":"2020-03-23T10:35:05+00:00","og_image":[{"width":600,"height":300,"url":"https:\/\/isve.com\/wp-content\/uploads\/granulatore-gr-2545.jpg","type":"image\/jpeg"}],"twitter_card":"summary_large_image","twitter_misc":{"Dur\u00e9e de lecture estim\u00e9e":"3 minutes"},"schema":{"@context":"https:\/\/schema.org","@graph":[{"@type":"WebPage","@id":"https:\/\/isve.com\/fr\/broyeurs-industriels\/granulateurs-a-lame\/granulateur-a-lame-modele-c-2545\/","url":"https:\/\/isve.com\/fr\/broyeurs-industriels\/granulateurs-a-lame\/granulateur-a-lame-modele-c-2545\/","name":"Granulateur \u00e0 lame: Mod\u00e8le C-2545 - ISVE SpA - Traitement du bois - Recyclage - Broyeurs Granulateurs","isPartOf":{"@id":"https:\/\/isve.com\/fr\/#website"},"primaryImageOfPage":{"@id":"https:\/\/isve.com\/fr\/broyeurs-industriels\/granulateurs-a-lame\/granulateur-a-lame-modele-c-2545\/#primaryimage"},"image":{"@id":"https:\/\/isve.com\/fr\/broyeurs-industriels\/granulateurs-a-lame\/granulateur-a-lame-modele-c-2545\/#primaryimage"},"thumbnailUrl":"https:\/\/isve.com\/wp-content\/uploads\/granulatore-gr-2545.jpg","datePublished":"2019-10-09T07:12:40+00:00","dateModified":"2020-03-23T10:35:05+00:00","breadcrumb":{"@id":"https:\/\/isve.com\/fr\/broyeurs-industriels\/granulateurs-a-lame\/granulateur-a-lame-modele-c-2545\/#breadcrumb"},"inLanguage":"fr-FR","potentialAction":[{"@type":"ReadAction","target":["https:\/\/isve.com\/fr\/broyeurs-industriels\/granulateurs-a-lame\/granulateur-a-lame-modele-c-2545\/"]}]},{"@type":"ImageObject","inLanguage":"fr-FR","@id":"https:\/\/isve.com\/fr\/broyeurs-industriels\/granulateurs-a-lame\/granulateur-a-lame-modele-c-2545\/#primaryimage","url":"https:\/\/isve.com\/wp-content\/uploads\/granulatore-gr-2545.jpg","contentUrl":"https:\/\/isve.com\/wp-content\/uploads\/granulatore-gr-2545.jpg","width":600,"height":300},{"@type":"BreadcrumbList","@id":"https:\/\/isve.com\/fr\/broyeurs-industriels\/granulateurs-a-lame\/granulateur-a-lame-modele-c-2545\/#breadcrumb","itemListElement":[{"@type":"ListItem","position":1,"name":"Home","item":"https:\/\/isve.com\/fr\/"},{"@type":"ListItem","position":2,"name":"Produits Recycling","item":"https:\/\/isve.com\/fr\/broyeurs-industriels\/"},{"@type":"ListItem","position":3,"name":"Mod\u00e8les \u2013 Granulateurs \u00e0 lame s\u00e9rie GR","item":"https:\/\/isve.com\/fr\/broyeurs-industriels\/granulateurs-a-lame\/"},{"@type":"ListItem","position":4,"name":"Granulateur \u00e0 lame: Mod\u00e8le C-2545"}]},{"@type":"WebSite","@id":"https:\/\/isve.com\/fr\/#website","url":"https:\/\/isve.com\/fr\/","name":"ISVE S.p.A.","description":"Syst\u00e8mes de traitement du bois et pour dechiquetage broyage granulation","publisher":{"@id":"https:\/\/isve.com\/fr\/#organization"},"potentialAction":[{"@type":"SearchAction","target":{"@type":"EntryPoint","urlTemplate":"https:\/\/isve.com\/fr\/?s={search_term_string}"},"query-input":{"@type":"PropertyValueSpecification","valueRequired":true,"valueName":"search_term_string"}}],"inLanguage":"fr-FR"},{"@type":"Organization","@id":"https:\/\/isve.com\/fr\/#organization","name":"ISVE S.p.A.","url":"https:\/\/isve.com\/fr\/","logo":{"@type":"ImageObject","inLanguage":"fr-FR","@id":"https:\/\/isve.com\/fr\/#\/schema\/logo\/image\/","url":"https:\/\/isve.com\/wp-content\/uploads\/2026\/01\/logo-isve-spa.png","contentUrl":"https:\/\/isve.com\/wp-content\/uploads\/2026\/01\/logo-isve-spa.png","width":600,"height":173,"caption":"ISVE S.p.A."},"image":{"@id":"https:\/\/isve.com\/fr\/#\/schema\/logo\/image\/"},"sameAs":["https:\/\/www.linkedin.com\/company\/69445471","https:\/\/www.youtube.com\/@isves.p.a.8894"]}]}},"_links":{"self":[{"href":"https:\/\/isve.com\/fr\/wp-json\/wp\/v2\/pages\/3986","targetHints":{"allow":["GET"]}}],"collection":[{"href":"https:\/\/isve.com\/fr\/wp-json\/wp\/v2\/pages"}],"about":[{"href":"https:\/\/isve.com\/fr\/wp-json\/wp\/v2\/types\/page"}],"author":[{"embeddable":true,"href":"https:\/\/isve.com\/fr\/wp-json\/wp\/v2\/users\/1"}],"replies":[{"embeddable":true,"href":"https:\/\/isve.com\/fr\/wp-json\/wp\/v2\/comments?post=3986"}],"version-history":[{"count":0,"href":"https:\/\/isve.com\/fr\/wp-json\/wp\/v2\/pages\/3986\/revisions"}],"up":[{"embeddable":true,"href":"https:\/\/isve.com\/fr\/wp-json\/wp\/v2\/pages\/3980"}],"wp:featuredmedia":[{"embeddable":true,"href":"https:\/\/isve.com\/fr\/wp-json\/wp\/v2\/media\/1773"}],"wp:attachment":[{"href":"https:\/\/isve.com\/fr\/wp-json\/wp\/v2\/media?parent=3986"}],"wp:term":[{"taxonomy":"post_tag","embeddable":true,"href":"https:\/\/isve.com\/fr\/wp-json\/wp\/v2\/tags?post=3986"},{"taxonomy":"impaginazione","embeddable":true,"href":"https:\/\/isve.com\/fr\/wp-json\/wp\/v2\/impaginazione?post=3986"},{"taxonomy":"divisione","embeddable":true,"href":"https:\/\/isve.com\/fr\/wp-json\/wp\/v2\/divisione?post=3986"},{"taxonomy":"categorie_modelli","embeddable":true,"href":"https:\/\/isve.com\/fr\/wp-json\/wp\/v2\/categorie_modelli?post=3986"}],"curies":[{"name":"wp","href":"https:\/\/api.w.org\/{rel}","templated":true}]}}