{"id":3980,"date":"2019-10-08T17:36:15","date_gmt":"2019-10-08T15:36:15","guid":{"rendered":"https:\/\/isve.com\/?page_id=3980"},"modified":"2025-05-03T11:44:08","modified_gmt":"2025-05-03T09:44:08","slug":"granulateurs-a-lame","status":"publish","type":"page","link":"https:\/\/isve.com\/fr\/broyeurs-industriels\/granulateurs-a-lame\/","title":{"rendered":"Mod\u00e8les \u2013 Granulateurs \u00e0 lame s\u00e9rie GR"},"content":{"rendered":"\t\t<div data-elementor-type=\"wp-page\" data-elementor-id=\"3980\" class=\"elementor elementor-3980 elementor-1751\" data-elementor-post-type=\"page\">\n\t\t\t\t\t\t<section class=\"elementor-section elementor-top-section elementor-element elementor-element-818b8d7 elementor-section-boxed elementor-section-height-default elementor-section-height-default\" data-id=\"818b8d7\" data-element_type=\"section\" data-e-type=\"section\">\n\t\t\t\t\t\t<div class=\"elementor-container elementor-column-gap-default\">\n\t\t\t\t\t<div class=\"elementor-column elementor-col-100 elementor-top-column elementor-element elementor-element-c358936\" data-id=\"c358936\" data-element_type=\"column\" data-e-type=\"column\">\n\t\t\t<div class=\"elementor-widget-wrap elementor-element-populated\">\n\t\t\t\t\t\t<div class=\"elementor-element elementor-element-1fa8e4d8 elementor-widget elementor-widget-text-editor\" data-id=\"1fa8e4d8\" data-element_type=\"widget\" data-e-type=\"widget\" data-widget_type=\"text-editor.default\">\n\t\t\t\t<div class=\"elementor-widget-container\">\n\t\t\t\t\t\t\t\t\t<p>Moulins granulateurs \u00e0 plaquettes pour raffinage de mat\u00e9riaux non ferreux : plastique, carton, bois, documentation confidentielle, etc. Pour leur bon rapport prestations\/prix et pour leur robustesse, ces moulins sont employ\u00e9s pour le broyage et raffinage de pi\u00e8ces de grande \u00e9paisseur, l\u00e0 o\u00f9 un couple de coupe tr\u00e8s \u00e9lev\u00e9 est n\u00e9cessaire.<\/p><p class=\"rosso\" style=\"text-align: center;\"><img decoding=\"async\" class=\"alignnone size-full wp-image-1558\" style=\"display: block; margin-left: auto; margin-right: auto;\" src=\"https:\/\/isve.com\/wp-content\/uploads\/cumberland-logo.gif\" alt=\"\" width=\"128\" height=\"37\" \/><br \/><strong>Cumberland inside<\/strong><\/p>\t\t\t\t\t\t\t\t<\/div>\n\t\t\t\t<\/div>\n\t\t\t\t<div class=\"elementor-element elementor-element-98ef124 elementor-widget elementor-widget-spacer\" data-id=\"98ef124\" data-element_type=\"widget\" data-e-type=\"widget\" data-widget_type=\"spacer.default\">\n\t\t\t\t<div class=\"elementor-widget-container\">\n\t\t\t\t\t\t\t<div class=\"elementor-spacer\">\n\t\t\t<div class=\"elementor-spacer-inner\"><\/div>\n\t\t<\/div>\n\t\t\t\t\t\t<\/div>\n\t\t\t\t<\/div>\n\t\t\t\t<div class=\"elementor-element elementor-element-1fd4f95 elementor-widget elementor-widget-heading\" data-id=\"1fd4f95\" data-element_type=\"widget\" data-e-type=\"widget\" data-widget_type=\"heading.default\">\n\t\t\t\t<div class=\"elementor-widget-container\">\n\t\t\t\t\t<h2 class=\"elementor-heading-title elementor-size-default\">Mod\u00e8les - Granulateurs \u00e0 lame Isve s\u00e9rie GR<\/h2>\t\t\t\t<\/div>\n\t\t\t\t<\/div>\n\t\t\t\t<div class=\"elementor-element elementor-element-282aab1 elementor-widget elementor-widget-spacer\" data-id=\"282aab1\" data-element_type=\"widget\" data-e-type=\"widget\" data-widget_type=\"spacer.default\">\n\t\t\t\t<div class=\"elementor-widget-container\">\n\t\t\t\t\t\t\t<div class=\"elementor-spacer\">\n\t\t\t<div class=\"elementor-spacer-inner\"><\/div>\n\t\t<\/div>\n\t\t\t\t\t\t<\/div>\n\t\t\t\t<\/div>\n\t\t\t\t<div class=\"elementor-element elementor-element-ef0a46d elementor-grid-1 elementor-grid-tablet-1 elementor-posts--thumbnail-left elementor-grid-mobile-1 elementor-widget elementor-widget-posts\" data-id=\"ef0a46d\" data-element_type=\"widget\" data-e-type=\"widget\" data-settings=\"{&quot;classic_columns&quot;:&quot;1&quot;,&quot;classic_columns_tablet&quot;:&quot;1&quot;,&quot;classic_columns_mobile&quot;:&quot;1&quot;,&quot;classic_row_gap&quot;:{&quot;unit&quot;:&quot;px&quot;,&quot;size&quot;:35,&quot;sizes&quot;:[]},&quot;classic_row_gap_tablet&quot;:{&quot;unit&quot;:&quot;px&quot;,&quot;size&quot;:&quot;&quot;,&quot;sizes&quot;:[]},&quot;classic_row_gap_mobile&quot;:{&quot;unit&quot;:&quot;px&quot;,&quot;size&quot;:&quot;&quot;,&quot;sizes&quot;:[]}}\" data-widget_type=\"posts.classic\">\n\t\t\t\t<div class=\"elementor-widget-container\">\n\t\t\t\t\t\t\t<div class=\"elementor-posts-container elementor-posts elementor-posts--skin-classic elementor-grid\" role=\"list\">\n\t\t\t\t<article class=\"elementor-post elementor-grid-item post-3986 page type-page status-publish has-post-thumbnail hentry impaginazione-modello-prodotto divisione-isve-recycling categorie_modelli-granulatori-serie-gr description-off\" role=\"listitem\">\n\t\t\t\t<a class=\"elementor-post__thumbnail__link\" href=\"https:\/\/isve.com\/fr\/broyeurs-industriels\/granulateurs-a-lame\/granulateur-a-lame-modele-c-2545\/\" tabindex=\"-1\" >\n\t\t\t<div class=\"elementor-post__thumbnail\"><img fetchpriority=\"high\" decoding=\"async\" width=\"600\" height=\"300\" src=\"https:\/\/isve.com\/wp-content\/uploads\/granulatore-gr-2545.jpg\" class=\"attachment-large size-large wp-image-1773\" alt=\"\" \/><\/div>\n\t\t<\/a>\n\t\t\t\t<div class=\"elementor-post__text\">\n\t\t\t\t<h3 class=\"elementor-post__title\">\n\t\t\t<a href=\"https:\/\/isve.com\/fr\/broyeurs-industriels\/granulateurs-a-lame\/granulateur-a-lame-modele-c-2545\/\" >\n\t\t\t\tGranulateur \u00e0 lame: Mod\u00e8le C-2545\t\t\t<\/a>\n\t\t<\/h3>\n\t\t\t\t<div class=\"elementor-post__excerpt\">\n\t\t\t<p>BROYEUR \u00c0 GRANUL\u00c9S MOD\u00c8LE C2545 Cumberland inside &nbsp; INSONORIS\u00c9 avec une BO\u00ceTE DE CHARGE de 300&#215;450 mm et un ROTOR DE DIAM\u00c8TRE de 250 mm. Caract\u00e9ristiques Granulateur \u00e0 lames mod\u00e8le C-2545 Tr\u00e9mie Tr\u00e9mie de chargement avant compl\u00e8tement insonoris\u00e9e. Volets en polyur\u00e9thane n\u00b02 pour r\u00e9duire les fuites de bruit et \u00e9viter le retour de mati\u00e8re de la chambre de coupe. Syst\u00e8me de basculement manuel servo-assist\u00e9, \u00e9quip\u00e9 d&#8217;un amortisseur \u00e0 gaz. Chambre de coupe Chambre de coupe enti\u00e8rement constitu\u00e9e de pi\u00e8ces fix\u00e9es par des boulons et des goupilles, pour une restauration rapide de tous les \u00e9l\u00e9ments de construction. Support de palier \u00e0 l&#8217;ext\u00e9rieur de la chambre de coupe pour \u00e9viter toute contamination par la poussi\u00e8re et les liquides. Nr. 2 pales fixes<\/p>\n\t\t<\/div>\n\t\t\n\t\t<a class=\"elementor-post__read-more\" href=\"https:\/\/isve.com\/fr\/broyeurs-industriels\/granulateurs-a-lame\/granulateur-a-lame-modele-c-2545\/\" aria-label=\"Read more about Granulateur \u00e0 lame: Mod\u00e8le C-2545\" tabindex=\"-1\" >\n\t\t\tPlus \u00bb\t\t<\/a>\n\n\t\t\t\t<\/div>\n\t\t\t\t<\/article>\n\t\t\t\t<article class=\"elementor-post elementor-grid-item post-3993 page type-page status-publish has-post-thumbnail hentry impaginazione-modello-prodotto divisione-isve-recycling categorie_modelli-granulatori-serie-gr description-off\" role=\"listitem\">\n\t\t\t\t<a class=\"elementor-post__thumbnail__link\" href=\"https:\/\/isve.com\/fr\/broyeurs-industriels\/granulateurs-a-lame\/granulateur-a-lame-modele-c-3045\/\" tabindex=\"-1\" >\n\t\t\t<div class=\"elementor-post__thumbnail\"><img decoding=\"async\" width=\"600\" height=\"300\" src=\"https:\/\/isve.com\/wp-content\/uploads\/granulatore-gr-3045.jpg\" class=\"attachment-large size-large wp-image-1784\" alt=\"\" \/><\/div>\n\t\t<\/a>\n\t\t\t\t<div class=\"elementor-post__text\">\n\t\t\t\t<h3 class=\"elementor-post__title\">\n\t\t\t<a href=\"https:\/\/isve.com\/fr\/broyeurs-industriels\/granulateurs-a-lame\/granulateur-a-lame-modele-c-3045\/\" >\n\t\t\t\tGranulateur \u00e0 lame: Mod\u00e8le C-3045\t\t\t<\/a>\n\t\t<\/h3>\n\t\t\t\t<div class=\"elementor-post__excerpt\">\n\t\t\t<p>BROYEUR GRANULATEUR MOD\u00c8LE C3045 Cumberland inside INSONORIS\u00c9 avec une BO\u00ceTE DE CHARGE de 300&#215;450 mm et un ROTOR DE DIAM\u00c8TRE de 250 mm. Caract\u00e9ristiques Broyeur \u00e0 lames, mod\u00e8le C-3045 Tr\u00e9mie Tr\u00e9mie pour chargement frontal ou avec tapis roulant, compl\u00e8tement insonoris\u00e9e. Nr. 3 volets en polyur\u00e9thane pour r\u00e9duire les fuites de bruit et \u00e9viter le retour du mat\u00e9riau de la chambre de coupe. Syst\u00e8me de basculement manuel servo-assist\u00e9, \u00e9quip\u00e9 d&#8217;un amortisseur \u00e0 gaz. Chambre de coupe Chambre de coupe enti\u00e8rement constitu\u00e9e de pi\u00e8ces fix\u00e9es par des boulons et des goupilles, pour une restauration rapide de tous les \u00e9l\u00e9ments de construction. Support de palier \u00e0 l&#8217;ext\u00e9rieur de la chambre de coupe pour \u00e9viter toute contamination par la poussi\u00e8re et les liquides. Deux<\/p>\n\t\t<\/div>\n\t\t\n\t\t<a class=\"elementor-post__read-more\" href=\"https:\/\/isve.com\/fr\/broyeurs-industriels\/granulateurs-a-lame\/granulateur-a-lame-modele-c-3045\/\" aria-label=\"Read more about Granulateur \u00e0 lame: Mod\u00e8le C-3045\" tabindex=\"-1\" >\n\t\t\tPlus \u00bb\t\t<\/a>\n\n\t\t\t\t<\/div>\n\t\t\t\t<\/article>\n\t\t\t\t<article class=\"elementor-post elementor-grid-item post-4008 page type-page status-publish has-post-thumbnail hentry impaginazione-modello-prodotto divisione-isve-recycling categorie_modelli-granulatori-serie-gr description-off\" role=\"listitem\">\n\t\t\t\t<a class=\"elementor-post__thumbnail__link\" href=\"https:\/\/isve.com\/fr\/broyeurs-industriels\/granulateurs-a-lame\/granulateur-a-lame-modele-c-4070-3k\/\" tabindex=\"-1\" >\n\t\t\t<div class=\"elementor-post__thumbnail\"><img loading=\"lazy\" decoding=\"async\" width=\"600\" height=\"420\" src=\"https:\/\/isve.com\/wp-content\/uploads\/granulatore-gr-4070.jpg\" class=\"attachment-large size-large wp-image-1795\" alt=\"\" \/><\/div>\n\t\t<\/a>\n\t\t\t\t<div class=\"elementor-post__text\">\n\t\t\t\t<h3 class=\"elementor-post__title\">\n\t\t\t<a href=\"https:\/\/isve.com\/fr\/broyeurs-industriels\/granulateurs-a-lame\/granulateur-a-lame-modele-c-4070-3k\/\" >\n\t\t\t\tGranulateur \u00e0 lame: Mod\u00e8le C-4070-3K\t\t\t<\/a>\n\t\t<\/h3>\n\t\t\t\t<div class=\"elementor-post__excerpt\">\n\t\t\t<p>Cumberland inside MULINO GRANULATORE CUMBERLAND \u00ae MODELLO 4070 INSONORIZZATO con BOCCA DI CARICO DA 510&#215;700 mm e ROTORE DIAMETRO 419 mm. Caratteristiche Granulatore a lama modello C-4070-3K Tramoggia Tramoggia per il carico frontale o con nastro trasportatore, completamente insonorizzata. Nr. 3 flap in poliuretano per ridurre la fuoriuscita di rumore e per evitare il flyback del materiale dalla camera di taglio. Sistema di ribaltamento manuale servoassistito, per una facile pulizia e manutenzione. Camera di taglio Camera di taglio realizzata interamente con particolari fissati con bulloni e spine, per un rapido ripristino di tutti i componenti costruttivi. Supporto cuscinetti esterno alla camera di taglio per evitare qualsiasi contaminazione da polveri e liquidi. Due lame fisse reversibili, montate su due sedi con<\/p>\n\t\t<\/div>\n\t\t\n\t\t<a class=\"elementor-post__read-more\" href=\"https:\/\/isve.com\/fr\/broyeurs-industriels\/granulateurs-a-lame\/granulateur-a-lame-modele-c-4070-3k\/\" aria-label=\"Read more about Granulateur \u00e0 lame: Mod\u00e8le C-4070-3K\" tabindex=\"-1\" >\n\t\t\tPlus \u00bb\t\t<\/a>\n\n\t\t\t\t<\/div>\n\t\t\t\t<\/article>\n\t\t\t\t<article class=\"elementor-post elementor-grid-item post-4002 page type-page status-publish has-post-thumbnail hentry impaginazione-modello-prodotto divisione-isve-recycling categorie_modelli-granulatori-serie-gr description-off\" role=\"listitem\">\n\t\t\t\t<a class=\"elementor-post__thumbnail__link\" href=\"https:\/\/isve.com\/fr\/broyeurs-industriels\/granulateurs-a-lame\/granulateur-a-lame-modele-c-40100-3k\/\" tabindex=\"-1\" >\n\t\t\t<div class=\"elementor-post__thumbnail\"><img loading=\"lazy\" decoding=\"async\" width=\"1024\" height=\"861\" src=\"https:\/\/isve.com\/wp-content\/uploads\/granulatore-gr-40100-1024x861.jpg\" class=\"attachment-large size-large wp-image-1813\" alt=\"\" srcset=\"https:\/\/isve.com\/wp-content\/uploads\/granulatore-gr-40100-1024x861.jpg 1024w, https:\/\/isve.com\/wp-content\/uploads\/granulatore-gr-40100-600x505.jpg 600w, https:\/\/isve.com\/wp-content\/uploads\/granulatore-gr-40100-768x646.jpg 768w, https:\/\/isve.com\/wp-content\/uploads\/granulatore-gr-40100.jpg 1284w\" sizes=\"(max-width: 1024px) 100vw, 1024px\" \/><\/div>\n\t\t<\/a>\n\t\t\t\t<div class=\"elementor-post__text\">\n\t\t\t\t<h3 class=\"elementor-post__title\">\n\t\t\t<a href=\"https:\/\/isve.com\/fr\/broyeurs-industriels\/granulateurs-a-lame\/granulateur-a-lame-modele-c-40100-3k\/\" >\n\t\t\t\tGranulateur \u00e0 lame: Mod\u00e8le C-40100-3K\t\t\t<\/a>\n\t\t<\/h3>\n\t\t\t\t<div class=\"elementor-post__excerpt\">\n\t\t\t<p>BROYEUR \u00c0 GRANUL\u00c9S MOD\u00c8LE C40100 Cumberland inside INSONORIS\u00c9 avec une BO\u00ceTE DE CHARGE de 510 x 1 000 mm et un ROTOR DE DIAM\u00c8TRE de 419 mm. Caract\u00e9ristiques Granulateur \u00e0 lames, mod\u00e8le C-40100-3K Tr\u00e9mie Tr\u00e9mie pour chargement frontal ou avec tapis roulant, compl\u00e8tement insonoris\u00e9e. Nr. 3 volets en polyur\u00e9thane pour r\u00e9duire les fuites de bruit et \u00e9viter le retour du mat\u00e9riau de la chambre de coupe. Syst\u00e8me de basculement manuel servo-assist\u00e9 pour un nettoyage et un entretien faciles. Chambre de coupe Chambre de coupe enti\u00e8rement constitu\u00e9e de pi\u00e8ces fix\u00e9es par des boulons et des goupilles, pour une restauration rapide de tous les \u00e9l\u00e9ments de construction. Support de palier \u00e0 l&#8217;ext\u00e9rieur de la chambre de coupe pour \u00e9viter toute contamination par<\/p>\n\t\t<\/div>\n\t\t\n\t\t<a class=\"elementor-post__read-more\" href=\"https:\/\/isve.com\/fr\/broyeurs-industriels\/granulateurs-a-lame\/granulateur-a-lame-modele-c-40100-3k\/\" aria-label=\"Read more about Granulateur \u00e0 lame: Mod\u00e8le C-40100-3K\" tabindex=\"-1\" >\n\t\t\tPlus \u00bb\t\t<\/a>\n\n\t\t\t\t<\/div>\n\t\t\t\t<\/article>\n\t\t\t\t<\/div>\n\t\t\n\t\t\t\t\t\t<\/div>\n\t\t\t\t<\/div>\n\t\t\t\t\t<\/div>\n\t\t<\/div>\n\t\t\t\t\t<\/div>\n\t\t<\/section>\n\t\t\t\t<\/div>\n\t\t","protected":false},"excerpt":{"rendered":"<p>Moulins granulateurs \u00e0 plaquettes pour raffinage de mat\u00e9riaux non ferreux : plastique, carton, bois, documentation confidentielle, etc. Pour leur bon rapport prestations\/prix et pour leur robustesse, ces moulins sont employ\u00e9s pour le broyage et raffinage de pi\u00e8ces de grande \u00e9paisseur, l\u00e0 o\u00f9 un couple de coupe tr\u00e8s \u00e9lev\u00e9 est n\u00e9cessaire. Cumberland inside Mod\u00e8les &#8211; Granulateurs&hellip;<\/p>\n","protected":false},"author":1,"featured_media":1756,"parent":13660,"menu_order":453,"comment_status":"closed","ping_status":"closed","template":"","meta":{"_acf_changed":false,"footnotes":""},"tags":[],"impaginazione":[],"divisione":[3689],"categorie_modelli":[],"class_list":["post-3980","page","type-page","status-publish","has-post-thumbnail","hentry","divisione-isve-recycling","description-off"],"acf":[],"yoast_head":"<!-- This site is optimized with the Yoast SEO plugin v27.4 - https:\/\/yoast.com\/product\/yoast-seo-wordpress\/ -->\n<title>Mod\u00e8les \u2013 Granulateurs \u00e0 lame s\u00e9rie GR - ISVE SpA - Traitement du bois - Recyclage - Broyeurs Granulateurs<\/title>\n<meta name=\"robots\" content=\"index, follow, max-snippet:-1, max-image-preview:large, max-video-preview:-1\" \/>\n<link rel=\"canonical\" href=\"https:\/\/isve.com\/fr\/broyeurs-industriels\/granulateurs-a-lame\/\" \/>\n<meta property=\"og:locale\" content=\"fr_FR\" \/>\n<meta property=\"og:type\" content=\"article\" \/>\n<meta property=\"og:title\" content=\"Mod\u00e8les \u2013 Granulateurs \u00e0 lame s\u00e9rie GR - ISVE SpA - Traitement du bois - Recyclage - Broyeurs Granulateurs\" \/>\n<meta property=\"og:description\" content=\"Moulins granulateurs \u00e0 plaquettes pour raffinage de mat\u00e9riaux non ferreux : plastique, carton, bois, documentation confidentielle, etc. Pour leur bon rapport prestations\/prix et pour leur robustesse, ces moulins sont employ\u00e9s pour le broyage et raffinage de pi\u00e8ces de grande \u00e9paisseur, l\u00e0 o\u00f9 un couple de coupe tr\u00e8s \u00e9lev\u00e9 est n\u00e9cessaire. Cumberland inside Mod\u00e8les &#8211; Granulateurs&hellip;\" \/>\n<meta property=\"og:url\" content=\"https:\/\/isve.com\/fr\/broyeurs-industriels\/granulateurs-a-lame\/\" \/>\n<meta property=\"og:site_name\" content=\"ISVE SpA - Traitement du bois - Recyclage - Broyeurs Granulateurs\" \/>\n<meta property=\"article:modified_time\" content=\"2025-05-03T09:44:08+00:00\" \/>\n<meta property=\"og:image\" content=\"https:\/\/isve.com\/wp-content\/uploads\/granulatorigr_larga.jpg\" \/>\n\t<meta property=\"og:image:width\" content=\"1256\" \/>\n\t<meta property=\"og:image:height\" content=\"523\" \/>\n\t<meta property=\"og:image:type\" content=\"image\/jpeg\" \/>\n<meta name=\"twitter:card\" content=\"summary_large_image\" \/>\n<script type=\"application\/ld+json\" class=\"yoast-schema-graph\">{\"@context\":\"https:\\\/\\\/schema.org\",\"@graph\":[{\"@type\":\"WebPage\",\"@id\":\"https:\\\/\\\/isve.com\\\/fr\\\/broyeurs-industriels\\\/granulateurs-a-lame\\\/\",\"url\":\"https:\\\/\\\/isve.com\\\/fr\\\/broyeurs-industriels\\\/granulateurs-a-lame\\\/\",\"name\":\"Mod\u00e8les \u2013 Granulateurs \u00e0 lame s\u00e9rie GR - ISVE SpA - Traitement du bois - Recyclage - Broyeurs Granulateurs\",\"isPartOf\":{\"@id\":\"https:\\\/\\\/isve.com\\\/fr\\\/#website\"},\"primaryImageOfPage\":{\"@id\":\"https:\\\/\\\/isve.com\\\/fr\\\/broyeurs-industriels\\\/granulateurs-a-lame\\\/#primaryimage\"},\"image\":{\"@id\":\"https:\\\/\\\/isve.com\\\/fr\\\/broyeurs-industriels\\\/granulateurs-a-lame\\\/#primaryimage\"},\"thumbnailUrl\":\"https:\\\/\\\/isve.com\\\/wp-content\\\/uploads\\\/granulatorigr_larga.jpg\",\"datePublished\":\"2019-10-08T15:36:15+00:00\",\"dateModified\":\"2025-05-03T09:44:08+00:00\",\"breadcrumb\":{\"@id\":\"https:\\\/\\\/isve.com\\\/fr\\\/broyeurs-industriels\\\/granulateurs-a-lame\\\/#breadcrumb\"},\"inLanguage\":\"fr-FR\",\"potentialAction\":[{\"@type\":\"ReadAction\",\"target\":[\"https:\\\/\\\/isve.com\\\/fr\\\/broyeurs-industriels\\\/granulateurs-a-lame\\\/\"]}]},{\"@type\":\"ImageObject\",\"inLanguage\":\"fr-FR\",\"@id\":\"https:\\\/\\\/isve.com\\\/fr\\\/broyeurs-industriels\\\/granulateurs-a-lame\\\/#primaryimage\",\"url\":\"https:\\\/\\\/isve.com\\\/wp-content\\\/uploads\\\/granulatorigr_larga.jpg\",\"contentUrl\":\"https:\\\/\\\/isve.com\\\/wp-content\\\/uploads\\\/granulatorigr_larga.jpg\",\"width\":1256,\"height\":523},{\"@type\":\"BreadcrumbList\",\"@id\":\"https:\\\/\\\/isve.com\\\/fr\\\/broyeurs-industriels\\\/granulateurs-a-lame\\\/#breadcrumb\",\"itemListElement\":[{\"@type\":\"ListItem\",\"position\":1,\"name\":\"Home\",\"item\":\"https:\\\/\\\/isve.com\\\/fr\\\/\"},{\"@type\":\"ListItem\",\"position\":2,\"name\":\"Produits Recycling\",\"item\":\"https:\\\/\\\/isve.com\\\/fr\\\/broyeurs-industriels\\\/\"},{\"@type\":\"ListItem\",\"position\":3,\"name\":\"Mod\u00e8les \u2013 Granulateurs \u00e0 lame s\u00e9rie GR\"}]},{\"@type\":\"WebSite\",\"@id\":\"https:\\\/\\\/isve.com\\\/fr\\\/#website\",\"url\":\"https:\\\/\\\/isve.com\\\/fr\\\/\",\"name\":\"ISVE S.p.A.\",\"description\":\"Syst\u00e8mes de traitement du bois et pour dechiquetage broyage granulation\",\"publisher\":{\"@id\":\"https:\\\/\\\/isve.com\\\/fr\\\/#organization\"},\"potentialAction\":[{\"@type\":\"SearchAction\",\"target\":{\"@type\":\"EntryPoint\",\"urlTemplate\":\"https:\\\/\\\/isve.com\\\/fr\\\/?s={search_term_string}\"},\"query-input\":{\"@type\":\"PropertyValueSpecification\",\"valueRequired\":true,\"valueName\":\"search_term_string\"}}],\"inLanguage\":\"fr-FR\"},{\"@type\":\"Organization\",\"@id\":\"https:\\\/\\\/isve.com\\\/fr\\\/#organization\",\"name\":\"ISVE S.p.A.\",\"url\":\"https:\\\/\\\/isve.com\\\/fr\\\/\",\"logo\":{\"@type\":\"ImageObject\",\"inLanguage\":\"fr-FR\",\"@id\":\"https:\\\/\\\/isve.com\\\/fr\\\/#\\\/schema\\\/logo\\\/image\\\/\",\"url\":\"https:\\\/\\\/isve.com\\\/wp-content\\\/uploads\\\/2026\\\/01\\\/logo-isve-spa.png\",\"contentUrl\":\"https:\\\/\\\/isve.com\\\/wp-content\\\/uploads\\\/2026\\\/01\\\/logo-isve-spa.png\",\"width\":600,\"height\":173,\"caption\":\"ISVE S.p.A.\"},\"image\":{\"@id\":\"https:\\\/\\\/isve.com\\\/fr\\\/#\\\/schema\\\/logo\\\/image\\\/\"},\"sameAs\":[\"https:\\\/\\\/www.linkedin.com\\\/company\\\/69445471\",\"https:\\\/\\\/www.youtube.com\\\/@isves.p.a.8894\"]}]}<\/script>\n<!-- \/ Yoast SEO plugin. -->","yoast_head_json":{"title":"Mod\u00e8les \u2013 Granulateurs \u00e0 lame s\u00e9rie GR - ISVE SpA - Traitement du bois - Recyclage - Broyeurs Granulateurs","robots":{"index":"index","follow":"follow","max-snippet":"max-snippet:-1","max-image-preview":"max-image-preview:large","max-video-preview":"max-video-preview:-1"},"canonical":"https:\/\/isve.com\/fr\/broyeurs-industriels\/granulateurs-a-lame\/","og_locale":"fr_FR","og_type":"article","og_title":"Mod\u00e8les \u2013 Granulateurs \u00e0 lame s\u00e9rie GR - ISVE SpA - Traitement du bois - Recyclage - Broyeurs Granulateurs","og_description":"Moulins granulateurs \u00e0 plaquettes pour raffinage de mat\u00e9riaux non ferreux : plastique, carton, bois, documentation confidentielle, etc. Pour leur bon rapport prestations\/prix et pour leur robustesse, ces moulins sont employ\u00e9s pour le broyage et raffinage de pi\u00e8ces de grande \u00e9paisseur, l\u00e0 o\u00f9 un couple de coupe tr\u00e8s \u00e9lev\u00e9 est n\u00e9cessaire. Cumberland inside Mod\u00e8les &#8211; Granulateurs&hellip;","og_url":"https:\/\/isve.com\/fr\/broyeurs-industriels\/granulateurs-a-lame\/","og_site_name":"ISVE SpA - Traitement du bois - Recyclage - Broyeurs Granulateurs","article_modified_time":"2025-05-03T09:44:08+00:00","og_image":[{"width":1256,"height":523,"url":"https:\/\/isve.com\/wp-content\/uploads\/granulatorigr_larga.jpg","type":"image\/jpeg"}],"twitter_card":"summary_large_image","schema":{"@context":"https:\/\/schema.org","@graph":[{"@type":"WebPage","@id":"https:\/\/isve.com\/fr\/broyeurs-industriels\/granulateurs-a-lame\/","url":"https:\/\/isve.com\/fr\/broyeurs-industriels\/granulateurs-a-lame\/","name":"Mod\u00e8les \u2013 Granulateurs \u00e0 lame s\u00e9rie GR - ISVE SpA - Traitement du bois - Recyclage - Broyeurs Granulateurs","isPartOf":{"@id":"https:\/\/isve.com\/fr\/#website"},"primaryImageOfPage":{"@id":"https:\/\/isve.com\/fr\/broyeurs-industriels\/granulateurs-a-lame\/#primaryimage"},"image":{"@id":"https:\/\/isve.com\/fr\/broyeurs-industriels\/granulateurs-a-lame\/#primaryimage"},"thumbnailUrl":"https:\/\/isve.com\/wp-content\/uploads\/granulatorigr_larga.jpg","datePublished":"2019-10-08T15:36:15+00:00","dateModified":"2025-05-03T09:44:08+00:00","breadcrumb":{"@id":"https:\/\/isve.com\/fr\/broyeurs-industriels\/granulateurs-a-lame\/#breadcrumb"},"inLanguage":"fr-FR","potentialAction":[{"@type":"ReadAction","target":["https:\/\/isve.com\/fr\/broyeurs-industriels\/granulateurs-a-lame\/"]}]},{"@type":"ImageObject","inLanguage":"fr-FR","@id":"https:\/\/isve.com\/fr\/broyeurs-industriels\/granulateurs-a-lame\/#primaryimage","url":"https:\/\/isve.com\/wp-content\/uploads\/granulatorigr_larga.jpg","contentUrl":"https:\/\/isve.com\/wp-content\/uploads\/granulatorigr_larga.jpg","width":1256,"height":523},{"@type":"BreadcrumbList","@id":"https:\/\/isve.com\/fr\/broyeurs-industriels\/granulateurs-a-lame\/#breadcrumb","itemListElement":[{"@type":"ListItem","position":1,"name":"Home","item":"https:\/\/isve.com\/fr\/"},{"@type":"ListItem","position":2,"name":"Produits Recycling","item":"https:\/\/isve.com\/fr\/broyeurs-industriels\/"},{"@type":"ListItem","position":3,"name":"Mod\u00e8les \u2013 Granulateurs \u00e0 lame s\u00e9rie GR"}]},{"@type":"WebSite","@id":"https:\/\/isve.com\/fr\/#website","url":"https:\/\/isve.com\/fr\/","name":"ISVE S.p.A.","description":"Syst\u00e8mes de traitement du bois et pour dechiquetage broyage granulation","publisher":{"@id":"https:\/\/isve.com\/fr\/#organization"},"potentialAction":[{"@type":"SearchAction","target":{"@type":"EntryPoint","urlTemplate":"https:\/\/isve.com\/fr\/?s={search_term_string}"},"query-input":{"@type":"PropertyValueSpecification","valueRequired":true,"valueName":"search_term_string"}}],"inLanguage":"fr-FR"},{"@type":"Organization","@id":"https:\/\/isve.com\/fr\/#organization","name":"ISVE S.p.A.","url":"https:\/\/isve.com\/fr\/","logo":{"@type":"ImageObject","inLanguage":"fr-FR","@id":"https:\/\/isve.com\/fr\/#\/schema\/logo\/image\/","url":"https:\/\/isve.com\/wp-content\/uploads\/2026\/01\/logo-isve-spa.png","contentUrl":"https:\/\/isve.com\/wp-content\/uploads\/2026\/01\/logo-isve-spa.png","width":600,"height":173,"caption":"ISVE S.p.A."},"image":{"@id":"https:\/\/isve.com\/fr\/#\/schema\/logo\/image\/"},"sameAs":["https:\/\/www.linkedin.com\/company\/69445471","https:\/\/www.youtube.com\/@isves.p.a.8894"]}]}},"_links":{"self":[{"href":"https:\/\/isve.com\/fr\/wp-json\/wp\/v2\/pages\/3980","targetHints":{"allow":["GET"]}}],"collection":[{"href":"https:\/\/isve.com\/fr\/wp-json\/wp\/v2\/pages"}],"about":[{"href":"https:\/\/isve.com\/fr\/wp-json\/wp\/v2\/types\/page"}],"author":[{"embeddable":true,"href":"https:\/\/isve.com\/fr\/wp-json\/wp\/v2\/users\/1"}],"replies":[{"embeddable":true,"href":"https:\/\/isve.com\/fr\/wp-json\/wp\/v2\/comments?post=3980"}],"version-history":[{"count":0,"href":"https:\/\/isve.com\/fr\/wp-json\/wp\/v2\/pages\/3980\/revisions"}],"up":[{"embeddable":true,"href":"https:\/\/isve.com\/fr\/wp-json\/wp\/v2\/pages\/13660"}],"wp:featuredmedia":[{"embeddable":true,"href":"https:\/\/isve.com\/fr\/wp-json\/wp\/v2\/media\/1756"}],"wp:attachment":[{"href":"https:\/\/isve.com\/fr\/wp-json\/wp\/v2\/media?parent=3980"}],"wp:term":[{"taxonomy":"post_tag","embeddable":true,"href":"https:\/\/isve.com\/fr\/wp-json\/wp\/v2\/tags?post=3980"},{"taxonomy":"impaginazione","embeddable":true,"href":"https:\/\/isve.com\/fr\/wp-json\/wp\/v2\/impaginazione?post=3980"},{"taxonomy":"divisione","embeddable":true,"href":"https:\/\/isve.com\/fr\/wp-json\/wp\/v2\/divisione?post=3980"},{"taxonomy":"categorie_modelli","embeddable":true,"href":"https:\/\/isve.com\/fr\/wp-json\/wp\/v2\/categorie_modelli?post=3980"}],"curies":[{"name":"wp","href":"https:\/\/api.w.org\/{rel}","templated":true}]}}