{"id":3940,"date":"2019-10-08T10:23:56","date_gmt":"2019-10-08T08:23:56","guid":{"rendered":"https:\/\/isve.com\/?page_id=3940"},"modified":"2024-03-18T17:03:42","modified_gmt":"2024-03-18T16:03:42","slug":"dechiqueteurs-serie-combi-modele-4080s-gr-500","status":"publish","type":"page","link":"https:\/\/isve.com\/fr\/broyeurs-industriels\/dechiqueteurs-serie-combi\/dechiqueteurs-serie-combi-modele-4080s-gr-500\/","title":{"rendered":"Combi: Mod\u00e8le 40\/80S &#8211; GR500"},"content":{"rendered":"<p><strong>L&#8217;installation est compos\u00e9e par un groupe de broyage mod\u00e8le 40\/80S dispos\u00e9 en ligne avec un granulateur GR500.<\/strong><\/p>\n<h2 class=\"titoletto\">Caract\u00e9ristiques du broyeur:<\/h2>\n<ul>\n<li>Support en t\u00f4le d&#8217;acier \u00e9paisse \u00e9lectrosoud\u00e9e ;<\/li>\n<li>Supports de roulement des rouleaux du baril avec syst\u00e8me d&#8217;\u00e9tanch\u00e9it\u00e9 contre la poussi\u00e8re et les liquides ;<\/li>\n<li>Plaques lat\u00e9rales interchangeables r\u00e9sistantes \u00e0 l&#8217;usure, avec espace interm\u00e9diaire s\u00e9parant la chambre de coupe des flasques de roulement ;<\/li>\n<li>Arbres extra-\u00e9pais avec fraises n\u00b0 20 en acier sp\u00e9cial r\u00e9sistant \u00e0 l&#8217;usure et disques d&#8217;insertion n\u00b0 20 pour faciliter la pr\u00e9hension des corps volumineux ;<\/li>\n<li>Disposition \u00e9chelonn\u00e9e des dents des couteaux pour une meilleure pr\u00e9hension et une meilleure progression de la coupe ;<\/li>\n<li>N\u00b0 2 r\u00e9ducteurs \u00e9picyclo\u00efdaux avec axes de rotation parall\u00e8les \u00e0 l&#8217;axe des couteaux ;<\/li>\n<li>N\u00b0 2 moteurs 6 p\u00f4les multi-tensions et multi-fr\u00e9quences de 7,5 kW avec classe d&#8217;efficacit\u00e9 PREMIUM (IE3) ;<\/li>\n<li>Syst\u00e8me de transmission \u00e0 bain d&#8217;huile avec engrenages et pignons en acier ;<\/li>\n<li>Barre de protection des moteurs \u00e9lectriques du broyeur ;<\/li>\n<li>Chambre de coupe de 400 X 800 mm ;<\/li>\n<li>Tr\u00e9mie en t\u00f4le \u00e9lectrosoud\u00e9e pour chargement frontal ou par le haut, \u00e9quip\u00e9e d&#8217;un couvercle coulissant et de bandes de caoutchouc anti fly-back.<\/li>\n<\/ul>\n<h2 class=\"titoletto\">Caract\u00e9ristiques du granulateur:<\/h2>\n<ul>\n<li>Structure de support robuste en acier tubulaire \u00e9lectrosoud\u00e9 pour le logement du broyeur GR500 ;<\/li>\n<li>Panneau en t\u00f4le recouvert d&#8217;un mat\u00e9riau insonorisant ;<\/li>\n<li>Porte \u00e0 double fermeture \u00e9quip\u00e9e d&#8217;une serrure \u00e9lectrique et d&#8217;un micro-interrupteur de s\u00e9curit\u00e9 pour l&#8217;extraction de l&#8217;unit\u00e9 d&#8217;affinage ;<\/li>\n<li>Guides internes pour faciliter le centrage du broyeur GR500 ;<\/li>\n<li>Corps du rotor en acier de construction \u00e9pais et \u00e9lectrosoud\u00e9, \u00e9quip\u00e9 d&#8217;un rotor central ouvert d&#8217;un diam\u00e8tre de \u00d8260 mm et d&#8217;une largeur utile de 500 mm avec des lames interchangeables et aff\u00fbtables en acier fortement alli\u00e9 ;<\/li>\n<li>Bouche de chargement de dimensions 300 X 500 mm ;<\/li>\n<li>Groupe de lames fixes r\u00e9glables axialement ;<\/li>\n<li>Grille interchangeable pour des tailles jusqu&#8217;\u00e0 4 mm ;<\/li>\n<li>Transmission par courroies trap\u00e9zo\u00efdales \u00e0 haute r\u00e9sistance sur le volant d&#8217;inertie ;<\/li>\n<li>Moteur de 11 kW positionn\u00e9 sur les glissi\u00e8res pour un r\u00e9glage optimal de la tension des courroies.<\/li>\n<\/ul>\n<h2><strong>C<\/strong><strong>aract\u00e9ristiques du syst\u00e8me de contr\u00f4le :<\/strong><\/h2>\n<ul>\n<li>Tableau \u00e9lectrique conforme aux normes CEE, \u00e9quip\u00e9 d&#8217;un limiteur de couple qui inverse le mouvement du rotor en cas de surcharge du broyeur ;<\/li>\n<li>PLC SIEMENS S7-1200 pour le contr\u00f4le de tous les p\u00e9riph\u00e9riques de l&#8217;installation ;<\/li>\n<li>\u00c9cran tactile couleur 6&#8221; pour le r\u00e9glage de tous les param\u00e8tres de la machine ;<\/li>\n<li>Nouveau programme d&#8217;autor\u00e9glage &#8220;AUTO TUNING ISVE&#8221; ;<\/li>\n<li>Logiciel con\u00e7u pour contr\u00f4ler les syst\u00e8mes de chargement, le broyeur d&#8217;affinage et\/ou le syst\u00e8me d&#8217;aspiration ;<\/li>\n<li>Fonctions de contr\u00f4le d&#8217;urgence pour l&#8217;arr\u00eat de l&#8217;installation ;<\/li>\n<li>PROGRAMME D&#8217;ENTRETIEN ISVE : Programme d&#8217;entretien signal\u00e9 directement sur l&#8217;\u00e9cran tactile ;<\/li>\n<li>PR\u00c9PARATION DU SYST\u00c8ME DE T\u00c9L\u00c9-ASSISTANCE ET DE LA &#8220;CONNEXION AU SERVEUR DE S\u00c9CURIT\u00c9 ISVE&#8221; (surveillance en temps r\u00e9el des param\u00e8tres de la machine \u00e0 partir du serveur ISVE) ;<\/li>\n<li><strong>Ex\u00e9cution conforme aux normes CE.<\/strong><\/li>\n<\/ul>\n","protected":false},"excerpt":{"rendered":"<p>L&#8217;installation est compos\u00e9e par un groupe de broyage mod\u00e8le 40\/80S dispos\u00e9 en ligne avec un granulateur GR500. Caract\u00e9ristiques du broyeur: Support en t\u00f4le d&#8217;acier \u00e9paisse \u00e9lectrosoud\u00e9e ; Supports de roulement des rouleaux du baril avec syst\u00e8me d&#8217;\u00e9tanch\u00e9it\u00e9 contre la poussi\u00e8re et les liquides ; Plaques lat\u00e9rales interchangeables r\u00e9sistantes \u00e0 l&#8217;usure, avec espace interm\u00e9diaire s\u00e9parant la&hellip;<\/p>\n","protected":false},"author":1,"featured_media":10798,"parent":3933,"menu_order":189,"comment_status":"closed","ping_status":"closed","template":"","meta":{"_acf_changed":false,"footnotes":""},"tags":[2228,2320,2230,2273,2235,3289,3301,3303,2919,3307,2911,2333,3299,2371,3294,2323,2923,2271],"impaginazione":[3692],"divisione":[3689],"categorie_modelli":[3697],"class_list":["post-3940","page","type-page","status-publish","has-post-thumbnail","hentry","tag-bouteilles-danimaux-de-compagnie-de-broyage","tag-broyage-de-machinacies","tag-broyage-du-papier","tag-broyage-en-caoutchouc","tag-broyage-en-carton","tag-dechiquetage-de-tambours-fr","tag-dechiquetage-du-mais","tag-dechiquetage-en-caoutchouc","tag-dechiquetage-en-carton-2","tag-dechiqueter-les-bouteilles-pet","tag-papier-dechiquete","tag-pare-chocs-de-voiture-de-broyage","tag-pare-chocs-de-voiture-dechiquetant-2","tag-pots-en-plastique-de-broyage","tag-pots-en-plastique-dechiquetes-fr","tag-rubans-de-polyethylene-de-broyage","tag-rubans-de-polyethylene-dechiquetant","tag-tambours-de-broyage","impaginazione-modello-prodotto","divisione-isve-recycling","categorie_modelli-trituratori-serie-combi","description-off"],"acf":[],"yoast_head":"<!-- This site is optimized with the Yoast SEO plugin v27.4 - https:\/\/yoast.com\/product\/yoast-seo-wordpress\/ -->\n<title>Combi: Mod\u00e8le 40\/80S - GR500 - ISVE SpA - Traitement du bois - Recyclage - Broyeurs Granulateurs<\/title>\n<meta name=\"robots\" content=\"index, follow, max-snippet:-1, max-image-preview:large, max-video-preview:-1\" \/>\n<link rel=\"canonical\" href=\"https:\/\/isve.com\/fr\/broyeurs-industriels\/dechiqueteurs-serie-combi\/dechiqueteurs-serie-combi-modele-4080s-gr-500\/\" \/>\n<meta property=\"og:locale\" content=\"fr_FR\" \/>\n<meta property=\"og:type\" content=\"article\" \/>\n<meta property=\"og:title\" content=\"Combi: Mod\u00e8le 40\/80S - GR500 - ISVE SpA - Traitement du bois - Recyclage - Broyeurs Granulateurs\" \/>\n<meta property=\"og:description\" content=\"L&#8217;installation est compos\u00e9e par un groupe de broyage mod\u00e8le 40\/80S dispos\u00e9 en ligne avec un granulateur GR500. Caract\u00e9ristiques du broyeur: Support en t\u00f4le d&#8217;acier \u00e9paisse \u00e9lectrosoud\u00e9e ; Supports de roulement des rouleaux du baril avec syst\u00e8me d&#8217;\u00e9tanch\u00e9it\u00e9 contre la poussi\u00e8re et les liquides ; Plaques lat\u00e9rales interchangeables r\u00e9sistantes \u00e0 l&#8217;usure, avec espace interm\u00e9diaire s\u00e9parant la&hellip;\" \/>\n<meta property=\"og:url\" content=\"https:\/\/isve.com\/fr\/broyeurs-industriels\/dechiqueteurs-serie-combi\/dechiqueteurs-serie-combi-modele-4080s-gr-500\/\" \/>\n<meta property=\"og:site_name\" content=\"ISVE SpA - Traitement du bois - Recyclage - Broyeurs Granulateurs\" \/>\n<meta property=\"article:modified_time\" content=\"2024-03-18T16:03:42+00:00\" \/>\n<meta property=\"og:image\" content=\"https:\/\/isve.com\/wp-content\/uploads\/2023\/10\/immagine1.jpg\" \/>\n\t<meta property=\"og:image:width\" content=\"567\" \/>\n\t<meta property=\"og:image:height\" content=\"389\" \/>\n\t<meta property=\"og:image:type\" content=\"image\/jpeg\" \/>\n<meta name=\"twitter:card\" content=\"summary_large_image\" \/>\n<meta name=\"twitter:label1\" content=\"Dur\u00e9e de lecture estim\u00e9e\" \/>\n\t<meta name=\"twitter:data1\" content=\"2 minutes\" \/>\n<script type=\"application\/ld+json\" class=\"yoast-schema-graph\">{\"@context\":\"https:\\\/\\\/schema.org\",\"@graph\":[{\"@type\":\"WebPage\",\"@id\":\"https:\\\/\\\/isve.com\\\/fr\\\/broyeurs-industriels\\\/dechiqueteurs-serie-combi\\\/dechiqueteurs-serie-combi-modele-4080s-gr-500\\\/\",\"url\":\"https:\\\/\\\/isve.com\\\/fr\\\/broyeurs-industriels\\\/dechiqueteurs-serie-combi\\\/dechiqueteurs-serie-combi-modele-4080s-gr-500\\\/\",\"name\":\"Combi: Mod\u00e8le 40\\\/80S - GR500 - ISVE SpA - Traitement du bois - Recyclage - Broyeurs Granulateurs\",\"isPartOf\":{\"@id\":\"https:\\\/\\\/isve.com\\\/fr\\\/#website\"},\"primaryImageOfPage\":{\"@id\":\"https:\\\/\\\/isve.com\\\/fr\\\/broyeurs-industriels\\\/dechiqueteurs-serie-combi\\\/dechiqueteurs-serie-combi-modele-4080s-gr-500\\\/#primaryimage\"},\"image\":{\"@id\":\"https:\\\/\\\/isve.com\\\/fr\\\/broyeurs-industriels\\\/dechiqueteurs-serie-combi\\\/dechiqueteurs-serie-combi-modele-4080s-gr-500\\\/#primaryimage\"},\"thumbnailUrl\":\"https:\\\/\\\/isve.com\\\/wp-content\\\/uploads\\\/2023\\\/10\\\/immagine1.jpg\",\"datePublished\":\"2019-10-08T08:23:56+00:00\",\"dateModified\":\"2024-03-18T16:03:42+00:00\",\"breadcrumb\":{\"@id\":\"https:\\\/\\\/isve.com\\\/fr\\\/broyeurs-industriels\\\/dechiqueteurs-serie-combi\\\/dechiqueteurs-serie-combi-modele-4080s-gr-500\\\/#breadcrumb\"},\"inLanguage\":\"fr-FR\",\"potentialAction\":[{\"@type\":\"ReadAction\",\"target\":[\"https:\\\/\\\/isve.com\\\/fr\\\/broyeurs-industriels\\\/dechiqueteurs-serie-combi\\\/dechiqueteurs-serie-combi-modele-4080s-gr-500\\\/\"]}]},{\"@type\":\"ImageObject\",\"inLanguage\":\"fr-FR\",\"@id\":\"https:\\\/\\\/isve.com\\\/fr\\\/broyeurs-industriels\\\/dechiqueteurs-serie-combi\\\/dechiqueteurs-serie-combi-modele-4080s-gr-500\\\/#primaryimage\",\"url\":\"https:\\\/\\\/isve.com\\\/wp-content\\\/uploads\\\/2023\\\/10\\\/immagine1.jpg\",\"contentUrl\":\"https:\\\/\\\/isve.com\\\/wp-content\\\/uploads\\\/2023\\\/10\\\/immagine1.jpg\",\"width\":567,\"height\":389},{\"@type\":\"BreadcrumbList\",\"@id\":\"https:\\\/\\\/isve.com\\\/fr\\\/broyeurs-industriels\\\/dechiqueteurs-serie-combi\\\/dechiqueteurs-serie-combi-modele-4080s-gr-500\\\/#breadcrumb\",\"itemListElement\":[{\"@type\":\"ListItem\",\"position\":1,\"name\":\"Home\",\"item\":\"https:\\\/\\\/isve.com\\\/fr\\\/\"},{\"@type\":\"ListItem\",\"position\":2,\"name\":\"Produits Recycling\",\"item\":\"https:\\\/\\\/isve.com\\\/fr\\\/broyeurs-industriels\\\/\"},{\"@type\":\"ListItem\",\"position\":3,\"name\":\"Mod\u00e8ls &#8211; ISVE COMBI\",\"item\":\"https:\\\/\\\/isve.com\\\/fr\\\/broyeurs-industriels\\\/dechiqueteurs-serie-combi\\\/\"},{\"@type\":\"ListItem\",\"position\":4,\"name\":\"Combi: Mod\u00e8le 40\\\/80S &#8211; GR500\"}]},{\"@type\":\"WebSite\",\"@id\":\"https:\\\/\\\/isve.com\\\/fr\\\/#website\",\"url\":\"https:\\\/\\\/isve.com\\\/fr\\\/\",\"name\":\"ISVE S.p.A.\",\"description\":\"Syst\u00e8mes de traitement du bois et pour dechiquetage broyage granulation\",\"publisher\":{\"@id\":\"https:\\\/\\\/isve.com\\\/fr\\\/#organization\"},\"potentialAction\":[{\"@type\":\"SearchAction\",\"target\":{\"@type\":\"EntryPoint\",\"urlTemplate\":\"https:\\\/\\\/isve.com\\\/fr\\\/?s={search_term_string}\"},\"query-input\":{\"@type\":\"PropertyValueSpecification\",\"valueRequired\":true,\"valueName\":\"search_term_string\"}}],\"inLanguage\":\"fr-FR\"},{\"@type\":\"Organization\",\"@id\":\"https:\\\/\\\/isve.com\\\/fr\\\/#organization\",\"name\":\"ISVE S.p.A.\",\"url\":\"https:\\\/\\\/isve.com\\\/fr\\\/\",\"logo\":{\"@type\":\"ImageObject\",\"inLanguage\":\"fr-FR\",\"@id\":\"https:\\\/\\\/isve.com\\\/fr\\\/#\\\/schema\\\/logo\\\/image\\\/\",\"url\":\"https:\\\/\\\/isve.com\\\/wp-content\\\/uploads\\\/2026\\\/01\\\/logo-isve-spa.png\",\"contentUrl\":\"https:\\\/\\\/isve.com\\\/wp-content\\\/uploads\\\/2026\\\/01\\\/logo-isve-spa.png\",\"width\":600,\"height\":173,\"caption\":\"ISVE S.p.A.\"},\"image\":{\"@id\":\"https:\\\/\\\/isve.com\\\/fr\\\/#\\\/schema\\\/logo\\\/image\\\/\"},\"sameAs\":[\"https:\\\/\\\/www.linkedin.com\\\/company\\\/69445471\",\"https:\\\/\\\/www.youtube.com\\\/@isves.p.a.8894\"]}]}<\/script>\n<!-- \/ Yoast SEO plugin. -->","yoast_head_json":{"title":"Combi: Mod\u00e8le 40\/80S - GR500 - ISVE SpA - Traitement du bois - Recyclage - Broyeurs Granulateurs","robots":{"index":"index","follow":"follow","max-snippet":"max-snippet:-1","max-image-preview":"max-image-preview:large","max-video-preview":"max-video-preview:-1"},"canonical":"https:\/\/isve.com\/fr\/broyeurs-industriels\/dechiqueteurs-serie-combi\/dechiqueteurs-serie-combi-modele-4080s-gr-500\/","og_locale":"fr_FR","og_type":"article","og_title":"Combi: Mod\u00e8le 40\/80S - GR500 - ISVE SpA - Traitement du bois - Recyclage - Broyeurs Granulateurs","og_description":"L&#8217;installation est compos\u00e9e par un groupe de broyage mod\u00e8le 40\/80S dispos\u00e9 en ligne avec un granulateur GR500. Caract\u00e9ristiques du broyeur: Support en t\u00f4le d&#8217;acier \u00e9paisse \u00e9lectrosoud\u00e9e ; Supports de roulement des rouleaux du baril avec syst\u00e8me d&#8217;\u00e9tanch\u00e9it\u00e9 contre la poussi\u00e8re et les liquides ; Plaques lat\u00e9rales interchangeables r\u00e9sistantes \u00e0 l&#8217;usure, avec espace interm\u00e9diaire s\u00e9parant la&hellip;","og_url":"https:\/\/isve.com\/fr\/broyeurs-industriels\/dechiqueteurs-serie-combi\/dechiqueteurs-serie-combi-modele-4080s-gr-500\/","og_site_name":"ISVE SpA - Traitement du bois - Recyclage - Broyeurs Granulateurs","article_modified_time":"2024-03-18T16:03:42+00:00","og_image":[{"width":567,"height":389,"url":"https:\/\/isve.com\/wp-content\/uploads\/2023\/10\/immagine1.jpg","type":"image\/jpeg"}],"twitter_card":"summary_large_image","twitter_misc":{"Dur\u00e9e de lecture estim\u00e9e":"2 minutes"},"schema":{"@context":"https:\/\/schema.org","@graph":[{"@type":"WebPage","@id":"https:\/\/isve.com\/fr\/broyeurs-industriels\/dechiqueteurs-serie-combi\/dechiqueteurs-serie-combi-modele-4080s-gr-500\/","url":"https:\/\/isve.com\/fr\/broyeurs-industriels\/dechiqueteurs-serie-combi\/dechiqueteurs-serie-combi-modele-4080s-gr-500\/","name":"Combi: Mod\u00e8le 40\/80S - GR500 - ISVE SpA - Traitement du bois - Recyclage - Broyeurs Granulateurs","isPartOf":{"@id":"https:\/\/isve.com\/fr\/#website"},"primaryImageOfPage":{"@id":"https:\/\/isve.com\/fr\/broyeurs-industriels\/dechiqueteurs-serie-combi\/dechiqueteurs-serie-combi-modele-4080s-gr-500\/#primaryimage"},"image":{"@id":"https:\/\/isve.com\/fr\/broyeurs-industriels\/dechiqueteurs-serie-combi\/dechiqueteurs-serie-combi-modele-4080s-gr-500\/#primaryimage"},"thumbnailUrl":"https:\/\/isve.com\/wp-content\/uploads\/2023\/10\/immagine1.jpg","datePublished":"2019-10-08T08:23:56+00:00","dateModified":"2024-03-18T16:03:42+00:00","breadcrumb":{"@id":"https:\/\/isve.com\/fr\/broyeurs-industriels\/dechiqueteurs-serie-combi\/dechiqueteurs-serie-combi-modele-4080s-gr-500\/#breadcrumb"},"inLanguage":"fr-FR","potentialAction":[{"@type":"ReadAction","target":["https:\/\/isve.com\/fr\/broyeurs-industriels\/dechiqueteurs-serie-combi\/dechiqueteurs-serie-combi-modele-4080s-gr-500\/"]}]},{"@type":"ImageObject","inLanguage":"fr-FR","@id":"https:\/\/isve.com\/fr\/broyeurs-industriels\/dechiqueteurs-serie-combi\/dechiqueteurs-serie-combi-modele-4080s-gr-500\/#primaryimage","url":"https:\/\/isve.com\/wp-content\/uploads\/2023\/10\/immagine1.jpg","contentUrl":"https:\/\/isve.com\/wp-content\/uploads\/2023\/10\/immagine1.jpg","width":567,"height":389},{"@type":"BreadcrumbList","@id":"https:\/\/isve.com\/fr\/broyeurs-industriels\/dechiqueteurs-serie-combi\/dechiqueteurs-serie-combi-modele-4080s-gr-500\/#breadcrumb","itemListElement":[{"@type":"ListItem","position":1,"name":"Home","item":"https:\/\/isve.com\/fr\/"},{"@type":"ListItem","position":2,"name":"Produits Recycling","item":"https:\/\/isve.com\/fr\/broyeurs-industriels\/"},{"@type":"ListItem","position":3,"name":"Mod\u00e8ls &#8211; ISVE COMBI","item":"https:\/\/isve.com\/fr\/broyeurs-industriels\/dechiqueteurs-serie-combi\/"},{"@type":"ListItem","position":4,"name":"Combi: Mod\u00e8le 40\/80S &#8211; GR500"}]},{"@type":"WebSite","@id":"https:\/\/isve.com\/fr\/#website","url":"https:\/\/isve.com\/fr\/","name":"ISVE S.p.A.","description":"Syst\u00e8mes de traitement du bois et pour dechiquetage broyage granulation","publisher":{"@id":"https:\/\/isve.com\/fr\/#organization"},"potentialAction":[{"@type":"SearchAction","target":{"@type":"EntryPoint","urlTemplate":"https:\/\/isve.com\/fr\/?s={search_term_string}"},"query-input":{"@type":"PropertyValueSpecification","valueRequired":true,"valueName":"search_term_string"}}],"inLanguage":"fr-FR"},{"@type":"Organization","@id":"https:\/\/isve.com\/fr\/#organization","name":"ISVE S.p.A.","url":"https:\/\/isve.com\/fr\/","logo":{"@type":"ImageObject","inLanguage":"fr-FR","@id":"https:\/\/isve.com\/fr\/#\/schema\/logo\/image\/","url":"https:\/\/isve.com\/wp-content\/uploads\/2026\/01\/logo-isve-spa.png","contentUrl":"https:\/\/isve.com\/wp-content\/uploads\/2026\/01\/logo-isve-spa.png","width":600,"height":173,"caption":"ISVE S.p.A."},"image":{"@id":"https:\/\/isve.com\/fr\/#\/schema\/logo\/image\/"},"sameAs":["https:\/\/www.linkedin.com\/company\/69445471","https:\/\/www.youtube.com\/@isves.p.a.8894"]}]}},"_links":{"self":[{"href":"https:\/\/isve.com\/fr\/wp-json\/wp\/v2\/pages\/3940","targetHints":{"allow":["GET"]}}],"collection":[{"href":"https:\/\/isve.com\/fr\/wp-json\/wp\/v2\/pages"}],"about":[{"href":"https:\/\/isve.com\/fr\/wp-json\/wp\/v2\/types\/page"}],"author":[{"embeddable":true,"href":"https:\/\/isve.com\/fr\/wp-json\/wp\/v2\/users\/1"}],"replies":[{"embeddable":true,"href":"https:\/\/isve.com\/fr\/wp-json\/wp\/v2\/comments?post=3940"}],"version-history":[{"count":0,"href":"https:\/\/isve.com\/fr\/wp-json\/wp\/v2\/pages\/3940\/revisions"}],"up":[{"embeddable":true,"href":"https:\/\/isve.com\/fr\/wp-json\/wp\/v2\/pages\/3933"}],"wp:featuredmedia":[{"embeddable":true,"href":"https:\/\/isve.com\/fr\/wp-json\/wp\/v2\/media\/10798"}],"wp:attachment":[{"href":"https:\/\/isve.com\/fr\/wp-json\/wp\/v2\/media?parent=3940"}],"wp:term":[{"taxonomy":"post_tag","embeddable":true,"href":"https:\/\/isve.com\/fr\/wp-json\/wp\/v2\/tags?post=3940"},{"taxonomy":"impaginazione","embeddable":true,"href":"https:\/\/isve.com\/fr\/wp-json\/wp\/v2\/impaginazione?post=3940"},{"taxonomy":"divisione","embeddable":true,"href":"https:\/\/isve.com\/fr\/wp-json\/wp\/v2\/divisione?post=3940"},{"taxonomy":"categorie_modelli","embeddable":true,"href":"https:\/\/isve.com\/fr\/wp-json\/wp\/v2\/categorie_modelli?post=3940"}],"curies":[{"name":"wp","href":"https:\/\/api.w.org\/{rel}","templated":true}]}}