{"id":3933,"date":"2019-10-08T10:08:22","date_gmt":"2019-10-08T08:08:22","guid":{"rendered":"https:\/\/isve.com\/?page_id=3933"},"modified":"2025-05-03T11:43:25","modified_gmt":"2025-05-03T09:43:25","slug":"dechiqueteurs-serie-combi","status":"publish","type":"page","link":"https:\/\/isve.com\/fr\/broyeurs-industriels\/dechiqueteurs-serie-combi\/","title":{"rendered":"Mod\u00e8ls &#8211; ISVE COMBI"},"content":{"rendered":"\t\t<div data-elementor-type=\"wp-page\" data-elementor-id=\"3933\" class=\"elementor elementor-3933 elementor-1572\" data-elementor-post-type=\"page\">\n\t\t\t\t\t\t<section class=\"elementor-section elementor-top-section elementor-element elementor-element-f4a7781 elementor-section-boxed elementor-section-height-default elementor-section-height-default\" data-id=\"f4a7781\" data-element_type=\"section\" data-e-type=\"section\">\n\t\t\t\t\t\t<div class=\"elementor-container elementor-column-gap-default\">\n\t\t\t\t\t<div class=\"elementor-column elementor-col-100 elementor-top-column elementor-element elementor-element-8c3d794\" data-id=\"8c3d794\" data-element_type=\"column\" data-e-type=\"column\">\n\t\t\t<div class=\"elementor-widget-wrap elementor-element-populated\">\n\t\t\t\t\t\t<div class=\"elementor-element elementor-element-1c580d79 elementor-widget elementor-widget-text-editor\" data-id=\"1c580d79\" data-element_type=\"widget\" data-e-type=\"widget\" data-widget_type=\"text-editor.default\">\n\t\t\t\t<div class=\"elementor-widget-container\">\n\t\t\t\t\t\t\t\t\t<p>Installation Combi: broyeur \u00e0 <strong>quatre arbres avec un granulateur en ligne<\/strong>, en mesure d&#8217;obtenir une finesse de broyage comprise entre 4-8 mm au final.<\/p>\t\t\t\t\t\t\t\t<\/div>\n\t\t\t\t<\/div>\n\t\t\t\t<div class=\"elementor-element elementor-element-3721e4b elementor-widget elementor-widget-spacer\" data-id=\"3721e4b\" data-element_type=\"widget\" data-e-type=\"widget\" data-widget_type=\"spacer.default\">\n\t\t\t\t<div class=\"elementor-widget-container\">\n\t\t\t\t\t\t\t<div class=\"elementor-spacer\">\n\t\t\t<div class=\"elementor-spacer-inner\"><\/div>\n\t\t<\/div>\n\t\t\t\t\t\t<\/div>\n\t\t\t\t<\/div>\n\t\t\t\t<div class=\"elementor-element elementor-element-337a748 elementor-widget elementor-widget-heading\" data-id=\"337a748\" data-element_type=\"widget\" data-e-type=\"widget\" data-widget_type=\"heading.default\">\n\t\t\t\t<div class=\"elementor-widget-container\">\n\t\t\t\t\t<h2 class=\"elementor-heading-title elementor-size-default\">Mod\u00e8ls - ISVE COMBI<\/h2>\t\t\t\t<\/div>\n\t\t\t\t<\/div>\n\t\t\t\t<div class=\"elementor-element elementor-element-964259c elementor-widget elementor-widget-spacer\" data-id=\"964259c\" data-element_type=\"widget\" data-e-type=\"widget\" data-widget_type=\"spacer.default\">\n\t\t\t\t<div class=\"elementor-widget-container\">\n\t\t\t\t\t\t\t<div class=\"elementor-spacer\">\n\t\t\t<div class=\"elementor-spacer-inner\"><\/div>\n\t\t<\/div>\n\t\t\t\t\t\t<\/div>\n\t\t\t\t<\/div>\n\t\t\t\t<div class=\"elementor-element elementor-element-23f0c89 elementor-grid-1 elementor-grid-tablet-1 elementor-posts--thumbnail-left elementor-grid-mobile-1 elementor-widget elementor-widget-posts\" data-id=\"23f0c89\" data-element_type=\"widget\" data-e-type=\"widget\" data-settings=\"{&quot;classic_columns&quot;:&quot;1&quot;,&quot;classic_columns_tablet&quot;:&quot;1&quot;,&quot;classic_columns_mobile&quot;:&quot;1&quot;,&quot;classic_row_gap&quot;:{&quot;unit&quot;:&quot;px&quot;,&quot;size&quot;:35,&quot;sizes&quot;:[]},&quot;classic_row_gap_tablet&quot;:{&quot;unit&quot;:&quot;px&quot;,&quot;size&quot;:&quot;&quot;,&quot;sizes&quot;:[]},&quot;classic_row_gap_mobile&quot;:{&quot;unit&quot;:&quot;px&quot;,&quot;size&quot;:&quot;&quot;,&quot;sizes&quot;:[]}}\" data-widget_type=\"posts.classic\">\n\t\t\t\t<div class=\"elementor-widget-container\">\n\t\t\t\t\t\t\t<div class=\"elementor-posts-container elementor-posts elementor-posts--skin-classic elementor-grid\" role=\"list\">\n\t\t\t\t<article class=\"elementor-post elementor-grid-item post-3940 page type-page status-publish has-post-thumbnail hentry tag-bouteilles-danimaux-de-compagnie-de-broyage tag-broyage-de-machinacies tag-broyage-du-papier tag-broyage-en-caoutchouc tag-broyage-en-carton tag-dechiquetage-de-tambours-fr tag-dechiquetage-du-mais tag-dechiquetage-en-caoutchouc tag-dechiquetage-en-carton-2 tag-dechiqueter-les-bouteilles-pet tag-papier-dechiquete tag-pare-chocs-de-voiture-de-broyage tag-pare-chocs-de-voiture-dechiquetant-2 tag-pots-en-plastique-de-broyage tag-pots-en-plastique-dechiquetes-fr tag-rubans-de-polyethylene-de-broyage tag-rubans-de-polyethylene-dechiquetant tag-tambours-de-broyage impaginazione-modello-prodotto divisione-isve-recycling categorie_modelli-trituratori-serie-combi description-off\" role=\"listitem\">\n\t\t\t\t<a class=\"elementor-post__thumbnail__link\" href=\"https:\/\/isve.com\/fr\/broyeurs-industriels\/dechiqueteurs-serie-combi\/dechiqueteurs-serie-combi-modele-4080s-gr-500\/\" tabindex=\"-1\" >\n\t\t\t<div class=\"elementor-post__thumbnail\"><img fetchpriority=\"high\" decoding=\"async\" width=\"567\" height=\"389\" src=\"https:\/\/isve.com\/wp-content\/uploads\/2023\/10\/immagine1.jpg\" class=\"attachment-large size-large wp-image-10798\" alt=\"\" \/><\/div>\n\t\t<\/a>\n\t\t\t\t<div class=\"elementor-post__text\">\n\t\t\t\t<h3 class=\"elementor-post__title\">\n\t\t\t<a href=\"https:\/\/isve.com\/fr\/broyeurs-industriels\/dechiqueteurs-serie-combi\/dechiqueteurs-serie-combi-modele-4080s-gr-500\/\" >\n\t\t\t\tCombi: Mod\u00e8le 40\/80S &#8211; GR500\t\t\t<\/a>\n\t\t<\/h3>\n\t\t\t\t<div class=\"elementor-post__excerpt\">\n\t\t\t<p>L&#8217;installation est compos\u00e9e par un groupe de broyage mod\u00e8le 40\/80S dispos\u00e9 en ligne avec un granulateur GR500. Caract\u00e9ristiques du broyeur: Support en t\u00f4le d&#8217;acier \u00e9paisse \u00e9lectrosoud\u00e9e ; Supports de roulement des rouleaux du baril avec syst\u00e8me d&#8217;\u00e9tanch\u00e9it\u00e9 contre la poussi\u00e8re et les liquides ; Plaques lat\u00e9rales interchangeables r\u00e9sistantes \u00e0 l&#8217;usure, avec espace interm\u00e9diaire s\u00e9parant la chambre de coupe des flasques de roulement ; Arbres extra-\u00e9pais avec fraises n\u00b0 20 en acier sp\u00e9cial r\u00e9sistant \u00e0 l&#8217;usure et disques d&#8217;insertion n\u00b0 20 pour faciliter la pr\u00e9hension des corps volumineux ; Disposition \u00e9chelonn\u00e9e des dents des couteaux pour une meilleure pr\u00e9hension et une meilleure progression de la coupe ; N\u00b0 2 r\u00e9ducteurs \u00e9picyclo\u00efdaux avec axes de rotation parall\u00e8les \u00e0 l&#8217;axe des couteaux ;<\/p>\n\t\t<\/div>\n\t\t\n\t\t<a class=\"elementor-post__read-more\" href=\"https:\/\/isve.com\/fr\/broyeurs-industriels\/dechiqueteurs-serie-combi\/dechiqueteurs-serie-combi-modele-4080s-gr-500\/\" aria-label=\"Read more about Combi: Mod\u00e8le 40\/80S &#8211; GR500\" tabindex=\"-1\" >\n\t\t\tPlus \u00bb\t\t<\/a>\n\n\t\t\t\t<\/div>\n\t\t\t\t<\/article>\n\t\t\t\t<article class=\"elementor-post elementor-grid-item post-11366 page type-page status-publish has-post-thumbnail hentry tag-bouteilles-danimaux-de-compagnie-de-broyage tag-broyage-de-machinacies tag-broyage-du-papier tag-broyage-en-caoutchouc tag-broyage-en-carton tag-dechiquetage-de-tambours-fr tag-dechiquetage-du-mais tag-dechiquetage-en-caoutchouc tag-dechiquetage-en-carton-2 tag-dechiqueter-les-bouteilles-pet tag-papier-dechiquete tag-pare-chocs-de-voiture-de-broyage tag-pare-chocs-de-voiture-dechiquetant-2 tag-pots-en-plastique-de-broyage tag-pots-en-plastique-dechiquetes-fr tag-rubans-de-polyethylene-de-broyage tag-rubans-de-polyethylene-dechiquetant tag-tambours-de-broyage impaginazione-modello-prodotto divisione-isve-recycling categorie_modelli-trituratori-serie-combi description-off\" role=\"listitem\">\n\t\t\t\t<a class=\"elementor-post__thumbnail__link\" href=\"https:\/\/isve.com\/fr\/broyeurs-industriels\/dechiqueteurs-serie-combi\/dechiqueteurs-serie-combi-modele-60-80s-gr500\/\" tabindex=\"-1\" >\n\t\t\t<div class=\"elementor-post__thumbnail\"><img fetchpriority=\"high\" decoding=\"async\" width=\"567\" height=\"389\" src=\"https:\/\/isve.com\/wp-content\/uploads\/2023\/10\/immagine1.jpg\" class=\"attachment-large size-large wp-image-10798\" alt=\"\" \/><\/div>\n\t\t<\/a>\n\t\t\t\t<div class=\"elementor-post__text\">\n\t\t\t\t<h3 class=\"elementor-post__title\">\n\t\t\t<a href=\"https:\/\/isve.com\/fr\/broyeurs-industriels\/dechiqueteurs-serie-combi\/dechiqueteurs-serie-combi-modele-60-80s-gr500\/\" >\n\t\t\t\tCombi: Mod\u00e8le 60\/80S &#8211; GR500\t\t\t<\/a>\n\t\t<\/h3>\n\t\t\t\t<div class=\"elementor-post__excerpt\">\n\t\t\t<p>L&#8217;installation est compos\u00e9e par un groupe de broyage mod\u00e8le 60\/80S dispos\u00e9 en ligne avec un granulateur GR500. Caract\u00e9ristiques du broyeur: Support en t\u00f4le d&#8217;acier \u00e9paisse \u00e9lectrosoud\u00e9e ; Supports de roulement des rouleaux du baril avec syst\u00e8me d&#8217;\u00e9tanch\u00e9it\u00e9 contre la poussi\u00e8re et les liquides ; Plaques lat\u00e9rales interchangeables r\u00e9sistantes \u00e0 l&#8217;usure, avec espace interm\u00e9diaire s\u00e9parant la chambre de coupe des flasques de roulement ; Arbres extra-\u00e9pais avec fraises n\u00b0 30 en acier sp\u00e9cial r\u00e9sistant \u00e0 l&#8217;usure et disques d&#8217;insertion n\u00b0 30 pour faciliter la pr\u00e9hension des corps volumineux ; Disposition \u00e9chelonn\u00e9e des dents des couteaux pour une meilleure pr\u00e9hension et une meilleure progression de la coupe ; N\u00b0 2 r\u00e9ducteurs \u00e9picyclo\u00efdaux avec axes de rotation parall\u00e8les \u00e0 l&#8217;axe des couteaux ;<\/p>\n\t\t<\/div>\n\t\t\n\t\t<a class=\"elementor-post__read-more\" href=\"https:\/\/isve.com\/fr\/broyeurs-industriels\/dechiqueteurs-serie-combi\/dechiqueteurs-serie-combi-modele-60-80s-gr500\/\" aria-label=\"Read more about Combi: Mod\u00e8le 60\/80S &#8211; GR500\" tabindex=\"-1\" >\n\t\t\tPlus \u00bb\t\t<\/a>\n\n\t\t\t\t<\/div>\n\t\t\t\t<\/article>\n\t\t\t\t<article class=\"elementor-post elementor-grid-item post-3946 page type-page status-publish has-post-thumbnail hentry tag-bouteilles-danimaux-de-compagnie-de-broyage tag-broyage-de-machinacies tag-broyage-du-papier tag-broyage-en-caoutchouc tag-broyage-en-carton tag-dechiquetage-de-tambours-fr tag-dechiquetage-du-mais tag-dechiquetage-en-caoutchouc tag-dechiquetage-en-carton-2 tag-dechiqueter-les-bouteilles-pet tag-papier-dechiquete tag-pare-chocs-de-voiture-de-broyage tag-pare-chocs-de-voiture-dechiquetant-2 tag-pots-en-plastique-de-broyage tag-pots-en-plastique-dechiquetes-fr tag-rubans-de-polyethylene-de-broyage tag-rubans-de-polyethylene-dechiquetant tag-tambours-de-broyage impaginazione-modello-prodotto divisione-isve-recycling categorie_modelli-trituratori-serie-combi description-off\" role=\"listitem\">\n\t\t\t\t<a class=\"elementor-post__thumbnail__link\" href=\"https:\/\/isve.com\/fr\/broyeurs-industriels\/dechiqueteurs-serie-combi\/dechiqueteurs-serie-combi-modele-8080s-gr-600\/\" tabindex=\"-1\" >\n\t\t\t<div class=\"elementor-post__thumbnail\"><img decoding=\"async\" width=\"567\" height=\"389\" src=\"https:\/\/isve.com\/wp-content\/uploads\/2023\/10\/immagine2.jpg\" class=\"attachment-large size-large wp-image-10807\" alt=\"\" \/><\/div>\n\t\t<\/a>\n\t\t\t\t<div class=\"elementor-post__text\">\n\t\t\t\t<h3 class=\"elementor-post__title\">\n\t\t\t<a href=\"https:\/\/isve.com\/fr\/broyeurs-industriels\/dechiqueteurs-serie-combi\/dechiqueteurs-serie-combi-modele-8080s-gr-600\/\" >\n\t\t\t\tCombi: Mod\u00e8le 80\/80S &#8211; GR600\t\t\t<\/a>\n\t\t<\/h3>\n\t\t\t\t<div class=\"elementor-post__excerpt\">\n\t\t\t<p>L&#8217;installation est compos\u00e9e par un groupe de broyage mod\u00e8le 80\/80S dispos\u00e9 en ligne avec un granulateur GR600. Caract\u00e9ristiques du broyeur: Support en t\u00f4le d&#8217;acier \u00e9paisse \u00e9lectrosoud\u00e9e ; Supports de roulement des rouleaux du baril avec syst\u00e8me d&#8217;\u00e9tanch\u00e9it\u00e9 contre la poussi\u00e8re et les liquides ; Plaques lat\u00e9rales interchangeables r\u00e9sistantes \u00e0 l&#8217;usure, avec espace interm\u00e9diaire s\u00e9parant la chambre de coupe des flasques de roulement ; Arbres extra-\u00e9pais avec fraises n\u00b0 42 en acier sp\u00e9cial r\u00e9sistant \u00e0 l&#8217;usure et disques d&#8217;insertion n\u00b0 42 pour faciliter la pr\u00e9hension des corps volumineux ; Disposition \u00e9chelonn\u00e9e des dents des couteaux pour une meilleure pr\u00e9hension et une meilleure progression de la coupe ; N\u00b0 2 r\u00e9ducteurs \u00e9picyclo\u00efdaux avec axes de rotation parall\u00e8les \u00e0 l&#8217;axe des couteaux ;<\/p>\n\t\t<\/div>\n\t\t\n\t\t<a class=\"elementor-post__read-more\" href=\"https:\/\/isve.com\/fr\/broyeurs-industriels\/dechiqueteurs-serie-combi\/dechiqueteurs-serie-combi-modele-8080s-gr-600\/\" aria-label=\"Read more about Combi: Mod\u00e8le 80\/80S &#8211; GR600\" tabindex=\"-1\" >\n\t\t\tPlus \u00bb\t\t<\/a>\n\n\t\t\t\t<\/div>\n\t\t\t\t<\/article>\n\t\t\t\t<article class=\"elementor-post elementor-grid-item post-3952 page type-page status-publish has-post-thumbnail hentry tag-bouteilles-danimaux-de-compagnie-de-broyage tag-broyage-de-machinacies tag-broyage-du-papier tag-broyage-en-caoutchouc tag-broyage-en-carton tag-dechiquetage-de-tambours-fr tag-dechiquetage-du-mais tag-dechiquetage-en-caoutchouc tag-dechiquetage-en-carton-2 tag-dechiqueter-les-bouteilles-pet tag-papier-dechiquete tag-pare-chocs-de-voiture-de-broyage tag-pare-chocs-de-voiture-dechiquetant-2 tag-pots-en-plastique-de-broyage tag-pots-en-plastique-dechiquetes-fr tag-rubans-de-polyethylene-de-broyage tag-rubans-de-polyethylene-dechiquetant tag-tambours-de-broyage impaginazione-modello-prodotto divisione-isve-recycling categorie_modelli-trituratori-serie-combi description-off\" role=\"listitem\">\n\t\t\t\t<a class=\"elementor-post__thumbnail__link\" href=\"https:\/\/isve.com\/fr\/broyeurs-industriels\/dechiqueteurs-serie-combi\/dechiqueteurs-serie-combi-modele-8080s-gr-700\/\" tabindex=\"-1\" >\n\t\t\t<div class=\"elementor-post__thumbnail\"><img decoding=\"async\" width=\"663\" height=\"390\" src=\"https:\/\/isve.com\/wp-content\/uploads\/combi8080s-gr700.jpg\" class=\"attachment-large size-large wp-image-1634\" alt=\"\" srcset=\"https:\/\/isve.com\/wp-content\/uploads\/combi8080s-gr700.jpg 663w, https:\/\/isve.com\/wp-content\/uploads\/combi8080s-gr700-600x353.jpg 600w\" sizes=\"(max-width: 663px) 100vw, 663px\" \/><\/div>\n\t\t<\/a>\n\t\t\t\t<div class=\"elementor-post__text\">\n\t\t\t\t<h3 class=\"elementor-post__title\">\n\t\t\t<a href=\"https:\/\/isve.com\/fr\/broyeurs-industriels\/dechiqueteurs-serie-combi\/dechiqueteurs-serie-combi-modele-8080s-gr-700\/\" >\n\t\t\t\tCombi: Mod\u00e8le 120\/100S &#8211; GR900\t\t\t<\/a>\n\t\t<\/h3>\n\t\t\t\t<div class=\"elementor-post__excerpt\">\n\t\t\t<p>L&#8217;installation est compos\u00e9e par un groupe de broyage mod\u00e8le 120\/100S dispos\u00e9 en ligne avec un granulateur GR900. Caract\u00e9ristiques du broyeur: Support en t\u00f4le d&#8217;acier \u00e9paisse \u00e9lectrosoud\u00e9e ; Supports de roulement des rouleaux du baril avec syst\u00e8me d&#8217;\u00e9tanch\u00e9it\u00e9 contre la poussi\u00e8re et les liquides ; Plaques lat\u00e9rales interchangeables r\u00e9sistantes \u00e0 l&#8217;usure, avec espace interm\u00e9diaire s\u00e9parant la chambre de coupe des flasques de roulement ; Arbres extra-\u00e9pais avec fraises n\u00b0 30 en acier sp\u00e9cial r\u00e9sistant \u00e0 l&#8217;usure et disques d&#8217;insertion n\u00b0 30 pour faciliter la pr\u00e9hension des corps volumineux ; Epaisseur d\u2019outils : 40 mm ; Disposition \u00e9chelonn\u00e9e des dents des couteaux pour une meilleure pr\u00e9hension et une meilleure progression de la coupe ; N\u00b0 2 r\u00e9ducteurs \u00e9picyclo\u00efdaux avec axes de rotation<\/p>\n\t\t<\/div>\n\t\t\n\t\t<a class=\"elementor-post__read-more\" href=\"https:\/\/isve.com\/fr\/broyeurs-industriels\/dechiqueteurs-serie-combi\/dechiqueteurs-serie-combi-modele-8080s-gr-700\/\" aria-label=\"Read more about Combi: Mod\u00e8le 120\/100S &#8211; GR900\" tabindex=\"-1\" >\n\t\t\tPlus \u00bb\t\t<\/a>\n\n\t\t\t\t<\/div>\n\t\t\t\t<\/article>\n\t\t\t\t<\/div>\n\t\t\n\t\t\t\t\t\t<\/div>\n\t\t\t\t<\/div>\n\t\t\t\t\t<\/div>\n\t\t<\/div>\n\t\t\t\t\t<\/div>\n\t\t<\/section>\n\t\t\t\t<\/div>\n\t\t","protected":false},"excerpt":{"rendered":"<p>Installation Combi: broyeur \u00e0 quatre arbres avec un granulateur en ligne, en mesure d&#8217;obtenir une finesse de broyage comprise entre 4-8 mm au final. Mod\u00e8ls &#8211; ISVE COMBI<\/p>\n","protected":false},"author":1,"featured_media":1580,"parent":13660,"menu_order":435,"comment_status":"closed","ping_status":"closed","template":"","meta":{"_acf_changed":false,"footnotes":""},"tags":[],"impaginazione":[],"divisione":[3689],"categorie_modelli":[],"class_list":["post-3933","page","type-page","status-publish","has-post-thumbnail","hentry","divisione-isve-recycling","description-off"],"acf":[],"yoast_head":"<!-- This site is optimized with the Yoast SEO plugin v27.4 - https:\/\/yoast.com\/product\/yoast-seo-wordpress\/ -->\n<title>Mod\u00e8ls - ISVE COMBI - ISVE SpA - Traitement du bois - Recyclage - Broyeurs Granulateurs<\/title>\n<meta name=\"robots\" content=\"index, follow, max-snippet:-1, max-image-preview:large, max-video-preview:-1\" \/>\n<link rel=\"canonical\" href=\"https:\/\/isve.com\/fr\/broyeurs-industriels\/dechiqueteurs-serie-combi\/\" \/>\n<meta property=\"og:locale\" content=\"fr_FR\" \/>\n<meta property=\"og:type\" content=\"article\" \/>\n<meta property=\"og:title\" content=\"Mod\u00e8ls - ISVE COMBI - ISVE SpA - Traitement du bois - Recyclage - Broyeurs Granulateurs\" \/>\n<meta property=\"og:description\" content=\"Installation Combi: broyeur \u00e0 quatre arbres avec un granulateur en ligne, en mesure d&#8217;obtenir une finesse de broyage comprise entre 4-8 mm au final. Mod\u00e8ls &#8211; ISVE COMBI\" \/>\n<meta property=\"og:url\" content=\"https:\/\/isve.com\/fr\/broyeurs-industriels\/dechiqueteurs-serie-combi\/\" \/>\n<meta property=\"og:site_name\" content=\"ISVE SpA - Traitement du bois - Recyclage - Broyeurs Granulateurs\" \/>\n<meta property=\"article:modified_time\" content=\"2025-05-03T09:43:25+00:00\" \/>\n<meta property=\"og:image\" content=\"https:\/\/isve.com\/wp-content\/uploads\/combi_larga.jpg\" \/>\n\t<meta property=\"og:image:width\" content=\"1256\" \/>\n\t<meta property=\"og:image:height\" content=\"523\" \/>\n\t<meta property=\"og:image:type\" content=\"image\/jpeg\" \/>\n<meta name=\"twitter:card\" content=\"summary_large_image\" \/>\n<script type=\"application\/ld+json\" class=\"yoast-schema-graph\">{\"@context\":\"https:\\\/\\\/schema.org\",\"@graph\":[{\"@type\":\"WebPage\",\"@id\":\"https:\\\/\\\/isve.com\\\/fr\\\/broyeurs-industriels\\\/dechiqueteurs-serie-combi\\\/\",\"url\":\"https:\\\/\\\/isve.com\\\/fr\\\/broyeurs-industriels\\\/dechiqueteurs-serie-combi\\\/\",\"name\":\"Mod\u00e8ls - ISVE COMBI - ISVE SpA - Traitement du bois - Recyclage - Broyeurs Granulateurs\",\"isPartOf\":{\"@id\":\"https:\\\/\\\/isve.com\\\/fr\\\/#website\"},\"primaryImageOfPage\":{\"@id\":\"https:\\\/\\\/isve.com\\\/fr\\\/broyeurs-industriels\\\/dechiqueteurs-serie-combi\\\/#primaryimage\"},\"image\":{\"@id\":\"https:\\\/\\\/isve.com\\\/fr\\\/broyeurs-industriels\\\/dechiqueteurs-serie-combi\\\/#primaryimage\"},\"thumbnailUrl\":\"https:\\\/\\\/isve.com\\\/wp-content\\\/uploads\\\/combi_larga.jpg\",\"datePublished\":\"2019-10-08T08:08:22+00:00\",\"dateModified\":\"2025-05-03T09:43:25+00:00\",\"breadcrumb\":{\"@id\":\"https:\\\/\\\/isve.com\\\/fr\\\/broyeurs-industriels\\\/dechiqueteurs-serie-combi\\\/#breadcrumb\"},\"inLanguage\":\"fr-FR\",\"potentialAction\":[{\"@type\":\"ReadAction\",\"target\":[\"https:\\\/\\\/isve.com\\\/fr\\\/broyeurs-industriels\\\/dechiqueteurs-serie-combi\\\/\"]}]},{\"@type\":\"ImageObject\",\"inLanguage\":\"fr-FR\",\"@id\":\"https:\\\/\\\/isve.com\\\/fr\\\/broyeurs-industriels\\\/dechiqueteurs-serie-combi\\\/#primaryimage\",\"url\":\"https:\\\/\\\/isve.com\\\/wp-content\\\/uploads\\\/combi_larga.jpg\",\"contentUrl\":\"https:\\\/\\\/isve.com\\\/wp-content\\\/uploads\\\/combi_larga.jpg\",\"width\":1256,\"height\":523},{\"@type\":\"BreadcrumbList\",\"@id\":\"https:\\\/\\\/isve.com\\\/fr\\\/broyeurs-industriels\\\/dechiqueteurs-serie-combi\\\/#breadcrumb\",\"itemListElement\":[{\"@type\":\"ListItem\",\"position\":1,\"name\":\"Home\",\"item\":\"https:\\\/\\\/isve.com\\\/fr\\\/\"},{\"@type\":\"ListItem\",\"position\":2,\"name\":\"Produits Recycling\",\"item\":\"https:\\\/\\\/isve.com\\\/fr\\\/broyeurs-industriels\\\/\"},{\"@type\":\"ListItem\",\"position\":3,\"name\":\"Mod\u00e8ls &#8211; ISVE COMBI\"}]},{\"@type\":\"WebSite\",\"@id\":\"https:\\\/\\\/isve.com\\\/fr\\\/#website\",\"url\":\"https:\\\/\\\/isve.com\\\/fr\\\/\",\"name\":\"ISVE S.p.A.\",\"description\":\"Syst\u00e8mes de traitement du bois et pour dechiquetage broyage granulation\",\"publisher\":{\"@id\":\"https:\\\/\\\/isve.com\\\/fr\\\/#organization\"},\"potentialAction\":[{\"@type\":\"SearchAction\",\"target\":{\"@type\":\"EntryPoint\",\"urlTemplate\":\"https:\\\/\\\/isve.com\\\/fr\\\/?s={search_term_string}\"},\"query-input\":{\"@type\":\"PropertyValueSpecification\",\"valueRequired\":true,\"valueName\":\"search_term_string\"}}],\"inLanguage\":\"fr-FR\"},{\"@type\":\"Organization\",\"@id\":\"https:\\\/\\\/isve.com\\\/fr\\\/#organization\",\"name\":\"ISVE S.p.A.\",\"url\":\"https:\\\/\\\/isve.com\\\/fr\\\/\",\"logo\":{\"@type\":\"ImageObject\",\"inLanguage\":\"fr-FR\",\"@id\":\"https:\\\/\\\/isve.com\\\/fr\\\/#\\\/schema\\\/logo\\\/image\\\/\",\"url\":\"https:\\\/\\\/isve.com\\\/wp-content\\\/uploads\\\/2026\\\/01\\\/logo-isve-spa.png\",\"contentUrl\":\"https:\\\/\\\/isve.com\\\/wp-content\\\/uploads\\\/2026\\\/01\\\/logo-isve-spa.png\",\"width\":600,\"height\":173,\"caption\":\"ISVE S.p.A.\"},\"image\":{\"@id\":\"https:\\\/\\\/isve.com\\\/fr\\\/#\\\/schema\\\/logo\\\/image\\\/\"},\"sameAs\":[\"https:\\\/\\\/www.linkedin.com\\\/company\\\/69445471\",\"https:\\\/\\\/www.youtube.com\\\/@isves.p.a.8894\"]}]}<\/script>\n<!-- \/ Yoast SEO plugin. -->","yoast_head_json":{"title":"Mod\u00e8ls - ISVE COMBI - ISVE SpA - Traitement du bois - Recyclage - Broyeurs Granulateurs","robots":{"index":"index","follow":"follow","max-snippet":"max-snippet:-1","max-image-preview":"max-image-preview:large","max-video-preview":"max-video-preview:-1"},"canonical":"https:\/\/isve.com\/fr\/broyeurs-industriels\/dechiqueteurs-serie-combi\/","og_locale":"fr_FR","og_type":"article","og_title":"Mod\u00e8ls - ISVE COMBI - ISVE SpA - Traitement du bois - Recyclage - Broyeurs Granulateurs","og_description":"Installation Combi: broyeur \u00e0 quatre arbres avec un granulateur en ligne, en mesure d&#8217;obtenir une finesse de broyage comprise entre 4-8 mm au final. Mod\u00e8ls &#8211; ISVE COMBI","og_url":"https:\/\/isve.com\/fr\/broyeurs-industriels\/dechiqueteurs-serie-combi\/","og_site_name":"ISVE SpA - Traitement du bois - Recyclage - Broyeurs Granulateurs","article_modified_time":"2025-05-03T09:43:25+00:00","og_image":[{"width":1256,"height":523,"url":"https:\/\/isve.com\/wp-content\/uploads\/combi_larga.jpg","type":"image\/jpeg"}],"twitter_card":"summary_large_image","schema":{"@context":"https:\/\/schema.org","@graph":[{"@type":"WebPage","@id":"https:\/\/isve.com\/fr\/broyeurs-industriels\/dechiqueteurs-serie-combi\/","url":"https:\/\/isve.com\/fr\/broyeurs-industriels\/dechiqueteurs-serie-combi\/","name":"Mod\u00e8ls - ISVE COMBI - ISVE SpA - Traitement du bois - Recyclage - Broyeurs Granulateurs","isPartOf":{"@id":"https:\/\/isve.com\/fr\/#website"},"primaryImageOfPage":{"@id":"https:\/\/isve.com\/fr\/broyeurs-industriels\/dechiqueteurs-serie-combi\/#primaryimage"},"image":{"@id":"https:\/\/isve.com\/fr\/broyeurs-industriels\/dechiqueteurs-serie-combi\/#primaryimage"},"thumbnailUrl":"https:\/\/isve.com\/wp-content\/uploads\/combi_larga.jpg","datePublished":"2019-10-08T08:08:22+00:00","dateModified":"2025-05-03T09:43:25+00:00","breadcrumb":{"@id":"https:\/\/isve.com\/fr\/broyeurs-industriels\/dechiqueteurs-serie-combi\/#breadcrumb"},"inLanguage":"fr-FR","potentialAction":[{"@type":"ReadAction","target":["https:\/\/isve.com\/fr\/broyeurs-industriels\/dechiqueteurs-serie-combi\/"]}]},{"@type":"ImageObject","inLanguage":"fr-FR","@id":"https:\/\/isve.com\/fr\/broyeurs-industriels\/dechiqueteurs-serie-combi\/#primaryimage","url":"https:\/\/isve.com\/wp-content\/uploads\/combi_larga.jpg","contentUrl":"https:\/\/isve.com\/wp-content\/uploads\/combi_larga.jpg","width":1256,"height":523},{"@type":"BreadcrumbList","@id":"https:\/\/isve.com\/fr\/broyeurs-industriels\/dechiqueteurs-serie-combi\/#breadcrumb","itemListElement":[{"@type":"ListItem","position":1,"name":"Home","item":"https:\/\/isve.com\/fr\/"},{"@type":"ListItem","position":2,"name":"Produits Recycling","item":"https:\/\/isve.com\/fr\/broyeurs-industriels\/"},{"@type":"ListItem","position":3,"name":"Mod\u00e8ls &#8211; ISVE COMBI"}]},{"@type":"WebSite","@id":"https:\/\/isve.com\/fr\/#website","url":"https:\/\/isve.com\/fr\/","name":"ISVE S.p.A.","description":"Syst\u00e8mes de traitement du bois et pour dechiquetage broyage granulation","publisher":{"@id":"https:\/\/isve.com\/fr\/#organization"},"potentialAction":[{"@type":"SearchAction","target":{"@type":"EntryPoint","urlTemplate":"https:\/\/isve.com\/fr\/?s={search_term_string}"},"query-input":{"@type":"PropertyValueSpecification","valueRequired":true,"valueName":"search_term_string"}}],"inLanguage":"fr-FR"},{"@type":"Organization","@id":"https:\/\/isve.com\/fr\/#organization","name":"ISVE S.p.A.","url":"https:\/\/isve.com\/fr\/","logo":{"@type":"ImageObject","inLanguage":"fr-FR","@id":"https:\/\/isve.com\/fr\/#\/schema\/logo\/image\/","url":"https:\/\/isve.com\/wp-content\/uploads\/2026\/01\/logo-isve-spa.png","contentUrl":"https:\/\/isve.com\/wp-content\/uploads\/2026\/01\/logo-isve-spa.png","width":600,"height":173,"caption":"ISVE S.p.A."},"image":{"@id":"https:\/\/isve.com\/fr\/#\/schema\/logo\/image\/"},"sameAs":["https:\/\/www.linkedin.com\/company\/69445471","https:\/\/www.youtube.com\/@isves.p.a.8894"]}]}},"_links":{"self":[{"href":"https:\/\/isve.com\/fr\/wp-json\/wp\/v2\/pages\/3933","targetHints":{"allow":["GET"]}}],"collection":[{"href":"https:\/\/isve.com\/fr\/wp-json\/wp\/v2\/pages"}],"about":[{"href":"https:\/\/isve.com\/fr\/wp-json\/wp\/v2\/types\/page"}],"author":[{"embeddable":true,"href":"https:\/\/isve.com\/fr\/wp-json\/wp\/v2\/users\/1"}],"replies":[{"embeddable":true,"href":"https:\/\/isve.com\/fr\/wp-json\/wp\/v2\/comments?post=3933"}],"version-history":[{"count":0,"href":"https:\/\/isve.com\/fr\/wp-json\/wp\/v2\/pages\/3933\/revisions"}],"up":[{"embeddable":true,"href":"https:\/\/isve.com\/fr\/wp-json\/wp\/v2\/pages\/13660"}],"wp:featuredmedia":[{"embeddable":true,"href":"https:\/\/isve.com\/fr\/wp-json\/wp\/v2\/media\/1580"}],"wp:attachment":[{"href":"https:\/\/isve.com\/fr\/wp-json\/wp\/v2\/media?parent=3933"}],"wp:term":[{"taxonomy":"post_tag","embeddable":true,"href":"https:\/\/isve.com\/fr\/wp-json\/wp\/v2\/tags?post=3933"},{"taxonomy":"impaginazione","embeddable":true,"href":"https:\/\/isve.com\/fr\/wp-json\/wp\/v2\/impaginazione?post=3933"},{"taxonomy":"divisione","embeddable":true,"href":"https:\/\/isve.com\/fr\/wp-json\/wp\/v2\/divisione?post=3933"},{"taxonomy":"categorie_modelli","embeddable":true,"href":"https:\/\/isve.com\/fr\/wp-json\/wp\/v2\/categorie_modelli?post=3933"}],"curies":[{"name":"wp","href":"https:\/\/api.w.org\/{rel}","templated":true}]}}