{"id":3919,"date":"2019-09-17T10:17:30","date_gmt":"2019-09-17T08:17:30","guid":{"rendered":"https:\/\/isve.com\/?page_id=3919"},"modified":"2025-05-03T11:43:09","modified_gmt":"2025-05-03T09:43:09","slug":"applications-speciales-des-broyeurs-isve-avec-systeme-de-tamisage","status":"publish","type":"page","link":"https:\/\/isve.com\/fr\/broyeurs-industriels\/applications-speciales-des-broyeurs-isve-avec-systeme-de-tamisage\/","title":{"rendered":"APPLICATIONS SP\u00c9CIALES des broyeurs ISVE avec syst\u00e8me de tamisage"},"content":{"rendered":"<p>La combinaison d&#8217;une large gamme d&#8217;accessoires avec le<strong> broyeur industriel<\/strong> vous permet d&#8217;\u00e9tendre les possibilit\u00e9s d&#8217;application de ces machines, les rendant plus polyvalentes et pratiques \u00e0 utiliser.<br \/>\nDans cet esprit, I.S.V.E. a cr\u00e9\u00e9 un \u00e9quipement compos\u00e9 d&#8217;une unit\u00e9 de coupe plac\u00e9e au-dessus d&#8217;un tamis vibrant.<br \/>\nLa combinaison de ces deux machines vous permet de:<\/p>\n<ul>\n<li>effectuer un <strong>broyage<\/strong> grossier des <strong>enveloppes<\/strong> de tout type contenant des mat\u00e9riaux granuleux, poussi\u00e9reux ou liquides.<\/li>\n<li>pour faciliter la r\u00e9cup\u00e9ration du produit principal par tamisage.<\/li>\n<\/ul>\n<h2><strong>Groupe de coupe<\/strong><\/h2>\n<p><img decoding=\"async\" class=\"size-full wp-image-974 alignleft\" src=\"https:\/\/isve.com\/wp-content\/uploads\/trituratori_gruppo_di_taglio.jpg\" alt=\"frantumazione involucri\" width=\"200\" height=\"135\" \/><\/p>\n<p><img decoding=\"async\" class=\"wp-image-978 size-full alignright\" src=\"https:\/\/isve.com\/wp-content\/uploads\/trituratori_gruppo_di_taglio_2.jpg\" alt=\"frantumazione del materiale con vagliatura\" width=\"180\" height=\"135\" \/><\/p>\n<p>L&#8217;action de coupe du broyeur s&#8217;effectue gr\u00e2ce \u00e0 une s\u00e9rie d&#8217;\u00e9l\u00e9ments de coupe qui se croisent les uns les autres provoquant l&#8217;<strong>\u00e9crasement<\/strong> du <strong>mat\u00e9riau<\/strong>.<br \/>\nLes principaux \u00e9l\u00e9ments du syst\u00e8me sont des disques \u00e0 ar\u00eates vives, \u00e9quip\u00e9s de crochets.<br \/>\nChaque crochet a pour fonction &#8220;d&#8217;accrocher&#8221; le produit et de le transporter vers les couteaux mont\u00e9s sur deux ou plusieurs arbres de moteur contrarotatifs, qui assurent une coupe nette du mat\u00e9riau.<br \/>\nPendant cette phase, les emballages des emballages sont \u00e0 peu pr\u00e8s ouverts, ce qui permet au produit emball\u00e9 de sortir.<\/p>\n<p><img decoding=\"async\" class=\"wp-image-982 size-full alignleft\" src=\"https:\/\/isve.com\/wp-content\/uploads\/triturazione1.gif\" alt=\"recupero del prodotto primario\" width=\"171\" height=\"197\" \/><\/p>\n<p><img loading=\"lazy\" decoding=\"async\" class=\"wp-image-986 size-full alignright\" src=\"https:\/\/isve.com\/wp-content\/uploads\/triturazione2.gif\" alt=\"recupero del prodotto primario\" width=\"310\" height=\"197\" \/><\/p>\n<p>Pendant la premi\u00e8re phase, le broyeur ouvre l&#8217;emballage permettant au produit de s&#8217;\u00e9chapper. Les d\u00e9chets d\u00e9chiquet\u00e9s sont ensuite s\u00e9par\u00e9s en fonction de la taille des particules, ce qui permet de r\u00e9cup\u00e9rer le produit primaire.<\/p>\n<h2><\/h2>\n<p>&nbsp;<\/p>\n<h2><strong><br style=\"clear: both;\" \/>Groupe de d\u00e9pistage<\/strong><\/h2>\n<p>L&#8217;ensemble homog\u00e8ne des emballages et des chutes de produits est transport\u00e9 sur un filet qui s\u00e9pare initialement les d\u00e9chets grossiers.<br \/>\nApr\u00e8s avoir \u00e9t\u00e9 tamis\u00e9, le produit \u00e0 r\u00e9cup\u00e9rer tombe dans le r\u00e9cipient inf\u00e9rieur et est \u00e9vacu\u00e9 par une buse.<br \/>\nLa synergie entre les deux appareils permet la r\u00e9cup\u00e9ration de produits agroalimentaires tels que le caf\u00e9, le cacao, la farine, le lait en poudre, les jus de fruits et autres mat\u00e9riaux emball\u00e9s.<br \/>\nChaque broyeur industriel est facilement accessoiris\u00e9 avec des tamis vibrants d&#8217;un diam\u00e8tre de 400-600-900-1200-1500-1800 mm avec un certain nombre de filets de 1 \u00e0 4 selon le type de traitement.<\/p>\n<p>I.S.V.E. Srl est capable, gr\u00e2ce \u00e0 sa gamme de broyeurs, de trouver la solution la plus appropri\u00e9e pour les petits et les grands utilisateurs, avec une production de 50 \u00e0 200 kg \/ heure de mat\u00e9riau r\u00e9cup\u00e9r\u00e9.<\/p>\n<p>&nbsp;<\/p>\n","protected":false},"excerpt":{"rendered":"<p>La combinaison d&#8217;une large gamme d&#8217;accessoires avec le broyeur industriel vous permet d&#8217;\u00e9tendre les possibilit\u00e9s d&#8217;application de ces machines, les rendant plus polyvalentes et pratiques \u00e0 utiliser. Dans cet esprit, I.S.V.E. a cr\u00e9\u00e9 un \u00e9quipement compos\u00e9 d&#8217;une unit\u00e9 de coupe plac\u00e9e au-dessus d&#8217;un tamis vibrant. La combinaison de ces deux machines vous permet de: effectuer&hellip;<\/p>\n","protected":false},"author":1,"featured_media":3003,"parent":13660,"menu_order":437,"comment_status":"closed","ping_status":"closed","template":"","meta":{"_acf_changed":false,"footnotes":""},"tags":[],"impaginazione":[],"divisione":[3689],"categorie_modelli":[],"class_list":["post-3919","page","type-page","status-publish","has-post-thumbnail","hentry","divisione-isve-recycling","description-off"],"acf":[],"yoast_head":"<!-- This site is optimized with the Yoast SEO plugin v27.4 - https:\/\/yoast.com\/product\/yoast-seo-wordpress\/ -->\n<title>APPLICATIONS SP\u00c9CIALES des broyeurs ISVE avec syst\u00e8me de tamisage - ISVE SpA - Traitement du bois - Recyclage - Broyeurs Granulateurs<\/title>\n<meta name=\"robots\" content=\"index, follow, max-snippet:-1, max-image-preview:large, max-video-preview:-1\" \/>\n<link rel=\"canonical\" href=\"https:\/\/isve.com\/fr\/broyeurs-industriels\/applications-speciales-des-broyeurs-isve-avec-systeme-de-tamisage\/\" \/>\n<meta property=\"og:locale\" content=\"fr_FR\" \/>\n<meta property=\"og:type\" content=\"article\" \/>\n<meta property=\"og:title\" content=\"APPLICATIONS SP\u00c9CIALES des broyeurs ISVE avec syst\u00e8me de tamisage - ISVE SpA - Traitement du bois - Recyclage - Broyeurs Granulateurs\" \/>\n<meta property=\"og:description\" content=\"La combinaison d&#8217;une large gamme d&#8217;accessoires avec le broyeur industriel vous permet d&#8217;\u00e9tendre les possibilit\u00e9s d&#8217;application de ces machines, les rendant plus polyvalentes et pratiques \u00e0 utiliser. Dans cet esprit, I.S.V.E. a cr\u00e9\u00e9 un \u00e9quipement compos\u00e9 d&#8217;une unit\u00e9 de coupe plac\u00e9e au-dessus d&#8217;un tamis vibrant. La combinaison de ces deux machines vous permet de: effectuer&hellip;\" \/>\n<meta property=\"og:url\" content=\"https:\/\/isve.com\/fr\/broyeurs-industriels\/applications-speciales-des-broyeurs-isve-avec-systeme-de-tamisage\/\" \/>\n<meta property=\"og:site_name\" content=\"ISVE SpA - Traitement du bois - Recyclage - Broyeurs Granulateurs\" \/>\n<meta property=\"article:modified_time\" content=\"2025-05-03T09:43:09+00:00\" \/>\n<meta property=\"og:image\" content=\"https:\/\/isve.com\/wp-content\/uploads\/trituratori_4_alberi_applicazioni_speciali.jpg\" \/>\n\t<meta property=\"og:image:width\" content=\"1600\" \/>\n\t<meta property=\"og:image:height\" content=\"666\" \/>\n\t<meta property=\"og:image:type\" content=\"image\/jpeg\" \/>\n<meta name=\"twitter:card\" content=\"summary_large_image\" \/>\n<meta name=\"twitter:label1\" content=\"Dur\u00e9e de lecture estim\u00e9e\" \/>\n\t<meta name=\"twitter:data1\" content=\"2 minutes\" \/>\n<script type=\"application\/ld+json\" class=\"yoast-schema-graph\">{\"@context\":\"https:\\\/\\\/schema.org\",\"@graph\":[{\"@type\":\"WebPage\",\"@id\":\"https:\\\/\\\/isve.com\\\/fr\\\/broyeurs-industriels\\\/applications-speciales-des-broyeurs-isve-avec-systeme-de-tamisage\\\/\",\"url\":\"https:\\\/\\\/isve.com\\\/fr\\\/broyeurs-industriels\\\/applications-speciales-des-broyeurs-isve-avec-systeme-de-tamisage\\\/\",\"name\":\"APPLICATIONS SP\u00c9CIALES des broyeurs ISVE avec syst\u00e8me de tamisage - ISVE SpA - Traitement du bois - Recyclage - Broyeurs Granulateurs\",\"isPartOf\":{\"@id\":\"https:\\\/\\\/isve.com\\\/fr\\\/#website\"},\"primaryImageOfPage\":{\"@id\":\"https:\\\/\\\/isve.com\\\/fr\\\/broyeurs-industriels\\\/applications-speciales-des-broyeurs-isve-avec-systeme-de-tamisage\\\/#primaryimage\"},\"image\":{\"@id\":\"https:\\\/\\\/isve.com\\\/fr\\\/broyeurs-industriels\\\/applications-speciales-des-broyeurs-isve-avec-systeme-de-tamisage\\\/#primaryimage\"},\"thumbnailUrl\":\"https:\\\/\\\/isve.com\\\/wp-content\\\/uploads\\\/trituratori_4_alberi_applicazioni_speciali.jpg\",\"datePublished\":\"2019-09-17T08:17:30+00:00\",\"dateModified\":\"2025-05-03T09:43:09+00:00\",\"breadcrumb\":{\"@id\":\"https:\\\/\\\/isve.com\\\/fr\\\/broyeurs-industriels\\\/applications-speciales-des-broyeurs-isve-avec-systeme-de-tamisage\\\/#breadcrumb\"},\"inLanguage\":\"fr-FR\",\"potentialAction\":[{\"@type\":\"ReadAction\",\"target\":[\"https:\\\/\\\/isve.com\\\/fr\\\/broyeurs-industriels\\\/applications-speciales-des-broyeurs-isve-avec-systeme-de-tamisage\\\/\"]}]},{\"@type\":\"ImageObject\",\"inLanguage\":\"fr-FR\",\"@id\":\"https:\\\/\\\/isve.com\\\/fr\\\/broyeurs-industriels\\\/applications-speciales-des-broyeurs-isve-avec-systeme-de-tamisage\\\/#primaryimage\",\"url\":\"https:\\\/\\\/isve.com\\\/wp-content\\\/uploads\\\/trituratori_4_alberi_applicazioni_speciali.jpg\",\"contentUrl\":\"https:\\\/\\\/isve.com\\\/wp-content\\\/uploads\\\/trituratori_4_alberi_applicazioni_speciali.jpg\",\"width\":1600,\"height\":666},{\"@type\":\"BreadcrumbList\",\"@id\":\"https:\\\/\\\/isve.com\\\/fr\\\/broyeurs-industriels\\\/applications-speciales-des-broyeurs-isve-avec-systeme-de-tamisage\\\/#breadcrumb\",\"itemListElement\":[{\"@type\":\"ListItem\",\"position\":1,\"name\":\"Home\",\"item\":\"https:\\\/\\\/isve.com\\\/fr\\\/\"},{\"@type\":\"ListItem\",\"position\":2,\"name\":\"Produits Recycling\",\"item\":\"https:\\\/\\\/isve.com\\\/fr\\\/broyeurs-industriels\\\/\"},{\"@type\":\"ListItem\",\"position\":3,\"name\":\"APPLICATIONS SP\u00c9CIALES des broyeurs ISVE avec syst\u00e8me de tamisage\"}]},{\"@type\":\"WebSite\",\"@id\":\"https:\\\/\\\/isve.com\\\/fr\\\/#website\",\"url\":\"https:\\\/\\\/isve.com\\\/fr\\\/\",\"name\":\"ISVE S.p.A.\",\"description\":\"Syst\u00e8mes de traitement du bois et pour dechiquetage broyage granulation\",\"publisher\":{\"@id\":\"https:\\\/\\\/isve.com\\\/fr\\\/#organization\"},\"potentialAction\":[{\"@type\":\"SearchAction\",\"target\":{\"@type\":\"EntryPoint\",\"urlTemplate\":\"https:\\\/\\\/isve.com\\\/fr\\\/?s={search_term_string}\"},\"query-input\":{\"@type\":\"PropertyValueSpecification\",\"valueRequired\":true,\"valueName\":\"search_term_string\"}}],\"inLanguage\":\"fr-FR\"},{\"@type\":\"Organization\",\"@id\":\"https:\\\/\\\/isve.com\\\/fr\\\/#organization\",\"name\":\"ISVE S.p.A.\",\"url\":\"https:\\\/\\\/isve.com\\\/fr\\\/\",\"logo\":{\"@type\":\"ImageObject\",\"inLanguage\":\"fr-FR\",\"@id\":\"https:\\\/\\\/isve.com\\\/fr\\\/#\\\/schema\\\/logo\\\/image\\\/\",\"url\":\"https:\\\/\\\/isve.com\\\/wp-content\\\/uploads\\\/2026\\\/01\\\/logo-isve-spa.png\",\"contentUrl\":\"https:\\\/\\\/isve.com\\\/wp-content\\\/uploads\\\/2026\\\/01\\\/logo-isve-spa.png\",\"width\":600,\"height\":173,\"caption\":\"ISVE S.p.A.\"},\"image\":{\"@id\":\"https:\\\/\\\/isve.com\\\/fr\\\/#\\\/schema\\\/logo\\\/image\\\/\"},\"sameAs\":[\"https:\\\/\\\/www.linkedin.com\\\/company\\\/69445471\",\"https:\\\/\\\/www.youtube.com\\\/@isves.p.a.8894\"]}]}<\/script>\n<!-- \/ Yoast SEO plugin. -->","yoast_head_json":{"title":"APPLICATIONS SP\u00c9CIALES des broyeurs ISVE avec syst\u00e8me de tamisage - ISVE SpA - Traitement du bois - Recyclage - Broyeurs Granulateurs","robots":{"index":"index","follow":"follow","max-snippet":"max-snippet:-1","max-image-preview":"max-image-preview:large","max-video-preview":"max-video-preview:-1"},"canonical":"https:\/\/isve.com\/fr\/broyeurs-industriels\/applications-speciales-des-broyeurs-isve-avec-systeme-de-tamisage\/","og_locale":"fr_FR","og_type":"article","og_title":"APPLICATIONS SP\u00c9CIALES des broyeurs ISVE avec syst\u00e8me de tamisage - ISVE SpA - Traitement du bois - Recyclage - Broyeurs Granulateurs","og_description":"La combinaison d&#8217;une large gamme d&#8217;accessoires avec le broyeur industriel vous permet d&#8217;\u00e9tendre les possibilit\u00e9s d&#8217;application de ces machines, les rendant plus polyvalentes et pratiques \u00e0 utiliser. Dans cet esprit, I.S.V.E. a cr\u00e9\u00e9 un \u00e9quipement compos\u00e9 d&#8217;une unit\u00e9 de coupe plac\u00e9e au-dessus d&#8217;un tamis vibrant. La combinaison de ces deux machines vous permet de: effectuer&hellip;","og_url":"https:\/\/isve.com\/fr\/broyeurs-industriels\/applications-speciales-des-broyeurs-isve-avec-systeme-de-tamisage\/","og_site_name":"ISVE SpA - Traitement du bois - Recyclage - Broyeurs Granulateurs","article_modified_time":"2025-05-03T09:43:09+00:00","og_image":[{"width":1600,"height":666,"url":"https:\/\/isve.com\/wp-content\/uploads\/trituratori_4_alberi_applicazioni_speciali.jpg","type":"image\/jpeg"}],"twitter_card":"summary_large_image","twitter_misc":{"Dur\u00e9e de lecture estim\u00e9e":"2 minutes"},"schema":{"@context":"https:\/\/schema.org","@graph":[{"@type":"WebPage","@id":"https:\/\/isve.com\/fr\/broyeurs-industriels\/applications-speciales-des-broyeurs-isve-avec-systeme-de-tamisage\/","url":"https:\/\/isve.com\/fr\/broyeurs-industriels\/applications-speciales-des-broyeurs-isve-avec-systeme-de-tamisage\/","name":"APPLICATIONS SP\u00c9CIALES des broyeurs ISVE avec syst\u00e8me de tamisage - ISVE SpA - Traitement du bois - Recyclage - Broyeurs Granulateurs","isPartOf":{"@id":"https:\/\/isve.com\/fr\/#website"},"primaryImageOfPage":{"@id":"https:\/\/isve.com\/fr\/broyeurs-industriels\/applications-speciales-des-broyeurs-isve-avec-systeme-de-tamisage\/#primaryimage"},"image":{"@id":"https:\/\/isve.com\/fr\/broyeurs-industriels\/applications-speciales-des-broyeurs-isve-avec-systeme-de-tamisage\/#primaryimage"},"thumbnailUrl":"https:\/\/isve.com\/wp-content\/uploads\/trituratori_4_alberi_applicazioni_speciali.jpg","datePublished":"2019-09-17T08:17:30+00:00","dateModified":"2025-05-03T09:43:09+00:00","breadcrumb":{"@id":"https:\/\/isve.com\/fr\/broyeurs-industriels\/applications-speciales-des-broyeurs-isve-avec-systeme-de-tamisage\/#breadcrumb"},"inLanguage":"fr-FR","potentialAction":[{"@type":"ReadAction","target":["https:\/\/isve.com\/fr\/broyeurs-industriels\/applications-speciales-des-broyeurs-isve-avec-systeme-de-tamisage\/"]}]},{"@type":"ImageObject","inLanguage":"fr-FR","@id":"https:\/\/isve.com\/fr\/broyeurs-industriels\/applications-speciales-des-broyeurs-isve-avec-systeme-de-tamisage\/#primaryimage","url":"https:\/\/isve.com\/wp-content\/uploads\/trituratori_4_alberi_applicazioni_speciali.jpg","contentUrl":"https:\/\/isve.com\/wp-content\/uploads\/trituratori_4_alberi_applicazioni_speciali.jpg","width":1600,"height":666},{"@type":"BreadcrumbList","@id":"https:\/\/isve.com\/fr\/broyeurs-industriels\/applications-speciales-des-broyeurs-isve-avec-systeme-de-tamisage\/#breadcrumb","itemListElement":[{"@type":"ListItem","position":1,"name":"Home","item":"https:\/\/isve.com\/fr\/"},{"@type":"ListItem","position":2,"name":"Produits Recycling","item":"https:\/\/isve.com\/fr\/broyeurs-industriels\/"},{"@type":"ListItem","position":3,"name":"APPLICATIONS SP\u00c9CIALES des broyeurs ISVE avec syst\u00e8me de tamisage"}]},{"@type":"WebSite","@id":"https:\/\/isve.com\/fr\/#website","url":"https:\/\/isve.com\/fr\/","name":"ISVE S.p.A.","description":"Syst\u00e8mes de traitement du bois et pour dechiquetage broyage granulation","publisher":{"@id":"https:\/\/isve.com\/fr\/#organization"},"potentialAction":[{"@type":"SearchAction","target":{"@type":"EntryPoint","urlTemplate":"https:\/\/isve.com\/fr\/?s={search_term_string}"},"query-input":{"@type":"PropertyValueSpecification","valueRequired":true,"valueName":"search_term_string"}}],"inLanguage":"fr-FR"},{"@type":"Organization","@id":"https:\/\/isve.com\/fr\/#organization","name":"ISVE S.p.A.","url":"https:\/\/isve.com\/fr\/","logo":{"@type":"ImageObject","inLanguage":"fr-FR","@id":"https:\/\/isve.com\/fr\/#\/schema\/logo\/image\/","url":"https:\/\/isve.com\/wp-content\/uploads\/2026\/01\/logo-isve-spa.png","contentUrl":"https:\/\/isve.com\/wp-content\/uploads\/2026\/01\/logo-isve-spa.png","width":600,"height":173,"caption":"ISVE S.p.A."},"image":{"@id":"https:\/\/isve.com\/fr\/#\/schema\/logo\/image\/"},"sameAs":["https:\/\/www.linkedin.com\/company\/69445471","https:\/\/www.youtube.com\/@isves.p.a.8894"]}]}},"_links":{"self":[{"href":"https:\/\/isve.com\/fr\/wp-json\/wp\/v2\/pages\/3919","targetHints":{"allow":["GET"]}}],"collection":[{"href":"https:\/\/isve.com\/fr\/wp-json\/wp\/v2\/pages"}],"about":[{"href":"https:\/\/isve.com\/fr\/wp-json\/wp\/v2\/types\/page"}],"author":[{"embeddable":true,"href":"https:\/\/isve.com\/fr\/wp-json\/wp\/v2\/users\/1"}],"replies":[{"embeddable":true,"href":"https:\/\/isve.com\/fr\/wp-json\/wp\/v2\/comments?post=3919"}],"version-history":[{"count":0,"href":"https:\/\/isve.com\/fr\/wp-json\/wp\/v2\/pages\/3919\/revisions"}],"up":[{"embeddable":true,"href":"https:\/\/isve.com\/fr\/wp-json\/wp\/v2\/pages\/13660"}],"wp:featuredmedia":[{"embeddable":true,"href":"https:\/\/isve.com\/fr\/wp-json\/wp\/v2\/media\/3003"}],"wp:attachment":[{"href":"https:\/\/isve.com\/fr\/wp-json\/wp\/v2\/media?parent=3919"}],"wp:term":[{"taxonomy":"post_tag","embeddable":true,"href":"https:\/\/isve.com\/fr\/wp-json\/wp\/v2\/tags?post=3919"},{"taxonomy":"impaginazione","embeddable":true,"href":"https:\/\/isve.com\/fr\/wp-json\/wp\/v2\/impaginazione?post=3919"},{"taxonomy":"divisione","embeddable":true,"href":"https:\/\/isve.com\/fr\/wp-json\/wp\/v2\/divisione?post=3919"},{"taxonomy":"categorie_modelli","embeddable":true,"href":"https:\/\/isve.com\/fr\/wp-json\/wp\/v2\/categorie_modelli?post=3919"}],"curies":[{"name":"wp","href":"https:\/\/api.w.org\/{rel}","templated":true}]}}