{"id":3913,"date":"2019-09-17T09:59:40","date_gmt":"2019-09-17T07:59:40","guid":{"rendered":"https:\/\/isve.com\/?page_id=3913"},"modified":"2025-05-03T11:42:21","modified_gmt":"2025-05-03T09:42:21","slug":"broyeurs-dechets-plastiques-de-volume-important","status":"publish","type":"page","link":"https:\/\/isve.com\/fr\/broyeurs-industriels\/broyeurs-dechets-plastiques-de-volume-important\/","title":{"rendered":"Broyeurs d\u00e9chets plastiques de volume important"},"content":{"rendered":"<p class=\"body\">Le ISVE permet, avec des co\u00fbts d&#8217;investissement et d&#8217;exploitation r\u00e9duits, d&#8217;\u00e9liminer le probl\u00e8me de l a r\u00e9cup\u00e9ration de morceaux de d\u00e9chets plastiques de volume important. Gr\u00e2ce au couple \u00e9lev\u00e9 de coupe et \u00e0 la faible vitesse de rotation, le groupe de broyage est peu bruyant et, par de ses quatre arbres, id\u00e9al pour la prise de corps aux formes sph\u00e9riques ou cylindriques qui ont tendance \u00e0 \u00e9chapper aux broyeurs traditionnels \u00e0 deux arbres.<\/p>\n<p>&nbsp;<\/p>\n<h2 class=\"body\"><span class=\"title\"><b>PHASES DE BROYAGE DE MATIERES PLASTIQUES<\/b><\/span><\/h2>\n<p>&nbsp;<\/p>\n<p><span class=\"title\"><strong>PHASES 1 <\/strong> <\/span><\/p>\n<p><img decoding=\"async\" class=\"size-full wp-image-951 alignright\" src=\"https:\/\/isve.com\/wp-content\/uploads\/recupero_scarti_plastica_1.jpg\" alt=\"\" width=\"180\" height=\"110\" \/>L&#8217;\u00e9l\u00e9ment \u00e0 broyer vient s&#8217;appuyer sur le groupe de fraises. Pour le broyage il n&#8217;est pas n\u00e9cessaire d&#8217;utiliser un &#8220;pousseur&#8221; quelconque.<\/p>\n<hr style=\"clear: both;\" \/>\n<p><span class=\"title\"><strong><img decoding=\"async\" class=\"size-full wp-image-955 alignright\" src=\"https:\/\/isve.com\/wp-content\/uploads\/recupero_scarti_plastica_2.jpg\" alt=\"\" width=\"180\" height=\"124\" \/>PHASES 2 <\/strong><\/span><\/p>\n<p>D\u00e8s la mise en marche de la machine les disques introducteurs commencent la &#8220;saisie&#8221; du bidon, en for\u00e7ant l&#8217;entr\u00e9e dans le groupe de fraises.<\/p>\n<hr style=\"clear: both;\" \/>\n<p><span class=\"title\"><strong><img decoding=\"async\" class=\"size-full wp-image-959 alignright\" src=\"https:\/\/isve.com\/wp-content\/uploads\/recupero_scarti_plastica_3.jpg\" alt=\"\" width=\"180\" height=\"121\" \/>PHASES 3 <\/strong><\/span><\/p>\n<p>La forme particuli\u00e8re des dents pourvoit \u00e0 une action continue d&#8217;accrochage du mat\u00e9riau.<\/p>\n<hr style=\"clear: both;\" \/>\n<p><span class=\"title\"><strong><img loading=\"lazy\" decoding=\"async\" class=\"size-full wp-image-963 alignright\" src=\"https:\/\/isve.com\/wp-content\/uploads\/recupero_scarti_plastica_4.jpg\" alt=\"\" width=\"180\" height=\"119\" \/>PHASES 4<\/strong> <\/span><\/p>\n<p>Les morceaux coup\u00e9s qui n&#8217;ont pas atteint la granulom\u00e9trie souhait\u00e9e, sont renvoy\u00e9s dans le circuit pour un broyage successif.<br \/>\nLe Tritotutto permet d&#8217;obtenir une finesse de broyage jusqu&#8217;\u00e0 12-14 mm.<\/p>\n<p>&nbsp;<\/p>\n","protected":false},"excerpt":{"rendered":"<p>Le ISVE permet, avec des co\u00fbts d&#8217;investissement et d&#8217;exploitation r\u00e9duits, d&#8217;\u00e9liminer le probl\u00e8me de l a r\u00e9cup\u00e9ration de morceaux de d\u00e9chets plastiques de volume important. Gr\u00e2ce au couple \u00e9lev\u00e9 de coupe et \u00e0 la faible vitesse de rotation, le groupe de broyage est peu bruyant et, par de ses quatre arbres, id\u00e9al pour la prise&hellip;<\/p>\n","protected":false},"author":1,"featured_media":3007,"parent":13660,"menu_order":402,"comment_status":"closed","ping_status":"closed","template":"","meta":{"_acf_changed":false,"footnotes":""},"tags":[],"impaginazione":[],"divisione":[3689],"categorie_modelli":[],"class_list":["post-3913","page","type-page","status-publish","has-post-thumbnail","hentry","divisione-isve-recycling","description-off"],"acf":[],"yoast_head":"<!-- This site is optimized with the Yoast SEO plugin v27.4 - https:\/\/yoast.com\/product\/yoast-seo-wordpress\/ -->\n<title>Broyeurs d\u00e9chets plastiques de volume important - ISVE SpA - Traitement du bois - Recyclage - Broyeurs Granulateurs<\/title>\n<meta name=\"robots\" content=\"index, follow, max-snippet:-1, max-image-preview:large, max-video-preview:-1\" \/>\n<link rel=\"canonical\" href=\"https:\/\/isve.com\/fr\/broyeurs-industriels\/broyeurs-dechets-plastiques-de-volume-important\/\" \/>\n<meta property=\"og:locale\" content=\"fr_FR\" \/>\n<meta property=\"og:type\" content=\"article\" \/>\n<meta property=\"og:title\" content=\"Broyeurs d\u00e9chets plastiques de volume important - ISVE SpA - Traitement du bois - Recyclage - Broyeurs Granulateurs\" \/>\n<meta property=\"og:description\" content=\"Le ISVE permet, avec des co\u00fbts d&#8217;investissement et d&#8217;exploitation r\u00e9duits, d&#8217;\u00e9liminer le probl\u00e8me de l a r\u00e9cup\u00e9ration de morceaux de d\u00e9chets plastiques de volume important. Gr\u00e2ce au couple \u00e9lev\u00e9 de coupe et \u00e0 la faible vitesse de rotation, le groupe de broyage est peu bruyant et, par de ses quatre arbres, id\u00e9al pour la prise&hellip;\" \/>\n<meta property=\"og:url\" content=\"https:\/\/isve.com\/fr\/broyeurs-industriels\/broyeurs-dechets-plastiques-de-volume-important\/\" \/>\n<meta property=\"og:site_name\" content=\"ISVE SpA - Traitement du bois - Recyclage - Broyeurs Granulateurs\" \/>\n<meta property=\"article:modified_time\" content=\"2025-05-03T09:42:21+00:00\" \/>\n<meta property=\"og:image\" content=\"https:\/\/isve.com\/wp-content\/uploads\/trituratori_4_alberi_materie_plastiche.jpg\" \/>\n\t<meta property=\"og:image:width\" content=\"1600\" \/>\n\t<meta property=\"og:image:height\" content=\"847\" \/>\n\t<meta property=\"og:image:type\" content=\"image\/jpeg\" \/>\n<meta name=\"twitter:card\" content=\"summary_large_image\" \/>\n<meta name=\"twitter:label1\" content=\"Dur\u00e9e de lecture estim\u00e9e\" \/>\n\t<meta name=\"twitter:data1\" content=\"1 minute\" \/>\n<script type=\"application\/ld+json\" class=\"yoast-schema-graph\">{\"@context\":\"https:\\\/\\\/schema.org\",\"@graph\":[{\"@type\":\"WebPage\",\"@id\":\"https:\\\/\\\/isve.com\\\/fr\\\/broyeurs-industriels\\\/broyeurs-dechets-plastiques-de-volume-important\\\/\",\"url\":\"https:\\\/\\\/isve.com\\\/fr\\\/broyeurs-industriels\\\/broyeurs-dechets-plastiques-de-volume-important\\\/\",\"name\":\"Broyeurs d\u00e9chets plastiques de volume important - ISVE SpA - Traitement du bois - Recyclage - Broyeurs Granulateurs\",\"isPartOf\":{\"@id\":\"https:\\\/\\\/isve.com\\\/fr\\\/#website\"},\"primaryImageOfPage\":{\"@id\":\"https:\\\/\\\/isve.com\\\/fr\\\/broyeurs-industriels\\\/broyeurs-dechets-plastiques-de-volume-important\\\/#primaryimage\"},\"image\":{\"@id\":\"https:\\\/\\\/isve.com\\\/fr\\\/broyeurs-industriels\\\/broyeurs-dechets-plastiques-de-volume-important\\\/#primaryimage\"},\"thumbnailUrl\":\"https:\\\/\\\/isve.com\\\/wp-content\\\/uploads\\\/trituratori_4_alberi_materie_plastiche.jpg\",\"datePublished\":\"2019-09-17T07:59:40+00:00\",\"dateModified\":\"2025-05-03T09:42:21+00:00\",\"breadcrumb\":{\"@id\":\"https:\\\/\\\/isve.com\\\/fr\\\/broyeurs-industriels\\\/broyeurs-dechets-plastiques-de-volume-important\\\/#breadcrumb\"},\"inLanguage\":\"fr-FR\",\"potentialAction\":[{\"@type\":\"ReadAction\",\"target\":[\"https:\\\/\\\/isve.com\\\/fr\\\/broyeurs-industriels\\\/broyeurs-dechets-plastiques-de-volume-important\\\/\"]}]},{\"@type\":\"ImageObject\",\"inLanguage\":\"fr-FR\",\"@id\":\"https:\\\/\\\/isve.com\\\/fr\\\/broyeurs-industriels\\\/broyeurs-dechets-plastiques-de-volume-important\\\/#primaryimage\",\"url\":\"https:\\\/\\\/isve.com\\\/wp-content\\\/uploads\\\/trituratori_4_alberi_materie_plastiche.jpg\",\"contentUrl\":\"https:\\\/\\\/isve.com\\\/wp-content\\\/uploads\\\/trituratori_4_alberi_materie_plastiche.jpg\",\"width\":1600,\"height\":847},{\"@type\":\"BreadcrumbList\",\"@id\":\"https:\\\/\\\/isve.com\\\/fr\\\/broyeurs-industriels\\\/broyeurs-dechets-plastiques-de-volume-important\\\/#breadcrumb\",\"itemListElement\":[{\"@type\":\"ListItem\",\"position\":1,\"name\":\"Home\",\"item\":\"https:\\\/\\\/isve.com\\\/fr\\\/\"},{\"@type\":\"ListItem\",\"position\":2,\"name\":\"Produits Recycling\",\"item\":\"https:\\\/\\\/isve.com\\\/fr\\\/broyeurs-industriels\\\/\"},{\"@type\":\"ListItem\",\"position\":3,\"name\":\"Broyeurs d\u00e9chets plastiques de volume important\"}]},{\"@type\":\"WebSite\",\"@id\":\"https:\\\/\\\/isve.com\\\/fr\\\/#website\",\"url\":\"https:\\\/\\\/isve.com\\\/fr\\\/\",\"name\":\"ISVE S.p.A.\",\"description\":\"Syst\u00e8mes de traitement du bois et pour dechiquetage broyage granulation\",\"publisher\":{\"@id\":\"https:\\\/\\\/isve.com\\\/fr\\\/#organization\"},\"potentialAction\":[{\"@type\":\"SearchAction\",\"target\":{\"@type\":\"EntryPoint\",\"urlTemplate\":\"https:\\\/\\\/isve.com\\\/fr\\\/?s={search_term_string}\"},\"query-input\":{\"@type\":\"PropertyValueSpecification\",\"valueRequired\":true,\"valueName\":\"search_term_string\"}}],\"inLanguage\":\"fr-FR\"},{\"@type\":\"Organization\",\"@id\":\"https:\\\/\\\/isve.com\\\/fr\\\/#organization\",\"name\":\"ISVE S.p.A.\",\"url\":\"https:\\\/\\\/isve.com\\\/fr\\\/\",\"logo\":{\"@type\":\"ImageObject\",\"inLanguage\":\"fr-FR\",\"@id\":\"https:\\\/\\\/isve.com\\\/fr\\\/#\\\/schema\\\/logo\\\/image\\\/\",\"url\":\"https:\\\/\\\/isve.com\\\/wp-content\\\/uploads\\\/2026\\\/01\\\/logo-isve-spa.png\",\"contentUrl\":\"https:\\\/\\\/isve.com\\\/wp-content\\\/uploads\\\/2026\\\/01\\\/logo-isve-spa.png\",\"width\":600,\"height\":173,\"caption\":\"ISVE S.p.A.\"},\"image\":{\"@id\":\"https:\\\/\\\/isve.com\\\/fr\\\/#\\\/schema\\\/logo\\\/image\\\/\"},\"sameAs\":[\"https:\\\/\\\/www.linkedin.com\\\/company\\\/69445471\",\"https:\\\/\\\/www.youtube.com\\\/@isves.p.a.8894\"]}]}<\/script>\n<!-- \/ Yoast SEO plugin. -->","yoast_head_json":{"title":"Broyeurs d\u00e9chets plastiques de volume important - ISVE SpA - Traitement du bois - Recyclage - Broyeurs Granulateurs","robots":{"index":"index","follow":"follow","max-snippet":"max-snippet:-1","max-image-preview":"max-image-preview:large","max-video-preview":"max-video-preview:-1"},"canonical":"https:\/\/isve.com\/fr\/broyeurs-industriels\/broyeurs-dechets-plastiques-de-volume-important\/","og_locale":"fr_FR","og_type":"article","og_title":"Broyeurs d\u00e9chets plastiques de volume important - ISVE SpA - Traitement du bois - Recyclage - Broyeurs Granulateurs","og_description":"Le ISVE permet, avec des co\u00fbts d&#8217;investissement et d&#8217;exploitation r\u00e9duits, d&#8217;\u00e9liminer le probl\u00e8me de l a r\u00e9cup\u00e9ration de morceaux de d\u00e9chets plastiques de volume important. Gr\u00e2ce au couple \u00e9lev\u00e9 de coupe et \u00e0 la faible vitesse de rotation, le groupe de broyage est peu bruyant et, par de ses quatre arbres, id\u00e9al pour la prise&hellip;","og_url":"https:\/\/isve.com\/fr\/broyeurs-industriels\/broyeurs-dechets-plastiques-de-volume-important\/","og_site_name":"ISVE SpA - Traitement du bois - Recyclage - Broyeurs Granulateurs","article_modified_time":"2025-05-03T09:42:21+00:00","og_image":[{"width":1600,"height":847,"url":"https:\/\/isve.com\/wp-content\/uploads\/trituratori_4_alberi_materie_plastiche.jpg","type":"image\/jpeg"}],"twitter_card":"summary_large_image","twitter_misc":{"Dur\u00e9e de lecture estim\u00e9e":"1 minute"},"schema":{"@context":"https:\/\/schema.org","@graph":[{"@type":"WebPage","@id":"https:\/\/isve.com\/fr\/broyeurs-industriels\/broyeurs-dechets-plastiques-de-volume-important\/","url":"https:\/\/isve.com\/fr\/broyeurs-industriels\/broyeurs-dechets-plastiques-de-volume-important\/","name":"Broyeurs d\u00e9chets plastiques de volume important - ISVE SpA - Traitement du bois - Recyclage - Broyeurs Granulateurs","isPartOf":{"@id":"https:\/\/isve.com\/fr\/#website"},"primaryImageOfPage":{"@id":"https:\/\/isve.com\/fr\/broyeurs-industriels\/broyeurs-dechets-plastiques-de-volume-important\/#primaryimage"},"image":{"@id":"https:\/\/isve.com\/fr\/broyeurs-industriels\/broyeurs-dechets-plastiques-de-volume-important\/#primaryimage"},"thumbnailUrl":"https:\/\/isve.com\/wp-content\/uploads\/trituratori_4_alberi_materie_plastiche.jpg","datePublished":"2019-09-17T07:59:40+00:00","dateModified":"2025-05-03T09:42:21+00:00","breadcrumb":{"@id":"https:\/\/isve.com\/fr\/broyeurs-industriels\/broyeurs-dechets-plastiques-de-volume-important\/#breadcrumb"},"inLanguage":"fr-FR","potentialAction":[{"@type":"ReadAction","target":["https:\/\/isve.com\/fr\/broyeurs-industriels\/broyeurs-dechets-plastiques-de-volume-important\/"]}]},{"@type":"ImageObject","inLanguage":"fr-FR","@id":"https:\/\/isve.com\/fr\/broyeurs-industriels\/broyeurs-dechets-plastiques-de-volume-important\/#primaryimage","url":"https:\/\/isve.com\/wp-content\/uploads\/trituratori_4_alberi_materie_plastiche.jpg","contentUrl":"https:\/\/isve.com\/wp-content\/uploads\/trituratori_4_alberi_materie_plastiche.jpg","width":1600,"height":847},{"@type":"BreadcrumbList","@id":"https:\/\/isve.com\/fr\/broyeurs-industriels\/broyeurs-dechets-plastiques-de-volume-important\/#breadcrumb","itemListElement":[{"@type":"ListItem","position":1,"name":"Home","item":"https:\/\/isve.com\/fr\/"},{"@type":"ListItem","position":2,"name":"Produits Recycling","item":"https:\/\/isve.com\/fr\/broyeurs-industriels\/"},{"@type":"ListItem","position":3,"name":"Broyeurs d\u00e9chets plastiques de volume important"}]},{"@type":"WebSite","@id":"https:\/\/isve.com\/fr\/#website","url":"https:\/\/isve.com\/fr\/","name":"ISVE S.p.A.","description":"Syst\u00e8mes de traitement du bois et pour dechiquetage broyage granulation","publisher":{"@id":"https:\/\/isve.com\/fr\/#organization"},"potentialAction":[{"@type":"SearchAction","target":{"@type":"EntryPoint","urlTemplate":"https:\/\/isve.com\/fr\/?s={search_term_string}"},"query-input":{"@type":"PropertyValueSpecification","valueRequired":true,"valueName":"search_term_string"}}],"inLanguage":"fr-FR"},{"@type":"Organization","@id":"https:\/\/isve.com\/fr\/#organization","name":"ISVE S.p.A.","url":"https:\/\/isve.com\/fr\/","logo":{"@type":"ImageObject","inLanguage":"fr-FR","@id":"https:\/\/isve.com\/fr\/#\/schema\/logo\/image\/","url":"https:\/\/isve.com\/wp-content\/uploads\/2026\/01\/logo-isve-spa.png","contentUrl":"https:\/\/isve.com\/wp-content\/uploads\/2026\/01\/logo-isve-spa.png","width":600,"height":173,"caption":"ISVE S.p.A."},"image":{"@id":"https:\/\/isve.com\/fr\/#\/schema\/logo\/image\/"},"sameAs":["https:\/\/www.linkedin.com\/company\/69445471","https:\/\/www.youtube.com\/@isves.p.a.8894"]}]}},"_links":{"self":[{"href":"https:\/\/isve.com\/fr\/wp-json\/wp\/v2\/pages\/3913","targetHints":{"allow":["GET"]}}],"collection":[{"href":"https:\/\/isve.com\/fr\/wp-json\/wp\/v2\/pages"}],"about":[{"href":"https:\/\/isve.com\/fr\/wp-json\/wp\/v2\/types\/page"}],"author":[{"embeddable":true,"href":"https:\/\/isve.com\/fr\/wp-json\/wp\/v2\/users\/1"}],"replies":[{"embeddable":true,"href":"https:\/\/isve.com\/fr\/wp-json\/wp\/v2\/comments?post=3913"}],"version-history":[{"count":0,"href":"https:\/\/isve.com\/fr\/wp-json\/wp\/v2\/pages\/3913\/revisions"}],"up":[{"embeddable":true,"href":"https:\/\/isve.com\/fr\/wp-json\/wp\/v2\/pages\/13660"}],"wp:featuredmedia":[{"embeddable":true,"href":"https:\/\/isve.com\/fr\/wp-json\/wp\/v2\/media\/3007"}],"wp:attachment":[{"href":"https:\/\/isve.com\/fr\/wp-json\/wp\/v2\/media?parent=3913"}],"wp:term":[{"taxonomy":"post_tag","embeddable":true,"href":"https:\/\/isve.com\/fr\/wp-json\/wp\/v2\/tags?post=3913"},{"taxonomy":"impaginazione","embeddable":true,"href":"https:\/\/isve.com\/fr\/wp-json\/wp\/v2\/impaginazione?post=3913"},{"taxonomy":"divisione","embeddable":true,"href":"https:\/\/isve.com\/fr\/wp-json\/wp\/v2\/divisione?post=3913"},{"taxonomy":"categorie_modelli","embeddable":true,"href":"https:\/\/isve.com\/fr\/wp-json\/wp\/v2\/categorie_modelli?post=3913"}],"curies":[{"name":"wp","href":"https:\/\/api.w.org\/{rel}","templated":true}]}}