{"id":3907,"date":"2019-09-17T09:48:07","date_gmt":"2019-09-17T07:48:07","guid":{"rendered":"https:\/\/isve.com\/?page_id=3907"},"modified":"2025-05-03T11:42:39","modified_gmt":"2025-05-03T09:42:39","slug":"accessoires-pour-broyeurs","status":"publish","type":"page","link":"https:\/\/isve.com\/fr\/broyeurs-industriels\/accessoires-pour-broyeurs\/","title":{"rendered":"Accessoires pour broyeurs"},"content":{"rendered":"<p>Pour rendre l\u2019op\u00e9ration de broyage et la gestion des d\u00e9chets encore plus avantageuse, nous avons d\u00e9velopp\u00e9 une ligne compl\u00e8te de accessoires.<br \/>\nLes objectifs que nous avons poursuivi sont les suivants:<\/p>\n<ul>\n<li><strong>&#8220;personnalisation&#8221;<\/strong> des caract\u00e9ristiques du broyeur en fonction des exigences de la client\u00e8le;<\/li>\n<li>rr\u00e9duction maximale de l\u2019apport de main d\u2019\u0153uvre pour les op\u00e9rations de chargement et de<\/li>\n<li>d\u00e9chargement du broyeur;<\/li>\n<li>aide \u00e0 toutes les op\u00e9rations de recyclage des d\u00e9chets.<\/li>\n<\/ul>\n<table class=\"body\" border=\"\" width=\"95%\" cellspacing=\"1\" cellpadding=\"4\" align=\"center\">\n<tbody>\n<tr align=\"left\">\n<td valign=\"middle\" bgcolor=\"#F3F3F3\" width=\"\">Fraises K2D pour la coupe de mati\u00e8res particuli\u00e8rement dures ou contenant des clous ou de petites parties m\u00e9talliques.<br \/>\nParticuli\u00e8rement indiqu\u00e9es dans le cas de d\u00e9chets tr\u00e8s abrasifs. Accessoires pour broyeurs.<\/td>\n<td align=\"center\" valign=\"middle\" width=\"\"><img decoding=\"async\" class=\"alignnone size-full wp-image-931\" src=\"https:\/\/isve.com\/wp-content\/uploads\/accessori_frese.jpg\" alt=\"\" width=\"107\" height=\"82\" \/><\/td>\n<\/tr>\n<tr align=\"left\">\n<td valign=\"middle\" bgcolor=\"#F3F3F3\" width=\"\">Disques d&#8217;introduction pour mat\u00e9riaux l\u00e9gers ayant tendance \u00e0 &#8220;flotter&#8221; sur le groupe fraises.<\/td>\n<td align=\"center\" valign=\"middle\" width=\"27%\"><img decoding=\"async\" class=\"alignnone size-full wp-image-935\" src=\"https:\/\/isve.com\/wp-content\/uploads\/accessori_introduttori.jpg\" alt=\"\" width=\"107\" height=\"87\" \/><\/td>\n<\/tr>\n<tr align=\"left\">\n<td valign=\"middle\" bgcolor=\"#F3F3F3\" width=\"\">Crible suppl\u00e9mentaire interchangeable avec trous de diam\u00e8tre 14-18-25-30-35 mm que d\u00e9termine la taille du produit broy\u00e9.<\/td>\n<td align=\"center\" valign=\"middle\" width=\"\"><img decoding=\"async\" class=\"alignnone size-full wp-image-939\" src=\"https:\/\/isve.com\/wp-content\/uploads\/accessori_griglia.jpg\" alt=\"\" width=\"128\" height=\"78\" \/><\/td>\n<\/tr>\n<\/tbody>\n<\/table>\n<p>&nbsp;<\/p>\n","protected":false},"excerpt":{"rendered":"<p>Pour rendre l\u2019op\u00e9ration de broyage et la gestion des d\u00e9chets encore plus avantageuse, nous avons d\u00e9velopp\u00e9 une ligne compl\u00e8te de accessoires. Les objectifs que nous avons poursuivi sont les suivants: &#8220;personnalisation&#8221; des caract\u00e9ristiques du broyeur en fonction des exigences de la client\u00e8le; rr\u00e9duction maximale de l\u2019apport de main d\u2019\u0153uvre pour les op\u00e9rations de chargement et&hellip;<\/p>\n","protected":false},"author":1,"featured_media":947,"parent":13660,"menu_order":400,"comment_status":"closed","ping_status":"closed","template":"","meta":{"_acf_changed":false,"footnotes":""},"tags":[],"impaginazione":[],"divisione":[3689],"categorie_modelli":[],"class_list":["post-3907","page","type-page","status-publish","has-post-thumbnail","hentry","divisione-isve-recycling","description-off"],"acf":[],"yoast_head":"<!-- This site is optimized with the Yoast SEO plugin v27.4 - https:\/\/yoast.com\/product\/yoast-seo-wordpress\/ -->\n<title>Accessoires pour broyeurs - ISVE SpA - Traitement du bois - Recyclage - Broyeurs Granulateurs<\/title>\n<meta name=\"robots\" content=\"index, follow, max-snippet:-1, max-image-preview:large, max-video-preview:-1\" \/>\n<link rel=\"canonical\" href=\"https:\/\/isve.com\/fr\/broyeurs-industriels\/accessoires-pour-broyeurs\/\" \/>\n<meta property=\"og:locale\" content=\"fr_FR\" \/>\n<meta property=\"og:type\" content=\"article\" \/>\n<meta property=\"og:title\" content=\"Accessoires pour broyeurs - ISVE SpA - Traitement du bois - Recyclage - Broyeurs Granulateurs\" \/>\n<meta property=\"og:description\" content=\"Pour rendre l\u2019op\u00e9ration de broyage et la gestion des d\u00e9chets encore plus avantageuse, nous avons d\u00e9velopp\u00e9 une ligne compl\u00e8te de accessoires. Les objectifs que nous avons poursuivi sont les suivants: &#8220;personnalisation&#8221; des caract\u00e9ristiques du broyeur en fonction des exigences de la client\u00e8le; rr\u00e9duction maximale de l\u2019apport de main d\u2019\u0153uvre pour les op\u00e9rations de chargement et&hellip;\" \/>\n<meta property=\"og:url\" content=\"https:\/\/isve.com\/fr\/broyeurs-industriels\/accessoires-pour-broyeurs\/\" \/>\n<meta property=\"og:site_name\" content=\"ISVE SpA - Traitement du bois - Recyclage - Broyeurs Granulateurs\" \/>\n<meta property=\"article:modified_time\" content=\"2025-05-03T09:42:39+00:00\" \/>\n<meta property=\"og:image\" content=\"https:\/\/isve.com\/wp-content\/uploads\/trituratori_accessori.jpg\" \/>\n\t<meta property=\"og:image:width\" content=\"800\" \/>\n\t<meta property=\"og:image:height\" content=\"600\" \/>\n\t<meta property=\"og:image:type\" content=\"image\/jpeg\" \/>\n<meta name=\"twitter:card\" content=\"summary_large_image\" \/>\n<meta name=\"twitter:label1\" content=\"Dur\u00e9e de lecture estim\u00e9e\" \/>\n\t<meta name=\"twitter:data1\" content=\"1 minute\" \/>\n<script type=\"application\/ld+json\" class=\"yoast-schema-graph\">{\"@context\":\"https:\\\/\\\/schema.org\",\"@graph\":[{\"@type\":\"WebPage\",\"@id\":\"https:\\\/\\\/isve.com\\\/fr\\\/broyeurs-industriels\\\/accessoires-pour-broyeurs\\\/\",\"url\":\"https:\\\/\\\/isve.com\\\/fr\\\/broyeurs-industriels\\\/accessoires-pour-broyeurs\\\/\",\"name\":\"Accessoires pour broyeurs - ISVE SpA - Traitement du bois - Recyclage - Broyeurs Granulateurs\",\"isPartOf\":{\"@id\":\"https:\\\/\\\/isve.com\\\/fr\\\/#website\"},\"primaryImageOfPage\":{\"@id\":\"https:\\\/\\\/isve.com\\\/fr\\\/broyeurs-industriels\\\/accessoires-pour-broyeurs\\\/#primaryimage\"},\"image\":{\"@id\":\"https:\\\/\\\/isve.com\\\/fr\\\/broyeurs-industriels\\\/accessoires-pour-broyeurs\\\/#primaryimage\"},\"thumbnailUrl\":\"https:\\\/\\\/isve.com\\\/wp-content\\\/uploads\\\/trituratori_accessori.jpg\",\"datePublished\":\"2019-09-17T07:48:07+00:00\",\"dateModified\":\"2025-05-03T09:42:39+00:00\",\"breadcrumb\":{\"@id\":\"https:\\\/\\\/isve.com\\\/fr\\\/broyeurs-industriels\\\/accessoires-pour-broyeurs\\\/#breadcrumb\"},\"inLanguage\":\"fr-FR\",\"potentialAction\":[{\"@type\":\"ReadAction\",\"target\":[\"https:\\\/\\\/isve.com\\\/fr\\\/broyeurs-industriels\\\/accessoires-pour-broyeurs\\\/\"]}]},{\"@type\":\"ImageObject\",\"inLanguage\":\"fr-FR\",\"@id\":\"https:\\\/\\\/isve.com\\\/fr\\\/broyeurs-industriels\\\/accessoires-pour-broyeurs\\\/#primaryimage\",\"url\":\"https:\\\/\\\/isve.com\\\/wp-content\\\/uploads\\\/trituratori_accessori.jpg\",\"contentUrl\":\"https:\\\/\\\/isve.com\\\/wp-content\\\/uploads\\\/trituratori_accessori.jpg\",\"width\":800,\"height\":600},{\"@type\":\"BreadcrumbList\",\"@id\":\"https:\\\/\\\/isve.com\\\/fr\\\/broyeurs-industriels\\\/accessoires-pour-broyeurs\\\/#breadcrumb\",\"itemListElement\":[{\"@type\":\"ListItem\",\"position\":1,\"name\":\"Home\",\"item\":\"https:\\\/\\\/isve.com\\\/fr\\\/\"},{\"@type\":\"ListItem\",\"position\":2,\"name\":\"Produits Recycling\",\"item\":\"https:\\\/\\\/isve.com\\\/fr\\\/broyeurs-industriels\\\/\"},{\"@type\":\"ListItem\",\"position\":3,\"name\":\"Accessoires pour broyeurs\"}]},{\"@type\":\"WebSite\",\"@id\":\"https:\\\/\\\/isve.com\\\/fr\\\/#website\",\"url\":\"https:\\\/\\\/isve.com\\\/fr\\\/\",\"name\":\"ISVE S.p.A.\",\"description\":\"Syst\u00e8mes de traitement du bois et pour dechiquetage broyage granulation\",\"publisher\":{\"@id\":\"https:\\\/\\\/isve.com\\\/fr\\\/#organization\"},\"potentialAction\":[{\"@type\":\"SearchAction\",\"target\":{\"@type\":\"EntryPoint\",\"urlTemplate\":\"https:\\\/\\\/isve.com\\\/fr\\\/?s={search_term_string}\"},\"query-input\":{\"@type\":\"PropertyValueSpecification\",\"valueRequired\":true,\"valueName\":\"search_term_string\"}}],\"inLanguage\":\"fr-FR\"},{\"@type\":\"Organization\",\"@id\":\"https:\\\/\\\/isve.com\\\/fr\\\/#organization\",\"name\":\"ISVE S.p.A.\",\"url\":\"https:\\\/\\\/isve.com\\\/fr\\\/\",\"logo\":{\"@type\":\"ImageObject\",\"inLanguage\":\"fr-FR\",\"@id\":\"https:\\\/\\\/isve.com\\\/fr\\\/#\\\/schema\\\/logo\\\/image\\\/\",\"url\":\"https:\\\/\\\/isve.com\\\/wp-content\\\/uploads\\\/2026\\\/01\\\/logo-isve-spa.png\",\"contentUrl\":\"https:\\\/\\\/isve.com\\\/wp-content\\\/uploads\\\/2026\\\/01\\\/logo-isve-spa.png\",\"width\":600,\"height\":173,\"caption\":\"ISVE S.p.A.\"},\"image\":{\"@id\":\"https:\\\/\\\/isve.com\\\/fr\\\/#\\\/schema\\\/logo\\\/image\\\/\"},\"sameAs\":[\"https:\\\/\\\/www.linkedin.com\\\/company\\\/69445471\",\"https:\\\/\\\/www.youtube.com\\\/@isves.p.a.8894\"]}]}<\/script>\n<!-- \/ Yoast SEO plugin. -->","yoast_head_json":{"title":"Accessoires pour broyeurs - ISVE SpA - Traitement du bois - Recyclage - Broyeurs Granulateurs","robots":{"index":"index","follow":"follow","max-snippet":"max-snippet:-1","max-image-preview":"max-image-preview:large","max-video-preview":"max-video-preview:-1"},"canonical":"https:\/\/isve.com\/fr\/broyeurs-industriels\/accessoires-pour-broyeurs\/","og_locale":"fr_FR","og_type":"article","og_title":"Accessoires pour broyeurs - ISVE SpA - Traitement du bois - Recyclage - Broyeurs Granulateurs","og_description":"Pour rendre l\u2019op\u00e9ration de broyage et la gestion des d\u00e9chets encore plus avantageuse, nous avons d\u00e9velopp\u00e9 une ligne compl\u00e8te de accessoires. Les objectifs que nous avons poursuivi sont les suivants: &#8220;personnalisation&#8221; des caract\u00e9ristiques du broyeur en fonction des exigences de la client\u00e8le; rr\u00e9duction maximale de l\u2019apport de main d\u2019\u0153uvre pour les op\u00e9rations de chargement et&hellip;","og_url":"https:\/\/isve.com\/fr\/broyeurs-industriels\/accessoires-pour-broyeurs\/","og_site_name":"ISVE SpA - Traitement du bois - Recyclage - Broyeurs Granulateurs","article_modified_time":"2025-05-03T09:42:39+00:00","og_image":[{"width":800,"height":600,"url":"https:\/\/isve.com\/wp-content\/uploads\/trituratori_accessori.jpg","type":"image\/jpeg"}],"twitter_card":"summary_large_image","twitter_misc":{"Dur\u00e9e de lecture estim\u00e9e":"1 minute"},"schema":{"@context":"https:\/\/schema.org","@graph":[{"@type":"WebPage","@id":"https:\/\/isve.com\/fr\/broyeurs-industriels\/accessoires-pour-broyeurs\/","url":"https:\/\/isve.com\/fr\/broyeurs-industriels\/accessoires-pour-broyeurs\/","name":"Accessoires pour broyeurs - ISVE SpA - Traitement du bois - Recyclage - Broyeurs Granulateurs","isPartOf":{"@id":"https:\/\/isve.com\/fr\/#website"},"primaryImageOfPage":{"@id":"https:\/\/isve.com\/fr\/broyeurs-industriels\/accessoires-pour-broyeurs\/#primaryimage"},"image":{"@id":"https:\/\/isve.com\/fr\/broyeurs-industriels\/accessoires-pour-broyeurs\/#primaryimage"},"thumbnailUrl":"https:\/\/isve.com\/wp-content\/uploads\/trituratori_accessori.jpg","datePublished":"2019-09-17T07:48:07+00:00","dateModified":"2025-05-03T09:42:39+00:00","breadcrumb":{"@id":"https:\/\/isve.com\/fr\/broyeurs-industriels\/accessoires-pour-broyeurs\/#breadcrumb"},"inLanguage":"fr-FR","potentialAction":[{"@type":"ReadAction","target":["https:\/\/isve.com\/fr\/broyeurs-industriels\/accessoires-pour-broyeurs\/"]}]},{"@type":"ImageObject","inLanguage":"fr-FR","@id":"https:\/\/isve.com\/fr\/broyeurs-industriels\/accessoires-pour-broyeurs\/#primaryimage","url":"https:\/\/isve.com\/wp-content\/uploads\/trituratori_accessori.jpg","contentUrl":"https:\/\/isve.com\/wp-content\/uploads\/trituratori_accessori.jpg","width":800,"height":600},{"@type":"BreadcrumbList","@id":"https:\/\/isve.com\/fr\/broyeurs-industriels\/accessoires-pour-broyeurs\/#breadcrumb","itemListElement":[{"@type":"ListItem","position":1,"name":"Home","item":"https:\/\/isve.com\/fr\/"},{"@type":"ListItem","position":2,"name":"Produits Recycling","item":"https:\/\/isve.com\/fr\/broyeurs-industriels\/"},{"@type":"ListItem","position":3,"name":"Accessoires pour broyeurs"}]},{"@type":"WebSite","@id":"https:\/\/isve.com\/fr\/#website","url":"https:\/\/isve.com\/fr\/","name":"ISVE S.p.A.","description":"Syst\u00e8mes de traitement du bois et pour dechiquetage broyage granulation","publisher":{"@id":"https:\/\/isve.com\/fr\/#organization"},"potentialAction":[{"@type":"SearchAction","target":{"@type":"EntryPoint","urlTemplate":"https:\/\/isve.com\/fr\/?s={search_term_string}"},"query-input":{"@type":"PropertyValueSpecification","valueRequired":true,"valueName":"search_term_string"}}],"inLanguage":"fr-FR"},{"@type":"Organization","@id":"https:\/\/isve.com\/fr\/#organization","name":"ISVE S.p.A.","url":"https:\/\/isve.com\/fr\/","logo":{"@type":"ImageObject","inLanguage":"fr-FR","@id":"https:\/\/isve.com\/fr\/#\/schema\/logo\/image\/","url":"https:\/\/isve.com\/wp-content\/uploads\/2026\/01\/logo-isve-spa.png","contentUrl":"https:\/\/isve.com\/wp-content\/uploads\/2026\/01\/logo-isve-spa.png","width":600,"height":173,"caption":"ISVE S.p.A."},"image":{"@id":"https:\/\/isve.com\/fr\/#\/schema\/logo\/image\/"},"sameAs":["https:\/\/www.linkedin.com\/company\/69445471","https:\/\/www.youtube.com\/@isves.p.a.8894"]}]}},"_links":{"self":[{"href":"https:\/\/isve.com\/fr\/wp-json\/wp\/v2\/pages\/3907","targetHints":{"allow":["GET"]}}],"collection":[{"href":"https:\/\/isve.com\/fr\/wp-json\/wp\/v2\/pages"}],"about":[{"href":"https:\/\/isve.com\/fr\/wp-json\/wp\/v2\/types\/page"}],"author":[{"embeddable":true,"href":"https:\/\/isve.com\/fr\/wp-json\/wp\/v2\/users\/1"}],"replies":[{"embeddable":true,"href":"https:\/\/isve.com\/fr\/wp-json\/wp\/v2\/comments?post=3907"}],"version-history":[{"count":0,"href":"https:\/\/isve.com\/fr\/wp-json\/wp\/v2\/pages\/3907\/revisions"}],"up":[{"embeddable":true,"href":"https:\/\/isve.com\/fr\/wp-json\/wp\/v2\/pages\/13660"}],"wp:featuredmedia":[{"embeddable":true,"href":"https:\/\/isve.com\/fr\/wp-json\/wp\/v2\/media\/947"}],"wp:attachment":[{"href":"https:\/\/isve.com\/fr\/wp-json\/wp\/v2\/media?parent=3907"}],"wp:term":[{"taxonomy":"post_tag","embeddable":true,"href":"https:\/\/isve.com\/fr\/wp-json\/wp\/v2\/tags?post=3907"},{"taxonomy":"impaginazione","embeddable":true,"href":"https:\/\/isve.com\/fr\/wp-json\/wp\/v2\/impaginazione?post=3907"},{"taxonomy":"divisione","embeddable":true,"href":"https:\/\/isve.com\/fr\/wp-json\/wp\/v2\/divisione?post=3907"},{"taxonomy":"categorie_modelli","embeddable":true,"href":"https:\/\/isve.com\/fr\/wp-json\/wp\/v2\/categorie_modelli?post=3907"}],"curies":[{"name":"wp","href":"https:\/\/api.w.org\/{rel}","templated":true}]}}