{"id":3864,"date":"2019-09-16T18:57:06","date_gmt":"2019-09-16T16:57:06","guid":{"rendered":"https:\/\/isve.com\/?page_id=3864"},"modified":"2023-06-12T15:10:10","modified_gmt":"2023-06-12T13:10:10","slug":"broyeurs-a-4-arbres-modele-4080s","status":"publish","type":"page","link":"https:\/\/isve.com\/fr\/broyeurs-industriels\/broyeurs-a-4-arbres\/broyeurs-a-4-arbres-modele-4080s\/","title":{"rendered":"Broyeurs \u00e0 4 arbres: Mod\u00e8le 4080S"},"content":{"rendered":"<h2 class=\"titoletto\"><strong>Caract\u00e9ristiques principales:<\/strong><\/h2>\n<ul>\n<li><span class=\"etichetta\">Bouche de chargement:<\/span>&nbsp;400&#215;800 mm<\/li>\n<li><span class=\"etichetta\">Puissance install\u00e9e:<\/span> 15 KW (7,5 kW+7,5 kW) &#8211; 20 HP (10 + 10 HP)<\/li>\n<li><span class=\"etichetta\">transmission:<\/span>&nbsp;par engrenages<\/li>\n<li><span class=\"etichetta\">nbre. arbres couteaux:<\/span>&nbsp;2<\/li>\n<li><span class=\"etichetta\">nbre. couteaux tremp\u00e9s:<\/span>&nbsp;20<\/li>\n<li><span class=\"etichetta\">nbre. arbres introducteurs:<\/span>&nbsp;2<\/li>\n<li><span class=\"etichetta\">nbre. disques introducteurs:<\/span>&nbsp;20<\/li>\n<li><span class=\"etichetta\">nbre. de tours couteaux\/min (env.):<\/span>&nbsp;18<\/li>\n<li><span class=\"etichetta\">production:<\/span>&nbsp;150-300 kg\/heure<\/li>\n<li><span class=\"etichetta\">\u00e9quipement de s\u00e9curit\u00e9:<\/span>&nbsp;bouton d&#8217;arr\u00eat d&#8217;urgence, contact de fermeture de la tr\u00e9mie<\/li>\n<li>ex\u00e9cution aux normes CE<\/li>\n<\/ul>\n<h2 class=\"titoletto\"><strong>Accessoires sur demande:<\/strong><\/h2>\n<ul>\n<li>Disques introducteurs \u00e0 couronne ou dent\u00e9s.<\/li>\n<li>Tr\u00e9mie interchangeable.<\/li>\n<li>Base sur mesure.<\/li>\n<\/ul>\n<h2 class=\"titoletto\"><strong>Notice d\u2019utilisation:<\/strong><\/h2>\n<p>Machine polyvalente de moyennes dimensions, adapt\u00e9e pour le broyage de mat\u00e9riaux volumineux.<br \/>\nPeut \u00eatre plac\u00e9e en cours de fabrication pour un fonctionnement en continu. Conseill\u00e9e pour le broyage de morceaux de bois, chiffons, mati\u00e8res plastiques, peausserie, petits pneus, papier, carton, emballages, rubans de poly\u00e9thyl\u00e8ne, films plastiques, bouteilles en PET, bidons de boite metallique, tapisserie, pare-chocs, toile cir\u00e9e, malles, etc.<\/p>\n<h2 class=\"titoletto\"><strong>Caract\u00e9ristiques du d\u00e9chiqueteur:<\/strong><\/h2>\n<ul>\n<li>Ch\u00e2ssis en t\u00f4le d&#8217;acier \u00e9lectrosoud\u00e9 de forte \u00e9paisseur;<\/li>\n<li>Logement des roulements \u00e0 aiguilles avec syst\u00e8me de protection contre les poussi\u00e8res et les liquides;<\/li>\n<li>Plaques lat\u00e9raux auti-usure avec interstice de s\u00e9paration de la chambre de coupe des brides porte-roulements ;<\/li>\n<li>Arbres de forte \u00e9paisseur pourvus de 20 couteaux en acier sp\u00e9cial anti-usure et 20 disques introducteurs pour faciliter la saisie des pi\u00e8ces volumineuses;<\/li>\n<li>Disposition d\u00e9gressive des dents fraise pour une meilleure prise et progression de coupe ;<\/li>\n<li>2 moteurs multi-tension multi-tension 7,5 kW 6 p\u00f4les avec classe d&#8217;efficacit\u00e9 PREMIUM (IE3);<\/li>\n<li>2 multi-voltage, 7.5 kW 6-pole multi-voltage motors with PREMIUM efficiency class (IE3);<\/li>\n<li>Syst\u00e8me de transmission \u00e0 bain d&#8217;huile avec engrenages et pignons en acier;<\/li>\n<li>Chambre de d\u00e9coupe aux dimensions 400&#215;800 mm;<\/li>\n<li>Crible interchangeable qui d\u00e9termine la granulom\u00e9trie de la mati\u00e8re broy\u00e9e (optional) ;<\/li>\n<li>Tr\u00e9mie en t\u00f4le \u00e9lectrosoud\u00e9e pour un chargement de face ou par le haut dou\u00e9e de couvercle coulissant et bandes de caoutchouc anti fly-back;<\/li>\n<li>B\u00e2ti pourvu d&#8217;un tiroir reliable \u00e0 une installation d&#8217;aspiration (secteur bois) ou 3 grilles de protection avec portillon en fa\u00e7ade \u00e9quip\u00e9 d&#8217;un micro-contact de s\u00e9curit\u00e9.<\/li>\n<\/ul>\n<h2 class=\"titoletto\"><strong>Caract\u00e9ristique du syst\u00e8me de contr\u00f4le:<\/strong><\/h2>\n<ul>\n<li>Tableau \u00e9lectrique aux normes CEE, dot\u00e9 d&#8217;un limiteur de couple qui inverse le mouvement des couteaux dans le cas o\u00f9 la charge de travail d\u00e9passerait les valeurs \u00e9tablies;<\/li>\n<li>PLC LOGO SIEMENS pour le contr\u00f4le de tous les p\u00e9riph\u00e9riques de l&#8217;installation;<\/li>\n<li>Fonctions d&#8217;arr\u00eat d&#8217;urgence pour l&#8217;arr\u00eat de l&#8217;installation en cas d&#8217;introduction accidentelle de morceaux m\u00e9talliques;<\/li>\n<li>La production de mati\u00e8re broy\u00e9e varie en fonction de la typologie des morceaux \u00e0 broyer et de la granulom\u00e9trie que l&#8217;on souhaite obtenir. En moyenne on peut s&#8217;attendre \u00e0 une production de 150-300 Kg\/heure<\/li>\n<li><strong>Ex\u00e9cution aux normes CE.<\/strong><\/li>\n<\/ul>\n<h2><strong>ACCESSOIRES:<\/strong><\/h2>\n<ul>\n<li>\u00c9cran interchangeable qui d\u00e9termine la taille du mat\u00e9riau broy\u00e9 (diam. 14-16-20-25-30-35 mm);<\/li>\n<li>Couvercle de tr\u00e9mie sup\u00e9rieur coulissant avec bandes de caoutchouc;<\/li>\n<li>Suppl\u00e9ment pour \u00e9paisseur de feuille de tr\u00e9mie 6 mm.<\/li>\n<\/ul>\n","protected":false},"excerpt":{"rendered":"<p>Caract\u00e9ristiques principales: Bouche de chargement:&nbsp;400&#215;800 mm Puissance install\u00e9e: 15 KW (7,5 kW+7,5 kW) &#8211; 20 HP (10 + 10 HP) transmission:&nbsp;par engrenages nbre. arbres couteaux:&nbsp;2 nbre. couteaux tremp\u00e9s:&nbsp;20 nbre. arbres introducteurs:&nbsp;2 nbre. disques introducteurs:&nbsp;20 nbre. de tours couteaux\/min (env.):&nbsp;18 production:&nbsp;150-300 kg\/heure \u00e9quipement de s\u00e9curit\u00e9:&nbsp;bouton d&#8217;arr\u00eat d&#8217;urgence, contact de fermeture de la tr\u00e9mie ex\u00e9cution aux normes&hellip;<\/p>\n","protected":false},"author":1,"featured_media":10572,"parent":3812,"menu_order":207,"comment_status":"closed","ping_status":"closed","template":"","meta":{"_acf_changed":false,"footnotes":""},"tags":[],"impaginazione":[3692],"divisione":[3689],"categorie_modelli":[3696],"class_list":["post-3864","page","type-page","status-publish","has-post-thumbnail","hentry","impaginazione-modello-prodotto","divisione-isve-recycling","categorie_modelli-trituratori-4-alberi","description-off"],"acf":[],"yoast_head":"<!-- This site is optimized with the Yoast SEO plugin v27.4 - https:\/\/yoast.com\/product\/yoast-seo-wordpress\/ -->\n<title>Broyeurs \u00e0 4 arbres: Mod\u00e8le 4080S - ISVE SpA - Traitement du bois - Recyclage - Broyeurs Granulateurs<\/title>\n<meta name=\"robots\" content=\"index, follow, max-snippet:-1, max-image-preview:large, max-video-preview:-1\" \/>\n<link rel=\"canonical\" href=\"https:\/\/isve.com\/fr\/broyeurs-industriels\/broyeurs-a-4-arbres\/broyeurs-a-4-arbres-modele-4080s\/\" \/>\n<meta property=\"og:locale\" content=\"fr_FR\" \/>\n<meta property=\"og:type\" content=\"article\" \/>\n<meta property=\"og:title\" content=\"Broyeurs \u00e0 4 arbres: Mod\u00e8le 4080S - ISVE SpA - Traitement du bois - Recyclage - Broyeurs Granulateurs\" \/>\n<meta property=\"og:description\" content=\"Caract\u00e9ristiques principales: Bouche de chargement:&nbsp;400&#215;800 mm Puissance install\u00e9e: 15 KW (7,5 kW+7,5 kW) &#8211; 20 HP (10 + 10 HP) transmission:&nbsp;par engrenages nbre. arbres couteaux:&nbsp;2 nbre. couteaux tremp\u00e9s:&nbsp;20 nbre. arbres introducteurs:&nbsp;2 nbre. disques introducteurs:&nbsp;20 nbre. de tours couteaux\/min (env.):&nbsp;18 production:&nbsp;150-300 kg\/heure \u00e9quipement de s\u00e9curit\u00e9:&nbsp;bouton d&#8217;arr\u00eat d&#8217;urgence, contact de fermeture de la tr\u00e9mie ex\u00e9cution aux normes&hellip;\" \/>\n<meta property=\"og:url\" content=\"https:\/\/isve.com\/fr\/broyeurs-industriels\/broyeurs-a-4-arbres\/broyeurs-a-4-arbres-modele-4080s\/\" \/>\n<meta property=\"og:site_name\" content=\"ISVE SpA - Traitement du bois - Recyclage - Broyeurs Granulateurs\" \/>\n<meta property=\"article:modified_time\" content=\"2023-06-12T13:10:10+00:00\" \/>\n<meta property=\"og:image\" content=\"https:\/\/isve.com\/wp-content\/uploads\/2023\/06\/4080s.jpg\" \/>\n\t<meta property=\"og:image:width\" content=\"1611\" \/>\n\t<meta property=\"og:image:height\" content=\"725\" \/>\n\t<meta property=\"og:image:type\" content=\"image\/jpeg\" \/>\n<meta name=\"twitter:card\" content=\"summary_large_image\" \/>\n<meta name=\"twitter:label1\" content=\"Dur\u00e9e de lecture estim\u00e9e\" \/>\n\t<meta name=\"twitter:data1\" content=\"3 minutes\" \/>\n<script type=\"application\/ld+json\" class=\"yoast-schema-graph\">{\"@context\":\"https:\\\/\\\/schema.org\",\"@graph\":[{\"@type\":\"WebPage\",\"@id\":\"https:\\\/\\\/isve.com\\\/fr\\\/broyeurs-industriels\\\/broyeurs-a-4-arbres\\\/broyeurs-a-4-arbres-modele-4080s\\\/\",\"url\":\"https:\\\/\\\/isve.com\\\/fr\\\/broyeurs-industriels\\\/broyeurs-a-4-arbres\\\/broyeurs-a-4-arbres-modele-4080s\\\/\",\"name\":\"Broyeurs \u00e0 4 arbres: Mod\u00e8le 4080S - ISVE SpA - Traitement du bois - Recyclage - Broyeurs Granulateurs\",\"isPartOf\":{\"@id\":\"https:\\\/\\\/isve.com\\\/fr\\\/#website\"},\"primaryImageOfPage\":{\"@id\":\"https:\\\/\\\/isve.com\\\/fr\\\/broyeurs-industriels\\\/broyeurs-a-4-arbres\\\/broyeurs-a-4-arbres-modele-4080s\\\/#primaryimage\"},\"image\":{\"@id\":\"https:\\\/\\\/isve.com\\\/fr\\\/broyeurs-industriels\\\/broyeurs-a-4-arbres\\\/broyeurs-a-4-arbres-modele-4080s\\\/#primaryimage\"},\"thumbnailUrl\":\"https:\\\/\\\/isve.com\\\/wp-content\\\/uploads\\\/2023\\\/06\\\/4080s.jpg\",\"datePublished\":\"2019-09-16T16:57:06+00:00\",\"dateModified\":\"2023-06-12T13:10:10+00:00\",\"breadcrumb\":{\"@id\":\"https:\\\/\\\/isve.com\\\/fr\\\/broyeurs-industriels\\\/broyeurs-a-4-arbres\\\/broyeurs-a-4-arbres-modele-4080s\\\/#breadcrumb\"},\"inLanguage\":\"fr-FR\",\"potentialAction\":[{\"@type\":\"ReadAction\",\"target\":[\"https:\\\/\\\/isve.com\\\/fr\\\/broyeurs-industriels\\\/broyeurs-a-4-arbres\\\/broyeurs-a-4-arbres-modele-4080s\\\/\"]}]},{\"@type\":\"ImageObject\",\"inLanguage\":\"fr-FR\",\"@id\":\"https:\\\/\\\/isve.com\\\/fr\\\/broyeurs-industriels\\\/broyeurs-a-4-arbres\\\/broyeurs-a-4-arbres-modele-4080s\\\/#primaryimage\",\"url\":\"https:\\\/\\\/isve.com\\\/wp-content\\\/uploads\\\/2023\\\/06\\\/4080s.jpg\",\"contentUrl\":\"https:\\\/\\\/isve.com\\\/wp-content\\\/uploads\\\/2023\\\/06\\\/4080s.jpg\",\"width\":1611,\"height\":725,\"caption\":\"4080S\"},{\"@type\":\"BreadcrumbList\",\"@id\":\"https:\\\/\\\/isve.com\\\/fr\\\/broyeurs-industriels\\\/broyeurs-a-4-arbres\\\/broyeurs-a-4-arbres-modele-4080s\\\/#breadcrumb\",\"itemListElement\":[{\"@type\":\"ListItem\",\"position\":1,\"name\":\"Home\",\"item\":\"https:\\\/\\\/isve.com\\\/fr\\\/\"},{\"@type\":\"ListItem\",\"position\":2,\"name\":\"Produits Recycling\",\"item\":\"https:\\\/\\\/isve.com\\\/fr\\\/broyeurs-industriels\\\/\"},{\"@type\":\"ListItem\",\"position\":3,\"name\":\"Mod\u00e8les &#8211; Broyeurs industriels \u00e0 4 arbres\",\"item\":\"https:\\\/\\\/isve.com\\\/fr\\\/broyeurs-industriels\\\/broyeurs-a-4-arbres\\\/\"},{\"@type\":\"ListItem\",\"position\":4,\"name\":\"Broyeurs \u00e0 4 arbres: Mod\u00e8le 4080S\"}]},{\"@type\":\"WebSite\",\"@id\":\"https:\\\/\\\/isve.com\\\/fr\\\/#website\",\"url\":\"https:\\\/\\\/isve.com\\\/fr\\\/\",\"name\":\"ISVE S.p.A.\",\"description\":\"Syst\u00e8mes de traitement du bois et pour dechiquetage broyage granulation\",\"publisher\":{\"@id\":\"https:\\\/\\\/isve.com\\\/fr\\\/#organization\"},\"potentialAction\":[{\"@type\":\"SearchAction\",\"target\":{\"@type\":\"EntryPoint\",\"urlTemplate\":\"https:\\\/\\\/isve.com\\\/fr\\\/?s={search_term_string}\"},\"query-input\":{\"@type\":\"PropertyValueSpecification\",\"valueRequired\":true,\"valueName\":\"search_term_string\"}}],\"inLanguage\":\"fr-FR\"},{\"@type\":\"Organization\",\"@id\":\"https:\\\/\\\/isve.com\\\/fr\\\/#organization\",\"name\":\"ISVE S.p.A.\",\"url\":\"https:\\\/\\\/isve.com\\\/fr\\\/\",\"logo\":{\"@type\":\"ImageObject\",\"inLanguage\":\"fr-FR\",\"@id\":\"https:\\\/\\\/isve.com\\\/fr\\\/#\\\/schema\\\/logo\\\/image\\\/\",\"url\":\"https:\\\/\\\/isve.com\\\/wp-content\\\/uploads\\\/2026\\\/01\\\/logo-isve-spa.png\",\"contentUrl\":\"https:\\\/\\\/isve.com\\\/wp-content\\\/uploads\\\/2026\\\/01\\\/logo-isve-spa.png\",\"width\":600,\"height\":173,\"caption\":\"ISVE S.p.A.\"},\"image\":{\"@id\":\"https:\\\/\\\/isve.com\\\/fr\\\/#\\\/schema\\\/logo\\\/image\\\/\"},\"sameAs\":[\"https:\\\/\\\/www.linkedin.com\\\/company\\\/69445471\",\"https:\\\/\\\/www.youtube.com\\\/@isves.p.a.8894\"]}]}<\/script>\n<!-- \/ Yoast SEO plugin. -->","yoast_head_json":{"title":"Broyeurs \u00e0 4 arbres: Mod\u00e8le 4080S - ISVE SpA - Traitement du bois - Recyclage - Broyeurs Granulateurs","robots":{"index":"index","follow":"follow","max-snippet":"max-snippet:-1","max-image-preview":"max-image-preview:large","max-video-preview":"max-video-preview:-1"},"canonical":"https:\/\/isve.com\/fr\/broyeurs-industriels\/broyeurs-a-4-arbres\/broyeurs-a-4-arbres-modele-4080s\/","og_locale":"fr_FR","og_type":"article","og_title":"Broyeurs \u00e0 4 arbres: Mod\u00e8le 4080S - ISVE SpA - Traitement du bois - Recyclage - Broyeurs Granulateurs","og_description":"Caract\u00e9ristiques principales: Bouche de chargement:&nbsp;400&#215;800 mm Puissance install\u00e9e: 15 KW (7,5 kW+7,5 kW) &#8211; 20 HP (10 + 10 HP) transmission:&nbsp;par engrenages nbre. arbres couteaux:&nbsp;2 nbre. couteaux tremp\u00e9s:&nbsp;20 nbre. arbres introducteurs:&nbsp;2 nbre. disques introducteurs:&nbsp;20 nbre. de tours couteaux\/min (env.):&nbsp;18 production:&nbsp;150-300 kg\/heure \u00e9quipement de s\u00e9curit\u00e9:&nbsp;bouton d&#8217;arr\u00eat d&#8217;urgence, contact de fermeture de la tr\u00e9mie ex\u00e9cution aux normes&hellip;","og_url":"https:\/\/isve.com\/fr\/broyeurs-industriels\/broyeurs-a-4-arbres\/broyeurs-a-4-arbres-modele-4080s\/","og_site_name":"ISVE SpA - Traitement du bois - Recyclage - Broyeurs Granulateurs","article_modified_time":"2023-06-12T13:10:10+00:00","og_image":[{"width":1611,"height":725,"url":"https:\/\/isve.com\/wp-content\/uploads\/2023\/06\/4080s.jpg","type":"image\/jpeg"}],"twitter_card":"summary_large_image","twitter_misc":{"Dur\u00e9e de lecture estim\u00e9e":"3 minutes"},"schema":{"@context":"https:\/\/schema.org","@graph":[{"@type":"WebPage","@id":"https:\/\/isve.com\/fr\/broyeurs-industriels\/broyeurs-a-4-arbres\/broyeurs-a-4-arbres-modele-4080s\/","url":"https:\/\/isve.com\/fr\/broyeurs-industriels\/broyeurs-a-4-arbres\/broyeurs-a-4-arbres-modele-4080s\/","name":"Broyeurs \u00e0 4 arbres: Mod\u00e8le 4080S - ISVE SpA - Traitement du bois - Recyclage - Broyeurs Granulateurs","isPartOf":{"@id":"https:\/\/isve.com\/fr\/#website"},"primaryImageOfPage":{"@id":"https:\/\/isve.com\/fr\/broyeurs-industriels\/broyeurs-a-4-arbres\/broyeurs-a-4-arbres-modele-4080s\/#primaryimage"},"image":{"@id":"https:\/\/isve.com\/fr\/broyeurs-industriels\/broyeurs-a-4-arbres\/broyeurs-a-4-arbres-modele-4080s\/#primaryimage"},"thumbnailUrl":"https:\/\/isve.com\/wp-content\/uploads\/2023\/06\/4080s.jpg","datePublished":"2019-09-16T16:57:06+00:00","dateModified":"2023-06-12T13:10:10+00:00","breadcrumb":{"@id":"https:\/\/isve.com\/fr\/broyeurs-industriels\/broyeurs-a-4-arbres\/broyeurs-a-4-arbres-modele-4080s\/#breadcrumb"},"inLanguage":"fr-FR","potentialAction":[{"@type":"ReadAction","target":["https:\/\/isve.com\/fr\/broyeurs-industriels\/broyeurs-a-4-arbres\/broyeurs-a-4-arbres-modele-4080s\/"]}]},{"@type":"ImageObject","inLanguage":"fr-FR","@id":"https:\/\/isve.com\/fr\/broyeurs-industriels\/broyeurs-a-4-arbres\/broyeurs-a-4-arbres-modele-4080s\/#primaryimage","url":"https:\/\/isve.com\/wp-content\/uploads\/2023\/06\/4080s.jpg","contentUrl":"https:\/\/isve.com\/wp-content\/uploads\/2023\/06\/4080s.jpg","width":1611,"height":725,"caption":"4080S"},{"@type":"BreadcrumbList","@id":"https:\/\/isve.com\/fr\/broyeurs-industriels\/broyeurs-a-4-arbres\/broyeurs-a-4-arbres-modele-4080s\/#breadcrumb","itemListElement":[{"@type":"ListItem","position":1,"name":"Home","item":"https:\/\/isve.com\/fr\/"},{"@type":"ListItem","position":2,"name":"Produits Recycling","item":"https:\/\/isve.com\/fr\/broyeurs-industriels\/"},{"@type":"ListItem","position":3,"name":"Mod\u00e8les &#8211; Broyeurs industriels \u00e0 4 arbres","item":"https:\/\/isve.com\/fr\/broyeurs-industriels\/broyeurs-a-4-arbres\/"},{"@type":"ListItem","position":4,"name":"Broyeurs \u00e0 4 arbres: Mod\u00e8le 4080S"}]},{"@type":"WebSite","@id":"https:\/\/isve.com\/fr\/#website","url":"https:\/\/isve.com\/fr\/","name":"ISVE S.p.A.","description":"Syst\u00e8mes de traitement du bois et pour dechiquetage broyage granulation","publisher":{"@id":"https:\/\/isve.com\/fr\/#organization"},"potentialAction":[{"@type":"SearchAction","target":{"@type":"EntryPoint","urlTemplate":"https:\/\/isve.com\/fr\/?s={search_term_string}"},"query-input":{"@type":"PropertyValueSpecification","valueRequired":true,"valueName":"search_term_string"}}],"inLanguage":"fr-FR"},{"@type":"Organization","@id":"https:\/\/isve.com\/fr\/#organization","name":"ISVE S.p.A.","url":"https:\/\/isve.com\/fr\/","logo":{"@type":"ImageObject","inLanguage":"fr-FR","@id":"https:\/\/isve.com\/fr\/#\/schema\/logo\/image\/","url":"https:\/\/isve.com\/wp-content\/uploads\/2026\/01\/logo-isve-spa.png","contentUrl":"https:\/\/isve.com\/wp-content\/uploads\/2026\/01\/logo-isve-spa.png","width":600,"height":173,"caption":"ISVE S.p.A."},"image":{"@id":"https:\/\/isve.com\/fr\/#\/schema\/logo\/image\/"},"sameAs":["https:\/\/www.linkedin.com\/company\/69445471","https:\/\/www.youtube.com\/@isves.p.a.8894"]}]}},"_links":{"self":[{"href":"https:\/\/isve.com\/fr\/wp-json\/wp\/v2\/pages\/3864","targetHints":{"allow":["GET"]}}],"collection":[{"href":"https:\/\/isve.com\/fr\/wp-json\/wp\/v2\/pages"}],"about":[{"href":"https:\/\/isve.com\/fr\/wp-json\/wp\/v2\/types\/page"}],"author":[{"embeddable":true,"href":"https:\/\/isve.com\/fr\/wp-json\/wp\/v2\/users\/1"}],"replies":[{"embeddable":true,"href":"https:\/\/isve.com\/fr\/wp-json\/wp\/v2\/comments?post=3864"}],"version-history":[{"count":0,"href":"https:\/\/isve.com\/fr\/wp-json\/wp\/v2\/pages\/3864\/revisions"}],"up":[{"embeddable":true,"href":"https:\/\/isve.com\/fr\/wp-json\/wp\/v2\/pages\/3812"}],"wp:featuredmedia":[{"embeddable":true,"href":"https:\/\/isve.com\/fr\/wp-json\/wp\/v2\/media\/10572"}],"wp:attachment":[{"href":"https:\/\/isve.com\/fr\/wp-json\/wp\/v2\/media?parent=3864"}],"wp:term":[{"taxonomy":"post_tag","embeddable":true,"href":"https:\/\/isve.com\/fr\/wp-json\/wp\/v2\/tags?post=3864"},{"taxonomy":"impaginazione","embeddable":true,"href":"https:\/\/isve.com\/fr\/wp-json\/wp\/v2\/impaginazione?post=3864"},{"taxonomy":"divisione","embeddable":true,"href":"https:\/\/isve.com\/fr\/wp-json\/wp\/v2\/divisione?post=3864"},{"taxonomy":"categorie_modelli","embeddable":true,"href":"https:\/\/isve.com\/fr\/wp-json\/wp\/v2\/categorie_modelli?post=3864"}],"curies":[{"name":"wp","href":"https:\/\/api.w.org\/{rel}","templated":true}]}}