{"id":3824,"date":"2019-09-17T09:15:57","date_gmt":"2019-09-17T07:15:57","guid":{"rendered":"https:\/\/isve.com\/?page_id=3824"},"modified":"2023-06-12T16:24:21","modified_gmt":"2023-06-12T14:24:21","slug":"broyeurs-a-4-arbres-modele-100-90s","status":"publish","type":"page","link":"https:\/\/isve.com\/fr\/broyeurs-industriels\/broyeurs-a-4-arbres\/broyeurs-a-4-arbres-modele-100-90s\/","title":{"rendered":"Broyeurs \u00e0 4 arbres: Mod\u00e9le 100-90S"},"content":{"rendered":"<h2 class=\"titoletto\"><strong>Caract\u00e9ristiques principales:<\/strong><\/h2>\n<ul>\n<li>chambre de coupe : 1000&#215;900 mm<\/li>\n<li>puissance install\u00e9e : 44 KW (22 kW+22 kW) &#8211; 60 CV (30HP+30HP)<\/li>\n<li>transmission : par engrenages<\/li>\n<li>Nombre d&#8217;arbres de coupe : 2<\/li>\n<li>Nombre de couteaux tremp\u00e9s (25 mm d&#8217;\u00e9paisseur) : 40<\/li>\n<li>Nombre d&#8217;arbres d&#8217;entr\u00e9e : 2<\/li>\n<li>Nombre de disques introducteurs : 40<\/li>\n<li>Nombre de tours moyens : 18<\/li>\n<li>production:1-1,4 T\/heure<\/li>\n<li>\u00e9quipement de s\u00e9curit\u00e9 : arr\u00eat d&#8217;urgence, contact de fermeture de la tr\u00e9mie<\/li>\n<\/ul>\n<h2 class=\"titoletto\">Accessoires sur demande :<\/h2>\n<ul>\n<li>tr\u00e9mie interchangeable ;<\/li>\n<li>crible interchangeable ;<\/li>\n<li>base sur mesure.<\/li>\n<\/ul>\n<h2 class=\"titoletto\">Notes sur l&#8217;utilisation :<\/h2>\n<p>Broyeur &#8220;mi-lourd&#8221; tr\u00e8s polyvalent, adapt\u00e9 au broyage de nombreux d\u00e9chets, m\u00eame volumineux. Il peut \u00eatre ins\u00e9r\u00e9 en ligne pour un fonctionnement continu. Recommand\u00e9 pour d\u00e9chiqueter m\u00eame les gros morceaux de bois, les palettes, les chiffons, le plastique, le cuir, les pneus, le papier, le carton, les emballages, les rubans de poly\u00e9thyl\u00e8ne, les films plastiques, les bouteilles en PET, les r\u00e9cipients en t\u00f4le, les r\u00e9cipients divers, les tissus d&#8217;ameublement, les parasites, les pare-chocs, les malles, les b\u00e2ches cir\u00e9es, la documentation papier, les d\u00e9chets de plastique, les carottes de d\u00e9but et de fin d&#8217;extrusion, etc.<\/p>\n<h2 class=\"titoletto\">Caract\u00e9ristiques du broyeur :<\/h2>\n<ul>\n<li>Support en t\u00f4le d&#8217;acier \u00e9lectrosoud\u00e9e de forte \u00e9paisseur ;<\/li>\n<li>Supports de roulements pour roulements \u00e0 rouleaux cylindriques avec syst\u00e8me d&#8217;\u00e9tanch\u00e9it\u00e9 contre la poussi\u00e8re et les liquides ;<\/li>\n<li>Plaques lat\u00e9rales interchangeables r\u00e9sistantes \u00e0 l&#8217;usure, avec cavit\u00e9 de s\u00e9paration de la chambre de coupe et des flasques de palier ;<\/li>\n<li>Arbres de forte \u00e9paisseur avec 40 couteaux en acier sp\u00e9cial r\u00e9sistant \u00e0 l&#8217;usure et 40 disques d&#8217;introduction pour faciliter la pr\u00e9hension des corps encombrants ;<\/li>\n<li>Epaisseur de l&#8217;outil 25 mm ;<\/li>\n<li>Disposition des dents du cutter en forme d&#8217;\u00e9cailles pour une meilleure prise et progression de la coupe ;<\/li>\n<li>2 r\u00e9ducteurs plan\u00e9taires avec des axes de rotation parall\u00e8les \u00e0 l&#8217;axe de la fraise ;<\/li>\n<li>2 moteurs multi-tension, multifr\u00e9quence de 22 kW de puissance domestique primaire avec classe de rendement PREMIUM (IE3) ;<\/li>\n<li>Syst\u00e8me de transmission \u00e0 bain d&#8217;huile avec engrenages et pignons en acier ;<\/li>\n<li>Chambre de coupe aux dimensions de mm. 1000X900 ;<\/li>\n<li>Grille interchangeable qui d\u00e9termine la taille de la mati\u00e8re broy\u00e9e (facultatif) ;<\/li>\n<li>Tr\u00e9mie en t\u00f4le \u00e9lectrosoud\u00e9e pour chargement frontal ou par le haut ;<\/li>\n<li>Base \u00e9quip\u00e9e de nr. 3 filets de protection avec porte frontale \u00e9quip\u00e9e d&#8217;une micro-porte de s\u00e9curit\u00e9.<\/li>\n<\/ul>\n<h2 class=\"titoletto\">Caract\u00e9ristiques du syst\u00e8me de contr\u00f4le :<\/h2>\n<ul>\n<li>Tableau \u00e9lectrique conforme aux normes CEE, \u00e9quip\u00e9 d&#8217;un limiteur de couple qui inverse le mouvement des couteaux au cas o\u00f9 la charge de travail de la machine d\u00e9passerait la valeur fix\u00e9e ;<\/li>\n<li>PLC SIEMENS S7-1200 pour le contr\u00f4le de tous les p\u00e9riph\u00e9riques de l&#8217;usine ;<\/li>\n<li>\u00c9cran tactile couleur de 6 pouces pour le r\u00e9glage de tous les param\u00e8tres de la machine ;<\/li>\n<li>Logiciel pr\u00e9dispos\u00e9 pour le contr\u00f4le des syst\u00e8mes de chargement, du broyeur de la raffinerie et du syst\u00e8me d&#8217;aspiration ;<\/li>\n<li>Fonctions de contr\u00f4le d&#8217;urgence pour l&#8217;arr\u00eat de la centrale ;<\/li>\n<li>ISVE MAINTENANCE PROGRAM : programme d&#8217;entretien indiqu\u00e9 sur l&#8217;\u00e9cran tactile.<\/li>\n<li>PR\u00c9DISPOSITION POUR LE SYST\u00c8ME DE T\u00c9L\u00c9ASTATION ET &#8220;SAFETY SERVER CONNECTION ISVE&#8221; (surveillance en temps r\u00e9el des param\u00e8tres de la machine \u00e0 partir du serveur ISVE).<\/li>\n<li>Ex\u00e9cution selon les normes CE<\/li>\n<\/ul>\n<h2 class=\"titoletto\">ACCESSOIRES :<\/h2>\n<ul>\n<li>ISVE Server Connect : module de connexion internet suppl\u00e9mentaire avec service de surveillance automatique sur le serveur ISVE du bon fonctionnement de la station de broyage.<\/li>\n<li>Pousseur hydraulique pr\u00e9sentant les caract\u00e9ristiques suivantes:\n<ul>\n<li>Solide compos\u00e9 compos\u00e9 de profils en acier \u00e9lectrosoud\u00e9s, pour faciliter la prise de corps encombrants ;<\/li>\n<li>Plaque de fixation sur le corps de la machine ;<\/li>\n<li>S\u00e9lecteur de commande manuelle ;<\/li>\n<li>Filets de protection ;<\/li>\n<li>Cylindre hydraulique pour l&#8217;entra\u00eenement du pousseur ;<\/li>\n<li>Groupe hydraulique \u00e9quip\u00e9 d&#8217;une pompe \u00e0 engrenages et d&#8217;un moteur de 2,2 Kw, thermostat\u00e9, avec radiateur de refroidissement de l&#8217;huile ;<\/li>\n<li>Dispositifs de gestion et de contr\u00f4le du panneau \u00e9lectrique du broyeur<\/li>\n<\/ul>\n<\/li>\n<\/ul>\n","protected":false},"excerpt":{"rendered":"<p>Caract\u00e9ristiques principales: chambre de coupe : 1000&#215;900 mm puissance install\u00e9e : 44 KW (22 kW+22 kW) &#8211; 60 CV (30HP+30HP) transmission : par engrenages Nombre d&#8217;arbres de coupe : 2 Nombre de couteaux tremp\u00e9s (25 mm d&#8217;\u00e9paisseur) : 40 Nombre d&#8217;arbres d&#8217;entr\u00e9e : 2 Nombre de disques introducteurs : 40 Nombre de tours moyens :&hellip;<\/p>\n","protected":false},"author":1,"featured_media":10645,"parent":3812,"menu_order":308,"comment_status":"closed","ping_status":"closed","template":"","meta":{"_acf_changed":false,"footnotes":""},"tags":[],"impaginazione":[3692],"divisione":[3689],"categorie_modelli":[3696],"class_list":["post-3824","page","type-page","status-publish","has-post-thumbnail","hentry","impaginazione-modello-prodotto","divisione-isve-recycling","categorie_modelli-trituratori-4-alberi","description-off"],"acf":[],"yoast_head":"<!-- This site is optimized with the Yoast SEO plugin v27.4 - https:\/\/yoast.com\/product\/yoast-seo-wordpress\/ -->\n<title>Broyeurs \u00e0 4 arbres: Mod\u00e9le 100-90S - ISVE SpA - Trattamento legno - Riciclaggio - Macinatori Trituratori<\/title>\n<meta name=\"robots\" content=\"index, follow, max-snippet:-1, max-image-preview:large, max-video-preview:-1\" \/>\n<link rel=\"canonical\" href=\"https:\/\/isve.com\/fr\/broyeurs-industriels\/broyeurs-a-4-arbres\/broyeurs-a-4-arbres-modele-100-90s\/\" \/>\n<meta property=\"og:locale\" content=\"fr_FR\" \/>\n<meta property=\"og:type\" content=\"article\" \/>\n<meta property=\"og:title\" content=\"Broyeurs \u00e0 4 arbres: Mod\u00e9le 100-90S - ISVE SpA - Trattamento legno - Riciclaggio - Macinatori Trituratori\" \/>\n<meta property=\"og:description\" content=\"Caract\u00e9ristiques principales: chambre de coupe : 1000&#215;900 mm puissance install\u00e9e : 44 KW (22 kW+22 kW) &#8211; 60 CV (30HP+30HP) transmission : par engrenages Nombre d&#8217;arbres de coupe : 2 Nombre de couteaux tremp\u00e9s (25 mm d&#8217;\u00e9paisseur) : 40 Nombre d&#8217;arbres d&#8217;entr\u00e9e : 2 Nombre de disques introducteurs : 40 Nombre de tours moyens :&hellip;\" \/>\n<meta property=\"og:url\" content=\"https:\/\/isve.com\/fr\/broyeurs-industriels\/broyeurs-a-4-arbres\/broyeurs-a-4-arbres-modele-100-90s\/\" \/>\n<meta property=\"og:site_name\" content=\"ISVE SpA - Trattamento legno - Riciclaggio - Macinatori Trituratori\" \/>\n<meta property=\"article:modified_time\" content=\"2023-06-12T14:24:21+00:00\" \/>\n<meta property=\"og:image\" content=\"https:\/\/isve.com\/wp-content\/uploads\/2023\/06\/10090s.png\" \/>\n\t<meta property=\"og:image:width\" content=\"1732\" \/>\n\t<meta property=\"og:image:height\" content=\"741\" \/>\n\t<meta property=\"og:image:type\" content=\"image\/png\" \/>\n<meta name=\"twitter:card\" content=\"summary_large_image\" \/>\n<meta name=\"twitter:label1\" content=\"Dur\u00e9e de lecture estim\u00e9e\" \/>\n\t<meta name=\"twitter:data1\" content=\"3 minutes\" \/>\n<script type=\"application\/ld+json\" class=\"yoast-schema-graph\">{\"@context\":\"https:\\\/\\\/schema.org\",\"@graph\":[{\"@type\":\"WebPage\",\"@id\":\"https:\\\/\\\/isve.com\\\/fr\\\/broyeurs-industriels\\\/broyeurs-a-4-arbres\\\/broyeurs-a-4-arbres-modele-100-90s\\\/\",\"url\":\"https:\\\/\\\/isve.com\\\/fr\\\/broyeurs-industriels\\\/broyeurs-a-4-arbres\\\/broyeurs-a-4-arbres-modele-100-90s\\\/\",\"name\":\"Broyeurs \u00e0 4 arbres: Mod\u00e9le 100-90S - ISVE SpA - Trattamento legno - Riciclaggio - Macinatori Trituratori\",\"isPartOf\":{\"@id\":\"https:\\\/\\\/isve.com\\\/fr\\\/#website\"},\"primaryImageOfPage\":{\"@id\":\"https:\\\/\\\/isve.com\\\/fr\\\/broyeurs-industriels\\\/broyeurs-a-4-arbres\\\/broyeurs-a-4-arbres-modele-100-90s\\\/#primaryimage\"},\"image\":{\"@id\":\"https:\\\/\\\/isve.com\\\/fr\\\/broyeurs-industriels\\\/broyeurs-a-4-arbres\\\/broyeurs-a-4-arbres-modele-100-90s\\\/#primaryimage\"},\"thumbnailUrl\":\"https:\\\/\\\/isve.com\\\/wp-content\\\/uploads\\\/2023\\\/06\\\/10090s.png\",\"datePublished\":\"2019-09-17T07:15:57+00:00\",\"dateModified\":\"2023-06-12T14:24:21+00:00\",\"breadcrumb\":{\"@id\":\"https:\\\/\\\/isve.com\\\/fr\\\/broyeurs-industriels\\\/broyeurs-a-4-arbres\\\/broyeurs-a-4-arbres-modele-100-90s\\\/#breadcrumb\"},\"inLanguage\":\"fr-FR\",\"potentialAction\":[{\"@type\":\"ReadAction\",\"target\":[\"https:\\\/\\\/isve.com\\\/fr\\\/broyeurs-industriels\\\/broyeurs-a-4-arbres\\\/broyeurs-a-4-arbres-modele-100-90s\\\/\"]}]},{\"@type\":\"ImageObject\",\"inLanguage\":\"fr-FR\",\"@id\":\"https:\\\/\\\/isve.com\\\/fr\\\/broyeurs-industriels\\\/broyeurs-a-4-arbres\\\/broyeurs-a-4-arbres-modele-100-90s\\\/#primaryimage\",\"url\":\"https:\\\/\\\/isve.com\\\/wp-content\\\/uploads\\\/2023\\\/06\\\/10090s.png\",\"contentUrl\":\"https:\\\/\\\/isve.com\\\/wp-content\\\/uploads\\\/2023\\\/06\\\/10090s.png\",\"width\":1732,\"height\":741,\"caption\":\"10090S\"},{\"@type\":\"BreadcrumbList\",\"@id\":\"https:\\\/\\\/isve.com\\\/fr\\\/broyeurs-industriels\\\/broyeurs-a-4-arbres\\\/broyeurs-a-4-arbres-modele-100-90s\\\/#breadcrumb\",\"itemListElement\":[{\"@type\":\"ListItem\",\"position\":1,\"name\":\"Home\",\"item\":\"https:\\\/\\\/isve.com\\\/fr\\\/\"},{\"@type\":\"ListItem\",\"position\":2,\"name\":\"Produits Recycling\",\"item\":\"https:\\\/\\\/isve.com\\\/fr\\\/broyeurs-industriels\\\/\"},{\"@type\":\"ListItem\",\"position\":3,\"name\":\"Mod\u00e8les &#8211; Broyeurs industriels \u00e0 4 arbres\",\"item\":\"https:\\\/\\\/isve.com\\\/fr\\\/broyeurs-industriels\\\/broyeurs-a-4-arbres\\\/\"},{\"@type\":\"ListItem\",\"position\":4,\"name\":\"Broyeurs \u00e0 4 arbres: Mod\u00e9le 100-90S\"}]},{\"@type\":\"WebSite\",\"@id\":\"https:\\\/\\\/isve.com\\\/fr\\\/#website\",\"url\":\"https:\\\/\\\/isve.com\\\/fr\\\/\",\"name\":\"ISVE S.p.A.\",\"description\":\"Sistemi per trattamento del legno e triturazione macinazione granulazione\",\"publisher\":{\"@id\":\"https:\\\/\\\/isve.com\\\/fr\\\/#organization\"},\"potentialAction\":[{\"@type\":\"SearchAction\",\"target\":{\"@type\":\"EntryPoint\",\"urlTemplate\":\"https:\\\/\\\/isve.com\\\/fr\\\/?s={search_term_string}\"},\"query-input\":{\"@type\":\"PropertyValueSpecification\",\"valueRequired\":true,\"valueName\":\"search_term_string\"}}],\"inLanguage\":\"fr-FR\"},{\"@type\":\"Organization\",\"@id\":\"https:\\\/\\\/isve.com\\\/fr\\\/#organization\",\"name\":\"ISVE S.p.A.\",\"url\":\"https:\\\/\\\/isve.com\\\/fr\\\/\",\"logo\":{\"@type\":\"ImageObject\",\"inLanguage\":\"fr-FR\",\"@id\":\"https:\\\/\\\/isve.com\\\/fr\\\/#\\\/schema\\\/logo\\\/image\\\/\",\"url\":\"https:\\\/\\\/isve.com\\\/wp-content\\\/uploads\\\/2026\\\/01\\\/logo-isve-spa.png\",\"contentUrl\":\"https:\\\/\\\/isve.com\\\/wp-content\\\/uploads\\\/2026\\\/01\\\/logo-isve-spa.png\",\"width\":600,\"height\":173,\"caption\":\"ISVE S.p.A.\"},\"image\":{\"@id\":\"https:\\\/\\\/isve.com\\\/fr\\\/#\\\/schema\\\/logo\\\/image\\\/\"},\"sameAs\":[\"https:\\\/\\\/www.linkedin.com\\\/company\\\/69445471\",\"https:\\\/\\\/www.youtube.com\\\/@isves.p.a.8894\"]}]}<\/script>\n<!-- \/ Yoast SEO plugin. -->","yoast_head_json":{"title":"Broyeurs \u00e0 4 arbres: Mod\u00e9le 100-90S - ISVE SpA - Trattamento legno - Riciclaggio - Macinatori Trituratori","robots":{"index":"index","follow":"follow","max-snippet":"max-snippet:-1","max-image-preview":"max-image-preview:large","max-video-preview":"max-video-preview:-1"},"canonical":"https:\/\/isve.com\/fr\/broyeurs-industriels\/broyeurs-a-4-arbres\/broyeurs-a-4-arbres-modele-100-90s\/","og_locale":"fr_FR","og_type":"article","og_title":"Broyeurs \u00e0 4 arbres: Mod\u00e9le 100-90S - ISVE SpA - Trattamento legno - Riciclaggio - Macinatori Trituratori","og_description":"Caract\u00e9ristiques principales: chambre de coupe : 1000&#215;900 mm puissance install\u00e9e : 44 KW (22 kW+22 kW) &#8211; 60 CV (30HP+30HP) transmission : par engrenages Nombre d&#8217;arbres de coupe : 2 Nombre de couteaux tremp\u00e9s (25 mm d&#8217;\u00e9paisseur) : 40 Nombre d&#8217;arbres d&#8217;entr\u00e9e : 2 Nombre de disques introducteurs : 40 Nombre de tours moyens :&hellip;","og_url":"https:\/\/isve.com\/fr\/broyeurs-industriels\/broyeurs-a-4-arbres\/broyeurs-a-4-arbres-modele-100-90s\/","og_site_name":"ISVE SpA - Trattamento legno - Riciclaggio - Macinatori Trituratori","article_modified_time":"2023-06-12T14:24:21+00:00","og_image":[{"width":1732,"height":741,"url":"https:\/\/isve.com\/wp-content\/uploads\/2023\/06\/10090s.png","type":"image\/png"}],"twitter_card":"summary_large_image","twitter_misc":{"Dur\u00e9e de lecture estim\u00e9e":"3 minutes"},"schema":{"@context":"https:\/\/schema.org","@graph":[{"@type":"WebPage","@id":"https:\/\/isve.com\/fr\/broyeurs-industriels\/broyeurs-a-4-arbres\/broyeurs-a-4-arbres-modele-100-90s\/","url":"https:\/\/isve.com\/fr\/broyeurs-industriels\/broyeurs-a-4-arbres\/broyeurs-a-4-arbres-modele-100-90s\/","name":"Broyeurs \u00e0 4 arbres: Mod\u00e9le 100-90S - ISVE SpA - Trattamento legno - Riciclaggio - Macinatori Trituratori","isPartOf":{"@id":"https:\/\/isve.com\/fr\/#website"},"primaryImageOfPage":{"@id":"https:\/\/isve.com\/fr\/broyeurs-industriels\/broyeurs-a-4-arbres\/broyeurs-a-4-arbres-modele-100-90s\/#primaryimage"},"image":{"@id":"https:\/\/isve.com\/fr\/broyeurs-industriels\/broyeurs-a-4-arbres\/broyeurs-a-4-arbres-modele-100-90s\/#primaryimage"},"thumbnailUrl":"https:\/\/isve.com\/wp-content\/uploads\/2023\/06\/10090s.png","datePublished":"2019-09-17T07:15:57+00:00","dateModified":"2023-06-12T14:24:21+00:00","breadcrumb":{"@id":"https:\/\/isve.com\/fr\/broyeurs-industriels\/broyeurs-a-4-arbres\/broyeurs-a-4-arbres-modele-100-90s\/#breadcrumb"},"inLanguage":"fr-FR","potentialAction":[{"@type":"ReadAction","target":["https:\/\/isve.com\/fr\/broyeurs-industriels\/broyeurs-a-4-arbres\/broyeurs-a-4-arbres-modele-100-90s\/"]}]},{"@type":"ImageObject","inLanguage":"fr-FR","@id":"https:\/\/isve.com\/fr\/broyeurs-industriels\/broyeurs-a-4-arbres\/broyeurs-a-4-arbres-modele-100-90s\/#primaryimage","url":"https:\/\/isve.com\/wp-content\/uploads\/2023\/06\/10090s.png","contentUrl":"https:\/\/isve.com\/wp-content\/uploads\/2023\/06\/10090s.png","width":1732,"height":741,"caption":"10090S"},{"@type":"BreadcrumbList","@id":"https:\/\/isve.com\/fr\/broyeurs-industriels\/broyeurs-a-4-arbres\/broyeurs-a-4-arbres-modele-100-90s\/#breadcrumb","itemListElement":[{"@type":"ListItem","position":1,"name":"Home","item":"https:\/\/isve.com\/fr\/"},{"@type":"ListItem","position":2,"name":"Produits Recycling","item":"https:\/\/isve.com\/fr\/broyeurs-industriels\/"},{"@type":"ListItem","position":3,"name":"Mod\u00e8les &#8211; Broyeurs industriels \u00e0 4 arbres","item":"https:\/\/isve.com\/fr\/broyeurs-industriels\/broyeurs-a-4-arbres\/"},{"@type":"ListItem","position":4,"name":"Broyeurs \u00e0 4 arbres: Mod\u00e9le 100-90S"}]},{"@type":"WebSite","@id":"https:\/\/isve.com\/fr\/#website","url":"https:\/\/isve.com\/fr\/","name":"ISVE S.p.A.","description":"Sistemi per trattamento del legno e triturazione macinazione granulazione","publisher":{"@id":"https:\/\/isve.com\/fr\/#organization"},"potentialAction":[{"@type":"SearchAction","target":{"@type":"EntryPoint","urlTemplate":"https:\/\/isve.com\/fr\/?s={search_term_string}"},"query-input":{"@type":"PropertyValueSpecification","valueRequired":true,"valueName":"search_term_string"}}],"inLanguage":"fr-FR"},{"@type":"Organization","@id":"https:\/\/isve.com\/fr\/#organization","name":"ISVE S.p.A.","url":"https:\/\/isve.com\/fr\/","logo":{"@type":"ImageObject","inLanguage":"fr-FR","@id":"https:\/\/isve.com\/fr\/#\/schema\/logo\/image\/","url":"https:\/\/isve.com\/wp-content\/uploads\/2026\/01\/logo-isve-spa.png","contentUrl":"https:\/\/isve.com\/wp-content\/uploads\/2026\/01\/logo-isve-spa.png","width":600,"height":173,"caption":"ISVE S.p.A."},"image":{"@id":"https:\/\/isve.com\/fr\/#\/schema\/logo\/image\/"},"sameAs":["https:\/\/www.linkedin.com\/company\/69445471","https:\/\/www.youtube.com\/@isves.p.a.8894"]}]}},"_links":{"self":[{"href":"https:\/\/isve.com\/fr\/wp-json\/wp\/v2\/pages\/3824","targetHints":{"allow":["GET"]}}],"collection":[{"href":"https:\/\/isve.com\/fr\/wp-json\/wp\/v2\/pages"}],"about":[{"href":"https:\/\/isve.com\/fr\/wp-json\/wp\/v2\/types\/page"}],"author":[{"embeddable":true,"href":"https:\/\/isve.com\/fr\/wp-json\/wp\/v2\/users\/1"}],"replies":[{"embeddable":true,"href":"https:\/\/isve.com\/fr\/wp-json\/wp\/v2\/comments?post=3824"}],"version-history":[{"count":0,"href":"https:\/\/isve.com\/fr\/wp-json\/wp\/v2\/pages\/3824\/revisions"}],"up":[{"embeddable":true,"href":"https:\/\/isve.com\/fr\/wp-json\/wp\/v2\/pages\/3812"}],"wp:featuredmedia":[{"embeddable":true,"href":"https:\/\/isve.com\/fr\/wp-json\/wp\/v2\/media\/10645"}],"wp:attachment":[{"href":"https:\/\/isve.com\/fr\/wp-json\/wp\/v2\/media?parent=3824"}],"wp:term":[{"taxonomy":"post_tag","embeddable":true,"href":"https:\/\/isve.com\/fr\/wp-json\/wp\/v2\/tags?post=3824"},{"taxonomy":"impaginazione","embeddable":true,"href":"https:\/\/isve.com\/fr\/wp-json\/wp\/v2\/impaginazione?post=3824"},{"taxonomy":"divisione","embeddable":true,"href":"https:\/\/isve.com\/fr\/wp-json\/wp\/v2\/divisione?post=3824"},{"taxonomy":"categorie_modelli","embeddable":true,"href":"https:\/\/isve.com\/fr\/wp-json\/wp\/v2\/categorie_modelli?post=3824"}],"curies":[{"name":"wp","href":"https:\/\/api.w.org\/{rel}","templated":true}]}}