{"id":3818,"date":"2019-09-17T09:29:07","date_gmt":"2019-09-17T07:29:07","guid":{"rendered":"https:\/\/isve.com\/?page_id=3818"},"modified":"2023-06-12T16:45:57","modified_gmt":"2023-06-12T14:45:57","slug":"broyeurs-a-4-arbres-modele-100-100s","status":"publish","type":"page","link":"https:\/\/isve.com\/fr\/broyeurs-industriels\/broyeurs-a-4-arbres\/broyeurs-a-4-arbres-modele-100-100s\/","title":{"rendered":"Broyeurs \u00e0 4 arbres: Mod\u00e8le 100-100S"},"content":{"rendered":"<h2 class=\"titoletto\"><strong>Caract\u00e9ristiques principales:<\/strong><\/h2>\n<ul>\n<li><span class=\"etichetta\">Bouche de chargement:<\/span>&nbsp;1000&#215;1000<\/li>\n<li><span class=\"etichetta\">Puissance install\u00e9e:<\/span> <span class=\"etichetta\">44 kW (22kW+22kW) \u2013 60 HP (30 + 30 HP)<\/span><\/li>\n<li><span class=\"etichetta\">transmission:<\/span>&nbsp;par engrenages<\/li>\n<li><span class=\"etichetta\">n\u00b0 arbres couteaux:<\/span>&nbsp;2<\/li>\n<li><span class=\"etichetta\">n\u00b0 couteaux tremp\u00e9s (epaiss. 40 mm):<\/span>&nbsp;25<\/li>\n<li><span class=\"etichetta\">n\u00b0 arbres introducteurs:<\/span>&nbsp;2<\/li>\n<li><span class=\"etichetta\">n\u00b0 disques introducteurs:<\/span>&nbsp;25<\/li>\n<li><span class=\"etichetta\">n\u00b0 de tours couteaux\/min (env.):<\/span>&nbsp;18<\/li>\n<li><span class=\"etichetta\">production:<\/span>&nbsp;1,5-2,5 t\/heure<\/li>\n<li><span class=\"etichetta\">\u00e9quipement de s\u00e9curit\u00e9:<\/span>&nbsp;bouton d&#8217;arr\u00eat d&#8217;urgence, contact de fermeture de la tr\u00e9mie<\/li>\n<li>ex\u00e9cution aux normes CE<\/li>\n<\/ul>\n<h2 class=\"titoletto\"><strong>Accessoires sur demande:<\/strong><\/h2>\n<ul>\n<li>Tr\u00e9mie interchangeable.<\/li>\n<li>Grille interchangeable.<\/li>\n<li>Base sur mesure.<\/li>\n<\/ul>\n<h2 class=\"titoletto\"><strong>Notice d\u2019utilisation:<\/strong><\/h2>\n<p>Machine polyvalente de moyennes dimensions, adapt\u00e9e pour le broyage de diff\u00e9rent type de d\u00e9chet meme mat\u00e9riaux volumineux. Peut \u00eatre plac\u00e9e en cours de fabrication pour un fonctionnement en continu. Conseill\u00e9e pour le broyage de morceaux de bois meme de grandes dimensions, chiffons, palettes, chiffons, mati\u00e8res plastiques, pneus, papier, carton, emballages, rubans de poly\u00e9thyl\u00e8ne, films plastiques, bouteilles en PET, bidons de boite metallique, tapisserie, pare-chocs, toile cir\u00e9e, malles, documentation de papier, dechets plastiques, masselotte de commence et fin extrusion, etc.<\/p>\n<h2 class=\"titoletto\"><strong>Caract\u00e9ristiques du d\u00e9chiqueteur:<\/strong><\/h2>\n<ul>\n<li>Ch\u00e2ssis en t\u00f4le d&#8217;acier \u00e9lectrosoud\u00e9 de forte \u00e9paisseur;<\/li>\n<li>Logement des roulements \u00e0 aiguilles avec syst\u00e8me de protection contre les poussi\u00e8res et les liquides;<\/li>\n<li>Plaques lat\u00e9raux auti-usure avec interstice de s\u00e9paration de la chambre de coupe des brides porte-roulements;<\/li>\n<li>Arbres de forte \u00e9paisseur pourvus de 25 couteaux en acier sp\u00e9cial anti-usure et 25 disques introducteurs pour faciliter la saisie des pi\u00e8ces volumineuses;<\/li>\n<li>Epaisseur outil: 40mm;<\/li>\n<li>Disposition d\u00e9gressive des dents fraise pour une meilleure prise et progression de coupe;<\/li>\n<li>2 r\u00e9ducteurs \u00e9picyclo\u00efdaux avec axes de rotation parall\u00e8les \u00e0 l&#8217;axe des couteaux;<\/li>\n<li>2 moteurs multi-tensions et multi-fr\u00e9quences de la maison nationale principale de 22 kW avec classe d&#8217;efficacit\u00e9 PREMIUM (IE3);<\/li>\n<li>Syst\u00e8me de transmission \u00e0 bain d&#8217;huile avec engrenages et pignons en acier;<\/li>\n<li>Chambre de d\u00e9coupe aux dimensions 1000&#215;1000 mm;<\/li>\n<li>Crible interchangeable qui d\u00e9termine la granulom\u00e9trie de la mati\u00e8re broy\u00e9e (optional);<\/li>\n<li>Tr\u00e9mie en t\u00f4le \u00e9lectrosoud\u00e9e pour chargement par le haut;<\/li>\n<li>B\u00e2ti pourvu de n\u00b0 3 grilles de protection avec portillon en fa\u00e7ade \u00e9quip\u00e9 d&#8217;un micro-contact de s\u00e9curit\u00e9.<\/li>\n<li>Poids env. 5,5 t.<\/li>\n<\/ul>\n<h2 class=\"titoletto\"><strong>Caract\u00e9ristique du syst\u00e8me de contr\u00f4le:<\/strong><\/h2>\n<ul>\n<li>Tableau \u00e9lectrique aux normes CE, \u00e9quip\u00e9 d\u2019un limiteur de couple qui inverse le mouvement du poussoir en cas de surcharge du d\u00e9chiqueteur.<\/li>\n<li>PLC SIEMENS S7-1200 pour le contr\u00f4le de tous les p\u00e9riph\u00e9riques de l\u2019installation.<\/li>\n<li>Ecran tactile SIMATIC SIEMENS pour le r\u00e9glage des tous les param\u00e8tres de la machine.<\/li>\n<li>Software pr\u00e9par\u00e9 pour la commande des syst\u00e8mes de chargement, du raffineur et de l\u2019installation d\u2019aspiration.<\/li>\n<li>Fonctions de contr\u00f4le de s\u00e9curit\u00e9 pour l\u2019arr\u00eat de l\u2019installation.<\/li>\n<li>ISVE MAINTENANCE PROGRAME: programme des entretiens signal\u00e9 sur l\u2019\u00e9cran tactile.<\/li>\n<li>La production de mati\u00e8re broy\u00e9e varie en fonction de la typologie de pi\u00e8ces \u00e0 broyer et de la granulom\u00e9trie souhait\u00e9e. En g\u00e9n\u00e9ral, on peut tables sur une production de 1,5-2,5 t\/heure.<\/li>\n<li><strong>ex\u00e9cution aux normes CE<\/strong><\/li>\n<\/ul>\n<h2><strong>Accessoires:<\/strong><\/h2>\n<ul>\n<li>ISVE Server Connect: module de connexion Internet suppl\u00e9mentaire avec service de surveillance automatique sur le serveur ISVE du bon fonctionnement du syst\u00e8me de broyage;<\/li>\n<li>Grille pour d\u00e9terminer la taille du mat\u00e9riau;<\/li>\n<li><strong>Poussoir hydraulique avec les caract\u00e9ristiques suivantes:<\/strong><\/li>\n<li>Compos\u00e9 robuste compos\u00e9 de profil\u00e9s en acier \u00e9lectrosoud\u00e9s, pour faciliter l&#8217;adh\u00e9rence des corps encombrants;<\/li>\n<li>Plaque de fixation au corps de la machine;<\/li>\n<li>S\u00e9lecteur de commande manuelle;<\/li>\n<li>Filets de protection;<\/li>\n<li>V\u00e9rin hydraulique pour entra\u00eenement par poussoir;<\/li>\n<li>Groupe hydraulique \u00e9quip\u00e9 d&#8217;une pompe \u00e0 engrenages et d&#8217;un moteur de 2,2 Kw, thermostat\u00e9, avec radiateur de refroidissement d&#8217;huile;<\/li>\n<li>Dispositifs de gestion et de contr\u00f4le du panneau \u00e9lectrique du broyeur<\/li>\n<\/ul>\n","protected":false},"excerpt":{"rendered":"<p>Caract\u00e9ristiques principales: Bouche de chargement:&nbsp;1000&#215;1000 Puissance install\u00e9e: 44 kW (22kW+22kW) \u2013 60 HP (30 + 30 HP) transmission:&nbsp;par engrenages n\u00b0 arbres couteaux:&nbsp;2 n\u00b0 couteaux tremp\u00e9s (epaiss. 40 mm):&nbsp;25 n\u00b0 arbres introducteurs:&nbsp;2 n\u00b0 disques introducteurs:&nbsp;25 n\u00b0 de tours couteaux\/min (env.):&nbsp;18 production:&nbsp;1,5-2,5 t\/heure \u00e9quipement de s\u00e9curit\u00e9:&nbsp;bouton d&#8217;arr\u00eat d&#8217;urgence, contact de fermeture de la tr\u00e9mie ex\u00e9cution aux normes&hellip;<\/p>\n","protected":false},"author":1,"featured_media":10681,"parent":3812,"menu_order":309,"comment_status":"closed","ping_status":"closed","template":"","meta":{"_acf_changed":false,"footnotes":""},"tags":[],"impaginazione":[3692],"divisione":[3689],"categorie_modelli":[3696],"class_list":["post-3818","page","type-page","status-publish","has-post-thumbnail","hentry","impaginazione-modello-prodotto","divisione-isve-recycling","categorie_modelli-trituratori-4-alberi","description-off"],"acf":[],"yoast_head":"<!-- This site is optimized with the Yoast SEO plugin v27.4 - https:\/\/yoast.com\/product\/yoast-seo-wordpress\/ -->\n<title>Broyeurs \u00e0 4 arbres: Mod\u00e8le 100-100S - ISVE SpA - Traitement du bois - Recyclage - Broyeurs Granulateurs<\/title>\n<meta name=\"robots\" content=\"index, follow, max-snippet:-1, max-image-preview:large, max-video-preview:-1\" \/>\n<link rel=\"canonical\" href=\"https:\/\/isve.com\/fr\/broyeurs-industriels\/broyeurs-a-4-arbres\/broyeurs-a-4-arbres-modele-100-100s\/\" \/>\n<meta property=\"og:locale\" content=\"fr_FR\" \/>\n<meta property=\"og:type\" content=\"article\" \/>\n<meta property=\"og:title\" content=\"Broyeurs \u00e0 4 arbres: Mod\u00e8le 100-100S - ISVE SpA - Traitement du bois - Recyclage - Broyeurs Granulateurs\" \/>\n<meta property=\"og:description\" content=\"Caract\u00e9ristiques principales: Bouche de chargement:&nbsp;1000&#215;1000 Puissance install\u00e9e: 44 kW (22kW+22kW) \u2013 60 HP (30 + 30 HP) transmission:&nbsp;par engrenages n\u00b0 arbres couteaux:&nbsp;2 n\u00b0 couteaux tremp\u00e9s (epaiss. 40 mm):&nbsp;25 n\u00b0 arbres introducteurs:&nbsp;2 n\u00b0 disques introducteurs:&nbsp;25 n\u00b0 de tours couteaux\/min (env.):&nbsp;18 production:&nbsp;1,5-2,5 t\/heure \u00e9quipement de s\u00e9curit\u00e9:&nbsp;bouton d&#8217;arr\u00eat d&#8217;urgence, contact de fermeture de la tr\u00e9mie ex\u00e9cution aux normes&hellip;\" \/>\n<meta property=\"og:url\" content=\"https:\/\/isve.com\/fr\/broyeurs-industriels\/broyeurs-a-4-arbres\/broyeurs-a-4-arbres-modele-100-100s\/\" \/>\n<meta property=\"og:site_name\" content=\"ISVE SpA - Traitement du bois - Recyclage - Broyeurs Granulateurs\" \/>\n<meta property=\"article:modified_time\" content=\"2023-06-12T14:45:57+00:00\" \/>\n<meta property=\"og:image\" content=\"https:\/\/isve.com\/wp-content\/uploads\/2023\/06\/100100s.png\" \/>\n\t<meta property=\"og:image:width\" content=\"1892\" \/>\n\t<meta property=\"og:image:height\" content=\"783\" \/>\n\t<meta property=\"og:image:type\" content=\"image\/png\" \/>\n<meta name=\"twitter:card\" content=\"summary_large_image\" \/>\n<meta name=\"twitter:label1\" content=\"Dur\u00e9e de lecture estim\u00e9e\" \/>\n\t<meta name=\"twitter:data1\" content=\"3 minutes\" \/>\n<script type=\"application\/ld+json\" class=\"yoast-schema-graph\">{\"@context\":\"https:\\\/\\\/schema.org\",\"@graph\":[{\"@type\":\"WebPage\",\"@id\":\"https:\\\/\\\/isve.com\\\/fr\\\/broyeurs-industriels\\\/broyeurs-a-4-arbres\\\/broyeurs-a-4-arbres-modele-100-100s\\\/\",\"url\":\"https:\\\/\\\/isve.com\\\/fr\\\/broyeurs-industriels\\\/broyeurs-a-4-arbres\\\/broyeurs-a-4-arbres-modele-100-100s\\\/\",\"name\":\"Broyeurs \u00e0 4 arbres: Mod\u00e8le 100-100S - ISVE SpA - Traitement du bois - Recyclage - Broyeurs Granulateurs\",\"isPartOf\":{\"@id\":\"https:\\\/\\\/isve.com\\\/fr\\\/#website\"},\"primaryImageOfPage\":{\"@id\":\"https:\\\/\\\/isve.com\\\/fr\\\/broyeurs-industriels\\\/broyeurs-a-4-arbres\\\/broyeurs-a-4-arbres-modele-100-100s\\\/#primaryimage\"},\"image\":{\"@id\":\"https:\\\/\\\/isve.com\\\/fr\\\/broyeurs-industriels\\\/broyeurs-a-4-arbres\\\/broyeurs-a-4-arbres-modele-100-100s\\\/#primaryimage\"},\"thumbnailUrl\":\"https:\\\/\\\/isve.com\\\/wp-content\\\/uploads\\\/2023\\\/06\\\/100100s.png\",\"datePublished\":\"2019-09-17T07:29:07+00:00\",\"dateModified\":\"2023-06-12T14:45:57+00:00\",\"breadcrumb\":{\"@id\":\"https:\\\/\\\/isve.com\\\/fr\\\/broyeurs-industriels\\\/broyeurs-a-4-arbres\\\/broyeurs-a-4-arbres-modele-100-100s\\\/#breadcrumb\"},\"inLanguage\":\"fr-FR\",\"potentialAction\":[{\"@type\":\"ReadAction\",\"target\":[\"https:\\\/\\\/isve.com\\\/fr\\\/broyeurs-industriels\\\/broyeurs-a-4-arbres\\\/broyeurs-a-4-arbres-modele-100-100s\\\/\"]}]},{\"@type\":\"ImageObject\",\"inLanguage\":\"fr-FR\",\"@id\":\"https:\\\/\\\/isve.com\\\/fr\\\/broyeurs-industriels\\\/broyeurs-a-4-arbres\\\/broyeurs-a-4-arbres-modele-100-100s\\\/#primaryimage\",\"url\":\"https:\\\/\\\/isve.com\\\/wp-content\\\/uploads\\\/2023\\\/06\\\/100100s.png\",\"contentUrl\":\"https:\\\/\\\/isve.com\\\/wp-content\\\/uploads\\\/2023\\\/06\\\/100100s.png\",\"width\":1892,\"height\":783,\"caption\":\"100100S\"},{\"@type\":\"BreadcrumbList\",\"@id\":\"https:\\\/\\\/isve.com\\\/fr\\\/broyeurs-industriels\\\/broyeurs-a-4-arbres\\\/broyeurs-a-4-arbres-modele-100-100s\\\/#breadcrumb\",\"itemListElement\":[{\"@type\":\"ListItem\",\"position\":1,\"name\":\"Home\",\"item\":\"https:\\\/\\\/isve.com\\\/fr\\\/\"},{\"@type\":\"ListItem\",\"position\":2,\"name\":\"Produits Recycling\",\"item\":\"https:\\\/\\\/isve.com\\\/fr\\\/broyeurs-industriels\\\/\"},{\"@type\":\"ListItem\",\"position\":3,\"name\":\"Mod\u00e8les &#8211; Broyeurs industriels \u00e0 4 arbres\",\"item\":\"https:\\\/\\\/isve.com\\\/fr\\\/broyeurs-industriels\\\/broyeurs-a-4-arbres\\\/\"},{\"@type\":\"ListItem\",\"position\":4,\"name\":\"Broyeurs \u00e0 4 arbres: Mod\u00e8le 100-100S\"}]},{\"@type\":\"WebSite\",\"@id\":\"https:\\\/\\\/isve.com\\\/fr\\\/#website\",\"url\":\"https:\\\/\\\/isve.com\\\/fr\\\/\",\"name\":\"ISVE S.p.A.\",\"description\":\"Syst\u00e8mes de traitement du bois et pour dechiquetage broyage granulation\",\"publisher\":{\"@id\":\"https:\\\/\\\/isve.com\\\/fr\\\/#organization\"},\"potentialAction\":[{\"@type\":\"SearchAction\",\"target\":{\"@type\":\"EntryPoint\",\"urlTemplate\":\"https:\\\/\\\/isve.com\\\/fr\\\/?s={search_term_string}\"},\"query-input\":{\"@type\":\"PropertyValueSpecification\",\"valueRequired\":true,\"valueName\":\"search_term_string\"}}],\"inLanguage\":\"fr-FR\"},{\"@type\":\"Organization\",\"@id\":\"https:\\\/\\\/isve.com\\\/fr\\\/#organization\",\"name\":\"ISVE S.p.A.\",\"url\":\"https:\\\/\\\/isve.com\\\/fr\\\/\",\"logo\":{\"@type\":\"ImageObject\",\"inLanguage\":\"fr-FR\",\"@id\":\"https:\\\/\\\/isve.com\\\/fr\\\/#\\\/schema\\\/logo\\\/image\\\/\",\"url\":\"https:\\\/\\\/isve.com\\\/wp-content\\\/uploads\\\/2026\\\/01\\\/logo-isve-spa.png\",\"contentUrl\":\"https:\\\/\\\/isve.com\\\/wp-content\\\/uploads\\\/2026\\\/01\\\/logo-isve-spa.png\",\"width\":600,\"height\":173,\"caption\":\"ISVE S.p.A.\"},\"image\":{\"@id\":\"https:\\\/\\\/isve.com\\\/fr\\\/#\\\/schema\\\/logo\\\/image\\\/\"},\"sameAs\":[\"https:\\\/\\\/www.linkedin.com\\\/company\\\/69445471\",\"https:\\\/\\\/www.youtube.com\\\/@isves.p.a.8894\"]}]}<\/script>\n<!-- \/ Yoast SEO plugin. -->","yoast_head_json":{"title":"Broyeurs \u00e0 4 arbres: Mod\u00e8le 100-100S - ISVE SpA - Traitement du bois - Recyclage - Broyeurs Granulateurs","robots":{"index":"index","follow":"follow","max-snippet":"max-snippet:-1","max-image-preview":"max-image-preview:large","max-video-preview":"max-video-preview:-1"},"canonical":"https:\/\/isve.com\/fr\/broyeurs-industriels\/broyeurs-a-4-arbres\/broyeurs-a-4-arbres-modele-100-100s\/","og_locale":"fr_FR","og_type":"article","og_title":"Broyeurs \u00e0 4 arbres: Mod\u00e8le 100-100S - ISVE SpA - Traitement du bois - Recyclage - Broyeurs Granulateurs","og_description":"Caract\u00e9ristiques principales: Bouche de chargement:&nbsp;1000&#215;1000 Puissance install\u00e9e: 44 kW (22kW+22kW) \u2013 60 HP (30 + 30 HP) transmission:&nbsp;par engrenages n\u00b0 arbres couteaux:&nbsp;2 n\u00b0 couteaux tremp\u00e9s (epaiss. 40 mm):&nbsp;25 n\u00b0 arbres introducteurs:&nbsp;2 n\u00b0 disques introducteurs:&nbsp;25 n\u00b0 de tours couteaux\/min (env.):&nbsp;18 production:&nbsp;1,5-2,5 t\/heure \u00e9quipement de s\u00e9curit\u00e9:&nbsp;bouton d&#8217;arr\u00eat d&#8217;urgence, contact de fermeture de la tr\u00e9mie ex\u00e9cution aux normes&hellip;","og_url":"https:\/\/isve.com\/fr\/broyeurs-industriels\/broyeurs-a-4-arbres\/broyeurs-a-4-arbres-modele-100-100s\/","og_site_name":"ISVE SpA - Traitement du bois - Recyclage - Broyeurs Granulateurs","article_modified_time":"2023-06-12T14:45:57+00:00","og_image":[{"width":1892,"height":783,"url":"https:\/\/isve.com\/wp-content\/uploads\/2023\/06\/100100s.png","type":"image\/png"}],"twitter_card":"summary_large_image","twitter_misc":{"Dur\u00e9e de lecture estim\u00e9e":"3 minutes"},"schema":{"@context":"https:\/\/schema.org","@graph":[{"@type":"WebPage","@id":"https:\/\/isve.com\/fr\/broyeurs-industriels\/broyeurs-a-4-arbres\/broyeurs-a-4-arbres-modele-100-100s\/","url":"https:\/\/isve.com\/fr\/broyeurs-industriels\/broyeurs-a-4-arbres\/broyeurs-a-4-arbres-modele-100-100s\/","name":"Broyeurs \u00e0 4 arbres: Mod\u00e8le 100-100S - ISVE SpA - Traitement du bois - Recyclage - Broyeurs Granulateurs","isPartOf":{"@id":"https:\/\/isve.com\/fr\/#website"},"primaryImageOfPage":{"@id":"https:\/\/isve.com\/fr\/broyeurs-industriels\/broyeurs-a-4-arbres\/broyeurs-a-4-arbres-modele-100-100s\/#primaryimage"},"image":{"@id":"https:\/\/isve.com\/fr\/broyeurs-industriels\/broyeurs-a-4-arbres\/broyeurs-a-4-arbres-modele-100-100s\/#primaryimage"},"thumbnailUrl":"https:\/\/isve.com\/wp-content\/uploads\/2023\/06\/100100s.png","datePublished":"2019-09-17T07:29:07+00:00","dateModified":"2023-06-12T14:45:57+00:00","breadcrumb":{"@id":"https:\/\/isve.com\/fr\/broyeurs-industriels\/broyeurs-a-4-arbres\/broyeurs-a-4-arbres-modele-100-100s\/#breadcrumb"},"inLanguage":"fr-FR","potentialAction":[{"@type":"ReadAction","target":["https:\/\/isve.com\/fr\/broyeurs-industriels\/broyeurs-a-4-arbres\/broyeurs-a-4-arbres-modele-100-100s\/"]}]},{"@type":"ImageObject","inLanguage":"fr-FR","@id":"https:\/\/isve.com\/fr\/broyeurs-industriels\/broyeurs-a-4-arbres\/broyeurs-a-4-arbres-modele-100-100s\/#primaryimage","url":"https:\/\/isve.com\/wp-content\/uploads\/2023\/06\/100100s.png","contentUrl":"https:\/\/isve.com\/wp-content\/uploads\/2023\/06\/100100s.png","width":1892,"height":783,"caption":"100100S"},{"@type":"BreadcrumbList","@id":"https:\/\/isve.com\/fr\/broyeurs-industriels\/broyeurs-a-4-arbres\/broyeurs-a-4-arbres-modele-100-100s\/#breadcrumb","itemListElement":[{"@type":"ListItem","position":1,"name":"Home","item":"https:\/\/isve.com\/fr\/"},{"@type":"ListItem","position":2,"name":"Produits Recycling","item":"https:\/\/isve.com\/fr\/broyeurs-industriels\/"},{"@type":"ListItem","position":3,"name":"Mod\u00e8les &#8211; Broyeurs industriels \u00e0 4 arbres","item":"https:\/\/isve.com\/fr\/broyeurs-industriels\/broyeurs-a-4-arbres\/"},{"@type":"ListItem","position":4,"name":"Broyeurs \u00e0 4 arbres: Mod\u00e8le 100-100S"}]},{"@type":"WebSite","@id":"https:\/\/isve.com\/fr\/#website","url":"https:\/\/isve.com\/fr\/","name":"ISVE S.p.A.","description":"Syst\u00e8mes de traitement du bois et pour dechiquetage broyage granulation","publisher":{"@id":"https:\/\/isve.com\/fr\/#organization"},"potentialAction":[{"@type":"SearchAction","target":{"@type":"EntryPoint","urlTemplate":"https:\/\/isve.com\/fr\/?s={search_term_string}"},"query-input":{"@type":"PropertyValueSpecification","valueRequired":true,"valueName":"search_term_string"}}],"inLanguage":"fr-FR"},{"@type":"Organization","@id":"https:\/\/isve.com\/fr\/#organization","name":"ISVE S.p.A.","url":"https:\/\/isve.com\/fr\/","logo":{"@type":"ImageObject","inLanguage":"fr-FR","@id":"https:\/\/isve.com\/fr\/#\/schema\/logo\/image\/","url":"https:\/\/isve.com\/wp-content\/uploads\/2026\/01\/logo-isve-spa.png","contentUrl":"https:\/\/isve.com\/wp-content\/uploads\/2026\/01\/logo-isve-spa.png","width":600,"height":173,"caption":"ISVE S.p.A."},"image":{"@id":"https:\/\/isve.com\/fr\/#\/schema\/logo\/image\/"},"sameAs":["https:\/\/www.linkedin.com\/company\/69445471","https:\/\/www.youtube.com\/@isves.p.a.8894"]}]}},"_links":{"self":[{"href":"https:\/\/isve.com\/fr\/wp-json\/wp\/v2\/pages\/3818","targetHints":{"allow":["GET"]}}],"collection":[{"href":"https:\/\/isve.com\/fr\/wp-json\/wp\/v2\/pages"}],"about":[{"href":"https:\/\/isve.com\/fr\/wp-json\/wp\/v2\/types\/page"}],"author":[{"embeddable":true,"href":"https:\/\/isve.com\/fr\/wp-json\/wp\/v2\/users\/1"}],"replies":[{"embeddable":true,"href":"https:\/\/isve.com\/fr\/wp-json\/wp\/v2\/comments?post=3818"}],"version-history":[{"count":0,"href":"https:\/\/isve.com\/fr\/wp-json\/wp\/v2\/pages\/3818\/revisions"}],"up":[{"embeddable":true,"href":"https:\/\/isve.com\/fr\/wp-json\/wp\/v2\/pages\/3812"}],"wp:featuredmedia":[{"embeddable":true,"href":"https:\/\/isve.com\/fr\/wp-json\/wp\/v2\/media\/10681"}],"wp:attachment":[{"href":"https:\/\/isve.com\/fr\/wp-json\/wp\/v2\/media?parent=3818"}],"wp:term":[{"taxonomy":"post_tag","embeddable":true,"href":"https:\/\/isve.com\/fr\/wp-json\/wp\/v2\/tags?post=3818"},{"taxonomy":"impaginazione","embeddable":true,"href":"https:\/\/isve.com\/fr\/wp-json\/wp\/v2\/impaginazione?post=3818"},{"taxonomy":"divisione","embeddable":true,"href":"https:\/\/isve.com\/fr\/wp-json\/wp\/v2\/divisione?post=3818"},{"taxonomy":"categorie_modelli","embeddable":true,"href":"https:\/\/isve.com\/fr\/wp-json\/wp\/v2\/categorie_modelli?post=3818"}],"curies":[{"name":"wp","href":"https:\/\/api.w.org\/{rel}","templated":true}]}}