{"id":3797,"date":"2019-09-04T16:19:31","date_gmt":"2019-09-04T14:19:31","guid":{"rendered":"https:\/\/isve.com\/?page_id=3797"},"modified":"2025-04-08T16:38:22","modified_gmt":"2025-04-08T14:38:22","slug":"broyeurs-industriel-a-2-arbres-photogallery","status":"publish","type":"page","link":"https:\/\/isve.com\/fr\/broyeurs-industriels\/broyeurs-industriel-a-2-arbres-photogallery\/","title":{"rendered":"Broyeurs industriel \u00e0 2 arbres &#8220;TRITOTUTTO&#8221; \u2013 Photogallery"},"content":{"rendered":"<p><strong>Broyeurs lourds \u00e0 2 arbres<\/strong> avec chargement par tr\u00e9mie et avec un couple tr\u00e8s \u00e9lev\u00e9 pour une coupe \u00e0 basse vitesse de rotation, pour une moindre absorption d\u2019\u00e9nergie et une forte r\u00e9duction du bruit.<\/p>\n<p>&nbsp;<\/p>\n\n\t\t<style>\n\t\t\t#gallery-1 {\n\t\t\t\tmargin: auto;\n\t\t\t}\n\t\t\t#gallery-1 .gallery-item {\n\t\t\t\tfloat: left;\n\t\t\t\tmargin-top: 10px;\n\t\t\t\ttext-align: center;\n\t\t\t\twidth: 33%;\n\t\t\t}\n\t\t\t#gallery-1 img {\n\t\t\t\tborder: 2px solid #cfcfcf;\n\t\t\t}\n\t\t\t#gallery-1 .gallery-caption {\n\t\t\t\tmargin-left: 0;\n\t\t\t}\n\t\t\t\/* see gallery_shortcode() in wp-includes\/media.php *\/\n\t\t<\/style>\n\t\t<div id='gallery-1' class='gallery galleryid-3797 gallery-columns-3 gallery-size-thumbnail'><dl class='gallery-item'>\n\t\t\t<dt class='gallery-icon landscape'>\n\t\t\t\t<a href='https:\/\/isve.com\/fr\/broyeurs-industriels\/broyeurs-industriel-a-2-arbres-photogallery\/attachment\/trituratori_bialbero_img1-2\/'><img decoding=\"async\" width=\"150\" height=\"150\" src=\"https:\/\/isve.com\/wp-content\/uploads\/trituratori_bialbero_img1-150x150.jpg\" class=\"attachment-thumbnail size-thumbnail\" alt=\"\" \/><\/a>\n\t\t\t<\/dt><\/dl><dl class='gallery-item'>\n\t\t\t<dt class='gallery-icon landscape'>\n\t\t\t\t<a href='https:\/\/isve.com\/fr\/broyeurs-industriels\/broyeurs-industriel-a-2-arbres-photogallery\/attachment\/trituratori_bialbero_img2-2\/'><img decoding=\"async\" width=\"150\" height=\"150\" src=\"https:\/\/isve.com\/wp-content\/uploads\/trituratori_bialbero_img2-150x150.jpg\" class=\"attachment-thumbnail size-thumbnail\" alt=\"\" \/><\/a>\n\t\t\t<\/dt><\/dl><dl class='gallery-item'>\n\t\t\t<dt class='gallery-icon portrait'>\n\t\t\t\t<a href='https:\/\/isve.com\/fr\/broyeurs-industriels\/broyeurs-industriel-a-2-arbres-photogallery\/attachment\/trituratori_bialbero_img3-2\/'><img decoding=\"async\" width=\"150\" height=\"150\" src=\"https:\/\/isve.com\/wp-content\/uploads\/trituratori_bialbero_img3-150x150.jpg\" class=\"attachment-thumbnail size-thumbnail\" alt=\"\" \/><\/a>\n\t\t\t<\/dt><\/dl><br style=\"clear: both\" \/><dl class='gallery-item'>\n\t\t\t<dt class='gallery-icon landscape'>\n\t\t\t\t<a href='https:\/\/isve.com\/fr\/broyeurs-industriels\/broyeurs-industriel-a-2-arbres-photogallery\/attachment\/trituratori_bialbero_img4-2\/'><img loading=\"lazy\" decoding=\"async\" width=\"150\" height=\"150\" src=\"https:\/\/isve.com\/wp-content\/uploads\/trituratori_bialbero_img4-150x150.jpg\" class=\"attachment-thumbnail size-thumbnail\" alt=\"\" \/><\/a>\n\t\t\t<\/dt><\/dl><dl class='gallery-item'>\n\t\t\t<dt class='gallery-icon portrait'>\n\t\t\t\t<a href='https:\/\/isve.com\/fr\/broyeurs-industriels\/broyeurs-industriel-a-2-arbres-photogallery\/attachment\/trituratori_bialbero_img5-2\/'><img loading=\"lazy\" decoding=\"async\" width=\"150\" height=\"150\" src=\"https:\/\/isve.com\/wp-content\/uploads\/trituratori_bialbero_img5-150x150.jpg\" class=\"attachment-thumbnail size-thumbnail\" alt=\"\" \/><\/a>\n\t\t\t<\/dt><\/dl><dl class='gallery-item'>\n\t\t\t<dt class='gallery-icon landscape'>\n\t\t\t\t<a href='https:\/\/isve.com\/fr\/broyeurs-industriels\/broyeurs-industriel-a-2-arbres-photogallery\/attachment\/trituratori_bialbero_img6-2\/'><img loading=\"lazy\" decoding=\"async\" width=\"150\" height=\"150\" src=\"https:\/\/isve.com\/wp-content\/uploads\/trituratori_bialbero_img6-150x150.jpg\" class=\"attachment-thumbnail size-thumbnail\" alt=\"\" \/><\/a>\n\t\t\t<\/dt><\/dl><br style=\"clear: both\" \/><dl class='gallery-item'>\n\t\t\t<dt class='gallery-icon landscape'>\n\t\t\t\t<a href='https:\/\/isve.com\/fr\/broyeurs-industriels\/broyeurs-industriel-a-2-arbres-photogallery\/attachment\/trituratori_bialbero_img7-2\/'><img loading=\"lazy\" decoding=\"async\" width=\"150\" height=\"150\" src=\"https:\/\/isve.com\/wp-content\/uploads\/trituratori_bialbero_img7-150x150.jpg\" class=\"attachment-thumbnail size-thumbnail\" alt=\"\" \/><\/a>\n\t\t\t<\/dt><\/dl><dl class='gallery-item'>\n\t\t\t<dt class='gallery-icon landscape'>\n\t\t\t\t<a href='https:\/\/isve.com\/fr\/broyeurs-industriels\/broyeurs-industriel-a-2-arbres-photogallery\/attachment\/trituratori_bialbero_img8-2\/'><img loading=\"lazy\" decoding=\"async\" width=\"150\" height=\"150\" src=\"https:\/\/isve.com\/wp-content\/uploads\/trituratori_bialbero_img8-150x150.jpg\" class=\"attachment-thumbnail size-thumbnail\" alt=\"\" \/><\/a>\n\t\t\t<\/dt><\/dl><dl class='gallery-item'>\n\t\t\t<dt class='gallery-icon landscape'>\n\t\t\t\t<a href='https:\/\/isve.com\/fr\/broyeurs-industriels\/broyeurs-industriel-a-2-arbres-photogallery\/attachment\/trituratori_bialbero_img9-2\/'><img loading=\"lazy\" decoding=\"async\" width=\"150\" height=\"150\" src=\"https:\/\/isve.com\/wp-content\/uploads\/trituratori_bialbero_img9-150x150.jpg\" class=\"attachment-thumbnail size-thumbnail\" alt=\"\" \/><\/a>\n\t\t\t<\/dt><\/dl><br style=\"clear: both\" \/>\n\t\t<\/div>\n\n","protected":false},"excerpt":{"rendered":"<p>Broyeurs lourds \u00e0 2 arbres avec chargement par tr\u00e9mie et avec un couple tr\u00e8s \u00e9lev\u00e9 pour une coupe \u00e0 basse vitesse de rotation, pour une moindre absorption d\u2019\u00e9nergie et une forte r\u00e9duction du bruit. &nbsp;<\/p>\n","protected":false},"author":1,"featured_media":0,"parent":13660,"menu_order":382,"comment_status":"closed","ping_status":"closed","template":"","meta":{"_acf_changed":false,"footnotes":""},"tags":[],"impaginazione":[],"divisione":[3689],"categorie_modelli":[],"class_list":["post-3797","page","type-page","status-publish","hentry","divisione-isve-recycling","description-off"],"acf":[],"yoast_head":"<!-- This site is optimized with the Yoast SEO plugin v27.4 - https:\/\/yoast.com\/product\/yoast-seo-wordpress\/ -->\n<title>Broyeurs industriel \u00e0 2 arbres &quot;TRITOTUTTO&quot; \u2013 Photogallery - ISVE SpA - Traitement du bois - Recyclage - Broyeurs Granulateurs<\/title>\n<meta name=\"robots\" content=\"index, follow, max-snippet:-1, max-image-preview:large, max-video-preview:-1\" \/>\n<link rel=\"canonical\" href=\"https:\/\/isve.com\/fr\/broyeurs-industriels\/broyeurs-industriel-a-2-arbres-photogallery\/\" \/>\n<meta property=\"og:locale\" content=\"fr_FR\" \/>\n<meta property=\"og:type\" content=\"article\" \/>\n<meta property=\"og:title\" content=\"Broyeurs industriel \u00e0 2 arbres &quot;TRITOTUTTO&quot; \u2013 Photogallery - ISVE SpA - Traitement du bois - Recyclage - Broyeurs Granulateurs\" \/>\n<meta property=\"og:description\" content=\"Broyeurs lourds \u00e0 2 arbres avec chargement par tr\u00e9mie et avec un couple tr\u00e8s \u00e9lev\u00e9 pour une coupe \u00e0 basse vitesse de rotation, pour une moindre absorption d\u2019\u00e9nergie et une forte r\u00e9duction du bruit. &nbsp;\" \/>\n<meta property=\"og:url\" content=\"https:\/\/isve.com\/fr\/broyeurs-industriels\/broyeurs-industriel-a-2-arbres-photogallery\/\" \/>\n<meta property=\"og:site_name\" content=\"ISVE SpA - Traitement du bois - Recyclage - Broyeurs Granulateurs\" \/>\n<meta property=\"article:modified_time\" content=\"2025-04-08T14:38:22+00:00\" \/>\n<meta name=\"twitter:card\" content=\"summary_large_image\" \/>\n<script type=\"application\/ld+json\" class=\"yoast-schema-graph\">{\"@context\":\"https:\\\/\\\/schema.org\",\"@graph\":[{\"@type\":\"WebPage\",\"@id\":\"https:\\\/\\\/isve.com\\\/fr\\\/broyeurs-industriels\\\/broyeurs-industriel-a-2-arbres-photogallery\\\/\",\"url\":\"https:\\\/\\\/isve.com\\\/fr\\\/broyeurs-industriels\\\/broyeurs-industriel-a-2-arbres-photogallery\\\/\",\"name\":\"Broyeurs industriel \u00e0 2 arbres \\\"TRITOTUTTO\\\" \u2013 Photogallery - ISVE SpA - Traitement du bois - Recyclage - Broyeurs Granulateurs\",\"isPartOf\":{\"@id\":\"https:\\\/\\\/isve.com\\\/fr\\\/#website\"},\"datePublished\":\"2019-09-04T14:19:31+00:00\",\"dateModified\":\"2025-04-08T14:38:22+00:00\",\"breadcrumb\":{\"@id\":\"https:\\\/\\\/isve.com\\\/fr\\\/broyeurs-industriels\\\/broyeurs-industriel-a-2-arbres-photogallery\\\/#breadcrumb\"},\"inLanguage\":\"fr-FR\",\"potentialAction\":[{\"@type\":\"ReadAction\",\"target\":[\"https:\\\/\\\/isve.com\\\/fr\\\/broyeurs-industriels\\\/broyeurs-industriel-a-2-arbres-photogallery\\\/\"]}]},{\"@type\":\"BreadcrumbList\",\"@id\":\"https:\\\/\\\/isve.com\\\/fr\\\/broyeurs-industriels\\\/broyeurs-industriel-a-2-arbres-photogallery\\\/#breadcrumb\",\"itemListElement\":[{\"@type\":\"ListItem\",\"position\":1,\"name\":\"Home\",\"item\":\"https:\\\/\\\/isve.com\\\/fr\\\/\"},{\"@type\":\"ListItem\",\"position\":2,\"name\":\"Produits Recycling\",\"item\":\"https:\\\/\\\/isve.com\\\/fr\\\/broyeurs-industriels\\\/\"},{\"@type\":\"ListItem\",\"position\":3,\"name\":\"Broyeurs industriel \u00e0 2 arbres &#8220;TRITOTUTTO&#8221; \u2013 Photogallery\"}]},{\"@type\":\"WebSite\",\"@id\":\"https:\\\/\\\/isve.com\\\/fr\\\/#website\",\"url\":\"https:\\\/\\\/isve.com\\\/fr\\\/\",\"name\":\"ISVE S.p.A.\",\"description\":\"Syst\u00e8mes de traitement du bois et pour dechiquetage broyage granulation\",\"publisher\":{\"@id\":\"https:\\\/\\\/isve.com\\\/fr\\\/#organization\"},\"potentialAction\":[{\"@type\":\"SearchAction\",\"target\":{\"@type\":\"EntryPoint\",\"urlTemplate\":\"https:\\\/\\\/isve.com\\\/fr\\\/?s={search_term_string}\"},\"query-input\":{\"@type\":\"PropertyValueSpecification\",\"valueRequired\":true,\"valueName\":\"search_term_string\"}}],\"inLanguage\":\"fr-FR\"},{\"@type\":\"Organization\",\"@id\":\"https:\\\/\\\/isve.com\\\/fr\\\/#organization\",\"name\":\"ISVE S.p.A.\",\"url\":\"https:\\\/\\\/isve.com\\\/fr\\\/\",\"logo\":{\"@type\":\"ImageObject\",\"inLanguage\":\"fr-FR\",\"@id\":\"https:\\\/\\\/isve.com\\\/fr\\\/#\\\/schema\\\/logo\\\/image\\\/\",\"url\":\"https:\\\/\\\/isve.com\\\/wp-content\\\/uploads\\\/2026\\\/01\\\/logo-isve-spa.png\",\"contentUrl\":\"https:\\\/\\\/isve.com\\\/wp-content\\\/uploads\\\/2026\\\/01\\\/logo-isve-spa.png\",\"width\":600,\"height\":173,\"caption\":\"ISVE S.p.A.\"},\"image\":{\"@id\":\"https:\\\/\\\/isve.com\\\/fr\\\/#\\\/schema\\\/logo\\\/image\\\/\"},\"sameAs\":[\"https:\\\/\\\/www.linkedin.com\\\/company\\\/69445471\",\"https:\\\/\\\/www.youtube.com\\\/@isves.p.a.8894\"]}]}<\/script>\n<!-- \/ Yoast SEO plugin. -->","yoast_head_json":{"title":"Broyeurs industriel \u00e0 2 arbres \"TRITOTUTTO\" \u2013 Photogallery - ISVE SpA - Traitement du bois - Recyclage - Broyeurs Granulateurs","robots":{"index":"index","follow":"follow","max-snippet":"max-snippet:-1","max-image-preview":"max-image-preview:large","max-video-preview":"max-video-preview:-1"},"canonical":"https:\/\/isve.com\/fr\/broyeurs-industriels\/broyeurs-industriel-a-2-arbres-photogallery\/","og_locale":"fr_FR","og_type":"article","og_title":"Broyeurs industriel \u00e0 2 arbres \"TRITOTUTTO\" \u2013 Photogallery - ISVE SpA - Traitement du bois - Recyclage - Broyeurs Granulateurs","og_description":"Broyeurs lourds \u00e0 2 arbres avec chargement par tr\u00e9mie et avec un couple tr\u00e8s \u00e9lev\u00e9 pour une coupe \u00e0 basse vitesse de rotation, pour une moindre absorption d\u2019\u00e9nergie et une forte r\u00e9duction du bruit. &nbsp;","og_url":"https:\/\/isve.com\/fr\/broyeurs-industriels\/broyeurs-industriel-a-2-arbres-photogallery\/","og_site_name":"ISVE SpA - Traitement du bois - Recyclage - Broyeurs Granulateurs","article_modified_time":"2025-04-08T14:38:22+00:00","twitter_card":"summary_large_image","schema":{"@context":"https:\/\/schema.org","@graph":[{"@type":"WebPage","@id":"https:\/\/isve.com\/fr\/broyeurs-industriels\/broyeurs-industriel-a-2-arbres-photogallery\/","url":"https:\/\/isve.com\/fr\/broyeurs-industriels\/broyeurs-industriel-a-2-arbres-photogallery\/","name":"Broyeurs industriel \u00e0 2 arbres \"TRITOTUTTO\" \u2013 Photogallery - ISVE SpA - Traitement du bois - Recyclage - Broyeurs Granulateurs","isPartOf":{"@id":"https:\/\/isve.com\/fr\/#website"},"datePublished":"2019-09-04T14:19:31+00:00","dateModified":"2025-04-08T14:38:22+00:00","breadcrumb":{"@id":"https:\/\/isve.com\/fr\/broyeurs-industriels\/broyeurs-industriel-a-2-arbres-photogallery\/#breadcrumb"},"inLanguage":"fr-FR","potentialAction":[{"@type":"ReadAction","target":["https:\/\/isve.com\/fr\/broyeurs-industriels\/broyeurs-industriel-a-2-arbres-photogallery\/"]}]},{"@type":"BreadcrumbList","@id":"https:\/\/isve.com\/fr\/broyeurs-industriels\/broyeurs-industriel-a-2-arbres-photogallery\/#breadcrumb","itemListElement":[{"@type":"ListItem","position":1,"name":"Home","item":"https:\/\/isve.com\/fr\/"},{"@type":"ListItem","position":2,"name":"Produits Recycling","item":"https:\/\/isve.com\/fr\/broyeurs-industriels\/"},{"@type":"ListItem","position":3,"name":"Broyeurs industriel \u00e0 2 arbres &#8220;TRITOTUTTO&#8221; \u2013 Photogallery"}]},{"@type":"WebSite","@id":"https:\/\/isve.com\/fr\/#website","url":"https:\/\/isve.com\/fr\/","name":"ISVE S.p.A.","description":"Syst\u00e8mes de traitement du bois et pour dechiquetage broyage granulation","publisher":{"@id":"https:\/\/isve.com\/fr\/#organization"},"potentialAction":[{"@type":"SearchAction","target":{"@type":"EntryPoint","urlTemplate":"https:\/\/isve.com\/fr\/?s={search_term_string}"},"query-input":{"@type":"PropertyValueSpecification","valueRequired":true,"valueName":"search_term_string"}}],"inLanguage":"fr-FR"},{"@type":"Organization","@id":"https:\/\/isve.com\/fr\/#organization","name":"ISVE S.p.A.","url":"https:\/\/isve.com\/fr\/","logo":{"@type":"ImageObject","inLanguage":"fr-FR","@id":"https:\/\/isve.com\/fr\/#\/schema\/logo\/image\/","url":"https:\/\/isve.com\/wp-content\/uploads\/2026\/01\/logo-isve-spa.png","contentUrl":"https:\/\/isve.com\/wp-content\/uploads\/2026\/01\/logo-isve-spa.png","width":600,"height":173,"caption":"ISVE S.p.A."},"image":{"@id":"https:\/\/isve.com\/fr\/#\/schema\/logo\/image\/"},"sameAs":["https:\/\/www.linkedin.com\/company\/69445471","https:\/\/www.youtube.com\/@isves.p.a.8894"]}]}},"_links":{"self":[{"href":"https:\/\/isve.com\/fr\/wp-json\/wp\/v2\/pages\/3797","targetHints":{"allow":["GET"]}}],"collection":[{"href":"https:\/\/isve.com\/fr\/wp-json\/wp\/v2\/pages"}],"about":[{"href":"https:\/\/isve.com\/fr\/wp-json\/wp\/v2\/types\/page"}],"author":[{"embeddable":true,"href":"https:\/\/isve.com\/fr\/wp-json\/wp\/v2\/users\/1"}],"replies":[{"embeddable":true,"href":"https:\/\/isve.com\/fr\/wp-json\/wp\/v2\/comments?post=3797"}],"version-history":[{"count":0,"href":"https:\/\/isve.com\/fr\/wp-json\/wp\/v2\/pages\/3797\/revisions"}],"up":[{"embeddable":true,"href":"https:\/\/isve.com\/fr\/wp-json\/wp\/v2\/pages\/13660"}],"wp:attachment":[{"href":"https:\/\/isve.com\/fr\/wp-json\/wp\/v2\/media?parent=3797"}],"wp:term":[{"taxonomy":"post_tag","embeddable":true,"href":"https:\/\/isve.com\/fr\/wp-json\/wp\/v2\/tags?post=3797"},{"taxonomy":"impaginazione","embeddable":true,"href":"https:\/\/isve.com\/fr\/wp-json\/wp\/v2\/impaginazione?post=3797"},{"taxonomy":"divisione","embeddable":true,"href":"https:\/\/isve.com\/fr\/wp-json\/wp\/v2\/divisione?post=3797"},{"taxonomy":"categorie_modelli","embeddable":true,"href":"https:\/\/isve.com\/fr\/wp-json\/wp\/v2\/categorie_modelli?post=3797"}],"curies":[{"name":"wp","href":"https:\/\/api.w.org\/{rel}","templated":true}]}}