{"id":3791,"date":"2019-09-04T16:33:42","date_gmt":"2019-09-04T14:33:42","guid":{"rendered":"https:\/\/isve.com\/?page_id=3791"},"modified":"2025-04-08T16:38:40","modified_gmt":"2025-04-08T14:38:40","slug":"broyeurs-a-2-arbres-videogallery","status":"publish","type":"page","link":"https:\/\/isve.com\/fr\/broyeurs-industriels\/broyeurs-a-2-arbres-videogallery\/","title":{"rendered":"Broyeurs \u00e0 2 arbres \u2013 Videogallery"},"content":{"rendered":"<p><strong>Broyeurs lourds \u00e0 2 arbres<\/strong> avec chargement par tr\u00e9mie et avec un couple tr\u00e8s \u00e9lev\u00e9 pour une coupe \u00e0 basse vitesse de rotation, pour une moindre absorption d\u2019\u00e9nergie et une forte r\u00e9duction du bruit.<\/p>\n<p><iframe title=\"ISVE double-shaft shredder for clothes shredding\" width=\"1200\" height=\"675\" src=\"https:\/\/www.youtube.com\/embed\/Yi4wa5-KNrE?feature=oembed\" frameborder=\"0\" allow=\"accelerometer; autoplay; clipboard-write; encrypted-media; gyroscope; picture-in-picture; web-share\" referrerpolicy=\"strict-origin-when-cross-origin\" allowfullscreen><\/iframe><\/p>\n<p><iframe title=\"ISVE double-shaft shredder for fuel tanks\" width=\"1200\" height=\"900\" src=\"https:\/\/www.youtube.com\/embed\/lrDzehFvqUs?feature=oembed\" frameborder=\"0\" allow=\"accelerometer; autoplay; clipboard-write; encrypted-media; gyroscope; picture-in-picture; web-share\" referrerpolicy=\"strict-origin-when-cross-origin\" allowfullscreen><\/iframe><\/p>\n","protected":false},"excerpt":{"rendered":"<p>Broyeurs lourds \u00e0 2 arbres avec chargement par tr\u00e9mie et avec un couple tr\u00e8s \u00e9lev\u00e9 pour une coupe \u00e0 basse vitesse de rotation, pour une moindre absorption d\u2019\u00e9nergie et une forte r\u00e9duction du bruit.<\/p>\n","protected":false},"author":1,"featured_media":0,"parent":13660,"menu_order":384,"comment_status":"closed","ping_status":"closed","template":"","meta":{"_acf_changed":false,"footnotes":""},"tags":[],"impaginazione":[],"divisione":[3689],"categorie_modelli":[],"class_list":["post-3791","page","type-page","status-publish","hentry","divisione-isve-recycling","description-off"],"acf":[],"yoast_head":"<!-- This site is optimized with the Yoast SEO plugin v27.4 - https:\/\/yoast.com\/product\/yoast-seo-wordpress\/ -->\n<title>Broyeurs \u00e0 2 arbres \u2013 Videogallery - ISVE SpA - Traitement du bois - Recyclage - Broyeurs Granulateurs<\/title>\n<meta name=\"robots\" content=\"index, follow, max-snippet:-1, max-image-preview:large, max-video-preview:-1\" \/>\n<link rel=\"canonical\" href=\"https:\/\/isve.com\/fr\/broyeurs-industriels\/broyeurs-a-2-arbres-videogallery\/\" \/>\n<meta property=\"og:locale\" content=\"fr_FR\" \/>\n<meta property=\"og:type\" content=\"article\" \/>\n<meta property=\"og:title\" content=\"Broyeurs \u00e0 2 arbres \u2013 Videogallery - ISVE SpA - Traitement du bois - Recyclage - Broyeurs Granulateurs\" \/>\n<meta property=\"og:description\" content=\"Broyeurs lourds \u00e0 2 arbres avec chargement par tr\u00e9mie et avec un couple tr\u00e8s \u00e9lev\u00e9 pour une coupe \u00e0 basse vitesse de rotation, pour une moindre absorption d\u2019\u00e9nergie et une forte r\u00e9duction du bruit.\" \/>\n<meta property=\"og:url\" content=\"https:\/\/isve.com\/fr\/broyeurs-industriels\/broyeurs-a-2-arbres-videogallery\/\" \/>\n<meta property=\"og:site_name\" content=\"ISVE SpA - Traitement du bois - Recyclage - Broyeurs Granulateurs\" \/>\n<meta property=\"article:modified_time\" content=\"2025-04-08T14:38:40+00:00\" \/>\n<meta name=\"twitter:card\" content=\"summary_large_image\" \/>\n<meta name=\"twitter:label1\" content=\"Dur\u00e9e de lecture estim\u00e9e\" \/>\n\t<meta name=\"twitter:data1\" content=\"1 minute\" \/>\n<script type=\"application\/ld+json\" class=\"yoast-schema-graph\">{\"@context\":\"https:\\\/\\\/schema.org\",\"@graph\":[{\"@type\":\"WebPage\",\"@id\":\"https:\\\/\\\/isve.com\\\/fr\\\/broyeurs-industriels\\\/broyeurs-a-2-arbres-videogallery\\\/\",\"url\":\"https:\\\/\\\/isve.com\\\/fr\\\/broyeurs-industriels\\\/broyeurs-a-2-arbres-videogallery\\\/\",\"name\":\"Broyeurs \u00e0 2 arbres \u2013 Videogallery - ISVE SpA - Traitement du bois - Recyclage - Broyeurs Granulateurs\",\"isPartOf\":{\"@id\":\"https:\\\/\\\/isve.com\\\/fr\\\/#website\"},\"datePublished\":\"2019-09-04T14:33:42+00:00\",\"dateModified\":\"2025-04-08T14:38:40+00:00\",\"breadcrumb\":{\"@id\":\"https:\\\/\\\/isve.com\\\/fr\\\/broyeurs-industriels\\\/broyeurs-a-2-arbres-videogallery\\\/#breadcrumb\"},\"inLanguage\":\"fr-FR\",\"potentialAction\":[{\"@type\":\"ReadAction\",\"target\":[\"https:\\\/\\\/isve.com\\\/fr\\\/broyeurs-industriels\\\/broyeurs-a-2-arbres-videogallery\\\/\"]}]},{\"@type\":\"BreadcrumbList\",\"@id\":\"https:\\\/\\\/isve.com\\\/fr\\\/broyeurs-industriels\\\/broyeurs-a-2-arbres-videogallery\\\/#breadcrumb\",\"itemListElement\":[{\"@type\":\"ListItem\",\"position\":1,\"name\":\"Home\",\"item\":\"https:\\\/\\\/isve.com\\\/fr\\\/\"},{\"@type\":\"ListItem\",\"position\":2,\"name\":\"Produits Recycling\",\"item\":\"https:\\\/\\\/isve.com\\\/fr\\\/broyeurs-industriels\\\/\"},{\"@type\":\"ListItem\",\"position\":3,\"name\":\"Broyeurs \u00e0 2 arbres \u2013 Videogallery\"}]},{\"@type\":\"WebSite\",\"@id\":\"https:\\\/\\\/isve.com\\\/fr\\\/#website\",\"url\":\"https:\\\/\\\/isve.com\\\/fr\\\/\",\"name\":\"ISVE S.p.A.\",\"description\":\"Syst\u00e8mes de traitement du bois et pour dechiquetage broyage granulation\",\"publisher\":{\"@id\":\"https:\\\/\\\/isve.com\\\/fr\\\/#organization\"},\"potentialAction\":[{\"@type\":\"SearchAction\",\"target\":{\"@type\":\"EntryPoint\",\"urlTemplate\":\"https:\\\/\\\/isve.com\\\/fr\\\/?s={search_term_string}\"},\"query-input\":{\"@type\":\"PropertyValueSpecification\",\"valueRequired\":true,\"valueName\":\"search_term_string\"}}],\"inLanguage\":\"fr-FR\"},{\"@type\":\"Organization\",\"@id\":\"https:\\\/\\\/isve.com\\\/fr\\\/#organization\",\"name\":\"ISVE S.p.A.\",\"url\":\"https:\\\/\\\/isve.com\\\/fr\\\/\",\"logo\":{\"@type\":\"ImageObject\",\"inLanguage\":\"fr-FR\",\"@id\":\"https:\\\/\\\/isve.com\\\/fr\\\/#\\\/schema\\\/logo\\\/image\\\/\",\"url\":\"https:\\\/\\\/isve.com\\\/wp-content\\\/uploads\\\/2026\\\/01\\\/logo-isve-spa.png\",\"contentUrl\":\"https:\\\/\\\/isve.com\\\/wp-content\\\/uploads\\\/2026\\\/01\\\/logo-isve-spa.png\",\"width\":600,\"height\":173,\"caption\":\"ISVE S.p.A.\"},\"image\":{\"@id\":\"https:\\\/\\\/isve.com\\\/fr\\\/#\\\/schema\\\/logo\\\/image\\\/\"},\"sameAs\":[\"https:\\\/\\\/www.linkedin.com\\\/company\\\/69445471\",\"https:\\\/\\\/www.youtube.com\\\/@isves.p.a.8894\"]}]}<\/script>\n<!-- \/ Yoast SEO plugin. -->","yoast_head_json":{"title":"Broyeurs \u00e0 2 arbres \u2013 Videogallery - ISVE SpA - Traitement du bois - Recyclage - Broyeurs Granulateurs","robots":{"index":"index","follow":"follow","max-snippet":"max-snippet:-1","max-image-preview":"max-image-preview:large","max-video-preview":"max-video-preview:-1"},"canonical":"https:\/\/isve.com\/fr\/broyeurs-industriels\/broyeurs-a-2-arbres-videogallery\/","og_locale":"fr_FR","og_type":"article","og_title":"Broyeurs \u00e0 2 arbres \u2013 Videogallery - ISVE SpA - Traitement du bois - Recyclage - Broyeurs Granulateurs","og_description":"Broyeurs lourds \u00e0 2 arbres avec chargement par tr\u00e9mie et avec un couple tr\u00e8s \u00e9lev\u00e9 pour une coupe \u00e0 basse vitesse de rotation, pour une moindre absorption d\u2019\u00e9nergie et une forte r\u00e9duction du bruit.","og_url":"https:\/\/isve.com\/fr\/broyeurs-industriels\/broyeurs-a-2-arbres-videogallery\/","og_site_name":"ISVE SpA - Traitement du bois - Recyclage - Broyeurs Granulateurs","article_modified_time":"2025-04-08T14:38:40+00:00","twitter_card":"summary_large_image","twitter_misc":{"Dur\u00e9e de lecture estim\u00e9e":"1 minute"},"schema":{"@context":"https:\/\/schema.org","@graph":[{"@type":"WebPage","@id":"https:\/\/isve.com\/fr\/broyeurs-industriels\/broyeurs-a-2-arbres-videogallery\/","url":"https:\/\/isve.com\/fr\/broyeurs-industriels\/broyeurs-a-2-arbres-videogallery\/","name":"Broyeurs \u00e0 2 arbres \u2013 Videogallery - ISVE SpA - Traitement du bois - Recyclage - Broyeurs Granulateurs","isPartOf":{"@id":"https:\/\/isve.com\/fr\/#website"},"datePublished":"2019-09-04T14:33:42+00:00","dateModified":"2025-04-08T14:38:40+00:00","breadcrumb":{"@id":"https:\/\/isve.com\/fr\/broyeurs-industriels\/broyeurs-a-2-arbres-videogallery\/#breadcrumb"},"inLanguage":"fr-FR","potentialAction":[{"@type":"ReadAction","target":["https:\/\/isve.com\/fr\/broyeurs-industriels\/broyeurs-a-2-arbres-videogallery\/"]}]},{"@type":"BreadcrumbList","@id":"https:\/\/isve.com\/fr\/broyeurs-industriels\/broyeurs-a-2-arbres-videogallery\/#breadcrumb","itemListElement":[{"@type":"ListItem","position":1,"name":"Home","item":"https:\/\/isve.com\/fr\/"},{"@type":"ListItem","position":2,"name":"Produits Recycling","item":"https:\/\/isve.com\/fr\/broyeurs-industriels\/"},{"@type":"ListItem","position":3,"name":"Broyeurs \u00e0 2 arbres \u2013 Videogallery"}]},{"@type":"WebSite","@id":"https:\/\/isve.com\/fr\/#website","url":"https:\/\/isve.com\/fr\/","name":"ISVE S.p.A.","description":"Syst\u00e8mes de traitement du bois et pour dechiquetage broyage granulation","publisher":{"@id":"https:\/\/isve.com\/fr\/#organization"},"potentialAction":[{"@type":"SearchAction","target":{"@type":"EntryPoint","urlTemplate":"https:\/\/isve.com\/fr\/?s={search_term_string}"},"query-input":{"@type":"PropertyValueSpecification","valueRequired":true,"valueName":"search_term_string"}}],"inLanguage":"fr-FR"},{"@type":"Organization","@id":"https:\/\/isve.com\/fr\/#organization","name":"ISVE S.p.A.","url":"https:\/\/isve.com\/fr\/","logo":{"@type":"ImageObject","inLanguage":"fr-FR","@id":"https:\/\/isve.com\/fr\/#\/schema\/logo\/image\/","url":"https:\/\/isve.com\/wp-content\/uploads\/2026\/01\/logo-isve-spa.png","contentUrl":"https:\/\/isve.com\/wp-content\/uploads\/2026\/01\/logo-isve-spa.png","width":600,"height":173,"caption":"ISVE S.p.A."},"image":{"@id":"https:\/\/isve.com\/fr\/#\/schema\/logo\/image\/"},"sameAs":["https:\/\/www.linkedin.com\/company\/69445471","https:\/\/www.youtube.com\/@isves.p.a.8894"]}]}},"_links":{"self":[{"href":"https:\/\/isve.com\/fr\/wp-json\/wp\/v2\/pages\/3791","targetHints":{"allow":["GET"]}}],"collection":[{"href":"https:\/\/isve.com\/fr\/wp-json\/wp\/v2\/pages"}],"about":[{"href":"https:\/\/isve.com\/fr\/wp-json\/wp\/v2\/types\/page"}],"author":[{"embeddable":true,"href":"https:\/\/isve.com\/fr\/wp-json\/wp\/v2\/users\/1"}],"replies":[{"embeddable":true,"href":"https:\/\/isve.com\/fr\/wp-json\/wp\/v2\/comments?post=3791"}],"version-history":[{"count":0,"href":"https:\/\/isve.com\/fr\/wp-json\/wp\/v2\/pages\/3791\/revisions"}],"up":[{"embeddable":true,"href":"https:\/\/isve.com\/fr\/wp-json\/wp\/v2\/pages\/13660"}],"wp:attachment":[{"href":"https:\/\/isve.com\/fr\/wp-json\/wp\/v2\/media?parent=3791"}],"wp:term":[{"taxonomy":"post_tag","embeddable":true,"href":"https:\/\/isve.com\/fr\/wp-json\/wp\/v2\/tags?post=3791"},{"taxonomy":"impaginazione","embeddable":true,"href":"https:\/\/isve.com\/fr\/wp-json\/wp\/v2\/impaginazione?post=3791"},{"taxonomy":"divisione","embeddable":true,"href":"https:\/\/isve.com\/fr\/wp-json\/wp\/v2\/divisione?post=3791"},{"taxonomy":"categorie_modelli","embeddable":true,"href":"https:\/\/isve.com\/fr\/wp-json\/wp\/v2\/categorie_modelli?post=3791"}],"curies":[{"name":"wp","href":"https:\/\/api.w.org\/{rel}","templated":true}]}}