{"id":3772,"date":"2019-09-04T13:45:04","date_gmt":"2019-09-04T11:45:04","guid":{"rendered":"https:\/\/isve.com\/?page_id=3772"},"modified":"2024-03-18T17:20:56","modified_gmt":"2024-03-18T16:20:56","slug":"broyeurs-a-2-arbres-modele-b-12070s","status":"publish","type":"page","link":"https:\/\/isve.com\/fr\/broyeurs-industriels\/broyeurs-a-2-arbres\/broyeurs-a-2-arbres-modele-b-12070s\/","title":{"rendered":"Broyeurs \u00e0 2 arbres: Mod\u00e8le B-120\/70S"},"content":{"rendered":"<h2 class=\"titoletto\"><strong>Caract\u00e9ristiques principales:<\/strong><\/h2>\n<ul>\n<li><span class=\"etichetta\">Bouche de chargement:<\/span> 1200 x 750 mm<\/li>\n<li><span class=\"etichetta\">puissance install\u00e9e:<\/span> 45 kW + 45 kW.<\/li>\n<li><span class=\"etichetta\">transmission:<\/span>&nbsp;\u00e0 engrenages, par r\u00e9ducteurs \u00e0 bain d&#8217;huile<\/li>\n<li><span class=\"etichetta\">n\u00b0 d&#8217;arbres porte-couteaux:<\/span>&nbsp;2<\/li>\n<li><span class=\"etichetta\">n\u00b0 de couteaux tremp\u00e9s :<\/span> 24<\/li>\n<li><span class=\"etichetta\">epaisseur de coteaux:<\/span> 50 mm<\/li>\n<li><span class=\"etichetta\">n\u00b0 peignes espaceurs:<\/span> 24<\/li>\n<li><span class=\"etichetta\">n. moyen tours fraises\/min.:<\/span> 11<\/li>\n<li><span class=\"etichetta\">\u00e9quipements de s\u00e9curit\u00e9:<\/span>&nbsp;arr\u00eat d\u2019urgence, syst\u00e8me d\u2019inversion en cas de surcharge.<\/li>\n<li>ex\u00e9cution conforme aux normes CE<\/li>\n<\/ul>\n<h2 class=\"titoletto\"><strong>Accessoires sur demande:<\/strong><\/h2>\n<ul>\n<li>tremie interchangeable ;<\/li>\n<li>bande transporteuse de chargement et deschargement ;<\/li>\n<li>base sur mesure.<\/li>\n<\/ul>\n<h2 class=\"titoletto\"><strong>Notice d\u2019utilisation:<\/strong><\/h2>\n<p>Machine polyvalente, adapt\u00e9e au broyage de nombreux d\u00e9chets et autres mat\u00e9riaux. Elle peut \u00eatre ins\u00e9r\u00e9e dans une ligne pour un fonctionnement en continu.<br \/>\nRecommand\u00e9 pour le broyage de copeaux de bois, chiffons, blocs de plastique, peaux, pneus, papier, carton, emballages, bandes de poly\u00e9thyl\u00e8ne, films plastiques, etc.<\/p>\n<h2 class=\"titoletto\"><strong>Caract\u00e9ristiques du broyeur<\/strong><strong style=\"font-size: 16px;\">:<\/strong><\/h2>\n<ul>\n<li>Support en t\u00f4le d&#8217;acier \u00e9paisse \u00e9lectrosoud\u00e9e ;<\/li>\n<li>Supports de roulement des rouleaux du baril avec syst\u00e8me d&#8217;\u00e9tanch\u00e9it\u00e9 contre la poussi\u00e8re et les liquides ;<\/li>\n<li>Arbres extra-\u00e9pais avec n\u00b0 24 couteaux en acier sp\u00e9cial r\u00e9sistant \u00e0 l&#8217;usure et n\u00b0 24 secteurs d&#8217;\u00e9cartement pour faciliter l&#8217;\u00e9vacuation du mat\u00e9riau broy\u00e9 ;<\/li>\n<li>Nouvelle disposition scalaire des dents des couteaux pour une meilleure adh\u00e9rence et une meilleure progression de la coupe ;<\/li>\n<li>N\u00b0 2 r\u00e9ducteurs \u00e9picyclo\u00efdaux \u00e0 bain d&#8217;huile dont les axes de rotation sont parall\u00e8les \u00e0 l&#8217;axe des couteaux ;<\/li>\n<li>N\u00b0 2 moteurs Siemens ou similaires de 45 kW pour un total de 90 kW ;<\/li>\n<li>Syst\u00e8me de transmission \u00e0 bain d&#8217;huile avec engrenages et pignons en acier ;<\/li>\n<li>Chambre de coupe de 1200 X 750 mm ;<\/li>\n<li>Tr\u00e9mie en t\u00f4le boulonn\u00e9e pour le chargement par le haut ;<\/li>\n<li>Base \u00e9quip\u00e9e d&#8217;un tiroir pouvant \u00eatre raccord\u00e9 au syst\u00e8me d&#8217;aspiration\/convoyeur \u00e0 bande ou aux filets de protection n\u00b0 3 avec porte frontale \u00e9quip\u00e9e d&#8217;un micro de s\u00e9curit\u00e9.<\/li>\n<\/ul>\n<h2 class=\"titoletto\"><strong>Caract\u00e9ristique du syst\u00e8me de contr\u00f4le:<\/strong><\/h2>\n<ul>\n<li>Tableau \u00e9lectrique conforme aux normes CEE, \u00e9quip\u00e9 d&#8217;un limiteur de couple qui inverse le mouvement du rotor en cas de surcharge du broyeur ;<\/li>\n<li>Tableau interne principal LOGO SIEMENS pour la commande de tous les dispositifs p\u00e9riph\u00e9riques de l&#8217;installation ;<\/li>\n<li>Fonctions de contr\u00f4le d&#8217;urgence pour l&#8217;arr\u00eat de l&#8217;installation ;<\/li>\n<li><strong>Ex\u00e9cution conforme aux normes CE.<\/strong><\/li>\n<\/ul>\n","protected":false},"excerpt":{"rendered":"<p>Caract\u00e9ristiques principales: Bouche de chargement: 1200 x 750 mm puissance install\u00e9e: 45 kW + 45 kW. transmission:&nbsp;\u00e0 engrenages, par r\u00e9ducteurs \u00e0 bain d&#8217;huile n\u00b0 d&#8217;arbres porte-couteaux:&nbsp;2 n\u00b0 de couteaux tremp\u00e9s : 24 epaisseur de coteaux: 50 mm n\u00b0 peignes espaceurs: 24 n. moyen tours fraises\/min.: 11 \u00e9quipements de s\u00e9curit\u00e9:&nbsp;arr\u00eat d\u2019urgence, syst\u00e8me d\u2019inversion en cas de&hellip;<\/p>\n","protected":false},"author":1,"featured_media":10545,"parent":4287,"menu_order":207,"comment_status":"closed","ping_status":"closed","template":"","meta":{"_acf_changed":false,"footnotes":""},"tags":[2899,2896,2903,2893,2890,2908,2886,2919,2926,2920,2911,2923],"impaginazione":[3692],"divisione":[3689],"categorie_modelli":[3695],"class_list":["post-3772","page","type-page","status-publish","has-post-thumbnail","hentry","tag-blocs-en-plastique-dechiquetants","tag-chiffons-dechiquetants","tag-cuir-dechiquete-fr","tag-dechiquetage-de-bois","tag-dechiquetage-de-morceaux-de-bois","tag-dechiquetage-de-pneus-fr","tag-dechiquetage-du-bois","tag-dechiquetage-en-carton-2","tag-dechiqueter-les-films-plastiques","tag-emballage-de-dechiquetage-fr","tag-papier-dechiquete","tag-rubans-de-polyethylene-dechiquetant","impaginazione-modello-prodotto","divisione-isve-recycling","categorie_modelli-trituratori-2-alberi","description-off"],"acf":[],"yoast_head":"<!-- This site is optimized with the Yoast SEO plugin v27.3 - https:\/\/yoast.com\/product\/yoast-seo-wordpress\/ -->\n<title>Broyeurs \u00e0 2 arbres: Mod\u00e8le B-120\/70S - ISVE SpA - Trattamento legno - Riciclaggio - Macinatori Trituratori<\/title>\n<meta name=\"robots\" content=\"index, follow, max-snippet:-1, max-image-preview:large, max-video-preview:-1\" \/>\n<link rel=\"canonical\" href=\"https:\/\/isve.com\/fr\/broyeurs-industriels\/broyeurs-a-2-arbres\/broyeurs-a-2-arbres-modele-b-12070s\/\" \/>\n<meta property=\"og:locale\" content=\"fr_FR\" \/>\n<meta property=\"og:type\" content=\"article\" \/>\n<meta property=\"og:title\" content=\"Broyeurs \u00e0 2 arbres: Mod\u00e8le B-120\/70S - ISVE SpA - Trattamento legno - Riciclaggio - Macinatori Trituratori\" \/>\n<meta property=\"og:description\" content=\"Caract\u00e9ristiques principales: Bouche de chargement: 1200 x 750 mm puissance install\u00e9e: 45 kW + 45 kW. transmission:&nbsp;\u00e0 engrenages, par r\u00e9ducteurs \u00e0 bain d&#8217;huile n\u00b0 d&#8217;arbres porte-couteaux:&nbsp;2 n\u00b0 de couteaux tremp\u00e9s : 24 epaisseur de coteaux: 50 mm n\u00b0 peignes espaceurs: 24 n. moyen tours fraises\/min.: 11 \u00e9quipements de s\u00e9curit\u00e9:&nbsp;arr\u00eat d\u2019urgence, syst\u00e8me d\u2019inversion en cas de&hellip;\" \/>\n<meta property=\"og:url\" content=\"https:\/\/isve.com\/fr\/broyeurs-industriels\/broyeurs-a-2-arbres\/broyeurs-a-2-arbres-modele-b-12070s\/\" \/>\n<meta property=\"og:site_name\" content=\"ISVE SpA - Trattamento legno - Riciclaggio - Macinatori Trituratori\" \/>\n<meta property=\"article:modified_time\" content=\"2024-03-18T16:20:56+00:00\" \/>\n<meta property=\"og:image\" content=\"https:\/\/isve.com\/wp-content\/uploads\/2023\/06\/b120-70s.jpg\" \/>\n\t<meta property=\"og:image:width\" content=\"1679\" \/>\n\t<meta property=\"og:image:height\" content=\"742\" \/>\n\t<meta property=\"og:image:type\" content=\"image\/jpeg\" \/>\n<meta name=\"twitter:card\" content=\"summary_large_image\" \/>\n<meta name=\"twitter:label1\" content=\"Dur\u00e9e de lecture estim\u00e9e\" \/>\n\t<meta name=\"twitter:data1\" content=\"2 minutes\" \/>\n<script type=\"application\/ld+json\" class=\"yoast-schema-graph\">{\"@context\":\"https:\\\/\\\/schema.org\",\"@graph\":[{\"@type\":\"WebPage\",\"@id\":\"https:\\\/\\\/isve.com\\\/fr\\\/broyeurs-industriels\\\/broyeurs-a-2-arbres\\\/broyeurs-a-2-arbres-modele-b-12070s\\\/\",\"url\":\"https:\\\/\\\/isve.com\\\/fr\\\/broyeurs-industriels\\\/broyeurs-a-2-arbres\\\/broyeurs-a-2-arbres-modele-b-12070s\\\/\",\"name\":\"Broyeurs \u00e0 2 arbres: Mod\u00e8le B-120\\\/70S - ISVE SpA - Trattamento legno - Riciclaggio - Macinatori Trituratori\",\"isPartOf\":{\"@id\":\"https:\\\/\\\/isve.com\\\/fr\\\/#website\"},\"primaryImageOfPage\":{\"@id\":\"https:\\\/\\\/isve.com\\\/fr\\\/broyeurs-industriels\\\/broyeurs-a-2-arbres\\\/broyeurs-a-2-arbres-modele-b-12070s\\\/#primaryimage\"},\"image\":{\"@id\":\"https:\\\/\\\/isve.com\\\/fr\\\/broyeurs-industriels\\\/broyeurs-a-2-arbres\\\/broyeurs-a-2-arbres-modele-b-12070s\\\/#primaryimage\"},\"thumbnailUrl\":\"https:\\\/\\\/isve.com\\\/wp-content\\\/uploads\\\/2023\\\/06\\\/b120-70s.jpg\",\"datePublished\":\"2019-09-04T11:45:04+00:00\",\"dateModified\":\"2024-03-18T16:20:56+00:00\",\"breadcrumb\":{\"@id\":\"https:\\\/\\\/isve.com\\\/fr\\\/broyeurs-industriels\\\/broyeurs-a-2-arbres\\\/broyeurs-a-2-arbres-modele-b-12070s\\\/#breadcrumb\"},\"inLanguage\":\"fr-FR\",\"potentialAction\":[{\"@type\":\"ReadAction\",\"target\":[\"https:\\\/\\\/isve.com\\\/fr\\\/broyeurs-industriels\\\/broyeurs-a-2-arbres\\\/broyeurs-a-2-arbres-modele-b-12070s\\\/\"]}]},{\"@type\":\"ImageObject\",\"inLanguage\":\"fr-FR\",\"@id\":\"https:\\\/\\\/isve.com\\\/fr\\\/broyeurs-industriels\\\/broyeurs-a-2-arbres\\\/broyeurs-a-2-arbres-modele-b-12070s\\\/#primaryimage\",\"url\":\"https:\\\/\\\/isve.com\\\/wp-content\\\/uploads\\\/2023\\\/06\\\/b120-70s.jpg\",\"contentUrl\":\"https:\\\/\\\/isve.com\\\/wp-content\\\/uploads\\\/2023\\\/06\\\/b120-70s.jpg\",\"width\":1679,\"height\":742,\"caption\":\"B120-70S\"},{\"@type\":\"BreadcrumbList\",\"@id\":\"https:\\\/\\\/isve.com\\\/fr\\\/broyeurs-industriels\\\/broyeurs-a-2-arbres\\\/broyeurs-a-2-arbres-modele-b-12070s\\\/#breadcrumb\",\"itemListElement\":[{\"@type\":\"ListItem\",\"position\":1,\"name\":\"Home\",\"item\":\"https:\\\/\\\/isve.com\\\/fr\\\/\"},{\"@type\":\"ListItem\",\"position\":2,\"name\":\"Produits Recycling\",\"item\":\"https:\\\/\\\/isve.com\\\/fr\\\/broyeurs-industriels\\\/\"},{\"@type\":\"ListItem\",\"position\":3,\"name\":\"Mod\u00e8les &#8211; Broyeur \u00e0 2 arbres\",\"item\":\"https:\\\/\\\/isve.com\\\/fr\\\/broyeurs-industriels\\\/broyeurs-a-2-arbres\\\/\"},{\"@type\":\"ListItem\",\"position\":4,\"name\":\"Broyeurs \u00e0 2 arbres: Mod\u00e8le B-120\\\/70S\"}]},{\"@type\":\"WebSite\",\"@id\":\"https:\\\/\\\/isve.com\\\/fr\\\/#website\",\"url\":\"https:\\\/\\\/isve.com\\\/fr\\\/\",\"name\":\"ISVE S.p.A.\",\"description\":\"Sistemi per trattamento del legno e triturazione macinazione granulazione\",\"publisher\":{\"@id\":\"https:\\\/\\\/isve.com\\\/fr\\\/#organization\"},\"potentialAction\":[{\"@type\":\"SearchAction\",\"target\":{\"@type\":\"EntryPoint\",\"urlTemplate\":\"https:\\\/\\\/isve.com\\\/fr\\\/?s={search_term_string}\"},\"query-input\":{\"@type\":\"PropertyValueSpecification\",\"valueRequired\":true,\"valueName\":\"search_term_string\"}}],\"inLanguage\":\"fr-FR\"},{\"@type\":\"Organization\",\"@id\":\"https:\\\/\\\/isve.com\\\/fr\\\/#organization\",\"name\":\"ISVE S.p.A.\",\"url\":\"https:\\\/\\\/isve.com\\\/fr\\\/\",\"logo\":{\"@type\":\"ImageObject\",\"inLanguage\":\"fr-FR\",\"@id\":\"https:\\\/\\\/isve.com\\\/fr\\\/#\\\/schema\\\/logo\\\/image\\\/\",\"url\":\"https:\\\/\\\/isve.com\\\/wp-content\\\/uploads\\\/2026\\\/01\\\/logo-isve-spa.png\",\"contentUrl\":\"https:\\\/\\\/isve.com\\\/wp-content\\\/uploads\\\/2026\\\/01\\\/logo-isve-spa.png\",\"width\":600,\"height\":173,\"caption\":\"ISVE S.p.A.\"},\"image\":{\"@id\":\"https:\\\/\\\/isve.com\\\/fr\\\/#\\\/schema\\\/logo\\\/image\\\/\"},\"sameAs\":[\"https:\\\/\\\/www.linkedin.com\\\/company\\\/69445471\",\"https:\\\/\\\/www.youtube.com\\\/@isves.p.a.8894\"]}]}<\/script>\n<!-- \/ Yoast SEO plugin. -->","yoast_head_json":{"title":"Broyeurs \u00e0 2 arbres: Mod\u00e8le B-120\/70S - ISVE SpA - Trattamento legno - Riciclaggio - Macinatori Trituratori","robots":{"index":"index","follow":"follow","max-snippet":"max-snippet:-1","max-image-preview":"max-image-preview:large","max-video-preview":"max-video-preview:-1"},"canonical":"https:\/\/isve.com\/fr\/broyeurs-industriels\/broyeurs-a-2-arbres\/broyeurs-a-2-arbres-modele-b-12070s\/","og_locale":"fr_FR","og_type":"article","og_title":"Broyeurs \u00e0 2 arbres: Mod\u00e8le B-120\/70S - ISVE SpA - Trattamento legno - Riciclaggio - Macinatori Trituratori","og_description":"Caract\u00e9ristiques principales: Bouche de chargement: 1200 x 750 mm puissance install\u00e9e: 45 kW + 45 kW. transmission:&nbsp;\u00e0 engrenages, par r\u00e9ducteurs \u00e0 bain d&#8217;huile n\u00b0 d&#8217;arbres porte-couteaux:&nbsp;2 n\u00b0 de couteaux tremp\u00e9s : 24 epaisseur de coteaux: 50 mm n\u00b0 peignes espaceurs: 24 n. moyen tours fraises\/min.: 11 \u00e9quipements de s\u00e9curit\u00e9:&nbsp;arr\u00eat d\u2019urgence, syst\u00e8me d\u2019inversion en cas de&hellip;","og_url":"https:\/\/isve.com\/fr\/broyeurs-industriels\/broyeurs-a-2-arbres\/broyeurs-a-2-arbres-modele-b-12070s\/","og_site_name":"ISVE SpA - Trattamento legno - Riciclaggio - Macinatori Trituratori","article_modified_time":"2024-03-18T16:20:56+00:00","og_image":[{"width":1679,"height":742,"url":"https:\/\/isve.com\/wp-content\/uploads\/2023\/06\/b120-70s.jpg","type":"image\/jpeg"}],"twitter_card":"summary_large_image","twitter_misc":{"Dur\u00e9e de lecture estim\u00e9e":"2 minutes"},"schema":{"@context":"https:\/\/schema.org","@graph":[{"@type":"WebPage","@id":"https:\/\/isve.com\/fr\/broyeurs-industriels\/broyeurs-a-2-arbres\/broyeurs-a-2-arbres-modele-b-12070s\/","url":"https:\/\/isve.com\/fr\/broyeurs-industriels\/broyeurs-a-2-arbres\/broyeurs-a-2-arbres-modele-b-12070s\/","name":"Broyeurs \u00e0 2 arbres: Mod\u00e8le B-120\/70S - ISVE SpA - Trattamento legno - Riciclaggio - Macinatori Trituratori","isPartOf":{"@id":"https:\/\/isve.com\/fr\/#website"},"primaryImageOfPage":{"@id":"https:\/\/isve.com\/fr\/broyeurs-industriels\/broyeurs-a-2-arbres\/broyeurs-a-2-arbres-modele-b-12070s\/#primaryimage"},"image":{"@id":"https:\/\/isve.com\/fr\/broyeurs-industriels\/broyeurs-a-2-arbres\/broyeurs-a-2-arbres-modele-b-12070s\/#primaryimage"},"thumbnailUrl":"https:\/\/isve.com\/wp-content\/uploads\/2023\/06\/b120-70s.jpg","datePublished":"2019-09-04T11:45:04+00:00","dateModified":"2024-03-18T16:20:56+00:00","breadcrumb":{"@id":"https:\/\/isve.com\/fr\/broyeurs-industriels\/broyeurs-a-2-arbres\/broyeurs-a-2-arbres-modele-b-12070s\/#breadcrumb"},"inLanguage":"fr-FR","potentialAction":[{"@type":"ReadAction","target":["https:\/\/isve.com\/fr\/broyeurs-industriels\/broyeurs-a-2-arbres\/broyeurs-a-2-arbres-modele-b-12070s\/"]}]},{"@type":"ImageObject","inLanguage":"fr-FR","@id":"https:\/\/isve.com\/fr\/broyeurs-industriels\/broyeurs-a-2-arbres\/broyeurs-a-2-arbres-modele-b-12070s\/#primaryimage","url":"https:\/\/isve.com\/wp-content\/uploads\/2023\/06\/b120-70s.jpg","contentUrl":"https:\/\/isve.com\/wp-content\/uploads\/2023\/06\/b120-70s.jpg","width":1679,"height":742,"caption":"B120-70S"},{"@type":"BreadcrumbList","@id":"https:\/\/isve.com\/fr\/broyeurs-industriels\/broyeurs-a-2-arbres\/broyeurs-a-2-arbres-modele-b-12070s\/#breadcrumb","itemListElement":[{"@type":"ListItem","position":1,"name":"Home","item":"https:\/\/isve.com\/fr\/"},{"@type":"ListItem","position":2,"name":"Produits Recycling","item":"https:\/\/isve.com\/fr\/broyeurs-industriels\/"},{"@type":"ListItem","position":3,"name":"Mod\u00e8les &#8211; Broyeur \u00e0 2 arbres","item":"https:\/\/isve.com\/fr\/broyeurs-industriels\/broyeurs-a-2-arbres\/"},{"@type":"ListItem","position":4,"name":"Broyeurs \u00e0 2 arbres: Mod\u00e8le B-120\/70S"}]},{"@type":"WebSite","@id":"https:\/\/isve.com\/fr\/#website","url":"https:\/\/isve.com\/fr\/","name":"ISVE S.p.A.","description":"Sistemi per trattamento del legno e triturazione macinazione granulazione","publisher":{"@id":"https:\/\/isve.com\/fr\/#organization"},"potentialAction":[{"@type":"SearchAction","target":{"@type":"EntryPoint","urlTemplate":"https:\/\/isve.com\/fr\/?s={search_term_string}"},"query-input":{"@type":"PropertyValueSpecification","valueRequired":true,"valueName":"search_term_string"}}],"inLanguage":"fr-FR"},{"@type":"Organization","@id":"https:\/\/isve.com\/fr\/#organization","name":"ISVE S.p.A.","url":"https:\/\/isve.com\/fr\/","logo":{"@type":"ImageObject","inLanguage":"fr-FR","@id":"https:\/\/isve.com\/fr\/#\/schema\/logo\/image\/","url":"https:\/\/isve.com\/wp-content\/uploads\/2026\/01\/logo-isve-spa.png","contentUrl":"https:\/\/isve.com\/wp-content\/uploads\/2026\/01\/logo-isve-spa.png","width":600,"height":173,"caption":"ISVE S.p.A."},"image":{"@id":"https:\/\/isve.com\/fr\/#\/schema\/logo\/image\/"},"sameAs":["https:\/\/www.linkedin.com\/company\/69445471","https:\/\/www.youtube.com\/@isves.p.a.8894"]}]}},"_links":{"self":[{"href":"https:\/\/isve.com\/fr\/wp-json\/wp\/v2\/pages\/3772","targetHints":{"allow":["GET"]}}],"collection":[{"href":"https:\/\/isve.com\/fr\/wp-json\/wp\/v2\/pages"}],"about":[{"href":"https:\/\/isve.com\/fr\/wp-json\/wp\/v2\/types\/page"}],"author":[{"embeddable":true,"href":"https:\/\/isve.com\/fr\/wp-json\/wp\/v2\/users\/1"}],"replies":[{"embeddable":true,"href":"https:\/\/isve.com\/fr\/wp-json\/wp\/v2\/comments?post=3772"}],"version-history":[{"count":0,"href":"https:\/\/isve.com\/fr\/wp-json\/wp\/v2\/pages\/3772\/revisions"}],"up":[{"embeddable":true,"href":"https:\/\/isve.com\/fr\/wp-json\/wp\/v2\/pages\/4287"}],"wp:featuredmedia":[{"embeddable":true,"href":"https:\/\/isve.com\/fr\/wp-json\/wp\/v2\/media\/10545"}],"wp:attachment":[{"href":"https:\/\/isve.com\/fr\/wp-json\/wp\/v2\/media?parent=3772"}],"wp:term":[{"taxonomy":"post_tag","embeddable":true,"href":"https:\/\/isve.com\/fr\/wp-json\/wp\/v2\/tags?post=3772"},{"taxonomy":"impaginazione","embeddable":true,"href":"https:\/\/isve.com\/fr\/wp-json\/wp\/v2\/impaginazione?post=3772"},{"taxonomy":"divisione","embeddable":true,"href":"https:\/\/isve.com\/fr\/wp-json\/wp\/v2\/divisione?post=3772"},{"taxonomy":"categorie_modelli","embeddable":true,"href":"https:\/\/isve.com\/fr\/wp-json\/wp\/v2\/categorie_modelli?post=3772"}],"curies":[{"name":"wp","href":"https:\/\/api.w.org\/{rel}","templated":true}]}}