{"id":3731,"date":"2019-09-04T10:18:08","date_gmt":"2019-09-04T08:18:08","guid":{"rendered":"https:\/\/isve.com\/?page_id=3731"},"modified":"2026-02-03T16:25:43","modified_gmt":"2026-02-03T15:25:43","slug":"fonctionnement-et-caracteristiques-principales-des-broyeurs-a-2-arbres","status":"publish","type":"page","link":"https:\/\/isve.com\/fr\/broyeurs-industriels\/fonctionnement-et-caracteristiques-principales-des-broyeurs-a-2-arbres\/","title":{"rendered":"Broyeurs lourds \u00e0 2 arbres"},"content":{"rendered":"<h2>Fonctionnement et caract\u00e9ristiques principales des broyeurs \u00e0 2 arbres<\/h2>\n<p><strong>Broyeurs lourds \u00e0 2 arbres<\/strong>\u00a0avec chargement par tr\u00e9mie et avec un couple tr\u00e8s \u00e9lev\u00e9 pour une coupe \u00e0 basse vitesse de rotation, pour une moindre absorption d\u2019\u00e9nergie et une forte r\u00e9duction du bruit.<\/p>\n<p>Groupe de broyage con\u00e7u pour une productivit\u00e9 maximum et r\u00e9gularit\u00e9 de fonctionnement, avec des outils en acier hautement li\u00e9 anti-usure d\u2019\u00e9paisseur \u00e9lev\u00e9e. Si elle est soumise \u00e0 des charges excessives, la machine effectue automatiquement l\u2019inversion temporaire du mouvement des lames pour pr\u00e9venir des surcharges. Contr\u00f4le \u00e9lectronique par PLC. Vaste gamme d\u2019accessoires pour faciliter les op\u00e9rations de chargement et d\u00e9chargement.<\/p>\n<p>La machine est compos\u00e9e par un d\u00e9chiqueteur \u00e0 deux arbres \u00e0 lames rotatives et peignes de s\u00e9paration.<br \/>\nUne fois introduit le mat\u00e9riel dans la tr\u00e9mie et mis en marche la machine, le broyeur saisit le mat\u00e9riel et commence \u00e0 le broyer grossi\u00e8rement.<br \/>\nGr\u00e2ce au couple de coupe tr\u00e8s \u00e9lev\u00e9 et aux diff\u00e9rentes conformations des couteaux, il est possible broyeur des corps de diff\u00e9rents mat\u00e9riaux.<br \/>\nTout le processus est r\u00e9gl\u00e9 de fa\u00e7on automatique par un PLC de commande programmable au travers de l\u2019\u00e9cran plac\u00e9 sur l\u2019armoire \u00e9lectrique.<\/p>\n<p>&nbsp;<\/p>\n<table border=\"1\">\n<tbody>\n<tr>\n<td style=\"width: 259.133px;\"><\/td>\n<td style=\"width: 107.733px;\">FROM<\/td>\n<td style=\"width: 130.183px;\">TO<\/td>\n<\/tr>\n<tr>\n<td style=\"width: 259.133px;\">Temperate milling cutters<\/td>\n<td style=\"width: 107.733px;\">20<\/td>\n<td style=\"width: 130.183px;\">30<\/td>\n<\/tr>\n<tr>\n<td style=\"width: 259.133px;\">Spacing combs<\/td>\n<td style=\"width: 107.733px;\">20<\/td>\n<td style=\"width: 130.183px;\">30<\/td>\n<\/tr>\n<tr>\n<td style=\"width: 259.133px;\">Input width mm<\/td>\n<td style=\"width: 107.733px;\">800&#215;690<\/td>\n<td style=\"width: 130.183px;\">1.200&#215;690<\/td>\n<\/tr>\n<tr>\n<td style=\"width: 259.133px;\">Power KW<\/td>\n<td style=\"width: 107.733px;\">30<\/td>\n<td style=\"width: 130.183px;\">44<\/td>\n<\/tr>\n<tr>\n<td style=\"width: 259.133px;\">Weight Kg<\/td>\n<td style=\"width: 107.733px;\">4.700<\/td>\n<td style=\"width: 130.183px;\">7.300<\/td>\n<\/tr>\n<tr>\n<td style=\"width: 259.133px;\">Production Kg\/hour<\/td>\n<td style=\"width: 107.733px;\">900\/1.500<\/td>\n<td style=\"width: 130.183px;\">2.500\/3.000<\/td>\n<\/tr>\n<tr>\n<td style=\"width: 509.05px;\" colspan=\"3\">Safety equipment: emergency stop, shutdown button, electronic control.<\/td>\n<\/tr>\n<\/tbody>\n<\/table>\n<p>&nbsp;<\/p>\n<hr \/>\n<p>&nbsp;<\/p>\n<p><strong>GROUPE DE BROYAGE<\/strong><\/p>\n<p><strong><img fetchpriority=\"high\" decoding=\"async\" class=\"wp-image-461 size-full alignright\" src=\"https:\/\/isve.com\/wp-content\/uploads\/trituratori_2_alberi_funzionamento.jpg\" alt=\"\" width=\"250\" height=\"210\" \/><\/strong><\/p>\n<p><strong>Unit\u00e9 de chargement:<\/strong><br \/>\ntr\u00e9mie\u00a0<strong><span class=\"title\">(1)<\/span><\/strong>.<\/p>\n<p><b>Unit\u00e9 de broyage:<\/b><br \/>\n\u00e0 2 arbres avec \u00e9l\u00e9ments de coupe constitu\u00e9s par des disques\u00a0<strong><span class=\"title\">(3)<\/span><\/strong>\u00a0pourvus de crochets\u00a0<strong><span class=\"title\">(2)<\/span><\/strong>.<br \/>\nChaque crochet a la fonction d\u2019accrocher la mati\u00e8re en l&#8217;entra\u00eenant et en le coupant gr\u00e2ce \u00e0 l\u2019action des deux arbres \u00e0 rotation oppos\u00e9e.<br \/>\nLes peignes de s\u00e9paration\u00a0<strong><span class=\"title\">(4)<\/span><\/strong>\u00a0maintiennent propres les outils en facilitant l&#8217;\u00e9vacuation de la mati\u00e8re.<\/p>\n<p><span class=\"bodybold\"><strong>Moteurs:<\/strong><\/span><br \/>\nN. 2 moteurs \u00e9lectriques asynchrones \u00e0 courant alternatif, transmission au moyen de motor\u00e9ducteurs.<br \/>\nTransmission entre les arbres porte couteaux et les introducteurs par engrenages \u00e0 bain d&#8217;huile.<\/p>\n<p><span class=\"bodybold\"><strong>Dispositif de s\u00e9curit\u00e9:<\/strong><\/span><br \/>\nIl inverse temporairement le mouvement des lames, en pr\u00e9venant toute surcharge structurelle ou casse de machine en cas de pr\u00e9sence d&#8217;une quantit\u00e9 excessive de mati\u00e8re &#8220;en prise&#8221;, ou non broyable. Le dispositif permet la r\u00e9gulation optimale du groupe de broyage afin de ne pas p\u00e9naliser la productivit\u00e9 et un fonctionnement normal.<\/p>\n<p><strong>\u00a0<\/strong><\/p>\n<p><img decoding=\"async\" class=\"alignnone size-full wp-image-2995\" src=\"https:\/\/isve.com\/wp-content\/uploads\/trituratori_2_alberi_larga2.jpg\" alt=\"\" width=\"1600\" height=\"670\" srcset=\"https:\/\/isve.com\/wp-content\/uploads\/trituratori_2_alberi_larga2.jpg 1600w, https:\/\/isve.com\/wp-content\/uploads\/trituratori_2_alberi_larga2-600x251.jpg 600w, https:\/\/isve.com\/wp-content\/uploads\/trituratori_2_alberi_larga2-768x322.jpg 768w, https:\/\/isve.com\/wp-content\/uploads\/trituratori_2_alberi_larga2-1024x429.jpg 1024w\" sizes=\"(max-width: 1600px) 100vw, 1600px\" \/><\/p>\n<p><a class=\"btn btn-lg btn-block btn-danger\" href=\"https:\/\/isve.com\/fr\/broyeurs-industriels\/broyeurs-a-2-arbres\/\">VOIR TOUS LES MOD\u00c8LES<\/a><\/p>\n<p>&nbsp;<\/p>\n<hr \/>\n<p><a name=\"legenda\"><\/a><\/p>\n<h2 style=\"text-align: center;\">D\u00c9CHIQUETEURS SERIE \u201cS\u201d ISVE: REGARDEZ LA DIFFERENCE!!!<\/h2>\n<hr \/>\n<p>&nbsp;<\/p>\n<p><img decoding=\"async\" class=\"size-full wp-image-485 aligncenter\" src=\"https:\/\/isve.com\/wp-content\/uploads\/siemens-ico.gif\" alt=\"\" width=\"150\" height=\"59\" \/><\/p>\n<h3 style=\"text-align: center;\">MOTEURS SIEMENS<\/h3>\n<p style=\"text-align: center;\">Afin d&#8217;assurer la plus haute qualit\u00e9 \u00e0 nos produits, toutes les d\u00e9chiqueteurs sont \u00e9quip\u00e9s de moteurs &#8220;SIEMENS&#8221;.<\/p>\n<p>&nbsp;<\/p>\n<hr \/>\n<h3><strong><img loading=\"lazy\" decoding=\"async\" class=\"size-full wp-image-473 aligncenter\" src=\"https:\/\/isve.com\/wp-content\/uploads\/heavy-ico.gif\" alt=\"\" width=\"150\" height=\"59\" \/><\/strong><\/h3>\n<h3 style=\"text-align: center;\">ROBUSTE STRUCTURE<\/h3>\n<p style=\"text-align: center;\">Le sectionnement, les travaux m\u00e9caniques de haute pr\u00e9cision et la qualit\u00e9 \u00e9lev\u00e9e des aciers rendent les as porte-outils de nos broyeurs particuli\u00e8rement r\u00e9sistants aux sollicitations, en garantissant une longue vie dans le temps.<\/p>\n<hr \/>\n<h3><strong><img loading=\"lazy\" decoding=\"async\" class=\"size-full wp-image-469 aligncenter\" src=\"https:\/\/isve.com\/wp-content\/uploads\/colours-touch-ico.gif\" alt=\"\" width=\"150\" height=\"59\" \/><\/strong><\/h3>\n<h3 style=\"text-align: center;\"><strong>TOUCH PANEL<\/strong><\/h3>\n<p style=\"text-align: center;\">Le nouveau syst\u00e8me de contr\u00f4le pour les broyeurs est compos\u00e9 par un PLC SIEMENS S7 \u2013 1200. Pour faciliter la programmation du d\u00e9chiqueteur et des p\u00e9riph\u00e9riques associ\u00e9es, l\u2019utilisateur peut utiliser un \u00e9cran tactile tr\u00e8s pratique. Le syst\u00e8me a \u00e9t\u00e9 con\u00e7u pour une utilisation imm\u00e9diate et facile. Avec un seul geste c\u2019est possible de mettre en marche les tapis de chargement et les syst\u00e8mes de raffinage et aspiration. Le control peut \u00eatre centralis\u00e9 ou automatis\u00e9.<\/p>\n<hr \/>\n<h3><strong><img loading=\"lazy\" decoding=\"async\" class=\"size-full wp-image-481 aligncenter\" src=\"https:\/\/isve.com\/wp-content\/uploads\/maintenance-ico.gif\" alt=\"\" width=\"150\" height=\"59\" \/><\/strong><\/h3>\n<h3 style=\"text-align: center;\">PROGRAMME D\u2019ENTRETIEN ISVE<\/h3>\n<p style=\"text-align: center;\">Le nouveau syst\u00e8me de contr\u00f4le permet de signaler \u00e0 l\u2019op\u00e9rateur les interventions d\u2019entretien ordinaire \u00e0 la date d&#8217;\u00e9ch\u00e9ance pr\u00e9\u00e9tablie.<\/p>\n<hr \/>\n<h3><strong><img loading=\"lazy\" decoding=\"async\" class=\"size-full wp-image-477 aligncenter\" src=\"https:\/\/isve.com\/wp-content\/uploads\/isve-server-ico.gif\" alt=\"\" width=\"150\" height=\"59\" \/><\/strong><\/h3>\n<h3 style=\"text-align: center;\">ISVE SERVER CONNECT 2013<\/h3>\n<p style=\"text-align: center;\">Avec un formulaire additionnel, chaque machine est pr\u00e9par\u00e9e pour \u00eatre connect\u00e8 en ligne par le r\u00e9seau fixe d&#8217;entreprise ou avec fiche t\u00e9l\u00e9phonique UMTS, (v\u00e9rification pr\u00e9alable de la couverture). Avec ce syst\u00e8me, le fonctionnement de la machine est directement control\u00e8 de la maison-m\u00e9re. Ils sont en outre possibles ajournement du software et la r\u00e9gulation des parametres de fonctionnement online.<\/p>\n<hr \/>\n<h3><strong><img loading=\"lazy\" decoding=\"async\" class=\"size-full wp-image-465 aligncenter\" src=\"https:\/\/isve.com\/wp-content\/uploads\/camera-ico.gif\" alt=\"\" width=\"150\" height=\"59\" \/><\/strong><\/h3>\n<h3 style=\"text-align: center;\">CAMERA A L\u2019INTERIEUR<\/h3>\n<p style=\"text-align: center;\">Tous les broyeurs peuvent \u00eatre \u00e9quip\u00e9s d\u2019une cam\u00e9ra plac\u00e9e pr\u00e8s de la tr\u00e9mie de chargement. L\u2019op\u00e9rateur pourra donc v\u00e9rifier ais\u00e9ment le correct fonctionnement de la machine directement par l\u2019armoire \u00e9lectrique.<\/p>\n","protected":false},"excerpt":{"rendered":"<p>Fonctionnement et caract\u00e9ristiques principales des broyeurs \u00e0 2 arbres Broyeurs lourds \u00e0 2 arbres\u00a0avec chargement par tr\u00e9mie et avec un couple tr\u00e8s \u00e9lev\u00e9 pour une coupe \u00e0 basse vitesse de rotation, pour une moindre absorption d\u2019\u00e9nergie et une forte r\u00e9duction du bruit. Groupe de broyage con\u00e7u pour une productivit\u00e9 maximum et r\u00e9gularit\u00e9 de fonctionnement, avec&hellip;<\/p>\n","protected":false},"author":1,"featured_media":514,"parent":13660,"menu_order":460,"comment_status":"closed","ping_status":"closed","template":"","meta":{"_acf_changed":false,"footnotes":""},"tags":[2899,2222,2339,2345,2349,2375,2230,2235,2021,1948,3232,1913,3038,3257,3243,2001,3253,3226,1938,3251,1990,1916,1993,3183,1986,1973,3237,3133,1921,3246,1984,3220,3198,2094,3013,2062,3222,3211,2162,3217,2150,2086,3193,2135,3023,2065,3118,2142,3201,2118,2132,2068,3062,3204,2129,2367,2896,2336,2903,2893,2890,2908,2886,2919,2926,3049,2283,2920,2270,2911,2323,2923],"impaginazione":[],"divisione":[3689],"categorie_modelli":[],"class_list":["post-3731","page","type-page","status-publish","has-post-thumbnail","hentry","tag-blocs-en-plastique-dechiquetants","tag-broyage-de-blocs-en-plastique","tag-broyage-de-morceaux-de-bois","tag-broyage-de-morceaux-de-bois-fr","tag-broyage-des-pneus","tag-broyage-du-bois-fr-2","tag-broyage-du-papier","tag-broyage-en-carton","tag-broyeur-a-bois-fr-2","tag-broyeur-demballage-fr","tag-broyeur-demballage-fr-4","tag-broyeur-de-blocs-en-plastique","tag-broyeur-de-blocs-en-plastique-fr","tag-broyeur-de-bois-fr-3","tag-broyeur-de-bois-fr-2","tag-broyeur-de-chiffon","tag-broyeur-de-chiffon-fr","tag-broyeur-de-film-plastique-fr-3","tag-broyeur-de-film-plastique","tag-broyeur-de-morceaux-de-bois-fr-2","tag-broyeur-de-morceaux-de-bois","tag-broyeur-de-papier","tag-broyeur-de-pneus-fr","tag-broyeur-de-pneus-fr-3","tag-broyeur-de-pois-sur-bois","tag-broyeur-de-ruban-de-polyethylene","tag-broyeur-de-ruban-de-polyethylene-fr-2","tag-broyeur-en-carton-fr","tag-broyeur-en-carton","tag-broyeur-en-cuir-fr-5","tag-broyeur-en-cuir-fr","tag-broyeurs-fr-4","tag-broyeurs-demballage-fr-5","tag-broyeurs-demballage-fr","tag-broyeurs-de-blocs-en-plastique-fr","tag-broyeurs-de-blocs-en-plastique","tag-broyeurs-de-bois-fr-10","tag-broyeurs-de-bois-fr-7","tag-broyeurs-de-bois-fr-2","tag-broyeurs-de-bois-fr-9","tag-broyeurs-de-chiffon","tag-broyeurs-de-film-en-plastique","tag-broyeurs-de-film-plastique","tag-broyeurs-de-morceaux-de-bois","tag-broyeurs-de-papier-fr","tag-broyeurs-de-papier","tag-broyeurs-de-pneus-fr-3","tag-broyeurs-de-pneus-fr","tag-broyeurs-de-ruban-de-polyethylene","tag-broyeurs-de-rubans-de-polyethylene","tag-broyeurs-en-bois","tag-broyeurs-en-carton","tag-broyeurs-en-carton-fr","tag-broyeurs-en-cuir-fr-4","tag-broyeurs-en-cuir-fr","tag-chiffons-de-broyage","tag-chiffons-dechiquetants","tag-cuir-de-broyage","tag-cuir-dechiquete-fr","tag-dechiquetage-de-bois","tag-dechiquetage-de-morceaux-de-bois","tag-dechiquetage-de-pneus-fr","tag-dechiquetage-du-bois","tag-dechiquetage-en-carton-2","tag-dechiqueter-les-films-plastiques","tag-dechiqueteuse-fr","tag-emballage-de-broyage","tag-emballage-de-dechiquetage-fr","tag-grinding-films-plastiques","tag-papier-dechiquete","tag-rubans-de-polyethylene-de-broyage","tag-rubans-de-polyethylene-dechiquetant","divisione-isve-recycling","description-off"],"acf":[],"yoast_head":"<!-- This site is optimized with the Yoast SEO plugin v27.4 - https:\/\/yoast.com\/product\/yoast-seo-wordpress\/ -->\n<title>Broyeurs lourds \u00e0 2 arbres - ISVE SpA - Traitement du bois - Recyclage - Broyeurs Granulateurs<\/title>\n<meta name=\"robots\" content=\"index, follow, max-snippet:-1, max-image-preview:large, max-video-preview:-1\" \/>\n<link rel=\"canonical\" href=\"https:\/\/isve.com\/fr\/broyeurs-industriels\/fonctionnement-et-caracteristiques-principales-des-broyeurs-a-2-arbres\/\" \/>\n<meta property=\"og:locale\" content=\"fr_FR\" \/>\n<meta property=\"og:type\" content=\"article\" \/>\n<meta property=\"og:title\" content=\"Broyeurs lourds \u00e0 2 arbres - ISVE SpA - Traitement du bois - Recyclage - Broyeurs Granulateurs\" \/>\n<meta property=\"og:description\" content=\"Fonctionnement et caract\u00e9ristiques principales des broyeurs \u00e0 2 arbres Broyeurs lourds \u00e0 2 arbres\u00a0avec chargement par tr\u00e9mie et avec un couple tr\u00e8s \u00e9lev\u00e9 pour une coupe \u00e0 basse vitesse de rotation, pour une moindre absorption d\u2019\u00e9nergie et une forte r\u00e9duction du bruit. Groupe de broyage con\u00e7u pour une productivit\u00e9 maximum et r\u00e9gularit\u00e9 de fonctionnement, avec&hellip;\" \/>\n<meta property=\"og:url\" content=\"https:\/\/isve.com\/fr\/broyeurs-industriels\/fonctionnement-et-caracteristiques-principales-des-broyeurs-a-2-arbres\/\" \/>\n<meta property=\"og:site_name\" content=\"ISVE SpA - Traitement du bois - Recyclage - Broyeurs Granulateurs\" \/>\n<meta property=\"article:modified_time\" content=\"2026-02-03T15:25:43+00:00\" \/>\n<meta property=\"og:image\" content=\"https:\/\/isve.com\/wp-content\/uploads\/trituratori_2_alberi.jpg\" \/>\n\t<meta property=\"og:image:width\" content=\"1400\" \/>\n\t<meta property=\"og:image:height\" content=\"972\" \/>\n\t<meta property=\"og:image:type\" content=\"image\/jpeg\" \/>\n<meta name=\"twitter:card\" content=\"summary_large_image\" \/>\n<meta name=\"twitter:label1\" content=\"Dur\u00e9e de lecture estim\u00e9e\" \/>\n\t<meta name=\"twitter:data1\" content=\"4 minutes\" \/>\n<script type=\"application\/ld+json\" class=\"yoast-schema-graph\">{\"@context\":\"https:\\\/\\\/schema.org\",\"@graph\":[{\"@type\":\"WebPage\",\"@id\":\"https:\\\/\\\/isve.com\\\/fr\\\/broyeurs-industriels\\\/fonctionnement-et-caracteristiques-principales-des-broyeurs-a-2-arbres\\\/\",\"url\":\"https:\\\/\\\/isve.com\\\/fr\\\/broyeurs-industriels\\\/fonctionnement-et-caracteristiques-principales-des-broyeurs-a-2-arbres\\\/\",\"name\":\"Broyeurs lourds \u00e0 2 arbres - ISVE SpA - Traitement du bois - Recyclage - Broyeurs Granulateurs\",\"isPartOf\":{\"@id\":\"https:\\\/\\\/isve.com\\\/fr\\\/#website\"},\"primaryImageOfPage\":{\"@id\":\"https:\\\/\\\/isve.com\\\/fr\\\/broyeurs-industriels\\\/fonctionnement-et-caracteristiques-principales-des-broyeurs-a-2-arbres\\\/#primaryimage\"},\"image\":{\"@id\":\"https:\\\/\\\/isve.com\\\/fr\\\/broyeurs-industriels\\\/fonctionnement-et-caracteristiques-principales-des-broyeurs-a-2-arbres\\\/#primaryimage\"},\"thumbnailUrl\":\"https:\\\/\\\/isve.com\\\/wp-content\\\/uploads\\\/trituratori_2_alberi.jpg\",\"datePublished\":\"2019-09-04T08:18:08+00:00\",\"dateModified\":\"2026-02-03T15:25:43+00:00\",\"breadcrumb\":{\"@id\":\"https:\\\/\\\/isve.com\\\/fr\\\/broyeurs-industriels\\\/fonctionnement-et-caracteristiques-principales-des-broyeurs-a-2-arbres\\\/#breadcrumb\"},\"inLanguage\":\"fr-FR\",\"potentialAction\":[{\"@type\":\"ReadAction\",\"target\":[\"https:\\\/\\\/isve.com\\\/fr\\\/broyeurs-industriels\\\/fonctionnement-et-caracteristiques-principales-des-broyeurs-a-2-arbres\\\/\"]}]},{\"@type\":\"ImageObject\",\"inLanguage\":\"fr-FR\",\"@id\":\"https:\\\/\\\/isve.com\\\/fr\\\/broyeurs-industriels\\\/fonctionnement-et-caracteristiques-principales-des-broyeurs-a-2-arbres\\\/#primaryimage\",\"url\":\"https:\\\/\\\/isve.com\\\/wp-content\\\/uploads\\\/trituratori_2_alberi.jpg\",\"contentUrl\":\"https:\\\/\\\/isve.com\\\/wp-content\\\/uploads\\\/trituratori_2_alberi.jpg\",\"width\":1400,\"height\":972},{\"@type\":\"BreadcrumbList\",\"@id\":\"https:\\\/\\\/isve.com\\\/fr\\\/broyeurs-industriels\\\/fonctionnement-et-caracteristiques-principales-des-broyeurs-a-2-arbres\\\/#breadcrumb\",\"itemListElement\":[{\"@type\":\"ListItem\",\"position\":1,\"name\":\"Home\",\"item\":\"https:\\\/\\\/isve.com\\\/fr\\\/\"},{\"@type\":\"ListItem\",\"position\":2,\"name\":\"Produits Recycling\",\"item\":\"https:\\\/\\\/isve.com\\\/fr\\\/broyeurs-industriels\\\/\"},{\"@type\":\"ListItem\",\"position\":3,\"name\":\"Broyeurs lourds \u00e0 2 arbres\"}]},{\"@type\":\"WebSite\",\"@id\":\"https:\\\/\\\/isve.com\\\/fr\\\/#website\",\"url\":\"https:\\\/\\\/isve.com\\\/fr\\\/\",\"name\":\"ISVE S.p.A.\",\"description\":\"Syst\u00e8mes de traitement du bois et pour dechiquetage broyage granulation\",\"publisher\":{\"@id\":\"https:\\\/\\\/isve.com\\\/fr\\\/#organization\"},\"potentialAction\":[{\"@type\":\"SearchAction\",\"target\":{\"@type\":\"EntryPoint\",\"urlTemplate\":\"https:\\\/\\\/isve.com\\\/fr\\\/?s={search_term_string}\"},\"query-input\":{\"@type\":\"PropertyValueSpecification\",\"valueRequired\":true,\"valueName\":\"search_term_string\"}}],\"inLanguage\":\"fr-FR\"},{\"@type\":\"Organization\",\"@id\":\"https:\\\/\\\/isve.com\\\/fr\\\/#organization\",\"name\":\"ISVE S.p.A.\",\"url\":\"https:\\\/\\\/isve.com\\\/fr\\\/\",\"logo\":{\"@type\":\"ImageObject\",\"inLanguage\":\"fr-FR\",\"@id\":\"https:\\\/\\\/isve.com\\\/fr\\\/#\\\/schema\\\/logo\\\/image\\\/\",\"url\":\"https:\\\/\\\/isve.com\\\/wp-content\\\/uploads\\\/2026\\\/01\\\/logo-isve-spa.png\",\"contentUrl\":\"https:\\\/\\\/isve.com\\\/wp-content\\\/uploads\\\/2026\\\/01\\\/logo-isve-spa.png\",\"width\":600,\"height\":173,\"caption\":\"ISVE S.p.A.\"},\"image\":{\"@id\":\"https:\\\/\\\/isve.com\\\/fr\\\/#\\\/schema\\\/logo\\\/image\\\/\"},\"sameAs\":[\"https:\\\/\\\/www.linkedin.com\\\/company\\\/69445471\",\"https:\\\/\\\/www.youtube.com\\\/@isves.p.a.8894\"]}]}<\/script>\n<!-- \/ Yoast SEO plugin. -->","yoast_head_json":{"title":"Broyeurs lourds \u00e0 2 arbres - ISVE SpA - Traitement du bois - Recyclage - Broyeurs Granulateurs","robots":{"index":"index","follow":"follow","max-snippet":"max-snippet:-1","max-image-preview":"max-image-preview:large","max-video-preview":"max-video-preview:-1"},"canonical":"https:\/\/isve.com\/fr\/broyeurs-industriels\/fonctionnement-et-caracteristiques-principales-des-broyeurs-a-2-arbres\/","og_locale":"fr_FR","og_type":"article","og_title":"Broyeurs lourds \u00e0 2 arbres - ISVE SpA - Traitement du bois - Recyclage - Broyeurs Granulateurs","og_description":"Fonctionnement et caract\u00e9ristiques principales des broyeurs \u00e0 2 arbres Broyeurs lourds \u00e0 2 arbres\u00a0avec chargement par tr\u00e9mie et avec un couple tr\u00e8s \u00e9lev\u00e9 pour une coupe \u00e0 basse vitesse de rotation, pour une moindre absorption d\u2019\u00e9nergie et une forte r\u00e9duction du bruit. Groupe de broyage con\u00e7u pour une productivit\u00e9 maximum et r\u00e9gularit\u00e9 de fonctionnement, avec&hellip;","og_url":"https:\/\/isve.com\/fr\/broyeurs-industriels\/fonctionnement-et-caracteristiques-principales-des-broyeurs-a-2-arbres\/","og_site_name":"ISVE SpA - Traitement du bois - Recyclage - Broyeurs Granulateurs","article_modified_time":"2026-02-03T15:25:43+00:00","og_image":[{"width":1400,"height":972,"url":"https:\/\/isve.com\/wp-content\/uploads\/trituratori_2_alberi.jpg","type":"image\/jpeg"}],"twitter_card":"summary_large_image","twitter_misc":{"Dur\u00e9e de lecture estim\u00e9e":"4 minutes"},"schema":{"@context":"https:\/\/schema.org","@graph":[{"@type":"WebPage","@id":"https:\/\/isve.com\/fr\/broyeurs-industriels\/fonctionnement-et-caracteristiques-principales-des-broyeurs-a-2-arbres\/","url":"https:\/\/isve.com\/fr\/broyeurs-industriels\/fonctionnement-et-caracteristiques-principales-des-broyeurs-a-2-arbres\/","name":"Broyeurs lourds \u00e0 2 arbres - ISVE SpA - Traitement du bois - Recyclage - Broyeurs Granulateurs","isPartOf":{"@id":"https:\/\/isve.com\/fr\/#website"},"primaryImageOfPage":{"@id":"https:\/\/isve.com\/fr\/broyeurs-industriels\/fonctionnement-et-caracteristiques-principales-des-broyeurs-a-2-arbres\/#primaryimage"},"image":{"@id":"https:\/\/isve.com\/fr\/broyeurs-industriels\/fonctionnement-et-caracteristiques-principales-des-broyeurs-a-2-arbres\/#primaryimage"},"thumbnailUrl":"https:\/\/isve.com\/wp-content\/uploads\/trituratori_2_alberi.jpg","datePublished":"2019-09-04T08:18:08+00:00","dateModified":"2026-02-03T15:25:43+00:00","breadcrumb":{"@id":"https:\/\/isve.com\/fr\/broyeurs-industriels\/fonctionnement-et-caracteristiques-principales-des-broyeurs-a-2-arbres\/#breadcrumb"},"inLanguage":"fr-FR","potentialAction":[{"@type":"ReadAction","target":["https:\/\/isve.com\/fr\/broyeurs-industriels\/fonctionnement-et-caracteristiques-principales-des-broyeurs-a-2-arbres\/"]}]},{"@type":"ImageObject","inLanguage":"fr-FR","@id":"https:\/\/isve.com\/fr\/broyeurs-industriels\/fonctionnement-et-caracteristiques-principales-des-broyeurs-a-2-arbres\/#primaryimage","url":"https:\/\/isve.com\/wp-content\/uploads\/trituratori_2_alberi.jpg","contentUrl":"https:\/\/isve.com\/wp-content\/uploads\/trituratori_2_alberi.jpg","width":1400,"height":972},{"@type":"BreadcrumbList","@id":"https:\/\/isve.com\/fr\/broyeurs-industriels\/fonctionnement-et-caracteristiques-principales-des-broyeurs-a-2-arbres\/#breadcrumb","itemListElement":[{"@type":"ListItem","position":1,"name":"Home","item":"https:\/\/isve.com\/fr\/"},{"@type":"ListItem","position":2,"name":"Produits Recycling","item":"https:\/\/isve.com\/fr\/broyeurs-industriels\/"},{"@type":"ListItem","position":3,"name":"Broyeurs lourds \u00e0 2 arbres"}]},{"@type":"WebSite","@id":"https:\/\/isve.com\/fr\/#website","url":"https:\/\/isve.com\/fr\/","name":"ISVE S.p.A.","description":"Syst\u00e8mes de traitement du bois et pour dechiquetage broyage granulation","publisher":{"@id":"https:\/\/isve.com\/fr\/#organization"},"potentialAction":[{"@type":"SearchAction","target":{"@type":"EntryPoint","urlTemplate":"https:\/\/isve.com\/fr\/?s={search_term_string}"},"query-input":{"@type":"PropertyValueSpecification","valueRequired":true,"valueName":"search_term_string"}}],"inLanguage":"fr-FR"},{"@type":"Organization","@id":"https:\/\/isve.com\/fr\/#organization","name":"ISVE S.p.A.","url":"https:\/\/isve.com\/fr\/","logo":{"@type":"ImageObject","inLanguage":"fr-FR","@id":"https:\/\/isve.com\/fr\/#\/schema\/logo\/image\/","url":"https:\/\/isve.com\/wp-content\/uploads\/2026\/01\/logo-isve-spa.png","contentUrl":"https:\/\/isve.com\/wp-content\/uploads\/2026\/01\/logo-isve-spa.png","width":600,"height":173,"caption":"ISVE S.p.A."},"image":{"@id":"https:\/\/isve.com\/fr\/#\/schema\/logo\/image\/"},"sameAs":["https:\/\/www.linkedin.com\/company\/69445471","https:\/\/www.youtube.com\/@isves.p.a.8894"]}]}},"_links":{"self":[{"href":"https:\/\/isve.com\/fr\/wp-json\/wp\/v2\/pages\/3731","targetHints":{"allow":["GET"]}}],"collection":[{"href":"https:\/\/isve.com\/fr\/wp-json\/wp\/v2\/pages"}],"about":[{"href":"https:\/\/isve.com\/fr\/wp-json\/wp\/v2\/types\/page"}],"author":[{"embeddable":true,"href":"https:\/\/isve.com\/fr\/wp-json\/wp\/v2\/users\/1"}],"replies":[{"embeddable":true,"href":"https:\/\/isve.com\/fr\/wp-json\/wp\/v2\/comments?post=3731"}],"version-history":[{"count":1,"href":"https:\/\/isve.com\/fr\/wp-json\/wp\/v2\/pages\/3731\/revisions"}],"predecessor-version":[{"id":27797,"href":"https:\/\/isve.com\/fr\/wp-json\/wp\/v2\/pages\/3731\/revisions\/27797"}],"up":[{"embeddable":true,"href":"https:\/\/isve.com\/fr\/wp-json\/wp\/v2\/pages\/13660"}],"wp:featuredmedia":[{"embeddable":true,"href":"https:\/\/isve.com\/fr\/wp-json\/wp\/v2\/media\/514"}],"wp:attachment":[{"href":"https:\/\/isve.com\/fr\/wp-json\/wp\/v2\/media?parent=3731"}],"wp:term":[{"taxonomy":"post_tag","embeddable":true,"href":"https:\/\/isve.com\/fr\/wp-json\/wp\/v2\/tags?post=3731"},{"taxonomy":"impaginazione","embeddable":true,"href":"https:\/\/isve.com\/fr\/wp-json\/wp\/v2\/impaginazione?post=3731"},{"taxonomy":"divisione","embeddable":true,"href":"https:\/\/isve.com\/fr\/wp-json\/wp\/v2\/divisione?post=3731"},{"taxonomy":"categorie_modelli","embeddable":true,"href":"https:\/\/isve.com\/fr\/wp-json\/wp\/v2\/categorie_modelli?post=3731"}],"curies":[{"name":"wp","href":"https:\/\/api.w.org\/{rel}","templated":true}]}}