{"id":3615,"date":"2019-09-20T16:02:04","date_gmt":"2019-09-20T14:02:04","guid":{"rendered":"https:\/\/isve.com\/?page_id=3615"},"modified":"2022-02-08T16:06:23","modified_gmt":"2022-02-08T15:06:23","slug":"broyeurs-monoarbre-modele-ms-40-100-it","status":"publish","type":"page","link":"https:\/\/isve.com\/fr\/broyeurs-industriels\/broyeurs-monoarbre\/broyeurs-monoarbre-modele-ms-40-100-it\/","title":{"rendered":"Broyeurs monoarbre: Mod\u00e8le MS 40-100 IT (MOD\u00c8LE 2022)"},"content":{"rendered":"<p><img fetchpriority=\"high\" decoding=\"async\" class=\"alignnone size-full wp-image-8977\" src=\"https:\/\/isve.com\/wp-content\/uploads\/2022\/02\/monoalb-2022-ms-40-100-it-img02.jpg\" alt=\"\" width=\"995\" height=\"680\" srcset=\"https:\/\/isve.com\/wp-content\/uploads\/2022\/02\/monoalb-2022-ms-40-100-it-img02.jpg 995w, https:\/\/isve.com\/wp-content\/uploads\/2022\/02\/monoalb-2022-ms-40-100-it-img02-600x410.jpg 600w, https:\/\/isve.com\/wp-content\/uploads\/2022\/02\/monoalb-2022-ms-40-100-it-img02-768x525.jpg 768w\" sizes=\"(max-width: 995px) 100vw, 995px\" \/><\/p>\n<p>Le d\u00e9chiqueteur monoarbre MS 40-100 IT est particuli\u00e8rement adapt\u00e9 au d\u00e9chiquetage de grandes quantit\u00e9s de d\u00e9chets industriels. La lourde structure rend la machine apte \u00e0 un emploi lourd et intensif.<br \/>\nLa mise en route du poussoir s\u2019effectue au moyen d\u2019un syst\u00e8me hydraulique. Le produit \u00e0 broyer est ainsi pouss\u00e9 vers un rotor porte-outils qui r\u00e9alise le d\u00e9chiquetage. Gr\u00e2ce \u00e0 une grille il est possible de s\u00e9lectionner la granulom\u00e9trie finale du broyat.<\/p>\n<h2 class=\"titoletto\"><strong>Caract\u00e9ristiques principales:<\/strong><\/h2>\n<ul>\n<li><span class=\"etichetta\">Puissance install\u00e9e sur le rotor:<\/span> 45 kW (HP 60)<\/li>\n<li><span class=\"etichetta\">Puissance central hydraulique:<\/span> 4 kW (HP 5,4)<\/li>\n<li><span class=\"etichetta\">Transmission:<\/span> par courroies<\/li>\n<li><span class=\"etichetta\">Nr. rotors:<\/span> 1<\/li>\n<li><span class=\"etichetta\">\u00d8 rotor:<\/span> 400 mm<\/li>\n<li><span class=\"etichetta\">Longueur rotor:<\/span> 900 mm<\/li>\n<li><span class=\"etichetta\">Course du poussoir:<\/span> 800 mm<\/li>\n<li><span class=\"etichetta\">Nr. outils r\u00e9versibles:<\/span> 52<\/li>\n<li><span class=\"etichetta\">Nr. c\u00f4t\u00e9s outils utilisables:<\/span> 4<\/li>\n<li><span class=\"etichetta\">Lames fixes sup\u00e9rieures:<\/span> 3<\/li>\n<li><span class=\"etichetta\">Lames fixes inf\u00e9rieures:<\/span> 3<\/li>\n<li><span class=\"etichetta\">Nr. tours rotor\/min:<\/span> 73<\/li>\n<li><span class=\"etichetta\">Poids:<\/span> 4.620 kg<\/li>\n<li><span class=\"etichetta\">Production:<\/span> 1-1,5 tonnes\/h<\/li>\n<li>\u00c9quipement de s\u00e9curit\u00e9: arr\u00eat d\u2019urgence, syst\u00e8me d\u2019inversion du poussoir.<\/li>\n<\/ul>\n<h2 class=\"titoletto\"><strong>Notice d\u2019utilisation:<\/strong><\/h2>\n<p>Machine de dimensions \u00e9lev\u00e9es, adapt\u00e9e au d\u00e9chiquetage des d\u00e9chets les plus vari\u00e9s. Peut \u00eatre plac\u00e9e \u201cen ligne\u201d pour une utilisation en continu.<br \/>\nConseill\u00e9e pour le d\u00e9chiquetage de chutes de bois, plastique de forte \u00e9paisseur, papier, documents confidentiels, plaques extrud\u00e9es, pneus, d\u00e9chets de caoutchouc, etc.<\/p>\n<h2 class=\"titoletto\"><strong>Caract\u00e9ristiques du d\u00e9chiqueteur:<\/strong><\/h2>\n<ul>\n<li>Robuste ch\u00e2ssis en acier \u00e9lectrosoud\u00e9;<\/li>\n<li>Logements des roulements avec syst\u00e8me de protection anti poussi\u00e8res et liquides;<\/li>\n<li>Rotor de forte \u00e9paisseur \u00d8 400mm, <strong>longueur 900mm avec 52 plaquettes porte-outils<\/strong> et<strong> 52 outils<\/strong> en acier \u00e0 haute r\u00e9sistance anti-usure et utilisables 4 fois;<\/li>\n<li><strong>NR. 6 contre-lames r\u00e9glables<\/strong> (3 sup\u00e9rieures et 3 inf\u00e9rieures) en acier anti-usure tr\u00e8s li\u00e9;<\/li>\n<li>Poussoir \u00e0 fonctionnement hydraulique avec 850mm de course utile;<\/li>\n<li>Syst\u00e8me hydraulique avec composants de primaire maison nationale \u00e9quip\u00e9 de pompe \u00e0 engrenages avec radiateur de refroidissement huile;<\/li>\n<li>Syst\u00e8me de transmission \u00e0 poulies et courroies pour \u00e9viter que les vibrations du rotor n\u2019endommagent les organes m\u00e9caniques;<\/li>\n<li>N. 1 moteur multi-tension, multi-fr\u00e9quence de primaire maison nationale de 45 kW avec classe d&#8217;efficacit\u00e9 PREMIUM (IE3) et nr. 1 moteur de 4 kW pour centrale hydraulique;<\/li>\n<li><strong>Chambre de d\u00e9coupe de 900X1.250mm<\/strong> de dimension;<\/li>\n<li>Tr\u00e9mie en t\u00f4le \u00e9lectro-soud\u00e9e pour un chargement par le haut;<\/li>\n<li>Grille interchangeable qui d\u00e9termine la granulom\u00e9trie de la mati\u00e8re broy\u00e9e.<\/li>\n<li>Syst\u00e8me de dechargement: \u00e0 d\u00e9finir.<\/li>\n<\/ul>\n<h2 class=\"titoletto\"><strong>Caract\u00e9ristique du syst\u00e8me de contr\u00f4le:<\/strong><\/h2>\n<ul>\n<li>Tableau \u00e9lectrique aux normes CE, \u00e9quip\u00e9 d\u2019un limiteur de couple qui inverse le mouvement du rotor en cas de surcharge du d\u00e9chiqueteur;<\/li>\n<li>PLC SIEMENS S7-1200 pour le contr\u00f4le de tous les p\u00e9riph\u00e9riques de l\u2019installation;<\/li>\n<li>Display touch screen 6\u2019 en couleurs pour le r\u00e9glage de tous param\u00e8tres de la machine;<\/li>\n<li>Nouveau programme de r\u00e9glage automatique \u201cAUTO TUNING ISVE\u201d;<\/li>\n<li>Logiciel pr\u00e9dispos\u00e9 pour la commande des syst\u00e8mes de chargement, du raffineur et de l\u2019installation d\u2019aspiration;<\/li>\n<li>Fonctions de contr\u00f4le de s\u00e9curit\u00e9 pour l\u2019arr\u00eat de l\u2019installation;<\/li>\n<li>ISVE MAINTENANCE PROGRAME: programme d\u2019entretien signal\u00e9 sur l \u2019\u00e9cran tactile;<\/li>\n<li>PREDISPOSITION POUR LE SYSTEME DE TELE-ASSISTANCE ET \u201cSAFETY SERVER CONNECTION ISVE\u201d (t\u00e9l\u00e9surveillance en temps r\u00e9els des param\u00e8tres de broyage de server ISVE);<\/li>\n<li><strong>Ex\u00e9cution aux normes CE<\/strong><\/li>\n<\/ul>\n<h2 class=\"titoletto\"><strong>Accessoires:<\/strong><\/h2>\n<ul>\n<li>ISVE Server Connect: dispositif suppl\u00e9mentaire de connexion internet avec service de monitorage automatique sur server ISVE du fonctionnement correct de l\u2019installation de broyage. Possibilit\u00e9 de r\u00e9gler les param\u00e8tres de la machine et mettre \u00e0 jour le logiciel avec connexion \u00e0 distance sans l\u2019envoi du technicien.<\/li>\n<li>Grille interchangeable qui d\u00e9termine la granulom\u00e9trie du broyat.<\/li>\n<li>(\u00d8. 14-16-20-25-30-35 mm).<\/li>\n<li>Tiroir pouvant \u00eatre raccord\u00e9 au syst\u00e8me d&#8217;aspiration.<\/li>\n<li>Fermeture sup\u00e9rieure de la tr\u00e9mie avec fen\u00eatre lat\u00e9rale \u00e9quip\u00e9e de bandes en caoutchouc pour \u00e9viter les fuites de m\u00e9tal pendant le broyage.<\/li>\n<li>Syst\u00e8me de refroidissement du rotor.<\/li>\n<li>Rev\u00eatement r\u00e9sistant \u00e0 l&#8217;usure pour le rotor.<\/li>\n<\/ul>\n<h2><strong>Accessoires sp\u00e9cifiques pour la rectification de c\u00e2bles \u00e9lectriques:<\/strong><\/h2>\n<ul>\n<li>Plaque de protection du rotor (\u00e9vite les surcharges du rotor lors du chargement des mat\u00e9riaux en echeveau).<\/li>\n<li>Logiciel d&#8217;arr\u00eat du broyeur en cas de surcharge du syst\u00e8me de s\u00e9paration\/raffineur.<\/li>\n<\/ul>\n","protected":false},"excerpt":{"rendered":"<p>Le d\u00e9chiqueteur monoarbre MS 40-100 IT est particuli\u00e8rement adapt\u00e9 au d\u00e9chiquetage de grandes quantit\u00e9s de d\u00e9chets industriels. La lourde structure rend la machine apte \u00e0 un emploi lourd et intensif. La mise en route du poussoir s\u2019effectue au moyen d\u2019un syst\u00e8me hydraulique. Le produit \u00e0 broyer est ainsi pouss\u00e9 vers un rotor porte-outils qui r\u00e9alise&hellip;<\/p>\n","protected":false},"author":1,"featured_media":8972,"parent":3581,"menu_order":301,"comment_status":"closed","ping_status":"closed","template":"","meta":{"_acf_changed":false,"footnotes":""},"tags":[2021,2044,2018,2162,2194,2158,1900,2047],"impaginazione":[3692],"divisione":[3689],"categorie_modelli":[3694],"class_list":["post-3615","page","type-page","status-publish","has-post-thumbnail","hentry","tag-broyeur-a-bois-fr-2","tag-broyeur-en-plastique","tag-broyeur-industriel","tag-broyeurs-de-bois-fr-2","tag-broyeurs-en-plastique-fr","tag-broyeurs-industriels","tag-dechiqueteuse","tag-moulins","impaginazione-modello-prodotto","divisione-isve-recycling","categorie_modelli-macinatori-monoalbero","description-off"],"acf":[],"yoast_head":"<!-- This site is optimized with the Yoast SEO plugin v27.4 - https:\/\/yoast.com\/product\/yoast-seo-wordpress\/ -->\n<title>Broyeurs monoarbre: Mod\u00e8le MS 40-100 IT (MOD\u00c8LE 2022) - ISVE SpA - Traitement du bois - Recyclage - Broyeurs Granulateurs<\/title>\n<meta name=\"robots\" content=\"index, follow, max-snippet:-1, max-image-preview:large, max-video-preview:-1\" \/>\n<link rel=\"canonical\" href=\"https:\/\/isve.com\/fr\/broyeurs-industriels\/broyeurs-monoarbre\/broyeurs-monoarbre-modele-ms-40-100-it\/\" \/>\n<meta property=\"og:locale\" content=\"fr_FR\" \/>\n<meta property=\"og:type\" content=\"article\" \/>\n<meta property=\"og:title\" content=\"Broyeurs monoarbre: Mod\u00e8le MS 40-100 IT (MOD\u00c8LE 2022) - ISVE SpA - Traitement du bois - Recyclage - Broyeurs Granulateurs\" \/>\n<meta property=\"og:description\" content=\"Le d\u00e9chiqueteur monoarbre MS 40-100 IT est particuli\u00e8rement adapt\u00e9 au d\u00e9chiquetage de grandes quantit\u00e9s de d\u00e9chets industriels. La lourde structure rend la machine apte \u00e0 un emploi lourd et intensif. La mise en route du poussoir s\u2019effectue au moyen d\u2019un syst\u00e8me hydraulique. Le produit \u00e0 broyer est ainsi pouss\u00e9 vers un rotor porte-outils qui r\u00e9alise&hellip;\" \/>\n<meta property=\"og:url\" content=\"https:\/\/isve.com\/fr\/broyeurs-industriels\/broyeurs-monoarbre\/broyeurs-monoarbre-modele-ms-40-100-it\/\" \/>\n<meta property=\"og:site_name\" content=\"ISVE SpA - Traitement du bois - Recyclage - Broyeurs Granulateurs\" \/>\n<meta property=\"article:modified_time\" content=\"2022-02-08T15:06:23+00:00\" \/>\n<meta property=\"og:image\" content=\"https:\/\/isve.com\/wp-content\/uploads\/2022\/02\/monoalb-2022-ms-40-100-it.jpg\" \/>\n\t<meta property=\"og:image:width\" content=\"1300\" \/>\n\t<meta property=\"og:image:height\" content=\"500\" \/>\n\t<meta property=\"og:image:type\" content=\"image\/jpeg\" \/>\n<meta name=\"twitter:card\" content=\"summary_large_image\" \/>\n<meta name=\"twitter:label1\" content=\"Dur\u00e9e de lecture estim\u00e9e\" \/>\n\t<meta name=\"twitter:data1\" content=\"4 minutes\" \/>\n<script type=\"application\/ld+json\" class=\"yoast-schema-graph\">{\"@context\":\"https:\\\/\\\/schema.org\",\"@graph\":[{\"@type\":\"WebPage\",\"@id\":\"https:\\\/\\\/isve.com\\\/fr\\\/broyeurs-industriels\\\/broyeurs-monoarbre\\\/broyeurs-monoarbre-modele-ms-40-100-it\\\/\",\"url\":\"https:\\\/\\\/isve.com\\\/fr\\\/broyeurs-industriels\\\/broyeurs-monoarbre\\\/broyeurs-monoarbre-modele-ms-40-100-it\\\/\",\"name\":\"Broyeurs monoarbre: Mod\u00e8le MS 40-100 IT (MOD\u00c8LE 2022) - ISVE SpA - Traitement du bois - Recyclage - Broyeurs Granulateurs\",\"isPartOf\":{\"@id\":\"https:\\\/\\\/isve.com\\\/fr\\\/#website\"},\"primaryImageOfPage\":{\"@id\":\"https:\\\/\\\/isve.com\\\/fr\\\/broyeurs-industriels\\\/broyeurs-monoarbre\\\/broyeurs-monoarbre-modele-ms-40-100-it\\\/#primaryimage\"},\"image\":{\"@id\":\"https:\\\/\\\/isve.com\\\/fr\\\/broyeurs-industriels\\\/broyeurs-monoarbre\\\/broyeurs-monoarbre-modele-ms-40-100-it\\\/#primaryimage\"},\"thumbnailUrl\":\"https:\\\/\\\/isve.com\\\/wp-content\\\/uploads\\\/2022\\\/02\\\/monoalb-2022-ms-40-100-it.jpg\",\"datePublished\":\"2019-09-20T14:02:04+00:00\",\"dateModified\":\"2022-02-08T15:06:23+00:00\",\"breadcrumb\":{\"@id\":\"https:\\\/\\\/isve.com\\\/fr\\\/broyeurs-industriels\\\/broyeurs-monoarbre\\\/broyeurs-monoarbre-modele-ms-40-100-it\\\/#breadcrumb\"},\"inLanguage\":\"fr-FR\",\"potentialAction\":[{\"@type\":\"ReadAction\",\"target\":[\"https:\\\/\\\/isve.com\\\/fr\\\/broyeurs-industriels\\\/broyeurs-monoarbre\\\/broyeurs-monoarbre-modele-ms-40-100-it\\\/\"]}]},{\"@type\":\"ImageObject\",\"inLanguage\":\"fr-FR\",\"@id\":\"https:\\\/\\\/isve.com\\\/fr\\\/broyeurs-industriels\\\/broyeurs-monoarbre\\\/broyeurs-monoarbre-modele-ms-40-100-it\\\/#primaryimage\",\"url\":\"https:\\\/\\\/isve.com\\\/wp-content\\\/uploads\\\/2022\\\/02\\\/monoalb-2022-ms-40-100-it.jpg\",\"contentUrl\":\"https:\\\/\\\/isve.com\\\/wp-content\\\/uploads\\\/2022\\\/02\\\/monoalb-2022-ms-40-100-it.jpg\",\"width\":1300,\"height\":500,\"caption\":\"MS 40-100 IT\"},{\"@type\":\"BreadcrumbList\",\"@id\":\"https:\\\/\\\/isve.com\\\/fr\\\/broyeurs-industriels\\\/broyeurs-monoarbre\\\/broyeurs-monoarbre-modele-ms-40-100-it\\\/#breadcrumb\",\"itemListElement\":[{\"@type\":\"ListItem\",\"position\":1,\"name\":\"Home\",\"item\":\"https:\\\/\\\/isve.com\\\/fr\\\/\"},{\"@type\":\"ListItem\",\"position\":2,\"name\":\"Produits Recycling\",\"item\":\"https:\\\/\\\/isve.com\\\/fr\\\/broyeurs-industriels\\\/\"},{\"@type\":\"ListItem\",\"position\":3,\"name\":\"Mod\u00e8les &#8211; D\u00e9chiqueteurs industriels\",\"item\":\"https:\\\/\\\/isve.com\\\/fr\\\/broyeurs-industriels\\\/broyeurs-monoarbre\\\/\"},{\"@type\":\"ListItem\",\"position\":4,\"name\":\"Broyeurs monoarbre: Mod\u00e8le MS 40-100 IT (MOD\u00c8LE 2022)\"}]},{\"@type\":\"WebSite\",\"@id\":\"https:\\\/\\\/isve.com\\\/fr\\\/#website\",\"url\":\"https:\\\/\\\/isve.com\\\/fr\\\/\",\"name\":\"ISVE S.p.A.\",\"description\":\"Syst\u00e8mes de traitement du bois et pour dechiquetage broyage granulation\",\"publisher\":{\"@id\":\"https:\\\/\\\/isve.com\\\/fr\\\/#organization\"},\"potentialAction\":[{\"@type\":\"SearchAction\",\"target\":{\"@type\":\"EntryPoint\",\"urlTemplate\":\"https:\\\/\\\/isve.com\\\/fr\\\/?s={search_term_string}\"},\"query-input\":{\"@type\":\"PropertyValueSpecification\",\"valueRequired\":true,\"valueName\":\"search_term_string\"}}],\"inLanguage\":\"fr-FR\"},{\"@type\":\"Organization\",\"@id\":\"https:\\\/\\\/isve.com\\\/fr\\\/#organization\",\"name\":\"ISVE S.p.A.\",\"url\":\"https:\\\/\\\/isve.com\\\/fr\\\/\",\"logo\":{\"@type\":\"ImageObject\",\"inLanguage\":\"fr-FR\",\"@id\":\"https:\\\/\\\/isve.com\\\/fr\\\/#\\\/schema\\\/logo\\\/image\\\/\",\"url\":\"https:\\\/\\\/isve.com\\\/wp-content\\\/uploads\\\/2026\\\/01\\\/logo-isve-spa.png\",\"contentUrl\":\"https:\\\/\\\/isve.com\\\/wp-content\\\/uploads\\\/2026\\\/01\\\/logo-isve-spa.png\",\"width\":600,\"height\":173,\"caption\":\"ISVE S.p.A.\"},\"image\":{\"@id\":\"https:\\\/\\\/isve.com\\\/fr\\\/#\\\/schema\\\/logo\\\/image\\\/\"},\"sameAs\":[\"https:\\\/\\\/www.linkedin.com\\\/company\\\/69445471\",\"https:\\\/\\\/www.youtube.com\\\/@isves.p.a.8894\"]}]}<\/script>\n<!-- \/ Yoast SEO plugin. -->","yoast_head_json":{"title":"Broyeurs monoarbre: Mod\u00e8le MS 40-100 IT (MOD\u00c8LE 2022) - ISVE SpA - Traitement du bois - Recyclage - Broyeurs Granulateurs","robots":{"index":"index","follow":"follow","max-snippet":"max-snippet:-1","max-image-preview":"max-image-preview:large","max-video-preview":"max-video-preview:-1"},"canonical":"https:\/\/isve.com\/fr\/broyeurs-industriels\/broyeurs-monoarbre\/broyeurs-monoarbre-modele-ms-40-100-it\/","og_locale":"fr_FR","og_type":"article","og_title":"Broyeurs monoarbre: Mod\u00e8le MS 40-100 IT (MOD\u00c8LE 2022) - ISVE SpA - Traitement du bois - Recyclage - Broyeurs Granulateurs","og_description":"Le d\u00e9chiqueteur monoarbre MS 40-100 IT est particuli\u00e8rement adapt\u00e9 au d\u00e9chiquetage de grandes quantit\u00e9s de d\u00e9chets industriels. La lourde structure rend la machine apte \u00e0 un emploi lourd et intensif. La mise en route du poussoir s\u2019effectue au moyen d\u2019un syst\u00e8me hydraulique. Le produit \u00e0 broyer est ainsi pouss\u00e9 vers un rotor porte-outils qui r\u00e9alise&hellip;","og_url":"https:\/\/isve.com\/fr\/broyeurs-industriels\/broyeurs-monoarbre\/broyeurs-monoarbre-modele-ms-40-100-it\/","og_site_name":"ISVE SpA - Traitement du bois - Recyclage - Broyeurs Granulateurs","article_modified_time":"2022-02-08T15:06:23+00:00","og_image":[{"width":1300,"height":500,"url":"https:\/\/isve.com\/wp-content\/uploads\/2022\/02\/monoalb-2022-ms-40-100-it.jpg","type":"image\/jpeg"}],"twitter_card":"summary_large_image","twitter_misc":{"Dur\u00e9e de lecture estim\u00e9e":"4 minutes"},"schema":{"@context":"https:\/\/schema.org","@graph":[{"@type":"WebPage","@id":"https:\/\/isve.com\/fr\/broyeurs-industriels\/broyeurs-monoarbre\/broyeurs-monoarbre-modele-ms-40-100-it\/","url":"https:\/\/isve.com\/fr\/broyeurs-industriels\/broyeurs-monoarbre\/broyeurs-monoarbre-modele-ms-40-100-it\/","name":"Broyeurs monoarbre: Mod\u00e8le MS 40-100 IT (MOD\u00c8LE 2022) - ISVE SpA - Traitement du bois - Recyclage - Broyeurs Granulateurs","isPartOf":{"@id":"https:\/\/isve.com\/fr\/#website"},"primaryImageOfPage":{"@id":"https:\/\/isve.com\/fr\/broyeurs-industriels\/broyeurs-monoarbre\/broyeurs-monoarbre-modele-ms-40-100-it\/#primaryimage"},"image":{"@id":"https:\/\/isve.com\/fr\/broyeurs-industriels\/broyeurs-monoarbre\/broyeurs-monoarbre-modele-ms-40-100-it\/#primaryimage"},"thumbnailUrl":"https:\/\/isve.com\/wp-content\/uploads\/2022\/02\/monoalb-2022-ms-40-100-it.jpg","datePublished":"2019-09-20T14:02:04+00:00","dateModified":"2022-02-08T15:06:23+00:00","breadcrumb":{"@id":"https:\/\/isve.com\/fr\/broyeurs-industriels\/broyeurs-monoarbre\/broyeurs-monoarbre-modele-ms-40-100-it\/#breadcrumb"},"inLanguage":"fr-FR","potentialAction":[{"@type":"ReadAction","target":["https:\/\/isve.com\/fr\/broyeurs-industriels\/broyeurs-monoarbre\/broyeurs-monoarbre-modele-ms-40-100-it\/"]}]},{"@type":"ImageObject","inLanguage":"fr-FR","@id":"https:\/\/isve.com\/fr\/broyeurs-industriels\/broyeurs-monoarbre\/broyeurs-monoarbre-modele-ms-40-100-it\/#primaryimage","url":"https:\/\/isve.com\/wp-content\/uploads\/2022\/02\/monoalb-2022-ms-40-100-it.jpg","contentUrl":"https:\/\/isve.com\/wp-content\/uploads\/2022\/02\/monoalb-2022-ms-40-100-it.jpg","width":1300,"height":500,"caption":"MS 40-100 IT"},{"@type":"BreadcrumbList","@id":"https:\/\/isve.com\/fr\/broyeurs-industriels\/broyeurs-monoarbre\/broyeurs-monoarbre-modele-ms-40-100-it\/#breadcrumb","itemListElement":[{"@type":"ListItem","position":1,"name":"Home","item":"https:\/\/isve.com\/fr\/"},{"@type":"ListItem","position":2,"name":"Produits Recycling","item":"https:\/\/isve.com\/fr\/broyeurs-industriels\/"},{"@type":"ListItem","position":3,"name":"Mod\u00e8les &#8211; D\u00e9chiqueteurs industriels","item":"https:\/\/isve.com\/fr\/broyeurs-industriels\/broyeurs-monoarbre\/"},{"@type":"ListItem","position":4,"name":"Broyeurs monoarbre: Mod\u00e8le MS 40-100 IT (MOD\u00c8LE 2022)"}]},{"@type":"WebSite","@id":"https:\/\/isve.com\/fr\/#website","url":"https:\/\/isve.com\/fr\/","name":"ISVE S.p.A.","description":"Syst\u00e8mes de traitement du bois et pour dechiquetage broyage granulation","publisher":{"@id":"https:\/\/isve.com\/fr\/#organization"},"potentialAction":[{"@type":"SearchAction","target":{"@type":"EntryPoint","urlTemplate":"https:\/\/isve.com\/fr\/?s={search_term_string}"},"query-input":{"@type":"PropertyValueSpecification","valueRequired":true,"valueName":"search_term_string"}}],"inLanguage":"fr-FR"},{"@type":"Organization","@id":"https:\/\/isve.com\/fr\/#organization","name":"ISVE S.p.A.","url":"https:\/\/isve.com\/fr\/","logo":{"@type":"ImageObject","inLanguage":"fr-FR","@id":"https:\/\/isve.com\/fr\/#\/schema\/logo\/image\/","url":"https:\/\/isve.com\/wp-content\/uploads\/2026\/01\/logo-isve-spa.png","contentUrl":"https:\/\/isve.com\/wp-content\/uploads\/2026\/01\/logo-isve-spa.png","width":600,"height":173,"caption":"ISVE S.p.A."},"image":{"@id":"https:\/\/isve.com\/fr\/#\/schema\/logo\/image\/"},"sameAs":["https:\/\/www.linkedin.com\/company\/69445471","https:\/\/www.youtube.com\/@isves.p.a.8894"]}]}},"_links":{"self":[{"href":"https:\/\/isve.com\/fr\/wp-json\/wp\/v2\/pages\/3615","targetHints":{"allow":["GET"]}}],"collection":[{"href":"https:\/\/isve.com\/fr\/wp-json\/wp\/v2\/pages"}],"about":[{"href":"https:\/\/isve.com\/fr\/wp-json\/wp\/v2\/types\/page"}],"author":[{"embeddable":true,"href":"https:\/\/isve.com\/fr\/wp-json\/wp\/v2\/users\/1"}],"replies":[{"embeddable":true,"href":"https:\/\/isve.com\/fr\/wp-json\/wp\/v2\/comments?post=3615"}],"version-history":[{"count":0,"href":"https:\/\/isve.com\/fr\/wp-json\/wp\/v2\/pages\/3615\/revisions"}],"up":[{"embeddable":true,"href":"https:\/\/isve.com\/fr\/wp-json\/wp\/v2\/pages\/3581"}],"wp:featuredmedia":[{"embeddable":true,"href":"https:\/\/isve.com\/fr\/wp-json\/wp\/v2\/media\/8972"}],"wp:attachment":[{"href":"https:\/\/isve.com\/fr\/wp-json\/wp\/v2\/media?parent=3615"}],"wp:term":[{"taxonomy":"post_tag","embeddable":true,"href":"https:\/\/isve.com\/fr\/wp-json\/wp\/v2\/tags?post=3615"},{"taxonomy":"impaginazione","embeddable":true,"href":"https:\/\/isve.com\/fr\/wp-json\/wp\/v2\/impaginazione?post=3615"},{"taxonomy":"divisione","embeddable":true,"href":"https:\/\/isve.com\/fr\/wp-json\/wp\/v2\/divisione?post=3615"},{"taxonomy":"categorie_modelli","embeddable":true,"href":"https:\/\/isve.com\/fr\/wp-json\/wp\/v2\/categorie_modelli?post=3615"}],"curies":[{"name":"wp","href":"https:\/\/api.w.org\/{rel}","templated":true}]}}