{"id":3603,"date":"2019-09-17T19:54:25","date_gmt":"2019-09-17T17:54:25","guid":{"rendered":"https:\/\/isve.com\/?page_id=3603"},"modified":"2023-11-06T09:20:57","modified_gmt":"2023-11-06T08:20:57","slug":"broyeurs-monoarbre-modele-ms-22-60-it","status":"publish","type":"page","link":"https:\/\/isve.com\/fr\/broyeurs-industriels\/broyeurs-monoarbre\/broyeurs-monoarbre-modele-ms-22-60-it\/","title":{"rendered":"Broyeurs monoarbre: Mod\u00e8le MS 22-60 IT"},"content":{"rendered":"<p><img fetchpriority=\"high\" decoding=\"async\" class=\"alignnone size-full wp-image-9018\" src=\"https:\/\/isve.com\/wp-content\/uploads\/2022\/02\/monoalb-2022-ms-22-60-it-img02.jpg\" alt=\"MS 22-60 IT\" width=\"995\" height=\"680\" srcset=\"https:\/\/isve.com\/wp-content\/uploads\/2022\/02\/monoalb-2022-ms-22-60-it-img02.jpg 995w, https:\/\/isve.com\/wp-content\/uploads\/2022\/02\/monoalb-2022-ms-22-60-it-img02-600x410.jpg 600w, https:\/\/isve.com\/wp-content\/uploads\/2022\/02\/monoalb-2022-ms-22-60-it-img02-768x525.jpg 768w\" sizes=\"(max-width: 995px) 100vw, 995px\" \/><\/p>\n<p>Le d\u00e9chiqueteur monoarbre MS 22-60 est particuli\u00e8rement adapt\u00e9 au d\u00e9chiquetage de d\u00e9chets \u00e0 forte consistance.<br \/>\nLa mise en route du poussoir s\u2019effectue au moyen d\u2019un syst\u00e8me hydraulique. Le produit \u00e0 broyer est ainsi<br \/>\npouss\u00e9 vers un rotor porte-outils qui r\u00e9alise le d\u00e9chiquetage. Gr\u00e2ce \u00e0 une grille il est possible de s\u00e9lectionner la granulom\u00e9trie finale du broyat.<\/p>\n<h2 class=\"titoletto\"><strong>Caract\u00e9ristiques principales:<\/strong><\/h2>\n<ul>\n<li><span class=\"etichetta\">Puissance install\u00e9e sur le rotor:<\/span> 18,5 kW (25 HP)<\/li>\n<li><span class=\"etichetta\">Puissance centrale hydraulique:<\/span> 2,2 kW (HP 3)<\/li>\n<li><span class=\"etichetta\">Transmission:<\/span> par courroies<\/li>\n<li><span class=\"etichetta\">nr. rotors:<\/span> 1<\/li>\n<li><span class=\"etichetta\">\u00d8 rotor:<\/span> 220 mm<\/li>\n<li><span class=\"etichetta\">Longueur rotor:<\/span> 600 mm<\/li>\n<li><span class=\"etichetta\">Nr. outils r\u00e9versibles:<\/span> 27<\/li>\n<li><span class=\"etichetta\">Nr. c\u00f4t\u00e9s outils utilisables:<\/span> 4<\/li>\n<li><span class=\"etichetta\">Nr. tours rotor\/min:<\/span> 85<\/li>\n<li><span class=\"etichetta\">Poids:<\/span> 1.800 kg<\/li>\n<li><span class=\"etichetta\">Production:<\/span> 200-400 kg\/h<\/li>\n<li>\u00c9quipement de s\u00e9curit\u00e9: arr\u00eat d\u2019urgence, syst\u00e8me d\u2019inversion du tiroir.<\/li>\n<\/ul>\n<h2 class=\"titoletto\"><strong>Notice d\u2019utilisation:<\/strong><\/h2>\n<p>Machine polyvalente de petite et moyenne taille, adapt\u00e9e au broyage de nombreux d\u00e9chets. Il peut \u00eatre ins\u00e9r\u00e9 en ligne pour un fonctionnement continu.<br \/>\nRecommand\u00e9 pour le d\u00e9chiquetage de morceaux de bois, de plastique \u00e9pais, de papier, de documentation confidentielle, de feuilles extrud\u00e9es, de petits pneus, etc.<\/p>\n<h2 class=\"titoletto\"><strong>Caract\u00e9ristiques du d\u00e9chiqueteur:<\/strong><\/h2>\n<ul>\n<li>Robuste ch\u00e2ssis en acier \u00e9lectro-soud\u00e9;<\/li>\n<li>Logements des roulements avec syst\u00e8me de protection anti-poussi\u00e8res et liquides;<\/li>\n<li>Rotor de forte \u00e9paisseur \u00d8 220 mm, longueur 600mm avec 23 plaquettes porte-outils et 27 outils en acier \u00e0 haute r\u00e9sistance anti-usure et utilisables 4 fois;<\/li>\n<li>Nr. 2 contre-lames r\u00e9glables (sup\u00e9rieures et inf\u00e9rieures) en acier anti-usure tr\u00e8s li\u00e9;<\/li>\n<li>Poussoir \u00e0 fonctionnement hydraulique avec 500mm de course utile;<\/li>\n<li>Centrale hydraulique;<\/li>\n<li>Syst\u00e8me de transmission \u00e0 poulies et courroies pour \u00e9viter que les vibrations du rotor n\u2019endommagent les organes m\u00e9caniques;<\/li>\n<li>N. 1 moteur multi-tension, multifr\u00e9quence de primaire maison nationale de 18,5 kW avec classe d&#8217;efficacit\u00e9 PREMIUM (IE3) et nr. 1 moteur de 2,2 kW pour centrale hydraulique;<\/li>\n<li>Chambre de d\u00e9coupe de 600X700 mm de dimension;<\/li>\n<li>Tr\u00e9mie en t\u00f4le \u00e9lectro-soud\u00e9e pour un chargement par le haut;<\/li>\n<li>Grille interchangeable qui d\u00e9termine la granulom\u00e9trie de la mati\u00e8re broy\u00e9e;<\/li>\n<li>Syst\u00e8me de dechargement: \u00e0 d\u00e9finir.<\/li>\n<\/ul>\n<h2 class=\"titoletto\"><strong>Caract\u00e9ristique du syst\u00e8me de contr\u00f4le:<\/strong><\/h2>\n<ul>\n<li>Tableau \u00e9lectrique aux normes CE, \u00e9quip\u00e9 d\u2019un limiteur de couple qui inverse le mouvement du rotor en cas de surcharge du d\u00e9chiqueteur.<\/li>\n<li>Carte m\u00e8re interne LOGO SIEMENS pour le contr\u00f4le de tous les p\u00e9riph\u00e9riques de l\u2019installation.<\/li>\n<li>Fonction de contr\u00f4le de s\u00e9curit\u00e9 pour l\u2019arr\u00eat de l\u2019installation.<\/li>\n<li><strong>Ex\u00e9cution aux normes CE<\/strong><\/li>\n<\/ul>\n<h2 class=\"titoletto\"><strong>ACCESSOIRES<\/strong><\/h2>\n<ul>\n<li>Grille interchangeable qui d\u00e9termine la granulom\u00e9trie du broyat;<\/li>\n<li>(\u00d8. 14-16-20-25-30-35 mm);<\/li>\n<li>Tiroir pouvant \u00eatre raccord\u00e9 au syst\u00e8me d&#8217;aspiration avec un raccord de sortie de 160 mm de diam\u00e8tre;<\/li>\n<li>Tiroir de ramassage du mat\u00e9riel, \u00e9quip\u00e9 de 4 roues pivotantes, fen\u00eatre d&#8217;inspection en plexiglas, boutons de fixation et micro de s\u00e9curit\u00e9;<\/li>\n<li>Fermeture sup\u00e9rieure de la tr\u00e9mie avec fen\u00eatre lat\u00e9rale \u00e9quip\u00e9e de bandes en caoutchouc pour \u00e9viter les fuites de m\u00e9tal pendant le broyage;<\/li>\n<li>Syst\u00e8me de refroidissement du rotor.<\/li>\n<\/ul>\n<h2><strong>ACCESSOIRES SP\u00c9CIFIQUES POUR LE FRAISAGE DE C\u00c2BLES \u00c9LECTRIQUES:<\/strong><\/h2>\n<ul>\n<li>Plaque de protection du rotor (\u00e9vite les surcharges du rotor lors du chargement des mat\u00e9riaux en echeveau).<\/li>\n<li>Logiciel d&#8217;arr\u00eat du broyeur en cas de surcharge du syst\u00e8me de s\u00e9paration\/raffineur.<\/li>\n<\/ul>\n<p>&nbsp;<\/p>\n<p><iframe title=\"MR2260 Automotiva parts\" width=\"1200\" height=\"675\" src=\"https:\/\/www.youtube.com\/embed\/l7aI8vXcPls?feature=oembed\" frameborder=\"0\" allow=\"accelerometer; autoplay; clipboard-write; encrypted-media; gyroscope; picture-in-picture; web-share\" referrerpolicy=\"strict-origin-when-cross-origin\" allowfullscreen><\/iframe><\/p>\n<p>&nbsp;<\/p>\n<p><iframe title=\"Tritotutto\" width=\"1200\" height=\"900\" src=\"https:\/\/www.youtube.com\/embed\/Lxju1zUNEig?feature=oembed\" frameborder=\"0\" allow=\"accelerometer; autoplay; clipboard-write; encrypted-media; gyroscope; picture-in-picture; web-share\" referrerpolicy=\"strict-origin-when-cross-origin\" allowfullscreen><\/iframe><\/p>\n<p>&nbsp;<\/p>\n<p><iframe title=\"ISVE single shaft shredder MR2260 for wood veneer\" width=\"1200\" height=\"675\" src=\"https:\/\/www.youtube.com\/embed\/2KTBOYXmMzg?feature=oembed\" frameborder=\"0\" allow=\"accelerometer; autoplay; clipboard-write; encrypted-media; gyroscope; picture-in-picture; web-share\" referrerpolicy=\"strict-origin-when-cross-origin\" allowfullscreen><\/iframe><\/p>\n<p>&nbsp;<\/p>\n<p><iframe title=\"SINGLE SHAFT SHREDDER WITH GRANULATOR FOR PLASTIC\" width=\"1200\" height=\"675\" src=\"https:\/\/www.youtube.com\/embed\/Te67oIKJDis?feature=oembed\" frameborder=\"0\" allow=\"accelerometer; autoplay; clipboard-write; encrypted-media; gyroscope; picture-in-picture; web-share\" referrerpolicy=\"strict-origin-when-cross-origin\" allowfullscreen><\/iframe><\/p>\n<p>&nbsp;<\/p>\n<p><iframe title=\"Tritotutto\" width=\"1200\" height=\"900\" src=\"https:\/\/www.youtube.com\/embed\/CWYBi7uHIoA?start=13&#038;feature=oembed\" frameborder=\"0\" allow=\"accelerometer; autoplay; clipboard-write; encrypted-media; gyroscope; picture-in-picture; web-share\" referrerpolicy=\"strict-origin-when-cross-origin\" allowfullscreen><\/iframe><\/p>\n","protected":false},"excerpt":{"rendered":"<p>Le d\u00e9chiqueteur monoarbre MS 22-60 est particuli\u00e8rement adapt\u00e9 au d\u00e9chiquetage de d\u00e9chets \u00e0 forte consistance. La mise en route du poussoir s\u2019effectue au moyen d\u2019un syst\u00e8me hydraulique. Le produit \u00e0 broyer est ainsi pouss\u00e9 vers un rotor porte-outils qui r\u00e9alise le d\u00e9chiquetage. Gr\u00e2ce \u00e0 une grille il est possible de s\u00e9lectionner la granulom\u00e9trie finale du&hellip;<\/p>\n","protected":false},"author":1,"featured_media":9014,"parent":3581,"menu_order":207,"comment_status":"closed","ping_status":"closed","template":"","meta":{"_acf_changed":false,"footnotes":""},"tags":[2021,2044,2018,2162,2194,2158,1900,2047],"impaginazione":[3692],"divisione":[3689],"categorie_modelli":[3694],"class_list":["post-3603","page","type-page","status-publish","has-post-thumbnail","hentry","tag-broyeur-a-bois-fr-2","tag-broyeur-en-plastique","tag-broyeur-industriel","tag-broyeurs-de-bois-fr-2","tag-broyeurs-en-plastique-fr","tag-broyeurs-industriels","tag-dechiqueteuse","tag-moulins","impaginazione-modello-prodotto","divisione-isve-recycling","categorie_modelli-macinatori-monoalbero","description-off"],"acf":[],"yoast_head":"<!-- This site is optimized with the Yoast SEO plugin v27.4 - https:\/\/yoast.com\/product\/yoast-seo-wordpress\/ -->\n<title>Broyeurs monoarbre: Mod\u00e8le MS 22-60 IT - ISVE SpA - Traitement du bois - Recyclage - Broyeurs Granulateurs<\/title>\n<meta name=\"robots\" content=\"index, follow, max-snippet:-1, max-image-preview:large, max-video-preview:-1\" \/>\n<link rel=\"canonical\" href=\"https:\/\/isve.com\/fr\/broyeurs-industriels\/broyeurs-monoarbre\/broyeurs-monoarbre-modele-ms-22-60-it\/\" \/>\n<meta property=\"og:locale\" content=\"fr_FR\" \/>\n<meta property=\"og:type\" content=\"article\" \/>\n<meta property=\"og:title\" content=\"Broyeurs monoarbre: Mod\u00e8le MS 22-60 IT - ISVE SpA - Traitement du bois - Recyclage - Broyeurs Granulateurs\" \/>\n<meta property=\"og:description\" content=\"Le d\u00e9chiqueteur monoarbre MS 22-60 est particuli\u00e8rement adapt\u00e9 au d\u00e9chiquetage de d\u00e9chets \u00e0 forte consistance. La mise en route du poussoir s\u2019effectue au moyen d\u2019un syst\u00e8me hydraulique. Le produit \u00e0 broyer est ainsi pouss\u00e9 vers un rotor porte-outils qui r\u00e9alise le d\u00e9chiquetage. Gr\u00e2ce \u00e0 une grille il est possible de s\u00e9lectionner la granulom\u00e9trie finale du&hellip;\" \/>\n<meta property=\"og:url\" content=\"https:\/\/isve.com\/fr\/broyeurs-industriels\/broyeurs-monoarbre\/broyeurs-monoarbre-modele-ms-22-60-it\/\" \/>\n<meta property=\"og:site_name\" content=\"ISVE SpA - Traitement du bois - Recyclage - Broyeurs Granulateurs\" \/>\n<meta property=\"article:modified_time\" content=\"2023-11-06T08:20:57+00:00\" \/>\n<meta property=\"og:image\" content=\"https:\/\/isve.com\/wp-content\/uploads\/2022\/02\/monoalb-2022-ms-22-60-it.jpg\" \/>\n\t<meta property=\"og:image:width\" content=\"1300\" \/>\n\t<meta property=\"og:image:height\" content=\"500\" \/>\n\t<meta property=\"og:image:type\" content=\"image\/jpeg\" \/>\n<meta name=\"twitter:card\" content=\"summary_large_image\" \/>\n<meta name=\"twitter:label1\" content=\"Dur\u00e9e de lecture estim\u00e9e\" \/>\n\t<meta name=\"twitter:data1\" content=\"3 minutes\" \/>\n<script type=\"application\/ld+json\" class=\"yoast-schema-graph\">{\"@context\":\"https:\\\/\\\/schema.org\",\"@graph\":[{\"@type\":\"WebPage\",\"@id\":\"https:\\\/\\\/isve.com\\\/fr\\\/broyeurs-industriels\\\/broyeurs-monoarbre\\\/broyeurs-monoarbre-modele-ms-22-60-it\\\/\",\"url\":\"https:\\\/\\\/isve.com\\\/fr\\\/broyeurs-industriels\\\/broyeurs-monoarbre\\\/broyeurs-monoarbre-modele-ms-22-60-it\\\/\",\"name\":\"Broyeurs monoarbre: Mod\u00e8le MS 22-60 IT - ISVE SpA - Traitement du bois - Recyclage - Broyeurs Granulateurs\",\"isPartOf\":{\"@id\":\"https:\\\/\\\/isve.com\\\/fr\\\/#website\"},\"primaryImageOfPage\":{\"@id\":\"https:\\\/\\\/isve.com\\\/fr\\\/broyeurs-industriels\\\/broyeurs-monoarbre\\\/broyeurs-monoarbre-modele-ms-22-60-it\\\/#primaryimage\"},\"image\":{\"@id\":\"https:\\\/\\\/isve.com\\\/fr\\\/broyeurs-industriels\\\/broyeurs-monoarbre\\\/broyeurs-monoarbre-modele-ms-22-60-it\\\/#primaryimage\"},\"thumbnailUrl\":\"https:\\\/\\\/isve.com\\\/wp-content\\\/uploads\\\/2022\\\/02\\\/monoalb-2022-ms-22-60-it.jpg\",\"datePublished\":\"2019-09-17T17:54:25+00:00\",\"dateModified\":\"2023-11-06T08:20:57+00:00\",\"breadcrumb\":{\"@id\":\"https:\\\/\\\/isve.com\\\/fr\\\/broyeurs-industriels\\\/broyeurs-monoarbre\\\/broyeurs-monoarbre-modele-ms-22-60-it\\\/#breadcrumb\"},\"inLanguage\":\"fr-FR\",\"potentialAction\":[{\"@type\":\"ReadAction\",\"target\":[\"https:\\\/\\\/isve.com\\\/fr\\\/broyeurs-industriels\\\/broyeurs-monoarbre\\\/broyeurs-monoarbre-modele-ms-22-60-it\\\/\"]}]},{\"@type\":\"ImageObject\",\"inLanguage\":\"fr-FR\",\"@id\":\"https:\\\/\\\/isve.com\\\/fr\\\/broyeurs-industriels\\\/broyeurs-monoarbre\\\/broyeurs-monoarbre-modele-ms-22-60-it\\\/#primaryimage\",\"url\":\"https:\\\/\\\/isve.com\\\/wp-content\\\/uploads\\\/2022\\\/02\\\/monoalb-2022-ms-22-60-it.jpg\",\"contentUrl\":\"https:\\\/\\\/isve.com\\\/wp-content\\\/uploads\\\/2022\\\/02\\\/monoalb-2022-ms-22-60-it.jpg\",\"width\":1300,\"height\":500,\"caption\":\"MS 22-60 IT\"},{\"@type\":\"BreadcrumbList\",\"@id\":\"https:\\\/\\\/isve.com\\\/fr\\\/broyeurs-industriels\\\/broyeurs-monoarbre\\\/broyeurs-monoarbre-modele-ms-22-60-it\\\/#breadcrumb\",\"itemListElement\":[{\"@type\":\"ListItem\",\"position\":1,\"name\":\"Home\",\"item\":\"https:\\\/\\\/isve.com\\\/fr\\\/\"},{\"@type\":\"ListItem\",\"position\":2,\"name\":\"Produits Recycling\",\"item\":\"https:\\\/\\\/isve.com\\\/fr\\\/broyeurs-industriels\\\/\"},{\"@type\":\"ListItem\",\"position\":3,\"name\":\"Mod\u00e8les &#8211; D\u00e9chiqueteurs industriels\",\"item\":\"https:\\\/\\\/isve.com\\\/fr\\\/broyeurs-industriels\\\/broyeurs-monoarbre\\\/\"},{\"@type\":\"ListItem\",\"position\":4,\"name\":\"Broyeurs monoarbre: Mod\u00e8le MS 22-60 IT\"}]},{\"@type\":\"WebSite\",\"@id\":\"https:\\\/\\\/isve.com\\\/fr\\\/#website\",\"url\":\"https:\\\/\\\/isve.com\\\/fr\\\/\",\"name\":\"ISVE S.p.A.\",\"description\":\"Syst\u00e8mes de traitement du bois et pour dechiquetage broyage granulation\",\"publisher\":{\"@id\":\"https:\\\/\\\/isve.com\\\/fr\\\/#organization\"},\"potentialAction\":[{\"@type\":\"SearchAction\",\"target\":{\"@type\":\"EntryPoint\",\"urlTemplate\":\"https:\\\/\\\/isve.com\\\/fr\\\/?s={search_term_string}\"},\"query-input\":{\"@type\":\"PropertyValueSpecification\",\"valueRequired\":true,\"valueName\":\"search_term_string\"}}],\"inLanguage\":\"fr-FR\"},{\"@type\":\"Organization\",\"@id\":\"https:\\\/\\\/isve.com\\\/fr\\\/#organization\",\"name\":\"ISVE S.p.A.\",\"url\":\"https:\\\/\\\/isve.com\\\/fr\\\/\",\"logo\":{\"@type\":\"ImageObject\",\"inLanguage\":\"fr-FR\",\"@id\":\"https:\\\/\\\/isve.com\\\/fr\\\/#\\\/schema\\\/logo\\\/image\\\/\",\"url\":\"https:\\\/\\\/isve.com\\\/wp-content\\\/uploads\\\/2026\\\/01\\\/logo-isve-spa.png\",\"contentUrl\":\"https:\\\/\\\/isve.com\\\/wp-content\\\/uploads\\\/2026\\\/01\\\/logo-isve-spa.png\",\"width\":600,\"height\":173,\"caption\":\"ISVE S.p.A.\"},\"image\":{\"@id\":\"https:\\\/\\\/isve.com\\\/fr\\\/#\\\/schema\\\/logo\\\/image\\\/\"},\"sameAs\":[\"https:\\\/\\\/www.linkedin.com\\\/company\\\/69445471\",\"https:\\\/\\\/www.youtube.com\\\/@isves.p.a.8894\"]}]}<\/script>\n<!-- \/ Yoast SEO plugin. -->","yoast_head_json":{"title":"Broyeurs monoarbre: Mod\u00e8le MS 22-60 IT - ISVE SpA - Traitement du bois - Recyclage - Broyeurs Granulateurs","robots":{"index":"index","follow":"follow","max-snippet":"max-snippet:-1","max-image-preview":"max-image-preview:large","max-video-preview":"max-video-preview:-1"},"canonical":"https:\/\/isve.com\/fr\/broyeurs-industriels\/broyeurs-monoarbre\/broyeurs-monoarbre-modele-ms-22-60-it\/","og_locale":"fr_FR","og_type":"article","og_title":"Broyeurs monoarbre: Mod\u00e8le MS 22-60 IT - ISVE SpA - Traitement du bois - Recyclage - Broyeurs Granulateurs","og_description":"Le d\u00e9chiqueteur monoarbre MS 22-60 est particuli\u00e8rement adapt\u00e9 au d\u00e9chiquetage de d\u00e9chets \u00e0 forte consistance. La mise en route du poussoir s\u2019effectue au moyen d\u2019un syst\u00e8me hydraulique. Le produit \u00e0 broyer est ainsi pouss\u00e9 vers un rotor porte-outils qui r\u00e9alise le d\u00e9chiquetage. Gr\u00e2ce \u00e0 une grille il est possible de s\u00e9lectionner la granulom\u00e9trie finale du&hellip;","og_url":"https:\/\/isve.com\/fr\/broyeurs-industriels\/broyeurs-monoarbre\/broyeurs-monoarbre-modele-ms-22-60-it\/","og_site_name":"ISVE SpA - Traitement du bois - Recyclage - Broyeurs Granulateurs","article_modified_time":"2023-11-06T08:20:57+00:00","og_image":[{"width":1300,"height":500,"url":"https:\/\/isve.com\/wp-content\/uploads\/2022\/02\/monoalb-2022-ms-22-60-it.jpg","type":"image\/jpeg"}],"twitter_card":"summary_large_image","twitter_misc":{"Dur\u00e9e de lecture estim\u00e9e":"3 minutes"},"schema":{"@context":"https:\/\/schema.org","@graph":[{"@type":"WebPage","@id":"https:\/\/isve.com\/fr\/broyeurs-industriels\/broyeurs-monoarbre\/broyeurs-monoarbre-modele-ms-22-60-it\/","url":"https:\/\/isve.com\/fr\/broyeurs-industriels\/broyeurs-monoarbre\/broyeurs-monoarbre-modele-ms-22-60-it\/","name":"Broyeurs monoarbre: Mod\u00e8le MS 22-60 IT - ISVE SpA - Traitement du bois - Recyclage - Broyeurs Granulateurs","isPartOf":{"@id":"https:\/\/isve.com\/fr\/#website"},"primaryImageOfPage":{"@id":"https:\/\/isve.com\/fr\/broyeurs-industriels\/broyeurs-monoarbre\/broyeurs-monoarbre-modele-ms-22-60-it\/#primaryimage"},"image":{"@id":"https:\/\/isve.com\/fr\/broyeurs-industriels\/broyeurs-monoarbre\/broyeurs-monoarbre-modele-ms-22-60-it\/#primaryimage"},"thumbnailUrl":"https:\/\/isve.com\/wp-content\/uploads\/2022\/02\/monoalb-2022-ms-22-60-it.jpg","datePublished":"2019-09-17T17:54:25+00:00","dateModified":"2023-11-06T08:20:57+00:00","breadcrumb":{"@id":"https:\/\/isve.com\/fr\/broyeurs-industriels\/broyeurs-monoarbre\/broyeurs-monoarbre-modele-ms-22-60-it\/#breadcrumb"},"inLanguage":"fr-FR","potentialAction":[{"@type":"ReadAction","target":["https:\/\/isve.com\/fr\/broyeurs-industriels\/broyeurs-monoarbre\/broyeurs-monoarbre-modele-ms-22-60-it\/"]}]},{"@type":"ImageObject","inLanguage":"fr-FR","@id":"https:\/\/isve.com\/fr\/broyeurs-industriels\/broyeurs-monoarbre\/broyeurs-monoarbre-modele-ms-22-60-it\/#primaryimage","url":"https:\/\/isve.com\/wp-content\/uploads\/2022\/02\/monoalb-2022-ms-22-60-it.jpg","contentUrl":"https:\/\/isve.com\/wp-content\/uploads\/2022\/02\/monoalb-2022-ms-22-60-it.jpg","width":1300,"height":500,"caption":"MS 22-60 IT"},{"@type":"BreadcrumbList","@id":"https:\/\/isve.com\/fr\/broyeurs-industriels\/broyeurs-monoarbre\/broyeurs-monoarbre-modele-ms-22-60-it\/#breadcrumb","itemListElement":[{"@type":"ListItem","position":1,"name":"Home","item":"https:\/\/isve.com\/fr\/"},{"@type":"ListItem","position":2,"name":"Produits Recycling","item":"https:\/\/isve.com\/fr\/broyeurs-industriels\/"},{"@type":"ListItem","position":3,"name":"Mod\u00e8les &#8211; D\u00e9chiqueteurs industriels","item":"https:\/\/isve.com\/fr\/broyeurs-industriels\/broyeurs-monoarbre\/"},{"@type":"ListItem","position":4,"name":"Broyeurs monoarbre: Mod\u00e8le MS 22-60 IT"}]},{"@type":"WebSite","@id":"https:\/\/isve.com\/fr\/#website","url":"https:\/\/isve.com\/fr\/","name":"ISVE S.p.A.","description":"Syst\u00e8mes de traitement du bois et pour dechiquetage broyage granulation","publisher":{"@id":"https:\/\/isve.com\/fr\/#organization"},"potentialAction":[{"@type":"SearchAction","target":{"@type":"EntryPoint","urlTemplate":"https:\/\/isve.com\/fr\/?s={search_term_string}"},"query-input":{"@type":"PropertyValueSpecification","valueRequired":true,"valueName":"search_term_string"}}],"inLanguage":"fr-FR"},{"@type":"Organization","@id":"https:\/\/isve.com\/fr\/#organization","name":"ISVE S.p.A.","url":"https:\/\/isve.com\/fr\/","logo":{"@type":"ImageObject","inLanguage":"fr-FR","@id":"https:\/\/isve.com\/fr\/#\/schema\/logo\/image\/","url":"https:\/\/isve.com\/wp-content\/uploads\/2026\/01\/logo-isve-spa.png","contentUrl":"https:\/\/isve.com\/wp-content\/uploads\/2026\/01\/logo-isve-spa.png","width":600,"height":173,"caption":"ISVE S.p.A."},"image":{"@id":"https:\/\/isve.com\/fr\/#\/schema\/logo\/image\/"},"sameAs":["https:\/\/www.linkedin.com\/company\/69445471","https:\/\/www.youtube.com\/@isves.p.a.8894"]}]}},"_links":{"self":[{"href":"https:\/\/isve.com\/fr\/wp-json\/wp\/v2\/pages\/3603","targetHints":{"allow":["GET"]}}],"collection":[{"href":"https:\/\/isve.com\/fr\/wp-json\/wp\/v2\/pages"}],"about":[{"href":"https:\/\/isve.com\/fr\/wp-json\/wp\/v2\/types\/page"}],"author":[{"embeddable":true,"href":"https:\/\/isve.com\/fr\/wp-json\/wp\/v2\/users\/1"}],"replies":[{"embeddable":true,"href":"https:\/\/isve.com\/fr\/wp-json\/wp\/v2\/comments?post=3603"}],"version-history":[{"count":0,"href":"https:\/\/isve.com\/fr\/wp-json\/wp\/v2\/pages\/3603\/revisions"}],"up":[{"embeddable":true,"href":"https:\/\/isve.com\/fr\/wp-json\/wp\/v2\/pages\/3581"}],"wp:featuredmedia":[{"embeddable":true,"href":"https:\/\/isve.com\/fr\/wp-json\/wp\/v2\/media\/9014"}],"wp:attachment":[{"href":"https:\/\/isve.com\/fr\/wp-json\/wp\/v2\/media?parent=3603"}],"wp:term":[{"taxonomy":"post_tag","embeddable":true,"href":"https:\/\/isve.com\/fr\/wp-json\/wp\/v2\/tags?post=3603"},{"taxonomy":"impaginazione","embeddable":true,"href":"https:\/\/isve.com\/fr\/wp-json\/wp\/v2\/impaginazione?post=3603"},{"taxonomy":"divisione","embeddable":true,"href":"https:\/\/isve.com\/fr\/wp-json\/wp\/v2\/divisione?post=3603"},{"taxonomy":"categorie_modelli","embeddable":true,"href":"https:\/\/isve.com\/fr\/wp-json\/wp\/v2\/categorie_modelli?post=3603"}],"curies":[{"name":"wp","href":"https:\/\/api.w.org\/{rel}","templated":true}]}}