{"id":28490,"date":"2026-02-12T11:50:58","date_gmt":"2026-02-12T10:50:58","guid":{"rendered":"https:\/\/isve.com\/?page_id=28490"},"modified":"2026-02-12T13:12:39","modified_gmt":"2026-02-12T12:12:39","slug":"tags","status":"publish","type":"page","link":"https:\/\/isve.com\/fr\/tags\/","title":{"rendered":"Tags"},"content":{"rendered":"\t\t<div data-elementor-type=\"wp-page\" data-elementor-id=\"28490\" class=\"elementor elementor-28490 elementor-28488\" data-elementor-post-type=\"page\">\n\t\t\t\t\t\t<section class=\"elementor-section elementor-top-section elementor-element elementor-element-e343c24 elementor-section-boxed elementor-section-height-default elementor-section-height-default\" data-id=\"e343c24\" data-element_type=\"section\" data-e-type=\"section\">\n\t\t\t\t\t\t<div class=\"elementor-container elementor-column-gap-default\">\n\t\t\t\t\t<div class=\"elementor-column elementor-col-100 elementor-top-column elementor-element elementor-element-cbe7dff\" data-id=\"cbe7dff\" data-element_type=\"column\" data-e-type=\"column\">\n\t\t\t<div class=\"elementor-widget-wrap elementor-element-populated\">\n\t\t\t\t\t\t<div class=\"elementor-element elementor-element-aecdf6d elementor-widget elementor-widget-wp-widget-tag_cloud\" data-id=\"aecdf6d\" data-element_type=\"widget\" data-e-type=\"widget\" data-widget_type=\"wp-widget-tag_cloud.default\">\n\t\t\t\t<div class=\"elementor-widget-container\">\n\t\t\t\t\t<h5>\u00c9tiquettes<\/h5><div class=\"tagcloud\"><a href=\"https:\/\/isve.com\/fr\/tags\/blocs-en-plastique-dechiquetants\/\" class=\"tag-cloud-link tag-link-2899 tag-link-position-1\" style=\"font-size: 11.181818181818pt;\" aria-label=\"blocs en plastique d\u00e9chiquetants (4 \u00e9l\u00e9ments)\">blocs en plastique d\u00e9chiquetants<\/a>\n<a href=\"https:\/\/isve.com\/fr\/tags\/bouteilles-danimaux-de-compagnie-de-broyage\/\" class=\"tag-cloud-link tag-link-2228 tag-link-position-2\" style=\"font-size: 15.954545454545pt;\" aria-label=\"bouteilles d\u2019animaux de compagnie de broyage (6 \u00e9l\u00e9ments)\">bouteilles d\u2019animaux de compagnie de broyage<\/a>\n<a href=\"https:\/\/isve.com\/fr\/tags\/broyage-de-machinacies\/\" class=\"tag-cloud-link tag-link-2320 tag-link-position-3\" style=\"font-size: 15.954545454545pt;\" aria-label=\"broyage de machinacies (6 \u00e9l\u00e9ments)\">broyage de machinacies<\/a>\n<a href=\"https:\/\/isve.com\/fr\/tags\/broyage-du-papier\/\" class=\"tag-cloud-link tag-link-2230 tag-link-position-4\" style=\"font-size: 19.136363636364pt;\" aria-label=\"broyage du papier (8 \u00e9l\u00e9ments)\">broyage du papier<\/a>\n<a href=\"https:\/\/isve.com\/fr\/tags\/broyage-en-caoutchouc\/\" class=\"tag-cloud-link tag-link-2273 tag-link-position-5\" style=\"font-size: 15.954545454545pt;\" aria-label=\"broyage en caoutchouc (6 \u00e9l\u00e9ments)\">broyage en caoutchouc<\/a>\n<a href=\"https:\/\/isve.com\/fr\/tags\/broyage-en-carton\/\" class=\"tag-cloud-link tag-link-2235 tag-link-position-6\" style=\"font-size: 19.136363636364pt;\" aria-label=\"broyage en carton (8 \u00e9l\u00e9ments)\">broyage en carton<\/a>\n<a href=\"https:\/\/isve.com\/fr\/tags\/broyeur-de-convoyeur\/\" class=\"tag-cloud-link tag-link-1907 tag-link-position-7\" style=\"font-size: 11.181818181818pt;\" aria-label=\"broyeur de convoyeur (4 \u00e9l\u00e9ments)\">broyeur de convoyeur<\/a>\n<a href=\"https:\/\/isve.com\/fr\/tags\/broyeur-de-convoyeur-fr\/\" class=\"tag-cloud-link tag-link-3358 tag-link-position-8\" style=\"font-size: 11.181818181818pt;\" aria-label=\"broyeur de convoyeur (4 \u00e9l\u00e9ments)\">broyeur de convoyeur<\/a>\n<a href=\"https:\/\/isve.com\/fr\/tags\/broyeur-en-plastique\/\" class=\"tag-cloud-link tag-link-2044 tag-link-position-9\" style=\"font-size: 17.545454545455pt;\" aria-label=\"broyeur en plastique (7 \u00e9l\u00e9ments)\">broyeur en plastique<\/a>\n<a href=\"https:\/\/isve.com\/fr\/tags\/broyeur-et-granulateurs\/\" class=\"tag-cloud-link tag-link-1843 tag-link-position-10\" style=\"font-size: 11.181818181818pt;\" aria-label=\"broyeur et granulateurs (4 \u00e9l\u00e9ments)\">broyeur et granulateurs<\/a>\n<a href=\"https:\/\/isve.com\/fr\/tags\/broyeur-industriel\/\" class=\"tag-cloud-link tag-link-2018 tag-link-position-11\" style=\"font-size: 19.136363636364pt;\" aria-label=\"broyeur industriel (8 \u00e9l\u00e9ments)\">broyeur industriel<\/a>\n<a href=\"https:\/\/isve.com\/fr\/tags\/broyeurs-avec-des-tapis-roulants\/\" class=\"tag-cloud-link tag-link-2057 tag-link-position-12\" style=\"font-size: 11.181818181818pt;\" aria-label=\"broyeurs avec des tapis roulants (4 \u00e9l\u00e9ments)\">broyeurs avec des tapis roulants<\/a>\n<a href=\"https:\/\/isve.com\/fr\/tags\/broyeurs-avec-tapis-roulants\/\" class=\"tag-cloud-link tag-link-3357 tag-link-position-13\" style=\"font-size: 11.181818181818pt;\" aria-label=\"broyeurs avec tapis roulants (4 \u00e9l\u00e9ments)\">broyeurs avec tapis roulants<\/a>\n<a href=\"https:\/\/isve.com\/fr\/tags\/broyeurs-de-bois-fr-2\/\" class=\"tag-cloud-link tag-link-2162 tag-link-position-14\" style=\"font-size: 17.545454545455pt;\" aria-label=\"broyeurs de bois (7 \u00e9l\u00e9ments)\">broyeurs de bois<\/a>\n<a href=\"https:\/\/isve.com\/fr\/tags\/broyeurs-en-carton\/\" class=\"tag-cloud-link tag-link-2068 tag-link-position-15\" style=\"font-size: 8pt;\" aria-label=\"broyeurs en carton (3 \u00e9l\u00e9ments)\">broyeurs en carton<\/a>\n<a href=\"https:\/\/isve.com\/fr\/tags\/broyeurs-en-plastique-fr\/\" class=\"tag-cloud-link tag-link-2194 tag-link-position-16\" style=\"font-size: 15.954545454545pt;\" aria-label=\"Broyeurs en plastique (6 \u00e9l\u00e9ments)\">Broyeurs en plastique<\/a>\n<a href=\"https:\/\/isve.com\/fr\/tags\/broyeurs-et-granulateurs\/\" class=\"tag-cloud-link tag-link-1680 tag-link-position-17\" style=\"font-size: 11.181818181818pt;\" aria-label=\"broyeurs et granulateurs (4 \u00e9l\u00e9ments)\">broyeurs et granulateurs<\/a>\n<a href=\"https:\/\/isve.com\/fr\/tags\/broyeurs-industriels\/\" class=\"tag-cloud-link tag-link-2158 tag-link-position-18\" style=\"font-size: 15.954545454545pt;\" aria-label=\"Broyeurs industriels (6 \u00e9l\u00e9ments)\">Broyeurs industriels<\/a>\n<a href=\"https:\/\/isve.com\/fr\/tags\/broyeur-a-bois-fr-2\/\" class=\"tag-cloud-link tag-link-2021 tag-link-position-19\" style=\"font-size: 19.136363636364pt;\" aria-label=\"broyeur \u00e0 bois (8 \u00e9l\u00e9ments)\">broyeur \u00e0 bois<\/a>\n<a href=\"https:\/\/isve.com\/fr\/tags\/conteneurs-de-broyage\/\" class=\"tag-cloud-link tag-link-2212 tag-link-position-20\" style=\"font-size: 8pt;\" aria-label=\"conteneurs de broyage (3 \u00e9l\u00e9ments)\">conteneurs de broyage<\/a>\n<a href=\"https:\/\/isve.com\/fr\/tags\/dechiquetage-de-pneus-fr\/\" class=\"tag-cloud-link tag-link-2908 tag-link-position-21\" style=\"font-size: 11.181818181818pt;\" aria-label=\"d\u00e9chiquetage de pneus (4 \u00e9l\u00e9ments)\">d\u00e9chiquetage de pneus<\/a>\n<a href=\"https:\/\/isve.com\/fr\/tags\/dechiquetage-de-tambours-fr\/\" class=\"tag-cloud-link tag-link-3289 tag-link-position-22\" style=\"font-size: 15.954545454545pt;\" aria-label=\"d\u00e9chiquetage de tambours (6 \u00e9l\u00e9ments)\">d\u00e9chiquetage de tambours<\/a>\n<a href=\"https:\/\/isve.com\/fr\/tags\/dechiquetage-du-bois\/\" class=\"tag-cloud-link tag-link-2886 tag-link-position-23\" style=\"font-size: 8pt;\" aria-label=\"d\u00e9chiquetage du bois (3 \u00e9l\u00e9ments)\">d\u00e9chiquetage du bois<\/a>\n<a href=\"https:\/\/isve.com\/fr\/tags\/dechiquetage-du-mais\/\" class=\"tag-cloud-link tag-link-3301 tag-link-position-24\" style=\"font-size: 15.954545454545pt;\" aria-label=\"d\u00e9chiquetage du ma\u00efs (6 \u00e9l\u00e9ments)\">d\u00e9chiquetage du ma\u00efs<\/a>\n<a href=\"https:\/\/isve.com\/fr\/tags\/dechiquetage-en-caoutchouc\/\" class=\"tag-cloud-link tag-link-3303 tag-link-position-25\" style=\"font-size: 15.954545454545pt;\" aria-label=\"d\u00e9chiquetage en caoutchouc (6 \u00e9l\u00e9ments)\">d\u00e9chiquetage en caoutchouc<\/a>\n<a href=\"https:\/\/isve.com\/fr\/tags\/dechiquetage-en-carton-2\/\" class=\"tag-cloud-link tag-link-2919 tag-link-position-26\" style=\"font-size: 22pt;\" aria-label=\"d\u00e9chiquetage en carton (10 \u00e9l\u00e9ments)\">d\u00e9chiquetage en carton<\/a>\n<a href=\"https:\/\/isve.com\/fr\/tags\/dechiqueter-les-bouteilles-pet\/\" class=\"tag-cloud-link tag-link-3307 tag-link-position-27\" style=\"font-size: 15.954545454545pt;\" aria-label=\"d\u00e9chiqueter les bouteilles PET (6 \u00e9l\u00e9ments)\">d\u00e9chiqueter les bouteilles PET<\/a>\n<a href=\"https:\/\/isve.com\/fr\/tags\/dechiqueteuse\/\" class=\"tag-cloud-link tag-link-1900 tag-link-position-28\" style=\"font-size: 19.136363636364pt;\" aria-label=\"D\u00e9chiqueteuse (8 \u00e9l\u00e9ments)\">D\u00e9chiqueteuse<\/a>\n<a href=\"https:\/\/isve.com\/fr\/tags\/implants-complets\/\" class=\"tag-cloud-link tag-link-1677 tag-link-position-29\" style=\"font-size: 11.181818181818pt;\" aria-label=\"implants complets (4 \u00e9l\u00e9ments)\">implants complets<\/a>\n<a href=\"https:\/\/isve.com\/fr\/tags\/installations-de-recuperation\/\" class=\"tag-cloud-link tag-link-1678 tag-link-position-30\" style=\"font-size: 11.181818181818pt;\" aria-label=\"installations de r\u00e9cup\u00e9ration (4 \u00e9l\u00e9ments)\">installations de r\u00e9cup\u00e9ration<\/a>\n<a href=\"https:\/\/isve.com\/fr\/tags\/isve-group-pages-fr\/\" class=\"tag-cloud-link tag-link-3781 tag-link-position-31\" style=\"font-size: 19.136363636364pt;\" aria-label=\"isve-group-pages (8 \u00e9l\u00e9ments)\">isve-group-pages<\/a>\n<a href=\"https:\/\/isve.com\/fr\/tags\/lignes-de-traitement\/\" class=\"tag-cloud-link tag-link-1896 tag-link-position-32\" style=\"font-size: 11.181818181818pt;\" aria-label=\"lignes de traitement (4 \u00e9l\u00e9ments)\">lignes de traitement<\/a>\n<a href=\"https:\/\/isve.com\/fr\/tags\/lignes-dediees\/\" class=\"tag-cloud-link tag-link-1892 tag-link-position-33\" style=\"font-size: 13.727272727273pt;\" aria-label=\"lignes d\u00e9di\u00e9es (5 \u00e9l\u00e9ments)\">lignes d\u00e9di\u00e9es<\/a>\n<a href=\"https:\/\/isve.com\/fr\/tags\/moulins\/\" class=\"tag-cloud-link tag-link-2047 tag-link-position-34\" style=\"font-size: 17.545454545455pt;\" aria-label=\"Moulins (7 \u00e9l\u00e9ments)\">Moulins<\/a>\n<a href=\"https:\/\/isve.com\/fr\/tags\/papier-dechiquete\/\" class=\"tag-cloud-link tag-link-2911 tag-link-position-35\" style=\"font-size: 22pt;\" aria-label=\"papier d\u00e9chiquet\u00e9 (10 \u00e9l\u00e9ments)\">papier d\u00e9chiquet\u00e9<\/a>\n<a href=\"https:\/\/isve.com\/fr\/tags\/pare-chocs-de-voiture-de-broyage\/\" class=\"tag-cloud-link tag-link-2333 tag-link-position-36\" style=\"font-size: 15.954545454545pt;\" aria-label=\"pare-chocs de voiture de broyage (6 \u00e9l\u00e9ments)\">pare-chocs de voiture de broyage<\/a>\n<a href=\"https:\/\/isve.com\/fr\/tags\/pare-chocs-de-voiture-dechiquetant-2\/\" class=\"tag-cloud-link tag-link-3299 tag-link-position-37\" style=\"font-size: 15.954545454545pt;\" aria-label=\"pare-chocs de voiture d\u00e9chiquetant (6 \u00e9l\u00e9ments)\">pare-chocs de voiture d\u00e9chiquetant<\/a>\n<a href=\"https:\/\/isve.com\/fr\/tags\/plantes-de-broyage\/\" class=\"tag-cloud-link tag-link-1679 tag-link-position-38\" style=\"font-size: 13.727272727273pt;\" aria-label=\"plantes de broyage (5 \u00e9l\u00e9ments)\">plantes de broyage<\/a>\n<a href=\"https:\/\/isve.com\/fr\/tags\/plantes-dechiquetees\/\" class=\"tag-cloud-link tag-link-1846 tag-link-position-39\" style=\"font-size: 11.181818181818pt;\" aria-label=\"plantes d\u00e9chiquet\u00e9es (4 \u00e9l\u00e9ments)\">plantes d\u00e9chiquet\u00e9es<\/a>\n<a href=\"https:\/\/isve.com\/fr\/tags\/pots-en-plastique-de-broyage\/\" class=\"tag-cloud-link tag-link-2371 tag-link-position-40\" style=\"font-size: 15.954545454545pt;\" aria-label=\"pots en plastique de broyage (6 \u00e9l\u00e9ments)\">pots en plastique de broyage<\/a>\n<a href=\"https:\/\/isve.com\/fr\/tags\/pots-en-plastique-dechiquetes-fr\/\" class=\"tag-cloud-link tag-link-3294 tag-link-position-41\" style=\"font-size: 15.954545454545pt;\" aria-label=\"pots en plastique d\u00e9chiquet\u00e9s (6 \u00e9l\u00e9ments)\">pots en plastique d\u00e9chiquet\u00e9s<\/a>\n<a href=\"https:\/\/isve.com\/fr\/tags\/rubans-de-polyethylene-de-broyage\/\" class=\"tag-cloud-link tag-link-2323 tag-link-position-42\" style=\"font-size: 17.545454545455pt;\" aria-label=\"rubans de poly\u00e9thyl\u00e8ne de broyage (7 \u00e9l\u00e9ments)\">rubans de poly\u00e9thyl\u00e8ne de broyage<\/a>\n<a href=\"https:\/\/isve.com\/fr\/tags\/rubans-de-polyethylene-dechiquetant\/\" class=\"tag-cloud-link tag-link-2923 tag-link-position-43\" style=\"font-size: 20.727272727273pt;\" aria-label=\"rubans de poly\u00e9thyl\u00e8ne d\u00e9chiquetant (9 \u00e9l\u00e9ments)\">rubans de poly\u00e9thyl\u00e8ne d\u00e9chiquetant<\/a>\n<a href=\"https:\/\/isve.com\/fr\/tags\/tambours-de-broyage\/\" class=\"tag-cloud-link tag-link-2271 tag-link-position-44\" style=\"font-size: 15.954545454545pt;\" aria-label=\"tambours de broyage (6 \u00e9l\u00e9ments)\">tambours de broyage<\/a>\n<a href=\"https:\/\/isve.com\/fr\/tags\/usines-de-raffinage\/\" class=\"tag-cloud-link tag-link-1841 tag-link-position-45\" style=\"font-size: 11.181818181818pt;\" aria-label=\"usines de raffinage (4 \u00e9l\u00e9ments)\">usines de raffinage<\/a><\/div>\n\t\t\t\t<\/div>\n\t\t\t\t<\/div>\n\t\t\t\t\t<\/div>\n\t\t<\/div>\n\t\t\t\t\t<\/div>\n\t\t<\/section>\n\t\t\t\t<\/div>\n\t\t","protected":false},"excerpt":{"rendered":"","protected":false},"author":1,"featured_media":0,"parent":0,"menu_order":0,"comment_status":"closed","ping_status":"closed","template":"","meta":{"_acf_changed":false,"footnotes":""},"tags":[],"impaginazione":[],"divisione":[],"categorie_modelli":[],"class_list":["post-28490","page","type-page","status-publish","hentry"],"acf":[],"yoast_head":"<!-- This site is optimized with the Yoast SEO plugin v27.4 - https:\/\/yoast.com\/product\/yoast-seo-wordpress\/ -->\n<title>Tags - ISVE SpA - Trattamento legno - Riciclaggio - Macinatori Trituratori<\/title>\n<meta name=\"robots\" content=\"index, follow, max-snippet:-1, max-image-preview:large, max-video-preview:-1\" \/>\n<link rel=\"canonical\" href=\"https:\/\/isve.com\/fr\/tags\/\" \/>\n<meta property=\"og:locale\" content=\"fr_FR\" \/>\n<meta property=\"og:type\" content=\"article\" \/>\n<meta property=\"og:title\" content=\"Tags - ISVE SpA - Trattamento legno - Riciclaggio - Macinatori Trituratori\" \/>\n<meta property=\"og:url\" content=\"https:\/\/isve.com\/fr\/tags\/\" \/>\n<meta property=\"og:site_name\" content=\"ISVE SpA - Trattamento legno - Riciclaggio - Macinatori Trituratori\" \/>\n<meta property=\"article:modified_time\" content=\"2026-02-12T12:12:39+00:00\" \/>\n<meta name=\"twitter:card\" content=\"summary_large_image\" \/>\n<script type=\"application\/ld+json\" class=\"yoast-schema-graph\">{\"@context\":\"https:\\\/\\\/schema.org\",\"@graph\":[{\"@type\":\"WebPage\",\"@id\":\"https:\\\/\\\/isve.com\\\/fr\\\/tags\\\/\",\"url\":\"https:\\\/\\\/isve.com\\\/fr\\\/tags\\\/\",\"name\":\"Tags - ISVE SpA - Trattamento legno - Riciclaggio - Macinatori Trituratori\",\"isPartOf\":{\"@id\":\"https:\\\/\\\/isve.com\\\/fr\\\/#website\"},\"datePublished\":\"2026-02-12T10:50:58+00:00\",\"dateModified\":\"2026-02-12T12:12:39+00:00\",\"breadcrumb\":{\"@id\":\"https:\\\/\\\/isve.com\\\/fr\\\/tags\\\/#breadcrumb\"},\"inLanguage\":\"fr-FR\",\"potentialAction\":[{\"@type\":\"ReadAction\",\"target\":[\"https:\\\/\\\/isve.com\\\/fr\\\/tags\\\/\"]}]},{\"@type\":\"BreadcrumbList\",\"@id\":\"https:\\\/\\\/isve.com\\\/fr\\\/tags\\\/#breadcrumb\",\"itemListElement\":[{\"@type\":\"ListItem\",\"position\":1,\"name\":\"Home\",\"item\":\"https:\\\/\\\/isve.com\\\/fr\\\/\"},{\"@type\":\"ListItem\",\"position\":2,\"name\":\"Tags\"}]},{\"@type\":\"WebSite\",\"@id\":\"https:\\\/\\\/isve.com\\\/fr\\\/#website\",\"url\":\"https:\\\/\\\/isve.com\\\/fr\\\/\",\"name\":\"ISVE S.p.A.\",\"description\":\"Sistemi per trattamento del legno e triturazione macinazione granulazione\",\"publisher\":{\"@id\":\"https:\\\/\\\/isve.com\\\/fr\\\/#organization\"},\"potentialAction\":[{\"@type\":\"SearchAction\",\"target\":{\"@type\":\"EntryPoint\",\"urlTemplate\":\"https:\\\/\\\/isve.com\\\/fr\\\/?s={search_term_string}\"},\"query-input\":{\"@type\":\"PropertyValueSpecification\",\"valueRequired\":true,\"valueName\":\"search_term_string\"}}],\"inLanguage\":\"fr-FR\"},{\"@type\":\"Organization\",\"@id\":\"https:\\\/\\\/isve.com\\\/fr\\\/#organization\",\"name\":\"ISVE S.p.A.\",\"url\":\"https:\\\/\\\/isve.com\\\/fr\\\/\",\"logo\":{\"@type\":\"ImageObject\",\"inLanguage\":\"fr-FR\",\"@id\":\"https:\\\/\\\/isve.com\\\/fr\\\/#\\\/schema\\\/logo\\\/image\\\/\",\"url\":\"https:\\\/\\\/isve.com\\\/wp-content\\\/uploads\\\/2026\\\/01\\\/logo-isve-spa.png\",\"contentUrl\":\"https:\\\/\\\/isve.com\\\/wp-content\\\/uploads\\\/2026\\\/01\\\/logo-isve-spa.png\",\"width\":600,\"height\":173,\"caption\":\"ISVE S.p.A.\"},\"image\":{\"@id\":\"https:\\\/\\\/isve.com\\\/fr\\\/#\\\/schema\\\/logo\\\/image\\\/\"},\"sameAs\":[\"https:\\\/\\\/www.linkedin.com\\\/company\\\/69445471\",\"https:\\\/\\\/www.youtube.com\\\/@isves.p.a.8894\"]}]}<\/script>\n<!-- \/ Yoast SEO plugin. -->","yoast_head_json":{"title":"Tags - ISVE SpA - Trattamento legno - Riciclaggio - Macinatori Trituratori","robots":{"index":"index","follow":"follow","max-snippet":"max-snippet:-1","max-image-preview":"max-image-preview:large","max-video-preview":"max-video-preview:-1"},"canonical":"https:\/\/isve.com\/fr\/tags\/","og_locale":"fr_FR","og_type":"article","og_title":"Tags - ISVE SpA - Trattamento legno - Riciclaggio - Macinatori Trituratori","og_url":"https:\/\/isve.com\/fr\/tags\/","og_site_name":"ISVE SpA - Trattamento legno - Riciclaggio - Macinatori Trituratori","article_modified_time":"2026-02-12T12:12:39+00:00","twitter_card":"summary_large_image","schema":{"@context":"https:\/\/schema.org","@graph":[{"@type":"WebPage","@id":"https:\/\/isve.com\/fr\/tags\/","url":"https:\/\/isve.com\/fr\/tags\/","name":"Tags - ISVE SpA - Trattamento legno - Riciclaggio - Macinatori Trituratori","isPartOf":{"@id":"https:\/\/isve.com\/fr\/#website"},"datePublished":"2026-02-12T10:50:58+00:00","dateModified":"2026-02-12T12:12:39+00:00","breadcrumb":{"@id":"https:\/\/isve.com\/fr\/tags\/#breadcrumb"},"inLanguage":"fr-FR","potentialAction":[{"@type":"ReadAction","target":["https:\/\/isve.com\/fr\/tags\/"]}]},{"@type":"BreadcrumbList","@id":"https:\/\/isve.com\/fr\/tags\/#breadcrumb","itemListElement":[{"@type":"ListItem","position":1,"name":"Home","item":"https:\/\/isve.com\/fr\/"},{"@type":"ListItem","position":2,"name":"Tags"}]},{"@type":"WebSite","@id":"https:\/\/isve.com\/fr\/#website","url":"https:\/\/isve.com\/fr\/","name":"ISVE S.p.A.","description":"Sistemi per trattamento del legno e triturazione macinazione granulazione","publisher":{"@id":"https:\/\/isve.com\/fr\/#organization"},"potentialAction":[{"@type":"SearchAction","target":{"@type":"EntryPoint","urlTemplate":"https:\/\/isve.com\/fr\/?s={search_term_string}"},"query-input":{"@type":"PropertyValueSpecification","valueRequired":true,"valueName":"search_term_string"}}],"inLanguage":"fr-FR"},{"@type":"Organization","@id":"https:\/\/isve.com\/fr\/#organization","name":"ISVE S.p.A.","url":"https:\/\/isve.com\/fr\/","logo":{"@type":"ImageObject","inLanguage":"fr-FR","@id":"https:\/\/isve.com\/fr\/#\/schema\/logo\/image\/","url":"https:\/\/isve.com\/wp-content\/uploads\/2026\/01\/logo-isve-spa.png","contentUrl":"https:\/\/isve.com\/wp-content\/uploads\/2026\/01\/logo-isve-spa.png","width":600,"height":173,"caption":"ISVE S.p.A."},"image":{"@id":"https:\/\/isve.com\/fr\/#\/schema\/logo\/image\/"},"sameAs":["https:\/\/www.linkedin.com\/company\/69445471","https:\/\/www.youtube.com\/@isves.p.a.8894"]}]}},"_links":{"self":[{"href":"https:\/\/isve.com\/fr\/wp-json\/wp\/v2\/pages\/28490","targetHints":{"allow":["GET"]}}],"collection":[{"href":"https:\/\/isve.com\/fr\/wp-json\/wp\/v2\/pages"}],"about":[{"href":"https:\/\/isve.com\/fr\/wp-json\/wp\/v2\/types\/page"}],"author":[{"embeddable":true,"href":"https:\/\/isve.com\/fr\/wp-json\/wp\/v2\/users\/1"}],"replies":[{"embeddable":true,"href":"https:\/\/isve.com\/fr\/wp-json\/wp\/v2\/comments?post=28490"}],"version-history":[{"count":1,"href":"https:\/\/isve.com\/fr\/wp-json\/wp\/v2\/pages\/28490\/revisions"}],"predecessor-version":[{"id":28491,"href":"https:\/\/isve.com\/fr\/wp-json\/wp\/v2\/pages\/28490\/revisions\/28491"}],"wp:attachment":[{"href":"https:\/\/isve.com\/fr\/wp-json\/wp\/v2\/media?parent=28490"}],"wp:term":[{"taxonomy":"post_tag","embeddable":true,"href":"https:\/\/isve.com\/fr\/wp-json\/wp\/v2\/tags?post=28490"},{"taxonomy":"impaginazione","embeddable":true,"href":"https:\/\/isve.com\/fr\/wp-json\/wp\/v2\/impaginazione?post=28490"},{"taxonomy":"divisione","embeddable":true,"href":"https:\/\/isve.com\/fr\/wp-json\/wp\/v2\/divisione?post=28490"},{"taxonomy":"categorie_modelli","embeddable":true,"href":"https:\/\/isve.com\/fr\/wp-json\/wp\/v2\/categorie_modelli?post=28490"}],"curies":[{"name":"wp","href":"https:\/\/api.w.org\/{rel}","templated":true}]}}