{"id":26341,"date":"2025-09-07T09:52:21","date_gmt":"2025-09-07T07:52:21","guid":{"rendered":"https:\/\/isve.com\/isve-wood\/impregnatori-imp-vp-fire-retardant-per-trattamento-ignifugo-del-legno\/"},"modified":"2026-03-31T13:37:27","modified_gmt":"2026-03-31T11:37:27","slug":"impregnateurs-imp-vp-fire-retardant-pour-lignifugation-du-bois","status":"publish","type":"page","link":"https:\/\/isve.com\/fr\/equipements-traitement-bois\/impregnateurs-imp-vp-fire-retardant-pour-lignifugation-du-bois\/","title":{"rendered":"Impr\u00e9gnateurs IMP-VP \u201cFire-retardant\u201d pour l&#8217;ignifugation du bois"},"content":{"rendered":"<h2>Prot\u00e9ger le bois du feu: traitements ignifuges avec impr\u00e9gnateurs sous vide et pression<\/h2>\n<p>Les machines de la s\u00e9rie IMP-VP d&#8217;ISVE S.p.A. repr\u00e9sentent une solution avanc\u00e9e non seulement pour la protection du bois contre les agents biologiques et atmosph\u00e9riques, mais aussi pour le traitement ignifuge du bois.<\/p>\n<h3>Syst\u00e8mes <strong>IMP-VP<\/strong> avanc\u00e9s pour des impr\u00e9gnations en profondeur et des r\u00e9sultats certifi\u00e9s.<\/h3>\n<p>Nos syst\u00e8mes sous vide et pression IMP-VP permettent une application uniforme et compl\u00e8te des produits ignifuges sur le bois. Il en r\u00e9sulte un mat\u00e9riau plus s\u00fbr et r\u00e9sistant au feu, id\u00e9al pour les solutions de construction, le mobilier public et les environnements certifi\u00e9s.<\/p>\n<p>&nbsp;<\/p>\n<p><iframe title=\"ISVE WOOD TREATMENT PLANT\" width=\"1200\" height=\"675\" src=\"https:\/\/www.youtube.com\/embed\/cs7xsS30d4g?start=3&#038;feature=oembed\" frameborder=\"0\" allow=\"accelerometer; autoplay; clipboard-write; encrypted-media; gyroscope; picture-in-picture; web-share\" referrerpolicy=\"strict-origin-when-cross-origin\" allowfullscreen><\/iframe><\/p>\n<h2>Que sont les produits ignifuges FIRE RETARDANT?<\/h2>\n<p>Les produits ignifuges sont des substances chimiques con\u00e7ues pour <strong>ralentir ou emp\u00eacher la propagation du feu<\/strong> dans les mat\u00e9riaux inflammables. Dans le cas du bois, il s&#8217;agit g\u00e9n\u00e9ralement de sels min\u00e9raux \u00e0 base d&#8217;eau appliqu\u00e9s par impr\u00e9gnation profonde. Ces compos\u00e9s, qui peuvent \u00eatre des sels min\u00e9raux, des organophosphor\u00e9s ou des organohalog\u00e9n\u00e9s, sont activ\u00e9s \u00e0 haute temp\u00e9rature, cr\u00e9ant une barri\u00e8re physico-chimique limitant la combustion et la production de fum\u00e9e.<\/p>\n<p><img fetchpriority=\"high\" decoding=\"async\" class=\"alignnone wp-image-26400 size-medium\" src=\"https:\/\/isve.com\/wp-content\/uploads\/2025\/09\/fire-retardant-600x457.jpg\" alt=\"\" width=\"600\" height=\"457\" srcset=\"https:\/\/isve.com\/wp-content\/uploads\/2025\/09\/fire-retardant-600x457.jpg 600w, https:\/\/isve.com\/wp-content\/uploads\/2025\/09\/fire-retardant-1024x781.jpg 1024w, https:\/\/isve.com\/wp-content\/uploads\/2025\/09\/fire-retardant-768x586.jpg 768w, https:\/\/isve.com\/wp-content\/uploads\/2025\/09\/fire-retardant.jpg 1343w\" sizes=\"(max-width: 600px) 100vw, 600px\" \/><\/p>\n<h2>Comment fonctionne notre IMP-VP?<\/h2>\n<h3>Application en autoclave sous vide<\/h3>\n<p>Le syst\u00e8me sous vide utilis\u00e9 par ISVE S.p.A. permet une p\u00e9n\u00e9tration uniforme et profonde des sels ignifuges dans les fibres du bois, garantissant ainsi un traitement efficace et durable.<\/p>\n<blockquote><p>Le cycle comprend\u00a0:<\/p>\n<ul>\n<li><strong>Vide initial<\/strong>\u00a0: une phase de vide initiale pour extraire l\u2019air des cellules du bois,<\/li>\n<\/ul>\n<ul>\n<li><strong>Remplissage<\/strong>\u00a0: un remplissage contr\u00f4l\u00e9 avec la solution ignifuge,<\/li>\n<\/ul>\n<ul>\n<li><strong>Pression<\/strong>\u00a0: une phase de pression pour forcer l\u2019absorption en profondeur du produit,<\/li>\n<\/ul>\n<ul>\n<li><strong>Vide final<\/strong>\u00a0: un vide final pour faciliter l\u2019\u00e9gouttage, le s\u00e9chage du bois et la prise du traitement.<\/li>\n<\/ul>\n<\/blockquote>\n<p>Ce proc\u00e9d\u00e9 nous permet d\u2019obtenir du bois aux performances ignifuges certifi\u00e9es, conformes aux r\u00e9glementations en vigueur dans les secteurs de la construction publique, r\u00e9sidentielle, navale et ferroviaire.<\/p>\n\n\t\t<style>\n\t\t\t#gallery-1 {\n\t\t\t\tmargin: auto;\n\t\t\t}\n\t\t\t#gallery-1 .gallery-item {\n\t\t\t\tfloat: left;\n\t\t\t\tmargin-top: 10px;\n\t\t\t\ttext-align: center;\n\t\t\t\twidth: 50%;\n\t\t\t}\n\t\t\t#gallery-1 img {\n\t\t\t\tborder: 2px solid #cfcfcf;\n\t\t\t}\n\t\t\t#gallery-1 .gallery-caption {\n\t\t\t\tmargin-left: 0;\n\t\t\t}\n\t\t\t\/* see gallery_shortcode() in wp-includes\/media.php *\/\n\t\t<\/style>\n\t\t<div id='gallery-1' class='gallery galleryid-26341 gallery-columns-2 gallery-size-thumbnail'><dl class='gallery-item'>\n\t\t\t<dt class='gallery-icon portrait'>\n\t\t\t\t<a href='https:\/\/isve.com\/fr\/equipements-traitement-bois\/impregnateurs-imp-vp-fire-retardant-pour-lignifugation-du-bois\/attachment\/isve-fire-retardant-imp-vp-d1800-9200-02-2\/'><img decoding=\"async\" width=\"150\" height=\"150\" src=\"https:\/\/isve.com\/wp-content\/uploads\/2025\/09\/isve-fire-retardant-imp-vp-d1800-9200-02-150x150.jpg\" class=\"attachment-thumbnail size-thumbnail\" alt=\"\" \/><\/a>\n\t\t\t<\/dt><\/dl><dl class='gallery-item'>\n\t\t\t<dt class='gallery-icon portrait'>\n\t\t\t\t<a href='https:\/\/isve.com\/fr\/equipements-traitement-bois\/impregnateurs-imp-vp-fire-retardant-pour-lignifugation-du-bois\/attachment\/isve-fire-retardant-imp-vp-d1800-9200-2\/'><img decoding=\"async\" width=\"150\" height=\"150\" src=\"https:\/\/isve.com\/wp-content\/uploads\/2025\/09\/isve-fire-retardant-imp-vp-d1800-9200-150x150.jpg\" class=\"attachment-thumbnail size-thumbnail\" alt=\"\" \/><\/a>\n\t\t\t<\/dt><\/dl><br style=\"clear: both\" \/>\n\t\t<\/div>\n\n<h3><\/h3>\n<h2>Avantages de l&#8217;ignifugation avec ISVE IMP-VP<\/h2>\n<ul>\n<li><strong>Traitement profond et uniforme en peu de temps<\/strong>, m\u00eame sur les bois tr\u00e8s impr\u00e9gnables comme le pin, le sapin et le h\u00eatre.<\/li>\n<\/ul>\n<ul>\n<li><strong>Compatibilit\u00e9 avec diff\u00e9rents types de retardateurs de flamme<\/strong>, permettant aux clients de choisir le produit le mieux adapt\u00e9 \u00e0 leurs besoins.<\/li>\n<\/ul>\n<ul>\n<li><strong>S\u00e9curit\u00e9 et durabilit\u00e9<\/strong>\u00a0: les produits ignifuges utilis\u00e9s dans nos syst\u00e8mes ont un faible impact environnemental, sont non toxiques et exempts de m\u00e9taux lourds.<\/li>\n<\/ul>\n<ul>\n<li><strong>Maintenance r\u00e9duite<\/strong>\u00a0: gr\u00e2ce \u00e0 la robustesse des mat\u00e9riaux et au logiciel avanc\u00e9 de gestion des cycles d&#8217;ignifugation Traitement.<\/li>\n<\/ul>\n<p>&nbsp;<\/p>\n<blockquote><p><a href=\"https:\/\/isve.com\/fr\/contacts\/\">Contactez-nous pour un <strong>devis personnalis\u00e9\u00a0!<\/strong><\/a><\/p><\/blockquote>\n","protected":false},"excerpt":{"rendered":"<p>Prot\u00e9ger le bois du feu: traitements ignifuges avec impr\u00e9gnateurs sous vide et pression Les machines de la s\u00e9rie IMP-VP d&#8217;ISVE S.p.A. repr\u00e9sentent une solution avanc\u00e9e non seulement pour la protection du bois contre les agents biologiques et atmosph\u00e9riques, mais aussi pour le traitement ignifuge du bois. Syst\u00e8mes IMP-VP avanc\u00e9s pour des impr\u00e9gnations en profondeur et&hellip;<\/p>\n","protected":false},"author":1,"featured_media":14497,"parent":15965,"menu_order":293,"comment_status":"closed","ping_status":"closed","template":"","meta":{"_acf_changed":false,"footnotes":""},"tags":[3808,3809,3810,3811,3812],"impaginazione":[],"divisione":[3690],"categorie_modelli":[],"class_list":["post-26341","page","type-page","status-publish","has-post-thumbnail","hentry","tag-fire-retardant-fr","tag-flame-retardants-fr","tag-ignifugazione-fr","tag-proteggere-il-legno-dal-fuoco-fr","tag-trattamento-ignifugo-legno-fr","divisione-isve-wood","description-off"],"acf":[],"yoast_head":"<!-- This site is optimized with the Yoast SEO plugin v27.4 - https:\/\/yoast.com\/product\/yoast-seo-wordpress\/ -->\n<title>Impr\u00e9gnateurs IMP-VP \u201cFire-retardant\u201d pour l&#039;ignifugation du bois - ISVE SpA - Trattamento legno - Riciclaggio - Macinatori Trituratori<\/title>\n<meta name=\"robots\" content=\"index, follow, max-snippet:-1, max-image-preview:large, max-video-preview:-1\" \/>\n<link rel=\"canonical\" href=\"https:\/\/isve.com\/fr\/equipements-traitement-bois\/impregnateurs-imp-vp-fire-retardant-pour-lignifugation-du-bois\/\" \/>\n<meta property=\"og:locale\" content=\"fr_FR\" \/>\n<meta property=\"og:type\" content=\"article\" \/>\n<meta property=\"og:title\" content=\"Impr\u00e9gnateurs IMP-VP \u201cFire-retardant\u201d pour l&#039;ignifugation du bois - ISVE SpA - Trattamento legno - Riciclaggio - Macinatori Trituratori\" \/>\n<meta property=\"og:description\" content=\"Prot\u00e9ger le bois du feu: traitements ignifuges avec impr\u00e9gnateurs sous vide et pression Les machines de la s\u00e9rie IMP-VP d&#8217;ISVE S.p.A. repr\u00e9sentent une solution avanc\u00e9e non seulement pour la protection du bois contre les agents biologiques et atmosph\u00e9riques, mais aussi pour le traitement ignifuge du bois. Syst\u00e8mes IMP-VP avanc\u00e9s pour des impr\u00e9gnations en profondeur et&hellip;\" \/>\n<meta property=\"og:url\" content=\"https:\/\/isve.com\/fr\/equipements-traitement-bois\/impregnateurs-imp-vp-fire-retardant-pour-lignifugation-du-bois\/\" \/>\n<meta property=\"og:site_name\" content=\"ISVE SpA - Trattamento legno - Riciclaggio - Macinatori Trituratori\" \/>\n<meta property=\"article:modified_time\" content=\"2026-03-31T11:37:27+00:00\" \/>\n<meta property=\"og:image\" content=\"https:\/\/isve.com\/wp-content\/uploads\/impr\/gn\/impregnatori_serie_imp-vp.jpg\" \/>\n\t<meta property=\"og:image:width\" content=\"1400\" \/>\n\t<meta property=\"og:image:height\" content=\"972\" \/>\n\t<meta property=\"og:image:type\" content=\"image\/jpeg\" \/>\n<meta name=\"twitter:card\" content=\"summary_large_image\" \/>\n<meta name=\"twitter:label1\" content=\"Dur\u00e9e de lecture estim\u00e9e\" \/>\n\t<meta name=\"twitter:data1\" content=\"2 minutes\" \/>\n<script type=\"application\/ld+json\" class=\"yoast-schema-graph\">{\"@context\":\"https:\\\/\\\/schema.org\",\"@graph\":[{\"@type\":\"WebPage\",\"@id\":\"https:\\\/\\\/isve.com\\\/fr\\\/equipements-traitement-bois\\\/impregnateurs-imp-vp-fire-retardant-pour-lignifugation-du-bois\\\/\",\"url\":\"https:\\\/\\\/isve.com\\\/fr\\\/equipements-traitement-bois\\\/impregnateurs-imp-vp-fire-retardant-pour-lignifugation-du-bois\\\/\",\"name\":\"Impr\u00e9gnateurs IMP-VP \u201cFire-retardant\u201d pour l'ignifugation du bois - ISVE SpA - Trattamento legno - Riciclaggio - Macinatori Trituratori\",\"isPartOf\":{\"@id\":\"https:\\\/\\\/isve.com\\\/fr\\\/#website\"},\"primaryImageOfPage\":{\"@id\":\"https:\\\/\\\/isve.com\\\/fr\\\/equipements-traitement-bois\\\/impregnateurs-imp-vp-fire-retardant-pour-lignifugation-du-bois\\\/#primaryimage\"},\"image\":{\"@id\":\"https:\\\/\\\/isve.com\\\/fr\\\/equipements-traitement-bois\\\/impregnateurs-imp-vp-fire-retardant-pour-lignifugation-du-bois\\\/#primaryimage\"},\"thumbnailUrl\":\"https:\\\/\\\/isve.com\\\/wp-content\\\/uploads\\\/impr\\\/gn\\\/impregnatori_serie_imp-vp.jpg\",\"datePublished\":\"2025-09-07T07:52:21+00:00\",\"dateModified\":\"2026-03-31T11:37:27+00:00\",\"breadcrumb\":{\"@id\":\"https:\\\/\\\/isve.com\\\/fr\\\/equipements-traitement-bois\\\/impregnateurs-imp-vp-fire-retardant-pour-lignifugation-du-bois\\\/#breadcrumb\"},\"inLanguage\":\"fr-FR\",\"potentialAction\":[{\"@type\":\"ReadAction\",\"target\":[\"https:\\\/\\\/isve.com\\\/fr\\\/equipements-traitement-bois\\\/impregnateurs-imp-vp-fire-retardant-pour-lignifugation-du-bois\\\/\"]}]},{\"@type\":\"ImageObject\",\"inLanguage\":\"fr-FR\",\"@id\":\"https:\\\/\\\/isve.com\\\/fr\\\/equipements-traitement-bois\\\/impregnateurs-imp-vp-fire-retardant-pour-lignifugation-du-bois\\\/#primaryimage\",\"url\":\"https:\\\/\\\/isve.com\\\/wp-content\\\/uploads\\\/impr\\\/gn\\\/impregnatori_serie_imp-vp.jpg\",\"contentUrl\":\"https:\\\/\\\/isve.com\\\/wp-content\\\/uploads\\\/impr\\\/gn\\\/impregnatori_serie_imp-vp.jpg\",\"width\":1400,\"height\":972},{\"@type\":\"BreadcrumbList\",\"@id\":\"https:\\\/\\\/isve.com\\\/fr\\\/equipements-traitement-bois\\\/impregnateurs-imp-vp-fire-retardant-pour-lignifugation-du-bois\\\/#breadcrumb\",\"itemListElement\":[{\"@type\":\"ListItem\",\"position\":1,\"name\":\"Home\",\"item\":\"https:\\\/\\\/isve.com\\\/fr\\\/\"},{\"@type\":\"ListItem\",\"position\":2,\"name\":\"Produits Wood\",\"item\":\"https:\\\/\\\/isve.com\\\/fr\\\/equipements-traitement-bois\\\/\"},{\"@type\":\"ListItem\",\"position\":3,\"name\":\"Impr\u00e9gnateurs IMP-VP \u201cFire-retardant\u201d pour l&#8217;ignifugation du bois\"}]},{\"@type\":\"WebSite\",\"@id\":\"https:\\\/\\\/isve.com\\\/fr\\\/#website\",\"url\":\"https:\\\/\\\/isve.com\\\/fr\\\/\",\"name\":\"ISVE S.p.A.\",\"description\":\"Sistemi per trattamento del legno e triturazione macinazione granulazione\",\"publisher\":{\"@id\":\"https:\\\/\\\/isve.com\\\/fr\\\/#organization\"},\"potentialAction\":[{\"@type\":\"SearchAction\",\"target\":{\"@type\":\"EntryPoint\",\"urlTemplate\":\"https:\\\/\\\/isve.com\\\/fr\\\/?s={search_term_string}\"},\"query-input\":{\"@type\":\"PropertyValueSpecification\",\"valueRequired\":true,\"valueName\":\"search_term_string\"}}],\"inLanguage\":\"fr-FR\"},{\"@type\":\"Organization\",\"@id\":\"https:\\\/\\\/isve.com\\\/fr\\\/#organization\",\"name\":\"ISVE S.p.A.\",\"url\":\"https:\\\/\\\/isve.com\\\/fr\\\/\",\"logo\":{\"@type\":\"ImageObject\",\"inLanguage\":\"fr-FR\",\"@id\":\"https:\\\/\\\/isve.com\\\/fr\\\/#\\\/schema\\\/logo\\\/image\\\/\",\"url\":\"https:\\\/\\\/isve.com\\\/wp-content\\\/uploads\\\/2026\\\/01\\\/logo-isve-spa.png\",\"contentUrl\":\"https:\\\/\\\/isve.com\\\/wp-content\\\/uploads\\\/2026\\\/01\\\/logo-isve-spa.png\",\"width\":600,\"height\":173,\"caption\":\"ISVE S.p.A.\"},\"image\":{\"@id\":\"https:\\\/\\\/isve.com\\\/fr\\\/#\\\/schema\\\/logo\\\/image\\\/\"},\"sameAs\":[\"https:\\\/\\\/www.linkedin.com\\\/company\\\/69445471\",\"https:\\\/\\\/www.youtube.com\\\/@isves.p.a.8894\"]}]}<\/script>\n<!-- \/ Yoast SEO plugin. -->","yoast_head_json":{"title":"Impr\u00e9gnateurs IMP-VP \u201cFire-retardant\u201d pour l'ignifugation du bois - ISVE SpA - Trattamento legno - Riciclaggio - Macinatori Trituratori","robots":{"index":"index","follow":"follow","max-snippet":"max-snippet:-1","max-image-preview":"max-image-preview:large","max-video-preview":"max-video-preview:-1"},"canonical":"https:\/\/isve.com\/fr\/equipements-traitement-bois\/impregnateurs-imp-vp-fire-retardant-pour-lignifugation-du-bois\/","og_locale":"fr_FR","og_type":"article","og_title":"Impr\u00e9gnateurs IMP-VP \u201cFire-retardant\u201d pour l'ignifugation du bois - ISVE SpA - Trattamento legno - Riciclaggio - Macinatori Trituratori","og_description":"Prot\u00e9ger le bois du feu: traitements ignifuges avec impr\u00e9gnateurs sous vide et pression Les machines de la s\u00e9rie IMP-VP d&#8217;ISVE S.p.A. repr\u00e9sentent une solution avanc\u00e9e non seulement pour la protection du bois contre les agents biologiques et atmosph\u00e9riques, mais aussi pour le traitement ignifuge du bois. Syst\u00e8mes IMP-VP avanc\u00e9s pour des impr\u00e9gnations en profondeur et&hellip;","og_url":"https:\/\/isve.com\/fr\/equipements-traitement-bois\/impregnateurs-imp-vp-fire-retardant-pour-lignifugation-du-bois\/","og_site_name":"ISVE SpA - Trattamento legno - Riciclaggio - Macinatori Trituratori","article_modified_time":"2026-03-31T11:37:27+00:00","og_image":[{"width":1400,"height":972,"url":"https:\/\/isve.com\/wp-content\/uploads\/impr\/gn\/impregnatori_serie_imp-vp.jpg","type":"image\/jpeg"}],"twitter_card":"summary_large_image","twitter_misc":{"Dur\u00e9e de lecture estim\u00e9e":"2 minutes"},"schema":{"@context":"https:\/\/schema.org","@graph":[{"@type":"WebPage","@id":"https:\/\/isve.com\/fr\/equipements-traitement-bois\/impregnateurs-imp-vp-fire-retardant-pour-lignifugation-du-bois\/","url":"https:\/\/isve.com\/fr\/equipements-traitement-bois\/impregnateurs-imp-vp-fire-retardant-pour-lignifugation-du-bois\/","name":"Impr\u00e9gnateurs IMP-VP \u201cFire-retardant\u201d pour l'ignifugation du bois - ISVE SpA - Trattamento legno - Riciclaggio - Macinatori Trituratori","isPartOf":{"@id":"https:\/\/isve.com\/fr\/#website"},"primaryImageOfPage":{"@id":"https:\/\/isve.com\/fr\/equipements-traitement-bois\/impregnateurs-imp-vp-fire-retardant-pour-lignifugation-du-bois\/#primaryimage"},"image":{"@id":"https:\/\/isve.com\/fr\/equipements-traitement-bois\/impregnateurs-imp-vp-fire-retardant-pour-lignifugation-du-bois\/#primaryimage"},"thumbnailUrl":"https:\/\/isve.com\/wp-content\/uploads\/impr\/gn\/impregnatori_serie_imp-vp.jpg","datePublished":"2025-09-07T07:52:21+00:00","dateModified":"2026-03-31T11:37:27+00:00","breadcrumb":{"@id":"https:\/\/isve.com\/fr\/equipements-traitement-bois\/impregnateurs-imp-vp-fire-retardant-pour-lignifugation-du-bois\/#breadcrumb"},"inLanguage":"fr-FR","potentialAction":[{"@type":"ReadAction","target":["https:\/\/isve.com\/fr\/equipements-traitement-bois\/impregnateurs-imp-vp-fire-retardant-pour-lignifugation-du-bois\/"]}]},{"@type":"ImageObject","inLanguage":"fr-FR","@id":"https:\/\/isve.com\/fr\/equipements-traitement-bois\/impregnateurs-imp-vp-fire-retardant-pour-lignifugation-du-bois\/#primaryimage","url":"https:\/\/isve.com\/wp-content\/uploads\/impr\/gn\/impregnatori_serie_imp-vp.jpg","contentUrl":"https:\/\/isve.com\/wp-content\/uploads\/impr\/gn\/impregnatori_serie_imp-vp.jpg","width":1400,"height":972},{"@type":"BreadcrumbList","@id":"https:\/\/isve.com\/fr\/equipements-traitement-bois\/impregnateurs-imp-vp-fire-retardant-pour-lignifugation-du-bois\/#breadcrumb","itemListElement":[{"@type":"ListItem","position":1,"name":"Home","item":"https:\/\/isve.com\/fr\/"},{"@type":"ListItem","position":2,"name":"Produits Wood","item":"https:\/\/isve.com\/fr\/equipements-traitement-bois\/"},{"@type":"ListItem","position":3,"name":"Impr\u00e9gnateurs IMP-VP \u201cFire-retardant\u201d pour l&#8217;ignifugation du bois"}]},{"@type":"WebSite","@id":"https:\/\/isve.com\/fr\/#website","url":"https:\/\/isve.com\/fr\/","name":"ISVE S.p.A.","description":"Sistemi per trattamento del legno e triturazione macinazione granulazione","publisher":{"@id":"https:\/\/isve.com\/fr\/#organization"},"potentialAction":[{"@type":"SearchAction","target":{"@type":"EntryPoint","urlTemplate":"https:\/\/isve.com\/fr\/?s={search_term_string}"},"query-input":{"@type":"PropertyValueSpecification","valueRequired":true,"valueName":"search_term_string"}}],"inLanguage":"fr-FR"},{"@type":"Organization","@id":"https:\/\/isve.com\/fr\/#organization","name":"ISVE S.p.A.","url":"https:\/\/isve.com\/fr\/","logo":{"@type":"ImageObject","inLanguage":"fr-FR","@id":"https:\/\/isve.com\/fr\/#\/schema\/logo\/image\/","url":"https:\/\/isve.com\/wp-content\/uploads\/2026\/01\/logo-isve-spa.png","contentUrl":"https:\/\/isve.com\/wp-content\/uploads\/2026\/01\/logo-isve-spa.png","width":600,"height":173,"caption":"ISVE S.p.A."},"image":{"@id":"https:\/\/isve.com\/fr\/#\/schema\/logo\/image\/"},"sameAs":["https:\/\/www.linkedin.com\/company\/69445471","https:\/\/www.youtube.com\/@isves.p.a.8894"]}]}},"_links":{"self":[{"href":"https:\/\/isve.com\/fr\/wp-json\/wp\/v2\/pages\/26341","targetHints":{"allow":["GET"]}}],"collection":[{"href":"https:\/\/isve.com\/fr\/wp-json\/wp\/v2\/pages"}],"about":[{"href":"https:\/\/isve.com\/fr\/wp-json\/wp\/v2\/types\/page"}],"author":[{"embeddable":true,"href":"https:\/\/isve.com\/fr\/wp-json\/wp\/v2\/users\/1"}],"replies":[{"embeddable":true,"href":"https:\/\/isve.com\/fr\/wp-json\/wp\/v2\/comments?post=26341"}],"version-history":[{"count":6,"href":"https:\/\/isve.com\/fr\/wp-json\/wp\/v2\/pages\/26341\/revisions"}],"predecessor-version":[{"id":29465,"href":"https:\/\/isve.com\/fr\/wp-json\/wp\/v2\/pages\/26341\/revisions\/29465"}],"up":[{"embeddable":true,"href":"https:\/\/isve.com\/fr\/wp-json\/wp\/v2\/pages\/15965"}],"wp:featuredmedia":[{"embeddable":true,"href":"https:\/\/isve.com\/fr\/wp-json\/wp\/v2\/media\/14497"}],"wp:attachment":[{"href":"https:\/\/isve.com\/fr\/wp-json\/wp\/v2\/media?parent=26341"}],"wp:term":[{"taxonomy":"post_tag","embeddable":true,"href":"https:\/\/isve.com\/fr\/wp-json\/wp\/v2\/tags?post=26341"},{"taxonomy":"impaginazione","embeddable":true,"href":"https:\/\/isve.com\/fr\/wp-json\/wp\/v2\/impaginazione?post=26341"},{"taxonomy":"divisione","embeddable":true,"href":"https:\/\/isve.com\/fr\/wp-json\/wp\/v2\/divisione?post=26341"},{"taxonomy":"categorie_modelli","embeddable":true,"href":"https:\/\/isve.com\/fr\/wp-json\/wp\/v2\/categorie_modelli?post=26341"}],"curies":[{"name":"wp","href":"https:\/\/api.w.org\/{rel}","templated":true}]}}