{"id":16529,"date":"2020-03-26T11:24:24","date_gmt":"2020-03-26T10:24:24","guid":{"rendered":"https:\/\/isve.com\/a-propos-de-nous\/autorite-internationale\/"},"modified":"2026-02-18T13:20:44","modified_gmt":"2026-02-18T12:20:44","slug":"autorite-internationale","status":"publish","type":"page","link":"https:\/\/isve.com\/fr\/a-propos-de-nous\/autorite-internationale\/","title":{"rendered":"Autorit\u00e9 internationale"},"content":{"rendered":"\t\t<div data-elementor-type=\"wp-page\" data-elementor-id=\"16529\" class=\"elementor elementor-16529 elementor-16498\" data-elementor-post-type=\"page\">\n\t\t\t\t\t\t<section class=\"elementor-section elementor-top-section elementor-element elementor-element-c117a05 elementor-section-full_width elementor-section-height-default elementor-section-height-default\" data-id=\"c117a05\" data-element_type=\"section\" data-e-type=\"section\">\n\t\t\t\t\t\t<div class=\"elementor-container elementor-column-gap-wider\">\n\t\t\t\t\t<div class=\"elementor-column elementor-col-50 elementor-top-column elementor-element elementor-element-04476c5 elementor-invisible\" data-id=\"04476c5\" data-element_type=\"column\" data-e-type=\"column\" data-settings=\"{&quot;background_background&quot;:&quot;classic&quot;,&quot;animation&quot;:&quot;fadeInLeft&quot;}\">\n\t\t\t<div class=\"elementor-widget-wrap elementor-element-populated\">\n\t\t\t\t\t\t<div class=\"elementor-element elementor-element-0c870e7 elementor-widget elementor-widget-spacer\" data-id=\"0c870e7\" data-element_type=\"widget\" data-e-type=\"widget\" data-widget_type=\"spacer.default\">\n\t\t\t\t<div class=\"elementor-widget-container\">\n\t\t\t\t\t\t\t<div class=\"elementor-spacer\">\n\t\t\t<div class=\"elementor-spacer-inner\"><\/div>\n\t\t<\/div>\n\t\t\t\t\t\t<\/div>\n\t\t\t\t<\/div>\n\t\t\t\t\t<\/div>\n\t\t<\/div>\n\t\t\t\t<div class=\"elementor-column elementor-col-50 elementor-top-column elementor-element elementor-element-b130607\" data-id=\"b130607\" data-element_type=\"column\" data-e-type=\"column\" data-settings=\"{&quot;background_background&quot;:&quot;classic&quot;}\">\n\t\t\t<div class=\"elementor-widget-wrap elementor-element-populated\">\n\t\t\t\t\t\t<div class=\"elementor-element elementor-element-e683650 elementor-widget__width-initial elementor-invisible elementor-widget elementor-widget-heading\" data-id=\"e683650\" data-element_type=\"widget\" data-e-type=\"widget\" data-settings=\"{&quot;_animation&quot;:&quot;zoomIn&quot;}\" data-widget_type=\"heading.default\">\n\t\t\t\t<div class=\"elementor-widget-container\">\n\t\t\t\t\t<h2 class=\"elementor-heading-title elementor-size-default\">AUTORIT\u00c9 INTERNATIONALE CONSOLID\u00c9E\nPAR LA PERFORMANCE DES TECHNOLOGIES<\/h2>\t\t\t\t<\/div>\n\t\t\t\t<\/div>\n\t\t\t\t<div class=\"elementor-element elementor-element-e8f9a98 elementor-widget elementor-widget-spacer\" data-id=\"e8f9a98\" data-element_type=\"widget\" data-e-type=\"widget\" data-widget_type=\"spacer.default\">\n\t\t\t\t<div class=\"elementor-widget-container\">\n\t\t\t\t\t\t\t<div class=\"elementor-spacer\">\n\t\t\t<div class=\"elementor-spacer-inner\"><\/div>\n\t\t<\/div>\n\t\t\t\t\t\t<\/div>\n\t\t\t\t<\/div>\n\t\t\t\t<div class=\"elementor-element elementor-element-906ed4a elementor-widget__width-initial elementor-invisible elementor-widget elementor-widget-text-editor\" data-id=\"906ed4a\" data-element_type=\"widget\" data-e-type=\"widget\" data-settings=\"{&quot;_animation&quot;:&quot;fadeInUp&quot;,&quot;_animation_delay&quot;:50}\" data-widget_type=\"text-editor.default\">\n\t\t\t\t<div class=\"elementor-widget-container\">\n\t\t\t\t\t\t\t\t\t<p>ISVE se positionne sur les march\u00e9s de r\u00e9f\u00e9rence comme un partenaire capable de r\u00e9aliser des technologies qui activent des processus de production vertueux: moins de d\u00e9chets et plus d&#8217;avantages \u00e9conomiques.<\/p>\t\t\t\t\t\t\t\t<\/div>\n\t\t\t\t<\/div>\n\t\t\t\t<div class=\"elementor-element elementor-element-9922a6f elementor-widget elementor-widget-spacer\" data-id=\"9922a6f\" data-element_type=\"widget\" data-e-type=\"widget\" data-widget_type=\"spacer.default\">\n\t\t\t\t<div class=\"elementor-widget-container\">\n\t\t\t\t\t\t\t<div class=\"elementor-spacer\">\n\t\t\t<div class=\"elementor-spacer-inner\"><\/div>\n\t\t<\/div>\n\t\t\t\t\t\t<\/div>\n\t\t\t\t<\/div>\n\t\t\t\t<div class=\"elementor-element elementor-element-7ad2738 elementor-widget__width-initial elementor-invisible elementor-widget elementor-widget-text-editor\" data-id=\"7ad2738\" data-element_type=\"widget\" data-e-type=\"widget\" data-settings=\"{&quot;_animation&quot;:&quot;fadeInUp&quot;,&quot;_animation_delay&quot;:100}\" data-widget_type=\"text-editor.default\">\n\t\t\t\t<div class=\"elementor-widget-container\">\n\t\t\t\t\t\t\t\t\t<p>Les syst\u00e8mes ISVE sont pr\u00e9f\u00e9r\u00e9s par de nombreuses soci\u00e9t\u00e9s importantes op\u00e9rant dans le monde entier dans le secteur du bois (production d&#8217;instruments de musique, fabriques de meubles, menuiserie, mobilier d&#8217;ext\u00e9rieur) et dans d&#8217;autres domaines de fabrication de pointe.<\/p><p>Ces entreprises sont unies par la demande de syst\u00e8mes capables de combiner hautes performances, fiabilit\u00e9 maximale et grande polyvalence.<\/p>\t\t\t\t\t\t\t\t<\/div>\n\t\t\t\t<\/div>\n\t\t\t\t\t<\/div>\n\t\t<\/div>\n\t\t\t\t\t<\/div>\n\t\t<\/section>\n\t\t\t\t<\/div>\n\t\t","protected":false},"excerpt":{"rendered":"<p>AUTORIT\u00c9 INTERNATIONALE CONSOLID\u00c9E PAR LA PERFORMANCE DES TECHNOLOGIES ISVE se positionne sur les march\u00e9s de r\u00e9f\u00e9rence comme un partenaire capable de r\u00e9aliser des technologies qui activent des processus de production vertueux: moins de d\u00e9chets et plus d&#8217;avantages \u00e9conomiques. Les syst\u00e8mes ISVE sont pr\u00e9f\u00e9r\u00e9s par de nombreuses soci\u00e9t\u00e9s importantes op\u00e9rant dans le monde entier dans le&hellip;<\/p>\n","protected":false},"author":1,"featured_media":28518,"parent":4699,"menu_order":20,"comment_status":"closed","ping_status":"closed","template":"","meta":{"_acf_changed":false,"footnotes":""},"tags":[3781],"impaginazione":[3686],"divisione":[3688],"categorie_modelli":[],"class_list":["post-16529","page","type-page","status-publish","has-post-thumbnail","hentry","tag-isve-group-pages-fr","impaginazione-pagina-larga","divisione-isve-group"],"acf":[],"yoast_head":"<!-- This site is optimized with the Yoast SEO plugin v27.4 - https:\/\/yoast.com\/product\/yoast-seo-wordpress\/ -->\n<title>Autorit\u00e9 internationale - ISVE SpA - Traitement du bois - Recyclage - Broyeurs Granulateurs<\/title>\n<meta name=\"robots\" content=\"index, follow, max-snippet:-1, max-image-preview:large, max-video-preview:-1\" \/>\n<link rel=\"canonical\" href=\"https:\/\/isve.com\/fr\/a-propos-de-nous\/autorite-internationale\/\" \/>\n<meta property=\"og:locale\" content=\"fr_FR\" \/>\n<meta property=\"og:type\" content=\"article\" \/>\n<meta property=\"og:title\" content=\"Autorit\u00e9 internationale - ISVE SpA - Traitement du bois - Recyclage - Broyeurs Granulateurs\" \/>\n<meta property=\"og:description\" content=\"AUTORIT\u00c9 INTERNATIONALE CONSOLID\u00c9E PAR LA PERFORMANCE DES TECHNOLOGIES ISVE se positionne sur les march\u00e9s de r\u00e9f\u00e9rence comme un partenaire capable de r\u00e9aliser des technologies qui activent des processus de production vertueux: moins de d\u00e9chets et plus d&#8217;avantages \u00e9conomiques. Les syst\u00e8mes ISVE sont pr\u00e9f\u00e9r\u00e9s par de nombreuses soci\u00e9t\u00e9s importantes op\u00e9rant dans le monde entier dans le&hellip;\" \/>\n<meta property=\"og:url\" content=\"https:\/\/isve.com\/fr\/a-propos-de-nous\/autorite-internationale\/\" \/>\n<meta property=\"og:site_name\" content=\"ISVE SpA - Traitement du bois - Recyclage - Broyeurs Granulateurs\" \/>\n<meta property=\"article:modified_time\" content=\"2026-02-18T12:20:44+00:00\" \/>\n<meta property=\"og:image\" content=\"https:\/\/isve.com\/wp-content\/uploads\/2020\/03\/autorevolezza_img.jpg\" \/>\n\t<meta property=\"og:image:width\" content=\"910\" \/>\n\t<meta property=\"og:image:height\" content=\"1080\" \/>\n\t<meta property=\"og:image:type\" content=\"image\/jpeg\" \/>\n<meta name=\"twitter:card\" content=\"summary_large_image\" \/>\n<meta name=\"twitter:label1\" content=\"Dur\u00e9e de lecture estim\u00e9e\" \/>\n\t<meta name=\"twitter:data1\" content=\"1 minute\" \/>\n<script type=\"application\/ld+json\" class=\"yoast-schema-graph\">{\"@context\":\"https:\\\/\\\/schema.org\",\"@graph\":[{\"@type\":\"WebPage\",\"@id\":\"https:\\\/\\\/isve.com\\\/fr\\\/a-propos-de-nous\\\/autorite-internationale\\\/\",\"url\":\"https:\\\/\\\/isve.com\\\/fr\\\/a-propos-de-nous\\\/autorite-internationale\\\/\",\"name\":\"Autorit\u00e9 internationale - ISVE SpA - Traitement du bois - Recyclage - Broyeurs Granulateurs\",\"isPartOf\":{\"@id\":\"https:\\\/\\\/isve.com\\\/fr\\\/#website\"},\"primaryImageOfPage\":{\"@id\":\"https:\\\/\\\/isve.com\\\/fr\\\/a-propos-de-nous\\\/autorite-internationale\\\/#primaryimage\"},\"image\":{\"@id\":\"https:\\\/\\\/isve.com\\\/fr\\\/a-propos-de-nous\\\/autorite-internationale\\\/#primaryimage\"},\"thumbnailUrl\":\"https:\\\/\\\/isve.com\\\/wp-content\\\/uploads\\\/2020\\\/03\\\/autorevolezza_img.jpg\",\"datePublished\":\"2020-03-26T10:24:24+00:00\",\"dateModified\":\"2026-02-18T12:20:44+00:00\",\"breadcrumb\":{\"@id\":\"https:\\\/\\\/isve.com\\\/fr\\\/a-propos-de-nous\\\/autorite-internationale\\\/#breadcrumb\"},\"inLanguage\":\"fr-FR\",\"potentialAction\":[{\"@type\":\"ReadAction\",\"target\":[\"https:\\\/\\\/isve.com\\\/fr\\\/a-propos-de-nous\\\/autorite-internationale\\\/\"]}]},{\"@type\":\"ImageObject\",\"inLanguage\":\"fr-FR\",\"@id\":\"https:\\\/\\\/isve.com\\\/fr\\\/a-propos-de-nous\\\/autorite-internationale\\\/#primaryimage\",\"url\":\"https:\\\/\\\/isve.com\\\/wp-content\\\/uploads\\\/2020\\\/03\\\/autorevolezza_img.jpg\",\"contentUrl\":\"https:\\\/\\\/isve.com\\\/wp-content\\\/uploads\\\/2020\\\/03\\\/autorevolezza_img.jpg\",\"width\":910,\"height\":1080},{\"@type\":\"BreadcrumbList\",\"@id\":\"https:\\\/\\\/isve.com\\\/fr\\\/a-propos-de-nous\\\/autorite-internationale\\\/#breadcrumb\",\"itemListElement\":[{\"@type\":\"ListItem\",\"position\":1,\"name\":\"Home\",\"item\":\"https:\\\/\\\/isve.com\\\/fr\\\/\"},{\"@type\":\"ListItem\",\"position\":2,\"name\":\"ISVE &#8211; A propos de nous\",\"item\":\"https:\\\/\\\/isve.com\\\/fr\\\/sobre-nosotros\\\/\"},{\"@type\":\"ListItem\",\"position\":3,\"name\":\"Autorit\u00e9 internationale\"}]},{\"@type\":\"WebSite\",\"@id\":\"https:\\\/\\\/isve.com\\\/fr\\\/#website\",\"url\":\"https:\\\/\\\/isve.com\\\/fr\\\/\",\"name\":\"ISVE S.p.A.\",\"description\":\"Syst\u00e8mes de traitement du bois et pour dechiquetage broyage granulation\",\"publisher\":{\"@id\":\"https:\\\/\\\/isve.com\\\/fr\\\/#organization\"},\"potentialAction\":[{\"@type\":\"SearchAction\",\"target\":{\"@type\":\"EntryPoint\",\"urlTemplate\":\"https:\\\/\\\/isve.com\\\/fr\\\/?s={search_term_string}\"},\"query-input\":{\"@type\":\"PropertyValueSpecification\",\"valueRequired\":true,\"valueName\":\"search_term_string\"}}],\"inLanguage\":\"fr-FR\"},{\"@type\":\"Organization\",\"@id\":\"https:\\\/\\\/isve.com\\\/fr\\\/#organization\",\"name\":\"ISVE S.p.A.\",\"url\":\"https:\\\/\\\/isve.com\\\/fr\\\/\",\"logo\":{\"@type\":\"ImageObject\",\"inLanguage\":\"fr-FR\",\"@id\":\"https:\\\/\\\/isve.com\\\/fr\\\/#\\\/schema\\\/logo\\\/image\\\/\",\"url\":\"https:\\\/\\\/isve.com\\\/wp-content\\\/uploads\\\/2026\\\/01\\\/logo-isve-spa.png\",\"contentUrl\":\"https:\\\/\\\/isve.com\\\/wp-content\\\/uploads\\\/2026\\\/01\\\/logo-isve-spa.png\",\"width\":600,\"height\":173,\"caption\":\"ISVE S.p.A.\"},\"image\":{\"@id\":\"https:\\\/\\\/isve.com\\\/fr\\\/#\\\/schema\\\/logo\\\/image\\\/\"},\"sameAs\":[\"https:\\\/\\\/www.linkedin.com\\\/company\\\/69445471\",\"https:\\\/\\\/www.youtube.com\\\/@isves.p.a.8894\"]}]}<\/script>\n<!-- \/ Yoast SEO plugin. -->","yoast_head_json":{"title":"Autorit\u00e9 internationale - ISVE SpA - Traitement du bois - Recyclage - Broyeurs Granulateurs","robots":{"index":"index","follow":"follow","max-snippet":"max-snippet:-1","max-image-preview":"max-image-preview:large","max-video-preview":"max-video-preview:-1"},"canonical":"https:\/\/isve.com\/fr\/a-propos-de-nous\/autorite-internationale\/","og_locale":"fr_FR","og_type":"article","og_title":"Autorit\u00e9 internationale - ISVE SpA - Traitement du bois - Recyclage - Broyeurs Granulateurs","og_description":"AUTORIT\u00c9 INTERNATIONALE CONSOLID\u00c9E PAR LA PERFORMANCE DES TECHNOLOGIES ISVE se positionne sur les march\u00e9s de r\u00e9f\u00e9rence comme un partenaire capable de r\u00e9aliser des technologies qui activent des processus de production vertueux: moins de d\u00e9chets et plus d&#8217;avantages \u00e9conomiques. Les syst\u00e8mes ISVE sont pr\u00e9f\u00e9r\u00e9s par de nombreuses soci\u00e9t\u00e9s importantes op\u00e9rant dans le monde entier dans le&hellip;","og_url":"https:\/\/isve.com\/fr\/a-propos-de-nous\/autorite-internationale\/","og_site_name":"ISVE SpA - Traitement du bois - Recyclage - Broyeurs Granulateurs","article_modified_time":"2026-02-18T12:20:44+00:00","og_image":[{"width":910,"height":1080,"url":"https:\/\/isve.com\/wp-content\/uploads\/2020\/03\/autorevolezza_img.jpg","type":"image\/jpeg"}],"twitter_card":"summary_large_image","twitter_misc":{"Dur\u00e9e de lecture estim\u00e9e":"1 minute"},"schema":{"@context":"https:\/\/schema.org","@graph":[{"@type":"WebPage","@id":"https:\/\/isve.com\/fr\/a-propos-de-nous\/autorite-internationale\/","url":"https:\/\/isve.com\/fr\/a-propos-de-nous\/autorite-internationale\/","name":"Autorit\u00e9 internationale - ISVE SpA - Traitement du bois - Recyclage - Broyeurs Granulateurs","isPartOf":{"@id":"https:\/\/isve.com\/fr\/#website"},"primaryImageOfPage":{"@id":"https:\/\/isve.com\/fr\/a-propos-de-nous\/autorite-internationale\/#primaryimage"},"image":{"@id":"https:\/\/isve.com\/fr\/a-propos-de-nous\/autorite-internationale\/#primaryimage"},"thumbnailUrl":"https:\/\/isve.com\/wp-content\/uploads\/2020\/03\/autorevolezza_img.jpg","datePublished":"2020-03-26T10:24:24+00:00","dateModified":"2026-02-18T12:20:44+00:00","breadcrumb":{"@id":"https:\/\/isve.com\/fr\/a-propos-de-nous\/autorite-internationale\/#breadcrumb"},"inLanguage":"fr-FR","potentialAction":[{"@type":"ReadAction","target":["https:\/\/isve.com\/fr\/a-propos-de-nous\/autorite-internationale\/"]}]},{"@type":"ImageObject","inLanguage":"fr-FR","@id":"https:\/\/isve.com\/fr\/a-propos-de-nous\/autorite-internationale\/#primaryimage","url":"https:\/\/isve.com\/wp-content\/uploads\/2020\/03\/autorevolezza_img.jpg","contentUrl":"https:\/\/isve.com\/wp-content\/uploads\/2020\/03\/autorevolezza_img.jpg","width":910,"height":1080},{"@type":"BreadcrumbList","@id":"https:\/\/isve.com\/fr\/a-propos-de-nous\/autorite-internationale\/#breadcrumb","itemListElement":[{"@type":"ListItem","position":1,"name":"Home","item":"https:\/\/isve.com\/fr\/"},{"@type":"ListItem","position":2,"name":"ISVE &#8211; A propos de nous","item":"https:\/\/isve.com\/fr\/sobre-nosotros\/"},{"@type":"ListItem","position":3,"name":"Autorit\u00e9 internationale"}]},{"@type":"WebSite","@id":"https:\/\/isve.com\/fr\/#website","url":"https:\/\/isve.com\/fr\/","name":"ISVE S.p.A.","description":"Syst\u00e8mes de traitement du bois et pour dechiquetage broyage granulation","publisher":{"@id":"https:\/\/isve.com\/fr\/#organization"},"potentialAction":[{"@type":"SearchAction","target":{"@type":"EntryPoint","urlTemplate":"https:\/\/isve.com\/fr\/?s={search_term_string}"},"query-input":{"@type":"PropertyValueSpecification","valueRequired":true,"valueName":"search_term_string"}}],"inLanguage":"fr-FR"},{"@type":"Organization","@id":"https:\/\/isve.com\/fr\/#organization","name":"ISVE S.p.A.","url":"https:\/\/isve.com\/fr\/","logo":{"@type":"ImageObject","inLanguage":"fr-FR","@id":"https:\/\/isve.com\/fr\/#\/schema\/logo\/image\/","url":"https:\/\/isve.com\/wp-content\/uploads\/2026\/01\/logo-isve-spa.png","contentUrl":"https:\/\/isve.com\/wp-content\/uploads\/2026\/01\/logo-isve-spa.png","width":600,"height":173,"caption":"ISVE S.p.A."},"image":{"@id":"https:\/\/isve.com\/fr\/#\/schema\/logo\/image\/"},"sameAs":["https:\/\/www.linkedin.com\/company\/69445471","https:\/\/www.youtube.com\/@isves.p.a.8894"]}]}},"_links":{"self":[{"href":"https:\/\/isve.com\/fr\/wp-json\/wp\/v2\/pages\/16529","targetHints":{"allow":["GET"]}}],"collection":[{"href":"https:\/\/isve.com\/fr\/wp-json\/wp\/v2\/pages"}],"about":[{"href":"https:\/\/isve.com\/fr\/wp-json\/wp\/v2\/types\/page"}],"author":[{"embeddable":true,"href":"https:\/\/isve.com\/fr\/wp-json\/wp\/v2\/users\/1"}],"replies":[{"embeddable":true,"href":"https:\/\/isve.com\/fr\/wp-json\/wp\/v2\/comments?post=16529"}],"version-history":[{"count":3,"href":"https:\/\/isve.com\/fr\/wp-json\/wp\/v2\/pages\/16529\/revisions"}],"predecessor-version":[{"id":28772,"href":"https:\/\/isve.com\/fr\/wp-json\/wp\/v2\/pages\/16529\/revisions\/28772"}],"up":[{"embeddable":true,"href":"https:\/\/isve.com\/fr\/wp-json\/wp\/v2\/pages\/4699"}],"wp:featuredmedia":[{"embeddable":true,"href":"https:\/\/isve.com\/fr\/wp-json\/wp\/v2\/media\/28518"}],"wp:attachment":[{"href":"https:\/\/isve.com\/fr\/wp-json\/wp\/v2\/media?parent=16529"}],"wp:term":[{"taxonomy":"post_tag","embeddable":true,"href":"https:\/\/isve.com\/fr\/wp-json\/wp\/v2\/tags?post=16529"},{"taxonomy":"impaginazione","embeddable":true,"href":"https:\/\/isve.com\/fr\/wp-json\/wp\/v2\/impaginazione?post=16529"},{"taxonomy":"divisione","embeddable":true,"href":"https:\/\/isve.com\/fr\/wp-json\/wp\/v2\/divisione?post=16529"},{"taxonomy":"categorie_modelli","embeddable":true,"href":"https:\/\/isve.com\/fr\/wp-json\/wp\/v2\/categorie_modelli?post=16529"}],"curies":[{"name":"wp","href":"https:\/\/api.w.org\/{rel}","templated":true}]}}