{"id":16526,"date":"2020-03-25T17:17:31","date_gmt":"2020-03-25T16:17:31","guid":{"rendered":"https:\/\/isve.com\/a-propos-de-nous\/experience-et-specialisation\/"},"modified":"2026-02-18T13:06:19","modified_gmt":"2026-02-18T12:06:19","slug":"experience-et-specialisation","status":"publish","type":"page","link":"https:\/\/isve.com\/fr\/a-propos-de-nous\/experience-et-specialisation\/","title":{"rendered":"Exp\u00e9rience et sp\u00e9cialisation"},"content":{"rendered":"\t\t<div data-elementor-type=\"wp-page\" data-elementor-id=\"16526\" class=\"elementor elementor-16526 elementor-16497\" data-elementor-post-type=\"page\">\n\t\t\t\t\t\t<section class=\"elementor-section elementor-top-section elementor-element elementor-element-1a542c6 elementor-section-full_width elementor-section-height-default elementor-section-height-default\" data-id=\"1a542c6\" data-element_type=\"section\" data-e-type=\"section\">\n\t\t\t\t\t\t<div class=\"elementor-container elementor-column-gap-wider\">\n\t\t\t\t\t<div class=\"elementor-column elementor-col-50 elementor-top-column elementor-element elementor-element-7dba3b6 elementor-invisible\" data-id=\"7dba3b6\" data-element_type=\"column\" data-e-type=\"column\" data-settings=\"{&quot;background_background&quot;:&quot;classic&quot;,&quot;animation&quot;:&quot;fadeInLeft&quot;}\">\n\t\t\t<div class=\"elementor-widget-wrap elementor-element-populated\">\n\t\t\t\t\t\t<div class=\"elementor-element elementor-element-03cd021 elementor-widget elementor-widget-spacer\" data-id=\"03cd021\" data-element_type=\"widget\" data-e-type=\"widget\" data-widget_type=\"spacer.default\">\n\t\t\t\t<div class=\"elementor-widget-container\">\n\t\t\t\t\t\t\t<div class=\"elementor-spacer\">\n\t\t\t<div class=\"elementor-spacer-inner\"><\/div>\n\t\t<\/div>\n\t\t\t\t\t\t<\/div>\n\t\t\t\t<\/div>\n\t\t\t\t\t<\/div>\n\t\t<\/div>\n\t\t\t\t<div class=\"elementor-column elementor-col-50 elementor-top-column elementor-element elementor-element-d7bab6c\" data-id=\"d7bab6c\" data-element_type=\"column\" data-e-type=\"column\" data-settings=\"{&quot;background_background&quot;:&quot;classic&quot;}\">\n\t\t\t<div class=\"elementor-widget-wrap elementor-element-populated\">\n\t\t\t\t\t\t<div class=\"elementor-element elementor-element-2e5cb5a elementor-widget__width-initial elementor-invisible elementor-widget elementor-widget-heading\" data-id=\"2e5cb5a\" data-element_type=\"widget\" data-e-type=\"widget\" data-settings=\"{&quot;_animation&quot;:&quot;zoomIn&quot;}\" data-widget_type=\"heading.default\">\n\t\t\t\t<div class=\"elementor-widget-container\">\n\t\t\t\t\t<h2 class=\"elementor-heading-title elementor-size-default\">EXP\u00c9RIENCE ET SP\u00c9CIALISATION POUR OFFRIR DES SOLUTIONS HAUTE PERFORMANCE<\/h2>\t\t\t\t<\/div>\n\t\t\t\t<\/div>\n\t\t\t\t<div class=\"elementor-element elementor-element-bb645d3 elementor-widget elementor-widget-spacer\" data-id=\"bb645d3\" data-element_type=\"widget\" data-e-type=\"widget\" data-widget_type=\"spacer.default\">\n\t\t\t\t<div class=\"elementor-widget-container\">\n\t\t\t\t\t\t\t<div class=\"elementor-spacer\">\n\t\t\t<div class=\"elementor-spacer-inner\"><\/div>\n\t\t<\/div>\n\t\t\t\t\t\t<\/div>\n\t\t\t\t<\/div>\n\t\t\t\t<div class=\"elementor-element elementor-element-e2b19e1 elementor-widget__width-initial elementor-invisible elementor-widget elementor-widget-text-editor\" data-id=\"e2b19e1\" data-element_type=\"widget\" data-e-type=\"widget\" data-settings=\"{&quot;_animation&quot;:&quot;fadeInUp&quot;,&quot;_animation_delay&quot;:100}\" data-widget_type=\"text-editor.default\">\n\t\t\t\t<div class=\"elementor-widget-container\">\n\t\t\t\t\t\t\t\t\t<p>L&#8217;innovation technologique et la recherche de l&#8217;excellence sont les cl\u00e9s de la croissance significative d&#8217;ISVE sur les march\u00e9s internationaux.<\/p><p>L&#8217;entreprise, fond\u00e9e en 1977, a su gagner en autorit\u00e9 et en consensus en se tournant fortement vers des secteurs dynamiques comme le bois et le recyclage.<\/p><p>Notre engagement et celui de toute l&#8217;\u00e9quipe de nos collaborateurs et collaborateurs, a toujours \u00e9t\u00e9 de proposer au march\u00e9 des solutions fiables et personnalis\u00e9es.<\/p><p>Technologies caract\u00e9ris\u00e9es par la capacit\u00e9 de combiner des niveaux d&#8217;efficacit\u00e9 tr\u00e8s \u00e9lev\u00e9s avec une sensibilit\u00e9 environnementale concr\u00e8te.<\/p>\t\t\t\t\t\t\t\t<\/div>\n\t\t\t\t<\/div>\n\t\t\t\t\t<\/div>\n\t\t<\/div>\n\t\t\t\t\t<\/div>\n\t\t<\/section>\n\t\t\t\t<\/div>\n\t\t","protected":false},"excerpt":{"rendered":"<p>EXP\u00c9RIENCE ET SP\u00c9CIALISATION POUR OFFRIR DES SOLUTIONS HAUTE PERFORMANCE L&#8217;innovation technologique et la recherche de l&#8217;excellence sont les cl\u00e9s de la croissance significative d&#8217;ISVE sur les march\u00e9s internationaux. L&#8217;entreprise, fond\u00e9e en 1977, a su gagner en autorit\u00e9 et en consensus en se tournant fortement vers des secteurs dynamiques comme le bois et le recyclage. Notre&hellip;<\/p>\n","protected":false},"author":1,"featured_media":28500,"parent":4699,"menu_order":7,"comment_status":"closed","ping_status":"closed","template":"","meta":{"_acf_changed":false,"footnotes":""},"tags":[3781],"impaginazione":[3686],"divisione":[3688],"categorie_modelli":[],"class_list":["post-16526","page","type-page","status-publish","has-post-thumbnail","hentry","tag-isve-group-pages-fr","impaginazione-pagina-larga","divisione-isve-group"],"acf":[],"yoast_head":"<!-- This site is optimized with the Yoast SEO plugin v27.4 - https:\/\/yoast.com\/product\/yoast-seo-wordpress\/ -->\n<title>Exp\u00e9rience et sp\u00e9cialisation - ISVE SpA - Traitement du bois - Recyclage - Broyeurs Granulateurs<\/title>\n<meta name=\"robots\" content=\"index, follow, max-snippet:-1, max-image-preview:large, max-video-preview:-1\" \/>\n<link rel=\"canonical\" href=\"https:\/\/isve.com\/fr\/a-propos-de-nous\/experience-et-specialisation\/\" \/>\n<meta property=\"og:locale\" content=\"fr_FR\" \/>\n<meta property=\"og:type\" content=\"article\" \/>\n<meta property=\"og:title\" content=\"Exp\u00e9rience et sp\u00e9cialisation - ISVE SpA - Traitement du bois - Recyclage - Broyeurs Granulateurs\" \/>\n<meta property=\"og:description\" content=\"EXP\u00c9RIENCE ET SP\u00c9CIALISATION POUR OFFRIR DES SOLUTIONS HAUTE PERFORMANCE L&#8217;innovation technologique et la recherche de l&#8217;excellence sont les cl\u00e9s de la croissance significative d&#8217;ISVE sur les march\u00e9s internationaux. L&#8217;entreprise, fond\u00e9e en 1977, a su gagner en autorit\u00e9 et en consensus en se tournant fortement vers des secteurs dynamiques comme le bois et le recyclage. Notre&hellip;\" \/>\n<meta property=\"og:url\" content=\"https:\/\/isve.com\/fr\/a-propos-de-nous\/experience-et-specialisation\/\" \/>\n<meta property=\"og:site_name\" content=\"ISVE SpA - Traitement du bois - Recyclage - Broyeurs Granulateurs\" \/>\n<meta property=\"article:modified_time\" content=\"2026-02-18T12:06:19+00:00\" \/>\n<meta property=\"og:image\" content=\"https:\/\/isve.com\/wp-content\/uploads\/2020\/03\/esperienza_img.jpg\" \/>\n\t<meta property=\"og:image:width\" content=\"909\" \/>\n\t<meta property=\"og:image:height\" content=\"1080\" \/>\n\t<meta property=\"og:image:type\" content=\"image\/jpeg\" \/>\n<meta name=\"twitter:card\" content=\"summary_large_image\" \/>\n<meta name=\"twitter:label1\" content=\"Dur\u00e9e de lecture estim\u00e9e\" \/>\n\t<meta name=\"twitter:data1\" content=\"1 minute\" \/>\n<script type=\"application\/ld+json\" class=\"yoast-schema-graph\">{\"@context\":\"https:\\\/\\\/schema.org\",\"@graph\":[{\"@type\":\"WebPage\",\"@id\":\"https:\\\/\\\/isve.com\\\/fr\\\/a-propos-de-nous\\\/experience-et-specialisation\\\/\",\"url\":\"https:\\\/\\\/isve.com\\\/fr\\\/a-propos-de-nous\\\/experience-et-specialisation\\\/\",\"name\":\"Exp\u00e9rience et sp\u00e9cialisation - ISVE SpA - Traitement du bois - Recyclage - Broyeurs Granulateurs\",\"isPartOf\":{\"@id\":\"https:\\\/\\\/isve.com\\\/fr\\\/#website\"},\"primaryImageOfPage\":{\"@id\":\"https:\\\/\\\/isve.com\\\/fr\\\/a-propos-de-nous\\\/experience-et-specialisation\\\/#primaryimage\"},\"image\":{\"@id\":\"https:\\\/\\\/isve.com\\\/fr\\\/a-propos-de-nous\\\/experience-et-specialisation\\\/#primaryimage\"},\"thumbnailUrl\":\"https:\\\/\\\/isve.com\\\/wp-content\\\/uploads\\\/2020\\\/03\\\/esperienza_img.jpg\",\"datePublished\":\"2020-03-25T16:17:31+00:00\",\"dateModified\":\"2026-02-18T12:06:19+00:00\",\"breadcrumb\":{\"@id\":\"https:\\\/\\\/isve.com\\\/fr\\\/a-propos-de-nous\\\/experience-et-specialisation\\\/#breadcrumb\"},\"inLanguage\":\"fr-FR\",\"potentialAction\":[{\"@type\":\"ReadAction\",\"target\":[\"https:\\\/\\\/isve.com\\\/fr\\\/a-propos-de-nous\\\/experience-et-specialisation\\\/\"]}]},{\"@type\":\"ImageObject\",\"inLanguage\":\"fr-FR\",\"@id\":\"https:\\\/\\\/isve.com\\\/fr\\\/a-propos-de-nous\\\/experience-et-specialisation\\\/#primaryimage\",\"url\":\"https:\\\/\\\/isve.com\\\/wp-content\\\/uploads\\\/2020\\\/03\\\/esperienza_img.jpg\",\"contentUrl\":\"https:\\\/\\\/isve.com\\\/wp-content\\\/uploads\\\/2020\\\/03\\\/esperienza_img.jpg\",\"width\":909,\"height\":1080},{\"@type\":\"BreadcrumbList\",\"@id\":\"https:\\\/\\\/isve.com\\\/fr\\\/a-propos-de-nous\\\/experience-et-specialisation\\\/#breadcrumb\",\"itemListElement\":[{\"@type\":\"ListItem\",\"position\":1,\"name\":\"Home\",\"item\":\"https:\\\/\\\/isve.com\\\/fr\\\/\"},{\"@type\":\"ListItem\",\"position\":2,\"name\":\"ISVE &#8211; A propos de nous\",\"item\":\"https:\\\/\\\/isve.com\\\/fr\\\/sobre-nosotros\\\/\"},{\"@type\":\"ListItem\",\"position\":3,\"name\":\"Exp\u00e9rience et sp\u00e9cialisation\"}]},{\"@type\":\"WebSite\",\"@id\":\"https:\\\/\\\/isve.com\\\/fr\\\/#website\",\"url\":\"https:\\\/\\\/isve.com\\\/fr\\\/\",\"name\":\"ISVE S.p.A.\",\"description\":\"Syst\u00e8mes de traitement du bois et pour dechiquetage broyage granulation\",\"publisher\":{\"@id\":\"https:\\\/\\\/isve.com\\\/fr\\\/#organization\"},\"potentialAction\":[{\"@type\":\"SearchAction\",\"target\":{\"@type\":\"EntryPoint\",\"urlTemplate\":\"https:\\\/\\\/isve.com\\\/fr\\\/?s={search_term_string}\"},\"query-input\":{\"@type\":\"PropertyValueSpecification\",\"valueRequired\":true,\"valueName\":\"search_term_string\"}}],\"inLanguage\":\"fr-FR\"},{\"@type\":\"Organization\",\"@id\":\"https:\\\/\\\/isve.com\\\/fr\\\/#organization\",\"name\":\"ISVE S.p.A.\",\"url\":\"https:\\\/\\\/isve.com\\\/fr\\\/\",\"logo\":{\"@type\":\"ImageObject\",\"inLanguage\":\"fr-FR\",\"@id\":\"https:\\\/\\\/isve.com\\\/fr\\\/#\\\/schema\\\/logo\\\/image\\\/\",\"url\":\"https:\\\/\\\/isve.com\\\/wp-content\\\/uploads\\\/2026\\\/01\\\/logo-isve-spa.png\",\"contentUrl\":\"https:\\\/\\\/isve.com\\\/wp-content\\\/uploads\\\/2026\\\/01\\\/logo-isve-spa.png\",\"width\":600,\"height\":173,\"caption\":\"ISVE S.p.A.\"},\"image\":{\"@id\":\"https:\\\/\\\/isve.com\\\/fr\\\/#\\\/schema\\\/logo\\\/image\\\/\"},\"sameAs\":[\"https:\\\/\\\/www.linkedin.com\\\/company\\\/69445471\",\"https:\\\/\\\/www.youtube.com\\\/@isves.p.a.8894\"]}]}<\/script>\n<!-- \/ Yoast SEO plugin. -->","yoast_head_json":{"title":"Exp\u00e9rience et sp\u00e9cialisation - ISVE SpA - Traitement du bois - Recyclage - Broyeurs Granulateurs","robots":{"index":"index","follow":"follow","max-snippet":"max-snippet:-1","max-image-preview":"max-image-preview:large","max-video-preview":"max-video-preview:-1"},"canonical":"https:\/\/isve.com\/fr\/a-propos-de-nous\/experience-et-specialisation\/","og_locale":"fr_FR","og_type":"article","og_title":"Exp\u00e9rience et sp\u00e9cialisation - ISVE SpA - Traitement du bois - Recyclage - Broyeurs Granulateurs","og_description":"EXP\u00c9RIENCE ET SP\u00c9CIALISATION POUR OFFRIR DES SOLUTIONS HAUTE PERFORMANCE L&#8217;innovation technologique et la recherche de l&#8217;excellence sont les cl\u00e9s de la croissance significative d&#8217;ISVE sur les march\u00e9s internationaux. L&#8217;entreprise, fond\u00e9e en 1977, a su gagner en autorit\u00e9 et en consensus en se tournant fortement vers des secteurs dynamiques comme le bois et le recyclage. Notre&hellip;","og_url":"https:\/\/isve.com\/fr\/a-propos-de-nous\/experience-et-specialisation\/","og_site_name":"ISVE SpA - Traitement du bois - Recyclage - Broyeurs Granulateurs","article_modified_time":"2026-02-18T12:06:19+00:00","og_image":[{"width":909,"height":1080,"url":"https:\/\/isve.com\/wp-content\/uploads\/2020\/03\/esperienza_img.jpg","type":"image\/jpeg"}],"twitter_card":"summary_large_image","twitter_misc":{"Dur\u00e9e de lecture estim\u00e9e":"1 minute"},"schema":{"@context":"https:\/\/schema.org","@graph":[{"@type":"WebPage","@id":"https:\/\/isve.com\/fr\/a-propos-de-nous\/experience-et-specialisation\/","url":"https:\/\/isve.com\/fr\/a-propos-de-nous\/experience-et-specialisation\/","name":"Exp\u00e9rience et sp\u00e9cialisation - ISVE SpA - Traitement du bois - Recyclage - Broyeurs Granulateurs","isPartOf":{"@id":"https:\/\/isve.com\/fr\/#website"},"primaryImageOfPage":{"@id":"https:\/\/isve.com\/fr\/a-propos-de-nous\/experience-et-specialisation\/#primaryimage"},"image":{"@id":"https:\/\/isve.com\/fr\/a-propos-de-nous\/experience-et-specialisation\/#primaryimage"},"thumbnailUrl":"https:\/\/isve.com\/wp-content\/uploads\/2020\/03\/esperienza_img.jpg","datePublished":"2020-03-25T16:17:31+00:00","dateModified":"2026-02-18T12:06:19+00:00","breadcrumb":{"@id":"https:\/\/isve.com\/fr\/a-propos-de-nous\/experience-et-specialisation\/#breadcrumb"},"inLanguage":"fr-FR","potentialAction":[{"@type":"ReadAction","target":["https:\/\/isve.com\/fr\/a-propos-de-nous\/experience-et-specialisation\/"]}]},{"@type":"ImageObject","inLanguage":"fr-FR","@id":"https:\/\/isve.com\/fr\/a-propos-de-nous\/experience-et-specialisation\/#primaryimage","url":"https:\/\/isve.com\/wp-content\/uploads\/2020\/03\/esperienza_img.jpg","contentUrl":"https:\/\/isve.com\/wp-content\/uploads\/2020\/03\/esperienza_img.jpg","width":909,"height":1080},{"@type":"BreadcrumbList","@id":"https:\/\/isve.com\/fr\/a-propos-de-nous\/experience-et-specialisation\/#breadcrumb","itemListElement":[{"@type":"ListItem","position":1,"name":"Home","item":"https:\/\/isve.com\/fr\/"},{"@type":"ListItem","position":2,"name":"ISVE &#8211; A propos de nous","item":"https:\/\/isve.com\/fr\/sobre-nosotros\/"},{"@type":"ListItem","position":3,"name":"Exp\u00e9rience et sp\u00e9cialisation"}]},{"@type":"WebSite","@id":"https:\/\/isve.com\/fr\/#website","url":"https:\/\/isve.com\/fr\/","name":"ISVE S.p.A.","description":"Syst\u00e8mes de traitement du bois et pour dechiquetage broyage granulation","publisher":{"@id":"https:\/\/isve.com\/fr\/#organization"},"potentialAction":[{"@type":"SearchAction","target":{"@type":"EntryPoint","urlTemplate":"https:\/\/isve.com\/fr\/?s={search_term_string}"},"query-input":{"@type":"PropertyValueSpecification","valueRequired":true,"valueName":"search_term_string"}}],"inLanguage":"fr-FR"},{"@type":"Organization","@id":"https:\/\/isve.com\/fr\/#organization","name":"ISVE S.p.A.","url":"https:\/\/isve.com\/fr\/","logo":{"@type":"ImageObject","inLanguage":"fr-FR","@id":"https:\/\/isve.com\/fr\/#\/schema\/logo\/image\/","url":"https:\/\/isve.com\/wp-content\/uploads\/2026\/01\/logo-isve-spa.png","contentUrl":"https:\/\/isve.com\/wp-content\/uploads\/2026\/01\/logo-isve-spa.png","width":600,"height":173,"caption":"ISVE S.p.A."},"image":{"@id":"https:\/\/isve.com\/fr\/#\/schema\/logo\/image\/"},"sameAs":["https:\/\/www.linkedin.com\/company\/69445471","https:\/\/www.youtube.com\/@isves.p.a.8894"]}]}},"_links":{"self":[{"href":"https:\/\/isve.com\/fr\/wp-json\/wp\/v2\/pages\/16526","targetHints":{"allow":["GET"]}}],"collection":[{"href":"https:\/\/isve.com\/fr\/wp-json\/wp\/v2\/pages"}],"about":[{"href":"https:\/\/isve.com\/fr\/wp-json\/wp\/v2\/types\/page"}],"author":[{"embeddable":true,"href":"https:\/\/isve.com\/fr\/wp-json\/wp\/v2\/users\/1"}],"replies":[{"embeddable":true,"href":"https:\/\/isve.com\/fr\/wp-json\/wp\/v2\/comments?post=16526"}],"version-history":[{"count":3,"href":"https:\/\/isve.com\/fr\/wp-json\/wp\/v2\/pages\/16526\/revisions"}],"predecessor-version":[{"id":28742,"href":"https:\/\/isve.com\/fr\/wp-json\/wp\/v2\/pages\/16526\/revisions\/28742"}],"up":[{"embeddable":true,"href":"https:\/\/isve.com\/fr\/wp-json\/wp\/v2\/pages\/4699"}],"wp:featuredmedia":[{"embeddable":true,"href":"https:\/\/isve.com\/fr\/wp-json\/wp\/v2\/media\/28500"}],"wp:attachment":[{"href":"https:\/\/isve.com\/fr\/wp-json\/wp\/v2\/media?parent=16526"}],"wp:term":[{"taxonomy":"post_tag","embeddable":true,"href":"https:\/\/isve.com\/fr\/wp-json\/wp\/v2\/tags?post=16526"},{"taxonomy":"impaginazione","embeddable":true,"href":"https:\/\/isve.com\/fr\/wp-json\/wp\/v2\/impaginazione?post=16526"},{"taxonomy":"divisione","embeddable":true,"href":"https:\/\/isve.com\/fr\/wp-json\/wp\/v2\/divisione?post=16526"},{"taxonomy":"categorie_modelli","embeddable":true,"href":"https:\/\/isve.com\/fr\/wp-json\/wp\/v2\/categorie_modelli?post=16526"}],"curies":[{"name":"wp","href":"https:\/\/api.w.org\/{rel}","templated":true}]}}