{"id":16523,"date":"2020-03-26T17:29:00","date_gmt":"2020-03-26T16:29:00","guid":{"rendered":"https:\/\/isve.com\/a-propos-de-nous\/engagement-envers-linnovation\/"},"modified":"2026-02-18T13:23:26","modified_gmt":"2026-02-18T12:23:26","slug":"engagement-envers-linnovation","status":"publish","type":"page","link":"https:\/\/isve.com\/fr\/a-propos-de-nous\/engagement-envers-linnovation\/","title":{"rendered":"Engagement envers l&#8217;innovation"},"content":{"rendered":"\t\t<div data-elementor-type=\"wp-page\" data-elementor-id=\"16523\" class=\"elementor elementor-16523 elementor-16501\" data-elementor-post-type=\"page\">\n\t\t\t\t\t\t<section class=\"elementor-section elementor-top-section elementor-element elementor-element-fb29655 elementor-section-full_width elementor-section-height-default elementor-section-height-default\" data-id=\"fb29655\" data-element_type=\"section\" data-e-type=\"section\">\n\t\t\t\t\t\t<div class=\"elementor-container elementor-column-gap-wider\">\n\t\t\t\t\t<div class=\"elementor-column elementor-col-50 elementor-top-column elementor-element elementor-element-b77b10b elementor-invisible\" data-id=\"b77b10b\" data-element_type=\"column\" data-e-type=\"column\" data-settings=\"{&quot;background_background&quot;:&quot;classic&quot;,&quot;animation&quot;:&quot;fadeInLeft&quot;}\">\n\t\t\t<div class=\"elementor-widget-wrap elementor-element-populated\">\n\t\t\t\t\t\t<div class=\"elementor-element elementor-element-9fd6c47 elementor-widget elementor-widget-spacer\" data-id=\"9fd6c47\" data-element_type=\"widget\" data-e-type=\"widget\" data-widget_type=\"spacer.default\">\n\t\t\t\t<div class=\"elementor-widget-container\">\n\t\t\t\t\t\t\t<div class=\"elementor-spacer\">\n\t\t\t<div class=\"elementor-spacer-inner\"><\/div>\n\t\t<\/div>\n\t\t\t\t\t\t<\/div>\n\t\t\t\t<\/div>\n\t\t\t\t\t<\/div>\n\t\t<\/div>\n\t\t\t\t<div class=\"elementor-column elementor-col-50 elementor-top-column elementor-element elementor-element-4810b55\" data-id=\"4810b55\" data-element_type=\"column\" data-e-type=\"column\" data-settings=\"{&quot;background_background&quot;:&quot;classic&quot;}\">\n\t\t\t<div class=\"elementor-widget-wrap elementor-element-populated\">\n\t\t\t\t\t\t<div class=\"elementor-element elementor-element-e6912c5 elementor-widget__width-initial elementor-invisible elementor-widget elementor-widget-heading\" data-id=\"e6912c5\" data-element_type=\"widget\" data-e-type=\"widget\" data-settings=\"{&quot;_animation&quot;:&quot;zoomIn&quot;}\" data-widget_type=\"heading.default\">\n\t\t\t\t<div class=\"elementor-widget-container\">\n\t\t\t\t\t<h2 class=\"elementor-heading-title elementor-size-default\">UNE CONSTANTE ENGAGEMENT POUR INNOVATION<\/h2>\t\t\t\t<\/div>\n\t\t\t\t<\/div>\n\t\t\t\t<div class=\"elementor-element elementor-element-441fc95 elementor-widget elementor-widget-spacer\" data-id=\"441fc95\" data-element_type=\"widget\" data-e-type=\"widget\" data-widget_type=\"spacer.default\">\n\t\t\t\t<div class=\"elementor-widget-container\">\n\t\t\t\t\t\t\t<div class=\"elementor-spacer\">\n\t\t\t<div class=\"elementor-spacer-inner\"><\/div>\n\t\t<\/div>\n\t\t\t\t\t\t<\/div>\n\t\t\t\t<\/div>\n\t\t\t\t<div class=\"elementor-element elementor-element-4adc27a elementor-widget__width-initial elementor-invisible elementor-widget elementor-widget-text-editor\" data-id=\"4adc27a\" data-element_type=\"widget\" data-e-type=\"widget\" data-settings=\"{&quot;_animation&quot;:&quot;fadeInUp&quot;,&quot;_animation_delay&quot;:100}\" data-widget_type=\"text-editor.default\">\n\t\t\t\t<div class=\"elementor-widget-container\">\n\t\t\t\t\t\t\t\t\t<p>Le d\u00e9veloppement de nouvelles solutions technologiques a conduit ISVE \u00e0 utiliser des syst\u00e8mes informatiques capables de configurer des configurations personnalis\u00e9es.<\/p><p>Les exp\u00e9riences des usines install\u00e9es dans diff\u00e9rentes parties du monde sont le meilleur t\u00e9moignage de la fa\u00e7on dont ISVE investit constamment pour rester au sommet du secteur.<\/p>\t\t\t\t\t\t\t\t<\/div>\n\t\t\t\t<\/div>\n\t\t\t\t<div class=\"elementor-element elementor-element-696f218 elementor-widget elementor-widget-spacer\" data-id=\"696f218\" data-element_type=\"widget\" data-e-type=\"widget\" data-widget_type=\"spacer.default\">\n\t\t\t\t<div class=\"elementor-widget-container\">\n\t\t\t\t\t\t\t<div class=\"elementor-spacer\">\n\t\t\t<div class=\"elementor-spacer-inner\"><\/div>\n\t\t<\/div>\n\t\t\t\t\t\t<\/div>\n\t\t\t\t<\/div>\n\t\t\t\t<div class=\"elementor-element elementor-element-8c446c0 elementor-widget__width-initial elementor-invisible elementor-widget elementor-widget-text-editor\" data-id=\"8c446c0\" data-element_type=\"widget\" data-e-type=\"widget\" data-settings=\"{&quot;_animation&quot;:&quot;fadeInUp&quot;,&quot;_animation_delay&quot;:100}\" data-widget_type=\"text-editor.default\">\n\t\t\t\t<div class=\"elementor-widget-container\">\n\t\t\t\t\t\t\t\t\t<p>ISVE a d\u00e9velopp\u00e9 des solutions technologiques innovantes qui ont r\u00e9volutionn\u00e9 les approches et les m\u00e9thodes de traitement.<\/p><p>Par exemple, ISVE a \u00e9t\u00e9 le premier \u00e0 avoir perfectionn\u00e9 la technologie du vide en tant qu&#8217;\u00e9l\u00e9ment d&#8217;une forte innovation \u00e0 l&#8217;appui des processus de travail du bois.<\/p>\t\t\t\t\t\t\t\t<\/div>\n\t\t\t\t<\/div>\n\t\t\t\t\t<\/div>\n\t\t<\/div>\n\t\t\t\t\t<\/div>\n\t\t<\/section>\n\t\t\t\t<\/div>\n\t\t","protected":false},"excerpt":{"rendered":"<p>UNE CONSTANTE ENGAGEMENT POUR INNOVATION Le d\u00e9veloppement de nouvelles solutions technologiques a conduit ISVE \u00e0 utiliser des syst\u00e8mes informatiques capables de configurer des configurations personnalis\u00e9es. Les exp\u00e9riences des usines install\u00e9es dans diff\u00e9rentes parties du monde sont le meilleur t\u00e9moignage de la fa\u00e7on dont ISVE investit constamment pour rester au sommet du secteur. ISVE a d\u00e9velopp\u00e9&hellip;<\/p>\n","protected":false},"author":1,"featured_media":28524,"parent":4699,"menu_order":20,"comment_status":"closed","ping_status":"closed","template":"","meta":{"_acf_changed":false,"footnotes":""},"tags":[3781],"impaginazione":[3686],"divisione":[3688],"categorie_modelli":[],"class_list":["post-16523","page","type-page","status-publish","has-post-thumbnail","hentry","tag-isve-group-pages-fr","impaginazione-pagina-larga","divisione-isve-group"],"acf":[],"yoast_head":"<!-- This site is optimized with the Yoast SEO plugin v27.4 - https:\/\/yoast.com\/product\/yoast-seo-wordpress\/ -->\n<title>Engagement envers l&#039;innovation - ISVE SpA - Traitement du bois - Recyclage - Broyeurs Granulateurs<\/title>\n<meta name=\"robots\" content=\"index, follow, max-snippet:-1, max-image-preview:large, max-video-preview:-1\" \/>\n<link rel=\"canonical\" href=\"https:\/\/isve.com\/fr\/a-propos-de-nous\/engagement-envers-linnovation\/\" \/>\n<meta property=\"og:locale\" content=\"fr_FR\" \/>\n<meta property=\"og:type\" content=\"article\" \/>\n<meta property=\"og:title\" content=\"Engagement envers l&#039;innovation - ISVE SpA - Traitement du bois - Recyclage - Broyeurs Granulateurs\" \/>\n<meta property=\"og:description\" content=\"UNE CONSTANTE ENGAGEMENT POUR INNOVATION Le d\u00e9veloppement de nouvelles solutions technologiques a conduit ISVE \u00e0 utiliser des syst\u00e8mes informatiques capables de configurer des configurations personnalis\u00e9es. Les exp\u00e9riences des usines install\u00e9es dans diff\u00e9rentes parties du monde sont le meilleur t\u00e9moignage de la fa\u00e7on dont ISVE investit constamment pour rester au sommet du secteur. ISVE a d\u00e9velopp\u00e9&hellip;\" \/>\n<meta property=\"og:url\" content=\"https:\/\/isve.com\/fr\/a-propos-de-nous\/engagement-envers-linnovation\/\" \/>\n<meta property=\"og:site_name\" content=\"ISVE SpA - Traitement du bois - Recyclage - Broyeurs Granulateurs\" \/>\n<meta property=\"article:modified_time\" content=\"2026-02-18T12:23:26+00:00\" \/>\n<meta property=\"og:image\" content=\"https:\/\/isve.com\/wp-content\/uploads\/2020\/03\/innovazione_img.jpg\" \/>\n\t<meta property=\"og:image:width\" content=\"910\" \/>\n\t<meta property=\"og:image:height\" content=\"1080\" \/>\n\t<meta property=\"og:image:type\" content=\"image\/jpeg\" \/>\n<meta name=\"twitter:card\" content=\"summary_large_image\" \/>\n<meta name=\"twitter:label1\" content=\"Dur\u00e9e de lecture estim\u00e9e\" \/>\n\t<meta name=\"twitter:data1\" content=\"1 minute\" \/>\n<script type=\"application\/ld+json\" class=\"yoast-schema-graph\">{\"@context\":\"https:\\\/\\\/schema.org\",\"@graph\":[{\"@type\":\"WebPage\",\"@id\":\"https:\\\/\\\/isve.com\\\/fr\\\/a-propos-de-nous\\\/engagement-envers-linnovation\\\/\",\"url\":\"https:\\\/\\\/isve.com\\\/fr\\\/a-propos-de-nous\\\/engagement-envers-linnovation\\\/\",\"name\":\"Engagement envers l'innovation - ISVE SpA - Traitement du bois - Recyclage - Broyeurs Granulateurs\",\"isPartOf\":{\"@id\":\"https:\\\/\\\/isve.com\\\/fr\\\/#website\"},\"primaryImageOfPage\":{\"@id\":\"https:\\\/\\\/isve.com\\\/fr\\\/a-propos-de-nous\\\/engagement-envers-linnovation\\\/#primaryimage\"},\"image\":{\"@id\":\"https:\\\/\\\/isve.com\\\/fr\\\/a-propos-de-nous\\\/engagement-envers-linnovation\\\/#primaryimage\"},\"thumbnailUrl\":\"https:\\\/\\\/isve.com\\\/wp-content\\\/uploads\\\/2020\\\/03\\\/innovazione_img.jpg\",\"datePublished\":\"2020-03-26T16:29:00+00:00\",\"dateModified\":\"2026-02-18T12:23:26+00:00\",\"breadcrumb\":{\"@id\":\"https:\\\/\\\/isve.com\\\/fr\\\/a-propos-de-nous\\\/engagement-envers-linnovation\\\/#breadcrumb\"},\"inLanguage\":\"fr-FR\",\"potentialAction\":[{\"@type\":\"ReadAction\",\"target\":[\"https:\\\/\\\/isve.com\\\/fr\\\/a-propos-de-nous\\\/engagement-envers-linnovation\\\/\"]}]},{\"@type\":\"ImageObject\",\"inLanguage\":\"fr-FR\",\"@id\":\"https:\\\/\\\/isve.com\\\/fr\\\/a-propos-de-nous\\\/engagement-envers-linnovation\\\/#primaryimage\",\"url\":\"https:\\\/\\\/isve.com\\\/wp-content\\\/uploads\\\/2020\\\/03\\\/innovazione_img.jpg\",\"contentUrl\":\"https:\\\/\\\/isve.com\\\/wp-content\\\/uploads\\\/2020\\\/03\\\/innovazione_img.jpg\",\"width\":910,\"height\":1080},{\"@type\":\"BreadcrumbList\",\"@id\":\"https:\\\/\\\/isve.com\\\/fr\\\/a-propos-de-nous\\\/engagement-envers-linnovation\\\/#breadcrumb\",\"itemListElement\":[{\"@type\":\"ListItem\",\"position\":1,\"name\":\"Home\",\"item\":\"https:\\\/\\\/isve.com\\\/fr\\\/\"},{\"@type\":\"ListItem\",\"position\":2,\"name\":\"ISVE &#8211; A propos de nous\",\"item\":\"https:\\\/\\\/isve.com\\\/fr\\\/sobre-nosotros\\\/\"},{\"@type\":\"ListItem\",\"position\":3,\"name\":\"Engagement envers l&#8217;innovation\"}]},{\"@type\":\"WebSite\",\"@id\":\"https:\\\/\\\/isve.com\\\/fr\\\/#website\",\"url\":\"https:\\\/\\\/isve.com\\\/fr\\\/\",\"name\":\"ISVE S.p.A.\",\"description\":\"Syst\u00e8mes de traitement du bois et pour dechiquetage broyage granulation\",\"publisher\":{\"@id\":\"https:\\\/\\\/isve.com\\\/fr\\\/#organization\"},\"potentialAction\":[{\"@type\":\"SearchAction\",\"target\":{\"@type\":\"EntryPoint\",\"urlTemplate\":\"https:\\\/\\\/isve.com\\\/fr\\\/?s={search_term_string}\"},\"query-input\":{\"@type\":\"PropertyValueSpecification\",\"valueRequired\":true,\"valueName\":\"search_term_string\"}}],\"inLanguage\":\"fr-FR\"},{\"@type\":\"Organization\",\"@id\":\"https:\\\/\\\/isve.com\\\/fr\\\/#organization\",\"name\":\"ISVE S.p.A.\",\"url\":\"https:\\\/\\\/isve.com\\\/fr\\\/\",\"logo\":{\"@type\":\"ImageObject\",\"inLanguage\":\"fr-FR\",\"@id\":\"https:\\\/\\\/isve.com\\\/fr\\\/#\\\/schema\\\/logo\\\/image\\\/\",\"url\":\"https:\\\/\\\/isve.com\\\/wp-content\\\/uploads\\\/2026\\\/01\\\/logo-isve-spa.png\",\"contentUrl\":\"https:\\\/\\\/isve.com\\\/wp-content\\\/uploads\\\/2026\\\/01\\\/logo-isve-spa.png\",\"width\":600,\"height\":173,\"caption\":\"ISVE S.p.A.\"},\"image\":{\"@id\":\"https:\\\/\\\/isve.com\\\/fr\\\/#\\\/schema\\\/logo\\\/image\\\/\"},\"sameAs\":[\"https:\\\/\\\/www.linkedin.com\\\/company\\\/69445471\",\"https:\\\/\\\/www.youtube.com\\\/@isves.p.a.8894\"]}]}<\/script>\n<!-- \/ Yoast SEO plugin. -->","yoast_head_json":{"title":"Engagement envers l'innovation - ISVE SpA - Traitement du bois - Recyclage - Broyeurs Granulateurs","robots":{"index":"index","follow":"follow","max-snippet":"max-snippet:-1","max-image-preview":"max-image-preview:large","max-video-preview":"max-video-preview:-1"},"canonical":"https:\/\/isve.com\/fr\/a-propos-de-nous\/engagement-envers-linnovation\/","og_locale":"fr_FR","og_type":"article","og_title":"Engagement envers l'innovation - ISVE SpA - Traitement du bois - Recyclage - Broyeurs Granulateurs","og_description":"UNE CONSTANTE ENGAGEMENT POUR INNOVATION Le d\u00e9veloppement de nouvelles solutions technologiques a conduit ISVE \u00e0 utiliser des syst\u00e8mes informatiques capables de configurer des configurations personnalis\u00e9es. Les exp\u00e9riences des usines install\u00e9es dans diff\u00e9rentes parties du monde sont le meilleur t\u00e9moignage de la fa\u00e7on dont ISVE investit constamment pour rester au sommet du secteur. ISVE a d\u00e9velopp\u00e9&hellip;","og_url":"https:\/\/isve.com\/fr\/a-propos-de-nous\/engagement-envers-linnovation\/","og_site_name":"ISVE SpA - Traitement du bois - Recyclage - Broyeurs Granulateurs","article_modified_time":"2026-02-18T12:23:26+00:00","og_image":[{"width":910,"height":1080,"url":"https:\/\/isve.com\/wp-content\/uploads\/2020\/03\/innovazione_img.jpg","type":"image\/jpeg"}],"twitter_card":"summary_large_image","twitter_misc":{"Dur\u00e9e de lecture estim\u00e9e":"1 minute"},"schema":{"@context":"https:\/\/schema.org","@graph":[{"@type":"WebPage","@id":"https:\/\/isve.com\/fr\/a-propos-de-nous\/engagement-envers-linnovation\/","url":"https:\/\/isve.com\/fr\/a-propos-de-nous\/engagement-envers-linnovation\/","name":"Engagement envers l'innovation - ISVE SpA - Traitement du bois - Recyclage - Broyeurs Granulateurs","isPartOf":{"@id":"https:\/\/isve.com\/fr\/#website"},"primaryImageOfPage":{"@id":"https:\/\/isve.com\/fr\/a-propos-de-nous\/engagement-envers-linnovation\/#primaryimage"},"image":{"@id":"https:\/\/isve.com\/fr\/a-propos-de-nous\/engagement-envers-linnovation\/#primaryimage"},"thumbnailUrl":"https:\/\/isve.com\/wp-content\/uploads\/2020\/03\/innovazione_img.jpg","datePublished":"2020-03-26T16:29:00+00:00","dateModified":"2026-02-18T12:23:26+00:00","breadcrumb":{"@id":"https:\/\/isve.com\/fr\/a-propos-de-nous\/engagement-envers-linnovation\/#breadcrumb"},"inLanguage":"fr-FR","potentialAction":[{"@type":"ReadAction","target":["https:\/\/isve.com\/fr\/a-propos-de-nous\/engagement-envers-linnovation\/"]}]},{"@type":"ImageObject","inLanguage":"fr-FR","@id":"https:\/\/isve.com\/fr\/a-propos-de-nous\/engagement-envers-linnovation\/#primaryimage","url":"https:\/\/isve.com\/wp-content\/uploads\/2020\/03\/innovazione_img.jpg","contentUrl":"https:\/\/isve.com\/wp-content\/uploads\/2020\/03\/innovazione_img.jpg","width":910,"height":1080},{"@type":"BreadcrumbList","@id":"https:\/\/isve.com\/fr\/a-propos-de-nous\/engagement-envers-linnovation\/#breadcrumb","itemListElement":[{"@type":"ListItem","position":1,"name":"Home","item":"https:\/\/isve.com\/fr\/"},{"@type":"ListItem","position":2,"name":"ISVE &#8211; A propos de nous","item":"https:\/\/isve.com\/fr\/sobre-nosotros\/"},{"@type":"ListItem","position":3,"name":"Engagement envers l&#8217;innovation"}]},{"@type":"WebSite","@id":"https:\/\/isve.com\/fr\/#website","url":"https:\/\/isve.com\/fr\/","name":"ISVE S.p.A.","description":"Syst\u00e8mes de traitement du bois et pour dechiquetage broyage granulation","publisher":{"@id":"https:\/\/isve.com\/fr\/#organization"},"potentialAction":[{"@type":"SearchAction","target":{"@type":"EntryPoint","urlTemplate":"https:\/\/isve.com\/fr\/?s={search_term_string}"},"query-input":{"@type":"PropertyValueSpecification","valueRequired":true,"valueName":"search_term_string"}}],"inLanguage":"fr-FR"},{"@type":"Organization","@id":"https:\/\/isve.com\/fr\/#organization","name":"ISVE S.p.A.","url":"https:\/\/isve.com\/fr\/","logo":{"@type":"ImageObject","inLanguage":"fr-FR","@id":"https:\/\/isve.com\/fr\/#\/schema\/logo\/image\/","url":"https:\/\/isve.com\/wp-content\/uploads\/2026\/01\/logo-isve-spa.png","contentUrl":"https:\/\/isve.com\/wp-content\/uploads\/2026\/01\/logo-isve-spa.png","width":600,"height":173,"caption":"ISVE S.p.A."},"image":{"@id":"https:\/\/isve.com\/fr\/#\/schema\/logo\/image\/"},"sameAs":["https:\/\/www.linkedin.com\/company\/69445471","https:\/\/www.youtube.com\/@isves.p.a.8894"]}]}},"_links":{"self":[{"href":"https:\/\/isve.com\/fr\/wp-json\/wp\/v2\/pages\/16523","targetHints":{"allow":["GET"]}}],"collection":[{"href":"https:\/\/isve.com\/fr\/wp-json\/wp\/v2\/pages"}],"about":[{"href":"https:\/\/isve.com\/fr\/wp-json\/wp\/v2\/types\/page"}],"author":[{"embeddable":true,"href":"https:\/\/isve.com\/fr\/wp-json\/wp\/v2\/users\/1"}],"replies":[{"embeddable":true,"href":"https:\/\/isve.com\/fr\/wp-json\/wp\/v2\/comments?post=16523"}],"version-history":[{"count":3,"href":"https:\/\/isve.com\/fr\/wp-json\/wp\/v2\/pages\/16523\/revisions"}],"predecessor-version":[{"id":28781,"href":"https:\/\/isve.com\/fr\/wp-json\/wp\/v2\/pages\/16523\/revisions\/28781"}],"up":[{"embeddable":true,"href":"https:\/\/isve.com\/fr\/wp-json\/wp\/v2\/pages\/4699"}],"wp:featuredmedia":[{"embeddable":true,"href":"https:\/\/isve.com\/fr\/wp-json\/wp\/v2\/media\/28524"}],"wp:attachment":[{"href":"https:\/\/isve.com\/fr\/wp-json\/wp\/v2\/media?parent=16523"}],"wp:term":[{"taxonomy":"post_tag","embeddable":true,"href":"https:\/\/isve.com\/fr\/wp-json\/wp\/v2\/tags?post=16523"},{"taxonomy":"impaginazione","embeddable":true,"href":"https:\/\/isve.com\/fr\/wp-json\/wp\/v2\/impaginazione?post=16523"},{"taxonomy":"divisione","embeddable":true,"href":"https:\/\/isve.com\/fr\/wp-json\/wp\/v2\/divisione?post=16523"},{"taxonomy":"categorie_modelli","embeddable":true,"href":"https:\/\/isve.com\/fr\/wp-json\/wp\/v2\/categorie_modelli?post=16523"}],"curies":[{"name":"wp","href":"https:\/\/api.w.org\/{rel}","templated":true}]}}