{"id":16514,"date":"2020-03-26T18:19:23","date_gmt":"2020-03-26T17:19:23","guid":{"rendered":"https:\/\/isve.com\/a-propos-de-nous\/service-efficace\/"},"modified":"2026-02-18T13:28:39","modified_gmt":"2026-02-18T12:28:39","slug":"service-efficace","status":"publish","type":"page","link":"https:\/\/isve.com\/fr\/a-propos-de-nous\/service-efficace\/","title":{"rendered":"Assistance efficace"},"content":{"rendered":"\t\t<div data-elementor-type=\"wp-page\" data-elementor-id=\"16514\" class=\"elementor elementor-16514 elementor-16502\" data-elementor-post-type=\"page\">\n\t\t\t\t\t\t<section class=\"elementor-section elementor-top-section elementor-element elementor-element-12ba712 elementor-section-full_width elementor-section-height-default elementor-section-height-default\" data-id=\"12ba712\" data-element_type=\"section\" data-e-type=\"section\">\n\t\t\t\t\t\t<div class=\"elementor-container elementor-column-gap-wider\">\n\t\t\t\t\t<div class=\"elementor-column elementor-col-50 elementor-top-column elementor-element elementor-element-9e90fb2 elementor-invisible\" data-id=\"9e90fb2\" data-element_type=\"column\" data-e-type=\"column\" data-settings=\"{&quot;background_background&quot;:&quot;classic&quot;,&quot;animation&quot;:&quot;fadeInLeft&quot;}\">\n\t\t\t<div class=\"elementor-widget-wrap elementor-element-populated\">\n\t\t\t\t\t\t<div class=\"elementor-element elementor-element-0511348 elementor-widget elementor-widget-spacer\" data-id=\"0511348\" data-element_type=\"widget\" data-e-type=\"widget\" data-widget_type=\"spacer.default\">\n\t\t\t\t<div class=\"elementor-widget-container\">\n\t\t\t\t\t\t\t<div class=\"elementor-spacer\">\n\t\t\t<div class=\"elementor-spacer-inner\"><\/div>\n\t\t<\/div>\n\t\t\t\t\t\t<\/div>\n\t\t\t\t<\/div>\n\t\t\t\t\t<\/div>\n\t\t<\/div>\n\t\t\t\t<div class=\"elementor-column elementor-col-50 elementor-top-column elementor-element elementor-element-ce1dc55\" data-id=\"ce1dc55\" data-element_type=\"column\" data-e-type=\"column\" data-settings=\"{&quot;background_background&quot;:&quot;classic&quot;}\">\n\t\t\t<div class=\"elementor-widget-wrap elementor-element-populated\">\n\t\t\t\t\t\t<div class=\"elementor-element elementor-element-86a1b25 elementor-widget__width-initial elementor-invisible elementor-widget elementor-widget-heading\" data-id=\"86a1b25\" data-element_type=\"widget\" data-e-type=\"widget\" data-settings=\"{&quot;_animation&quot;:&quot;zoomIn&quot;}\" data-widget_type=\"heading.default\">\n\t\t\t\t<div class=\"elementor-widget-container\">\n\t\t\t\t\t<h2 class=\"elementor-heading-title elementor-size-default\">UN SERVICE COH\u00c9RENT \u00c0 L'EFFICACIT\u00c9\nDES TECHNOLOGIES ET DE L'ORGANISATION DE PRODUCTION<\/h2>\t\t\t\t<\/div>\n\t\t\t\t<\/div>\n\t\t\t\t<div class=\"elementor-element elementor-element-6cf611f elementor-widget elementor-widget-spacer\" data-id=\"6cf611f\" data-element_type=\"widget\" data-e-type=\"widget\" data-widget_type=\"spacer.default\">\n\t\t\t\t<div class=\"elementor-widget-container\">\n\t\t\t\t\t\t\t<div class=\"elementor-spacer\">\n\t\t\t<div class=\"elementor-spacer-inner\"><\/div>\n\t\t<\/div>\n\t\t\t\t\t\t<\/div>\n\t\t\t\t<\/div>\n\t\t\t\t<div class=\"elementor-element elementor-element-90a1f40 elementor-widget__width-initial elementor-invisible elementor-widget elementor-widget-text-editor\" data-id=\"90a1f40\" data-element_type=\"widget\" data-e-type=\"widget\" data-settings=\"{&quot;_animation&quot;:&quot;fadeInUp&quot;,&quot;_animation_delay&quot;:100}\" data-widget_type=\"text-editor.default\">\n\t\t\t\t<div class=\"elementor-widget-container\">\n\t\t\t\t\t\t\t\t\t<p>Dans la philosophie d&#8217;entreprise d&#8217;ISVE, le service a une importance similaire \u00e0 celle du produit fini.<\/p><p>Garantir une assistance rapide et comp\u00e9tente partout dans le monde, directement ou via un r\u00e9seau de partenaires qualifi\u00e9s, est un engagement fondamental.<\/p>\t\t\t\t\t\t\t\t<\/div>\n\t\t\t\t<\/div>\n\t\t\t\t<div class=\"elementor-element elementor-element-281d40b elementor-widget elementor-widget-spacer\" data-id=\"281d40b\" data-element_type=\"widget\" data-e-type=\"widget\" data-widget_type=\"spacer.default\">\n\t\t\t\t<div class=\"elementor-widget-container\">\n\t\t\t\t\t\t\t<div class=\"elementor-spacer\">\n\t\t\t<div class=\"elementor-spacer-inner\"><\/div>\n\t\t<\/div>\n\t\t\t\t\t\t<\/div>\n\t\t\t\t<\/div>\n\t\t\t\t<div class=\"elementor-element elementor-element-8530587 elementor-widget__width-initial elementor-invisible elementor-widget elementor-widget-text-editor\" data-id=\"8530587\" data-element_type=\"widget\" data-e-type=\"widget\" data-settings=\"{&quot;_animation&quot;:&quot;fadeInUp&quot;,&quot;_animation_delay&quot;:100}\" data-widget_type=\"text-editor.default\">\n\t\t\t\t<div class=\"elementor-widget-container\">\n\t\t\t\t\t\t\t\t\t<p><strong>Isve Server Connection:<\/strong><br \/><strong>assistance \u00e9galement en ligne<\/strong><\/p><p>Avec un module suppl\u00e9mentaire, chaque machine ISVE est con\u00e7ue pour \u00eatre connect\u00e9e en ligne via l&#8217;intranet de l&#8217;entreprise ou via Internet.<\/p><p>Avec ce syst\u00e8me, le fonctionnement des syst\u00e8mes peut \u00e9galement \u00eatre surveill\u00e9 directement par les techniciens du service ISVE.<\/p><p>Toujours en ligne, \u00e0 distance, il est \u00e9galement possible de mettre \u00e0 jour le logiciel et d&#8217;ajuster les param\u00e8tres de fonctionnement.<\/p>\t\t\t\t\t\t\t\t<\/div>\n\t\t\t\t<\/div>\n\t\t\t\t<div class=\"elementor-element elementor-element-ca34cb3 elementor-widget elementor-widget-spacer\" data-id=\"ca34cb3\" data-element_type=\"widget\" data-e-type=\"widget\" data-widget_type=\"spacer.default\">\n\t\t\t\t<div class=\"elementor-widget-container\">\n\t\t\t\t\t\t\t<div class=\"elementor-spacer\">\n\t\t\t<div class=\"elementor-spacer-inner\"><\/div>\n\t\t<\/div>\n\t\t\t\t\t\t<\/div>\n\t\t\t\t<\/div>\n\t\t\t\t<div class=\"elementor-element elementor-element-a59bbcf elementor-align-left elementor-invisible elementor-widget elementor-widget-the7_button_widget\" data-id=\"a59bbcf\" data-element_type=\"widget\" data-e-type=\"widget\" data-settings=\"{&quot;_animation&quot;:&quot;fadeInUp&quot;}\" data-widget_type=\"the7_button_widget.default\">\n\t\t\t\t<div class=\"elementor-widget-container\">\n\t\t\t\t\t<div class=\"elementor-button-wrapper\"><a href=\"https:\/\/isve.com\/fr\/customer-service\/\" class=\"box-button elementor-button elementor-size-md\">D\u00c9COUVREZ NOTRE CUSTOMER SERVICE<\/a><\/div>\t\t\t\t<\/div>\n\t\t\t\t<\/div>\n\t\t\t\t\t<\/div>\n\t\t<\/div>\n\t\t\t\t\t<\/div>\n\t\t<\/section>\n\t\t\t\t<\/div>\n\t\t","protected":false},"excerpt":{"rendered":"<p>UN SERVICE COH\u00c9RENT \u00c0 L&#8217;EFFICACIT\u00c9 DES TECHNOLOGIES ET DE L&#8217;ORGANISATION DE PRODUCTION Dans la philosophie d&#8217;entreprise d&#8217;ISVE, le service a une importance similaire \u00e0 celle du produit fini. Garantir une assistance rapide et comp\u00e9tente partout dans le monde, directement ou via un r\u00e9seau de partenaires qualifi\u00e9s, est un engagement fondamental. Isve Server Connection:assistance \u00e9galement en&hellip;<\/p>\n","protected":false},"author":1,"featured_media":17517,"parent":4699,"menu_order":20,"comment_status":"closed","ping_status":"closed","template":"","meta":{"_acf_changed":false,"footnotes":""},"tags":[3781],"impaginazione":[3686],"divisione":[3688],"categorie_modelli":[],"class_list":["post-16514","page","type-page","status-publish","has-post-thumbnail","hentry","tag-isve-group-pages-fr","impaginazione-pagina-larga","divisione-isve-group"],"acf":[],"yoast_head":"<!-- This site is optimized with the Yoast SEO plugin v27.4 - https:\/\/yoast.com\/product\/yoast-seo-wordpress\/ -->\n<title>Assistance efficace - ISVE SpA - Traitement du bois - Recyclage - Broyeurs Granulateurs<\/title>\n<meta name=\"robots\" content=\"index, follow, max-snippet:-1, max-image-preview:large, max-video-preview:-1\" \/>\n<link rel=\"canonical\" href=\"https:\/\/isve.com\/fr\/a-propos-de-nous\/service-efficace\/\" \/>\n<meta property=\"og:locale\" content=\"fr_FR\" \/>\n<meta property=\"og:type\" content=\"article\" \/>\n<meta property=\"og:title\" content=\"Assistance efficace - ISVE SpA - Traitement du bois - Recyclage - Broyeurs Granulateurs\" \/>\n<meta property=\"og:description\" content=\"UN SERVICE COH\u00c9RENT \u00c0 L&#8217;EFFICACIT\u00c9 DES TECHNOLOGIES ET DE L&#8217;ORGANISATION DE PRODUCTION Dans la philosophie d&#8217;entreprise d&#8217;ISVE, le service a une importance similaire \u00e0 celle du produit fini. Garantir une assistance rapide et comp\u00e9tente partout dans le monde, directement ou via un r\u00e9seau de partenaires qualifi\u00e9s, est un engagement fondamental. Isve Server Connection:assistance \u00e9galement en&hellip;\" \/>\n<meta property=\"og:url\" content=\"https:\/\/isve.com\/fr\/a-propos-de-nous\/service-efficace\/\" \/>\n<meta property=\"og:site_name\" content=\"ISVE SpA - Traitement du bois - Recyclage - Broyeurs Granulateurs\" \/>\n<meta property=\"article:modified_time\" content=\"2026-02-18T12:28:39+00:00\" \/>\n<meta property=\"og:image\" content=\"https:\/\/isve.com\/wp-content\/uploads\/2020\/03\/service_img.jpg\" \/>\n\t<meta property=\"og:image:width\" content=\"910\" \/>\n\t<meta property=\"og:image:height\" content=\"1080\" \/>\n\t<meta property=\"og:image:type\" content=\"image\/jpeg\" \/>\n<meta name=\"twitter:card\" content=\"summary_large_image\" \/>\n<meta name=\"twitter:label1\" content=\"Dur\u00e9e de lecture estim\u00e9e\" \/>\n\t<meta name=\"twitter:data1\" content=\"1 minute\" \/>\n<script type=\"application\/ld+json\" class=\"yoast-schema-graph\">{\"@context\":\"https:\\\/\\\/schema.org\",\"@graph\":[{\"@type\":\"WebPage\",\"@id\":\"https:\\\/\\\/isve.com\\\/fr\\\/a-propos-de-nous\\\/service-efficace\\\/\",\"url\":\"https:\\\/\\\/isve.com\\\/fr\\\/a-propos-de-nous\\\/service-efficace\\\/\",\"name\":\"Assistance efficace - ISVE SpA - Traitement du bois - Recyclage - Broyeurs Granulateurs\",\"isPartOf\":{\"@id\":\"https:\\\/\\\/isve.com\\\/fr\\\/#website\"},\"primaryImageOfPage\":{\"@id\":\"https:\\\/\\\/isve.com\\\/fr\\\/a-propos-de-nous\\\/service-efficace\\\/#primaryimage\"},\"image\":{\"@id\":\"https:\\\/\\\/isve.com\\\/fr\\\/a-propos-de-nous\\\/service-efficace\\\/#primaryimage\"},\"thumbnailUrl\":\"https:\\\/\\\/isve.com\\\/wp-content\\\/uploads\\\/2020\\\/03\\\/service_img.jpg\",\"datePublished\":\"2020-03-26T17:19:23+00:00\",\"dateModified\":\"2026-02-18T12:28:39+00:00\",\"breadcrumb\":{\"@id\":\"https:\\\/\\\/isve.com\\\/fr\\\/a-propos-de-nous\\\/service-efficace\\\/#breadcrumb\"},\"inLanguage\":\"fr-FR\",\"potentialAction\":[{\"@type\":\"ReadAction\",\"target\":[\"https:\\\/\\\/isve.com\\\/fr\\\/a-propos-de-nous\\\/service-efficace\\\/\"]}]},{\"@type\":\"ImageObject\",\"inLanguage\":\"fr-FR\",\"@id\":\"https:\\\/\\\/isve.com\\\/fr\\\/a-propos-de-nous\\\/service-efficace\\\/#primaryimage\",\"url\":\"https:\\\/\\\/isve.com\\\/wp-content\\\/uploads\\\/2020\\\/03\\\/service_img.jpg\",\"contentUrl\":\"https:\\\/\\\/isve.com\\\/wp-content\\\/uploads\\\/2020\\\/03\\\/service_img.jpg\",\"width\":910,\"height\":1080},{\"@type\":\"BreadcrumbList\",\"@id\":\"https:\\\/\\\/isve.com\\\/fr\\\/a-propos-de-nous\\\/service-efficace\\\/#breadcrumb\",\"itemListElement\":[{\"@type\":\"ListItem\",\"position\":1,\"name\":\"Home\",\"item\":\"https:\\\/\\\/isve.com\\\/fr\\\/\"},{\"@type\":\"ListItem\",\"position\":2,\"name\":\"ISVE &#8211; A propos de nous\",\"item\":\"https:\\\/\\\/isve.com\\\/fr\\\/sobre-nosotros\\\/\"},{\"@type\":\"ListItem\",\"position\":3,\"name\":\"Assistance efficace\"}]},{\"@type\":\"WebSite\",\"@id\":\"https:\\\/\\\/isve.com\\\/fr\\\/#website\",\"url\":\"https:\\\/\\\/isve.com\\\/fr\\\/\",\"name\":\"ISVE S.p.A.\",\"description\":\"Syst\u00e8mes de traitement du bois et pour dechiquetage broyage granulation\",\"publisher\":{\"@id\":\"https:\\\/\\\/isve.com\\\/fr\\\/#organization\"},\"potentialAction\":[{\"@type\":\"SearchAction\",\"target\":{\"@type\":\"EntryPoint\",\"urlTemplate\":\"https:\\\/\\\/isve.com\\\/fr\\\/?s={search_term_string}\"},\"query-input\":{\"@type\":\"PropertyValueSpecification\",\"valueRequired\":true,\"valueName\":\"search_term_string\"}}],\"inLanguage\":\"fr-FR\"},{\"@type\":\"Organization\",\"@id\":\"https:\\\/\\\/isve.com\\\/fr\\\/#organization\",\"name\":\"ISVE S.p.A.\",\"url\":\"https:\\\/\\\/isve.com\\\/fr\\\/\",\"logo\":{\"@type\":\"ImageObject\",\"inLanguage\":\"fr-FR\",\"@id\":\"https:\\\/\\\/isve.com\\\/fr\\\/#\\\/schema\\\/logo\\\/image\\\/\",\"url\":\"https:\\\/\\\/isve.com\\\/wp-content\\\/uploads\\\/2026\\\/01\\\/logo-isve-spa.png\",\"contentUrl\":\"https:\\\/\\\/isve.com\\\/wp-content\\\/uploads\\\/2026\\\/01\\\/logo-isve-spa.png\",\"width\":600,\"height\":173,\"caption\":\"ISVE S.p.A.\"},\"image\":{\"@id\":\"https:\\\/\\\/isve.com\\\/fr\\\/#\\\/schema\\\/logo\\\/image\\\/\"},\"sameAs\":[\"https:\\\/\\\/www.linkedin.com\\\/company\\\/69445471\",\"https:\\\/\\\/www.youtube.com\\\/@isves.p.a.8894\"]}]}<\/script>\n<!-- \/ Yoast SEO plugin. -->","yoast_head_json":{"title":"Assistance efficace - ISVE SpA - Traitement du bois - Recyclage - Broyeurs Granulateurs","robots":{"index":"index","follow":"follow","max-snippet":"max-snippet:-1","max-image-preview":"max-image-preview:large","max-video-preview":"max-video-preview:-1"},"canonical":"https:\/\/isve.com\/fr\/a-propos-de-nous\/service-efficace\/","og_locale":"fr_FR","og_type":"article","og_title":"Assistance efficace - ISVE SpA - Traitement du bois - Recyclage - Broyeurs Granulateurs","og_description":"UN SERVICE COH\u00c9RENT \u00c0 L&#8217;EFFICACIT\u00c9 DES TECHNOLOGIES ET DE L&#8217;ORGANISATION DE PRODUCTION Dans la philosophie d&#8217;entreprise d&#8217;ISVE, le service a une importance similaire \u00e0 celle du produit fini. Garantir une assistance rapide et comp\u00e9tente partout dans le monde, directement ou via un r\u00e9seau de partenaires qualifi\u00e9s, est un engagement fondamental. Isve Server Connection:assistance \u00e9galement en&hellip;","og_url":"https:\/\/isve.com\/fr\/a-propos-de-nous\/service-efficace\/","og_site_name":"ISVE SpA - Traitement du bois - Recyclage - Broyeurs Granulateurs","article_modified_time":"2026-02-18T12:28:39+00:00","og_image":[{"width":910,"height":1080,"url":"https:\/\/isve.com\/wp-content\/uploads\/2020\/03\/service_img.jpg","type":"image\/jpeg"}],"twitter_card":"summary_large_image","twitter_misc":{"Dur\u00e9e de lecture estim\u00e9e":"1 minute"},"schema":{"@context":"https:\/\/schema.org","@graph":[{"@type":"WebPage","@id":"https:\/\/isve.com\/fr\/a-propos-de-nous\/service-efficace\/","url":"https:\/\/isve.com\/fr\/a-propos-de-nous\/service-efficace\/","name":"Assistance efficace - ISVE SpA - Traitement du bois - Recyclage - Broyeurs Granulateurs","isPartOf":{"@id":"https:\/\/isve.com\/fr\/#website"},"primaryImageOfPage":{"@id":"https:\/\/isve.com\/fr\/a-propos-de-nous\/service-efficace\/#primaryimage"},"image":{"@id":"https:\/\/isve.com\/fr\/a-propos-de-nous\/service-efficace\/#primaryimage"},"thumbnailUrl":"https:\/\/isve.com\/wp-content\/uploads\/2020\/03\/service_img.jpg","datePublished":"2020-03-26T17:19:23+00:00","dateModified":"2026-02-18T12:28:39+00:00","breadcrumb":{"@id":"https:\/\/isve.com\/fr\/a-propos-de-nous\/service-efficace\/#breadcrumb"},"inLanguage":"fr-FR","potentialAction":[{"@type":"ReadAction","target":["https:\/\/isve.com\/fr\/a-propos-de-nous\/service-efficace\/"]}]},{"@type":"ImageObject","inLanguage":"fr-FR","@id":"https:\/\/isve.com\/fr\/a-propos-de-nous\/service-efficace\/#primaryimage","url":"https:\/\/isve.com\/wp-content\/uploads\/2020\/03\/service_img.jpg","contentUrl":"https:\/\/isve.com\/wp-content\/uploads\/2020\/03\/service_img.jpg","width":910,"height":1080},{"@type":"BreadcrumbList","@id":"https:\/\/isve.com\/fr\/a-propos-de-nous\/service-efficace\/#breadcrumb","itemListElement":[{"@type":"ListItem","position":1,"name":"Home","item":"https:\/\/isve.com\/fr\/"},{"@type":"ListItem","position":2,"name":"ISVE &#8211; A propos de nous","item":"https:\/\/isve.com\/fr\/sobre-nosotros\/"},{"@type":"ListItem","position":3,"name":"Assistance efficace"}]},{"@type":"WebSite","@id":"https:\/\/isve.com\/fr\/#website","url":"https:\/\/isve.com\/fr\/","name":"ISVE S.p.A.","description":"Syst\u00e8mes de traitement du bois et pour dechiquetage broyage granulation","publisher":{"@id":"https:\/\/isve.com\/fr\/#organization"},"potentialAction":[{"@type":"SearchAction","target":{"@type":"EntryPoint","urlTemplate":"https:\/\/isve.com\/fr\/?s={search_term_string}"},"query-input":{"@type":"PropertyValueSpecification","valueRequired":true,"valueName":"search_term_string"}}],"inLanguage":"fr-FR"},{"@type":"Organization","@id":"https:\/\/isve.com\/fr\/#organization","name":"ISVE S.p.A.","url":"https:\/\/isve.com\/fr\/","logo":{"@type":"ImageObject","inLanguage":"fr-FR","@id":"https:\/\/isve.com\/fr\/#\/schema\/logo\/image\/","url":"https:\/\/isve.com\/wp-content\/uploads\/2026\/01\/logo-isve-spa.png","contentUrl":"https:\/\/isve.com\/wp-content\/uploads\/2026\/01\/logo-isve-spa.png","width":600,"height":173,"caption":"ISVE S.p.A."},"image":{"@id":"https:\/\/isve.com\/fr\/#\/schema\/logo\/image\/"},"sameAs":["https:\/\/www.linkedin.com\/company\/69445471","https:\/\/www.youtube.com\/@isves.p.a.8894"]}]}},"_links":{"self":[{"href":"https:\/\/isve.com\/fr\/wp-json\/wp\/v2\/pages\/16514","targetHints":{"allow":["GET"]}}],"collection":[{"href":"https:\/\/isve.com\/fr\/wp-json\/wp\/v2\/pages"}],"about":[{"href":"https:\/\/isve.com\/fr\/wp-json\/wp\/v2\/types\/page"}],"author":[{"embeddable":true,"href":"https:\/\/isve.com\/fr\/wp-json\/wp\/v2\/users\/1"}],"replies":[{"embeddable":true,"href":"https:\/\/isve.com\/fr\/wp-json\/wp\/v2\/comments?post=16514"}],"version-history":[{"count":3,"href":"https:\/\/isve.com\/fr\/wp-json\/wp\/v2\/pages\/16514\/revisions"}],"predecessor-version":[{"id":28790,"href":"https:\/\/isve.com\/fr\/wp-json\/wp\/v2\/pages\/16514\/revisions\/28790"}],"up":[{"embeddable":true,"href":"https:\/\/isve.com\/fr\/wp-json\/wp\/v2\/pages\/4699"}],"wp:featuredmedia":[{"embeddable":true,"href":"https:\/\/isve.com\/fr\/wp-json\/wp\/v2\/media\/17517"}],"wp:attachment":[{"href":"https:\/\/isve.com\/fr\/wp-json\/wp\/v2\/media?parent=16514"}],"wp:term":[{"taxonomy":"post_tag","embeddable":true,"href":"https:\/\/isve.com\/fr\/wp-json\/wp\/v2\/tags?post=16514"},{"taxonomy":"impaginazione","embeddable":true,"href":"https:\/\/isve.com\/fr\/wp-json\/wp\/v2\/impaginazione?post=16514"},{"taxonomy":"divisione","embeddable":true,"href":"https:\/\/isve.com\/fr\/wp-json\/wp\/v2\/divisione?post=16514"},{"taxonomy":"categorie_modelli","embeddable":true,"href":"https:\/\/isve.com\/fr\/wp-json\/wp\/v2\/categorie_modelli?post=16514"}],"curies":[{"name":"wp","href":"https:\/\/api.w.org\/{rel}","templated":true}]}}