{"id":14766,"date":"2019-12-18T15:23:05","date_gmt":"2019-12-18T14:23:05","guid":{"rendered":"https:\/\/isve.com\/impregnation-imp-pg-des-muebles-anciens\/"},"modified":"2025-04-15T11:47:54","modified_gmt":"2025-04-15T09:47:54","slug":"impregnation-imp-pg-des-muebles-anciens","status":"publish","type":"page","link":"https:\/\/isve.com\/fr\/equipements-traitement-bois\/impregnation-imp-pg-des-muebles-anciens\/","title":{"rendered":"Impregnation IMP-PG des muebles anciens"},"content":{"rendered":"<h2><strong>Impregnation des muebles anciens<\/strong><\/h2>\n<h3>Traitement &#8220;curatif&#8221; de muebles anciens infest\u00e8s par les xylophages.<\/h3>\n<p>Parmi les applications sp\u00e9ciales r\u00e9serv\u00e9es \u00e0 l\u2019IMP-PG, il est important de citer\u00a0<strong>le traitement &#8220;curatif&#8221; de meubles anciens infest\u00e9s par les xylophages<\/strong>\u00a0(notamment vers ou autres col\u00e9opt\u00e8res).<\/p>\n<p>Les meubles sont d\u00e9mont\u00e9s partiellement et dispos\u00e9s sur le b\u00e2ti des chariots. Une fois le chargement termin\u00e9, le mat\u00e9riel est introduit\u00a0<strong>dans l&#8217;autoclave<\/strong>\u00a0pour \u00eatre trait\u00e9 avec des produits curatifs.<\/p>\n<p>Dans cette \u00e9tape, gr\u00e2ce \u00e0 l&#8217;action combin\u00e9e du vide et \u00e0 la n\u00e9bulisation du produit xylophage, on a une p\u00e9n\u00e9tration extr\u00eamement \u00e9lev\u00e9e de l&#8217;agent curatif qui atteint les renfoncements les plus difficiles du meuble.<\/p>\n<p>L&#8217;\u00e9limination des vers et autres insectes destructeurs garantit la <strong>long\u00e9vit\u00e9<\/strong> de l&#8217;\u00e9l\u00e9ment sans en alt\u00e9rer la structure ou la beaut\u00e9 naturelle.<\/p>\n<p>&nbsp;<\/p>\n<p><img fetchpriority=\"high\" decoding=\"async\" class=\"alignnone size-full wp-image-5050\" src=\"https:\/\/isve.com\/wp-content\/uploads\/trattamenti-legno-mobili-antichi-antiquariato.png\" alt=\"\" width=\"1010\" height=\"529\" \/><\/p>\n<hr \/>\n<h3><strong>Les avantages du traitement des meubles anciens avec des impr\u00e9gnateurs IMP-PG<\/strong><\/h3>\n<p>Les traitements curatifs des meubles anciens avec les impr\u00e9gnateurs ISVE IMP-PG pr\u00e9sentent des avantages importants, parmi lesquels les suivants m\u00e9ritent d&#8217;\u00eatre mentionn\u00e9s:<\/p>\n<ul>\n<li><strong>p\u00e9n\u00e9tration tr\u00e8s \u00e9lev\u00e9e<\/strong> de l&#8217;agent cicatrisant m\u00eame dans les points les plus difficiles<\/li>\n<li><strong>l&#8217;\u00e9limination des vers \u00e0 bois<\/strong> et autres insectes destructeurs garantit la long\u00e9vit\u00e9 des meubles en bois sans alt\u00e9rer leur structure ou leur beaut\u00e9 naturelle<\/li>\n<\/ul>\n","protected":false},"excerpt":{"rendered":"<p>Impregnation des muebles anciens Traitement &#8220;curatif&#8221; de muebles anciens infest\u00e8s par les xylophages. Parmi les applications sp\u00e9ciales r\u00e9serv\u00e9es \u00e0 l\u2019IMP-PG, il est important de citer\u00a0le traitement &#8220;curatif&#8221; de meubles anciens infest\u00e9s par les xylophages\u00a0(notamment vers ou autres col\u00e9opt\u00e8res). Les meubles sont d\u00e9mont\u00e9s partiellement et dispos\u00e9s sur le b\u00e2ti des chariots. Une fois le chargement termin\u00e9,&hellip;<\/p>\n","protected":false},"author":1,"featured_media":14592,"parent":15965,"menu_order":316,"comment_status":"closed","ping_status":"closed","template":"","meta":{"_acf_changed":false,"footnotes":""},"tags":[],"impaginazione":[],"divisione":[3690],"categorie_modelli":[],"class_list":["post-14766","page","type-page","status-publish","has-post-thumbnail","hentry","divisione-isve-wood","description-off"],"acf":[],"yoast_head":"<!-- This site is optimized with the Yoast SEO plugin v27.4 - https:\/\/yoast.com\/product\/yoast-seo-wordpress\/ -->\n<title>Impregnation IMP-PG des muebles anciens - ISVE SpA - Traitement du bois - Recyclage - Broyeurs Granulateurs<\/title>\n<meta name=\"robots\" content=\"index, follow, max-snippet:-1, max-image-preview:large, max-video-preview:-1\" \/>\n<link rel=\"canonical\" href=\"https:\/\/isve.com\/fr\/equipements-traitement-bois\/impregnation-imp-pg-des-muebles-anciens\/\" \/>\n<meta property=\"og:locale\" content=\"fr_FR\" \/>\n<meta property=\"og:type\" content=\"article\" \/>\n<meta property=\"og:title\" content=\"Impregnation IMP-PG des muebles anciens - ISVE SpA - Traitement du bois - Recyclage - Broyeurs Granulateurs\" \/>\n<meta property=\"og:description\" content=\"Impregnation des muebles anciens Traitement &#8220;curatif&#8221; de muebles anciens infest\u00e8s par les xylophages. Parmi les applications sp\u00e9ciales r\u00e9serv\u00e9es \u00e0 l\u2019IMP-PG, il est important de citer\u00a0le traitement &#8220;curatif&#8221; de meubles anciens infest\u00e9s par les xylophages\u00a0(notamment vers ou autres col\u00e9opt\u00e8res). Les meubles sont d\u00e9mont\u00e9s partiellement et dispos\u00e9s sur le b\u00e2ti des chariots. Une fois le chargement termin\u00e9,&hellip;\" \/>\n<meta property=\"og:url\" content=\"https:\/\/isve.com\/fr\/equipements-traitement-bois\/impregnation-imp-pg-des-muebles-anciens\/\" \/>\n<meta property=\"og:site_name\" content=\"ISVE SpA - Traitement du bois - Recyclage - Broyeurs Granulateurs\" \/>\n<meta property=\"article:modified_time\" content=\"2025-04-15T09:47:54+00:00\" \/>\n<meta property=\"og:image\" content=\"https:\/\/isve.com\/wp-content\/uploads\/impr\/gn\/impregnazione-trattamento-antitarlo.jpg\" \/>\n\t<meta property=\"og:image:width\" content=\"1188\" \/>\n\t<meta property=\"og:image:height\" content=\"751\" \/>\n\t<meta property=\"og:image:type\" content=\"image\/jpeg\" \/>\n<meta name=\"twitter:card\" content=\"summary_large_image\" \/>\n<meta name=\"twitter:label1\" content=\"Dur\u00e9e de lecture estim\u00e9e\" \/>\n\t<meta name=\"twitter:data1\" content=\"1 minute\" \/>\n<script type=\"application\/ld+json\" class=\"yoast-schema-graph\">{\"@context\":\"https:\\\/\\\/schema.org\",\"@graph\":[{\"@type\":\"WebPage\",\"@id\":\"https:\\\/\\\/isve.com\\\/fr\\\/equipements-traitement-bois\\\/impregnation-imp-pg-des-muebles-anciens\\\/\",\"url\":\"https:\\\/\\\/isve.com\\\/fr\\\/equipements-traitement-bois\\\/impregnation-imp-pg-des-muebles-anciens\\\/\",\"name\":\"Impregnation IMP-PG des muebles anciens - ISVE SpA - Traitement du bois - Recyclage - Broyeurs Granulateurs\",\"isPartOf\":{\"@id\":\"https:\\\/\\\/isve.com\\\/fr\\\/#website\"},\"primaryImageOfPage\":{\"@id\":\"https:\\\/\\\/isve.com\\\/fr\\\/equipements-traitement-bois\\\/impregnation-imp-pg-des-muebles-anciens\\\/#primaryimage\"},\"image\":{\"@id\":\"https:\\\/\\\/isve.com\\\/fr\\\/equipements-traitement-bois\\\/impregnation-imp-pg-des-muebles-anciens\\\/#primaryimage\"},\"thumbnailUrl\":\"https:\\\/\\\/isve.com\\\/wp-content\\\/uploads\\\/impr\\\/gn\\\/impregnazione-trattamento-antitarlo.jpg\",\"datePublished\":\"2019-12-18T14:23:05+00:00\",\"dateModified\":\"2025-04-15T09:47:54+00:00\",\"breadcrumb\":{\"@id\":\"https:\\\/\\\/isve.com\\\/fr\\\/equipements-traitement-bois\\\/impregnation-imp-pg-des-muebles-anciens\\\/#breadcrumb\"},\"inLanguage\":\"fr-FR\",\"potentialAction\":[{\"@type\":\"ReadAction\",\"target\":[\"https:\\\/\\\/isve.com\\\/fr\\\/equipements-traitement-bois\\\/impregnation-imp-pg-des-muebles-anciens\\\/\"]}]},{\"@type\":\"ImageObject\",\"inLanguage\":\"fr-FR\",\"@id\":\"https:\\\/\\\/isve.com\\\/fr\\\/equipements-traitement-bois\\\/impregnation-imp-pg-des-muebles-anciens\\\/#primaryimage\",\"url\":\"https:\\\/\\\/isve.com\\\/wp-content\\\/uploads\\\/impr\\\/gn\\\/impregnazione-trattamento-antitarlo.jpg\",\"contentUrl\":\"https:\\\/\\\/isve.com\\\/wp-content\\\/uploads\\\/impr\\\/gn\\\/impregnazione-trattamento-antitarlo.jpg\",\"width\":1188,\"height\":751},{\"@type\":\"BreadcrumbList\",\"@id\":\"https:\\\/\\\/isve.com\\\/fr\\\/equipements-traitement-bois\\\/impregnation-imp-pg-des-muebles-anciens\\\/#breadcrumb\",\"itemListElement\":[{\"@type\":\"ListItem\",\"position\":1,\"name\":\"Home\",\"item\":\"https:\\\/\\\/isve.com\\\/fr\\\/\"},{\"@type\":\"ListItem\",\"position\":2,\"name\":\"Produits Wood\",\"item\":\"https:\\\/\\\/isve.com\\\/fr\\\/equipements-traitement-bois\\\/\"},{\"@type\":\"ListItem\",\"position\":3,\"name\":\"Impregnation IMP-PG des muebles anciens\"}]},{\"@type\":\"WebSite\",\"@id\":\"https:\\\/\\\/isve.com\\\/fr\\\/#website\",\"url\":\"https:\\\/\\\/isve.com\\\/fr\\\/\",\"name\":\"ISVE S.p.A.\",\"description\":\"Syst\u00e8mes de traitement du bois et pour dechiquetage broyage granulation\",\"publisher\":{\"@id\":\"https:\\\/\\\/isve.com\\\/fr\\\/#organization\"},\"potentialAction\":[{\"@type\":\"SearchAction\",\"target\":{\"@type\":\"EntryPoint\",\"urlTemplate\":\"https:\\\/\\\/isve.com\\\/fr\\\/?s={search_term_string}\"},\"query-input\":{\"@type\":\"PropertyValueSpecification\",\"valueRequired\":true,\"valueName\":\"search_term_string\"}}],\"inLanguage\":\"fr-FR\"},{\"@type\":\"Organization\",\"@id\":\"https:\\\/\\\/isve.com\\\/fr\\\/#organization\",\"name\":\"ISVE S.p.A.\",\"url\":\"https:\\\/\\\/isve.com\\\/fr\\\/\",\"logo\":{\"@type\":\"ImageObject\",\"inLanguage\":\"fr-FR\",\"@id\":\"https:\\\/\\\/isve.com\\\/fr\\\/#\\\/schema\\\/logo\\\/image\\\/\",\"url\":\"https:\\\/\\\/isve.com\\\/wp-content\\\/uploads\\\/2026\\\/01\\\/logo-isve-spa.png\",\"contentUrl\":\"https:\\\/\\\/isve.com\\\/wp-content\\\/uploads\\\/2026\\\/01\\\/logo-isve-spa.png\",\"width\":600,\"height\":173,\"caption\":\"ISVE S.p.A.\"},\"image\":{\"@id\":\"https:\\\/\\\/isve.com\\\/fr\\\/#\\\/schema\\\/logo\\\/image\\\/\"},\"sameAs\":[\"https:\\\/\\\/www.linkedin.com\\\/company\\\/69445471\",\"https:\\\/\\\/www.youtube.com\\\/@isves.p.a.8894\"]}]}<\/script>\n<!-- \/ Yoast SEO plugin. -->","yoast_head_json":{"title":"Impregnation IMP-PG des muebles anciens - ISVE SpA - Traitement du bois - Recyclage - Broyeurs Granulateurs","robots":{"index":"index","follow":"follow","max-snippet":"max-snippet:-1","max-image-preview":"max-image-preview:large","max-video-preview":"max-video-preview:-1"},"canonical":"https:\/\/isve.com\/fr\/equipements-traitement-bois\/impregnation-imp-pg-des-muebles-anciens\/","og_locale":"fr_FR","og_type":"article","og_title":"Impregnation IMP-PG des muebles anciens - ISVE SpA - Traitement du bois - Recyclage - Broyeurs Granulateurs","og_description":"Impregnation des muebles anciens Traitement &#8220;curatif&#8221; de muebles anciens infest\u00e8s par les xylophages. Parmi les applications sp\u00e9ciales r\u00e9serv\u00e9es \u00e0 l\u2019IMP-PG, il est important de citer\u00a0le traitement &#8220;curatif&#8221; de meubles anciens infest\u00e9s par les xylophages\u00a0(notamment vers ou autres col\u00e9opt\u00e8res). Les meubles sont d\u00e9mont\u00e9s partiellement et dispos\u00e9s sur le b\u00e2ti des chariots. Une fois le chargement termin\u00e9,&hellip;","og_url":"https:\/\/isve.com\/fr\/equipements-traitement-bois\/impregnation-imp-pg-des-muebles-anciens\/","og_site_name":"ISVE SpA - Traitement du bois - Recyclage - Broyeurs Granulateurs","article_modified_time":"2025-04-15T09:47:54+00:00","og_image":[{"width":1188,"height":751,"url":"https:\/\/isve.com\/wp-content\/uploads\/impr\/gn\/impregnazione-trattamento-antitarlo.jpg","type":"image\/jpeg"}],"twitter_card":"summary_large_image","twitter_misc":{"Dur\u00e9e de lecture estim\u00e9e":"1 minute"},"schema":{"@context":"https:\/\/schema.org","@graph":[{"@type":"WebPage","@id":"https:\/\/isve.com\/fr\/equipements-traitement-bois\/impregnation-imp-pg-des-muebles-anciens\/","url":"https:\/\/isve.com\/fr\/equipements-traitement-bois\/impregnation-imp-pg-des-muebles-anciens\/","name":"Impregnation IMP-PG des muebles anciens - ISVE SpA - Traitement du bois - Recyclage - Broyeurs Granulateurs","isPartOf":{"@id":"https:\/\/isve.com\/fr\/#website"},"primaryImageOfPage":{"@id":"https:\/\/isve.com\/fr\/equipements-traitement-bois\/impregnation-imp-pg-des-muebles-anciens\/#primaryimage"},"image":{"@id":"https:\/\/isve.com\/fr\/equipements-traitement-bois\/impregnation-imp-pg-des-muebles-anciens\/#primaryimage"},"thumbnailUrl":"https:\/\/isve.com\/wp-content\/uploads\/impr\/gn\/impregnazione-trattamento-antitarlo.jpg","datePublished":"2019-12-18T14:23:05+00:00","dateModified":"2025-04-15T09:47:54+00:00","breadcrumb":{"@id":"https:\/\/isve.com\/fr\/equipements-traitement-bois\/impregnation-imp-pg-des-muebles-anciens\/#breadcrumb"},"inLanguage":"fr-FR","potentialAction":[{"@type":"ReadAction","target":["https:\/\/isve.com\/fr\/equipements-traitement-bois\/impregnation-imp-pg-des-muebles-anciens\/"]}]},{"@type":"ImageObject","inLanguage":"fr-FR","@id":"https:\/\/isve.com\/fr\/equipements-traitement-bois\/impregnation-imp-pg-des-muebles-anciens\/#primaryimage","url":"https:\/\/isve.com\/wp-content\/uploads\/impr\/gn\/impregnazione-trattamento-antitarlo.jpg","contentUrl":"https:\/\/isve.com\/wp-content\/uploads\/impr\/gn\/impregnazione-trattamento-antitarlo.jpg","width":1188,"height":751},{"@type":"BreadcrumbList","@id":"https:\/\/isve.com\/fr\/equipements-traitement-bois\/impregnation-imp-pg-des-muebles-anciens\/#breadcrumb","itemListElement":[{"@type":"ListItem","position":1,"name":"Home","item":"https:\/\/isve.com\/fr\/"},{"@type":"ListItem","position":2,"name":"Produits Wood","item":"https:\/\/isve.com\/fr\/equipements-traitement-bois\/"},{"@type":"ListItem","position":3,"name":"Impregnation IMP-PG des muebles anciens"}]},{"@type":"WebSite","@id":"https:\/\/isve.com\/fr\/#website","url":"https:\/\/isve.com\/fr\/","name":"ISVE S.p.A.","description":"Syst\u00e8mes de traitement du bois et pour dechiquetage broyage granulation","publisher":{"@id":"https:\/\/isve.com\/fr\/#organization"},"potentialAction":[{"@type":"SearchAction","target":{"@type":"EntryPoint","urlTemplate":"https:\/\/isve.com\/fr\/?s={search_term_string}"},"query-input":{"@type":"PropertyValueSpecification","valueRequired":true,"valueName":"search_term_string"}}],"inLanguage":"fr-FR"},{"@type":"Organization","@id":"https:\/\/isve.com\/fr\/#organization","name":"ISVE S.p.A.","url":"https:\/\/isve.com\/fr\/","logo":{"@type":"ImageObject","inLanguage":"fr-FR","@id":"https:\/\/isve.com\/fr\/#\/schema\/logo\/image\/","url":"https:\/\/isve.com\/wp-content\/uploads\/2026\/01\/logo-isve-spa.png","contentUrl":"https:\/\/isve.com\/wp-content\/uploads\/2026\/01\/logo-isve-spa.png","width":600,"height":173,"caption":"ISVE S.p.A."},"image":{"@id":"https:\/\/isve.com\/fr\/#\/schema\/logo\/image\/"},"sameAs":["https:\/\/www.linkedin.com\/company\/69445471","https:\/\/www.youtube.com\/@isves.p.a.8894"]}]}},"_links":{"self":[{"href":"https:\/\/isve.com\/fr\/wp-json\/wp\/v2\/pages\/14766","targetHints":{"allow":["GET"]}}],"collection":[{"href":"https:\/\/isve.com\/fr\/wp-json\/wp\/v2\/pages"}],"about":[{"href":"https:\/\/isve.com\/fr\/wp-json\/wp\/v2\/types\/page"}],"author":[{"embeddable":true,"href":"https:\/\/isve.com\/fr\/wp-json\/wp\/v2\/users\/1"}],"replies":[{"embeddable":true,"href":"https:\/\/isve.com\/fr\/wp-json\/wp\/v2\/comments?post=14766"}],"version-history":[{"count":0,"href":"https:\/\/isve.com\/fr\/wp-json\/wp\/v2\/pages\/14766\/revisions"}],"up":[{"embeddable":true,"href":"https:\/\/isve.com\/fr\/wp-json\/wp\/v2\/pages\/15965"}],"wp:featuredmedia":[{"embeddable":true,"href":"https:\/\/isve.com\/fr\/wp-json\/wp\/v2\/media\/14592"}],"wp:attachment":[{"href":"https:\/\/isve.com\/fr\/wp-json\/wp\/v2\/media?parent=14766"}],"wp:term":[{"taxonomy":"post_tag","embeddable":true,"href":"https:\/\/isve.com\/fr\/wp-json\/wp\/v2\/tags?post=14766"},{"taxonomy":"impaginazione","embeddable":true,"href":"https:\/\/isve.com\/fr\/wp-json\/wp\/v2\/impaginazione?post=14766"},{"taxonomy":"divisione","embeddable":true,"href":"https:\/\/isve.com\/fr\/wp-json\/wp\/v2\/divisione?post=14766"},{"taxonomy":"categorie_modelli","embeddable":true,"href":"https:\/\/isve.com\/fr\/wp-json\/wp\/v2\/categorie_modelli?post=14766"}],"curies":[{"name":"wp","href":"https:\/\/api.w.org\/{rel}","templated":true}]}}