{"id":14763,"date":"2019-12-18T12:18:07","date_gmt":"2019-12-18T11:18:07","guid":{"rendered":"https:\/\/isve.com\/imp-pg-oscillant-pour-impregner-les-poutrages-pour-toits\/"},"modified":"2025-04-15T11:46:56","modified_gmt":"2025-04-15T09:46:56","slug":"imp-pg-oscillant-pour-impregner-les-poutrages-pour-toits","status":"publish","type":"page","link":"https:\/\/isve.com\/fr\/equipements-traitement-bois\/imp-pg-oscillant-pour-impregner-les-poutrages-pour-toits\/","title":{"rendered":"IMP-PG Oscillant pour impregner les poutrages pour toits"},"content":{"rendered":"<h2><strong>IMP-PG Oscillant pour poutrages pour toits<\/strong><\/h2>\n<p><strong>ISVE<\/strong> a r\u00e9cemment agrandi sa gamme d&#8217;impr\u00e9gnateurs par n\u00e9bulisation avec le nouveau mod\u00e8le IMP-PG &#8220;<strong>Oscillant<\/strong>&#8220;.\u00a0Cette\u00a0<strong>autoclave sous vide permet d&#8217;impr\u00e9gner les poutrages pour toits<\/strong>\u00a0dispos\u00e9s en paquets avec des lattes convenablement interpos\u00e9es.<\/p>\n<p>L&#8217;application et l&#8217;emploi de l&#8217;IMP-PG assurent au bois la protection pour les\u00a0classes de risque\u00a0suivantes:<\/p>\n<ul>\n<li><strong>Classe de risque 1<\/strong>: situation dans laquelle le bois ou le produit \u00e0 base de bois est abrit\u00e9, compl\u00e8tement prot\u00e9g\u00e9 des agents atmosph\u00e9riques et non expos\u00e9 \u00e0 l&#8217;humidit\u00e9.<\/li>\n<li><strong>Classe de risque 2<\/strong>: situation dans laquelle le bois ou le produit \u00e0 base de bois est abrit\u00e9 et compl\u00e8tement prot\u00e9g\u00e9 des agents atmosph\u00e9riques, mais o\u00f9 une humidit\u00e9 ambiante \u00e9lev\u00e9e peut entra\u00eener une humidification occasionnelle, mais non persistante.<\/li>\n<li><strong>Classe de risque 3<\/strong>: situation dans laquelle le bois ou le produit \u00e0 base de bois n&#8217;est pas abrit\u00e9 et ne se trouve pas au contact du terrain. Il se trouve expos\u00e9 constamment aux agents atmosph\u00e9riques ou, m\u00eame en \u00e9tant prot\u00e9g\u00e9 contre ces derniers, il subit une humidification fr\u00e9quente.<\/li>\n<\/ul>\n<p>Dans ces trois cas, d\u00e9finis par le CEN (Comit\u00e9 Europ\u00e9en de Normalisation), <strong>l\u2019IMP-PG garantit au bois de construction protection et dur\u00e9e<\/strong>.<\/p>\n<p><img fetchpriority=\"high\" decoding=\"async\" class=\"size-large wp-image-5028 aligncenter\" src=\"https:\/\/isve.com\/wp-content\/uploads\/\/impregnatori-oscillanti-per-travature-tetti-legno-1024x288.png\" alt=\"\" width=\"1024\" height=\"288\" \/><\/p>\n<h2><\/h2>\n<h2><strong>Fonctionnement des impr\u00e9gnateurs oscillants<\/strong><\/h2>\n<p>Les poutres \u00e0 traiter sont ray\u00e9es en paquets et charg\u00e9es sur un chariot qui est introduit dans l&#8217;autoclave.<\/p>\n<p>Le cycle d&#8217;impr\u00e9gnation commence par l&#8217;activation de la pompe \u00e0 vide, qui a pour fonction d&#8217;\u00e9liminer l&#8217;air pr\u00e9sent dans les fibres de bois. Dans cette phase, l&#8217;ouverture de la &#8220;porosit\u00e9&#8221; du bois favorise la p\u00e9n\u00e9tration ult\u00e9rieure du produit d&#8217;impr\u00e9gnation.<\/p>\n<p>Au fond de l&#8217;autoclave, il y a un d\u00e9p\u00f4t dans lequel 100 \u00e0 600 litres de solution de conservation sont vers\u00e9s. Au moyen d&#8217;une pompe, le produit est envoy\u00e9 vers une s\u00e9rie de buses de pulv\u00e9risation automatiques, dispos\u00e9es sur deux cadres annulaires.<\/p>\n<p>Les anneaux de pulv\u00e9risation sont mont\u00e9s sur un chariot qui se d\u00e9place sur toute la longueur de l&#8217;autoclave avec un mouvement horizontal altern\u00e9. Ce mouvement a clairement pour fonction de pulv\u00e9riser les pi\u00e8ces sur toute la longueur.<\/p>\n<p>L&#8217;agent d&#8217;impr\u00e9gnation est <strong>pulv\u00e9ris\u00e9<\/strong> cr\u00e9ant une brume tr\u00e8s fine qui se d\u00e9pose dans toutes les cavit\u00e9s du bois, recouvrant compl\u00e8tement la surface. La partie exc\u00e9dentaire du produit est red\u00e9pos\u00e9e au fond de l&#8217;autoclave et est r\u00e9utilis\u00e9e <strong>en \u00e9vitant tout gaspillage<\/strong>.<\/p>\n<p>&nbsp;<\/p>\n<h2><img decoding=\"async\" class=\"alignnone size-large wp-image-5035\" src=\"https:\/\/isve.com\/wp-content\/uploads\/\/impregnatori-oscillanti-per-travature-larga-1024x296.jpg\" alt=\"\" width=\"1024\" height=\"296\" \/><\/h2>\n<h2><strong>Les avantages<\/strong><\/h2>\n<p>Le <strong>traitement du bois avec des impr\u00e9gnateurs oscillants IMP-PG<\/strong>, s&#8217;il est soutenu par un produit d&#8217;impr\u00e9gnation valide, assure une <strong>parfaite protection imperm\u00e9able, anti-cryptogamique et insecticide<\/strong> de la surface du faisceau.<\/p>\n<p>Les <strong>avantages<\/strong> qui peuvent \u00eatre obtenus sont \u00e9vidents:<\/p>\n<p>tout d&#8217;abord, en termes d&#8217;efficacit\u00e9, il n&#8217;y a pas de perte de produit ni de fuite de solvant \u00e0 l&#8217;int\u00e9rieur de l&#8217;autoclave qui, pour garantir le vide, doit \u00eatre herm\u00e9tiquement scell\u00e9.<br \/>\nL&#8217;automatisation du proc\u00e9d\u00e9 permet d&#8217;obtenir un gain de temps de l&#8217;ordre de 60%, par rapport \u00e0 un traitement traditionnel effectu\u00e9 au pinceau, au pinceau ou au pistolet.<br \/>\nEn termes de qualit\u00e9, la ferme est parfaitement impr\u00e9gn\u00e9e et avec des couleurs uniformes alors que, d&#8217;un point de vue environnemental, il n&#8217;y a pas de pertes ou d&#8217;odeurs d\u00e9sagr\u00e9ables. L&#8217;action du vide permet une tr\u00e8s forte p\u00e9n\u00e9tration et adh\u00e9rence de la peinture \u00e0 la surface interne des pores du bois, r\u00e9sultat qui ne peut \u00eatre obtenu que gr\u00e2ce \u00e0 un traitement en autoclave.<\/p>\n","protected":false},"excerpt":{"rendered":"<p>IMP-PG Oscillant pour poutrages pour toits ISVE a r\u00e9cemment agrandi sa gamme d&#8217;impr\u00e9gnateurs par n\u00e9bulisation avec le nouveau mod\u00e8le IMP-PG &#8220;Oscillant&#8220;.\u00a0Cette\u00a0autoclave sous vide permet d&#8217;impr\u00e9gner les poutrages pour toits\u00a0dispos\u00e9s en paquets avec des lattes convenablement interpos\u00e9es. L&#8217;application et l&#8217;emploi de l&#8217;IMP-PG assurent au bois la protection pour les\u00a0classes de risque\u00a0suivantes: Classe de risque 1: situation&hellip;<\/p>\n","protected":false},"author":1,"featured_media":14587,"parent":15965,"menu_order":309,"comment_status":"closed","ping_status":"closed","template":"","meta":{"_acf_changed":false,"footnotes":""},"tags":[],"impaginazione":[],"divisione":[3690],"categorie_modelli":[],"class_list":["post-14763","page","type-page","status-publish","has-post-thumbnail","hentry","divisione-isve-wood","description-off"],"acf":[],"yoast_head":"<!-- This site is optimized with the Yoast SEO plugin v27.4 - https:\/\/yoast.com\/product\/yoast-seo-wordpress\/ -->\n<title>IMP-PG Oscillant pour impregner les poutrages pour toits - ISVE SpA - Traitement du bois - Recyclage - Broyeurs Granulateurs<\/title>\n<meta name=\"robots\" content=\"index, follow, max-snippet:-1, max-image-preview:large, max-video-preview:-1\" \/>\n<link rel=\"canonical\" href=\"https:\/\/isve.com\/fr\/equipements-traitement-bois\/imp-pg-oscillant-pour-impregner-les-poutrages-pour-toits\/\" \/>\n<meta property=\"og:locale\" content=\"fr_FR\" \/>\n<meta property=\"og:type\" content=\"article\" \/>\n<meta property=\"og:title\" content=\"IMP-PG Oscillant pour impregner les poutrages pour toits - ISVE SpA - Traitement du bois - Recyclage - Broyeurs Granulateurs\" \/>\n<meta property=\"og:description\" content=\"IMP-PG Oscillant pour poutrages pour toits ISVE a r\u00e9cemment agrandi sa gamme d&#8217;impr\u00e9gnateurs par n\u00e9bulisation avec le nouveau mod\u00e8le IMP-PG &#8220;Oscillant&#8220;.\u00a0Cette\u00a0autoclave sous vide permet d&#8217;impr\u00e9gner les poutrages pour toits\u00a0dispos\u00e9s en paquets avec des lattes convenablement interpos\u00e9es. L&#8217;application et l&#8217;emploi de l&#8217;IMP-PG assurent au bois la protection pour les\u00a0classes de risque\u00a0suivantes: Classe de risque 1: situation&hellip;\" \/>\n<meta property=\"og:url\" content=\"https:\/\/isve.com\/fr\/equipements-traitement-bois\/imp-pg-oscillant-pour-impregner-les-poutrages-pour-toits\/\" \/>\n<meta property=\"og:site_name\" content=\"ISVE SpA - Traitement du bois - Recyclage - Broyeurs Granulateurs\" \/>\n<meta property=\"article:modified_time\" content=\"2025-04-15T09:46:56+00:00\" \/>\n<meta property=\"og:image\" content=\"https:\/\/isve.com\/wp-content\/uploads\/impp\/-i\/imppg-impregnatori-legno-img31.jpg\" \/>\n\t<meta property=\"og:image:width\" content=\"1920\" \/>\n\t<meta property=\"og:image:height\" content=\"1277\" \/>\n\t<meta property=\"og:image:type\" content=\"image\/jpeg\" \/>\n<meta name=\"twitter:card\" content=\"summary_large_image\" \/>\n<meta name=\"twitter:label1\" content=\"Dur\u00e9e de lecture estim\u00e9e\" \/>\n\t<meta name=\"twitter:data1\" content=\"3 minutes\" \/>\n<script type=\"application\/ld+json\" class=\"yoast-schema-graph\">{\"@context\":\"https:\\\/\\\/schema.org\",\"@graph\":[{\"@type\":\"WebPage\",\"@id\":\"https:\\\/\\\/isve.com\\\/fr\\\/equipements-traitement-bois\\\/imp-pg-oscillant-pour-impregner-les-poutrages-pour-toits\\\/\",\"url\":\"https:\\\/\\\/isve.com\\\/fr\\\/equipements-traitement-bois\\\/imp-pg-oscillant-pour-impregner-les-poutrages-pour-toits\\\/\",\"name\":\"IMP-PG Oscillant pour impregner les poutrages pour toits - ISVE SpA - Traitement du bois - Recyclage - Broyeurs Granulateurs\",\"isPartOf\":{\"@id\":\"https:\\\/\\\/isve.com\\\/fr\\\/#website\"},\"primaryImageOfPage\":{\"@id\":\"https:\\\/\\\/isve.com\\\/fr\\\/equipements-traitement-bois\\\/imp-pg-oscillant-pour-impregner-les-poutrages-pour-toits\\\/#primaryimage\"},\"image\":{\"@id\":\"https:\\\/\\\/isve.com\\\/fr\\\/equipements-traitement-bois\\\/imp-pg-oscillant-pour-impregner-les-poutrages-pour-toits\\\/#primaryimage\"},\"thumbnailUrl\":\"https:\\\/\\\/isve.com\\\/wp-content\\\/uploads\\\/impp\\\/-i\\\/imppg-impregnatori-legno-img31.jpg\",\"datePublished\":\"2019-12-18T11:18:07+00:00\",\"dateModified\":\"2025-04-15T09:46:56+00:00\",\"breadcrumb\":{\"@id\":\"https:\\\/\\\/isve.com\\\/fr\\\/equipements-traitement-bois\\\/imp-pg-oscillant-pour-impregner-les-poutrages-pour-toits\\\/#breadcrumb\"},\"inLanguage\":\"fr-FR\",\"potentialAction\":[{\"@type\":\"ReadAction\",\"target\":[\"https:\\\/\\\/isve.com\\\/fr\\\/equipements-traitement-bois\\\/imp-pg-oscillant-pour-impregner-les-poutrages-pour-toits\\\/\"]}]},{\"@type\":\"ImageObject\",\"inLanguage\":\"fr-FR\",\"@id\":\"https:\\\/\\\/isve.com\\\/fr\\\/equipements-traitement-bois\\\/imp-pg-oscillant-pour-impregner-les-poutrages-pour-toits\\\/#primaryimage\",\"url\":\"https:\\\/\\\/isve.com\\\/wp-content\\\/uploads\\\/impp\\\/-i\\\/imppg-impregnatori-legno-img31.jpg\",\"contentUrl\":\"https:\\\/\\\/isve.com\\\/wp-content\\\/uploads\\\/impp\\\/-i\\\/imppg-impregnatori-legno-img31.jpg\",\"width\":1920,\"height\":1277},{\"@type\":\"BreadcrumbList\",\"@id\":\"https:\\\/\\\/isve.com\\\/fr\\\/equipements-traitement-bois\\\/imp-pg-oscillant-pour-impregner-les-poutrages-pour-toits\\\/#breadcrumb\",\"itemListElement\":[{\"@type\":\"ListItem\",\"position\":1,\"name\":\"Home\",\"item\":\"https:\\\/\\\/isve.com\\\/fr\\\/\"},{\"@type\":\"ListItem\",\"position\":2,\"name\":\"Produits Wood\",\"item\":\"https:\\\/\\\/isve.com\\\/fr\\\/equipements-traitement-bois\\\/\"},{\"@type\":\"ListItem\",\"position\":3,\"name\":\"IMP-PG Oscillant pour impregner les poutrages pour toits\"}]},{\"@type\":\"WebSite\",\"@id\":\"https:\\\/\\\/isve.com\\\/fr\\\/#website\",\"url\":\"https:\\\/\\\/isve.com\\\/fr\\\/\",\"name\":\"ISVE S.p.A.\",\"description\":\"Syst\u00e8mes de traitement du bois et pour dechiquetage broyage granulation\",\"publisher\":{\"@id\":\"https:\\\/\\\/isve.com\\\/fr\\\/#organization\"},\"potentialAction\":[{\"@type\":\"SearchAction\",\"target\":{\"@type\":\"EntryPoint\",\"urlTemplate\":\"https:\\\/\\\/isve.com\\\/fr\\\/?s={search_term_string}\"},\"query-input\":{\"@type\":\"PropertyValueSpecification\",\"valueRequired\":true,\"valueName\":\"search_term_string\"}}],\"inLanguage\":\"fr-FR\"},{\"@type\":\"Organization\",\"@id\":\"https:\\\/\\\/isve.com\\\/fr\\\/#organization\",\"name\":\"ISVE S.p.A.\",\"url\":\"https:\\\/\\\/isve.com\\\/fr\\\/\",\"logo\":{\"@type\":\"ImageObject\",\"inLanguage\":\"fr-FR\",\"@id\":\"https:\\\/\\\/isve.com\\\/fr\\\/#\\\/schema\\\/logo\\\/image\\\/\",\"url\":\"https:\\\/\\\/isve.com\\\/wp-content\\\/uploads\\\/2026\\\/01\\\/logo-isve-spa.png\",\"contentUrl\":\"https:\\\/\\\/isve.com\\\/wp-content\\\/uploads\\\/2026\\\/01\\\/logo-isve-spa.png\",\"width\":600,\"height\":173,\"caption\":\"ISVE S.p.A.\"},\"image\":{\"@id\":\"https:\\\/\\\/isve.com\\\/fr\\\/#\\\/schema\\\/logo\\\/image\\\/\"},\"sameAs\":[\"https:\\\/\\\/www.linkedin.com\\\/company\\\/69445471\",\"https:\\\/\\\/www.youtube.com\\\/@isves.p.a.8894\"]}]}<\/script>\n<!-- \/ Yoast SEO plugin. -->","yoast_head_json":{"title":"IMP-PG Oscillant pour impregner les poutrages pour toits - ISVE SpA - Traitement du bois - Recyclage - Broyeurs Granulateurs","robots":{"index":"index","follow":"follow","max-snippet":"max-snippet:-1","max-image-preview":"max-image-preview:large","max-video-preview":"max-video-preview:-1"},"canonical":"https:\/\/isve.com\/fr\/equipements-traitement-bois\/imp-pg-oscillant-pour-impregner-les-poutrages-pour-toits\/","og_locale":"fr_FR","og_type":"article","og_title":"IMP-PG Oscillant pour impregner les poutrages pour toits - ISVE SpA - Traitement du bois - Recyclage - Broyeurs Granulateurs","og_description":"IMP-PG Oscillant pour poutrages pour toits ISVE a r\u00e9cemment agrandi sa gamme d&#8217;impr\u00e9gnateurs par n\u00e9bulisation avec le nouveau mod\u00e8le IMP-PG &#8220;Oscillant&#8220;.\u00a0Cette\u00a0autoclave sous vide permet d&#8217;impr\u00e9gner les poutrages pour toits\u00a0dispos\u00e9s en paquets avec des lattes convenablement interpos\u00e9es. L&#8217;application et l&#8217;emploi de l&#8217;IMP-PG assurent au bois la protection pour les\u00a0classes de risque\u00a0suivantes: Classe de risque 1: situation&hellip;","og_url":"https:\/\/isve.com\/fr\/equipements-traitement-bois\/imp-pg-oscillant-pour-impregner-les-poutrages-pour-toits\/","og_site_name":"ISVE SpA - Traitement du bois - Recyclage - Broyeurs Granulateurs","article_modified_time":"2025-04-15T09:46:56+00:00","og_image":[{"width":1920,"height":1277,"url":"https:\/\/isve.com\/wp-content\/uploads\/impp\/-i\/imppg-impregnatori-legno-img31.jpg","type":"image\/jpeg"}],"twitter_card":"summary_large_image","twitter_misc":{"Dur\u00e9e de lecture estim\u00e9e":"3 minutes"},"schema":{"@context":"https:\/\/schema.org","@graph":[{"@type":"WebPage","@id":"https:\/\/isve.com\/fr\/equipements-traitement-bois\/imp-pg-oscillant-pour-impregner-les-poutrages-pour-toits\/","url":"https:\/\/isve.com\/fr\/equipements-traitement-bois\/imp-pg-oscillant-pour-impregner-les-poutrages-pour-toits\/","name":"IMP-PG Oscillant pour impregner les poutrages pour toits - ISVE SpA - Traitement du bois - Recyclage - Broyeurs Granulateurs","isPartOf":{"@id":"https:\/\/isve.com\/fr\/#website"},"primaryImageOfPage":{"@id":"https:\/\/isve.com\/fr\/equipements-traitement-bois\/imp-pg-oscillant-pour-impregner-les-poutrages-pour-toits\/#primaryimage"},"image":{"@id":"https:\/\/isve.com\/fr\/equipements-traitement-bois\/imp-pg-oscillant-pour-impregner-les-poutrages-pour-toits\/#primaryimage"},"thumbnailUrl":"https:\/\/isve.com\/wp-content\/uploads\/impp\/-i\/imppg-impregnatori-legno-img31.jpg","datePublished":"2019-12-18T11:18:07+00:00","dateModified":"2025-04-15T09:46:56+00:00","breadcrumb":{"@id":"https:\/\/isve.com\/fr\/equipements-traitement-bois\/imp-pg-oscillant-pour-impregner-les-poutrages-pour-toits\/#breadcrumb"},"inLanguage":"fr-FR","potentialAction":[{"@type":"ReadAction","target":["https:\/\/isve.com\/fr\/equipements-traitement-bois\/imp-pg-oscillant-pour-impregner-les-poutrages-pour-toits\/"]}]},{"@type":"ImageObject","inLanguage":"fr-FR","@id":"https:\/\/isve.com\/fr\/equipements-traitement-bois\/imp-pg-oscillant-pour-impregner-les-poutrages-pour-toits\/#primaryimage","url":"https:\/\/isve.com\/wp-content\/uploads\/impp\/-i\/imppg-impregnatori-legno-img31.jpg","contentUrl":"https:\/\/isve.com\/wp-content\/uploads\/impp\/-i\/imppg-impregnatori-legno-img31.jpg","width":1920,"height":1277},{"@type":"BreadcrumbList","@id":"https:\/\/isve.com\/fr\/equipements-traitement-bois\/imp-pg-oscillant-pour-impregner-les-poutrages-pour-toits\/#breadcrumb","itemListElement":[{"@type":"ListItem","position":1,"name":"Home","item":"https:\/\/isve.com\/fr\/"},{"@type":"ListItem","position":2,"name":"Produits Wood","item":"https:\/\/isve.com\/fr\/equipements-traitement-bois\/"},{"@type":"ListItem","position":3,"name":"IMP-PG Oscillant pour impregner les poutrages pour toits"}]},{"@type":"WebSite","@id":"https:\/\/isve.com\/fr\/#website","url":"https:\/\/isve.com\/fr\/","name":"ISVE S.p.A.","description":"Syst\u00e8mes de traitement du bois et pour dechiquetage broyage granulation","publisher":{"@id":"https:\/\/isve.com\/fr\/#organization"},"potentialAction":[{"@type":"SearchAction","target":{"@type":"EntryPoint","urlTemplate":"https:\/\/isve.com\/fr\/?s={search_term_string}"},"query-input":{"@type":"PropertyValueSpecification","valueRequired":true,"valueName":"search_term_string"}}],"inLanguage":"fr-FR"},{"@type":"Organization","@id":"https:\/\/isve.com\/fr\/#organization","name":"ISVE S.p.A.","url":"https:\/\/isve.com\/fr\/","logo":{"@type":"ImageObject","inLanguage":"fr-FR","@id":"https:\/\/isve.com\/fr\/#\/schema\/logo\/image\/","url":"https:\/\/isve.com\/wp-content\/uploads\/2026\/01\/logo-isve-spa.png","contentUrl":"https:\/\/isve.com\/wp-content\/uploads\/2026\/01\/logo-isve-spa.png","width":600,"height":173,"caption":"ISVE S.p.A."},"image":{"@id":"https:\/\/isve.com\/fr\/#\/schema\/logo\/image\/"},"sameAs":["https:\/\/www.linkedin.com\/company\/69445471","https:\/\/www.youtube.com\/@isves.p.a.8894"]}]}},"_links":{"self":[{"href":"https:\/\/isve.com\/fr\/wp-json\/wp\/v2\/pages\/14763","targetHints":{"allow":["GET"]}}],"collection":[{"href":"https:\/\/isve.com\/fr\/wp-json\/wp\/v2\/pages"}],"about":[{"href":"https:\/\/isve.com\/fr\/wp-json\/wp\/v2\/types\/page"}],"author":[{"embeddable":true,"href":"https:\/\/isve.com\/fr\/wp-json\/wp\/v2\/users\/1"}],"replies":[{"embeddable":true,"href":"https:\/\/isve.com\/fr\/wp-json\/wp\/v2\/comments?post=14763"}],"version-history":[{"count":0,"href":"https:\/\/isve.com\/fr\/wp-json\/wp\/v2\/pages\/14763\/revisions"}],"up":[{"embeddable":true,"href":"https:\/\/isve.com\/fr\/wp-json\/wp\/v2\/pages\/15965"}],"wp:featuredmedia":[{"embeddable":true,"href":"https:\/\/isve.com\/fr\/wp-json\/wp\/v2\/media\/14587"}],"wp:attachment":[{"href":"https:\/\/isve.com\/fr\/wp-json\/wp\/v2\/media?parent=14763"}],"wp:term":[{"taxonomy":"post_tag","embeddable":true,"href":"https:\/\/isve.com\/fr\/wp-json\/wp\/v2\/tags?post=14763"},{"taxonomy":"impaginazione","embeddable":true,"href":"https:\/\/isve.com\/fr\/wp-json\/wp\/v2\/impaginazione?post=14763"},{"taxonomy":"divisione","embeddable":true,"href":"https:\/\/isve.com\/fr\/wp-json\/wp\/v2\/divisione?post=14763"},{"taxonomy":"categorie_modelli","embeddable":true,"href":"https:\/\/isve.com\/fr\/wp-json\/wp\/v2\/categorie_modelli?post=14763"}],"curies":[{"name":"wp","href":"https:\/\/api.w.org\/{rel}","templated":true}]}}