{"id":14760,"date":"2019-12-18T11:57:39","date_gmt":"2019-12-18T10:57:39","guid":{"rendered":"https:\/\/isve.com\/evolution-de-la-technique\/"},"modified":"2025-04-15T12:02:42","modified_gmt":"2025-04-15T10:02:42","slug":"evolution-de-la-technique","status":"publish","type":"page","link":"https:\/\/isve.com\/fr\/equipements-traitement-bois\/evolution-de-la-technique\/","title":{"rendered":"Impr\u00e9gnation sous vide du bois: evolution de la technique"},"content":{"rendered":"<h3><strong>Installations d&#8217;impregnation sous vide pour travailler avec une quantit\u00e8 limit\u00e8 de solution impregnante.<\/strong><\/h3>\n<p>Lors de sa premi\u00e8re \u00e9tape de d\u00e9veloppement, l&#8217;impr\u00e9gnation en autoclave visait \u00e0 am\u00e9liorer la <strong>durabilit\u00e9<\/strong> et la <strong>protection<\/strong> du bois travaill\u00e9.<br \/>\nFace aux attentes croissantes du march\u00e9 et \u00e0 la demande pressante de standards de qualit\u00e9 \u00e9lev\u00e9s, la n\u00e9cessit\u00e9 d&#8217;assurer des <strong>caract\u00e9ristiques esth\u00e9tiques<\/strong> du bois s&#8217;est affirm\u00e9e: coloration, correction de d\u00e9fauts et d&#8217;irr\u00e9gularit\u00e9s et mise en valeur des veines typiques de chaque esp\u00e8ce.<\/p>\n<p>Le vernissage de grosse \u00e9paisseur et ne laissant pas au bois la possibilit\u00e9 de respirer a \u00e9volu\u00e9 dans le temps \u00e0 travers la r\u00e9alisation de <strong>pellicules fines<\/strong> et de <strong>laques<\/strong>. Ces produits non seulement sont <strong>meilleur march\u00e9<\/strong>, mais ils am\u00e9liorent l&#8217;aspect esth\u00e9tique de la surface trait\u00e9e tout en la rendant agr\u00e9able au toucher.<br \/>\nCependant d\u00e8s les premi\u00e8res \u00e9tapes du travail, la diminution de protection r\u00e9percute sur un facteur de premi\u00e8re importance: la <strong>dur\u00e9e<\/strong>.<\/p>\n<hr \/>\n<h3><strong>PROPOSITION ISVE<\/strong><\/h3>\n<p>La r\u00e9alisation des <strong>installations d&#8217;impr\u00e9gnation sous vide IMP-PG<\/strong>, \u00e9tudi\u00e9es pour travailler avec <strong>une quantit\u00e9 limit\u00e9<\/strong> de solution impr\u00e9gnante immobilis\u00e9e, a rendu possible une premi\u00e8re application d&#8217;impr\u00e9gnants incolores ou color\u00e9s suivies des vernis de fond et de finition.<\/p>\n<p>L&#8217;installation, qui est <strong>ferm\u00e9e herm\u00e9tiquement<\/strong> et fonctionne en <strong>cycle automatique<\/strong>, \u00e9limine les contraintes suivantes:<\/p>\n<p>a) avoir recours \u00e0 un personnel sp\u00e9cialis\u00e9.<br \/>\nb) employer des \u00e9quipements co\u00fbteux pour le traitement et le filtrage des r\u00e9sidus de vernissage.<br \/>\nc) consommer plus de produit de vernissage que n\u00e9cessaire.<br \/>\nd) accomplir des contr\u00f4les \u00e9labor\u00e9s pour assurer une qualit\u00e9 constante.<\/p>\n<p>Cette m\u00e9thode <strong>garantit<\/strong> en outre:<\/p>\n<ol>\n<li>L&#8217;emploi, dans la m\u00eame installation, d&#8217;une vaste gamme de produits impr\u00e9gnants de protection et de soin contre vers, termites, champignons, etc., pour les bois soumis aux classes de risque 1, 2 et 3.<\/li>\n<li>Protection parfaitement homog\u00e8ne contre les rayons du soleil.<\/li>\n<li>Protection contre l&#8217;humidit\u00e9 et contre l&#8217;eau: l&#8217;application parfaitement homog\u00e8ne imperm\u00e9abilise jusqu&#8217;au dernier micropore, rendant ainsi le bois hydrophobe.<\/li>\n<li>Proc\u00e9d\u00e9 de vernissage innovateur, permettant une application parfaitement homog\u00e8ne et une p\u00e9n\u00e9tration totale de la r\u00e9sine dans les jointures, les fissures et les zones faibles dont d&#8217;autres proc\u00e9d\u00e9s n&#8217;assure pas la protection.<\/li>\n<li>Le niveau de fixage assur\u00e9 par l&#8217;application du produit de vernissage en l&#8217;absence d&#8217;air avec l&#8217;application du double vide (vac-vac) permet au produit de p\u00e9n\u00e9trer jusque dans les plus petits pores, obtenant ainsi une dur\u00e9e 3 ou 4 fois sup\u00e9rieure \u00e0 celle du vernissage traditionnel.<\/li>\n<li>Excellente tenue entre la finition et le fond.<\/li>\n<li>R\u00e9duction sensible du temps de pr\u00e9paration des surfaces apr\u00e8s l&#8217;application du fond gr\u00e2ce \u00e0 l&#8217;apparition minime du ph\u00e9nom\u00e8ne de &#8220;soul\u00e8vement du poil&#8221;.<\/li>\n<li>R\u00e9cup\u00e9ration de tout le produit qui n&#8217;est pas appliqu\u00e9 sur les pi\u00e8ces.<\/li>\n<li>Aucun d\u00e9chet n&#8217;est produit.<\/li>\n<\/ol>\n","protected":false},"excerpt":{"rendered":"<p>Installations d&#8217;impregnation sous vide pour travailler avec une quantit\u00e8 limit\u00e8 de solution impregnante. Lors de sa premi\u00e8re \u00e9tape de d\u00e9veloppement, l&#8217;impr\u00e9gnation en autoclave visait \u00e0 am\u00e9liorer la durabilit\u00e9 et la protection du bois travaill\u00e9. Face aux attentes croissantes du march\u00e9 et \u00e0 la demande pressante de standards de qualit\u00e9 \u00e9lev\u00e9s, la n\u00e9cessit\u00e9 d&#8217;assurer des caract\u00e9ristiques&hellip;<\/p>\n","protected":false},"author":1,"featured_media":14582,"parent":15965,"menu_order":297,"comment_status":"closed","ping_status":"closed","template":"","meta":{"_acf_changed":false,"footnotes":""},"tags":[],"impaginazione":[],"divisione":[3690],"categorie_modelli":[],"class_list":["post-14760","page","type-page","status-publish","has-post-thumbnail","hentry","divisione-isve-wood","description-off"],"acf":[],"yoast_head":"<!-- This site is optimized with the Yoast SEO plugin v27.4 - https:\/\/yoast.com\/product\/yoast-seo-wordpress\/ -->\n<title>Impr\u00e9gnation sous vide du bois: evolution de la technique - ISVE SpA - Traitement du bois - Recyclage - Broyeurs Granulateurs<\/title>\n<meta name=\"robots\" content=\"index, follow, max-snippet:-1, max-image-preview:large, max-video-preview:-1\" \/>\n<link rel=\"canonical\" href=\"https:\/\/isve.com\/fr\/equipements-traitement-bois\/evolution-de-la-technique\/\" \/>\n<meta property=\"og:locale\" content=\"fr_FR\" \/>\n<meta property=\"og:type\" content=\"article\" \/>\n<meta property=\"og:title\" content=\"Impr\u00e9gnation sous vide du bois: evolution de la technique - ISVE SpA - Traitement du bois - Recyclage - Broyeurs Granulateurs\" \/>\n<meta property=\"og:description\" content=\"Installations d&#8217;impregnation sous vide pour travailler avec une quantit\u00e8 limit\u00e8 de solution impregnante. Lors de sa premi\u00e8re \u00e9tape de d\u00e9veloppement, l&#8217;impr\u00e9gnation en autoclave visait \u00e0 am\u00e9liorer la durabilit\u00e9 et la protection du bois travaill\u00e9. Face aux attentes croissantes du march\u00e9 et \u00e0 la demande pressante de standards de qualit\u00e9 \u00e9lev\u00e9s, la n\u00e9cessit\u00e9 d&#8217;assurer des caract\u00e9ristiques&hellip;\" \/>\n<meta property=\"og:url\" content=\"https:\/\/isve.com\/fr\/equipements-traitement-bois\/evolution-de-la-technique\/\" \/>\n<meta property=\"og:site_name\" content=\"ISVE SpA - Traitement du bois - Recyclage - Broyeurs Granulateurs\" \/>\n<meta property=\"article:modified_time\" content=\"2025-04-15T10:02:42+00:00\" \/>\n<meta property=\"og:image\" content=\"https:\/\/isve.com\/wp-content\/uploads\/impr\/gn\/impregnatori_serie-imp-pg_larga3.jpg\" \/>\n\t<meta property=\"og:image:width\" content=\"1400\" \/>\n\t<meta property=\"og:image:height\" content=\"638\" \/>\n\t<meta property=\"og:image:type\" content=\"image\/jpeg\" \/>\n<meta name=\"twitter:card\" content=\"summary_large_image\" \/>\n<meta name=\"twitter:label1\" content=\"Dur\u00e9e de lecture estim\u00e9e\" \/>\n\t<meta name=\"twitter:data1\" content=\"2 minutes\" \/>\n<script type=\"application\/ld+json\" class=\"yoast-schema-graph\">{\"@context\":\"https:\\\/\\\/schema.org\",\"@graph\":[{\"@type\":\"WebPage\",\"@id\":\"https:\\\/\\\/isve.com\\\/fr\\\/equipements-traitement-bois\\\/evolution-de-la-technique\\\/\",\"url\":\"https:\\\/\\\/isve.com\\\/fr\\\/equipements-traitement-bois\\\/evolution-de-la-technique\\\/\",\"name\":\"Impr\u00e9gnation sous vide du bois: evolution de la technique - ISVE SpA - Traitement du bois - Recyclage - Broyeurs Granulateurs\",\"isPartOf\":{\"@id\":\"https:\\\/\\\/isve.com\\\/fr\\\/#website\"},\"primaryImageOfPage\":{\"@id\":\"https:\\\/\\\/isve.com\\\/fr\\\/equipements-traitement-bois\\\/evolution-de-la-technique\\\/#primaryimage\"},\"image\":{\"@id\":\"https:\\\/\\\/isve.com\\\/fr\\\/equipements-traitement-bois\\\/evolution-de-la-technique\\\/#primaryimage\"},\"thumbnailUrl\":\"https:\\\/\\\/isve.com\\\/wp-content\\\/uploads\\\/impr\\\/gn\\\/impregnatori_serie-imp-pg_larga3.jpg\",\"datePublished\":\"2019-12-18T10:57:39+00:00\",\"dateModified\":\"2025-04-15T10:02:42+00:00\",\"breadcrumb\":{\"@id\":\"https:\\\/\\\/isve.com\\\/fr\\\/equipements-traitement-bois\\\/evolution-de-la-technique\\\/#breadcrumb\"},\"inLanguage\":\"fr-FR\",\"potentialAction\":[{\"@type\":\"ReadAction\",\"target\":[\"https:\\\/\\\/isve.com\\\/fr\\\/equipements-traitement-bois\\\/evolution-de-la-technique\\\/\"]}]},{\"@type\":\"ImageObject\",\"inLanguage\":\"fr-FR\",\"@id\":\"https:\\\/\\\/isve.com\\\/fr\\\/equipements-traitement-bois\\\/evolution-de-la-technique\\\/#primaryimage\",\"url\":\"https:\\\/\\\/isve.com\\\/wp-content\\\/uploads\\\/impr\\\/gn\\\/impregnatori_serie-imp-pg_larga3.jpg\",\"contentUrl\":\"https:\\\/\\\/isve.com\\\/wp-content\\\/uploads\\\/impr\\\/gn\\\/impregnatori_serie-imp-pg_larga3.jpg\",\"width\":1400,\"height\":638},{\"@type\":\"BreadcrumbList\",\"@id\":\"https:\\\/\\\/isve.com\\\/fr\\\/equipements-traitement-bois\\\/evolution-de-la-technique\\\/#breadcrumb\",\"itemListElement\":[{\"@type\":\"ListItem\",\"position\":1,\"name\":\"Home\",\"item\":\"https:\\\/\\\/isve.com\\\/fr\\\/\"},{\"@type\":\"ListItem\",\"position\":2,\"name\":\"Produits Wood\",\"item\":\"https:\\\/\\\/isve.com\\\/fr\\\/equipements-traitement-bois\\\/\"},{\"@type\":\"ListItem\",\"position\":3,\"name\":\"Impr\u00e9gnation sous vide du bois: evolution de la technique\"}]},{\"@type\":\"WebSite\",\"@id\":\"https:\\\/\\\/isve.com\\\/fr\\\/#website\",\"url\":\"https:\\\/\\\/isve.com\\\/fr\\\/\",\"name\":\"ISVE S.p.A.\",\"description\":\"Syst\u00e8mes de traitement du bois et pour dechiquetage broyage granulation\",\"publisher\":{\"@id\":\"https:\\\/\\\/isve.com\\\/fr\\\/#organization\"},\"potentialAction\":[{\"@type\":\"SearchAction\",\"target\":{\"@type\":\"EntryPoint\",\"urlTemplate\":\"https:\\\/\\\/isve.com\\\/fr\\\/?s={search_term_string}\"},\"query-input\":{\"@type\":\"PropertyValueSpecification\",\"valueRequired\":true,\"valueName\":\"search_term_string\"}}],\"inLanguage\":\"fr-FR\"},{\"@type\":\"Organization\",\"@id\":\"https:\\\/\\\/isve.com\\\/fr\\\/#organization\",\"name\":\"ISVE S.p.A.\",\"url\":\"https:\\\/\\\/isve.com\\\/fr\\\/\",\"logo\":{\"@type\":\"ImageObject\",\"inLanguage\":\"fr-FR\",\"@id\":\"https:\\\/\\\/isve.com\\\/fr\\\/#\\\/schema\\\/logo\\\/image\\\/\",\"url\":\"https:\\\/\\\/isve.com\\\/wp-content\\\/uploads\\\/2026\\\/01\\\/logo-isve-spa.png\",\"contentUrl\":\"https:\\\/\\\/isve.com\\\/wp-content\\\/uploads\\\/2026\\\/01\\\/logo-isve-spa.png\",\"width\":600,\"height\":173,\"caption\":\"ISVE S.p.A.\"},\"image\":{\"@id\":\"https:\\\/\\\/isve.com\\\/fr\\\/#\\\/schema\\\/logo\\\/image\\\/\"},\"sameAs\":[\"https:\\\/\\\/www.linkedin.com\\\/company\\\/69445471\",\"https:\\\/\\\/www.youtube.com\\\/@isves.p.a.8894\"]}]}<\/script>\n<!-- \/ Yoast SEO plugin. -->","yoast_head_json":{"title":"Impr\u00e9gnation sous vide du bois: evolution de la technique - ISVE SpA - Traitement du bois - Recyclage - Broyeurs Granulateurs","robots":{"index":"index","follow":"follow","max-snippet":"max-snippet:-1","max-image-preview":"max-image-preview:large","max-video-preview":"max-video-preview:-1"},"canonical":"https:\/\/isve.com\/fr\/equipements-traitement-bois\/evolution-de-la-technique\/","og_locale":"fr_FR","og_type":"article","og_title":"Impr\u00e9gnation sous vide du bois: evolution de la technique - ISVE SpA - Traitement du bois - Recyclage - Broyeurs Granulateurs","og_description":"Installations d&#8217;impregnation sous vide pour travailler avec une quantit\u00e8 limit\u00e8 de solution impregnante. Lors de sa premi\u00e8re \u00e9tape de d\u00e9veloppement, l&#8217;impr\u00e9gnation en autoclave visait \u00e0 am\u00e9liorer la durabilit\u00e9 et la protection du bois travaill\u00e9. Face aux attentes croissantes du march\u00e9 et \u00e0 la demande pressante de standards de qualit\u00e9 \u00e9lev\u00e9s, la n\u00e9cessit\u00e9 d&#8217;assurer des caract\u00e9ristiques&hellip;","og_url":"https:\/\/isve.com\/fr\/equipements-traitement-bois\/evolution-de-la-technique\/","og_site_name":"ISVE SpA - Traitement du bois - Recyclage - Broyeurs Granulateurs","article_modified_time":"2025-04-15T10:02:42+00:00","og_image":[{"width":1400,"height":638,"url":"https:\/\/isve.com\/wp-content\/uploads\/impr\/gn\/impregnatori_serie-imp-pg_larga3.jpg","type":"image\/jpeg"}],"twitter_card":"summary_large_image","twitter_misc":{"Dur\u00e9e de lecture estim\u00e9e":"2 minutes"},"schema":{"@context":"https:\/\/schema.org","@graph":[{"@type":"WebPage","@id":"https:\/\/isve.com\/fr\/equipements-traitement-bois\/evolution-de-la-technique\/","url":"https:\/\/isve.com\/fr\/equipements-traitement-bois\/evolution-de-la-technique\/","name":"Impr\u00e9gnation sous vide du bois: evolution de la technique - ISVE SpA - Traitement du bois - Recyclage - Broyeurs Granulateurs","isPartOf":{"@id":"https:\/\/isve.com\/fr\/#website"},"primaryImageOfPage":{"@id":"https:\/\/isve.com\/fr\/equipements-traitement-bois\/evolution-de-la-technique\/#primaryimage"},"image":{"@id":"https:\/\/isve.com\/fr\/equipements-traitement-bois\/evolution-de-la-technique\/#primaryimage"},"thumbnailUrl":"https:\/\/isve.com\/wp-content\/uploads\/impr\/gn\/impregnatori_serie-imp-pg_larga3.jpg","datePublished":"2019-12-18T10:57:39+00:00","dateModified":"2025-04-15T10:02:42+00:00","breadcrumb":{"@id":"https:\/\/isve.com\/fr\/equipements-traitement-bois\/evolution-de-la-technique\/#breadcrumb"},"inLanguage":"fr-FR","potentialAction":[{"@type":"ReadAction","target":["https:\/\/isve.com\/fr\/equipements-traitement-bois\/evolution-de-la-technique\/"]}]},{"@type":"ImageObject","inLanguage":"fr-FR","@id":"https:\/\/isve.com\/fr\/equipements-traitement-bois\/evolution-de-la-technique\/#primaryimage","url":"https:\/\/isve.com\/wp-content\/uploads\/impr\/gn\/impregnatori_serie-imp-pg_larga3.jpg","contentUrl":"https:\/\/isve.com\/wp-content\/uploads\/impr\/gn\/impregnatori_serie-imp-pg_larga3.jpg","width":1400,"height":638},{"@type":"BreadcrumbList","@id":"https:\/\/isve.com\/fr\/equipements-traitement-bois\/evolution-de-la-technique\/#breadcrumb","itemListElement":[{"@type":"ListItem","position":1,"name":"Home","item":"https:\/\/isve.com\/fr\/"},{"@type":"ListItem","position":2,"name":"Produits Wood","item":"https:\/\/isve.com\/fr\/equipements-traitement-bois\/"},{"@type":"ListItem","position":3,"name":"Impr\u00e9gnation sous vide du bois: evolution de la technique"}]},{"@type":"WebSite","@id":"https:\/\/isve.com\/fr\/#website","url":"https:\/\/isve.com\/fr\/","name":"ISVE S.p.A.","description":"Syst\u00e8mes de traitement du bois et pour dechiquetage broyage granulation","publisher":{"@id":"https:\/\/isve.com\/fr\/#organization"},"potentialAction":[{"@type":"SearchAction","target":{"@type":"EntryPoint","urlTemplate":"https:\/\/isve.com\/fr\/?s={search_term_string}"},"query-input":{"@type":"PropertyValueSpecification","valueRequired":true,"valueName":"search_term_string"}}],"inLanguage":"fr-FR"},{"@type":"Organization","@id":"https:\/\/isve.com\/fr\/#organization","name":"ISVE S.p.A.","url":"https:\/\/isve.com\/fr\/","logo":{"@type":"ImageObject","inLanguage":"fr-FR","@id":"https:\/\/isve.com\/fr\/#\/schema\/logo\/image\/","url":"https:\/\/isve.com\/wp-content\/uploads\/2026\/01\/logo-isve-spa.png","contentUrl":"https:\/\/isve.com\/wp-content\/uploads\/2026\/01\/logo-isve-spa.png","width":600,"height":173,"caption":"ISVE S.p.A."},"image":{"@id":"https:\/\/isve.com\/fr\/#\/schema\/logo\/image\/"},"sameAs":["https:\/\/www.linkedin.com\/company\/69445471","https:\/\/www.youtube.com\/@isves.p.a.8894"]}]}},"_links":{"self":[{"href":"https:\/\/isve.com\/fr\/wp-json\/wp\/v2\/pages\/14760","targetHints":{"allow":["GET"]}}],"collection":[{"href":"https:\/\/isve.com\/fr\/wp-json\/wp\/v2\/pages"}],"about":[{"href":"https:\/\/isve.com\/fr\/wp-json\/wp\/v2\/types\/page"}],"author":[{"embeddable":true,"href":"https:\/\/isve.com\/fr\/wp-json\/wp\/v2\/users\/1"}],"replies":[{"embeddable":true,"href":"https:\/\/isve.com\/fr\/wp-json\/wp\/v2\/comments?post=14760"}],"version-history":[{"count":0,"href":"https:\/\/isve.com\/fr\/wp-json\/wp\/v2\/pages\/14760\/revisions"}],"up":[{"embeddable":true,"href":"https:\/\/isve.com\/fr\/wp-json\/wp\/v2\/pages\/15965"}],"wp:featuredmedia":[{"embeddable":true,"href":"https:\/\/isve.com\/fr\/wp-json\/wp\/v2\/media\/14582"}],"wp:attachment":[{"href":"https:\/\/isve.com\/fr\/wp-json\/wp\/v2\/media?parent=14760"}],"wp:term":[{"taxonomy":"post_tag","embeddable":true,"href":"https:\/\/isve.com\/fr\/wp-json\/wp\/v2\/tags?post=14760"},{"taxonomy":"impaginazione","embeddable":true,"href":"https:\/\/isve.com\/fr\/wp-json\/wp\/v2\/impaginazione?post=14760"},{"taxonomy":"divisione","embeddable":true,"href":"https:\/\/isve.com\/fr\/wp-json\/wp\/v2\/divisione?post=14760"},{"taxonomy":"categorie_modelli","embeddable":true,"href":"https:\/\/isve.com\/fr\/wp-json\/wp\/v2\/categorie_modelli?post=14760"}],"curies":[{"name":"wp","href":"https:\/\/api.w.org\/{rel}","templated":true}]}}