{"id":14757,"date":"2019-12-17T15:52:13","date_gmt":"2019-12-17T14:52:13","guid":{"rendered":"https:\/\/isve.com\/impregnateurs-bois-imp-pg\/"},"modified":"2025-09-05T12:29:52","modified_gmt":"2025-09-05T10:29:52","slug":"impregnateurs-bois-imp-pg","status":"publish","type":"page","link":"https:\/\/isve.com\/fr\/equipements-traitement-bois\/impregnateurs-bois-imp-pg\/","title":{"rendered":"Impregnateurs pour bois IMP-PG"},"content":{"rendered":"<h3><strong>Impregnateurs sous-vide IMP-PG<\/strong><\/h3>\n<p><strong>Le systeme d&#8217;impregnation et de vernissage dans un autoclave:<br \/>\nexcellentes penetration et absorption du vernis<br \/>\n<\/strong><\/p>\n<p>L\u2019installation se compose d&#8217;un <strong>autoclave<\/strong> (<strong>1<\/strong>) de grande \u00e9paisseur capable de supporter une d\u00e9pression maximum de 400 mmHg ou de 700 mmHg.<\/p>\n<p>Les \u00e9l\u00e9ments \u00e0 traiter sont convenablement charg\u00e9s sur un <strong>support mobile<\/strong> (<strong>18<\/strong>) \u00e9quip\u00e9 d&#8217;un chariot qui s&#8217;introduit dans l&#8217;autoclave par des rails fix\u00e9s \u00e0 l&#8217;int\u00e9rieur en haut et en bas.<\/p>\n<p>Sur le fond de l&#8217;autoclave, le <strong>r\u00e9servoir<\/strong> (<strong>2<\/strong>) peut contenir 70-100 litres de solution impr\u00e9gnante ou de vernis.<\/p>\n<p>A travers une <strong>pompe<\/strong> (<strong>4<\/strong>), le produit est achemin\u00e9 vers une s\u00e9rie d&#8217;<strong>atomiseurs<\/strong> (<strong>7<\/strong>) dispos\u00e9es en \u00e9toile sur un <strong>chariot<\/strong> (<strong>6<\/strong>) qui se d\u00e9place sur toute la longueur de l&#8217;autoclave en d\u00e9crivant un mouvement horizontal altern\u00e9.<\/p>\n<p><img fetchpriority=\"high\" decoding=\"async\" class=\"wp-image-4825 size-full aligncenter\" src=\"https:\/\/isve.com\/wp-content\/uploads\/impregnatori-imp-pg-descrizione.png\" alt=\"\" width=\"752\" height=\"524\" \/><\/p>\n<p>Un cycle de traitement standard dure environ 20-30 minutes et pr\u00e9voit les \u00e9tapes suivantes:<\/p>\n<ol>\n<li>Une <strong>\u00e9tape initiale de vide<\/strong> pour obtenir l&#8217;\u00e9vacuation de l&#8217;air des pores du bois..<\/li>\n<li>Un <strong>traitement<\/strong> des pi\u00e8ces, avec impr\u00e9gnant ou vernis finement atomis\u00e9. Lors de cette \u00e9tape, l&#8217;installation peut travailler soit en maintenant le vide constant, soit en faisant entrer l&#8217;air pour aider le produit \u00e0 p\u00e9n\u00e9trer en profondeur dans le bois.<\/li>\n<li>Une s\u00e9rie de <strong>changements d&#8217;air<\/strong> \u00e0 l&#8217;int\u00e9rieur de l&#8217;autoclave pour faciliter l&#8217;\u00e9gouttement, le s\u00e9chage et la passivation des pi\u00e8ces trait\u00e9es.<\/li>\n<\/ol>\n<p>Ce traitement garantit:<\/p>\n<ul>\n<li>Lorsqu&#8217;on emploie <strong>des impr\u00e9gnants<\/strong>:\u00a0Une absorption \/ p\u00e9n\u00e9tration de 3-6 mm. dans la partie blanche.<\/li>\n<li>Lorsqu&#8217;on emploie <strong>des vernis de fond \/ finition<\/strong>: Une p\u00e9n\u00e9tration et une adh\u00e9rence excellentes du vernis \u00e0 la surface interne des pores du bois, r\u00e9sultat qui ne peut \u00eatre obtenu que gr\u00e2ce \u00e0 l&#8217;action du vide.<\/li>\n<\/ul>\n<p>L&#8217;<strong>adh\u00e9rence et la p\u00e9n\u00e9tration exceptionnelles du vernis de fond<\/strong> sont la seule garantie d&#8217;une r\u00e9sistance parfaite et durable au vernis de finition, que ce dernier soit appliqu\u00e9 par la m\u00eame machine ou avec d&#8217;autres techniques.<\/p>\n<p>&nbsp;<\/p>\n<p><img decoding=\"async\" class=\"size-full wp-image-4829 aligncenter\" src=\"https:\/\/isve.com\/wp-content\/uploads\/impregnatori-imp-pg-descrizione2.png\" alt=\"\" width=\"932\" height=\"336\" \/><\/p>\n<p>&nbsp;<\/p>\n<blockquote><p><strong>R\u00e9sultat garanti.<br \/>\n<\/strong>Gr\u00e2ce au fonctionnement enti\u00e8rement automatique de la machine, toute \u00e9ventualit\u00e9 d&#8217;erreur humaine est exclue.<\/p>\n<p><strong>Le maximum de respect pour le milieu de travail<\/strong>.<br \/>\nLa pompe \u00e0 vide, qui aspire l&#8217;air pr\u00e9sent dans l&#8217;autoclave, est du type \u00e0 anneau liquide employant de l&#8217;eau \u00e0 circuit ferm\u00e9.<\/p><\/blockquote>\n<p>Le syst\u00e8me d&#8217;impr\u00e9gnation et de vernissage fonctionne dans un autoclave parfaitement \u00e9tanche <strong>sans possibilit\u00e9 de fuite d&#8217;odeurs<\/strong>.<br \/>\nAu terme du processus, le produit peut \u00eatre enti\u00e8rement r\u00e9cup\u00e9r\u00e9 et renvoy\u00e9 au r\u00e9servoir correspondant.<\/p>\n<p>L&#8217;eau utilis\u00e9e pour le nettoyage de l&#8217;eau aspir\u00e9e sera recycl\u00e9e constamment et devra \u00eatre vidang\u00e9e et chang\u00e9e p\u00e9riodiquement. Au cours du processus de s\u00e9chage, elle pourrait se charger de substances polluantes constitu\u00e9es essentiellement de produits chimiques des produits de vernissage.<\/p>\n<p>Le autoclaves sont fabriqu\u00e9s en fonction de la taille des pi\u00e8ces \u00e0 traiter.<br \/>\nLes pi\u00e8ces sortent de l&#8217;autoclave parfaitement \u00e9goutt\u00e9es, trait\u00e9es ou vernies.<\/p>\n","protected":false},"excerpt":{"rendered":"<p>Impregnateurs sous-vide IMP-PG Le systeme d&#8217;impregnation et de vernissage dans un autoclave: excellentes penetration et absorption du vernis L\u2019installation se compose d&#8217;un autoclave (1) de grande \u00e9paisseur capable de supporter une d\u00e9pression maximum de 400 mmHg ou de 700 mmHg. Les \u00e9l\u00e9ments \u00e0 traiter sont convenablement charg\u00e9s sur un support mobile (18) \u00e9quip\u00e9 d&#8217;un chariot&hellip;<\/p>\n","protected":false},"author":1,"featured_media":14547,"parent":15965,"menu_order":312,"comment_status":"closed","ping_status":"closed","template":"","meta":{"_acf_changed":false,"footnotes":""},"tags":[],"impaginazione":[3692],"divisione":[3690],"categorie_modelli":[3725],"class_list":["post-14757","page","type-page","status-publish","has-post-thumbnail","hentry","impaginazione-modello-prodotto","divisione-isve-wood","categorie_modelli-impregnatori-legno-imp-pg","description-off"],"acf":[],"yoast_head":"<!-- This site is optimized with the Yoast SEO plugin v27.4 - https:\/\/yoast.com\/product\/yoast-seo-wordpress\/ -->\n<title>Impregnateurs pour bois IMP-PG - ISVE SpA - Traitement du bois - Recyclage - Broyeurs Granulateurs<\/title>\n<meta name=\"robots\" content=\"index, follow, max-snippet:-1, max-image-preview:large, max-video-preview:-1\" \/>\n<link rel=\"canonical\" href=\"https:\/\/isve.com\/fr\/equipements-traitement-bois\/impregnateurs-bois-imp-pg\/\" \/>\n<meta property=\"og:locale\" content=\"fr_FR\" \/>\n<meta property=\"og:type\" content=\"article\" \/>\n<meta property=\"og:title\" content=\"Impregnateurs pour bois IMP-PG - ISVE SpA - Traitement du bois - Recyclage - Broyeurs Granulateurs\" \/>\n<meta property=\"og:description\" content=\"Impregnateurs sous-vide IMP-PG Le systeme d&#8217;impregnation et de vernissage dans un autoclave: excellentes penetration et absorption du vernis L\u2019installation se compose d&#8217;un autoclave (1) de grande \u00e9paisseur capable de supporter une d\u00e9pression maximum de 400 mmHg ou de 700 mmHg. Les \u00e9l\u00e9ments \u00e0 traiter sont convenablement charg\u00e9s sur un support mobile (18) \u00e9quip\u00e9 d&#8217;un chariot&hellip;\" \/>\n<meta property=\"og:url\" content=\"https:\/\/isve.com\/fr\/equipements-traitement-bois\/impregnateurs-bois-imp-pg\/\" \/>\n<meta property=\"og:site_name\" content=\"ISVE SpA - Traitement du bois - Recyclage - Broyeurs Granulateurs\" \/>\n<meta property=\"article:modified_time\" content=\"2025-09-05T10:29:52+00:00\" \/>\n<meta property=\"og:image\" content=\"https:\/\/isve.com\/wp-content\/uploads\/IMP-\/G_\/IMP-PG_lato_1.jpg\" \/>\n\t<meta property=\"og:image:width\" content=\"1920\" \/>\n\t<meta property=\"og:image:height\" content=\"607\" \/>\n\t<meta property=\"og:image:type\" content=\"image\/jpeg\" \/>\n<meta name=\"twitter:card\" content=\"summary_large_image\" \/>\n<meta name=\"twitter:label1\" content=\"Dur\u00e9e de lecture estim\u00e9e\" \/>\n\t<meta name=\"twitter:data1\" content=\"2 minutes\" \/>\n<script type=\"application\/ld+json\" class=\"yoast-schema-graph\">{\"@context\":\"https:\\\/\\\/schema.org\",\"@graph\":[{\"@type\":\"WebPage\",\"@id\":\"https:\\\/\\\/isve.com\\\/fr\\\/equipements-traitement-bois\\\/impregnateurs-bois-imp-pg\\\/\",\"url\":\"https:\\\/\\\/isve.com\\\/fr\\\/equipements-traitement-bois\\\/impregnateurs-bois-imp-pg\\\/\",\"name\":\"Impregnateurs pour bois IMP-PG - ISVE SpA - Traitement du bois - Recyclage - Broyeurs Granulateurs\",\"isPartOf\":{\"@id\":\"https:\\\/\\\/isve.com\\\/fr\\\/#website\"},\"primaryImageOfPage\":{\"@id\":\"https:\\\/\\\/isve.com\\\/fr\\\/equipements-traitement-bois\\\/impregnateurs-bois-imp-pg\\\/#primaryimage\"},\"image\":{\"@id\":\"https:\\\/\\\/isve.com\\\/fr\\\/equipements-traitement-bois\\\/impregnateurs-bois-imp-pg\\\/#primaryimage\"},\"thumbnailUrl\":\"https:\\\/\\\/isve.com\\\/wp-content\\\/uploads\\\/IMP-\\\/G_\\\/IMP-PG_lato_1.jpg\",\"datePublished\":\"2019-12-17T14:52:13+00:00\",\"dateModified\":\"2025-09-05T10:29:52+00:00\",\"breadcrumb\":{\"@id\":\"https:\\\/\\\/isve.com\\\/fr\\\/equipements-traitement-bois\\\/impregnateurs-bois-imp-pg\\\/#breadcrumb\"},\"inLanguage\":\"fr-FR\",\"potentialAction\":[{\"@type\":\"ReadAction\",\"target\":[\"https:\\\/\\\/isve.com\\\/fr\\\/equipements-traitement-bois\\\/impregnateurs-bois-imp-pg\\\/\"]}]},{\"@type\":\"ImageObject\",\"inLanguage\":\"fr-FR\",\"@id\":\"https:\\\/\\\/isve.com\\\/fr\\\/equipements-traitement-bois\\\/impregnateurs-bois-imp-pg\\\/#primaryimage\",\"url\":\"https:\\\/\\\/isve.com\\\/wp-content\\\/uploads\\\/IMP-\\\/G_\\\/IMP-PG_lato_1.jpg\",\"contentUrl\":\"https:\\\/\\\/isve.com\\\/wp-content\\\/uploads\\\/IMP-\\\/G_\\\/IMP-PG_lato_1.jpg\",\"width\":1920,\"height\":607},{\"@type\":\"BreadcrumbList\",\"@id\":\"https:\\\/\\\/isve.com\\\/fr\\\/equipements-traitement-bois\\\/impregnateurs-bois-imp-pg\\\/#breadcrumb\",\"itemListElement\":[{\"@type\":\"ListItem\",\"position\":1,\"name\":\"Home\",\"item\":\"https:\\\/\\\/isve.com\\\/fr\\\/\"},{\"@type\":\"ListItem\",\"position\":2,\"name\":\"Produits Wood\",\"item\":\"https:\\\/\\\/isve.com\\\/fr\\\/equipements-traitement-bois\\\/\"},{\"@type\":\"ListItem\",\"position\":3,\"name\":\"Impregnateurs pour bois IMP-PG\"}]},{\"@type\":\"WebSite\",\"@id\":\"https:\\\/\\\/isve.com\\\/fr\\\/#website\",\"url\":\"https:\\\/\\\/isve.com\\\/fr\\\/\",\"name\":\"ISVE S.p.A.\",\"description\":\"Syst\u00e8mes de traitement du bois et pour dechiquetage broyage granulation\",\"publisher\":{\"@id\":\"https:\\\/\\\/isve.com\\\/fr\\\/#organization\"},\"potentialAction\":[{\"@type\":\"SearchAction\",\"target\":{\"@type\":\"EntryPoint\",\"urlTemplate\":\"https:\\\/\\\/isve.com\\\/fr\\\/?s={search_term_string}\"},\"query-input\":{\"@type\":\"PropertyValueSpecification\",\"valueRequired\":true,\"valueName\":\"search_term_string\"}}],\"inLanguage\":\"fr-FR\"},{\"@type\":\"Organization\",\"@id\":\"https:\\\/\\\/isve.com\\\/fr\\\/#organization\",\"name\":\"ISVE S.p.A.\",\"url\":\"https:\\\/\\\/isve.com\\\/fr\\\/\",\"logo\":{\"@type\":\"ImageObject\",\"inLanguage\":\"fr-FR\",\"@id\":\"https:\\\/\\\/isve.com\\\/fr\\\/#\\\/schema\\\/logo\\\/image\\\/\",\"url\":\"https:\\\/\\\/isve.com\\\/wp-content\\\/uploads\\\/2026\\\/01\\\/logo-isve-spa.png\",\"contentUrl\":\"https:\\\/\\\/isve.com\\\/wp-content\\\/uploads\\\/2026\\\/01\\\/logo-isve-spa.png\",\"width\":600,\"height\":173,\"caption\":\"ISVE S.p.A.\"},\"image\":{\"@id\":\"https:\\\/\\\/isve.com\\\/fr\\\/#\\\/schema\\\/logo\\\/image\\\/\"},\"sameAs\":[\"https:\\\/\\\/www.linkedin.com\\\/company\\\/69445471\",\"https:\\\/\\\/www.youtube.com\\\/@isves.p.a.8894\"]}]}<\/script>\n<!-- \/ Yoast SEO plugin. -->","yoast_head_json":{"title":"Impregnateurs pour bois IMP-PG - ISVE SpA - Traitement du bois - Recyclage - Broyeurs Granulateurs","robots":{"index":"index","follow":"follow","max-snippet":"max-snippet:-1","max-image-preview":"max-image-preview:large","max-video-preview":"max-video-preview:-1"},"canonical":"https:\/\/isve.com\/fr\/equipements-traitement-bois\/impregnateurs-bois-imp-pg\/","og_locale":"fr_FR","og_type":"article","og_title":"Impregnateurs pour bois IMP-PG - ISVE SpA - Traitement du bois - Recyclage - Broyeurs Granulateurs","og_description":"Impregnateurs sous-vide IMP-PG Le systeme d&#8217;impregnation et de vernissage dans un autoclave: excellentes penetration et absorption du vernis L\u2019installation se compose d&#8217;un autoclave (1) de grande \u00e9paisseur capable de supporter une d\u00e9pression maximum de 400 mmHg ou de 700 mmHg. Les \u00e9l\u00e9ments \u00e0 traiter sont convenablement charg\u00e9s sur un support mobile (18) \u00e9quip\u00e9 d&#8217;un chariot&hellip;","og_url":"https:\/\/isve.com\/fr\/equipements-traitement-bois\/impregnateurs-bois-imp-pg\/","og_site_name":"ISVE SpA - Traitement du bois - Recyclage - Broyeurs Granulateurs","article_modified_time":"2025-09-05T10:29:52+00:00","og_image":[{"width":1920,"height":607,"url":"https:\/\/isve.com\/wp-content\/uploads\/IMP-\/G_\/IMP-PG_lato_1.jpg","type":"image\/jpeg"}],"twitter_card":"summary_large_image","twitter_misc":{"Dur\u00e9e de lecture estim\u00e9e":"2 minutes"},"schema":{"@context":"https:\/\/schema.org","@graph":[{"@type":"WebPage","@id":"https:\/\/isve.com\/fr\/equipements-traitement-bois\/impregnateurs-bois-imp-pg\/","url":"https:\/\/isve.com\/fr\/equipements-traitement-bois\/impregnateurs-bois-imp-pg\/","name":"Impregnateurs pour bois IMP-PG - ISVE SpA - Traitement du bois - Recyclage - Broyeurs Granulateurs","isPartOf":{"@id":"https:\/\/isve.com\/fr\/#website"},"primaryImageOfPage":{"@id":"https:\/\/isve.com\/fr\/equipements-traitement-bois\/impregnateurs-bois-imp-pg\/#primaryimage"},"image":{"@id":"https:\/\/isve.com\/fr\/equipements-traitement-bois\/impregnateurs-bois-imp-pg\/#primaryimage"},"thumbnailUrl":"https:\/\/isve.com\/wp-content\/uploads\/IMP-\/G_\/IMP-PG_lato_1.jpg","datePublished":"2019-12-17T14:52:13+00:00","dateModified":"2025-09-05T10:29:52+00:00","breadcrumb":{"@id":"https:\/\/isve.com\/fr\/equipements-traitement-bois\/impregnateurs-bois-imp-pg\/#breadcrumb"},"inLanguage":"fr-FR","potentialAction":[{"@type":"ReadAction","target":["https:\/\/isve.com\/fr\/equipements-traitement-bois\/impregnateurs-bois-imp-pg\/"]}]},{"@type":"ImageObject","inLanguage":"fr-FR","@id":"https:\/\/isve.com\/fr\/equipements-traitement-bois\/impregnateurs-bois-imp-pg\/#primaryimage","url":"https:\/\/isve.com\/wp-content\/uploads\/IMP-\/G_\/IMP-PG_lato_1.jpg","contentUrl":"https:\/\/isve.com\/wp-content\/uploads\/IMP-\/G_\/IMP-PG_lato_1.jpg","width":1920,"height":607},{"@type":"BreadcrumbList","@id":"https:\/\/isve.com\/fr\/equipements-traitement-bois\/impregnateurs-bois-imp-pg\/#breadcrumb","itemListElement":[{"@type":"ListItem","position":1,"name":"Home","item":"https:\/\/isve.com\/fr\/"},{"@type":"ListItem","position":2,"name":"Produits Wood","item":"https:\/\/isve.com\/fr\/equipements-traitement-bois\/"},{"@type":"ListItem","position":3,"name":"Impregnateurs pour bois IMP-PG"}]},{"@type":"WebSite","@id":"https:\/\/isve.com\/fr\/#website","url":"https:\/\/isve.com\/fr\/","name":"ISVE S.p.A.","description":"Syst\u00e8mes de traitement du bois et pour dechiquetage broyage granulation","publisher":{"@id":"https:\/\/isve.com\/fr\/#organization"},"potentialAction":[{"@type":"SearchAction","target":{"@type":"EntryPoint","urlTemplate":"https:\/\/isve.com\/fr\/?s={search_term_string}"},"query-input":{"@type":"PropertyValueSpecification","valueRequired":true,"valueName":"search_term_string"}}],"inLanguage":"fr-FR"},{"@type":"Organization","@id":"https:\/\/isve.com\/fr\/#organization","name":"ISVE S.p.A.","url":"https:\/\/isve.com\/fr\/","logo":{"@type":"ImageObject","inLanguage":"fr-FR","@id":"https:\/\/isve.com\/fr\/#\/schema\/logo\/image\/","url":"https:\/\/isve.com\/wp-content\/uploads\/2026\/01\/logo-isve-spa.png","contentUrl":"https:\/\/isve.com\/wp-content\/uploads\/2026\/01\/logo-isve-spa.png","width":600,"height":173,"caption":"ISVE S.p.A."},"image":{"@id":"https:\/\/isve.com\/fr\/#\/schema\/logo\/image\/"},"sameAs":["https:\/\/www.linkedin.com\/company\/69445471","https:\/\/www.youtube.com\/@isves.p.a.8894"]}]}},"_links":{"self":[{"href":"https:\/\/isve.com\/fr\/wp-json\/wp\/v2\/pages\/14757","targetHints":{"allow":["GET"]}}],"collection":[{"href":"https:\/\/isve.com\/fr\/wp-json\/wp\/v2\/pages"}],"about":[{"href":"https:\/\/isve.com\/fr\/wp-json\/wp\/v2\/types\/page"}],"author":[{"embeddable":true,"href":"https:\/\/isve.com\/fr\/wp-json\/wp\/v2\/users\/1"}],"replies":[{"embeddable":true,"href":"https:\/\/isve.com\/fr\/wp-json\/wp\/v2\/comments?post=14757"}],"version-history":[{"count":0,"href":"https:\/\/isve.com\/fr\/wp-json\/wp\/v2\/pages\/14757\/revisions"}],"up":[{"embeddable":true,"href":"https:\/\/isve.com\/fr\/wp-json\/wp\/v2\/pages\/15965"}],"wp:featuredmedia":[{"embeddable":true,"href":"https:\/\/isve.com\/fr\/wp-json\/wp\/v2\/media\/14547"}],"wp:attachment":[{"href":"https:\/\/isve.com\/fr\/wp-json\/wp\/v2\/media?parent=14757"}],"wp:term":[{"taxonomy":"post_tag","embeddable":true,"href":"https:\/\/isve.com\/fr\/wp-json\/wp\/v2\/tags?post=14757"},{"taxonomy":"impaginazione","embeddable":true,"href":"https:\/\/isve.com\/fr\/wp-json\/wp\/v2\/impaginazione?post=14757"},{"taxonomy":"divisione","embeddable":true,"href":"https:\/\/isve.com\/fr\/wp-json\/wp\/v2\/divisione?post=14757"},{"taxonomy":"categorie_modelli","embeddable":true,"href":"https:\/\/isve.com\/fr\/wp-json\/wp\/v2\/categorie_modelli?post=14757"}],"curies":[{"name":"wp","href":"https:\/\/api.w.org\/{rel}","templated":true}]}}