{"id":14754,"date":"2019-12-16T16:05:49","date_gmt":"2019-12-16T15:05:49","guid":{"rendered":"https:\/\/isve.com\/impregnateurs-bois-imp-pg-introduction\/"},"modified":"2026-02-03T16:05:14","modified_gmt":"2026-02-03T15:05:14","slug":"impregnateurs-bois-imp-pg-introduction","status":"publish","type":"page","link":"https:\/\/isve.com\/fr\/equipements-traitement-bois\/impregnateurs-bois-imp-pg-introduction\/","title":{"rendered":"Impr\u00e9gnateurs sous vide IMP-PG: introduction"},"content":{"rendered":"<h2><strong>Pr\u00e9server le bois de l\u2019attaque d\u2019agents atmosph\u00e9riques et biologiques comme champignons, insectes et bact\u00e9ries.<\/strong><\/h2>\n<h3>Installations d\u2019impregnation sous vide IMP-PG:<br \/>\nid\u00e9al pour les cadres de fen\u00eatres, les grilles, les volets, les portes ou les \u00e9l\u00e9ments mobiles.<\/h3>\n<p>Les <strong>impr\u00e9gnateurs sous vide<\/strong> IMP-PG de ISVE ont \u00e9t\u00e9 con\u00e7us dans le but pr\u00e9cis de<strong> pr\u00e9server le bois<\/strong> de l\u2019attaque d\u2019<strong>agents atmosph\u00e9riques et biologiques<\/strong> comme <strong>champignons<\/strong>, <strong>insectes<\/strong> et <strong>bact\u00e9ries.<\/strong><\/p>\n<p>Ces installations d\u2019impr\u00e9gnation permettent en effet l\u2019application optimale de <strong>traitements protecteurs sp\u00e9cifiques<\/strong>, choisis en base \u00e0 l\u2019essence boiseuse et \u00e0 la classe de risque. Le tout sans d\u00e9naturer les caract\u00e9ristiques naturelles des diverses essences boiseuses.<\/p>\n<p>La possibilit\u00e9 d\u2019employer des <strong>impr\u00e9gnants \u00e0 l\u2019eau<\/strong> et la <strong>n\u00e9bulisation<\/strong> du produit dans un <strong>autoclave clos<\/strong> herm\u00e9tiquement signifient en outre le respect total pour l\u2019<strong>environnement<\/strong>.<\/p>\n<p>Traitements <strong>classe de risque jusqu\u2019\u00e0 3<\/strong>.<br \/>\nTraitements <strong>ignifuges<\/strong>.<\/p>\n<p>&nbsp;<\/p>\n<p><img fetchpriority=\"high\" decoding=\"async\" class=\"alignnone wp-image-4800 size-large\" src=\"https:\/\/isve.com\/wp-content\/uploads\/\/impregnatori_serie-imp-pg_larga-1024x361.jpg\" alt=\"\" width=\"1024\" height=\"361\" \/><\/p>\n<p>&nbsp;<\/p>\n<h2><strong>Fonctionnement des syst\u00e8mes IMP-PG<\/strong><\/h2>\n<p>Les pi\u00e8ces qui doivent \u00eatre trait\u00e9es, vent accroch\u00e9es \u00e0 un chassis mobile et introduites dans l&#8217;autoclave qui ex\u00e9cute le proc\u00e9d\u00e9 en s\u00e9quence automatique, consistant a:<\/p>\n<ul>\n<li>une phase de vide initiale pour enlever l&#8217;air des vaisseaux du bois,<\/li>\n<li>une phase successive d&#8217;introduction du produit impr\u00e9gnant qui vient n\u00e9bulis\u00e9 \u00e0 travers des tuy\u00e9res opportun\u00e9ment plac\u00e9es \u00e0 l&#8217;int\u00e9rieur de l&#8217;autoclave, de sorte que les pi\u00e8ces qui doivent \u00eatre trait\u00e9es, le soient compl\u00e8tement.<\/li>\n<li>une phase finale de r\u00e9tablissement de la pression atmosph\u00e9rique.<\/li>\n<\/ul>\n<p>Le proc\u00e9d\u00e9 peut \u00eatre programm\u00e9 de sorte \u00e0 obtenir une impr\u00e9gnation plus ou moins profonde selon les n\u00e9cessit\u00e9s qualitatives.\u00a0En principe, on peut ex\u00e9cuter 2\/3 cycles chaque heure.\u00a0Une quantit\u00e9 de produit impr\u00e9gnant de 60-70 litres est seulement n\u00e9cessaire.<\/p>\n<h3><img decoding=\"async\" class=\"aligncenter wp-image-4526 size-large\" src=\"https:\/\/isve.com\/wp-content\/uploads\/\/impregnatori_img_imppg-1024x387.jpg\" alt=\"\" width=\"1024\" height=\"387\" \/><\/h3>\n<p>&nbsp;<\/p>\n<h2><strong>Les avantages des syst\u00e8mes IMP-PG<\/strong><\/h2>\n<p>L&#8217;utilisation de l&#8217;impr\u00e9gnaton sous vide permet:<\/p>\n<ul>\n<li>une impr\u00e9gnation effective du produit impr\u00e9gnant dans les pi\u00e8ces trait\u00e9es, surtout dans les points de t\u00eate du bois et \u00e0 l&#8217;int\u00e9rieur des troux ou cavit\u00e9s, c&#8217;est-\u00e0-dire o\u00f9 la protection est beaucoup plus n\u00e9cessaire,<\/li>\n<li>un ancrage excellent du produit sur la surface du bois<\/li>\n<li>une coloration uniforme des surfaces,<\/li>\n<li>l&#8217;absence d&#8217;emanations nuisibles,<\/li>\n<li>l&#8217;absence d&#8217;\u00e9vaporation des solvents qui composent le produit impr\u00e9gnant,<br \/>\nun gain consid\u00e9rable des produits impr\u00e9gnants et vernis.<\/li>\n<li>d&#8217;importantes \u00e9conomies dans les produits d&#8217;impr\u00e9gnation et les peintures<\/li>\n<li>l&#8217;utilisation, dans la m\u00eame usine, d&#8217;une large gamme de produits d&#8217;impr\u00e9gnation pour la protection ou les soins contre les vers \u00e0 bois, les termites, les champignons, etc., pour les bois soumis aux classes de risque 1, 2 et 3.<\/li>\n<li>protection homog\u00e8ne du bois contre le soleil<\/li>\n<li>protection totale contre l&#8217;humidit\u00e9 et l&#8217;eau<\/li>\n<li>application homog\u00e8ne de peintures et p\u00e9n\u00e9tration totale de la r\u00e9sine dans les joints, les fissures et les zones faibles (non prot\u00e9g\u00e9es par d&#8217;autres processus)<\/li>\n<li>p\u00e9n\u00e9tration parfaite du produit de rev\u00eatement m\u00eame dans les plus petites porosit\u00e9s en appliquant le double vide (vac-vac). Cela permet une durabilit\u00e9 des produits bien sup\u00e9rieure aux syst\u00e8mes traditionnels<\/li>\n<li>\u00e9tanch\u00e9it\u00e9 maximale entre la finition et la base<\/li>\n<li>r\u00e9duction consid\u00e9rable du temps de pr\u00e9paration des surfaces apr\u00e8s l&#8217;application de la base gr\u00e2ce au ph\u00e9nom\u00e8ne tr\u00e8s r\u00e9duit de &#8220;lifting des cheveux&#8221;<\/li>\n<li>r\u00e9cup\u00e9ration de tout le produit non appliqu\u00e9 sur les pi\u00e8ces<\/li>\n<li>absence de d\u00e9chets de traitement.<\/li>\n<\/ul>\n<p>Ces impr\u00e9gnateurs en bois <strong>herm\u00e9tiquement ferm\u00e9s,<\/strong> avec cycle automatique, \u00e9liminent \u00e9galement le besoin de:<\/p>\n<ul>\n<li>faire appel \u00e0 du personnel sp\u00e9cialis\u00e9<\/li>\n<li>adopter des \u00e9quipements co\u00fbteux pour le traitement et la filtration des r\u00e9sidus de peinture<\/li>\n<li>consommer plus de produit de peinture que n\u00e9cessaire<\/li>\n<li>effectuer de lourds contr\u00f4les pour garantir une qualit\u00e9 constante<\/li>\n<\/ul>\n<hr \/>\n<h3><strong>Politecnico di Madrid &#8211; <\/strong><strong>Protection certifi\u00e8e autoclaves IMP-PG<br \/>\nRisk classes I &#8211; II &#8211; III<\/strong><\/h3>\n\n\t\t<style>\n\t\t\t#gallery-1 {\n\t\t\t\tmargin: auto;\n\t\t\t}\n\t\t\t#gallery-1 .gallery-item {\n\t\t\t\tfloat: left;\n\t\t\t\tmargin-top: 10px;\n\t\t\t\ttext-align: center;\n\t\t\t\twidth: 50%;\n\t\t\t}\n\t\t\t#gallery-1 img {\n\t\t\t\tborder: 2px solid #cfcfcf;\n\t\t\t}\n\t\t\t#gallery-1 .gallery-caption {\n\t\t\t\tmargin-left: 0;\n\t\t\t}\n\t\t\t\/* see gallery_shortcode() in wp-includes\/media.php *\/\n\t\t<\/style>\n\t\t<div id='gallery-1' class='gallery galleryid-14754 gallery-columns-2 gallery-size-large'><dl class='gallery-item'>\n\t\t\t<dt class='gallery-icon portrait'>\n\t\t\t\t<a href='https:\/\/isve.com\/fr\/impregnatori-imp-pg-certificazione-classi-di-rischio-a-2\/'><img decoding=\"async\" width=\"588\" height=\"852\" src=\"https:\/\/isve.com\/wp-content\/uploads\/2025\/04\/impregnatori-imp-pg-certificazione-classi-di-rischio-a.jpg\" class=\"attachment-large size-large\" alt=\"\" srcset=\"https:\/\/isve.com\/wp-content\/uploads\/2025\/04\/impregnatori-imp-pg-certificazione-classi-di-rischio-a.jpg 588w, https:\/\/isve.com\/wp-content\/uploads\/2025\/04\/impregnatori-imp-pg-certificazione-classi-di-rischio-a-414x600.jpg 414w\" sizes=\"(max-width: 588px) 100vw, 588px\" \/><\/a>\n\t\t\t<\/dt><\/dl><dl class='gallery-item'>\n\t\t\t<dt class='gallery-icon portrait'>\n\t\t\t\t<a href='https:\/\/isve.com\/fr\/impregnatori-imp-pg-certificazione-classi-di-rischio-b-2\/'><img loading=\"lazy\" decoding=\"async\" width=\"588\" height=\"852\" src=\"https:\/\/isve.com\/wp-content\/uploads\/2025\/04\/impregnatori-imp-pg-certificazione-classi-di-rischio-b.jpg\" class=\"attachment-large size-large\" alt=\"\" srcset=\"https:\/\/isve.com\/wp-content\/uploads\/2025\/04\/impregnatori-imp-pg-certificazione-classi-di-rischio-b.jpg 588w, https:\/\/isve.com\/wp-content\/uploads\/2025\/04\/impregnatori-imp-pg-certificazione-classi-di-rischio-b-414x600.jpg 414w\" sizes=\"(max-width: 588px) 100vw, 588px\" \/><\/a>\n\t\t\t<\/dt><\/dl><br style=\"clear: both\" \/>\n\t\t<\/div>\n\n<p><img loading=\"lazy\" decoding=\"async\" class=\"alignnone wp-image-5014 size-large\" src=\"https:\/\/isve.com\/wp-content\/uploads\/\/impregnatori_serie-imp-pg_larga2-1024x473.jpg\" alt=\"\" width=\"1024\" height=\"473\" \/><\/p>\n<hr \/>\n<p><a class=\"btn btn-lg btn-block pulsante-giallo\" href=\"https:\/\/isve.com\/fr\/equipements-traitement-bois\/impregnateurs-bois-imp-pg\/\">VOIR TOUS LES MOD\u00c8LES<\/a><\/p>\n","protected":false},"excerpt":{"rendered":"<p>Pr\u00e9server le bois de l\u2019attaque d\u2019agents atmosph\u00e9riques et biologiques comme champignons, insectes et bact\u00e9ries. Installations d\u2019impregnation sous vide IMP-PG: id\u00e9al pour les cadres de fen\u00eatres, les grilles, les volets, les portes ou les \u00e9l\u00e9ments mobiles. Les impr\u00e9gnateurs sous vide IMP-PG de ISVE ont \u00e9t\u00e9 con\u00e7us dans le but pr\u00e9cis de pr\u00e9server le bois de l\u2019attaque&hellip;<\/p>\n","protected":false},"author":1,"featured_media":14504,"parent":15965,"menu_order":309,"comment_status":"closed","ping_status":"closed","template":"","meta":{"_acf_changed":false,"footnotes":""},"tags":[],"impaginazione":[],"divisione":[3690],"categorie_modelli":[],"class_list":["post-14754","page","type-page","status-publish","has-post-thumbnail","hentry","divisione-isve-wood","description-off"],"acf":[],"yoast_head":"<!-- This site is optimized with the Yoast SEO plugin v27.4 - https:\/\/yoast.com\/product\/yoast-seo-wordpress\/ -->\n<title>Impr\u00e9gnateurs sous vide IMP-PG: introduction - ISVE SpA - Traitement du bois - Recyclage - Broyeurs Granulateurs<\/title>\n<meta name=\"robots\" content=\"index, follow, max-snippet:-1, max-image-preview:large, max-video-preview:-1\" \/>\n<link rel=\"canonical\" href=\"https:\/\/isve.com\/fr\/equipements-traitement-bois\/impregnateurs-bois-imp-pg-introduction\/\" \/>\n<meta property=\"og:locale\" content=\"fr_FR\" \/>\n<meta property=\"og:type\" content=\"article\" \/>\n<meta property=\"og:title\" content=\"Impr\u00e9gnateurs sous vide IMP-PG: introduction - ISVE SpA - Traitement du bois - Recyclage - Broyeurs Granulateurs\" \/>\n<meta property=\"og:description\" content=\"Pr\u00e9server le bois de l\u2019attaque d\u2019agents atmosph\u00e9riques et biologiques comme champignons, insectes et bact\u00e9ries. Installations d\u2019impregnation sous vide IMP-PG: id\u00e9al pour les cadres de fen\u00eatres, les grilles, les volets, les portes ou les \u00e9l\u00e9ments mobiles. Les impr\u00e9gnateurs sous vide IMP-PG de ISVE ont \u00e9t\u00e9 con\u00e7us dans le but pr\u00e9cis de pr\u00e9server le bois de l\u2019attaque&hellip;\" \/>\n<meta property=\"og:url\" content=\"https:\/\/isve.com\/fr\/equipements-traitement-bois\/impregnateurs-bois-imp-pg-introduction\/\" \/>\n<meta property=\"og:site_name\" content=\"ISVE SpA - Traitement du bois - Recyclage - Broyeurs Granulateurs\" \/>\n<meta property=\"article:modified_time\" content=\"2026-02-03T15:05:14+00:00\" \/>\n<meta property=\"og:image\" content=\"https:\/\/isve.com\/wp-content\/uploads\/impr\/gn\/impregnatori_serie_imp-pg.jpg\" \/>\n\t<meta property=\"og:image:width\" content=\"1400\" \/>\n\t<meta property=\"og:image:height\" content=\"972\" \/>\n\t<meta property=\"og:image:type\" content=\"image\/jpeg\" \/>\n<meta name=\"twitter:card\" content=\"summary_large_image\" \/>\n<meta name=\"twitter:label1\" content=\"Dur\u00e9e de lecture estim\u00e9e\" \/>\n\t<meta name=\"twitter:data1\" content=\"3 minutes\" \/>\n<script type=\"application\/ld+json\" class=\"yoast-schema-graph\">{\"@context\":\"https:\\\/\\\/schema.org\",\"@graph\":[{\"@type\":\"WebPage\",\"@id\":\"https:\\\/\\\/isve.com\\\/fr\\\/equipements-traitement-bois\\\/impregnateurs-bois-imp-pg-introduction\\\/\",\"url\":\"https:\\\/\\\/isve.com\\\/fr\\\/equipements-traitement-bois\\\/impregnateurs-bois-imp-pg-introduction\\\/\",\"name\":\"Impr\u00e9gnateurs sous vide IMP-PG: introduction - ISVE SpA - Traitement du bois - Recyclage - Broyeurs Granulateurs\",\"isPartOf\":{\"@id\":\"https:\\\/\\\/isve.com\\\/fr\\\/#website\"},\"primaryImageOfPage\":{\"@id\":\"https:\\\/\\\/isve.com\\\/fr\\\/equipements-traitement-bois\\\/impregnateurs-bois-imp-pg-introduction\\\/#primaryimage\"},\"image\":{\"@id\":\"https:\\\/\\\/isve.com\\\/fr\\\/equipements-traitement-bois\\\/impregnateurs-bois-imp-pg-introduction\\\/#primaryimage\"},\"thumbnailUrl\":\"https:\\\/\\\/isve.com\\\/wp-content\\\/uploads\\\/impr\\\/gn\\\/impregnatori_serie_imp-pg.jpg\",\"datePublished\":\"2019-12-16T15:05:49+00:00\",\"dateModified\":\"2026-02-03T15:05:14+00:00\",\"breadcrumb\":{\"@id\":\"https:\\\/\\\/isve.com\\\/fr\\\/equipements-traitement-bois\\\/impregnateurs-bois-imp-pg-introduction\\\/#breadcrumb\"},\"inLanguage\":\"fr-FR\",\"potentialAction\":[{\"@type\":\"ReadAction\",\"target\":[\"https:\\\/\\\/isve.com\\\/fr\\\/equipements-traitement-bois\\\/impregnateurs-bois-imp-pg-introduction\\\/\"]}]},{\"@type\":\"ImageObject\",\"inLanguage\":\"fr-FR\",\"@id\":\"https:\\\/\\\/isve.com\\\/fr\\\/equipements-traitement-bois\\\/impregnateurs-bois-imp-pg-introduction\\\/#primaryimage\",\"url\":\"https:\\\/\\\/isve.com\\\/wp-content\\\/uploads\\\/impr\\\/gn\\\/impregnatori_serie_imp-pg.jpg\",\"contentUrl\":\"https:\\\/\\\/isve.com\\\/wp-content\\\/uploads\\\/impr\\\/gn\\\/impregnatori_serie_imp-pg.jpg\",\"width\":1400,\"height\":972},{\"@type\":\"BreadcrumbList\",\"@id\":\"https:\\\/\\\/isve.com\\\/fr\\\/equipements-traitement-bois\\\/impregnateurs-bois-imp-pg-introduction\\\/#breadcrumb\",\"itemListElement\":[{\"@type\":\"ListItem\",\"position\":1,\"name\":\"Home\",\"item\":\"https:\\\/\\\/isve.com\\\/fr\\\/\"},{\"@type\":\"ListItem\",\"position\":2,\"name\":\"Produits Wood\",\"item\":\"https:\\\/\\\/isve.com\\\/fr\\\/equipements-traitement-bois\\\/\"},{\"@type\":\"ListItem\",\"position\":3,\"name\":\"Impr\u00e9gnateurs sous vide IMP-PG: introduction\"}]},{\"@type\":\"WebSite\",\"@id\":\"https:\\\/\\\/isve.com\\\/fr\\\/#website\",\"url\":\"https:\\\/\\\/isve.com\\\/fr\\\/\",\"name\":\"ISVE S.p.A.\",\"description\":\"Syst\u00e8mes de traitement du bois et pour dechiquetage broyage granulation\",\"publisher\":{\"@id\":\"https:\\\/\\\/isve.com\\\/fr\\\/#organization\"},\"potentialAction\":[{\"@type\":\"SearchAction\",\"target\":{\"@type\":\"EntryPoint\",\"urlTemplate\":\"https:\\\/\\\/isve.com\\\/fr\\\/?s={search_term_string}\"},\"query-input\":{\"@type\":\"PropertyValueSpecification\",\"valueRequired\":true,\"valueName\":\"search_term_string\"}}],\"inLanguage\":\"fr-FR\"},{\"@type\":\"Organization\",\"@id\":\"https:\\\/\\\/isve.com\\\/fr\\\/#organization\",\"name\":\"ISVE S.p.A.\",\"url\":\"https:\\\/\\\/isve.com\\\/fr\\\/\",\"logo\":{\"@type\":\"ImageObject\",\"inLanguage\":\"fr-FR\",\"@id\":\"https:\\\/\\\/isve.com\\\/fr\\\/#\\\/schema\\\/logo\\\/image\\\/\",\"url\":\"https:\\\/\\\/isve.com\\\/wp-content\\\/uploads\\\/2026\\\/01\\\/logo-isve-spa.png\",\"contentUrl\":\"https:\\\/\\\/isve.com\\\/wp-content\\\/uploads\\\/2026\\\/01\\\/logo-isve-spa.png\",\"width\":600,\"height\":173,\"caption\":\"ISVE S.p.A.\"},\"image\":{\"@id\":\"https:\\\/\\\/isve.com\\\/fr\\\/#\\\/schema\\\/logo\\\/image\\\/\"},\"sameAs\":[\"https:\\\/\\\/www.linkedin.com\\\/company\\\/69445471\",\"https:\\\/\\\/www.youtube.com\\\/@isves.p.a.8894\"]}]}<\/script>\n<!-- \/ Yoast SEO plugin. -->","yoast_head_json":{"title":"Impr\u00e9gnateurs sous vide IMP-PG: introduction - ISVE SpA - Traitement du bois - Recyclage - Broyeurs Granulateurs","robots":{"index":"index","follow":"follow","max-snippet":"max-snippet:-1","max-image-preview":"max-image-preview:large","max-video-preview":"max-video-preview:-1"},"canonical":"https:\/\/isve.com\/fr\/equipements-traitement-bois\/impregnateurs-bois-imp-pg-introduction\/","og_locale":"fr_FR","og_type":"article","og_title":"Impr\u00e9gnateurs sous vide IMP-PG: introduction - ISVE SpA - Traitement du bois - Recyclage - Broyeurs Granulateurs","og_description":"Pr\u00e9server le bois de l\u2019attaque d\u2019agents atmosph\u00e9riques et biologiques comme champignons, insectes et bact\u00e9ries. Installations d\u2019impregnation sous vide IMP-PG: id\u00e9al pour les cadres de fen\u00eatres, les grilles, les volets, les portes ou les \u00e9l\u00e9ments mobiles. Les impr\u00e9gnateurs sous vide IMP-PG de ISVE ont \u00e9t\u00e9 con\u00e7us dans le but pr\u00e9cis de pr\u00e9server le bois de l\u2019attaque&hellip;","og_url":"https:\/\/isve.com\/fr\/equipements-traitement-bois\/impregnateurs-bois-imp-pg-introduction\/","og_site_name":"ISVE SpA - Traitement du bois - Recyclage - Broyeurs Granulateurs","article_modified_time":"2026-02-03T15:05:14+00:00","og_image":[{"width":1400,"height":972,"url":"https:\/\/isve.com\/wp-content\/uploads\/impr\/gn\/impregnatori_serie_imp-pg.jpg","type":"image\/jpeg"}],"twitter_card":"summary_large_image","twitter_misc":{"Dur\u00e9e de lecture estim\u00e9e":"3 minutes"},"schema":{"@context":"https:\/\/schema.org","@graph":[{"@type":"WebPage","@id":"https:\/\/isve.com\/fr\/equipements-traitement-bois\/impregnateurs-bois-imp-pg-introduction\/","url":"https:\/\/isve.com\/fr\/equipements-traitement-bois\/impregnateurs-bois-imp-pg-introduction\/","name":"Impr\u00e9gnateurs sous vide IMP-PG: introduction - ISVE SpA - Traitement du bois - Recyclage - Broyeurs Granulateurs","isPartOf":{"@id":"https:\/\/isve.com\/fr\/#website"},"primaryImageOfPage":{"@id":"https:\/\/isve.com\/fr\/equipements-traitement-bois\/impregnateurs-bois-imp-pg-introduction\/#primaryimage"},"image":{"@id":"https:\/\/isve.com\/fr\/equipements-traitement-bois\/impregnateurs-bois-imp-pg-introduction\/#primaryimage"},"thumbnailUrl":"https:\/\/isve.com\/wp-content\/uploads\/impr\/gn\/impregnatori_serie_imp-pg.jpg","datePublished":"2019-12-16T15:05:49+00:00","dateModified":"2026-02-03T15:05:14+00:00","breadcrumb":{"@id":"https:\/\/isve.com\/fr\/equipements-traitement-bois\/impregnateurs-bois-imp-pg-introduction\/#breadcrumb"},"inLanguage":"fr-FR","potentialAction":[{"@type":"ReadAction","target":["https:\/\/isve.com\/fr\/equipements-traitement-bois\/impregnateurs-bois-imp-pg-introduction\/"]}]},{"@type":"ImageObject","inLanguage":"fr-FR","@id":"https:\/\/isve.com\/fr\/equipements-traitement-bois\/impregnateurs-bois-imp-pg-introduction\/#primaryimage","url":"https:\/\/isve.com\/wp-content\/uploads\/impr\/gn\/impregnatori_serie_imp-pg.jpg","contentUrl":"https:\/\/isve.com\/wp-content\/uploads\/impr\/gn\/impregnatori_serie_imp-pg.jpg","width":1400,"height":972},{"@type":"BreadcrumbList","@id":"https:\/\/isve.com\/fr\/equipements-traitement-bois\/impregnateurs-bois-imp-pg-introduction\/#breadcrumb","itemListElement":[{"@type":"ListItem","position":1,"name":"Home","item":"https:\/\/isve.com\/fr\/"},{"@type":"ListItem","position":2,"name":"Produits Wood","item":"https:\/\/isve.com\/fr\/equipements-traitement-bois\/"},{"@type":"ListItem","position":3,"name":"Impr\u00e9gnateurs sous vide IMP-PG: introduction"}]},{"@type":"WebSite","@id":"https:\/\/isve.com\/fr\/#website","url":"https:\/\/isve.com\/fr\/","name":"ISVE S.p.A.","description":"Syst\u00e8mes de traitement du bois et pour dechiquetage broyage granulation","publisher":{"@id":"https:\/\/isve.com\/fr\/#organization"},"potentialAction":[{"@type":"SearchAction","target":{"@type":"EntryPoint","urlTemplate":"https:\/\/isve.com\/fr\/?s={search_term_string}"},"query-input":{"@type":"PropertyValueSpecification","valueRequired":true,"valueName":"search_term_string"}}],"inLanguage":"fr-FR"},{"@type":"Organization","@id":"https:\/\/isve.com\/fr\/#organization","name":"ISVE S.p.A.","url":"https:\/\/isve.com\/fr\/","logo":{"@type":"ImageObject","inLanguage":"fr-FR","@id":"https:\/\/isve.com\/fr\/#\/schema\/logo\/image\/","url":"https:\/\/isve.com\/wp-content\/uploads\/2026\/01\/logo-isve-spa.png","contentUrl":"https:\/\/isve.com\/wp-content\/uploads\/2026\/01\/logo-isve-spa.png","width":600,"height":173,"caption":"ISVE S.p.A."},"image":{"@id":"https:\/\/isve.com\/fr\/#\/schema\/logo\/image\/"},"sameAs":["https:\/\/www.linkedin.com\/company\/69445471","https:\/\/www.youtube.com\/@isves.p.a.8894"]}]}},"_links":{"self":[{"href":"https:\/\/isve.com\/fr\/wp-json\/wp\/v2\/pages\/14754","targetHints":{"allow":["GET"]}}],"collection":[{"href":"https:\/\/isve.com\/fr\/wp-json\/wp\/v2\/pages"}],"about":[{"href":"https:\/\/isve.com\/fr\/wp-json\/wp\/v2\/types\/page"}],"author":[{"embeddable":true,"href":"https:\/\/isve.com\/fr\/wp-json\/wp\/v2\/users\/1"}],"replies":[{"embeddable":true,"href":"https:\/\/isve.com\/fr\/wp-json\/wp\/v2\/comments?post=14754"}],"version-history":[{"count":1,"href":"https:\/\/isve.com\/fr\/wp-json\/wp\/v2\/pages\/14754\/revisions"}],"predecessor-version":[{"id":27787,"href":"https:\/\/isve.com\/fr\/wp-json\/wp\/v2\/pages\/14754\/revisions\/27787"}],"up":[{"embeddable":true,"href":"https:\/\/isve.com\/fr\/wp-json\/wp\/v2\/pages\/15965"}],"wp:featuredmedia":[{"embeddable":true,"href":"https:\/\/isve.com\/fr\/wp-json\/wp\/v2\/media\/14504"}],"wp:attachment":[{"href":"https:\/\/isve.com\/fr\/wp-json\/wp\/v2\/media?parent=14754"}],"wp:term":[{"taxonomy":"post_tag","embeddable":true,"href":"https:\/\/isve.com\/fr\/wp-json\/wp\/v2\/tags?post=14754"},{"taxonomy":"impaginazione","embeddable":true,"href":"https:\/\/isve.com\/fr\/wp-json\/wp\/v2\/impaginazione?post=14754"},{"taxonomy":"divisione","embeddable":true,"href":"https:\/\/isve.com\/fr\/wp-json\/wp\/v2\/divisione?post=14754"},{"taxonomy":"categorie_modelli","embeddable":true,"href":"https:\/\/isve.com\/fr\/wp-json\/wp\/v2\/categorie_modelli?post=14754"}],"curies":[{"name":"wp","href":"https:\/\/api.w.org\/{rel}","templated":true}]}}