{"id":14751,"date":"2019-12-16T18:06:47","date_gmt":"2019-12-16T17:06:47","guid":{"rendered":"https:\/\/isve.com\/protection-du-bois-employe-a-lexterieur\/"},"modified":"2025-04-15T12:00:56","modified_gmt":"2025-04-15T10:00:56","slug":"protection-du-bois-employe-a-lexterieur","status":"publish","type":"page","link":"https:\/\/isve.com\/fr\/equipements-traitement-bois\/protection-du-bois-employe-a-lexterieur\/","title":{"rendered":"Protection du bois employ\u00e8 \u00e0 l&#8217;\u00e9xterieur"},"content":{"rendered":"<h2><strong>Protection complete du bois des agents de degradation grace \u00e0 l&#8217;utilisation de la technologie vide-pression<\/strong><\/h2>\n<h3><strong>Les installations d&#8217;impr\u00e9gnation IMV-VP sont indiqu\u00e9es pour le traitement des \u00e9l\u00e9ments soumis aux classes de risque trois, quatre et cinq. <\/strong><\/h3>\n<p>La conformation naturelle du <strong>bois<\/strong> en fait un mat\u00e9riel ad\u00e9quat pour l&#8217;utilisation \u00e0 l&#8217;ext\u00e9rieur.<br \/>\nSa composition (20-30% de lignine, 40-50% de cellulose, 20-24% de hydrates de carbone) l&#8217;expose \u00e0 des &#8220;<strong>agents de d\u00e9gradation<\/strong>&#8221; dont l&#8217;action s&#8217;amorce dans des conditions d&#8217;humidit\u00e9 ambiante \u00e9lev\u00e9e et \u00e0 une temp\u00e9rature comprise entre 10 et 40\u00b0C.\u00a0<strong>Champignons, moisissures et bact\u00e9ries<\/strong>\u00a0trouvent un terrain propice pour leur d\u00e9veloppement, tandis que les <strong>rayons ultraviolets<\/strong> pr\u00e9sents dans la lumi\u00e8re solaire d\u00e9composent la lignine par voie photochimique, en la rendant <strong>soluble dans l&#8217;eau<\/strong>.<\/p>\n<p>&nbsp;<\/p>\n<p><img fetchpriority=\"high\" decoding=\"async\" class=\"size-full wp-image-4782 aligncenter\" src=\"https:\/\/isve.com\/wp-content\/uploads\/degradazione-legno-raggi-uv.jpg\" alt=\"\" width=\"263\" height=\"280\" \/><\/p>\n<p style=\"text-align: center;\"><strong>D\u00e9gradation du bois par les rayons UV<\/strong><\/p>\n<p>&nbsp;<\/p>\n<p>La seule fa\u00e7on <strong>pour combattre efficacement<\/strong> l&#8217;action des <strong>ennemis du bois<\/strong>\u00a0est d&#8217;avoir recours \u00e0 l&#8217;aide que la <strong>chimie moderne<\/strong> peut nous offrir.<\/p>\n<p>En effet un <strong>bon insecticide<\/strong> et un <strong>produit fongicide<\/strong>, s&#8217;ils sont appliqu\u00e9s en quantit\u00e9 suffisante et de fa\u00e7on qui int\u00e9resse aussi les couches les plus internes du bois, <strong>pr\u00e9viennent pendant plusieurs ann\u00e9es<\/strong> l&#8217;attaque des micro-organismes et des insectes. Autant le produit fongicide que l&#8217;insecticide se d\u00e9gradent avec le passage du temps, donc la dur\u00e9e de la protection est directement proportionnelle \u00e0 la quantit\u00e9 appliqu\u00e9e.<\/p>\n<p>Un <strong>impr\u00e9gnant<\/strong> avec un haut r\u00e9sidu sec peut rendre le bois <strong>hydrofuge<\/strong> en le prot\u00e9geant de l&#8217;eau s&#8217;il <strong>n&#8217;est pas appliqu\u00e9<\/strong> de fa\u00e7on \u00e0 former une <strong>pellicule superficielle<\/strong>.<\/p>\n<p>Les <strong>pigments<\/strong>, qui ne sont pas transparents \u00e0 la lumi\u00e8re, cr\u00e9ent une <strong>barri\u00e8re<\/strong> superficielle imperm\u00e9able aux rayons ultraviolets, en \u00e9vitant la d\u00e9composition de la lignine.<\/p>\n<p>Les syst\u00e8mes traditionnels d&#8217;application par immersion, au pinceau ou au pistolet, ne peuvent pas garantir l&#8217;obtention simultan\u00e9e des trois r\u00e9sultats.\u00a0Un produit <strong>\u00e0 haut r\u00e9sidu sec<\/strong> formera une pellicule superficielle, en limitant la p\u00e9n\u00e9tration du composant insecticide et fongicide.\u00a0En revanche, un produit <strong>\u00e0 bas r\u00e9sidu sec<\/strong> aura une meilleure p\u00e9n\u00e9tration en rendant plus active l&#8217;action de l&#8217;insecticide et du produit fongicide, mais une r\u00e9sistance presque nulle \u00e0 la p\u00e9n\u00e9tration de l&#8217;humidit\u00e9 dans les parties internes du produit \u00e9labor\u00e9.<\/p>\n<blockquote>\n<h3><strong>Seule l&#8217;utilisation de la technologie vide-pression a permis d&#8217;appliquer en profondeur des produits pigment\u00e9s \u00e0 haut r\u00e9sidu sec (12-30%) en obtenant ainsi la protection compl\u00e8te du produit \u00e9labor\u00e9.<\/strong><\/h3>\n<p>&nbsp;<\/p>\n<p><img decoding=\"async\" class=\"wp-image-6325 size-medium aligncenter\" src=\"https:\/\/isve.com\/wp-content\/uploads\/\/22072011002-600x450.jpg\" alt=\"\" width=\"600\" height=\"450\" \/><\/p><\/blockquote>\n","protected":false},"excerpt":{"rendered":"<p>Protection complete du bois des agents de degradation grace \u00e0 l&#8217;utilisation de la technologie vide-pression Les installations d&#8217;impr\u00e9gnation IMV-VP sont indiqu\u00e9es pour le traitement des \u00e9l\u00e9ments soumis aux classes de risque trois, quatre et cinq. La conformation naturelle du bois en fait un mat\u00e9riel ad\u00e9quat pour l&#8217;utilisation \u00e0 l&#8217;ext\u00e9rieur. Sa composition (20-30% de lignine, 40-50%&hellip;<\/p>\n","protected":false},"author":1,"featured_media":14540,"parent":15965,"menu_order":281,"comment_status":"closed","ping_status":"closed","template":"","meta":{"_acf_changed":false,"footnotes":""},"tags":[],"impaginazione":[],"divisione":[3690],"categorie_modelli":[],"class_list":["post-14751","page","type-page","status-publish","has-post-thumbnail","hentry","divisione-isve-wood","description-off"],"acf":[],"yoast_head":"<!-- This site is optimized with the Yoast SEO plugin v27.4 - https:\/\/yoast.com\/product\/yoast-seo-wordpress\/ -->\n<title>Protection du bois employ\u00e8 \u00e0 l&#039;\u00e9xterieur - ISVE SpA - Traitement du bois - Recyclage - Broyeurs Granulateurs<\/title>\n<meta name=\"robots\" content=\"index, follow, max-snippet:-1, max-image-preview:large, max-video-preview:-1\" \/>\n<link rel=\"canonical\" href=\"https:\/\/isve.com\/fr\/equipements-traitement-bois\/protection-du-bois-employe-a-lexterieur\/\" \/>\n<meta property=\"og:locale\" content=\"fr_FR\" \/>\n<meta property=\"og:type\" content=\"article\" \/>\n<meta property=\"og:title\" content=\"Protection du bois employ\u00e8 \u00e0 l&#039;\u00e9xterieur - ISVE SpA - Traitement du bois - Recyclage - Broyeurs Granulateurs\" \/>\n<meta property=\"og:description\" content=\"Protection complete du bois des agents de degradation grace \u00e0 l&#8217;utilisation de la technologie vide-pression Les installations d&#8217;impr\u00e9gnation IMV-VP sont indiqu\u00e9es pour le traitement des \u00e9l\u00e9ments soumis aux classes de risque trois, quatre et cinq. La conformation naturelle du bois en fait un mat\u00e9riel ad\u00e9quat pour l&#8217;utilisation \u00e0 l&#8217;ext\u00e9rieur. Sa composition (20-30% de lignine, 40-50%&hellip;\" \/>\n<meta property=\"og:url\" content=\"https:\/\/isve.com\/fr\/equipements-traitement-bois\/protection-du-bois-employe-a-lexterieur\/\" \/>\n<meta property=\"og:site_name\" content=\"ISVE SpA - Traitement du bois - Recyclage - Broyeurs Granulateurs\" \/>\n<meta property=\"article:modified_time\" content=\"2025-04-15T10:00:56+00:00\" \/>\n<meta property=\"og:image\" content=\"https:\/\/isve.com\/wp-content\/uploads\/impr\/gn\/impregnatori_serie-imp-vp_larga4.jpg\" \/>\n\t<meta property=\"og:image:width\" content=\"1400\" \/>\n\t<meta property=\"og:image:height\" content=\"530\" \/>\n\t<meta property=\"og:image:type\" content=\"image\/jpeg\" \/>\n<meta name=\"twitter:card\" content=\"summary_large_image\" \/>\n<meta name=\"twitter:label1\" content=\"Dur\u00e9e de lecture estim\u00e9e\" \/>\n\t<meta name=\"twitter:data1\" content=\"2 minutes\" \/>\n<script type=\"application\/ld+json\" class=\"yoast-schema-graph\">{\"@context\":\"https:\\\/\\\/schema.org\",\"@graph\":[{\"@type\":\"WebPage\",\"@id\":\"https:\\\/\\\/isve.com\\\/fr\\\/equipements-traitement-bois\\\/protection-du-bois-employe-a-lexterieur\\\/\",\"url\":\"https:\\\/\\\/isve.com\\\/fr\\\/equipements-traitement-bois\\\/protection-du-bois-employe-a-lexterieur\\\/\",\"name\":\"Protection du bois employ\u00e8 \u00e0 l'\u00e9xterieur - ISVE SpA - Traitement du bois - Recyclage - Broyeurs Granulateurs\",\"isPartOf\":{\"@id\":\"https:\\\/\\\/isve.com\\\/fr\\\/#website\"},\"primaryImageOfPage\":{\"@id\":\"https:\\\/\\\/isve.com\\\/fr\\\/equipements-traitement-bois\\\/protection-du-bois-employe-a-lexterieur\\\/#primaryimage\"},\"image\":{\"@id\":\"https:\\\/\\\/isve.com\\\/fr\\\/equipements-traitement-bois\\\/protection-du-bois-employe-a-lexterieur\\\/#primaryimage\"},\"thumbnailUrl\":\"https:\\\/\\\/isve.com\\\/wp-content\\\/uploads\\\/impr\\\/gn\\\/impregnatori_serie-imp-vp_larga4.jpg\",\"datePublished\":\"2019-12-16T17:06:47+00:00\",\"dateModified\":\"2025-04-15T10:00:56+00:00\",\"breadcrumb\":{\"@id\":\"https:\\\/\\\/isve.com\\\/fr\\\/equipements-traitement-bois\\\/protection-du-bois-employe-a-lexterieur\\\/#breadcrumb\"},\"inLanguage\":\"fr-FR\",\"potentialAction\":[{\"@type\":\"ReadAction\",\"target\":[\"https:\\\/\\\/isve.com\\\/fr\\\/equipements-traitement-bois\\\/protection-du-bois-employe-a-lexterieur\\\/\"]}]},{\"@type\":\"ImageObject\",\"inLanguage\":\"fr-FR\",\"@id\":\"https:\\\/\\\/isve.com\\\/fr\\\/equipements-traitement-bois\\\/protection-du-bois-employe-a-lexterieur\\\/#primaryimage\",\"url\":\"https:\\\/\\\/isve.com\\\/wp-content\\\/uploads\\\/impr\\\/gn\\\/impregnatori_serie-imp-vp_larga4.jpg\",\"contentUrl\":\"https:\\\/\\\/isve.com\\\/wp-content\\\/uploads\\\/impr\\\/gn\\\/impregnatori_serie-imp-vp_larga4.jpg\",\"width\":1400,\"height\":530},{\"@type\":\"BreadcrumbList\",\"@id\":\"https:\\\/\\\/isve.com\\\/fr\\\/equipements-traitement-bois\\\/protection-du-bois-employe-a-lexterieur\\\/#breadcrumb\",\"itemListElement\":[{\"@type\":\"ListItem\",\"position\":1,\"name\":\"Home\",\"item\":\"https:\\\/\\\/isve.com\\\/fr\\\/\"},{\"@type\":\"ListItem\",\"position\":2,\"name\":\"Produits Wood\",\"item\":\"https:\\\/\\\/isve.com\\\/fr\\\/equipements-traitement-bois\\\/\"},{\"@type\":\"ListItem\",\"position\":3,\"name\":\"Protection du bois employ\u00e8 \u00e0 l&#8217;\u00e9xterieur\"}]},{\"@type\":\"WebSite\",\"@id\":\"https:\\\/\\\/isve.com\\\/fr\\\/#website\",\"url\":\"https:\\\/\\\/isve.com\\\/fr\\\/\",\"name\":\"ISVE S.p.A.\",\"description\":\"Syst\u00e8mes de traitement du bois et pour dechiquetage broyage granulation\",\"publisher\":{\"@id\":\"https:\\\/\\\/isve.com\\\/fr\\\/#organization\"},\"potentialAction\":[{\"@type\":\"SearchAction\",\"target\":{\"@type\":\"EntryPoint\",\"urlTemplate\":\"https:\\\/\\\/isve.com\\\/fr\\\/?s={search_term_string}\"},\"query-input\":{\"@type\":\"PropertyValueSpecification\",\"valueRequired\":true,\"valueName\":\"search_term_string\"}}],\"inLanguage\":\"fr-FR\"},{\"@type\":\"Organization\",\"@id\":\"https:\\\/\\\/isve.com\\\/fr\\\/#organization\",\"name\":\"ISVE S.p.A.\",\"url\":\"https:\\\/\\\/isve.com\\\/fr\\\/\",\"logo\":{\"@type\":\"ImageObject\",\"inLanguage\":\"fr-FR\",\"@id\":\"https:\\\/\\\/isve.com\\\/fr\\\/#\\\/schema\\\/logo\\\/image\\\/\",\"url\":\"https:\\\/\\\/isve.com\\\/wp-content\\\/uploads\\\/2026\\\/01\\\/logo-isve-spa.png\",\"contentUrl\":\"https:\\\/\\\/isve.com\\\/wp-content\\\/uploads\\\/2026\\\/01\\\/logo-isve-spa.png\",\"width\":600,\"height\":173,\"caption\":\"ISVE S.p.A.\"},\"image\":{\"@id\":\"https:\\\/\\\/isve.com\\\/fr\\\/#\\\/schema\\\/logo\\\/image\\\/\"},\"sameAs\":[\"https:\\\/\\\/www.linkedin.com\\\/company\\\/69445471\",\"https:\\\/\\\/www.youtube.com\\\/@isves.p.a.8894\"]}]}<\/script>\n<!-- \/ Yoast SEO plugin. -->","yoast_head_json":{"title":"Protection du bois employ\u00e8 \u00e0 l'\u00e9xterieur - ISVE SpA - Traitement du bois - Recyclage - Broyeurs Granulateurs","robots":{"index":"index","follow":"follow","max-snippet":"max-snippet:-1","max-image-preview":"max-image-preview:large","max-video-preview":"max-video-preview:-1"},"canonical":"https:\/\/isve.com\/fr\/equipements-traitement-bois\/protection-du-bois-employe-a-lexterieur\/","og_locale":"fr_FR","og_type":"article","og_title":"Protection du bois employ\u00e8 \u00e0 l'\u00e9xterieur - ISVE SpA - Traitement du bois - Recyclage - Broyeurs Granulateurs","og_description":"Protection complete du bois des agents de degradation grace \u00e0 l&#8217;utilisation de la technologie vide-pression Les installations d&#8217;impr\u00e9gnation IMV-VP sont indiqu\u00e9es pour le traitement des \u00e9l\u00e9ments soumis aux classes de risque trois, quatre et cinq. La conformation naturelle du bois en fait un mat\u00e9riel ad\u00e9quat pour l&#8217;utilisation \u00e0 l&#8217;ext\u00e9rieur. Sa composition (20-30% de lignine, 40-50%&hellip;","og_url":"https:\/\/isve.com\/fr\/equipements-traitement-bois\/protection-du-bois-employe-a-lexterieur\/","og_site_name":"ISVE SpA - Traitement du bois - Recyclage - Broyeurs Granulateurs","article_modified_time":"2025-04-15T10:00:56+00:00","og_image":[{"width":1400,"height":530,"url":"https:\/\/isve.com\/wp-content\/uploads\/impr\/gn\/impregnatori_serie-imp-vp_larga4.jpg","type":"image\/jpeg"}],"twitter_card":"summary_large_image","twitter_misc":{"Dur\u00e9e de lecture estim\u00e9e":"2 minutes"},"schema":{"@context":"https:\/\/schema.org","@graph":[{"@type":"WebPage","@id":"https:\/\/isve.com\/fr\/equipements-traitement-bois\/protection-du-bois-employe-a-lexterieur\/","url":"https:\/\/isve.com\/fr\/equipements-traitement-bois\/protection-du-bois-employe-a-lexterieur\/","name":"Protection du bois employ\u00e8 \u00e0 l'\u00e9xterieur - ISVE SpA - Traitement du bois - Recyclage - Broyeurs Granulateurs","isPartOf":{"@id":"https:\/\/isve.com\/fr\/#website"},"primaryImageOfPage":{"@id":"https:\/\/isve.com\/fr\/equipements-traitement-bois\/protection-du-bois-employe-a-lexterieur\/#primaryimage"},"image":{"@id":"https:\/\/isve.com\/fr\/equipements-traitement-bois\/protection-du-bois-employe-a-lexterieur\/#primaryimage"},"thumbnailUrl":"https:\/\/isve.com\/wp-content\/uploads\/impr\/gn\/impregnatori_serie-imp-vp_larga4.jpg","datePublished":"2019-12-16T17:06:47+00:00","dateModified":"2025-04-15T10:00:56+00:00","breadcrumb":{"@id":"https:\/\/isve.com\/fr\/equipements-traitement-bois\/protection-du-bois-employe-a-lexterieur\/#breadcrumb"},"inLanguage":"fr-FR","potentialAction":[{"@type":"ReadAction","target":["https:\/\/isve.com\/fr\/equipements-traitement-bois\/protection-du-bois-employe-a-lexterieur\/"]}]},{"@type":"ImageObject","inLanguage":"fr-FR","@id":"https:\/\/isve.com\/fr\/equipements-traitement-bois\/protection-du-bois-employe-a-lexterieur\/#primaryimage","url":"https:\/\/isve.com\/wp-content\/uploads\/impr\/gn\/impregnatori_serie-imp-vp_larga4.jpg","contentUrl":"https:\/\/isve.com\/wp-content\/uploads\/impr\/gn\/impregnatori_serie-imp-vp_larga4.jpg","width":1400,"height":530},{"@type":"BreadcrumbList","@id":"https:\/\/isve.com\/fr\/equipements-traitement-bois\/protection-du-bois-employe-a-lexterieur\/#breadcrumb","itemListElement":[{"@type":"ListItem","position":1,"name":"Home","item":"https:\/\/isve.com\/fr\/"},{"@type":"ListItem","position":2,"name":"Produits Wood","item":"https:\/\/isve.com\/fr\/equipements-traitement-bois\/"},{"@type":"ListItem","position":3,"name":"Protection du bois employ\u00e8 \u00e0 l&#8217;\u00e9xterieur"}]},{"@type":"WebSite","@id":"https:\/\/isve.com\/fr\/#website","url":"https:\/\/isve.com\/fr\/","name":"ISVE S.p.A.","description":"Syst\u00e8mes de traitement du bois et pour dechiquetage broyage granulation","publisher":{"@id":"https:\/\/isve.com\/fr\/#organization"},"potentialAction":[{"@type":"SearchAction","target":{"@type":"EntryPoint","urlTemplate":"https:\/\/isve.com\/fr\/?s={search_term_string}"},"query-input":{"@type":"PropertyValueSpecification","valueRequired":true,"valueName":"search_term_string"}}],"inLanguage":"fr-FR"},{"@type":"Organization","@id":"https:\/\/isve.com\/fr\/#organization","name":"ISVE S.p.A.","url":"https:\/\/isve.com\/fr\/","logo":{"@type":"ImageObject","inLanguage":"fr-FR","@id":"https:\/\/isve.com\/fr\/#\/schema\/logo\/image\/","url":"https:\/\/isve.com\/wp-content\/uploads\/2026\/01\/logo-isve-spa.png","contentUrl":"https:\/\/isve.com\/wp-content\/uploads\/2026\/01\/logo-isve-spa.png","width":600,"height":173,"caption":"ISVE S.p.A."},"image":{"@id":"https:\/\/isve.com\/fr\/#\/schema\/logo\/image\/"},"sameAs":["https:\/\/www.linkedin.com\/company\/69445471","https:\/\/www.youtube.com\/@isves.p.a.8894"]}]}},"_links":{"self":[{"href":"https:\/\/isve.com\/fr\/wp-json\/wp\/v2\/pages\/14751","targetHints":{"allow":["GET"]}}],"collection":[{"href":"https:\/\/isve.com\/fr\/wp-json\/wp\/v2\/pages"}],"about":[{"href":"https:\/\/isve.com\/fr\/wp-json\/wp\/v2\/types\/page"}],"author":[{"embeddable":true,"href":"https:\/\/isve.com\/fr\/wp-json\/wp\/v2\/users\/1"}],"replies":[{"embeddable":true,"href":"https:\/\/isve.com\/fr\/wp-json\/wp\/v2\/comments?post=14751"}],"version-history":[{"count":0,"href":"https:\/\/isve.com\/fr\/wp-json\/wp\/v2\/pages\/14751\/revisions"}],"up":[{"embeddable":true,"href":"https:\/\/isve.com\/fr\/wp-json\/wp\/v2\/pages\/15965"}],"wp:featuredmedia":[{"embeddable":true,"href":"https:\/\/isve.com\/fr\/wp-json\/wp\/v2\/media\/14540"}],"wp:attachment":[{"href":"https:\/\/isve.com\/fr\/wp-json\/wp\/v2\/media?parent=14751"}],"wp:term":[{"taxonomy":"post_tag","embeddable":true,"href":"https:\/\/isve.com\/fr\/wp-json\/wp\/v2\/tags?post=14751"},{"taxonomy":"impaginazione","embeddable":true,"href":"https:\/\/isve.com\/fr\/wp-json\/wp\/v2\/impaginazione?post=14751"},{"taxonomy":"divisione","embeddable":true,"href":"https:\/\/isve.com\/fr\/wp-json\/wp\/v2\/divisione?post=14751"},{"taxonomy":"categorie_modelli","embeddable":true,"href":"https:\/\/isve.com\/fr\/wp-json\/wp\/v2\/categorie_modelli?post=14751"}],"curies":[{"name":"wp","href":"https:\/\/api.w.org\/{rel}","templated":true}]}}