{"id":14745,"date":"2019-12-16T17:33:02","date_gmt":"2019-12-16T16:33:02","guid":{"rendered":"https:\/\/isve.com\/impregnateurs-bois-imp-vp\/"},"modified":"2025-09-05T12:22:00","modified_gmt":"2025-09-05T10:22:00","slug":"impregnateurs-bois-imp-vp","status":"publish","type":"page","link":"https:\/\/isve.com\/fr\/equipements-traitement-bois\/impregnateurs-bois-imp-vp\/","title":{"rendered":"Impregnateurs pour bois IMP-VP"},"content":{"rendered":"<h2 class=\"breadcrumbs-v5-title\"><strong>Impregnateurs sous-vide pression IMP-VP<\/strong><\/h2>\n<p>Une installation standard est compos\u00e9e de:<\/p>\n<ul>\n<li>Un autoclave capable de r\u00e9sister \u00e0 un vide de -700 mmHg et \u00e0 une pression de 12 atmosph\u00e8res.<\/li>\n<li>Une cuve de stockage de la solution impr\u00e9gnante.<\/li>\n<li>Un r\u00e9cipient de dimensions r\u00e9duites pour la pr\u00e9paration de la solution impr\u00e9gnante.<\/li>\n<li>Une pompe \u00e0 vide.<\/li>\n<li>Une pompe \u00e0 haute pression.<\/li>\n<li>Un tableau \u00e9lectrique dot\u00e9 de microprocesseur, avec la possibilit\u00e9 de connecter avec un ordinateur personnel.<\/li>\n<li>Dans le cas des installations &#8220;hors de terre&#8221; est fourni la possibilit\u00e9 de structurer l&#8217;installation avec un autoclave situ\u00e9 dans la partie sup\u00e9rieur comme citerne de contention de la solution.<\/li>\n<\/ul>\n<p>Les dimensions contenues par rapport \u00e0 la productivit\u00e9 de ces installations permettent un notable \u00e9pargne en termes de espace et un placement facile \u00e0 l&#8217;int\u00e9rieur de l&#8217;entreprise.<\/p>\n<p><img fetchpriority=\"high\" decoding=\"async\" class=\"alignnone size-large wp-image-4548\" src=\"https:\/\/isve.com\/wp-content\/uploads\/\/impregnatori_serie_imp-vp-02-1024x827.jpg\" alt=\"\" width=\"1024\" height=\"827\" \/><\/p>\n<p>L&#8217;impregnateur IMP-VP est compos\u00e9 d&#8217;un autoclave superpos\u00e9 \u00e0 un bac \u00e0 interrer.<br \/>\nLe bac contient la solution pr\u00e9servante, I&#8217;autoclave le bois \u00e0 traiter sur le chariot appropri\u00e9.<\/p>\n<p>Pendant la phase de travail la solution passe du bac \u00e0 l&#8217;autoclave qui contient le bois et, apr\u00e8s avoir ex\u00e9cut\u00e9 l&#8217;impr\u00e9gnation, retourne dans le bac initiel. Tout le proc\u00e9d\u00e9 se d\u00e9roule en cycle automatique.<br \/>\nL&#8217;installation travaille en utilisant un vide maximum de &#8211; 730 mmHg. et une surpression hydraulique de 12 Atm. et peut donc ex\u00e9cuter des impr\u00e9gnations a cellule pleine, \u00e0 cellule vide ou seulement \u00e0 la p\u00e9riph\u00e9rie des pi\u00e9ces.<\/p>\n<p>C&#8217;est <strong>la machine id\u00e9ale<\/strong> pour des traitements par <strong>solutions pr\u00e9servantes de sels<\/strong> dissous en eau.<\/p>\n","protected":false},"excerpt":{"rendered":"<p>Impregnateurs sous-vide pression IMP-VP Une installation standard est compos\u00e9e de: Un autoclave capable de r\u00e9sister \u00e0 un vide de -700 mmHg et \u00e0 une pression de 12 atmosph\u00e8res. Une cuve de stockage de la solution impr\u00e9gnante. Un r\u00e9cipient de dimensions r\u00e9duites pour la pr\u00e9paration de la solution impr\u00e9gnante. Une pompe \u00e0 vide. Une pompe \u00e0&hellip;<\/p>\n","protected":false},"author":1,"featured_media":14509,"parent":15965,"menu_order":299,"comment_status":"closed","ping_status":"closed","template":"","meta":{"_acf_changed":false,"footnotes":""},"tags":[],"impaginazione":[3692],"divisione":[3690],"categorie_modelli":[3724],"class_list":["post-14745","page","type-page","status-publish","has-post-thumbnail","hentry","impaginazione-modello-prodotto","divisione-isve-wood","categorie_modelli-impregnatori-legno-imp-vp","description-off"],"acf":[],"yoast_head":"<!-- This site is optimized with the Yoast SEO plugin v27.4 - https:\/\/yoast.com\/product\/yoast-seo-wordpress\/ -->\n<title>Impregnateurs pour bois IMP-VP - ISVE SpA - Traitement du bois - Recyclage - Broyeurs Granulateurs<\/title>\n<meta name=\"robots\" content=\"index, follow, max-snippet:-1, max-image-preview:large, max-video-preview:-1\" \/>\n<link rel=\"canonical\" href=\"https:\/\/isve.com\/fr\/equipements-traitement-bois\/impregnateurs-bois-imp-vp\/\" \/>\n<meta property=\"og:locale\" content=\"fr_FR\" \/>\n<meta property=\"og:type\" content=\"article\" \/>\n<meta property=\"og:title\" content=\"Impregnateurs pour bois IMP-VP - ISVE SpA - Traitement du bois - Recyclage - Broyeurs Granulateurs\" \/>\n<meta property=\"og:description\" content=\"Impregnateurs sous-vide pression IMP-VP Une installation standard est compos\u00e9e de: Un autoclave capable de r\u00e9sister \u00e0 un vide de -700 mmHg et \u00e0 une pression de 12 atmosph\u00e8res. Une cuve de stockage de la solution impr\u00e9gnante. Un r\u00e9cipient de dimensions r\u00e9duites pour la pr\u00e9paration de la solution impr\u00e9gnante. Une pompe \u00e0 vide. Une pompe \u00e0&hellip;\" \/>\n<meta property=\"og:url\" content=\"https:\/\/isve.com\/fr\/equipements-traitement-bois\/impregnateurs-bois-imp-vp\/\" \/>\n<meta property=\"og:site_name\" content=\"ISVE SpA - Traitement du bois - Recyclage - Broyeurs Granulateurs\" \/>\n<meta property=\"article:modified_time\" content=\"2025-09-05T10:22:00+00:00\" \/>\n<meta property=\"og:image\" content=\"https:\/\/isve.com\/wp-content\/uploads\/IMP-\/P_\/IMP-VP_WEB.jpg\" \/>\n\t<meta property=\"og:image:width\" content=\"1920\" \/>\n\t<meta property=\"og:image:height\" content=\"727\" \/>\n\t<meta property=\"og:image:type\" content=\"image\/jpeg\" \/>\n<meta name=\"twitter:card\" content=\"summary_large_image\" \/>\n<meta name=\"twitter:label1\" content=\"Dur\u00e9e de lecture estim\u00e9e\" \/>\n\t<meta name=\"twitter:data1\" content=\"1 minute\" \/>\n<script type=\"application\/ld+json\" class=\"yoast-schema-graph\">{\"@context\":\"https:\\\/\\\/schema.org\",\"@graph\":[{\"@type\":\"WebPage\",\"@id\":\"https:\\\/\\\/isve.com\\\/fr\\\/equipements-traitement-bois\\\/impregnateurs-bois-imp-vp\\\/\",\"url\":\"https:\\\/\\\/isve.com\\\/fr\\\/equipements-traitement-bois\\\/impregnateurs-bois-imp-vp\\\/\",\"name\":\"Impregnateurs pour bois IMP-VP - ISVE SpA - Traitement du bois - Recyclage - Broyeurs Granulateurs\",\"isPartOf\":{\"@id\":\"https:\\\/\\\/isve.com\\\/fr\\\/#website\"},\"primaryImageOfPage\":{\"@id\":\"https:\\\/\\\/isve.com\\\/fr\\\/equipements-traitement-bois\\\/impregnateurs-bois-imp-vp\\\/#primaryimage\"},\"image\":{\"@id\":\"https:\\\/\\\/isve.com\\\/fr\\\/equipements-traitement-bois\\\/impregnateurs-bois-imp-vp\\\/#primaryimage\"},\"thumbnailUrl\":\"https:\\\/\\\/isve.com\\\/wp-content\\\/uploads\\\/IMP-\\\/P_\\\/IMP-VP_WEB.jpg\",\"datePublished\":\"2019-12-16T16:33:02+00:00\",\"dateModified\":\"2025-09-05T10:22:00+00:00\",\"breadcrumb\":{\"@id\":\"https:\\\/\\\/isve.com\\\/fr\\\/equipements-traitement-bois\\\/impregnateurs-bois-imp-vp\\\/#breadcrumb\"},\"inLanguage\":\"fr-FR\",\"potentialAction\":[{\"@type\":\"ReadAction\",\"target\":[\"https:\\\/\\\/isve.com\\\/fr\\\/equipements-traitement-bois\\\/impregnateurs-bois-imp-vp\\\/\"]}]},{\"@type\":\"ImageObject\",\"inLanguage\":\"fr-FR\",\"@id\":\"https:\\\/\\\/isve.com\\\/fr\\\/equipements-traitement-bois\\\/impregnateurs-bois-imp-vp\\\/#primaryimage\",\"url\":\"https:\\\/\\\/isve.com\\\/wp-content\\\/uploads\\\/IMP-\\\/P_\\\/IMP-VP_WEB.jpg\",\"contentUrl\":\"https:\\\/\\\/isve.com\\\/wp-content\\\/uploads\\\/IMP-\\\/P_\\\/IMP-VP_WEB.jpg\",\"width\":1920,\"height\":727},{\"@type\":\"BreadcrumbList\",\"@id\":\"https:\\\/\\\/isve.com\\\/fr\\\/equipements-traitement-bois\\\/impregnateurs-bois-imp-vp\\\/#breadcrumb\",\"itemListElement\":[{\"@type\":\"ListItem\",\"position\":1,\"name\":\"Home\",\"item\":\"https:\\\/\\\/isve.com\\\/fr\\\/\"},{\"@type\":\"ListItem\",\"position\":2,\"name\":\"Produits Wood\",\"item\":\"https:\\\/\\\/isve.com\\\/fr\\\/equipements-traitement-bois\\\/\"},{\"@type\":\"ListItem\",\"position\":3,\"name\":\"Impregnateurs pour bois IMP-VP\"}]},{\"@type\":\"WebSite\",\"@id\":\"https:\\\/\\\/isve.com\\\/fr\\\/#website\",\"url\":\"https:\\\/\\\/isve.com\\\/fr\\\/\",\"name\":\"ISVE S.p.A.\",\"description\":\"Syst\u00e8mes de traitement du bois et pour dechiquetage broyage granulation\",\"publisher\":{\"@id\":\"https:\\\/\\\/isve.com\\\/fr\\\/#organization\"},\"potentialAction\":[{\"@type\":\"SearchAction\",\"target\":{\"@type\":\"EntryPoint\",\"urlTemplate\":\"https:\\\/\\\/isve.com\\\/fr\\\/?s={search_term_string}\"},\"query-input\":{\"@type\":\"PropertyValueSpecification\",\"valueRequired\":true,\"valueName\":\"search_term_string\"}}],\"inLanguage\":\"fr-FR\"},{\"@type\":\"Organization\",\"@id\":\"https:\\\/\\\/isve.com\\\/fr\\\/#organization\",\"name\":\"ISVE S.p.A.\",\"url\":\"https:\\\/\\\/isve.com\\\/fr\\\/\",\"logo\":{\"@type\":\"ImageObject\",\"inLanguage\":\"fr-FR\",\"@id\":\"https:\\\/\\\/isve.com\\\/fr\\\/#\\\/schema\\\/logo\\\/image\\\/\",\"url\":\"https:\\\/\\\/isve.com\\\/wp-content\\\/uploads\\\/2026\\\/01\\\/logo-isve-spa.png\",\"contentUrl\":\"https:\\\/\\\/isve.com\\\/wp-content\\\/uploads\\\/2026\\\/01\\\/logo-isve-spa.png\",\"width\":600,\"height\":173,\"caption\":\"ISVE S.p.A.\"},\"image\":{\"@id\":\"https:\\\/\\\/isve.com\\\/fr\\\/#\\\/schema\\\/logo\\\/image\\\/\"},\"sameAs\":[\"https:\\\/\\\/www.linkedin.com\\\/company\\\/69445471\",\"https:\\\/\\\/www.youtube.com\\\/@isves.p.a.8894\"]}]}<\/script>\n<!-- \/ Yoast SEO plugin. -->","yoast_head_json":{"title":"Impregnateurs pour bois IMP-VP - ISVE SpA - Traitement du bois - Recyclage - Broyeurs Granulateurs","robots":{"index":"index","follow":"follow","max-snippet":"max-snippet:-1","max-image-preview":"max-image-preview:large","max-video-preview":"max-video-preview:-1"},"canonical":"https:\/\/isve.com\/fr\/equipements-traitement-bois\/impregnateurs-bois-imp-vp\/","og_locale":"fr_FR","og_type":"article","og_title":"Impregnateurs pour bois IMP-VP - ISVE SpA - Traitement du bois - Recyclage - Broyeurs Granulateurs","og_description":"Impregnateurs sous-vide pression IMP-VP Une installation standard est compos\u00e9e de: Un autoclave capable de r\u00e9sister \u00e0 un vide de -700 mmHg et \u00e0 une pression de 12 atmosph\u00e8res. Une cuve de stockage de la solution impr\u00e9gnante. Un r\u00e9cipient de dimensions r\u00e9duites pour la pr\u00e9paration de la solution impr\u00e9gnante. Une pompe \u00e0 vide. Une pompe \u00e0&hellip;","og_url":"https:\/\/isve.com\/fr\/equipements-traitement-bois\/impregnateurs-bois-imp-vp\/","og_site_name":"ISVE SpA - Traitement du bois - Recyclage - Broyeurs Granulateurs","article_modified_time":"2025-09-05T10:22:00+00:00","og_image":[{"width":1920,"height":727,"url":"https:\/\/isve.com\/wp-content\/uploads\/IMP-\/P_\/IMP-VP_WEB.jpg","type":"image\/jpeg"}],"twitter_card":"summary_large_image","twitter_misc":{"Dur\u00e9e de lecture estim\u00e9e":"1 minute"},"schema":{"@context":"https:\/\/schema.org","@graph":[{"@type":"WebPage","@id":"https:\/\/isve.com\/fr\/equipements-traitement-bois\/impregnateurs-bois-imp-vp\/","url":"https:\/\/isve.com\/fr\/equipements-traitement-bois\/impregnateurs-bois-imp-vp\/","name":"Impregnateurs pour bois IMP-VP - ISVE SpA - Traitement du bois - Recyclage - Broyeurs Granulateurs","isPartOf":{"@id":"https:\/\/isve.com\/fr\/#website"},"primaryImageOfPage":{"@id":"https:\/\/isve.com\/fr\/equipements-traitement-bois\/impregnateurs-bois-imp-vp\/#primaryimage"},"image":{"@id":"https:\/\/isve.com\/fr\/equipements-traitement-bois\/impregnateurs-bois-imp-vp\/#primaryimage"},"thumbnailUrl":"https:\/\/isve.com\/wp-content\/uploads\/IMP-\/P_\/IMP-VP_WEB.jpg","datePublished":"2019-12-16T16:33:02+00:00","dateModified":"2025-09-05T10:22:00+00:00","breadcrumb":{"@id":"https:\/\/isve.com\/fr\/equipements-traitement-bois\/impregnateurs-bois-imp-vp\/#breadcrumb"},"inLanguage":"fr-FR","potentialAction":[{"@type":"ReadAction","target":["https:\/\/isve.com\/fr\/equipements-traitement-bois\/impregnateurs-bois-imp-vp\/"]}]},{"@type":"ImageObject","inLanguage":"fr-FR","@id":"https:\/\/isve.com\/fr\/equipements-traitement-bois\/impregnateurs-bois-imp-vp\/#primaryimage","url":"https:\/\/isve.com\/wp-content\/uploads\/IMP-\/P_\/IMP-VP_WEB.jpg","contentUrl":"https:\/\/isve.com\/wp-content\/uploads\/IMP-\/P_\/IMP-VP_WEB.jpg","width":1920,"height":727},{"@type":"BreadcrumbList","@id":"https:\/\/isve.com\/fr\/equipements-traitement-bois\/impregnateurs-bois-imp-vp\/#breadcrumb","itemListElement":[{"@type":"ListItem","position":1,"name":"Home","item":"https:\/\/isve.com\/fr\/"},{"@type":"ListItem","position":2,"name":"Produits Wood","item":"https:\/\/isve.com\/fr\/equipements-traitement-bois\/"},{"@type":"ListItem","position":3,"name":"Impregnateurs pour bois IMP-VP"}]},{"@type":"WebSite","@id":"https:\/\/isve.com\/fr\/#website","url":"https:\/\/isve.com\/fr\/","name":"ISVE S.p.A.","description":"Syst\u00e8mes de traitement du bois et pour dechiquetage broyage granulation","publisher":{"@id":"https:\/\/isve.com\/fr\/#organization"},"potentialAction":[{"@type":"SearchAction","target":{"@type":"EntryPoint","urlTemplate":"https:\/\/isve.com\/fr\/?s={search_term_string}"},"query-input":{"@type":"PropertyValueSpecification","valueRequired":true,"valueName":"search_term_string"}}],"inLanguage":"fr-FR"},{"@type":"Organization","@id":"https:\/\/isve.com\/fr\/#organization","name":"ISVE S.p.A.","url":"https:\/\/isve.com\/fr\/","logo":{"@type":"ImageObject","inLanguage":"fr-FR","@id":"https:\/\/isve.com\/fr\/#\/schema\/logo\/image\/","url":"https:\/\/isve.com\/wp-content\/uploads\/2026\/01\/logo-isve-spa.png","contentUrl":"https:\/\/isve.com\/wp-content\/uploads\/2026\/01\/logo-isve-spa.png","width":600,"height":173,"caption":"ISVE S.p.A."},"image":{"@id":"https:\/\/isve.com\/fr\/#\/schema\/logo\/image\/"},"sameAs":["https:\/\/www.linkedin.com\/company\/69445471","https:\/\/www.youtube.com\/@isves.p.a.8894"]}]}},"_links":{"self":[{"href":"https:\/\/isve.com\/fr\/wp-json\/wp\/v2\/pages\/14745","targetHints":{"allow":["GET"]}}],"collection":[{"href":"https:\/\/isve.com\/fr\/wp-json\/wp\/v2\/pages"}],"about":[{"href":"https:\/\/isve.com\/fr\/wp-json\/wp\/v2\/types\/page"}],"author":[{"embeddable":true,"href":"https:\/\/isve.com\/fr\/wp-json\/wp\/v2\/users\/1"}],"replies":[{"embeddable":true,"href":"https:\/\/isve.com\/fr\/wp-json\/wp\/v2\/comments?post=14745"}],"version-history":[{"count":0,"href":"https:\/\/isve.com\/fr\/wp-json\/wp\/v2\/pages\/14745\/revisions"}],"up":[{"embeddable":true,"href":"https:\/\/isve.com\/fr\/wp-json\/wp\/v2\/pages\/15965"}],"wp:featuredmedia":[{"embeddable":true,"href":"https:\/\/isve.com\/fr\/wp-json\/wp\/v2\/media\/14509"}],"wp:attachment":[{"href":"https:\/\/isve.com\/fr\/wp-json\/wp\/v2\/media?parent=14745"}],"wp:term":[{"taxonomy":"post_tag","embeddable":true,"href":"https:\/\/isve.com\/fr\/wp-json\/wp\/v2\/tags?post=14745"},{"taxonomy":"impaginazione","embeddable":true,"href":"https:\/\/isve.com\/fr\/wp-json\/wp\/v2\/impaginazione?post=14745"},{"taxonomy":"divisione","embeddable":true,"href":"https:\/\/isve.com\/fr\/wp-json\/wp\/v2\/divisione?post=14745"},{"taxonomy":"categorie_modelli","embeddable":true,"href":"https:\/\/isve.com\/fr\/wp-json\/wp\/v2\/categorie_modelli?post=14745"}],"curies":[{"name":"wp","href":"https:\/\/api.w.org\/{rel}","templated":true}]}}