{"id":14739,"date":"2019-12-15T15:42:17","date_gmt":"2019-12-15T14:42:17","guid":{"rendered":"https:\/\/isve.com\/impregnateurs-bois-imp-vp-introduction\/"},"modified":"2026-02-03T16:03:50","modified_gmt":"2026-02-03T15:03:50","slug":"impregnateurs-bois-imp-vp-introduction","status":"publish","type":"page","link":"https:\/\/isve.com\/fr\/equipements-traitement-bois\/impregnateurs-bois-imp-vp-introduction\/","title":{"rendered":"Impr\u00e9gnateurs sous-vide pression IMP-VP: introduction"},"content":{"rendered":"<h2>Traitement d&#8217;impregnation du bois en autoclave par le systeme du vide sous pression<strong>.<\/strong><\/h2>\n<p>Les gens aiment vivre et travailler dans des endroits d\u00e9cor\u00e9s et rev\u00eatus d&#8217;\u00e9l\u00e9ments en <strong>bois<\/strong>; ils en appr\u00e9cient la chaleur et la beaut\u00e9 naturelle, avec laquelle aucun mat\u00e9riau d&#8217;origine min\u00e9rale ou synth\u00e9tique n&#8217;est comparable.<\/p>\n<p>Ces qualit\u00e9s sont toutefois p\u00e9nalis\u00e9es par un seul facteur critique: <strong>la durabilit\u00e9<\/strong>.<br \/>\nDu moment que le bois subit une <strong>attaque<\/strong>, plus ou moins rapide, de la part <strong>d&#8217;agents atmosph\u00e9riques et biologiques<\/strong> comme les\u00a0champignons, les insectes et les bact\u00e9ries, on a pr\u00e9f\u00e9r\u00e9 s\u00e9lectionner et employer des bois &#8220;naturellement&#8221; r\u00e9sistants.<br \/>\nCependant la demande constante de ces esp\u00e8ces a provoqu\u00e9 une r\u00e9duction consid\u00e9rable de la disponibilit\u00e9 de ces derni\u00e8res tout en augmentant leur prix.<\/p>\n<p>D&#8217;o\u00f9 la n\u00e9cessit\u00e9 d&#8217;utiliser des bois moins durables mais meilleur march\u00e9, en veillant toutefois \u00e0 appliquer des <strong>traitements efficaces<\/strong> pour <strong>augmenter leur r\u00e9sistance naturelle<\/strong>.<\/p>\n<p>Les usines ISVE offrent \u00e0 l&#8217;entrepreneur l&#8217;opportunit\u00e9 d&#8217;exploiter ce march\u00e9 en croissance constante, avec des <strong>syst\u00e8mes d&#8217;impr\u00e9gnation<\/strong> sp\u00e9cialement con\u00e7us <strong>pour le bois<\/strong>, avec une conception et une qualit\u00e9 de construction \u00e9prouv\u00e9es qui garantissent une longue dur\u00e9e de vie des bois trait\u00e9s.<\/p>\n<p><iframe title=\"ISVE WOOD TREATMENT PLANT\" width=\"1200\" height=\"675\" src=\"https:\/\/www.youtube.com\/embed\/ErNasqqZnm8?feature=oembed\" frameborder=\"0\" allow=\"accelerometer; autoplay; clipboard-write; encrypted-media; gyroscope; picture-in-picture; web-share\" referrerpolicy=\"strict-origin-when-cross-origin\" allowfullscreen><\/iframe><\/p>\n<p>&nbsp;<\/p>\n<p><img fetchpriority=\"high\" decoding=\"async\" class=\"alignnone size-large wp-image-4558\" src=\"https:\/\/isve.com\/wp-content\/uploads\/\/impregnatori_serie-imp-vp_larga-1024x372.jpg\" alt=\"\" width=\"1024\" height=\"372\" \/><\/p>\n<p>&nbsp;<\/p>\n<h2><strong>Impr\u00e9gnateurs sous-vide pression IMP-VP:<br \/>\nproductivit\u00e9 \u00e9lev\u00e9e et faibles co\u00fbts d&#8217;exploitation<br \/>\n<\/strong><\/h2>\n<p><strong>Installations d\u2019impr\u00e9gnation du bois<\/strong> pour obtenir une <strong>p\u00e9n\u00e9tration maximale<\/strong> des ingr\u00e9dients actifs en profondeur <strong>(CLASSE 4-5)<\/strong>.<\/p>\n<p>Construction avec des <strong>mat\u00e9riaux de haute qualit\u00e9<\/strong> garantissant une <strong>grande durabilit\u00e9<\/strong> (nous avons des IMP-VP fonctionnant depuis plus de 40 ans!).<\/p>\n<p>L\u2019installation consiste en un autoclave dans lequel le bois \u00e0 traiter est ins\u00e9r\u00e9.<\/p>\n<p>Apr\u00e8s une premi\u00e8re phase de vide, la solution d\u2019impr\u00e9gnation est extraite d\u2019un r\u00e9servoir et pouss\u00e9e par pression \u00e0 l\u2019int\u00e9rieur du bois. La combinaison du <strong>vide<\/strong> initial avec la phase de <strong>haute pression<\/strong> garantit une p\u00e9n\u00e9tration maximale des principes actifs.<\/p>\n<p>&nbsp;<\/p>\n<p><img decoding=\"async\" class=\"alignnone size-large wp-image-4563\" src=\"https:\/\/isve.com\/wp-content\/uploads\/\/impregnatori_serie-imp-vp_larga2-1024x364.jpg\" alt=\"\" width=\"1024\" height=\"364\" \/><\/p>\n<h2><\/h2>\n<h2><strong>Impr\u00e9gnateurs IMP-VP: quand les utiliser<\/strong><\/h2>\n<p><strong>Utilisation des impregnateurs IMP-VP pour la protection du bois aux conditions climatiques exterieures.<\/strong><\/p>\n<p>L&#8217;utilisation de l&#8217;<strong>impr\u00e9gnateur vide-pression<\/strong> est conseill\u00e9e pour tous ces produits, comme:<\/p>\n<ul>\n<li>meubles de jardin,<\/li>\n<li>brosses,<\/li>\n<li>enceintes,<\/li>\n<li>\u00e9l\u00e9ments pr\u00e9fabriqu\u00e9s pour la construction,<\/li>\n<li>plates-formes pour camions,<\/li>\n<li>sols,<\/li>\n<li>mobilier naval,<\/li>\n<li>pieux pour l&#8217;agriculture,<\/li>\n<li>emballages,<\/li>\n<\/ul>\n<p>lesquels pour son emploi sont pendant des p\u00e9riodes plus ou moins longues aux conditions climatiques externes.<\/p>\n<p>De la m\u00eame fa\u00e7on il est indispensable le <strong>traitement avec des insecticides<\/strong> de tous les bois exotiques et pas exotiques, qui m\u00eame s&#8217;ils sont utilis\u00e9s seulement \u00e0 l&#8217;int\u00e9rieur, sont soumis \u00e0 des vers ou \u00e0 d&#8217;autre\u00a0xylophages\u00a0similaires.<\/p>\n<p>Les produits qui peuvent \u00eatre employ\u00e9s dans nos installations sont:<\/p>\n<ul>\n<li><strong>IMPREGNANTS \u00e0 base de solvant<\/strong>\u00a0avec action protectrice pour l&#8217;extermination des moisissures, insectes, bact\u00e9ries;<\/li>\n<li><strong>IMPREGNANTS \u00e0 base de sels dissous dans l&#8217;eau<\/strong>\u00a0avec action protectrice et d&#8217;extermination pour des moisissures, insectes, bact\u00e9ries;<\/li>\n<li><strong>IMPREGNANTS \u00e0 base de sels<\/strong> dissous dans l&#8217;eau avec une action protectrice simultan\u00e9e.<\/li>\n<\/ul>\n<p>&nbsp;<\/p>\n<p><img decoding=\"async\" class=\"wp-image-6357 size-medium aligncenter\" src=\"https:\/\/isve.com\/wp-content\/uploads\/\/IMG00848-20120504-1454-1-600x450.jpg\" alt=\"\" width=\"600\" height=\"450\" \/><\/p>\n<p>&nbsp;<\/p>\n<h2><strong>Advantages du systeme IMP-VP<\/strong><\/h2>\n<h3>Qualit\u00e8 des impregnateurs sous vide ISVE<\/h3>\n<p>Il y a beaucoup d&#8217;arguments en faveur de ce type d&#8217;investissement.<br \/>\nNous \u00e9num\u00e9rons les principaux:<\/p>\n<ul>\n<li><strong>Investissement de capital r\u00e9duit<\/strong><br \/>\nTr\u00e8s peu de syst\u00e8mes dans le secteur de l&#8217;industrie du bois se rapprochent du rapport capital investi par millier de m3 de bois trait\u00e9 \u00e0 l&#8217;an comme une installation IMP-VP.<\/li>\n<li><strong>Bas co\u00fbt du travail<\/strong><br \/>\nIl suffit un seul employ\u00e9 par roulement pour manoeuvrer, d\u00e9charger, charger une installation, \u00e0 condition de disposer d&#8217;un moyen m\u00e9canique pour d\u00e9placer les piles de bois.<\/li>\n<li><strong>Vaste march\u00e9 en expansion continue\u00a0<\/strong><br \/>\nIl suffit d&#8217;\u00e9valuer ce que les douanes disent par rapport aux importations de mat\u00e9riel trait\u00e9 pour \u00e9valuer l&#8217;espace de march\u00e9 disponible.<\/li>\n<li><strong>Bas co\u00fbts d&#8217;entretien\u00a0<\/strong><br \/>\nAvendo l\u2019avvertenza di mantenere pulito l\u2019impianto, i costi di manutenzione sono assai bassi essendoci pochi organi in movimento.<\/li>\n<li><strong>Ecoulement rapide\u00a0<\/strong><br \/>\nNon seulement le mat\u00e9riel peut \u00eatre trait\u00e9 avec une humidit\u00e9 du 30%, mais apr\u00e8s seulement peu de jours \u00e0 la suite du traitement il peut \u00eatre utilis\u00e9 et manoeuvr\u00e9 sans probl\u00e8mes.<\/li>\n<li><strong>Facilit\u00e9 de s&#8217;adapter au march\u00e9\u00a0<\/strong><br \/>\nGr\u00e2ce au peu de main d&#8217;oeuvre n\u00e9cessaire il est facile de faire front aux variations de production sans des cons\u00e9quences graves.<\/li>\n<li><strong>Aucun contrat pour les produits impr\u00e9gnants n&#8217;est jamais impos\u00e9<\/strong><br \/>\nI.S.V.E. Srl travaille dans le secteur des installations et ne vend pas des produits impr\u00e9gnants. Le client est donc libre de se fournir sur le march\u00e9 sans aucune imposition.<\/li>\n<li><strong>Aucun danger d&#8217;ab\u00eemer le mat\u00e9riel\u00a0<\/strong><br \/>\nLes installations IMP-VP I.S.V.E. sont fournies dot\u00e9es d&#8217;un tableau \u00e9lectrique avec un microprocesseur (Vacutronic system) qui r\u00e9duit au minimum la possibilit\u00e9 d&#8217;une manoeuvre faillie.<br \/>\nLa connexion \u00e0 un simple ordinateur personnel permet de visualiser et d&#8217;imprimer toutes les phases du cycle pour la certification RAL.<\/li>\n<\/ul>\n<hr \/>\n<p><a class=\"btn btn-lg btn-block pulsante-giallo\" href=\"https:\/\/isve.com\/fr\/equipements-traitement-bois\/impregnateurs-bois-imp-vp\/\">VOIR TOUS LES MOD\u00c8LES<\/a><\/p>\n","protected":false},"excerpt":{"rendered":"<p>Traitement d&#8217;impregnation du bois en autoclave par le systeme du vide sous pression. Les gens aiment vivre et travailler dans des endroits d\u00e9cor\u00e9s et rev\u00eatus d&#8217;\u00e9l\u00e9ments en bois; ils en appr\u00e9cient la chaleur et la beaut\u00e9 naturelle, avec laquelle aucun mat\u00e9riau d&#8217;origine min\u00e9rale ou synth\u00e9tique n&#8217;est comparable. Ces qualit\u00e9s sont toutefois p\u00e9nalis\u00e9es par un seul&hellip;<\/p>\n","protected":false},"author":1,"featured_media":14497,"parent":15965,"menu_order":292,"comment_status":"closed","ping_status":"closed","template":"","meta":{"_acf_changed":false,"footnotes":""},"tags":[],"impaginazione":[],"divisione":[3690],"categorie_modelli":[],"class_list":["post-14739","page","type-page","status-publish","has-post-thumbnail","hentry","divisione-isve-wood","description-off"],"acf":[],"yoast_head":"<!-- This site is optimized with the Yoast SEO plugin v27.4 - https:\/\/yoast.com\/product\/yoast-seo-wordpress\/ -->\n<title>Impr\u00e9gnateurs sous-vide pression IMP-VP: introduction - ISVE SpA - Trattamento legno - Riciclaggio - Macinatori Trituratori<\/title>\n<meta name=\"robots\" content=\"index, follow, max-snippet:-1, max-image-preview:large, max-video-preview:-1\" \/>\n<link rel=\"canonical\" href=\"https:\/\/isve.com\/fr\/equipements-traitement-bois\/impregnateurs-bois-imp-vp-introduction\/\" \/>\n<meta property=\"og:locale\" content=\"fr_FR\" \/>\n<meta property=\"og:type\" content=\"article\" \/>\n<meta property=\"og:title\" content=\"Impr\u00e9gnateurs sous-vide pression IMP-VP: introduction - ISVE SpA - Trattamento legno - Riciclaggio - Macinatori Trituratori\" \/>\n<meta property=\"og:description\" content=\"Traitement d&#8217;impregnation du bois en autoclave par le systeme du vide sous pression. Les gens aiment vivre et travailler dans des endroits d\u00e9cor\u00e9s et rev\u00eatus d&#8217;\u00e9l\u00e9ments en bois; ils en appr\u00e9cient la chaleur et la beaut\u00e9 naturelle, avec laquelle aucun mat\u00e9riau d&#8217;origine min\u00e9rale ou synth\u00e9tique n&#8217;est comparable. Ces qualit\u00e9s sont toutefois p\u00e9nalis\u00e9es par un seul&hellip;\" \/>\n<meta property=\"og:url\" content=\"https:\/\/isve.com\/fr\/equipements-traitement-bois\/impregnateurs-bois-imp-vp-introduction\/\" \/>\n<meta property=\"og:site_name\" content=\"ISVE SpA - Trattamento legno - Riciclaggio - Macinatori Trituratori\" \/>\n<meta property=\"article:modified_time\" content=\"2026-02-03T15:03:50+00:00\" \/>\n<meta property=\"og:image\" content=\"https:\/\/isve.com\/wp-content\/uploads\/impr\/gn\/impregnatori_serie_imp-vp.jpg\" \/>\n\t<meta property=\"og:image:width\" content=\"1400\" \/>\n\t<meta property=\"og:image:height\" content=\"972\" \/>\n\t<meta property=\"og:image:type\" content=\"image\/jpeg\" \/>\n<meta name=\"twitter:card\" content=\"summary_large_image\" \/>\n<meta name=\"twitter:label1\" content=\"Dur\u00e9e de lecture estim\u00e9e\" \/>\n\t<meta name=\"twitter:data1\" content=\"4 minutes\" \/>\n<script type=\"application\/ld+json\" class=\"yoast-schema-graph\">{\"@context\":\"https:\\\/\\\/schema.org\",\"@graph\":[{\"@type\":\"WebPage\",\"@id\":\"https:\\\/\\\/isve.com\\\/fr\\\/equipements-traitement-bois\\\/impregnateurs-bois-imp-vp-introduction\\\/\",\"url\":\"https:\\\/\\\/isve.com\\\/fr\\\/equipements-traitement-bois\\\/impregnateurs-bois-imp-vp-introduction\\\/\",\"name\":\"Impr\u00e9gnateurs sous-vide pression IMP-VP: introduction - ISVE SpA - Trattamento legno - Riciclaggio - Macinatori Trituratori\",\"isPartOf\":{\"@id\":\"https:\\\/\\\/isve.com\\\/fr\\\/#website\"},\"primaryImageOfPage\":{\"@id\":\"https:\\\/\\\/isve.com\\\/fr\\\/equipements-traitement-bois\\\/impregnateurs-bois-imp-vp-introduction\\\/#primaryimage\"},\"image\":{\"@id\":\"https:\\\/\\\/isve.com\\\/fr\\\/equipements-traitement-bois\\\/impregnateurs-bois-imp-vp-introduction\\\/#primaryimage\"},\"thumbnailUrl\":\"https:\\\/\\\/isve.com\\\/wp-content\\\/uploads\\\/impr\\\/gn\\\/impregnatori_serie_imp-vp.jpg\",\"datePublished\":\"2019-12-15T14:42:17+00:00\",\"dateModified\":\"2026-02-03T15:03:50+00:00\",\"breadcrumb\":{\"@id\":\"https:\\\/\\\/isve.com\\\/fr\\\/equipements-traitement-bois\\\/impregnateurs-bois-imp-vp-introduction\\\/#breadcrumb\"},\"inLanguage\":\"fr-FR\",\"potentialAction\":[{\"@type\":\"ReadAction\",\"target\":[\"https:\\\/\\\/isve.com\\\/fr\\\/equipements-traitement-bois\\\/impregnateurs-bois-imp-vp-introduction\\\/\"]}]},{\"@type\":\"ImageObject\",\"inLanguage\":\"fr-FR\",\"@id\":\"https:\\\/\\\/isve.com\\\/fr\\\/equipements-traitement-bois\\\/impregnateurs-bois-imp-vp-introduction\\\/#primaryimage\",\"url\":\"https:\\\/\\\/isve.com\\\/wp-content\\\/uploads\\\/impr\\\/gn\\\/impregnatori_serie_imp-vp.jpg\",\"contentUrl\":\"https:\\\/\\\/isve.com\\\/wp-content\\\/uploads\\\/impr\\\/gn\\\/impregnatori_serie_imp-vp.jpg\",\"width\":1400,\"height\":972},{\"@type\":\"BreadcrumbList\",\"@id\":\"https:\\\/\\\/isve.com\\\/fr\\\/equipements-traitement-bois\\\/impregnateurs-bois-imp-vp-introduction\\\/#breadcrumb\",\"itemListElement\":[{\"@type\":\"ListItem\",\"position\":1,\"name\":\"Home\",\"item\":\"https:\\\/\\\/isve.com\\\/fr\\\/\"},{\"@type\":\"ListItem\",\"position\":2,\"name\":\"Produits Wood\",\"item\":\"https:\\\/\\\/isve.com\\\/fr\\\/equipements-traitement-bois\\\/\"},{\"@type\":\"ListItem\",\"position\":3,\"name\":\"Impr\u00e9gnateurs sous-vide pression IMP-VP: introduction\"}]},{\"@type\":\"WebSite\",\"@id\":\"https:\\\/\\\/isve.com\\\/fr\\\/#website\",\"url\":\"https:\\\/\\\/isve.com\\\/fr\\\/\",\"name\":\"ISVE S.p.A.\",\"description\":\"Sistemi per trattamento del legno e triturazione macinazione granulazione\",\"publisher\":{\"@id\":\"https:\\\/\\\/isve.com\\\/fr\\\/#organization\"},\"potentialAction\":[{\"@type\":\"SearchAction\",\"target\":{\"@type\":\"EntryPoint\",\"urlTemplate\":\"https:\\\/\\\/isve.com\\\/fr\\\/?s={search_term_string}\"},\"query-input\":{\"@type\":\"PropertyValueSpecification\",\"valueRequired\":true,\"valueName\":\"search_term_string\"}}],\"inLanguage\":\"fr-FR\"},{\"@type\":\"Organization\",\"@id\":\"https:\\\/\\\/isve.com\\\/fr\\\/#organization\",\"name\":\"ISVE S.p.A.\",\"url\":\"https:\\\/\\\/isve.com\\\/fr\\\/\",\"logo\":{\"@type\":\"ImageObject\",\"inLanguage\":\"fr-FR\",\"@id\":\"https:\\\/\\\/isve.com\\\/fr\\\/#\\\/schema\\\/logo\\\/image\\\/\",\"url\":\"https:\\\/\\\/isve.com\\\/wp-content\\\/uploads\\\/2026\\\/01\\\/logo-isve-spa.png\",\"contentUrl\":\"https:\\\/\\\/isve.com\\\/wp-content\\\/uploads\\\/2026\\\/01\\\/logo-isve-spa.png\",\"width\":600,\"height\":173,\"caption\":\"ISVE S.p.A.\"},\"image\":{\"@id\":\"https:\\\/\\\/isve.com\\\/fr\\\/#\\\/schema\\\/logo\\\/image\\\/\"},\"sameAs\":[\"https:\\\/\\\/www.linkedin.com\\\/company\\\/69445471\",\"https:\\\/\\\/www.youtube.com\\\/@isves.p.a.8894\"]}]}<\/script>\n<!-- \/ Yoast SEO plugin. -->","yoast_head_json":{"title":"Impr\u00e9gnateurs sous-vide pression IMP-VP: introduction - ISVE SpA - Trattamento legno - Riciclaggio - Macinatori Trituratori","robots":{"index":"index","follow":"follow","max-snippet":"max-snippet:-1","max-image-preview":"max-image-preview:large","max-video-preview":"max-video-preview:-1"},"canonical":"https:\/\/isve.com\/fr\/equipements-traitement-bois\/impregnateurs-bois-imp-vp-introduction\/","og_locale":"fr_FR","og_type":"article","og_title":"Impr\u00e9gnateurs sous-vide pression IMP-VP: introduction - ISVE SpA - Trattamento legno - Riciclaggio - Macinatori Trituratori","og_description":"Traitement d&#8217;impregnation du bois en autoclave par le systeme du vide sous pression. Les gens aiment vivre et travailler dans des endroits d\u00e9cor\u00e9s et rev\u00eatus d&#8217;\u00e9l\u00e9ments en bois; ils en appr\u00e9cient la chaleur et la beaut\u00e9 naturelle, avec laquelle aucun mat\u00e9riau d&#8217;origine min\u00e9rale ou synth\u00e9tique n&#8217;est comparable. Ces qualit\u00e9s sont toutefois p\u00e9nalis\u00e9es par un seul&hellip;","og_url":"https:\/\/isve.com\/fr\/equipements-traitement-bois\/impregnateurs-bois-imp-vp-introduction\/","og_site_name":"ISVE SpA - Trattamento legno - Riciclaggio - Macinatori Trituratori","article_modified_time":"2026-02-03T15:03:50+00:00","og_image":[{"width":1400,"height":972,"url":"https:\/\/isve.com\/wp-content\/uploads\/impr\/gn\/impregnatori_serie_imp-vp.jpg","type":"image\/jpeg"}],"twitter_card":"summary_large_image","twitter_misc":{"Dur\u00e9e de lecture estim\u00e9e":"4 minutes"},"schema":{"@context":"https:\/\/schema.org","@graph":[{"@type":"WebPage","@id":"https:\/\/isve.com\/fr\/equipements-traitement-bois\/impregnateurs-bois-imp-vp-introduction\/","url":"https:\/\/isve.com\/fr\/equipements-traitement-bois\/impregnateurs-bois-imp-vp-introduction\/","name":"Impr\u00e9gnateurs sous-vide pression IMP-VP: introduction - ISVE SpA - Trattamento legno - Riciclaggio - Macinatori Trituratori","isPartOf":{"@id":"https:\/\/isve.com\/fr\/#website"},"primaryImageOfPage":{"@id":"https:\/\/isve.com\/fr\/equipements-traitement-bois\/impregnateurs-bois-imp-vp-introduction\/#primaryimage"},"image":{"@id":"https:\/\/isve.com\/fr\/equipements-traitement-bois\/impregnateurs-bois-imp-vp-introduction\/#primaryimage"},"thumbnailUrl":"https:\/\/isve.com\/wp-content\/uploads\/impr\/gn\/impregnatori_serie_imp-vp.jpg","datePublished":"2019-12-15T14:42:17+00:00","dateModified":"2026-02-03T15:03:50+00:00","breadcrumb":{"@id":"https:\/\/isve.com\/fr\/equipements-traitement-bois\/impregnateurs-bois-imp-vp-introduction\/#breadcrumb"},"inLanguage":"fr-FR","potentialAction":[{"@type":"ReadAction","target":["https:\/\/isve.com\/fr\/equipements-traitement-bois\/impregnateurs-bois-imp-vp-introduction\/"]}]},{"@type":"ImageObject","inLanguage":"fr-FR","@id":"https:\/\/isve.com\/fr\/equipements-traitement-bois\/impregnateurs-bois-imp-vp-introduction\/#primaryimage","url":"https:\/\/isve.com\/wp-content\/uploads\/impr\/gn\/impregnatori_serie_imp-vp.jpg","contentUrl":"https:\/\/isve.com\/wp-content\/uploads\/impr\/gn\/impregnatori_serie_imp-vp.jpg","width":1400,"height":972},{"@type":"BreadcrumbList","@id":"https:\/\/isve.com\/fr\/equipements-traitement-bois\/impregnateurs-bois-imp-vp-introduction\/#breadcrumb","itemListElement":[{"@type":"ListItem","position":1,"name":"Home","item":"https:\/\/isve.com\/fr\/"},{"@type":"ListItem","position":2,"name":"Produits Wood","item":"https:\/\/isve.com\/fr\/equipements-traitement-bois\/"},{"@type":"ListItem","position":3,"name":"Impr\u00e9gnateurs sous-vide pression IMP-VP: introduction"}]},{"@type":"WebSite","@id":"https:\/\/isve.com\/fr\/#website","url":"https:\/\/isve.com\/fr\/","name":"ISVE S.p.A.","description":"Sistemi per trattamento del legno e triturazione macinazione granulazione","publisher":{"@id":"https:\/\/isve.com\/fr\/#organization"},"potentialAction":[{"@type":"SearchAction","target":{"@type":"EntryPoint","urlTemplate":"https:\/\/isve.com\/fr\/?s={search_term_string}"},"query-input":{"@type":"PropertyValueSpecification","valueRequired":true,"valueName":"search_term_string"}}],"inLanguage":"fr-FR"},{"@type":"Organization","@id":"https:\/\/isve.com\/fr\/#organization","name":"ISVE S.p.A.","url":"https:\/\/isve.com\/fr\/","logo":{"@type":"ImageObject","inLanguage":"fr-FR","@id":"https:\/\/isve.com\/fr\/#\/schema\/logo\/image\/","url":"https:\/\/isve.com\/wp-content\/uploads\/2026\/01\/logo-isve-spa.png","contentUrl":"https:\/\/isve.com\/wp-content\/uploads\/2026\/01\/logo-isve-spa.png","width":600,"height":173,"caption":"ISVE S.p.A."},"image":{"@id":"https:\/\/isve.com\/fr\/#\/schema\/logo\/image\/"},"sameAs":["https:\/\/www.linkedin.com\/company\/69445471","https:\/\/www.youtube.com\/@isves.p.a.8894"]}]}},"_links":{"self":[{"href":"https:\/\/isve.com\/fr\/wp-json\/wp\/v2\/pages\/14739","targetHints":{"allow":["GET"]}}],"collection":[{"href":"https:\/\/isve.com\/fr\/wp-json\/wp\/v2\/pages"}],"about":[{"href":"https:\/\/isve.com\/fr\/wp-json\/wp\/v2\/types\/page"}],"author":[{"embeddable":true,"href":"https:\/\/isve.com\/fr\/wp-json\/wp\/v2\/users\/1"}],"replies":[{"embeddable":true,"href":"https:\/\/isve.com\/fr\/wp-json\/wp\/v2\/comments?post=14739"}],"version-history":[{"count":1,"href":"https:\/\/isve.com\/fr\/wp-json\/wp\/v2\/pages\/14739\/revisions"}],"predecessor-version":[{"id":27786,"href":"https:\/\/isve.com\/fr\/wp-json\/wp\/v2\/pages\/14739\/revisions\/27786"}],"up":[{"embeddable":true,"href":"https:\/\/isve.com\/fr\/wp-json\/wp\/v2\/pages\/15965"}],"wp:featuredmedia":[{"embeddable":true,"href":"https:\/\/isve.com\/fr\/wp-json\/wp\/v2\/media\/14497"}],"wp:attachment":[{"href":"https:\/\/isve.com\/fr\/wp-json\/wp\/v2\/media?parent=14739"}],"wp:term":[{"taxonomy":"post_tag","embeddable":true,"href":"https:\/\/isve.com\/fr\/wp-json\/wp\/v2\/tags?post=14739"},{"taxonomy":"impaginazione","embeddable":true,"href":"https:\/\/isve.com\/fr\/wp-json\/wp\/v2\/impaginazione?post=14739"},{"taxonomy":"divisione","embeddable":true,"href":"https:\/\/isve.com\/fr\/wp-json\/wp\/v2\/divisione?post=14739"},{"taxonomy":"categorie_modelli","embeddable":true,"href":"https:\/\/isve.com\/fr\/wp-json\/wp\/v2\/categorie_modelli?post=14739"}],"curies":[{"name":"wp","href":"https:\/\/api.w.org\/{rel}","templated":true}]}}