{"id":14733,"date":"2019-12-18T16:09:36","date_gmt":"2019-12-18T15:09:36","guid":{"rendered":"https:\/\/isve.com\/ennemis-du-bois\/"},"modified":"2025-04-15T12:04:55","modified_gmt":"2025-04-15T10:04:55","slug":"ennemis-du-bois","status":"publish","type":"page","link":"https:\/\/isve.com\/fr\/equipements-traitement-bois\/ennemis-du-bois\/","title":{"rendered":"Ennemis du bois"},"content":{"rendered":"<h2><strong>Les agents destructeurs du bois:<br \/>\nchampignons, insectes xylophages saprophytes et invertebres marins<\/strong><\/h2>\n<p>Les agents destructeurs qui causent les plus grands d\u00e9g\u00e2ts dans le bois sont les <strong>champignons<\/strong>, les <strong>insectes xylophages saprophytes<\/strong> et les <strong>invert\u00e9br\u00e9s marins<\/strong>.<\/p>\n<p>La technologie appliqu\u00e9e aux autoclaves produits par ISVE se fixe pour objectif d&#8217;emp\u00eacher l&#8217;action de ces organismes.<\/p>\n<hr \/>\n<h2><strong>Les champignons<\/strong><\/h2>\n<p>Les champignons sont des organismes v\u00e9g\u00e9taux inf\u00e9rieurs sans chlorophylle qui se nourrissent de mati\u00e8res organiques d\u00e9j\u00e0 \u00e9labor\u00e9es.<br \/>\nCes mati\u00e8res peuvent \u00eatre des r\u00e9sidus d&#8217;organismes autrefois vivants (on parle alors de champignons saprophytes) ou partie int\u00e9grante d&#8217;organismes en activit\u00e9 vitale (on parle alors de champignons parasites).<br \/>\nL&#8217;importance des champignons dans le domaine du <strong>bois<\/strong> est particuli\u00e8rement remarquable pour les ph\u00e9nom\u00e8nes de <strong>destruction<\/strong> et de d\u00e9sorganisation du corps ligneux qu&#8217;ils provoquent.<\/p>\n<p>&nbsp;<\/p>\n<h3><strong><em>Champignons provoquant la carie du bois<\/em><\/strong><\/h3>\n<p>Le d\u00e9veloppement de ces champignons demande une <strong>humidit\u00e9 du bois sup\u00e9rieure \u00e0 20%<\/strong>.<\/p>\n<ul>\n<li><strong>Champignons Basidiomyc\u00e8tes \u00e0 carie:\u00a0<\/strong>sces champignons, lorsqu&#8217;il attaquent la cellulose, provoquent une diminution des dimensions du bois, accompagn\u00e9e d&#8217;une fissuration en prismes ou en d\u00e9s sans consistance que l&#8217;on peut \u00e9craser avec les doigts. L&#8217;aire de d\u00e9veloppement du champignon prend une couleur brune d&#8217;o\u00f9 d\u00e9rive le nom de carie brune ou destructive.<br \/>\nSi l&#8217;attaque des basidiomyc\u00e8tes ne se limite pas \u00e0 la cellulose mais qu&#8217;elle int\u00e9resse \u00e9galement la lignine, le bois prend une couleur plus claire que celle de la mati\u00e8re saine et arrive m\u00eame \u00e0 se r\u00e9duire \u00e0 une masse fibreuse blanch\u00e2tre (carie blanche ou carie corrosive).<\/li>\n<li><strong>Champignons Deut\u00e9romyc\u00e8tes \u00e0 carie molle:<\/strong> ces champignons provoquent un type de carie qui se caract\u00e9rise par le ramollissement superficiel du bois, pouvant m\u00eame provoquer une carie en profondeur. Ces champignons demandent une humidit\u00e9 du bois plus \u00e9lev\u00e9e par rapport \u00e0 celle qui est n\u00e9cessaire aux basidiomyc\u00e8tes. Ils sont particuli\u00e8rement significatifs pour le bois qui se trouve au contact du sol ou dans l&#8217;eau.<\/li>\n<\/ul>\n<p>&nbsp;<\/p>\n<p><img fetchpriority=\"high\" decoding=\"async\" class=\"wp-image-5075 aligncenter\" src=\"https:\/\/isve.com\/wp-content\/uploads\/funghi-nemici-del-legno.jpg\" alt=\"\" width=\"349\" height=\"313\" \/><\/p>\n<p style=\"text-align: center;\"><em>D\u00e9veloppement du champignon de la pourriture (taches fonc\u00e9es)<br \/>\nd\u00e9nomm\u00e9e &#8220;carie molle&#8221; qui d\u00e9truira peu \u00e0 peu la structure du bois<br \/>\npour la faire ressembler \u00e0 celle d&#8217;une \u00e9ponge friable.<\/em><\/p>\n<p>&nbsp;<\/p>\n<h3><strong><em>Champignons \u00e0 coloration<\/em><\/strong><\/h3>\n<p>Ces champignons provoquent le bleuissement et la formation de moisissure sur le bois \u00e0 pied d&#8217;oeuvre. Ces champignons n&#8217;entra\u00eenent des imperfections que du point de vue esth\u00e9tique, provoquant dans des certains cas la d\u00e9gradation des rev\u00eatements d\u00e9coratifs.<\/p>\n<ul>\n<li><strong>Champignons de bleuissement:\u00a0<\/strong>entra\u00eenent une coloration permanente du bleu au noir, d&#8217;intensit\u00e9 et de profondeur variable, surtout dans l&#8217;aubier de certains bois. L&#8217;attaque de ces champignons ne compromet pas les propri\u00e9t\u00e9s m\u00e9caniques du bois, mais peut en augmenter le degr\u00e9 de perm\u00e9abilit\u00e9.<\/li>\n<\/ul>\n<p>&nbsp;<\/p>\n<p><img decoding=\"async\" class=\"wp-image-5079 aligncenter\" src=\"https:\/\/isve.com\/wp-content\/uploads\/funghi-nemici-del-legno-2.jpg\" alt=\"\" width=\"349\" height=\"320\" \/><\/p>\n<p style=\"text-align: center;\"><em>Action du champignon bleu qui pendant le d\u00e9veloppement<br \/>\nr\u00e9ussit \u00e0 percer le film de vernis et \u00e0 sortir \u00e0 l&#8217;ext\u00e9rieur<\/em><\/p>\n<p>&nbsp;<\/p>\n<ul>\n<li><strong>Moisissures:\u00a0<\/strong>champignons qui se pr\u00e9sentent comme des taches de diff\u00e9rentes couleurs sur la surface du bois humide et qui ne peuvent se manifester qu&#8217;en pr\u00e9sence d&#8217;une humidit\u00e9 de surface du bois sup\u00e9rieure \u00e0 20%. Cette condition est remplie avec une humidit\u00e9 relative \u00e9lev\u00e9e et la condensation de la vapeur d&#8217;eau. L&#8217;attaque des moisissures ne compromet pas les propri\u00e9t\u00e9s m\u00e9caniques du bois, mais elle rend l&#8217;aspect de ce dernier d\u00e9sagr\u00e9able ou inacceptable. Ces champignons ne sont pas sp\u00e9cifiques du bois et peuvent faire leur apparition sur toute mati\u00e8re pr\u00e9sentant une humidit\u00e9 \u00e9lev\u00e9e.<\/li>\n<\/ul>\n<hr \/>\n<p>&nbsp;<\/p>\n<h2><strong>Les insectes xylophages saprophytes<\/strong><\/h2>\n<h3><strong><em>Col\u00e9opt\u00e8res<\/em><\/strong><\/h3>\n<p>Insectes volants qui d\u00e9posent leurs oeufs dans les pores ou les fissures du bois. Les d\u00e9g\u00e2ts les plus consid\u00e9rables sont provoqu\u00e9s par les larves qui creusent des tunnels \u00e0 l&#8217;int\u00e9rieur de la mati\u00e8re de charpente.<br \/>\nIls sont pr\u00e9sents dans toute l&#8217;Europe, mais le risque d&#8217;attaque varie sensiblement en fonction de la zone g\u00e9ographique.<br \/>\nLes plus importants sont: Hylotrupes bajulus, Anobium punctatum et Lyctus brunneus.<br \/>\nIl existe de nombreux autres insectes de moindre importance qui d\u00e9truisent le bois, notamment, par exemple Hesperophanes et Xestobium rufovillosum.<\/p>\n<ul>\n<li><strong>Hylotrupes bajulus<\/strong> <strong>\u00a0<\/strong>(Capricorne des maisons): : il s&#8217;agit sans aucun doute d&#8217;un des principaux ennemis du bois de charpente, notamment du bois de Conif\u00e8res; les d\u00e9g\u00e2ts provoqu\u00e9s par ses larves sont extr\u00eamement graves. Il est pr\u00e9sent jusqu&#8217;\u00e0 une altitude d&#8217;environ 2.000 m, et est moins important en Europe du nord et du nord-ouest. La vitalit\u00e9 de cet insecte d\u00e9pend de la temp\u00e9rature et de l&#8217;humidit\u00e9 de l&#8217;air. La p\u00e9riode d&#8217;incubation des oeufs peut durer de 5 \u00e0 9 jours \u00e0 une temp\u00e9rature de 31,5 \u00b0C avec une humidit\u00e9 de 90-95%, ou 48 jours \u00e0 une temp\u00e9rature de 16,6 \u00b0C avec une humidit\u00e9 ambiante de 18% (cette derni\u00e8re condition est fortement d\u00e9favorable). Les larves creusent des galeries pleines de ronge\u00fcre, principalement dans l&#8217;aubier, provoquant des dommages structuraux graves dans le bois, qui peut ainsi perdre toute sa structure et sa consistance.<\/li>\n<\/ul>\n<p>&nbsp;<\/p>\n<p><img decoding=\"async\" class=\"size-medium wp-image-5083 aligncenter\" src=\"https:\/\/isve.com\/wp-content\/uploads\/\/insetti-nemici-del-legno-600x219.jpg\" alt=\"\" width=\"600\" height=\"219\" \/><\/p>\n<p>&nbsp;<\/p>\n<ul>\n<li><strong>Anobium punctatum<\/strong>\u00a0(Ver des meubles): tr\u00e8s r\u00e9pandu dans les r\u00e9gions de climat maritime et partout o\u00f9 il y a des conditions d&#8217;humidit\u00e9 \u00e9lev\u00e9e. L&#8217;attaquant choisit de pr\u00e9f\u00e9rence un bois abattu ou d\u00e9j\u00e0 ouvr\u00e9, indiff\u00e9remment de conif\u00e8re ou de latifoli\u00e9, int\u00e9ressant l&#8217;aubier et le duramen. Les larves sont responsables de creuser des galeries \u00e0 ronge\u00fcre grossi\u00e8re m\u00e9lang\u00e9e aux excr\u00e9ments. M\u00eame durement attaqu\u00e9, le bois ne perd pas compl\u00e8tement sa r\u00e9sistance et la structure est toujours reconnaissable.<\/li>\n<\/ul>\n<p>&nbsp;<\/p>\n<p><img loading=\"lazy\" decoding=\"async\" class=\"size-medium wp-image-5087 aligncenter\" src=\"https:\/\/isve.com\/wp-content\/uploads\/\/insetti-nemici-del-legno-2-600x246.jpg\" alt=\"\" width=\"600\" height=\"246\" \/><\/p>\n<ul>\n<li><strong>Xestobium rufovillosum\u00a0<\/strong>(Horloge de la mort): attaque de pr\u00e9f\u00e9rence le bois abattu ou d\u00e9j\u00e0 ouvr\u00e9, suffisamment humide, de divers Latifoli\u00e9s (ch\u00eane, orme, noyer, aulne, peuplier) ou sur de vieux t\u00eatards d\u00e9p\u00e9rissants de saule. Les d\u00e9g\u00e2ts occasionn\u00e9s par le Xestobium sont analogues \u00e0 ceux de l&#8217;Anobium. D&#8217;importance significative pour les bois de charpente de b\u00e2timents anciens dans la plus grande partie de l&#8217;Europe.<\/li>\n<li><strong>Lyctus brunneus<\/strong> (Lyctus): n&#8217;a b\u00e9n\u00e9fici\u00e9 par le pass\u00e9 que d&#8217;une attention superficielle, mais \u00e0 l&#8217;heure actuelle, les d\u00e9g\u00e2ts qu&#8217;il cause au bois de charpente pour portes, fen\u00eatres et meubles sont consid\u00e9r\u00e9s tr\u00e8s graves. La large, qui se d\u00e9veloppe au mieux avec une humidit\u00e9 du bois \u00e9lev\u00e9e, attaque tous les latifoli\u00e9s de nos r\u00e9gions \u00e0 bois tendre et \u00e0 gros vaisseaux, ainsi que l&#8217;aubier des esp\u00e8ces dures, en particulier le ch\u00eane. Les seules esp\u00e8ces \u00e0 sembler inattaquables sont le peuplier, le h\u00eatre et le bouleau, alors que l&#8217;eucalyptus est attaqu\u00e9. Si l&#8217;infestation est particuli\u00e8rement grave, c&#8217;est toute la masse du bois qui se transforme en un amas de ronge\u00fcre dans laquelle m\u00eame la structure des tissus n&#8217;est pas reconnaissable. Le Lyctus brunneus est l&#8217;esp\u00e8ce la plus r\u00e9pandue en Italie.<\/li>\n<\/ul>\n<p><img loading=\"lazy\" decoding=\"async\" class=\"size-medium wp-image-5091 aligncenter\" src=\"https:\/\/isve.com\/wp-content\/uploads\/\/insetti-nemici-del-legno-3-600x270.jpg\" alt=\"\" width=\"600\" height=\"270\" \/><\/p>\n<p>&nbsp;<\/p>\n<ul>\n<li><strong>Hesperophanes sp.p.<\/strong>:esp\u00e8ce r\u00e9pandue en Europe centrale et du sud. Les bois les plus touch\u00e9s sont le ch\u00eane chevelu, le robinier, le bouleau, le peuplier, le noyer et le ch\u00e2taignier. Les femelles d\u00e9posent leurs oeufs de pr\u00e9f\u00e9rence dans les fissures et dans les anfractuosit\u00e9s du bois ouvr\u00e9, notamment les charpentes de toits, les meubles, les sols en bois et tous les types de portes et fen\u00eatres. Les d\u00e9g\u00e2ts occasionn\u00e9s par les larves peuvent \u00eatre tr\u00e8s graves car ils touchent de fa\u00e7on irr\u00e9parable la structure et la r\u00e9sistance m\u00e9canique de la mati\u00e8re. En outre, leur pr\u00e9sence est fort difficile \u00e0 diagnostiquer.<\/li>\n<\/ul>\n<h3><strong><em>Isopt\u00e8res (Termites)<\/em><\/strong><\/h3>\n<p>Insectes sociaux pouvant \u00eatre divis\u00e9s en plusieurs familles.<br \/>\nLes esp\u00e8ces les plus dangereuses pour les b\u00e2timents sont les souterraines, principalement le Reticulitermes lucifugus et le Reticulitermes santonensis. En Europe, la pr\u00e9sence de termites n&#8217;est relev\u00e9e que dans des aires g\u00e9ographiques limit\u00e9es; leur pr\u00e9sence est \u00e9tablie en Italie, dans toute la partie p\u00e9ninsulaire et les \u00eeles. Dans ces zones, l&#8217;emploi de produits pr\u00e9servateurs du bois dans la lutte contre les termites est compl\u00e9t\u00e9 par l&#8217;adoption d&#8217;autres mesures de protection qui sont prises, par exemple pour les sols, les fondations et les murs. L&#8217;extr\u00eame dangerosit\u00e9 de l&#8217;attaque d\u00e9rive du fait que, s&#8217;agissant d&#8217;insectes dont l&#8217;activit\u00e9 se d\u00e9roule absolument \u00e0 l&#8217;abri de la lumi\u00e8re, une inspection sommaire ne r\u00e9v\u00e8le en rien leur pr\u00e9sence puisque la surface ext\u00e9rieure des pi\u00e8ces de bois est toujours soigneusement respect\u00e9e. L&#8217;alarme est donc toujours donn\u00e9e tardivement, par l&#8217;\u00e9croulement d&#8217;une poutre ou le d\u00e9foncement d&#8217;une porte, lorsque l&#8217;infestation est d\u00e9sormais en plein d\u00e9roulement.<\/p>\n<hr \/>\n<p>&nbsp;<\/p>\n<h2><strong>Invertebr\u00e8s marins<\/strong><\/h2>\n<h3><em>Les organismes marins<\/em><\/h3>\n<p>Terme appliq\u00e8 essentiellement aux invertebres marins comme Limnoria sp.p. et Teredo sp.p. qui demandent un certain degr\u00e8 de salinit\u00e8 de l&#8217;eau et creusent des galeries et d&#8217;amples cavit\u00e8s. Ces organismes peuvent endommager gravement auss\u00ec bien les \u00e8l\u00e8ments fixes que les structures flottantes.<\/p>\n<p>&nbsp;<\/p>\n<hr \/>\n<h3>Bibliographie<\/h3>\n<ul>\n<li><strong>G. GIORDANO\u00a0<\/strong>\u2013\u00a0<strong>TECNOLOGIA DEL LEGNO<\/strong>\u00a0\u2013 UTET<\/li>\n<li><strong>CEN<\/strong>\u00a0(Comitato Europeo di Normalizzazione) &#8211;\u00a0NORMA EUROPEA EN 335<\/li>\n<\/ul>\n<p>Les donn\u00e9es, caract\u00e9ristiques et illustrations sont purement indicatives.<br \/>\nI.S.V.E. Srl se r\u00e9serve le droit d&#8217;apporter les modifications qu&#8217;elle juge les plus appropri\u00e9es.<\/p>\n","protected":false},"excerpt":{"rendered":"<p>Les agents destructeurs du bois: champignons, insectes xylophages saprophytes et invertebres marins Les agents destructeurs qui causent les plus grands d\u00e9g\u00e2ts dans le bois sont les champignons, les insectes xylophages saprophytes et les invert\u00e9br\u00e9s marins. La technologie appliqu\u00e9e aux autoclaves produits par ISVE se fixe pour objectif d&#8217;emp\u00eacher l&#8217;action de ces organismes. Les champignons Les&hellip;<\/p>\n","protected":false},"author":1,"featured_media":14607,"parent":15965,"menu_order":320,"comment_status":"closed","ping_status":"closed","template":"","meta":{"_acf_changed":false,"footnotes":""},"tags":[],"impaginazione":[],"divisione":[3690],"categorie_modelli":[],"class_list":["post-14733","page","type-page","status-publish","has-post-thumbnail","hentry","divisione-isve-wood","description-off"],"acf":[],"yoast_head":"<!-- This site is optimized with the Yoast SEO plugin v27.4 - https:\/\/yoast.com\/product\/yoast-seo-wordpress\/ -->\n<title>Ennemis du bois - ISVE SpA - Traitement du bois - Recyclage - Broyeurs Granulateurs<\/title>\n<meta name=\"robots\" content=\"index, follow, max-snippet:-1, max-image-preview:large, max-video-preview:-1\" \/>\n<link rel=\"canonical\" href=\"https:\/\/isve.com\/fr\/equipements-traitement-bois\/ennemis-du-bois\/\" \/>\n<meta property=\"og:locale\" content=\"fr_FR\" \/>\n<meta property=\"og:type\" content=\"article\" \/>\n<meta property=\"og:title\" content=\"Ennemis du bois - ISVE SpA - Traitement du bois - Recyclage - Broyeurs Granulateurs\" \/>\n<meta property=\"og:description\" content=\"Les agents destructeurs du bois: champignons, insectes xylophages saprophytes et invertebres marins Les agents destructeurs qui causent les plus grands d\u00e9g\u00e2ts dans le bois sont les champignons, les insectes xylophages saprophytes et les invert\u00e9br\u00e9s marins. La technologie appliqu\u00e9e aux autoclaves produits par ISVE se fixe pour objectif d&#8217;emp\u00eacher l&#8217;action de ces organismes. Les champignons Les&hellip;\" \/>\n<meta property=\"og:url\" content=\"https:\/\/isve.com\/fr\/equipements-traitement-bois\/ennemis-du-bois\/\" \/>\n<meta property=\"og:site_name\" content=\"ISVE SpA - Traitement du bois - Recyclage - Broyeurs Granulateurs\" \/>\n<meta property=\"article:modified_time\" content=\"2025-04-15T10:04:55+00:00\" \/>\n<meta property=\"og:image\" content=\"https:\/\/isve.com\/wp-content\/uploads\/impr\/gn\/impregnatori_serie-imp-pg_larga.jpg\" \/>\n\t<meta property=\"og:image:width\" content=\"1400\" \/>\n\t<meta property=\"og:image:height\" content=\"494\" \/>\n\t<meta property=\"og:image:type\" content=\"image\/jpeg\" \/>\n<meta name=\"twitter:card\" content=\"summary_large_image\" \/>\n<meta name=\"twitter:label1\" content=\"Dur\u00e9e de lecture estim\u00e9e\" \/>\n\t<meta name=\"twitter:data1\" content=\"8 minutes\" \/>\n<script type=\"application\/ld+json\" class=\"yoast-schema-graph\">{\"@context\":\"https:\\\/\\\/schema.org\",\"@graph\":[{\"@type\":\"WebPage\",\"@id\":\"https:\\\/\\\/isve.com\\\/fr\\\/equipements-traitement-bois\\\/ennemis-du-bois\\\/\",\"url\":\"https:\\\/\\\/isve.com\\\/fr\\\/equipements-traitement-bois\\\/ennemis-du-bois\\\/\",\"name\":\"Ennemis du bois - ISVE SpA - Traitement du bois - Recyclage - Broyeurs Granulateurs\",\"isPartOf\":{\"@id\":\"https:\\\/\\\/isve.com\\\/fr\\\/#website\"},\"primaryImageOfPage\":{\"@id\":\"https:\\\/\\\/isve.com\\\/fr\\\/equipements-traitement-bois\\\/ennemis-du-bois\\\/#primaryimage\"},\"image\":{\"@id\":\"https:\\\/\\\/isve.com\\\/fr\\\/equipements-traitement-bois\\\/ennemis-du-bois\\\/#primaryimage\"},\"thumbnailUrl\":\"https:\\\/\\\/isve.com\\\/wp-content\\\/uploads\\\/impr\\\/gn\\\/impregnatori_serie-imp-pg_larga.jpg\",\"datePublished\":\"2019-12-18T15:09:36+00:00\",\"dateModified\":\"2025-04-15T10:04:55+00:00\",\"breadcrumb\":{\"@id\":\"https:\\\/\\\/isve.com\\\/fr\\\/equipements-traitement-bois\\\/ennemis-du-bois\\\/#breadcrumb\"},\"inLanguage\":\"fr-FR\",\"potentialAction\":[{\"@type\":\"ReadAction\",\"target\":[\"https:\\\/\\\/isve.com\\\/fr\\\/equipements-traitement-bois\\\/ennemis-du-bois\\\/\"]}]},{\"@type\":\"ImageObject\",\"inLanguage\":\"fr-FR\",\"@id\":\"https:\\\/\\\/isve.com\\\/fr\\\/equipements-traitement-bois\\\/ennemis-du-bois\\\/#primaryimage\",\"url\":\"https:\\\/\\\/isve.com\\\/wp-content\\\/uploads\\\/impr\\\/gn\\\/impregnatori_serie-imp-pg_larga.jpg\",\"contentUrl\":\"https:\\\/\\\/isve.com\\\/wp-content\\\/uploads\\\/impr\\\/gn\\\/impregnatori_serie-imp-pg_larga.jpg\",\"width\":1400,\"height\":494},{\"@type\":\"BreadcrumbList\",\"@id\":\"https:\\\/\\\/isve.com\\\/fr\\\/equipements-traitement-bois\\\/ennemis-du-bois\\\/#breadcrumb\",\"itemListElement\":[{\"@type\":\"ListItem\",\"position\":1,\"name\":\"Home\",\"item\":\"https:\\\/\\\/isve.com\\\/fr\\\/\"},{\"@type\":\"ListItem\",\"position\":2,\"name\":\"Produits Wood\",\"item\":\"https:\\\/\\\/isve.com\\\/fr\\\/equipements-traitement-bois\\\/\"},{\"@type\":\"ListItem\",\"position\":3,\"name\":\"Ennemis du bois\"}]},{\"@type\":\"WebSite\",\"@id\":\"https:\\\/\\\/isve.com\\\/fr\\\/#website\",\"url\":\"https:\\\/\\\/isve.com\\\/fr\\\/\",\"name\":\"ISVE S.p.A.\",\"description\":\"Syst\u00e8mes de traitement du bois et pour dechiquetage broyage granulation\",\"publisher\":{\"@id\":\"https:\\\/\\\/isve.com\\\/fr\\\/#organization\"},\"potentialAction\":[{\"@type\":\"SearchAction\",\"target\":{\"@type\":\"EntryPoint\",\"urlTemplate\":\"https:\\\/\\\/isve.com\\\/fr\\\/?s={search_term_string}\"},\"query-input\":{\"@type\":\"PropertyValueSpecification\",\"valueRequired\":true,\"valueName\":\"search_term_string\"}}],\"inLanguage\":\"fr-FR\"},{\"@type\":\"Organization\",\"@id\":\"https:\\\/\\\/isve.com\\\/fr\\\/#organization\",\"name\":\"ISVE S.p.A.\",\"url\":\"https:\\\/\\\/isve.com\\\/fr\\\/\",\"logo\":{\"@type\":\"ImageObject\",\"inLanguage\":\"fr-FR\",\"@id\":\"https:\\\/\\\/isve.com\\\/fr\\\/#\\\/schema\\\/logo\\\/image\\\/\",\"url\":\"https:\\\/\\\/isve.com\\\/wp-content\\\/uploads\\\/2026\\\/01\\\/logo-isve-spa.png\",\"contentUrl\":\"https:\\\/\\\/isve.com\\\/wp-content\\\/uploads\\\/2026\\\/01\\\/logo-isve-spa.png\",\"width\":600,\"height\":173,\"caption\":\"ISVE S.p.A.\"},\"image\":{\"@id\":\"https:\\\/\\\/isve.com\\\/fr\\\/#\\\/schema\\\/logo\\\/image\\\/\"},\"sameAs\":[\"https:\\\/\\\/www.linkedin.com\\\/company\\\/69445471\",\"https:\\\/\\\/www.youtube.com\\\/@isves.p.a.8894\"]}]}<\/script>\n<!-- \/ Yoast SEO plugin. -->","yoast_head_json":{"title":"Ennemis du bois - ISVE SpA - Traitement du bois - Recyclage - Broyeurs Granulateurs","robots":{"index":"index","follow":"follow","max-snippet":"max-snippet:-1","max-image-preview":"max-image-preview:large","max-video-preview":"max-video-preview:-1"},"canonical":"https:\/\/isve.com\/fr\/equipements-traitement-bois\/ennemis-du-bois\/","og_locale":"fr_FR","og_type":"article","og_title":"Ennemis du bois - ISVE SpA - Traitement du bois - Recyclage - Broyeurs Granulateurs","og_description":"Les agents destructeurs du bois: champignons, insectes xylophages saprophytes et invertebres marins Les agents destructeurs qui causent les plus grands d\u00e9g\u00e2ts dans le bois sont les champignons, les insectes xylophages saprophytes et les invert\u00e9br\u00e9s marins. La technologie appliqu\u00e9e aux autoclaves produits par ISVE se fixe pour objectif d&#8217;emp\u00eacher l&#8217;action de ces organismes. Les champignons Les&hellip;","og_url":"https:\/\/isve.com\/fr\/equipements-traitement-bois\/ennemis-du-bois\/","og_site_name":"ISVE SpA - Traitement du bois - Recyclage - Broyeurs Granulateurs","article_modified_time":"2025-04-15T10:04:55+00:00","og_image":[{"width":1400,"height":494,"url":"https:\/\/isve.com\/wp-content\/uploads\/impr\/gn\/impregnatori_serie-imp-pg_larga.jpg","type":"image\/jpeg"}],"twitter_card":"summary_large_image","twitter_misc":{"Dur\u00e9e de lecture estim\u00e9e":"8 minutes"},"schema":{"@context":"https:\/\/schema.org","@graph":[{"@type":"WebPage","@id":"https:\/\/isve.com\/fr\/equipements-traitement-bois\/ennemis-du-bois\/","url":"https:\/\/isve.com\/fr\/equipements-traitement-bois\/ennemis-du-bois\/","name":"Ennemis du bois - ISVE SpA - Traitement du bois - Recyclage - Broyeurs Granulateurs","isPartOf":{"@id":"https:\/\/isve.com\/fr\/#website"},"primaryImageOfPage":{"@id":"https:\/\/isve.com\/fr\/equipements-traitement-bois\/ennemis-du-bois\/#primaryimage"},"image":{"@id":"https:\/\/isve.com\/fr\/equipements-traitement-bois\/ennemis-du-bois\/#primaryimage"},"thumbnailUrl":"https:\/\/isve.com\/wp-content\/uploads\/impr\/gn\/impregnatori_serie-imp-pg_larga.jpg","datePublished":"2019-12-18T15:09:36+00:00","dateModified":"2025-04-15T10:04:55+00:00","breadcrumb":{"@id":"https:\/\/isve.com\/fr\/equipements-traitement-bois\/ennemis-du-bois\/#breadcrumb"},"inLanguage":"fr-FR","potentialAction":[{"@type":"ReadAction","target":["https:\/\/isve.com\/fr\/equipements-traitement-bois\/ennemis-du-bois\/"]}]},{"@type":"ImageObject","inLanguage":"fr-FR","@id":"https:\/\/isve.com\/fr\/equipements-traitement-bois\/ennemis-du-bois\/#primaryimage","url":"https:\/\/isve.com\/wp-content\/uploads\/impr\/gn\/impregnatori_serie-imp-pg_larga.jpg","contentUrl":"https:\/\/isve.com\/wp-content\/uploads\/impr\/gn\/impregnatori_serie-imp-pg_larga.jpg","width":1400,"height":494},{"@type":"BreadcrumbList","@id":"https:\/\/isve.com\/fr\/equipements-traitement-bois\/ennemis-du-bois\/#breadcrumb","itemListElement":[{"@type":"ListItem","position":1,"name":"Home","item":"https:\/\/isve.com\/fr\/"},{"@type":"ListItem","position":2,"name":"Produits Wood","item":"https:\/\/isve.com\/fr\/equipements-traitement-bois\/"},{"@type":"ListItem","position":3,"name":"Ennemis du bois"}]},{"@type":"WebSite","@id":"https:\/\/isve.com\/fr\/#website","url":"https:\/\/isve.com\/fr\/","name":"ISVE S.p.A.","description":"Syst\u00e8mes de traitement du bois et pour dechiquetage broyage granulation","publisher":{"@id":"https:\/\/isve.com\/fr\/#organization"},"potentialAction":[{"@type":"SearchAction","target":{"@type":"EntryPoint","urlTemplate":"https:\/\/isve.com\/fr\/?s={search_term_string}"},"query-input":{"@type":"PropertyValueSpecification","valueRequired":true,"valueName":"search_term_string"}}],"inLanguage":"fr-FR"},{"@type":"Organization","@id":"https:\/\/isve.com\/fr\/#organization","name":"ISVE S.p.A.","url":"https:\/\/isve.com\/fr\/","logo":{"@type":"ImageObject","inLanguage":"fr-FR","@id":"https:\/\/isve.com\/fr\/#\/schema\/logo\/image\/","url":"https:\/\/isve.com\/wp-content\/uploads\/2026\/01\/logo-isve-spa.png","contentUrl":"https:\/\/isve.com\/wp-content\/uploads\/2026\/01\/logo-isve-spa.png","width":600,"height":173,"caption":"ISVE S.p.A."},"image":{"@id":"https:\/\/isve.com\/fr\/#\/schema\/logo\/image\/"},"sameAs":["https:\/\/www.linkedin.com\/company\/69445471","https:\/\/www.youtube.com\/@isves.p.a.8894"]}]}},"_links":{"self":[{"href":"https:\/\/isve.com\/fr\/wp-json\/wp\/v2\/pages\/14733","targetHints":{"allow":["GET"]}}],"collection":[{"href":"https:\/\/isve.com\/fr\/wp-json\/wp\/v2\/pages"}],"about":[{"href":"https:\/\/isve.com\/fr\/wp-json\/wp\/v2\/types\/page"}],"author":[{"embeddable":true,"href":"https:\/\/isve.com\/fr\/wp-json\/wp\/v2\/users\/1"}],"replies":[{"embeddable":true,"href":"https:\/\/isve.com\/fr\/wp-json\/wp\/v2\/comments?post=14733"}],"version-history":[{"count":0,"href":"https:\/\/isve.com\/fr\/wp-json\/wp\/v2\/pages\/14733\/revisions"}],"up":[{"embeddable":true,"href":"https:\/\/isve.com\/fr\/wp-json\/wp\/v2\/pages\/15965"}],"wp:featuredmedia":[{"embeddable":true,"href":"https:\/\/isve.com\/fr\/wp-json\/wp\/v2\/media\/14607"}],"wp:attachment":[{"href":"https:\/\/isve.com\/fr\/wp-json\/wp\/v2\/media?parent=14733"}],"wp:term":[{"taxonomy":"post_tag","embeddable":true,"href":"https:\/\/isve.com\/fr\/wp-json\/wp\/v2\/tags?post=14733"},{"taxonomy":"impaginazione","embeddable":true,"href":"https:\/\/isve.com\/fr\/wp-json\/wp\/v2\/impaginazione?post=14733"},{"taxonomy":"divisione","embeddable":true,"href":"https:\/\/isve.com\/fr\/wp-json\/wp\/v2\/divisione?post=14733"},{"taxonomy":"categorie_modelli","embeddable":true,"href":"https:\/\/isve.com\/fr\/wp-json\/wp\/v2\/categorie_modelli?post=14733"}],"curies":[{"name":"wp","href":"https:\/\/api.w.org\/{rel}","templated":true}]}}