{"id":14730,"date":"2019-12-18T15:55:35","date_gmt":"2019-12-18T14:55:35","guid":{"rendered":"https:\/\/isve.com\/les-classes-de-risque-du-bois\/"},"modified":"2025-04-15T11:49:18","modified_gmt":"2025-04-15T09:49:18","slug":"les-classes-de-risque-du-bois","status":"publish","type":"page","link":"https:\/\/isve.com\/fr\/equipements-traitement-bois\/les-classes-de-risque-du-bois\/","title":{"rendered":"Les classes de risque du bois"},"content":{"rendered":"<h2><strong>La degradation du bois \u00e0 cause de l&#8217;humidit\u00e8 de l&#8217;environnement.<\/strong><\/h2>\n<p>Il existe de multiples agents susceptibles de provoquer la d\u00e9gradation du bois.<br \/>\nOr, aussi bien pour les champignons que pour les insectes, le <strong>facteur limitant le d\u00e9veloppement<\/strong> est tr\u00e8s souvent l&#8217;<strong>humidit\u00e9<\/strong>.<\/p>\n<p>Il existe donc une tr\u00e8s forte corr\u00e9lation entre le milieu o\u00f9 se trouve le bois de charpente et les attaques d&#8217;agents biologiques destructeurs.<\/p>\n<p>Par exemple, on comprendra ais\u00e9ment que le bois conserv\u00e9 \u00e0 l&#8217;abri, en <strong>milieu ferm\u00e9 et sec<\/strong>, a une dur\u00e9e <strong>plus \u00e9tendue<\/strong> que le m\u00eame bois mis au contact du terrain humide.<\/p>\n<p>Le <strong>CEN<\/strong> (Comit\u00e9 Europ\u00e9en de Normalisation) a d\u00e9fini <strong>5 classes de risque<\/strong>, dans la Norme Europ\u00e9enne EN 335, parties 1, 2, et 3,\u00a0 qui se distinguent <strong>en fonction de l&#8217;humidit\u00e9<\/strong> \u00e0 laquelle le bois est expos\u00e9 dans les diff\u00e9rentes conditions d&#8217;utilisation.<\/p>\n<blockquote><p>Plus le risque est <strong>\u00e9lev\u00e9e<\/strong>, plus la n\u00e9cessit\u00e9 d&#8217;<strong>augmenter la r\u00e9sistance<\/strong> naturelle du bois par des <strong>traitements d&#8217;impr\u00e9gnation<\/strong> s&#8217;affirme.<\/p><\/blockquote>\n<hr \/>\n<h3><strong>D\u00e9finition des CLASSES DE RISQUE<\/strong><\/h3>\n<hr \/>\n<p><strong>Classe de risque 1<\/strong>:situation dans laquelle le bois ou le produit \u00e0 base de bois est abrit\u00e9, compl\u00e8tement prot\u00e9g\u00e9 des agents atmosph\u00e9riques et non expos\u00e9 \u00e0 l&#8217;humidit\u00e9.<\/p>\n<p><strong>Classe de risque 2<\/strong>: situation dans laquelle le bois ou le produit \u00e0 base de bois est abrit\u00e9 et compl\u00e8tement prot\u00e9g\u00e9 des agents atmosph\u00e9riques, mais o\u00f9 une humidit\u00e9 ambiante \u00e9lev\u00e9e peut entra\u00eener une humidification occasionnelle, mais non persistante.<\/p>\n<p><strong>Classe de risque 3<\/strong>: situation dans laquelle le bois ou le produit \u00e0 base de bois n&#8217;est pas abrit\u00e9 et ne se trouve pas au contact du terrain. Il se trouve expos\u00e9 constamment aux agents atmosph\u00e9riques ou, m\u00eame en \u00e9tant prot\u00e9g\u00e9 contre ces derniers, il subit une humidification fr\u00e9quente.<\/p>\n<p><strong>Classe de risque 4<\/strong>: situation dans laquelle le bois ou le produit \u00e0 base de bois se trouve en contact avec le terrain ou l&#8217;eau douce et est donc expos\u00e9 de fa\u00e7on permanente \u00e0 l&#8217;humidification.<\/p>\n<p><strong>Classe de risque 5<\/strong>: situation dans laquelle le bois ou le produit \u00e0 base de bois est expos\u00e9 de fa\u00e7on permanente \u00e0 l&#8217;eau sal\u00e9e.<\/p>\n<p>&nbsp;<\/p>\n","protected":false},"excerpt":{"rendered":"<p>La degradation du bois \u00e0 cause de l&#8217;humidit\u00e8 de l&#8217;environnement. Il existe de multiples agents susceptibles de provoquer la d\u00e9gradation du bois. Or, aussi bien pour les champignons que pour les insectes, le facteur limitant le d\u00e9veloppement est tr\u00e8s souvent l&#8217;humidit\u00e9. Il existe donc une tr\u00e8s forte corr\u00e9lation entre le milieu o\u00f9 se trouve le&hellip;<\/p>\n","protected":false},"author":1,"featured_media":14602,"parent":15965,"menu_order":324,"comment_status":"closed","ping_status":"closed","template":"","meta":{"_acf_changed":false,"footnotes":""},"tags":[],"impaginazione":[],"divisione":[3690],"categorie_modelli":[],"class_list":["post-14730","page","type-page","status-publish","has-post-thumbnail","hentry","divisione-isve-wood","description-off"],"acf":[],"yoast_head":"<!-- This site is optimized with the Yoast SEO plugin v27.4 - https:\/\/yoast.com\/product\/yoast-seo-wordpress\/ -->\n<title>Les classes de risque du bois - ISVE SpA - Traitement du bois - Recyclage - Broyeurs Granulateurs<\/title>\n<meta name=\"robots\" content=\"index, follow, max-snippet:-1, max-image-preview:large, max-video-preview:-1\" \/>\n<link rel=\"canonical\" href=\"https:\/\/isve.com\/fr\/equipements-traitement-bois\/les-classes-de-risque-du-bois\/\" \/>\n<meta property=\"og:locale\" content=\"fr_FR\" \/>\n<meta property=\"og:type\" content=\"article\" \/>\n<meta property=\"og:title\" content=\"Les classes de risque du bois - ISVE SpA - Traitement du bois - Recyclage - Broyeurs Granulateurs\" \/>\n<meta property=\"og:description\" content=\"La degradation du bois \u00e0 cause de l&#8217;humidit\u00e8 de l&#8217;environnement. Il existe de multiples agents susceptibles de provoquer la d\u00e9gradation du bois. Or, aussi bien pour les champignons que pour les insectes, le facteur limitant le d\u00e9veloppement est tr\u00e8s souvent l&#8217;humidit\u00e9. Il existe donc une tr\u00e8s forte corr\u00e9lation entre le milieu o\u00f9 se trouve le&hellip;\" \/>\n<meta property=\"og:url\" content=\"https:\/\/isve.com\/fr\/equipements-traitement-bois\/les-classes-de-risque-du-bois\/\" \/>\n<meta property=\"og:site_name\" content=\"ISVE SpA - Traitement du bois - Recyclage - Broyeurs Granulateurs\" \/>\n<meta property=\"article:modified_time\" content=\"2025-04-15T09:49:18+00:00\" \/>\n<meta property=\"og:image\" content=\"https:\/\/isve.com\/wp-content\/uploads\/pale\/ia\/paleria-03-1.jpg\" \/>\n\t<meta property=\"og:image:width\" content=\"921\" \/>\n\t<meta property=\"og:image:height\" content=\"600\" \/>\n\t<meta property=\"og:image:type\" content=\"image\/jpeg\" \/>\n<meta name=\"twitter:card\" content=\"summary_large_image\" \/>\n<meta name=\"twitter:label1\" content=\"Dur\u00e9e de lecture estim\u00e9e\" \/>\n\t<meta name=\"twitter:data1\" content=\"2 minutes\" \/>\n<script type=\"application\/ld+json\" class=\"yoast-schema-graph\">{\"@context\":\"https:\\\/\\\/schema.org\",\"@graph\":[{\"@type\":\"WebPage\",\"@id\":\"https:\\\/\\\/isve.com\\\/fr\\\/equipements-traitement-bois\\\/les-classes-de-risque-du-bois\\\/\",\"url\":\"https:\\\/\\\/isve.com\\\/fr\\\/equipements-traitement-bois\\\/les-classes-de-risque-du-bois\\\/\",\"name\":\"Les classes de risque du bois - ISVE SpA - Traitement du bois - Recyclage - Broyeurs Granulateurs\",\"isPartOf\":{\"@id\":\"https:\\\/\\\/isve.com\\\/fr\\\/#website\"},\"primaryImageOfPage\":{\"@id\":\"https:\\\/\\\/isve.com\\\/fr\\\/equipements-traitement-bois\\\/les-classes-de-risque-du-bois\\\/#primaryimage\"},\"image\":{\"@id\":\"https:\\\/\\\/isve.com\\\/fr\\\/equipements-traitement-bois\\\/les-classes-de-risque-du-bois\\\/#primaryimage\"},\"thumbnailUrl\":\"https:\\\/\\\/isve.com\\\/wp-content\\\/uploads\\\/pale\\\/ia\\\/paleria-03-1.jpg\",\"datePublished\":\"2019-12-18T14:55:35+00:00\",\"dateModified\":\"2025-04-15T09:49:18+00:00\",\"breadcrumb\":{\"@id\":\"https:\\\/\\\/isve.com\\\/fr\\\/equipements-traitement-bois\\\/les-classes-de-risque-du-bois\\\/#breadcrumb\"},\"inLanguage\":\"fr-FR\",\"potentialAction\":[{\"@type\":\"ReadAction\",\"target\":[\"https:\\\/\\\/isve.com\\\/fr\\\/equipements-traitement-bois\\\/les-classes-de-risque-du-bois\\\/\"]}]},{\"@type\":\"ImageObject\",\"inLanguage\":\"fr-FR\",\"@id\":\"https:\\\/\\\/isve.com\\\/fr\\\/equipements-traitement-bois\\\/les-classes-de-risque-du-bois\\\/#primaryimage\",\"url\":\"https:\\\/\\\/isve.com\\\/wp-content\\\/uploads\\\/pale\\\/ia\\\/paleria-03-1.jpg\",\"contentUrl\":\"https:\\\/\\\/isve.com\\\/wp-content\\\/uploads\\\/pale\\\/ia\\\/paleria-03-1.jpg\",\"width\":921,\"height\":600},{\"@type\":\"BreadcrumbList\",\"@id\":\"https:\\\/\\\/isve.com\\\/fr\\\/equipements-traitement-bois\\\/les-classes-de-risque-du-bois\\\/#breadcrumb\",\"itemListElement\":[{\"@type\":\"ListItem\",\"position\":1,\"name\":\"Home\",\"item\":\"https:\\\/\\\/isve.com\\\/fr\\\/\"},{\"@type\":\"ListItem\",\"position\":2,\"name\":\"Produits Wood\",\"item\":\"https:\\\/\\\/isve.com\\\/fr\\\/equipements-traitement-bois\\\/\"},{\"@type\":\"ListItem\",\"position\":3,\"name\":\"Les classes de risque du bois\"}]},{\"@type\":\"WebSite\",\"@id\":\"https:\\\/\\\/isve.com\\\/fr\\\/#website\",\"url\":\"https:\\\/\\\/isve.com\\\/fr\\\/\",\"name\":\"ISVE S.p.A.\",\"description\":\"Syst\u00e8mes de traitement du bois et pour dechiquetage broyage granulation\",\"publisher\":{\"@id\":\"https:\\\/\\\/isve.com\\\/fr\\\/#organization\"},\"potentialAction\":[{\"@type\":\"SearchAction\",\"target\":{\"@type\":\"EntryPoint\",\"urlTemplate\":\"https:\\\/\\\/isve.com\\\/fr\\\/?s={search_term_string}\"},\"query-input\":{\"@type\":\"PropertyValueSpecification\",\"valueRequired\":true,\"valueName\":\"search_term_string\"}}],\"inLanguage\":\"fr-FR\"},{\"@type\":\"Organization\",\"@id\":\"https:\\\/\\\/isve.com\\\/fr\\\/#organization\",\"name\":\"ISVE S.p.A.\",\"url\":\"https:\\\/\\\/isve.com\\\/fr\\\/\",\"logo\":{\"@type\":\"ImageObject\",\"inLanguage\":\"fr-FR\",\"@id\":\"https:\\\/\\\/isve.com\\\/fr\\\/#\\\/schema\\\/logo\\\/image\\\/\",\"url\":\"https:\\\/\\\/isve.com\\\/wp-content\\\/uploads\\\/2026\\\/01\\\/logo-isve-spa.png\",\"contentUrl\":\"https:\\\/\\\/isve.com\\\/wp-content\\\/uploads\\\/2026\\\/01\\\/logo-isve-spa.png\",\"width\":600,\"height\":173,\"caption\":\"ISVE S.p.A.\"},\"image\":{\"@id\":\"https:\\\/\\\/isve.com\\\/fr\\\/#\\\/schema\\\/logo\\\/image\\\/\"},\"sameAs\":[\"https:\\\/\\\/www.linkedin.com\\\/company\\\/69445471\",\"https:\\\/\\\/www.youtube.com\\\/@isves.p.a.8894\"]}]}<\/script>\n<!-- \/ Yoast SEO plugin. -->","yoast_head_json":{"title":"Les classes de risque du bois - ISVE SpA - Traitement du bois - Recyclage - Broyeurs Granulateurs","robots":{"index":"index","follow":"follow","max-snippet":"max-snippet:-1","max-image-preview":"max-image-preview:large","max-video-preview":"max-video-preview:-1"},"canonical":"https:\/\/isve.com\/fr\/equipements-traitement-bois\/les-classes-de-risque-du-bois\/","og_locale":"fr_FR","og_type":"article","og_title":"Les classes de risque du bois - ISVE SpA - Traitement du bois - Recyclage - Broyeurs Granulateurs","og_description":"La degradation du bois \u00e0 cause de l&#8217;humidit\u00e8 de l&#8217;environnement. Il existe de multiples agents susceptibles de provoquer la d\u00e9gradation du bois. Or, aussi bien pour les champignons que pour les insectes, le facteur limitant le d\u00e9veloppement est tr\u00e8s souvent l&#8217;humidit\u00e9. Il existe donc une tr\u00e8s forte corr\u00e9lation entre le milieu o\u00f9 se trouve le&hellip;","og_url":"https:\/\/isve.com\/fr\/equipements-traitement-bois\/les-classes-de-risque-du-bois\/","og_site_name":"ISVE SpA - Traitement du bois - Recyclage - Broyeurs Granulateurs","article_modified_time":"2025-04-15T09:49:18+00:00","og_image":[{"width":921,"height":600,"url":"https:\/\/isve.com\/wp-content\/uploads\/pale\/ia\/paleria-03-1.jpg","type":"image\/jpeg"}],"twitter_card":"summary_large_image","twitter_misc":{"Dur\u00e9e de lecture estim\u00e9e":"2 minutes"},"schema":{"@context":"https:\/\/schema.org","@graph":[{"@type":"WebPage","@id":"https:\/\/isve.com\/fr\/equipements-traitement-bois\/les-classes-de-risque-du-bois\/","url":"https:\/\/isve.com\/fr\/equipements-traitement-bois\/les-classes-de-risque-du-bois\/","name":"Les classes de risque du bois - ISVE SpA - Traitement du bois - Recyclage - Broyeurs Granulateurs","isPartOf":{"@id":"https:\/\/isve.com\/fr\/#website"},"primaryImageOfPage":{"@id":"https:\/\/isve.com\/fr\/equipements-traitement-bois\/les-classes-de-risque-du-bois\/#primaryimage"},"image":{"@id":"https:\/\/isve.com\/fr\/equipements-traitement-bois\/les-classes-de-risque-du-bois\/#primaryimage"},"thumbnailUrl":"https:\/\/isve.com\/wp-content\/uploads\/pale\/ia\/paleria-03-1.jpg","datePublished":"2019-12-18T14:55:35+00:00","dateModified":"2025-04-15T09:49:18+00:00","breadcrumb":{"@id":"https:\/\/isve.com\/fr\/equipements-traitement-bois\/les-classes-de-risque-du-bois\/#breadcrumb"},"inLanguage":"fr-FR","potentialAction":[{"@type":"ReadAction","target":["https:\/\/isve.com\/fr\/equipements-traitement-bois\/les-classes-de-risque-du-bois\/"]}]},{"@type":"ImageObject","inLanguage":"fr-FR","@id":"https:\/\/isve.com\/fr\/equipements-traitement-bois\/les-classes-de-risque-du-bois\/#primaryimage","url":"https:\/\/isve.com\/wp-content\/uploads\/pale\/ia\/paleria-03-1.jpg","contentUrl":"https:\/\/isve.com\/wp-content\/uploads\/pale\/ia\/paleria-03-1.jpg","width":921,"height":600},{"@type":"BreadcrumbList","@id":"https:\/\/isve.com\/fr\/equipements-traitement-bois\/les-classes-de-risque-du-bois\/#breadcrumb","itemListElement":[{"@type":"ListItem","position":1,"name":"Home","item":"https:\/\/isve.com\/fr\/"},{"@type":"ListItem","position":2,"name":"Produits Wood","item":"https:\/\/isve.com\/fr\/equipements-traitement-bois\/"},{"@type":"ListItem","position":3,"name":"Les classes de risque du bois"}]},{"@type":"WebSite","@id":"https:\/\/isve.com\/fr\/#website","url":"https:\/\/isve.com\/fr\/","name":"ISVE S.p.A.","description":"Syst\u00e8mes de traitement du bois et pour dechiquetage broyage granulation","publisher":{"@id":"https:\/\/isve.com\/fr\/#organization"},"potentialAction":[{"@type":"SearchAction","target":{"@type":"EntryPoint","urlTemplate":"https:\/\/isve.com\/fr\/?s={search_term_string}"},"query-input":{"@type":"PropertyValueSpecification","valueRequired":true,"valueName":"search_term_string"}}],"inLanguage":"fr-FR"},{"@type":"Organization","@id":"https:\/\/isve.com\/fr\/#organization","name":"ISVE S.p.A.","url":"https:\/\/isve.com\/fr\/","logo":{"@type":"ImageObject","inLanguage":"fr-FR","@id":"https:\/\/isve.com\/fr\/#\/schema\/logo\/image\/","url":"https:\/\/isve.com\/wp-content\/uploads\/2026\/01\/logo-isve-spa.png","contentUrl":"https:\/\/isve.com\/wp-content\/uploads\/2026\/01\/logo-isve-spa.png","width":600,"height":173,"caption":"ISVE S.p.A."},"image":{"@id":"https:\/\/isve.com\/fr\/#\/schema\/logo\/image\/"},"sameAs":["https:\/\/www.linkedin.com\/company\/69445471","https:\/\/www.youtube.com\/@isves.p.a.8894"]}]}},"_links":{"self":[{"href":"https:\/\/isve.com\/fr\/wp-json\/wp\/v2\/pages\/14730","targetHints":{"allow":["GET"]}}],"collection":[{"href":"https:\/\/isve.com\/fr\/wp-json\/wp\/v2\/pages"}],"about":[{"href":"https:\/\/isve.com\/fr\/wp-json\/wp\/v2\/types\/page"}],"author":[{"embeddable":true,"href":"https:\/\/isve.com\/fr\/wp-json\/wp\/v2\/users\/1"}],"replies":[{"embeddable":true,"href":"https:\/\/isve.com\/fr\/wp-json\/wp\/v2\/comments?post=14730"}],"version-history":[{"count":0,"href":"https:\/\/isve.com\/fr\/wp-json\/wp\/v2\/pages\/14730\/revisions"}],"up":[{"embeddable":true,"href":"https:\/\/isve.com\/fr\/wp-json\/wp\/v2\/pages\/15965"}],"wp:featuredmedia":[{"embeddable":true,"href":"https:\/\/isve.com\/fr\/wp-json\/wp\/v2\/media\/14602"}],"wp:attachment":[{"href":"https:\/\/isve.com\/fr\/wp-json\/wp\/v2\/media?parent=14730"}],"wp:term":[{"taxonomy":"post_tag","embeddable":true,"href":"https:\/\/isve.com\/fr\/wp-json\/wp\/v2\/tags?post=14730"},{"taxonomy":"impaginazione","embeddable":true,"href":"https:\/\/isve.com\/fr\/wp-json\/wp\/v2\/impaginazione?post=14730"},{"taxonomy":"divisione","embeddable":true,"href":"https:\/\/isve.com\/fr\/wp-json\/wp\/v2\/divisione?post=14730"},{"taxonomy":"categorie_modelli","embeddable":true,"href":"https:\/\/isve.com\/fr\/wp-json\/wp\/v2\/categorie_modelli?post=14730"}],"curies":[{"name":"wp","href":"https:\/\/api.w.org\/{rel}","templated":true}]}}