{"id":14727,"date":"2019-12-19T09:40:18","date_gmt":"2019-12-19T08:40:18","guid":{"rendered":"https:\/\/isve.com\/vaporisateurs-electriques-photogallery\/"},"modified":"2025-04-15T12:05:52","modified_gmt":"2025-04-15T10:05:52","slug":"vaporisateurs-electriques-photogallery","status":"publish","type":"page","link":"https:\/\/isve.com\/fr\/equipements-traitement-bois\/vaporisateurs-electriques-photogallery\/","title":{"rendered":"Vaporisateurs electriques &#8211; Photogallery"},"content":{"rendered":"<p>Le <strong>bois<\/strong>, une mati\u00e8re premi\u00e8re de grande valeur, pr\u00e9sente des caract\u00e9ristiques structurelles particuli\u00e8res qui d\u00e9coulent de sa nature biologique.<\/p>\n<p>Contrairement aux autres mat\u00e9riaux, tels que les m\u00e9taux, par exemple, la <strong>d\u00e9formation des \u00e9l\u00e9ments en bois<\/strong> repr\u00e9sente tr\u00e8s souvent une <strong>inconnue<\/strong> r\u00e9sultant de la r\u00e9partition in\u00e9gale des fibres le long de la section.<\/p>\n<p>Avec sa <strong>gamme de vaporisateurs<\/strong>, ISVE est en mesure de <strong>\u00ab plastifier \u00bb le bois<\/strong> en le soumettant \u00e0 l\u2019action du <strong>vide<\/strong> et de la<strong> vapeur d\u2019eau<\/strong>.<br \/>\nDans cette condition, l\u2019\u00e9l\u00e9ment <strong>peut \u00eatre facilement pli\u00e9 ou fa\u00e7onn\u00e9<\/strong>.<\/p>\n<p>&nbsp;<\/p>\n\n\t\t<style>\n\t\t\t#gallery-1 {\n\t\t\t\tmargin: auto;\n\t\t\t}\n\t\t\t#gallery-1 .gallery-item {\n\t\t\t\tfloat: left;\n\t\t\t\tmargin-top: 10px;\n\t\t\t\ttext-align: center;\n\t\t\t\twidth: 33%;\n\t\t\t}\n\t\t\t#gallery-1 img {\n\t\t\t\tborder: 2px solid #cfcfcf;\n\t\t\t}\n\t\t\t#gallery-1 .gallery-caption {\n\t\t\t\tmargin-left: 0;\n\t\t\t}\n\t\t\t\/* see gallery_shortcode() in wp-includes\/media.php *\/\n\t\t<\/style>\n\t\t<div id='gallery-1' class='gallery galleryid-14727 gallery-columns-3 gallery-size-thumbnail'><dl class='gallery-item'>\n\t\t\t<dt class='gallery-icon landscape'>\n\t\t\t\t<a href='https:\/\/isve.com\/fr\/vaporizzatori-elettrici-img04-2\/'><img decoding=\"async\" width=\"150\" height=\"150\" src=\"https:\/\/isve.com\/wp-content\/uploads\/2025\/04\/vaporizzatori-elettrici-img04-150x150.jpg\" class=\"attachment-thumbnail size-thumbnail\" alt=\"\" srcset=\"https:\/\/isve.com\/wp-content\/uploads\/2025\/04\/vaporizzatori-elettrici-img04-150x150.jpg 150w, https:\/\/isve.com\/wp-content\/uploads\/2025\/04\/vaporizzatori-elettrici-img04-1000x1000.jpg 1000w, https:\/\/isve.com\/wp-content\/uploads\/2025\/04\/vaporizzatori-elettrici-img04-200x200.jpg 200w\" sizes=\"(max-width: 150px) 100vw, 150px\" \/><\/a>\n\t\t\t<\/dt><\/dl><dl class='gallery-item'>\n\t\t\t<dt class='gallery-icon landscape'>\n\t\t\t\t<a href='https:\/\/isve.com\/fr\/vaporizzatori-elettrici-img05-2\/'><img decoding=\"async\" width=\"150\" height=\"150\" src=\"https:\/\/isve.com\/wp-content\/uploads\/2025\/04\/vaporizzatori-elettrici-img05-150x150.jpg\" class=\"attachment-thumbnail size-thumbnail\" alt=\"\" srcset=\"https:\/\/isve.com\/wp-content\/uploads\/2025\/04\/vaporizzatori-elettrici-img05-150x150.jpg 150w, https:\/\/isve.com\/wp-content\/uploads\/2025\/04\/vaporizzatori-elettrici-img05-1000x1000.jpg 1000w, https:\/\/isve.com\/wp-content\/uploads\/2025\/04\/vaporizzatori-elettrici-img05-200x200.jpg 200w\" sizes=\"(max-width: 150px) 100vw, 150px\" \/><\/a>\n\t\t\t<\/dt><\/dl><dl class='gallery-item'>\n\t\t\t<dt class='gallery-icon landscape'>\n\t\t\t\t<a href='https:\/\/isve.com\/fr\/vaporizzatori-elettrici-img06-2\/'><img decoding=\"async\" width=\"150\" height=\"150\" src=\"https:\/\/isve.com\/wp-content\/uploads\/2025\/04\/vaporizzatori-elettrici-img06-150x150.jpg\" class=\"attachment-thumbnail size-thumbnail\" alt=\"\" srcset=\"https:\/\/isve.com\/wp-content\/uploads\/2025\/04\/vaporizzatori-elettrici-img06-150x150.jpg 150w, https:\/\/isve.com\/wp-content\/uploads\/2025\/04\/vaporizzatori-elettrici-img06-1000x1000.jpg 1000w, https:\/\/isve.com\/wp-content\/uploads\/2025\/04\/vaporizzatori-elettrici-img06-200x200.jpg 200w\" sizes=\"(max-width: 150px) 100vw, 150px\" \/><\/a>\n\t\t\t<\/dt><\/dl><br style=\"clear: both\" \/><dl class='gallery-item'>\n\t\t\t<dt class='gallery-icon landscape'>\n\t\t\t\t<a href='https:\/\/isve.com\/fr\/vaporizzatori-elettrici-img07-2\/'><img loading=\"lazy\" decoding=\"async\" width=\"150\" height=\"150\" src=\"https:\/\/isve.com\/wp-content\/uploads\/2025\/04\/vaporizzatori-elettrici-img07-150x150.jpg\" class=\"attachment-thumbnail size-thumbnail\" alt=\"\" srcset=\"https:\/\/isve.com\/wp-content\/uploads\/2025\/04\/vaporizzatori-elettrici-img07-150x150.jpg 150w, https:\/\/isve.com\/wp-content\/uploads\/2025\/04\/vaporizzatori-elettrici-img07-1000x1000.jpg 1000w, https:\/\/isve.com\/wp-content\/uploads\/2025\/04\/vaporizzatori-elettrici-img07-200x200.jpg 200w\" sizes=\"(max-width: 150px) 100vw, 150px\" \/><\/a>\n\t\t\t<\/dt><\/dl><dl class='gallery-item'>\n\t\t\t<dt class='gallery-icon landscape'>\n\t\t\t\t<a href='https:\/\/isve.com\/fr\/vaporizzatori-elettrici-img01-2\/'><img loading=\"lazy\" decoding=\"async\" width=\"150\" height=\"150\" src=\"https:\/\/isve.com\/wp-content\/uploads\/2025\/04\/vaporizzatori-elettrici-img01-150x150.jpg\" class=\"attachment-thumbnail size-thumbnail\" alt=\"\" srcset=\"https:\/\/isve.com\/wp-content\/uploads\/2025\/04\/vaporizzatori-elettrici-img01-150x150.jpg 150w, https:\/\/isve.com\/wp-content\/uploads\/2025\/04\/vaporizzatori-elettrici-img01-1000x1000.jpg 1000w, https:\/\/isve.com\/wp-content\/uploads\/2025\/04\/vaporizzatori-elettrici-img01-200x200.jpg 200w\" sizes=\"(max-width: 150px) 100vw, 150px\" \/><\/a>\n\t\t\t<\/dt><\/dl><dl class='gallery-item'>\n\t\t\t<dt class='gallery-icon landscape'>\n\t\t\t\t<a href='https:\/\/isve.com\/fr\/vaporizzatori-elettrici-img02-2\/'><img loading=\"lazy\" decoding=\"async\" width=\"150\" height=\"150\" src=\"https:\/\/isve.com\/wp-content\/uploads\/2025\/04\/vaporizzatori-elettrici-img02-150x150.jpg\" class=\"attachment-thumbnail size-thumbnail\" alt=\"\" srcset=\"https:\/\/isve.com\/wp-content\/uploads\/2025\/04\/vaporizzatori-elettrici-img02-150x150.jpg 150w, https:\/\/isve.com\/wp-content\/uploads\/2025\/04\/vaporizzatori-elettrici-img02-1000x1000.jpg 1000w, https:\/\/isve.com\/wp-content\/uploads\/2025\/04\/vaporizzatori-elettrici-img02-200x200.jpg 200w\" sizes=\"(max-width: 150px) 100vw, 150px\" \/><\/a>\n\t\t\t<\/dt><\/dl><br style=\"clear: both\" \/><dl class='gallery-item'>\n\t\t\t<dt class='gallery-icon landscape'>\n\t\t\t\t<a href='https:\/\/isve.com\/fr\/vaporizzatori-elettrici-img03-2\/'><img loading=\"lazy\" decoding=\"async\" width=\"150\" height=\"150\" src=\"https:\/\/isve.com\/wp-content\/uploads\/2025\/04\/vaporizzatori-elettrici-img03-150x150.jpg\" class=\"attachment-thumbnail size-thumbnail\" alt=\"\" srcset=\"https:\/\/isve.com\/wp-content\/uploads\/2025\/04\/vaporizzatori-elettrici-img03-150x150.jpg 150w, https:\/\/isve.com\/wp-content\/uploads\/2025\/04\/vaporizzatori-elettrici-img03-1000x1000.jpg 1000w, https:\/\/isve.com\/wp-content\/uploads\/2025\/04\/vaporizzatori-elettrici-img03-200x200.jpg 200w\" sizes=\"(max-width: 150px) 100vw, 150px\" \/><\/a>\n\t\t\t<\/dt><\/dl>\n\t\t\t<br style='clear: both' \/>\n\t\t<\/div>\n\n","protected":false},"excerpt":{"rendered":"<p>Le bois, une mati\u00e8re premi\u00e8re de grande valeur, pr\u00e9sente des caract\u00e9ristiques structurelles particuli\u00e8res qui d\u00e9coulent de sa nature biologique. Contrairement aux autres mat\u00e9riaux, tels que les m\u00e9taux, par exemple, la d\u00e9formation des \u00e9l\u00e9ments en bois repr\u00e9sente tr\u00e8s souvent une inconnue r\u00e9sultant de la r\u00e9partition in\u00e9gale des fibres le long de la section. Avec sa gamme&hellip;<\/p>\n","protected":false},"author":1,"featured_media":0,"parent":15965,"menu_order":338,"comment_status":"closed","ping_status":"closed","template":"","meta":{"_acf_changed":false,"footnotes":""},"tags":[],"impaginazione":[],"divisione":[3690],"categorie_modelli":[],"class_list":["post-14727","page","type-page","status-publish","hentry","divisione-isve-wood","description-off"],"acf":[],"yoast_head":"<!-- This site is optimized with the Yoast SEO plugin v27.4 - https:\/\/yoast.com\/product\/yoast-seo-wordpress\/ -->\n<title>Vaporisateurs electriques - Photogallery - ISVE SpA - Traitement du bois - Recyclage - Broyeurs Granulateurs<\/title>\n<meta name=\"robots\" content=\"index, follow, max-snippet:-1, max-image-preview:large, max-video-preview:-1\" \/>\n<link rel=\"canonical\" href=\"https:\/\/isve.com\/fr\/equipements-traitement-bois\/vaporisateurs-electriques-photogallery\/\" \/>\n<meta property=\"og:locale\" content=\"fr_FR\" \/>\n<meta property=\"og:type\" content=\"article\" \/>\n<meta property=\"og:title\" content=\"Vaporisateurs electriques - Photogallery - ISVE SpA - Traitement du bois - Recyclage - Broyeurs Granulateurs\" \/>\n<meta property=\"og:description\" content=\"Le bois, une mati\u00e8re premi\u00e8re de grande valeur, pr\u00e9sente des caract\u00e9ristiques structurelles particuli\u00e8res qui d\u00e9coulent de sa nature biologique. Contrairement aux autres mat\u00e9riaux, tels que les m\u00e9taux, par exemple, la d\u00e9formation des \u00e9l\u00e9ments en bois repr\u00e9sente tr\u00e8s souvent une inconnue r\u00e9sultant de la r\u00e9partition in\u00e9gale des fibres le long de la section. Avec sa gamme&hellip;\" \/>\n<meta property=\"og:url\" content=\"https:\/\/isve.com\/fr\/equipements-traitement-bois\/vaporisateurs-electriques-photogallery\/\" \/>\n<meta property=\"og:site_name\" content=\"ISVE SpA - Traitement du bois - Recyclage - Broyeurs Granulateurs\" \/>\n<meta property=\"article:modified_time\" content=\"2025-04-15T10:05:52+00:00\" \/>\n<meta name=\"twitter:card\" content=\"summary_large_image\" \/>\n<meta name=\"twitter:label1\" content=\"Dur\u00e9e de lecture estim\u00e9e\" \/>\n\t<meta name=\"twitter:data1\" content=\"1 minute\" \/>\n<script type=\"application\/ld+json\" class=\"yoast-schema-graph\">{\"@context\":\"https:\\\/\\\/schema.org\",\"@graph\":[{\"@type\":\"WebPage\",\"@id\":\"https:\\\/\\\/isve.com\\\/fr\\\/equipements-traitement-bois\\\/vaporisateurs-electriques-photogallery\\\/\",\"url\":\"https:\\\/\\\/isve.com\\\/fr\\\/equipements-traitement-bois\\\/vaporisateurs-electriques-photogallery\\\/\",\"name\":\"Vaporisateurs electriques - Photogallery - ISVE SpA - Traitement du bois - Recyclage - Broyeurs Granulateurs\",\"isPartOf\":{\"@id\":\"https:\\\/\\\/isve.com\\\/fr\\\/#website\"},\"datePublished\":\"2019-12-19T08:40:18+00:00\",\"dateModified\":\"2025-04-15T10:05:52+00:00\",\"breadcrumb\":{\"@id\":\"https:\\\/\\\/isve.com\\\/fr\\\/equipements-traitement-bois\\\/vaporisateurs-electriques-photogallery\\\/#breadcrumb\"},\"inLanguage\":\"fr-FR\",\"potentialAction\":[{\"@type\":\"ReadAction\",\"target\":[\"https:\\\/\\\/isve.com\\\/fr\\\/equipements-traitement-bois\\\/vaporisateurs-electriques-photogallery\\\/\"]}]},{\"@type\":\"BreadcrumbList\",\"@id\":\"https:\\\/\\\/isve.com\\\/fr\\\/equipements-traitement-bois\\\/vaporisateurs-electriques-photogallery\\\/#breadcrumb\",\"itemListElement\":[{\"@type\":\"ListItem\",\"position\":1,\"name\":\"Home\",\"item\":\"https:\\\/\\\/isve.com\\\/fr\\\/\"},{\"@type\":\"ListItem\",\"position\":2,\"name\":\"Produits Wood\",\"item\":\"https:\\\/\\\/isve.com\\\/fr\\\/equipements-traitement-bois\\\/\"},{\"@type\":\"ListItem\",\"position\":3,\"name\":\"Vaporisateurs electriques &#8211; Photogallery\"}]},{\"@type\":\"WebSite\",\"@id\":\"https:\\\/\\\/isve.com\\\/fr\\\/#website\",\"url\":\"https:\\\/\\\/isve.com\\\/fr\\\/\",\"name\":\"ISVE S.p.A.\",\"description\":\"Syst\u00e8mes de traitement du bois et pour dechiquetage broyage granulation\",\"publisher\":{\"@id\":\"https:\\\/\\\/isve.com\\\/fr\\\/#organization\"},\"potentialAction\":[{\"@type\":\"SearchAction\",\"target\":{\"@type\":\"EntryPoint\",\"urlTemplate\":\"https:\\\/\\\/isve.com\\\/fr\\\/?s={search_term_string}\"},\"query-input\":{\"@type\":\"PropertyValueSpecification\",\"valueRequired\":true,\"valueName\":\"search_term_string\"}}],\"inLanguage\":\"fr-FR\"},{\"@type\":\"Organization\",\"@id\":\"https:\\\/\\\/isve.com\\\/fr\\\/#organization\",\"name\":\"ISVE S.p.A.\",\"url\":\"https:\\\/\\\/isve.com\\\/fr\\\/\",\"logo\":{\"@type\":\"ImageObject\",\"inLanguage\":\"fr-FR\",\"@id\":\"https:\\\/\\\/isve.com\\\/fr\\\/#\\\/schema\\\/logo\\\/image\\\/\",\"url\":\"https:\\\/\\\/isve.com\\\/wp-content\\\/uploads\\\/2026\\\/01\\\/logo-isve-spa.png\",\"contentUrl\":\"https:\\\/\\\/isve.com\\\/wp-content\\\/uploads\\\/2026\\\/01\\\/logo-isve-spa.png\",\"width\":600,\"height\":173,\"caption\":\"ISVE S.p.A.\"},\"image\":{\"@id\":\"https:\\\/\\\/isve.com\\\/fr\\\/#\\\/schema\\\/logo\\\/image\\\/\"},\"sameAs\":[\"https:\\\/\\\/www.linkedin.com\\\/company\\\/69445471\",\"https:\\\/\\\/www.youtube.com\\\/@isves.p.a.8894\"]}]}<\/script>\n<!-- \/ Yoast SEO plugin. -->","yoast_head_json":{"title":"Vaporisateurs electriques - Photogallery - ISVE SpA - Traitement du bois - Recyclage - Broyeurs Granulateurs","robots":{"index":"index","follow":"follow","max-snippet":"max-snippet:-1","max-image-preview":"max-image-preview:large","max-video-preview":"max-video-preview:-1"},"canonical":"https:\/\/isve.com\/fr\/equipements-traitement-bois\/vaporisateurs-electriques-photogallery\/","og_locale":"fr_FR","og_type":"article","og_title":"Vaporisateurs electriques - Photogallery - ISVE SpA - Traitement du bois - Recyclage - Broyeurs Granulateurs","og_description":"Le bois, une mati\u00e8re premi\u00e8re de grande valeur, pr\u00e9sente des caract\u00e9ristiques structurelles particuli\u00e8res qui d\u00e9coulent de sa nature biologique. Contrairement aux autres mat\u00e9riaux, tels que les m\u00e9taux, par exemple, la d\u00e9formation des \u00e9l\u00e9ments en bois repr\u00e9sente tr\u00e8s souvent une inconnue r\u00e9sultant de la r\u00e9partition in\u00e9gale des fibres le long de la section. Avec sa gamme&hellip;","og_url":"https:\/\/isve.com\/fr\/equipements-traitement-bois\/vaporisateurs-electriques-photogallery\/","og_site_name":"ISVE SpA - Traitement du bois - Recyclage - Broyeurs Granulateurs","article_modified_time":"2025-04-15T10:05:52+00:00","twitter_card":"summary_large_image","twitter_misc":{"Dur\u00e9e de lecture estim\u00e9e":"1 minute"},"schema":{"@context":"https:\/\/schema.org","@graph":[{"@type":"WebPage","@id":"https:\/\/isve.com\/fr\/equipements-traitement-bois\/vaporisateurs-electriques-photogallery\/","url":"https:\/\/isve.com\/fr\/equipements-traitement-bois\/vaporisateurs-electriques-photogallery\/","name":"Vaporisateurs electriques - Photogallery - ISVE SpA - Traitement du bois - Recyclage - Broyeurs Granulateurs","isPartOf":{"@id":"https:\/\/isve.com\/fr\/#website"},"datePublished":"2019-12-19T08:40:18+00:00","dateModified":"2025-04-15T10:05:52+00:00","breadcrumb":{"@id":"https:\/\/isve.com\/fr\/equipements-traitement-bois\/vaporisateurs-electriques-photogallery\/#breadcrumb"},"inLanguage":"fr-FR","potentialAction":[{"@type":"ReadAction","target":["https:\/\/isve.com\/fr\/equipements-traitement-bois\/vaporisateurs-electriques-photogallery\/"]}]},{"@type":"BreadcrumbList","@id":"https:\/\/isve.com\/fr\/equipements-traitement-bois\/vaporisateurs-electriques-photogallery\/#breadcrumb","itemListElement":[{"@type":"ListItem","position":1,"name":"Home","item":"https:\/\/isve.com\/fr\/"},{"@type":"ListItem","position":2,"name":"Produits Wood","item":"https:\/\/isve.com\/fr\/equipements-traitement-bois\/"},{"@type":"ListItem","position":3,"name":"Vaporisateurs electriques &#8211; Photogallery"}]},{"@type":"WebSite","@id":"https:\/\/isve.com\/fr\/#website","url":"https:\/\/isve.com\/fr\/","name":"ISVE S.p.A.","description":"Syst\u00e8mes de traitement du bois et pour dechiquetage broyage granulation","publisher":{"@id":"https:\/\/isve.com\/fr\/#organization"},"potentialAction":[{"@type":"SearchAction","target":{"@type":"EntryPoint","urlTemplate":"https:\/\/isve.com\/fr\/?s={search_term_string}"},"query-input":{"@type":"PropertyValueSpecification","valueRequired":true,"valueName":"search_term_string"}}],"inLanguage":"fr-FR"},{"@type":"Organization","@id":"https:\/\/isve.com\/fr\/#organization","name":"ISVE S.p.A.","url":"https:\/\/isve.com\/fr\/","logo":{"@type":"ImageObject","inLanguage":"fr-FR","@id":"https:\/\/isve.com\/fr\/#\/schema\/logo\/image\/","url":"https:\/\/isve.com\/wp-content\/uploads\/2026\/01\/logo-isve-spa.png","contentUrl":"https:\/\/isve.com\/wp-content\/uploads\/2026\/01\/logo-isve-spa.png","width":600,"height":173,"caption":"ISVE S.p.A."},"image":{"@id":"https:\/\/isve.com\/fr\/#\/schema\/logo\/image\/"},"sameAs":["https:\/\/www.linkedin.com\/company\/69445471","https:\/\/www.youtube.com\/@isves.p.a.8894"]}]}},"_links":{"self":[{"href":"https:\/\/isve.com\/fr\/wp-json\/wp\/v2\/pages\/14727","targetHints":{"allow":["GET"]}}],"collection":[{"href":"https:\/\/isve.com\/fr\/wp-json\/wp\/v2\/pages"}],"about":[{"href":"https:\/\/isve.com\/fr\/wp-json\/wp\/v2\/types\/page"}],"author":[{"embeddable":true,"href":"https:\/\/isve.com\/fr\/wp-json\/wp\/v2\/users\/1"}],"replies":[{"embeddable":true,"href":"https:\/\/isve.com\/fr\/wp-json\/wp\/v2\/comments?post=14727"}],"version-history":[{"count":0,"href":"https:\/\/isve.com\/fr\/wp-json\/wp\/v2\/pages\/14727\/revisions"}],"up":[{"embeddable":true,"href":"https:\/\/isve.com\/fr\/wp-json\/wp\/v2\/pages\/15965"}],"wp:attachment":[{"href":"https:\/\/isve.com\/fr\/wp-json\/wp\/v2\/media?parent=14727"}],"wp:term":[{"taxonomy":"post_tag","embeddable":true,"href":"https:\/\/isve.com\/fr\/wp-json\/wp\/v2\/tags?post=14727"},{"taxonomy":"impaginazione","embeddable":true,"href":"https:\/\/isve.com\/fr\/wp-json\/wp\/v2\/impaginazione?post=14727"},{"taxonomy":"divisione","embeddable":true,"href":"https:\/\/isve.com\/fr\/wp-json\/wp\/v2\/divisione?post=14727"},{"taxonomy":"categorie_modelli","embeddable":true,"href":"https:\/\/isve.com\/fr\/wp-json\/wp\/v2\/categorie_modelli?post=14727"}],"curies":[{"name":"wp","href":"https:\/\/api.w.org\/{rel}","templated":true}]}}