{"id":14724,"date":"2019-12-18T19:33:41","date_gmt":"2019-12-18T18:33:41","guid":{"rendered":"https:\/\/isve.com\/vaporisateurs-electriques\/"},"modified":"2025-04-15T12:05:48","modified_gmt":"2025-04-15T10:05:48","slug":"vaporisateurs-electriques","status":"publish","type":"page","link":"https:\/\/isve.com\/fr\/equipements-traitement-bois\/vaporisateurs-electriques\/","title":{"rendered":"Vaporisateurs \u00e9lectriques"},"content":{"rendered":"<h2><strong>Vaporisateurs \u00e9lectriques ISVE<\/strong><\/h2>\n<p>ISVE fabrique des vaporisateurs \u00e0 alimentation \u00e9lectrique pour la &#8220;<strong>plastification<\/strong>&#8221; du bois.<\/p>\n<p>Les vaporisateurs sont disponibles en <strong>autoclave simple ou double<\/strong>, de <strong>longueur variable<\/strong> en fonction des besoins du client. L&#8217;installation est constitu\u00e9e par deux autoclaves en acier AISI 304 de 400 mm de diam\u00e8tre \u00e0 fonds soud\u00e9s, couvercles ouvrables \u00e0 charni\u00e8re et fermetures par volants \u00e0 vis.<\/p>\n<hr \/>\n<h3><strong>Caract\u00e9ristiques g\u00e9n\u00e9rales<\/strong><\/h3>\n<p><strong>Le syst\u00e8me de vaporisation compl\u00e8te<\/strong> se compose de 2 autoclaves r\u00e9alis\u00e9s en acier inox AISI 304 avec un diam\u00e8tre de 400mm avec un fond soud\u00e9, couvercle muni d&#8217;ouverture \u00e0 charni\u00e8re, fermeture par volant \u00e0 vis.<\/p>\n<p>La couche isolante est r\u00e9alis\u00e9e avec un mat\u00e9riau isolant d&#8217;une \u00e9paisseur de 50 mm couvert par acier\u00a0pr\u00e9-peint.<\/p>\n<p>Le cadre de support est constitu\u00e9 par une barre de section en acier peint avec couche d&#8217;appr\u00eat et de peinture.<\/p>\n<hr \/>\n<h3><strong>Vaporisateurs ISVE: les avantages<br \/>\n<\/strong><\/h3>\n<p><strong>Les vaporisateurs<\/strong><strong> ISVE<\/strong> sont le r\u00e9sultat d&#8217;ann\u00e9es de recherche et d\u00e9veloppement qui ont permis la mise au point d&#8217;installations de vaporisation de <strong>qualit\u00e9 sup\u00e9rieure<\/strong>, qui garantissent la <strong>plastification optimale du bois<\/strong>, qui est n\u00e9cessaire pour les processus ult\u00e9rieurs de <strong>courbure<\/strong> et de sa <strong>stabilisation<\/strong> dans les <strong>produits semi-finis<\/strong>.<\/p>\n<p>Au cours du traitement avec les vaporisateurs \u00e9lectriques ISVE, les pi\u00e8ces <strong>s\u2019humidifient<\/strong> \u00e0 l\u2019ext\u00e9rieur jusqu&#8217;\u00e0 <strong>20%<\/strong>.<br \/>\nCes syst\u00e8mes, cependant, permettent \u00e0 la <strong>condensation de rester dans le cylindre<\/strong>.<br \/>\n<strong>Un avantage important! <\/strong>Les donn\u00e9es confirment que:<\/p>\n<blockquote><p>en pr\u00e9sence de condensation les pi\u00e8ces s\u2019humidifient plus &#8211; jusqu&#8217;\u00e0 40% &#8211; en assurant <strong>une meilleure et plus rapide plastification du bois<\/strong>.<\/p><\/blockquote>\n<p>&nbsp;<\/p>\n<table border=\"1\">\n<tbody>\n<tr>\n<td><\/td>\n<td>FROM<\/td>\n<td>TO<\/td>\n<\/tr>\n<tr>\n<td>Stack sizes m3<\/td>\n<td>5,5<\/td>\n<td>21<\/td>\n<\/tr>\n<tr>\n<td>Internal lenght m<\/td>\n<td>4,5<\/td>\n<td>18<\/td>\n<\/tr>\n<tr>\n<td>Power KW<\/td>\n<td>10<\/td>\n<td>22<\/td>\n<\/tr>\n<tr>\n<td>Vacuum mmHg<\/td>\n<td>150<\/td>\n<td>650<\/td>\n<\/tr>\n<tr>\n<td>Weight Kg<\/td>\n<td>3.000<\/td>\n<td>15.000<\/td>\n<\/tr>\n<\/tbody>\n<\/table>\n<p>&nbsp;<\/p>\n","protected":false},"excerpt":{"rendered":"<p>Vaporisateurs \u00e9lectriques ISVE ISVE fabrique des vaporisateurs \u00e0 alimentation \u00e9lectrique pour la &#8220;plastification&#8221; du bois. Les vaporisateurs sont disponibles en autoclave simple ou double, de longueur variable en fonction des besoins du client. L&#8217;installation est constitu\u00e9e par deux autoclaves en acier AISI 304 de 400 mm de diam\u00e8tre \u00e0 fonds soud\u00e9s, couvercles ouvrables \u00e0 charni\u00e8re&hellip;<\/p>\n","protected":false},"author":1,"featured_media":14618,"parent":15965,"menu_order":343,"comment_status":"closed","ping_status":"closed","template":"","meta":{"_acf_changed":false,"footnotes":""},"tags":[],"impaginazione":[3692],"divisione":[3690],"categorie_modelli":[3727],"class_list":["post-14724","page","type-page","status-publish","has-post-thumbnail","hentry","impaginazione-modello-prodotto","divisione-isve-wood","categorie_modelli-vaporizzatori","description-off"],"acf":[],"yoast_head":"<!-- This site is optimized with the Yoast SEO plugin v27.4 - https:\/\/yoast.com\/product\/yoast-seo-wordpress\/ -->\n<title>Vaporisateurs \u00e9lectriques - ISVE SpA - Traitement du bois - Recyclage - Broyeurs Granulateurs<\/title>\n<meta name=\"robots\" content=\"index, follow, max-snippet:-1, max-image-preview:large, max-video-preview:-1\" \/>\n<link rel=\"canonical\" href=\"https:\/\/isve.com\/fr\/equipements-traitement-bois\/vaporisateurs-electriques\/\" \/>\n<meta property=\"og:locale\" content=\"fr_FR\" \/>\n<meta property=\"og:type\" content=\"article\" \/>\n<meta property=\"og:title\" content=\"Vaporisateurs \u00e9lectriques - ISVE SpA - Traitement du bois - Recyclage - Broyeurs Granulateurs\" \/>\n<meta property=\"og:description\" content=\"Vaporisateurs \u00e9lectriques ISVE ISVE fabrique des vaporisateurs \u00e0 alimentation \u00e9lectrique pour la &#8220;plastification&#8221; du bois. Les vaporisateurs sont disponibles en autoclave simple ou double, de longueur variable en fonction des besoins du client. L&#8217;installation est constitu\u00e9e par deux autoclaves en acier AISI 304 de 400 mm de diam\u00e8tre \u00e0 fonds soud\u00e9s, couvercles ouvrables \u00e0 charni\u00e8re&hellip;\" \/>\n<meta property=\"og:url\" content=\"https:\/\/isve.com\/fr\/equipements-traitement-bois\/vaporisateurs-electriques\/\" \/>\n<meta property=\"og:site_name\" content=\"ISVE SpA - Traitement du bois - Recyclage - Broyeurs Granulateurs\" \/>\n<meta property=\"article:modified_time\" content=\"2025-04-15T10:05:48+00:00\" \/>\n<meta property=\"og:image\" content=\"https:\/\/isve.com\/wp-content\/uploads\/Vapo\/iz\/Vaporizzatori-1.jpg\" \/>\n\t<meta property=\"og:image:width\" content=\"1174\" \/>\n\t<meta property=\"og:image:height\" content=\"398\" \/>\n\t<meta property=\"og:image:type\" content=\"image\/jpeg\" \/>\n<meta name=\"twitter:card\" content=\"summary_large_image\" \/>\n<meta name=\"twitter:label1\" content=\"Dur\u00e9e de lecture estim\u00e9e\" \/>\n\t<meta name=\"twitter:data1\" content=\"1 minute\" \/>\n<script type=\"application\/ld+json\" class=\"yoast-schema-graph\">{\"@context\":\"https:\\\/\\\/schema.org\",\"@graph\":[{\"@type\":\"WebPage\",\"@id\":\"https:\\\/\\\/isve.com\\\/fr\\\/equipements-traitement-bois\\\/vaporisateurs-electriques\\\/\",\"url\":\"https:\\\/\\\/isve.com\\\/fr\\\/equipements-traitement-bois\\\/vaporisateurs-electriques\\\/\",\"name\":\"Vaporisateurs \u00e9lectriques - ISVE SpA - Traitement du bois - Recyclage - Broyeurs Granulateurs\",\"isPartOf\":{\"@id\":\"https:\\\/\\\/isve.com\\\/fr\\\/#website\"},\"primaryImageOfPage\":{\"@id\":\"https:\\\/\\\/isve.com\\\/fr\\\/equipements-traitement-bois\\\/vaporisateurs-electriques\\\/#primaryimage\"},\"image\":{\"@id\":\"https:\\\/\\\/isve.com\\\/fr\\\/equipements-traitement-bois\\\/vaporisateurs-electriques\\\/#primaryimage\"},\"thumbnailUrl\":\"https:\\\/\\\/isve.com\\\/wp-content\\\/uploads\\\/Vapo\\\/iz\\\/Vaporizzatori-1.jpg\",\"datePublished\":\"2019-12-18T18:33:41+00:00\",\"dateModified\":\"2025-04-15T10:05:48+00:00\",\"breadcrumb\":{\"@id\":\"https:\\\/\\\/isve.com\\\/fr\\\/equipements-traitement-bois\\\/vaporisateurs-electriques\\\/#breadcrumb\"},\"inLanguage\":\"fr-FR\",\"potentialAction\":[{\"@type\":\"ReadAction\",\"target\":[\"https:\\\/\\\/isve.com\\\/fr\\\/equipements-traitement-bois\\\/vaporisateurs-electriques\\\/\"]}]},{\"@type\":\"ImageObject\",\"inLanguage\":\"fr-FR\",\"@id\":\"https:\\\/\\\/isve.com\\\/fr\\\/equipements-traitement-bois\\\/vaporisateurs-electriques\\\/#primaryimage\",\"url\":\"https:\\\/\\\/isve.com\\\/wp-content\\\/uploads\\\/Vapo\\\/iz\\\/Vaporizzatori-1.jpg\",\"contentUrl\":\"https:\\\/\\\/isve.com\\\/wp-content\\\/uploads\\\/Vapo\\\/iz\\\/Vaporizzatori-1.jpg\",\"width\":1174,\"height\":398},{\"@type\":\"BreadcrumbList\",\"@id\":\"https:\\\/\\\/isve.com\\\/fr\\\/equipements-traitement-bois\\\/vaporisateurs-electriques\\\/#breadcrumb\",\"itemListElement\":[{\"@type\":\"ListItem\",\"position\":1,\"name\":\"Home\",\"item\":\"https:\\\/\\\/isve.com\\\/fr\\\/\"},{\"@type\":\"ListItem\",\"position\":2,\"name\":\"Produits Wood\",\"item\":\"https:\\\/\\\/isve.com\\\/fr\\\/equipements-traitement-bois\\\/\"},{\"@type\":\"ListItem\",\"position\":3,\"name\":\"Vaporisateurs \u00e9lectriques\"}]},{\"@type\":\"WebSite\",\"@id\":\"https:\\\/\\\/isve.com\\\/fr\\\/#website\",\"url\":\"https:\\\/\\\/isve.com\\\/fr\\\/\",\"name\":\"ISVE S.p.A.\",\"description\":\"Syst\u00e8mes de traitement du bois et pour dechiquetage broyage granulation\",\"publisher\":{\"@id\":\"https:\\\/\\\/isve.com\\\/fr\\\/#organization\"},\"potentialAction\":[{\"@type\":\"SearchAction\",\"target\":{\"@type\":\"EntryPoint\",\"urlTemplate\":\"https:\\\/\\\/isve.com\\\/fr\\\/?s={search_term_string}\"},\"query-input\":{\"@type\":\"PropertyValueSpecification\",\"valueRequired\":true,\"valueName\":\"search_term_string\"}}],\"inLanguage\":\"fr-FR\"},{\"@type\":\"Organization\",\"@id\":\"https:\\\/\\\/isve.com\\\/fr\\\/#organization\",\"name\":\"ISVE S.p.A.\",\"url\":\"https:\\\/\\\/isve.com\\\/fr\\\/\",\"logo\":{\"@type\":\"ImageObject\",\"inLanguage\":\"fr-FR\",\"@id\":\"https:\\\/\\\/isve.com\\\/fr\\\/#\\\/schema\\\/logo\\\/image\\\/\",\"url\":\"https:\\\/\\\/isve.com\\\/wp-content\\\/uploads\\\/2026\\\/01\\\/logo-isve-spa.png\",\"contentUrl\":\"https:\\\/\\\/isve.com\\\/wp-content\\\/uploads\\\/2026\\\/01\\\/logo-isve-spa.png\",\"width\":600,\"height\":173,\"caption\":\"ISVE S.p.A.\"},\"image\":{\"@id\":\"https:\\\/\\\/isve.com\\\/fr\\\/#\\\/schema\\\/logo\\\/image\\\/\"},\"sameAs\":[\"https:\\\/\\\/www.linkedin.com\\\/company\\\/69445471\",\"https:\\\/\\\/www.youtube.com\\\/@isves.p.a.8894\"]}]}<\/script>\n<!-- \/ Yoast SEO plugin. -->","yoast_head_json":{"title":"Vaporisateurs \u00e9lectriques - ISVE SpA - Traitement du bois - Recyclage - Broyeurs Granulateurs","robots":{"index":"index","follow":"follow","max-snippet":"max-snippet:-1","max-image-preview":"max-image-preview:large","max-video-preview":"max-video-preview:-1"},"canonical":"https:\/\/isve.com\/fr\/equipements-traitement-bois\/vaporisateurs-electriques\/","og_locale":"fr_FR","og_type":"article","og_title":"Vaporisateurs \u00e9lectriques - ISVE SpA - Traitement du bois - Recyclage - Broyeurs Granulateurs","og_description":"Vaporisateurs \u00e9lectriques ISVE ISVE fabrique des vaporisateurs \u00e0 alimentation \u00e9lectrique pour la &#8220;plastification&#8221; du bois. Les vaporisateurs sont disponibles en autoclave simple ou double, de longueur variable en fonction des besoins du client. L&#8217;installation est constitu\u00e9e par deux autoclaves en acier AISI 304 de 400 mm de diam\u00e8tre \u00e0 fonds soud\u00e9s, couvercles ouvrables \u00e0 charni\u00e8re&hellip;","og_url":"https:\/\/isve.com\/fr\/equipements-traitement-bois\/vaporisateurs-electriques\/","og_site_name":"ISVE SpA - Traitement du bois - Recyclage - Broyeurs Granulateurs","article_modified_time":"2025-04-15T10:05:48+00:00","og_image":[{"width":1174,"height":398,"url":"https:\/\/isve.com\/wp-content\/uploads\/Vapo\/iz\/Vaporizzatori-1.jpg","type":"image\/jpeg"}],"twitter_card":"summary_large_image","twitter_misc":{"Dur\u00e9e de lecture estim\u00e9e":"1 minute"},"schema":{"@context":"https:\/\/schema.org","@graph":[{"@type":"WebPage","@id":"https:\/\/isve.com\/fr\/equipements-traitement-bois\/vaporisateurs-electriques\/","url":"https:\/\/isve.com\/fr\/equipements-traitement-bois\/vaporisateurs-electriques\/","name":"Vaporisateurs \u00e9lectriques - ISVE SpA - Traitement du bois - Recyclage - Broyeurs Granulateurs","isPartOf":{"@id":"https:\/\/isve.com\/fr\/#website"},"primaryImageOfPage":{"@id":"https:\/\/isve.com\/fr\/equipements-traitement-bois\/vaporisateurs-electriques\/#primaryimage"},"image":{"@id":"https:\/\/isve.com\/fr\/equipements-traitement-bois\/vaporisateurs-electriques\/#primaryimage"},"thumbnailUrl":"https:\/\/isve.com\/wp-content\/uploads\/Vapo\/iz\/Vaporizzatori-1.jpg","datePublished":"2019-12-18T18:33:41+00:00","dateModified":"2025-04-15T10:05:48+00:00","breadcrumb":{"@id":"https:\/\/isve.com\/fr\/equipements-traitement-bois\/vaporisateurs-electriques\/#breadcrumb"},"inLanguage":"fr-FR","potentialAction":[{"@type":"ReadAction","target":["https:\/\/isve.com\/fr\/equipements-traitement-bois\/vaporisateurs-electriques\/"]}]},{"@type":"ImageObject","inLanguage":"fr-FR","@id":"https:\/\/isve.com\/fr\/equipements-traitement-bois\/vaporisateurs-electriques\/#primaryimage","url":"https:\/\/isve.com\/wp-content\/uploads\/Vapo\/iz\/Vaporizzatori-1.jpg","contentUrl":"https:\/\/isve.com\/wp-content\/uploads\/Vapo\/iz\/Vaporizzatori-1.jpg","width":1174,"height":398},{"@type":"BreadcrumbList","@id":"https:\/\/isve.com\/fr\/equipements-traitement-bois\/vaporisateurs-electriques\/#breadcrumb","itemListElement":[{"@type":"ListItem","position":1,"name":"Home","item":"https:\/\/isve.com\/fr\/"},{"@type":"ListItem","position":2,"name":"Produits Wood","item":"https:\/\/isve.com\/fr\/equipements-traitement-bois\/"},{"@type":"ListItem","position":3,"name":"Vaporisateurs \u00e9lectriques"}]},{"@type":"WebSite","@id":"https:\/\/isve.com\/fr\/#website","url":"https:\/\/isve.com\/fr\/","name":"ISVE S.p.A.","description":"Syst\u00e8mes de traitement du bois et pour dechiquetage broyage granulation","publisher":{"@id":"https:\/\/isve.com\/fr\/#organization"},"potentialAction":[{"@type":"SearchAction","target":{"@type":"EntryPoint","urlTemplate":"https:\/\/isve.com\/fr\/?s={search_term_string}"},"query-input":{"@type":"PropertyValueSpecification","valueRequired":true,"valueName":"search_term_string"}}],"inLanguage":"fr-FR"},{"@type":"Organization","@id":"https:\/\/isve.com\/fr\/#organization","name":"ISVE S.p.A.","url":"https:\/\/isve.com\/fr\/","logo":{"@type":"ImageObject","inLanguage":"fr-FR","@id":"https:\/\/isve.com\/fr\/#\/schema\/logo\/image\/","url":"https:\/\/isve.com\/wp-content\/uploads\/2026\/01\/logo-isve-spa.png","contentUrl":"https:\/\/isve.com\/wp-content\/uploads\/2026\/01\/logo-isve-spa.png","width":600,"height":173,"caption":"ISVE S.p.A."},"image":{"@id":"https:\/\/isve.com\/fr\/#\/schema\/logo\/image\/"},"sameAs":["https:\/\/www.linkedin.com\/company\/69445471","https:\/\/www.youtube.com\/@isves.p.a.8894"]}]}},"_links":{"self":[{"href":"https:\/\/isve.com\/fr\/wp-json\/wp\/v2\/pages\/14724","targetHints":{"allow":["GET"]}}],"collection":[{"href":"https:\/\/isve.com\/fr\/wp-json\/wp\/v2\/pages"}],"about":[{"href":"https:\/\/isve.com\/fr\/wp-json\/wp\/v2\/types\/page"}],"author":[{"embeddable":true,"href":"https:\/\/isve.com\/fr\/wp-json\/wp\/v2\/users\/1"}],"replies":[{"embeddable":true,"href":"https:\/\/isve.com\/fr\/wp-json\/wp\/v2\/comments?post=14724"}],"version-history":[{"count":0,"href":"https:\/\/isve.com\/fr\/wp-json\/wp\/v2\/pages\/14724\/revisions"}],"up":[{"embeddable":true,"href":"https:\/\/isve.com\/fr\/wp-json\/wp\/v2\/pages\/15965"}],"wp:featuredmedia":[{"embeddable":true,"href":"https:\/\/isve.com\/fr\/wp-json\/wp\/v2\/media\/14618"}],"wp:attachment":[{"href":"https:\/\/isve.com\/fr\/wp-json\/wp\/v2\/media?parent=14724"}],"wp:term":[{"taxonomy":"post_tag","embeddable":true,"href":"https:\/\/isve.com\/fr\/wp-json\/wp\/v2\/tags?post=14724"},{"taxonomy":"impaginazione","embeddable":true,"href":"https:\/\/isve.com\/fr\/wp-json\/wp\/v2\/impaginazione?post=14724"},{"taxonomy":"divisione","embeddable":true,"href":"https:\/\/isve.com\/fr\/wp-json\/wp\/v2\/divisione?post=14724"},{"taxonomy":"categorie_modelli","embeddable":true,"href":"https:\/\/isve.com\/fr\/wp-json\/wp\/v2\/categorie_modelli?post=14724"}],"curies":[{"name":"wp","href":"https:\/\/api.w.org\/{rel}","templated":true}]}}