{"id":14715,"date":"2019-12-14T15:59:52","date_gmt":"2019-12-14T14:59:52","guid":{"rendered":"https:\/\/isve.com\/sechoirs-bois-em\/sechoirs-modele-em2v-et-em5v\/"},"modified":"2025-04-15T13:00:37","modified_gmt":"2025-04-15T11:00:37","slug":"sechoirs-modele-em2v-et-em5v","status":"publish","type":"page","link":"https:\/\/isve.com\/fr\/equipements-traitement-bois\/sechoirs-bois-em\/sechoirs-modele-em2v-et-em5v\/","title":{"rendered":"S\u00e9choirs mod\u00e8le EM2V et EM5V"},"content":{"rendered":"<h2><strong>Pour les ateliers de menuiserie de petites et moyennes dimensions<\/strong><\/h2>\n<p>Le\u00a0<strong>s\u00e9choir sous vide<\/strong> ISVE EM2V et EM5V a \u00e9t\u00e9 con\u00e7u et r\u00e9alis\u00e9 express\u00e9ment <strong>pour les ateliers de menuiserie de petites et moyennes dimensions<\/strong>, avec des modestes quantit\u00e9s de bois \u00e0 s\u00e9cher, mais avec des exigences de qualit\u00e9 \u00e9lev\u00e9es et des temps de s\u00e9chage restreints.<\/p>\n<p>L\u2019installation est dot\u00e9e d&#8217;un ordinateur de conduction capable de faciliter la <strong>programmation du processus<\/strong> sans aucune difficult\u00e9 d&#8217;apprentissage de la technologie.<br \/>\nCe syst\u00e8me(Vacutronic) permet de proc\u00e9der avec trois modalit\u00e9s diff\u00e9rentes:<\/p>\n<ul>\n<li>totalement automatique;<\/li>\n<li>semi-automatique;<\/li>\n<li>manuelle.<\/li>\n<\/ul>\n<p>La variation de chaque param\u00e8tre peut \u00eatre visualis\u00e9e en connectant l&#8217;<strong>ordinateur<\/strong> du s\u00e9choir \u00e0 un simple micro-ordinateur avec syst\u00e8me d\u2019exploitation Windows. Avec ce syst\u00e8me, en plus du contr\u00f4le \u00e0 distance du cycle, on pourra archiver toutes les phases du processus.<\/p>\n<p>L&#8217;installation, qui fonctionne \u00e0 <strong>basses temp\u00e9ratures<\/strong>, permet l&#8217;\u00e9vaporation de l&#8217;eau contenue dans le bois \u00e0 traiter sans le soumettre \u00e0 des sauts thermiques qui peuvent causer des <strong>fissures<\/strong> et des <strong>d\u00e9formations<\/strong>.<\/p>\n<p>L&#8217;eau \u00e9vapor\u00e9e qui reste en suspension dans l&#8217;enceinte maintient continuellement humidifi\u00e9s les surfaces du mat\u00e9riel en s\u00e9chage, en \u00e9vitant ainsi la formation des petites fissures que l&#8217;on trouve fr\u00e9quemment avec d&#8217;autres syst\u00e8mes de s\u00e9chage. Le gradient d&#8217;<strong>humidit\u00e9<\/strong> n\u00e9cessaire entre ambiance et mat\u00e9riel, est <strong>constamment<\/strong> maintenu au moyen d&#8217;un condensateur qui fait pr\u00e9cipiter la vapeur en suspension.<\/p>\n<p>Le conditionnement de la chambre de s\u00e9chage est maintenu au moyen d\u2019un \u00e9lectroventilateur avec des r\u00e9sistances \u00e9lectriques qui chauffent l\u2019air qui circule dans la pile. Ce conditionnement ambiant d\u00e9clenche le processus de transmigration de l&#8217;eau \u00e0 travers les parois cellulaires du bois, de l&#8217;int\u00e9rieur vers la surface, d&#8217;o\u00f9 l&#8217;eau est \u00e9vapor\u00e9e ensuite jusqu&#8217;\u00e0 atteindre les conditions de s\u00e9chage souhait\u00e9es.<\/p>\n<p>L&#8217;<strong>eau de condensation<\/strong> qui se d\u00e9pose sur le fond de l&#8217;autoclave est p\u00e9riodiquement expuls\u00e9e pour maintenir constantes les conditions ambiantes.<\/p>\n<h2><strong>Avantages principaux<\/strong><\/h2>\n<ul>\n<li><strong>RAPIDITE DE SECHAGE<\/strong>\u00a0gr\u00e2ce \u00e0:<br \/>\nproc\u00e9dure dans l&#8217;absence d&#8217;air et \u00e0 basses temp\u00e9ratures qui permet des r\u00e9ductions des temps jamais atteintes avec aucune autre installation.<\/li>\n<li><strong>RESULTATS PARFAITS<\/strong>\u00a0gr\u00e2ce \u00e0:<br \/>\nabsence des sensibles d\u00e9formations et des fissures;<br \/>\nabsence d&#8217;alt\u00e9rations de la couleur;<br \/>\nabsences des tensions internes;<br \/>\nr\u00e9sistance inalt\u00e9r\u00e9e du mat\u00e9riel s\u00e9ch\u00e9.<\/li>\n<li><strong>POSSIBILITE DE SECHER<\/strong>:<br \/>\ndu mat\u00e9riel avec des \u00e9paisseurs \u00e9lev\u00e9es et avec l&#8217;humidit\u00e9 maximale;<br \/>\nplanches de tous les types et essences;<br \/>\nproduits semi-ouvr\u00e9s.<\/li>\n<li><strong>FAIBLES COUTS D&#8217;EXERCICE<\/strong>\u00a0gr\u00e2ce \u00e0:<br \/>\ndes pertes thermiques minimales;<br \/>\nune utilisation rationnelle de l&#8217;\u00e9nergie thermique et \u00e9lectrique;<br \/>\naucun besoin d&#8217;interventions manuelles.<\/li>\n<li><strong>FAIBLES COUTS D&#8217;ENTRETIEN<\/strong>\u00a0gr\u00e2ce \u00e0:<br \/>\nune construction simple et rationnelle;<br \/>\ndes simples dispositifs d&#8217;automation;<br \/>\ndes mat\u00e9riaux anticorrosion.<\/li>\n<\/ul>\n<p>&nbsp;<\/p>\n<h2><strong>Caract\u00e9ristiques principales des S\u00e9choirs EM2V e EM5V<\/strong><\/h2>\n<ul>\n<li>Autoclave:<br \/>\n&#8211; en acier inox AISI 304;<br \/>\n&#8211; rev\u00eatement isolant en mat\u00e9riel isolant d&#8217;une \u00e9paisseur \u00e9gal \u00e0 50 mm.<\/li>\n<li>Tableau \u00e9lectrique de commande avec microprocesseur pour la gestion en automatique du s\u00e9chage et de son arr\u00eat.<\/li>\n<li>Sondes de contr\u00f4le de l&#8217;humidit\u00e9 d&#8217;un \u00e9l\u00e9ment \u00e9talon.<\/li>\n<li>Chariot \u00e0 extraction manuelle avec les caract\u00e9ristiques suivantes:<br \/>\n&#8211; capacit\u00e9 \u00e9quivalant \u00e0 une pile de 700&#215;700 mm d&#8217;une longueur de 6.000 mm<br \/>\n&#8211; rails externes pour le glissement du chariot.<\/li>\n<li>Chauffage r\u00e9alis\u00e9 au moyen de 3 r\u00e9sistances situ\u00e9es sur le fond de l&#8217;autoclave.<\/li>\n<li>Pompe \u00e0 vide hydraulique avec syst\u00e8me de condensation.<\/li>\n<li>Syst\u00e8me d&#8217;humidification avec g\u00e9n\u00e9rateur de la vapeur.<\/li>\n<li>Ventilateur de diam\u00e8tre \u00e9gal \u00e0 600 mm.<\/li>\n<li>T\u00f4les en aluminium, \u00e9paisseur 20 mm<\/li>\n<\/ul>\n","protected":false},"excerpt":{"rendered":"<p>Pour les ateliers de menuiserie de petites et moyennes dimensions Le\u00a0s\u00e9choir sous vide ISVE EM2V et EM5V a \u00e9t\u00e9 con\u00e7u et r\u00e9alis\u00e9 express\u00e9ment pour les ateliers de menuiserie de petites et moyennes dimensions, avec des modestes quantit\u00e9s de bois \u00e0 s\u00e9cher, mais avec des exigences de qualit\u00e9 \u00e9lev\u00e9es et des temps de s\u00e9chage restreints. L\u2019installation&hellip;<\/p>\n","protected":false},"author":1,"featured_media":14455,"parent":14709,"menu_order":195,"comment_status":"closed","ping_status":"closed","template":"","meta":{"_acf_changed":false,"footnotes":""},"tags":[],"impaginazione":[3692],"divisione":[3690],"categorie_modelli":[3722],"class_list":["post-14715","page","type-page","status-publish","has-post-thumbnail","hentry","impaginazione-modello-prodotto","divisione-isve-wood","categorie_modelli-essiccatoi-legno-em","description-off"],"acf":[],"yoast_head":"<!-- This site is optimized with the Yoast SEO plugin v27.4 - https:\/\/yoast.com\/product\/yoast-seo-wordpress\/ -->\n<title>S\u00e9choirs mod\u00e8le EM2V et EM5V - ISVE SpA - Traitement du bois - Recyclage - Broyeurs Granulateurs<\/title>\n<meta name=\"robots\" content=\"index, follow, max-snippet:-1, max-image-preview:large, max-video-preview:-1\" \/>\n<link rel=\"canonical\" href=\"https:\/\/isve.com\/fr\/equipements-traitement-bois\/sechoirs-bois-em\/sechoirs-modele-em2v-et-em5v\/\" \/>\n<meta property=\"og:locale\" content=\"fr_FR\" \/>\n<meta property=\"og:type\" content=\"article\" \/>\n<meta property=\"og:title\" content=\"S\u00e9choirs mod\u00e8le EM2V et EM5V - ISVE SpA - Traitement du bois - Recyclage - Broyeurs Granulateurs\" \/>\n<meta property=\"og:description\" content=\"Pour les ateliers de menuiserie de petites et moyennes dimensions Le\u00a0s\u00e9choir sous vide ISVE EM2V et EM5V a \u00e9t\u00e9 con\u00e7u et r\u00e9alis\u00e9 express\u00e9ment pour les ateliers de menuiserie de petites et moyennes dimensions, avec des modestes quantit\u00e9s de bois \u00e0 s\u00e9cher, mais avec des exigences de qualit\u00e9 \u00e9lev\u00e9es et des temps de s\u00e9chage restreints. L\u2019installation&hellip;\" \/>\n<meta property=\"og:url\" content=\"https:\/\/isve.com\/fr\/equipements-traitement-bois\/sechoirs-bois-em\/sechoirs-modele-em2v-et-em5v\/\" \/>\n<meta property=\"og:site_name\" content=\"ISVE SpA - Traitement du bois - Recyclage - Broyeurs Granulateurs\" \/>\n<meta property=\"article:modified_time\" content=\"2025-04-15T11:00:37+00:00\" \/>\n<meta property=\"og:image\" content=\"https:\/\/isve.com\/wp-content\/uploads\/essi\/ca\/essiccatoi_em2v-em5v.png\" \/>\n\t<meta property=\"og:image:width\" content=\"874\" \/>\n\t<meta property=\"og:image:height\" content=\"301\" \/>\n\t<meta property=\"og:image:type\" content=\"image\/png\" \/>\n<meta name=\"twitter:card\" content=\"summary_large_image\" \/>\n<meta name=\"twitter:label1\" content=\"Dur\u00e9e de lecture estim\u00e9e\" \/>\n\t<meta name=\"twitter:data1\" content=\"3 minutes\" \/>\n<script type=\"application\/ld+json\" class=\"yoast-schema-graph\">{\"@context\":\"https:\\\/\\\/schema.org\",\"@graph\":[{\"@type\":\"WebPage\",\"@id\":\"https:\\\/\\\/isve.com\\\/fr\\\/equipements-traitement-bois\\\/sechoirs-bois-em\\\/sechoirs-modele-em2v-et-em5v\\\/\",\"url\":\"https:\\\/\\\/isve.com\\\/fr\\\/equipements-traitement-bois\\\/sechoirs-bois-em\\\/sechoirs-modele-em2v-et-em5v\\\/\",\"name\":\"S\u00e9choirs mod\u00e8le EM2V et EM5V - ISVE SpA - Traitement du bois - Recyclage - Broyeurs Granulateurs\",\"isPartOf\":{\"@id\":\"https:\\\/\\\/isve.com\\\/fr\\\/#website\"},\"primaryImageOfPage\":{\"@id\":\"https:\\\/\\\/isve.com\\\/fr\\\/equipements-traitement-bois\\\/sechoirs-bois-em\\\/sechoirs-modele-em2v-et-em5v\\\/#primaryimage\"},\"image\":{\"@id\":\"https:\\\/\\\/isve.com\\\/fr\\\/equipements-traitement-bois\\\/sechoirs-bois-em\\\/sechoirs-modele-em2v-et-em5v\\\/#primaryimage\"},\"thumbnailUrl\":\"https:\\\/\\\/isve.com\\\/wp-content\\\/uploads\\\/essi\\\/ca\\\/essiccatoi_em2v-em5v.png\",\"datePublished\":\"2019-12-14T14:59:52+00:00\",\"dateModified\":\"2025-04-15T11:00:37+00:00\",\"breadcrumb\":{\"@id\":\"https:\\\/\\\/isve.com\\\/fr\\\/equipements-traitement-bois\\\/sechoirs-bois-em\\\/sechoirs-modele-em2v-et-em5v\\\/#breadcrumb\"},\"inLanguage\":\"fr-FR\",\"potentialAction\":[{\"@type\":\"ReadAction\",\"target\":[\"https:\\\/\\\/isve.com\\\/fr\\\/equipements-traitement-bois\\\/sechoirs-bois-em\\\/sechoirs-modele-em2v-et-em5v\\\/\"]}]},{\"@type\":\"ImageObject\",\"inLanguage\":\"fr-FR\",\"@id\":\"https:\\\/\\\/isve.com\\\/fr\\\/equipements-traitement-bois\\\/sechoirs-bois-em\\\/sechoirs-modele-em2v-et-em5v\\\/#primaryimage\",\"url\":\"https:\\\/\\\/isve.com\\\/wp-content\\\/uploads\\\/essi\\\/ca\\\/essiccatoi_em2v-em5v.png\",\"contentUrl\":\"https:\\\/\\\/isve.com\\\/wp-content\\\/uploads\\\/essi\\\/ca\\\/essiccatoi_em2v-em5v.png\",\"width\":874,\"height\":301},{\"@type\":\"BreadcrumbList\",\"@id\":\"https:\\\/\\\/isve.com\\\/fr\\\/equipements-traitement-bois\\\/sechoirs-bois-em\\\/sechoirs-modele-em2v-et-em5v\\\/#breadcrumb\",\"itemListElement\":[{\"@type\":\"ListItem\",\"position\":1,\"name\":\"Home\",\"item\":\"https:\\\/\\\/isve.com\\\/fr\\\/\"},{\"@type\":\"ListItem\",\"position\":2,\"name\":\"Produits Wood\",\"item\":\"https:\\\/\\\/isve.com\\\/fr\\\/equipements-traitement-bois\\\/\"},{\"@type\":\"ListItem\",\"position\":3,\"name\":\"Mod\u00e8les \u2013 S\u00e9choirs du bois EM\",\"item\":\"https:\\\/\\\/isve.com\\\/fr\\\/equipements-traitement-bois\\\/sechoirs-bois-em\\\/\"},{\"@type\":\"ListItem\",\"position\":4,\"name\":\"S\u00e9choirs mod\u00e8le EM2V et EM5V\"}]},{\"@type\":\"WebSite\",\"@id\":\"https:\\\/\\\/isve.com\\\/fr\\\/#website\",\"url\":\"https:\\\/\\\/isve.com\\\/fr\\\/\",\"name\":\"ISVE S.p.A.\",\"description\":\"Syst\u00e8mes de traitement du bois et pour dechiquetage broyage granulation\",\"publisher\":{\"@id\":\"https:\\\/\\\/isve.com\\\/fr\\\/#organization\"},\"potentialAction\":[{\"@type\":\"SearchAction\",\"target\":{\"@type\":\"EntryPoint\",\"urlTemplate\":\"https:\\\/\\\/isve.com\\\/fr\\\/?s={search_term_string}\"},\"query-input\":{\"@type\":\"PropertyValueSpecification\",\"valueRequired\":true,\"valueName\":\"search_term_string\"}}],\"inLanguage\":\"fr-FR\"},{\"@type\":\"Organization\",\"@id\":\"https:\\\/\\\/isve.com\\\/fr\\\/#organization\",\"name\":\"ISVE S.p.A.\",\"url\":\"https:\\\/\\\/isve.com\\\/fr\\\/\",\"logo\":{\"@type\":\"ImageObject\",\"inLanguage\":\"fr-FR\",\"@id\":\"https:\\\/\\\/isve.com\\\/fr\\\/#\\\/schema\\\/logo\\\/image\\\/\",\"url\":\"https:\\\/\\\/isve.com\\\/wp-content\\\/uploads\\\/2026\\\/01\\\/logo-isve-spa.png\",\"contentUrl\":\"https:\\\/\\\/isve.com\\\/wp-content\\\/uploads\\\/2026\\\/01\\\/logo-isve-spa.png\",\"width\":600,\"height\":173,\"caption\":\"ISVE S.p.A.\"},\"image\":{\"@id\":\"https:\\\/\\\/isve.com\\\/fr\\\/#\\\/schema\\\/logo\\\/image\\\/\"},\"sameAs\":[\"https:\\\/\\\/www.linkedin.com\\\/company\\\/69445471\",\"https:\\\/\\\/www.youtube.com\\\/@isves.p.a.8894\"]}]}<\/script>\n<!-- \/ Yoast SEO plugin. -->","yoast_head_json":{"title":"S\u00e9choirs mod\u00e8le EM2V et EM5V - ISVE SpA - Traitement du bois - Recyclage - Broyeurs Granulateurs","robots":{"index":"index","follow":"follow","max-snippet":"max-snippet:-1","max-image-preview":"max-image-preview:large","max-video-preview":"max-video-preview:-1"},"canonical":"https:\/\/isve.com\/fr\/equipements-traitement-bois\/sechoirs-bois-em\/sechoirs-modele-em2v-et-em5v\/","og_locale":"fr_FR","og_type":"article","og_title":"S\u00e9choirs mod\u00e8le EM2V et EM5V - ISVE SpA - Traitement du bois - Recyclage - Broyeurs Granulateurs","og_description":"Pour les ateliers de menuiserie de petites et moyennes dimensions Le\u00a0s\u00e9choir sous vide ISVE EM2V et EM5V a \u00e9t\u00e9 con\u00e7u et r\u00e9alis\u00e9 express\u00e9ment pour les ateliers de menuiserie de petites et moyennes dimensions, avec des modestes quantit\u00e9s de bois \u00e0 s\u00e9cher, mais avec des exigences de qualit\u00e9 \u00e9lev\u00e9es et des temps de s\u00e9chage restreints. L\u2019installation&hellip;","og_url":"https:\/\/isve.com\/fr\/equipements-traitement-bois\/sechoirs-bois-em\/sechoirs-modele-em2v-et-em5v\/","og_site_name":"ISVE SpA - Traitement du bois - Recyclage - Broyeurs Granulateurs","article_modified_time":"2025-04-15T11:00:37+00:00","og_image":[{"width":874,"height":301,"url":"https:\/\/isve.com\/wp-content\/uploads\/essi\/ca\/essiccatoi_em2v-em5v.png","type":"image\/png"}],"twitter_card":"summary_large_image","twitter_misc":{"Dur\u00e9e de lecture estim\u00e9e":"3 minutes"},"schema":{"@context":"https:\/\/schema.org","@graph":[{"@type":"WebPage","@id":"https:\/\/isve.com\/fr\/equipements-traitement-bois\/sechoirs-bois-em\/sechoirs-modele-em2v-et-em5v\/","url":"https:\/\/isve.com\/fr\/equipements-traitement-bois\/sechoirs-bois-em\/sechoirs-modele-em2v-et-em5v\/","name":"S\u00e9choirs mod\u00e8le EM2V et EM5V - ISVE SpA - Traitement du bois - Recyclage - Broyeurs Granulateurs","isPartOf":{"@id":"https:\/\/isve.com\/fr\/#website"},"primaryImageOfPage":{"@id":"https:\/\/isve.com\/fr\/equipements-traitement-bois\/sechoirs-bois-em\/sechoirs-modele-em2v-et-em5v\/#primaryimage"},"image":{"@id":"https:\/\/isve.com\/fr\/equipements-traitement-bois\/sechoirs-bois-em\/sechoirs-modele-em2v-et-em5v\/#primaryimage"},"thumbnailUrl":"https:\/\/isve.com\/wp-content\/uploads\/essi\/ca\/essiccatoi_em2v-em5v.png","datePublished":"2019-12-14T14:59:52+00:00","dateModified":"2025-04-15T11:00:37+00:00","breadcrumb":{"@id":"https:\/\/isve.com\/fr\/equipements-traitement-bois\/sechoirs-bois-em\/sechoirs-modele-em2v-et-em5v\/#breadcrumb"},"inLanguage":"fr-FR","potentialAction":[{"@type":"ReadAction","target":["https:\/\/isve.com\/fr\/equipements-traitement-bois\/sechoirs-bois-em\/sechoirs-modele-em2v-et-em5v\/"]}]},{"@type":"ImageObject","inLanguage":"fr-FR","@id":"https:\/\/isve.com\/fr\/equipements-traitement-bois\/sechoirs-bois-em\/sechoirs-modele-em2v-et-em5v\/#primaryimage","url":"https:\/\/isve.com\/wp-content\/uploads\/essi\/ca\/essiccatoi_em2v-em5v.png","contentUrl":"https:\/\/isve.com\/wp-content\/uploads\/essi\/ca\/essiccatoi_em2v-em5v.png","width":874,"height":301},{"@type":"BreadcrumbList","@id":"https:\/\/isve.com\/fr\/equipements-traitement-bois\/sechoirs-bois-em\/sechoirs-modele-em2v-et-em5v\/#breadcrumb","itemListElement":[{"@type":"ListItem","position":1,"name":"Home","item":"https:\/\/isve.com\/fr\/"},{"@type":"ListItem","position":2,"name":"Produits Wood","item":"https:\/\/isve.com\/fr\/equipements-traitement-bois\/"},{"@type":"ListItem","position":3,"name":"Mod\u00e8les \u2013 S\u00e9choirs du bois EM","item":"https:\/\/isve.com\/fr\/equipements-traitement-bois\/sechoirs-bois-em\/"},{"@type":"ListItem","position":4,"name":"S\u00e9choirs mod\u00e8le EM2V et EM5V"}]},{"@type":"WebSite","@id":"https:\/\/isve.com\/fr\/#website","url":"https:\/\/isve.com\/fr\/","name":"ISVE S.p.A.","description":"Syst\u00e8mes de traitement du bois et pour dechiquetage broyage granulation","publisher":{"@id":"https:\/\/isve.com\/fr\/#organization"},"potentialAction":[{"@type":"SearchAction","target":{"@type":"EntryPoint","urlTemplate":"https:\/\/isve.com\/fr\/?s={search_term_string}"},"query-input":{"@type":"PropertyValueSpecification","valueRequired":true,"valueName":"search_term_string"}}],"inLanguage":"fr-FR"},{"@type":"Organization","@id":"https:\/\/isve.com\/fr\/#organization","name":"ISVE S.p.A.","url":"https:\/\/isve.com\/fr\/","logo":{"@type":"ImageObject","inLanguage":"fr-FR","@id":"https:\/\/isve.com\/fr\/#\/schema\/logo\/image\/","url":"https:\/\/isve.com\/wp-content\/uploads\/2026\/01\/logo-isve-spa.png","contentUrl":"https:\/\/isve.com\/wp-content\/uploads\/2026\/01\/logo-isve-spa.png","width":600,"height":173,"caption":"ISVE S.p.A."},"image":{"@id":"https:\/\/isve.com\/fr\/#\/schema\/logo\/image\/"},"sameAs":["https:\/\/www.linkedin.com\/company\/69445471","https:\/\/www.youtube.com\/@isves.p.a.8894"]}]}},"_links":{"self":[{"href":"https:\/\/isve.com\/fr\/wp-json\/wp\/v2\/pages\/14715","targetHints":{"allow":["GET"]}}],"collection":[{"href":"https:\/\/isve.com\/fr\/wp-json\/wp\/v2\/pages"}],"about":[{"href":"https:\/\/isve.com\/fr\/wp-json\/wp\/v2\/types\/page"}],"author":[{"embeddable":true,"href":"https:\/\/isve.com\/fr\/wp-json\/wp\/v2\/users\/1"}],"replies":[{"embeddable":true,"href":"https:\/\/isve.com\/fr\/wp-json\/wp\/v2\/comments?post=14715"}],"version-history":[{"count":0,"href":"https:\/\/isve.com\/fr\/wp-json\/wp\/v2\/pages\/14715\/revisions"}],"up":[{"embeddable":true,"href":"https:\/\/isve.com\/fr\/wp-json\/wp\/v2\/pages\/14709"}],"wp:featuredmedia":[{"embeddable":true,"href":"https:\/\/isve.com\/fr\/wp-json\/wp\/v2\/media\/14455"}],"wp:attachment":[{"href":"https:\/\/isve.com\/fr\/wp-json\/wp\/v2\/media?parent=14715"}],"wp:term":[{"taxonomy":"post_tag","embeddable":true,"href":"https:\/\/isve.com\/fr\/wp-json\/wp\/v2\/tags?post=14715"},{"taxonomy":"impaginazione","embeddable":true,"href":"https:\/\/isve.com\/fr\/wp-json\/wp\/v2\/impaginazione?post=14715"},{"taxonomy":"divisione","embeddable":true,"href":"https:\/\/isve.com\/fr\/wp-json\/wp\/v2\/divisione?post=14715"},{"taxonomy":"categorie_modelli","embeddable":true,"href":"https:\/\/isve.com\/fr\/wp-json\/wp\/v2\/categorie_modelli?post=14715"}],"curies":[{"name":"wp","href":"https:\/\/api.w.org\/{rel}","templated":true}]}}